{"id":42079,"date":"2018-04-16T10:56:17","date_gmt":"2018-04-16T10:56:17","guid":{"rendered":"https:\/\/business.roovi.com\/puzzle-adulti-1000-piese-wassily-kandinsky-yellow-red-blue\/p\/"},"modified":"2022-07-06T18:44:58","modified_gmt":"2022-07-06T18:44:58","slug":"1000-darab-wassily-kandinsky-felnott-puzzle-sarga-piros-kek","status":"publish","type":"product","link":"https:\/\/business.roovi.com\/hu\/1000-darab-wassily-kandinsky-felnott-puzzle-sarga-piros-kek\/p\/","title":{"rendered":"1000 darab Wassily Kandinsky feln\u0151tt puzzle &#8211; s\u00e1rga- piros-k\u00e9k"},"content":{"rendered":"<p><span style=\"font-weight: 400\">\u00dcdv\u00f6z\u00f6lj\u00fck az 1000 darabos rejtv\u00e9nyek legnagyobb m\u0171v\u00e9szeti gal\u00e9ri\u00e1j\u00e1ban! Virtu\u00e1lisan s\u00e9t\u00e1lj v\u00e9gig t\u00f6bb sz\u00e1z m\u0171v\u00e9szi puzzle-designon, v\u00e1laszd ki a kedvenceidet, \u00e9s hozd l\u00e9tre saj\u00e1t 1000 darabos puzzle-festm\u00e9nygy\u0171jtem\u00e9nyedet.<\/span><\/p>\n<p><span style=\"font-weight: 400\">A m\u0171v\u00e9szeti puzzle-k\u00e9pek gy\u0171jtem\u00e9ny\u00e9b\u0151l nem hi\u00e1nyozhat a Wassily Kandinsky &#8211; Yellow-Red-Blue\/Yellow-Red-Blue 1000 darabos kirak\u00f3s &#8211; egy olyan m\u0171, amely a form\u00e1kon \u00e9s sz\u00edneken t\u00falmutat\u00f3 m\u00e9ly gondolkod\u00e1sra h\u00edvja fel a figyelmedet. Kandinszkij festm\u00e9nyei tele vannak pszichol\u00f3giai, \u00e9rzelmi vagy vall\u00e1si szimb\u00f3lumokkal.<\/span><\/p>\n<p><span style=\"font-weight: 400\">Merje megtapasztalni a m\u00e9ly relax\u00e1ci\u00f3 \u00e1llapot\u00e1t egy h\u00edres m\u0171alkot\u00e1s t\u00e1rsas\u00e1g\u00e1ban. Vegy\u00e9l el\u0151 egy hagyom\u00e1nyos doh\u00e1nyz\u00f3asztalt, \u00e9s kezdd el \u00f6sszerakni az els\u0151 absztrakt festm\u00e9nyt a m\u0171v\u00e9szi kirak\u00f3s gy\u0171jtem\u00e9nyedben. A kapott k\u00e9p 50 x 70 cm-es.<\/span><\/p>\n<p><span style=\"font-weight: 400\">Tov\u00e1bbi inform\u00e1ci\u00f3k a Wassily Kandinsky 1000 darabos puzzle &#8211; S\u00e1rga-K\u00f6r\u00f6s-K\u00e9k \/ Yellow-Red-Blue:<\/span><\/p>\n<p><strong>Puzzle anyag <\/strong><\/p>\n<p><strong>kiv\u00e1l\u00f3 min\u0151s\u00e9g\u0171 k\u00e9k karton<\/strong><\/p>\n<p><strong>fenntarthat\u00f3, \u00fajrahasznos\u00edthat\u00f3 anyagok<\/strong><\/p>\n<p><strong>f\u00e9lf\u00e9nyes kivitel, \u00e9l\u00e9nk sz\u00ednek<\/strong><\/p>\n<p><strong>A kirak\u00f3s darabok sz\u00e1ma: 1000<\/strong><\/p>\n<p><strong>Aj\u00e1nlott \u00e9letkor: 14+<\/strong><\/p>\n<p><strong>A feln\u0151tt rejtv\u00e9nyek a logikus gondolkod\u00e1st edzik<\/strong><\/p>\n<p><span style=\"font-weight: 400\">Az 1000 darabos rejtv\u00e9nyek logikai j\u00e1t\u00e9kok. Minden egyes darabnak megvan a maga helye, \u00e9s ahhoz, hogy a teljes k\u00e9pet rekonstru\u00e1ljuk, meg kell tal\u00e1lnunk az \u00f6sszes darab logikus sorrendj\u00e9t. Napi gyakorl\u00e1ssal j\u00f3 strat\u00e9g\u00e1v\u00e1 v\u00e1lhatsz, \u00e9s cs\u00f6kkentheted az 1000 darabos puzzle \u00f6sszeszerel\u00e9si idej\u00e9t. Ezenk\u00edv\u00fcl ezt a k\u00e9szs\u00e9get m\u00e1s logikai probl\u00e9m\u00e1k megold\u00e1s\u00e1ra is haszn\u00e1lni fogja, amelyekkel a mindennapi munk\u00e1ja sor\u00e1n szembes\u00fcl.<\/span><\/p>\n<p><span style=\"font-weight: 400\">Egy\u00e9b k\u00e9szs\u00e9gek, amelyeket a kirak\u00f3s j\u00e1t\u00e9koknak k\u00f6sz\u00f6nhet\u0151en fejleszthetsz:<\/span><\/p>\n<ul>\n<li><span style=\"font-weight: 400\">Mem\u00f3ria<\/span><\/li>\n<li><span style=\"font-weight: 400\">Figyelem a r\u00e9szletekre<\/span><\/li>\n<li><span style=\"font-weight: 400\">Kitart\u00e1s<\/span><\/li>\n<li><span style=\"font-weight: 400\">K\u00e9pzelet<\/span><\/li>\n<\/ul>\n<p><strong>A  oldalr\u00f3l <\/strong><strong><em>S\u00e1rga-piros-k\u00e9k <\/em><\/strong><strong>tudtad ezt?<\/strong><\/p>\n<p><span style=\"font-weight: 400\">Ez Kandinszkij egyik legismertebb \u00e9s legelismertebb m\u0171ve<\/span><\/p>\n<p><span style=\"font-weight: 400\">A festm\u00e9ny k\u00e9t r\u00e9szre van osztva: a bal oldalon t\u00e9glalapok, n\u00e9gyzetek \u00e9s egyenes vonalak l\u00e1that\u00f3ak vil\u00e1gos sz\u00ednekben, a jobb oldalon pedig absztrakt form\u00e1k \u00e9s s\u00f6t\u00e9t sz\u00ednek.<\/span><\/p>\n<p><span style=\"font-weight: 400\">Via <\/span><em><span style=\"font-weight: 400\">S\u00e1rga-piros-k\u00e9k<\/span><\/em><span style=\"font-weight: 400\">kandinszkij elhat\u00e1rol\u00f3dik att\u00f3l a konstruktivizmust\u00f3l, amely jellemz\u0151 volt arra a korszakra, amelyben ezt a m\u0171vet alkotta.<\/span><\/p>\n<p><span style=\"font-weight: 400\">Kandinszkij arra t\u00f6rekedett, hogy m\u0171veivel \u00e9rzelmi reakci\u00f3t vagy kapcsolatot id\u00e9zzen el\u0151 a n\u00e9z\u0151 \u00e9s a festm\u00e9ny k\u00f6z\u00f6tt.<\/span><\/p>\n<p><span style=\"font-weight: 400\">A fest\u0151t a sz\u00ednek \u00e9s a zene inspir\u00e1lt\u00e1k, \u00e9s k\u00e9t szenved\u00e9ly\u00e9t \u00f6tv\u00f6zve olyan absztrakt st\u00edlust teremtett, amely sokkolta kort\u00e1rsait.<\/span><\/p>\n<p><strong>M\u0171v\u00e9szeti rejtv\u00e9nyek seg\u00edtenek bel\u00e9pni a h\u00edres festm\u00e9nyek vil\u00e1g\u00e1ba<\/strong><\/p>\n<p><span style=\"font-weight: 400\">Ha a kikapcsol\u00f3d\u00e1s \u00e9s az elvonatkoztat\u00e1s egyed\u00fcl\u00e1ll\u00f3 pillanataira v\u00e1gysz, a m\u0171v\u00e9szi rejtv\u00e9nyek pontosan azt jelentik, amit keresel. A h\u00edres festm\u00e9nyek k\u00e9peinek \u00fajrateremt\u00e9se \u00e9rdek\u00e9ben ak\u00e1r 30 \u00f3r\u00e1t is elt\u00f6lthet abszol\u00fat kikapcsol\u00f3d\u00e1ssal. A v\u00e9g\u00e9n a munk\u00e1j\u00e1t egy leny\u0171g\u00f6z\u0151 festm\u00e9nnyel \u00fcnnepelj\u00fck, amely mes\u00e9sen fog kin\u00e9zni bekeretezve otthona egyik fal\u00e1n.<\/span><\/p>\n<p><span style=\"font-weight: 400\">Kandinszkij \u00f6sszetett bels\u0151 vil\u00e1got festett meg k\u00e9pein. Fedezze fel szimb\u00f3lumait az 1000 darabos Wassily Kandinsky &#8211; S\u00e1rga-K\u00f6r\u00f6s-K\u00e9k \/ Yellow-Red-Blue \/ Yellow-Red-Blue puzzle seg\u00edts\u00e9g\u00e9vel. V\u00e1s\u00e1rolja meg ezt a csod\u00e1latos m\u0171v\u00e9szi puzzle-t mag\u00e1nak, vagy aj\u00e1nd\u00e9kozza meg egy puzzle-rajong\u00f3 bar\u00e1tj\u00e1t.<\/span><\/p><\/p>\n","protected":false},"excerpt":{"rendered":"<p>\u00dcdv\u00f6z\u00f6lj\u00fck az 1000 darabos rejtv\u00e9nyek legnagyobb m\u0171v\u00e9szeti gal\u00e9ri\u00e1j\u00e1ban! Virtu\u00e1lisan s\u00e9t\u00e1lj v\u00e9gig t\u00f6bb sz\u00e1z m\u0171v\u00e9szi puzzle-designon, v\u00e1laszd ki a kedvenceidet, \u00e9s<\/p>\n","protected":false},"featured_media":63547,"template":"","meta":[],"product_brand":[],"product_cat":[1920,1919,1881],"product_tag":[],"class_list":{"0":"post-42079","1":"product","2":"type-product","3":"status-publish","4":"has-post-thumbnail","6":"product_cat-1000-darabos-kirakos-jatek","7":"product_cat-felnott-kirakos-jatekok","8":"product_cat-kirakos-jatekok","9":"pa_bax-10-hu","10":"pa_brand-d_toys-hu","11":"pa_country_of_manufacture-ro-hu","12":"pa_filter_age-14-hu","13":"pa_painter-wassilykandinsky-hu","14":"pa_tip_ambalaj-doboz","15":"pa_tip_puzzle-klasszikus","17":"first","18":"instock","19":"taxable","20":"shipping-taxable","21":"product-type-simple"},"yoast_head":"<!-- This site is optimized with the Yoast SEO plugin v20.1 - https:\/\/yoast.com\/wordpress\/plugins\/seo\/ -->\n<title>1000 darab Wassily Kandinsky feln\u0151tt puzzle - s\u00e1rga- piros-k\u00e9k<\/title>\n<meta name=\"description\" content=\"1000 darab Wassily Kandinsky feln\u0151tt puzzle - s\u00e1rga- piros-k\u00e9k\" \/>\n<meta name=\"robots\" content=\"index, follow, max-snippet:-1, max-image-preview:large, max-video-preview:-1\" \/>\n<link rel=\"canonical\" href=\"https:\/\/business.roovi.com\/hu\/1000-darab-wassily-kandinsky-felnott-puzzle-sarga-piros-kek\/p\/\" \/>\n<meta property=\"og:locale\" content=\"hu_HU\" \/>\n<meta property=\"og:type\" content=\"article\" \/>\n<meta property=\"og:title\" content=\"1000 darab Wassily Kandinsky feln\u0151tt puzzle - s\u00e1rga- piros-k\u00e9k\" \/>\n<meta property=\"og:description\" content=\"1000 darab Wassily Kandinsky feln\u0151tt puzzle - s\u00e1rga- piros-k\u00e9k\" \/>\n<meta property=\"og:url\" content=\"https:\/\/business.roovi.com\/hu\/1000-darab-wassily-kandinsky-felnott-puzzle-sarga-piros-kek\/p\/\" \/>\n<meta property=\"og:site_name\" content=\"Roovi B2B\" \/>\n<meta property=\"article:publisher\" content=\"https:\/\/www.facebook.com\/wwwjucariero\" \/>\n<meta property=\"article:modified_time\" content=\"2022-07-06T18:44:58+00:00\" \/>\n<meta property=\"og:image\" content=\"https:\/\/business.roovi.com\/wp-content\/uploads\/2018\/04\/72849-03_ansamblu_dimensiuni_cutie_cm_orizontal.png\" \/>\n\t<meta property=\"og:image:width\" content=\"1200\" \/>\n\t<meta property=\"og:image:height\" content=\"1200\" \/>\n\t<meta property=\"og:image:type\" content=\"image\/png\" \/>\n<meta name=\"twitter:label1\" content=\"Becs\u00fclt olvas\u00e1si id\u0151\" \/>\n\t<meta name=\"twitter:data1\" content=\"3 perc\" \/>\n<script type=\"application\/ld+json\" class=\"yoast-schema-graph\">{\"@context\":\"https:\/\/schema.org\",\"@graph\":[{\"@type\":\"WebPage\",\"@id\":\"https:\/\/business.roovi.com\/hu\/1000-darab-wassily-kandinsky-felnott-puzzle-sarga-piros-kek\/p\/\",\"url\":\"https:\/\/business.roovi.com\/hu\/1000-darab-wassily-kandinsky-felnott-puzzle-sarga-piros-kek\/p\/\",\"name\":\"1000 darab Wassily Kandinsky feln\u0151tt puzzle - s\u00e1rga- piros-k\u00e9k\",\"isPartOf\":{\"@id\":\"https:\/\/business.roovi.com\/hu\/#website\"},\"datePublished\":\"2018-04-16T10:56:17+00:00\",\"dateModified\":\"2022-07-06T18:44:58+00:00\",\"description\":\"1000 darab Wassily Kandinsky feln\u0151tt puzzle - s\u00e1rga- piros-k\u00e9k\",\"breadcrumb\":{\"@id\":\"https:\/\/business.roovi.com\/hu\/1000-darab-wassily-kandinsky-felnott-puzzle-sarga-piros-kek\/p\/#breadcrumb\"},\"inLanguage\":\"hu\",\"potentialAction\":[{\"@type\":\"ReadAction\",\"target\":[\"https:\/\/business.roovi.com\/hu\/1000-darab-wassily-kandinsky-felnott-puzzle-sarga-piros-kek\/p\/\"]}]},{\"@type\":\"BreadcrumbList\",\"@id\":\"https:\/\/business.roovi.com\/hu\/1000-darab-wassily-kandinsky-felnott-puzzle-sarga-piros-kek\/p\/#breadcrumb\",\"itemListElement\":[{\"@type\":\"ListItem\",\"position\":1,\"name\":\"Home\",\"item\":\"https:\/\/business.roovi.com\/hu\/\"},{\"@type\":\"ListItem\",\"position\":2,\"name\":\"Shop\",\"item\":\"https:\/\/business.roovi.com\/hu\/shop\/\"},{\"@type\":\"ListItem\",\"position\":3,\"name\":\"1000 darab Wassily Kandinsky feln\u0151tt puzzle &#8211; s\u00e1rga- piros-k\u00e9k\"}]},{\"@type\":\"WebSite\",\"@id\":\"https:\/\/business.roovi.com\/hu\/#website\",\"url\":\"https:\/\/business.roovi.com\/hu\/\",\"name\":\"Roovi B2B\",\"description\":\"Roovi Business Website\",\"potentialAction\":[{\"@type\":\"SearchAction\",\"target\":{\"@type\":\"EntryPoint\",\"urlTemplate\":\"https:\/\/business.roovi.com\/hu\/?s={search_term_string}\"},\"query-input\":\"required name=search_term_string\"}],\"inLanguage\":\"hu\"}]}<\/script>\n<!-- \/ Yoast SEO plugin. -->","yoast_head_json":{"title":"1000 darab Wassily Kandinsky feln\u0151tt puzzle - s\u00e1rga- piros-k\u00e9k","description":"1000 darab Wassily Kandinsky feln\u0151tt puzzle - s\u00e1rga- piros-k\u00e9k","robots":{"index":"index","follow":"follow","max-snippet":"max-snippet:-1","max-image-preview":"max-image-preview:large","max-video-preview":"max-video-preview:-1"},"canonical":"https:\/\/business.roovi.com\/hu\/1000-darab-wassily-kandinsky-felnott-puzzle-sarga-piros-kek\/p\/","og_locale":"hu_HU","og_type":"article","og_title":"1000 darab Wassily Kandinsky feln\u0151tt puzzle - s\u00e1rga- piros-k\u00e9k","og_description":"1000 darab Wassily Kandinsky feln\u0151tt puzzle - s\u00e1rga- piros-k\u00e9k","og_url":"https:\/\/business.roovi.com\/hu\/1000-darab-wassily-kandinsky-felnott-puzzle-sarga-piros-kek\/p\/","og_site_name":"Roovi B2B","article_publisher":"https:\/\/www.facebook.com\/wwwjucariero","article_modified_time":"2022-07-06T18:44:58+00:00","og_image":[{"width":1200,"height":1200,"url":"https:\/\/business.roovi.com\/wp-content\/uploads\/2018\/04\/72849-03_ansamblu_dimensiuni_cutie_cm_orizontal.png","type":"image\/png"}],"twitter_misc":{"Becs\u00fclt olvas\u00e1si id\u0151":"3 perc"},"schema":{"@context":"https:\/\/schema.org","@graph":[{"@type":"WebPage","@id":"https:\/\/business.roovi.com\/hu\/1000-darab-wassily-kandinsky-felnott-puzzle-sarga-piros-kek\/p\/","url":"https:\/\/business.roovi.com\/hu\/1000-darab-wassily-kandinsky-felnott-puzzle-sarga-piros-kek\/p\/","name":"1000 darab Wassily Kandinsky feln\u0151tt puzzle - s\u00e1rga- piros-k\u00e9k","isPartOf":{"@id":"https:\/\/business.roovi.com\/hu\/#website"},"datePublished":"2018-04-16T10:56:17+00:00","dateModified":"2022-07-06T18:44:58+00:00","description":"1000 darab Wassily Kandinsky feln\u0151tt puzzle - s\u00e1rga- piros-k\u00e9k","breadcrumb":{"@id":"https:\/\/business.roovi.com\/hu\/1000-darab-wassily-kandinsky-felnott-puzzle-sarga-piros-kek\/p\/#breadcrumb"},"inLanguage":"hu","potentialAction":[{"@type":"ReadAction","target":["https:\/\/business.roovi.com\/hu\/1000-darab-wassily-kandinsky-felnott-puzzle-sarga-piros-kek\/p\/"]}]},{"@type":"BreadcrumbList","@id":"https:\/\/business.roovi.com\/hu\/1000-darab-wassily-kandinsky-felnott-puzzle-sarga-piros-kek\/p\/#breadcrumb","itemListElement":[{"@type":"ListItem","position":1,"name":"Home","item":"https:\/\/business.roovi.com\/hu\/"},{"@type":"ListItem","position":2,"name":"Shop","item":"https:\/\/business.roovi.com\/hu\/shop\/"},{"@type":"ListItem","position":3,"name":"1000 darab Wassily Kandinsky feln\u0151tt puzzle &#8211; s\u00e1rga- piros-k\u00e9k"}]},{"@type":"WebSite","@id":"https:\/\/business.roovi.com\/hu\/#website","url":"https:\/\/business.roovi.com\/hu\/","name":"Roovi B2B","description":"Roovi Business Website","potentialAction":[{"@type":"SearchAction","target":{"@type":"EntryPoint","urlTemplate":"https:\/\/business.roovi.com\/hu\/?s={search_term_string}"},"query-input":"required name=search_term_string"}],"inLanguage":"hu"}]}},"_links":{"self":[{"href":"https:\/\/business.roovi.com\/hu\/wp-json\/wp\/v2\/product\/42079","targetHints":{"allow":["GET"]}}],"collection":[{"href":"https:\/\/business.roovi.com\/hu\/wp-json\/wp\/v2\/product"}],"about":[{"href":"https:\/\/business.roovi.com\/hu\/wp-json\/wp\/v2\/types\/product"}],"version-history":[{"count":0,"href":"https:\/\/business.roovi.com\/hu\/wp-json\/wp\/v2\/product\/42079\/revisions"}],"wp:featuredmedia":[{"embeddable":true,"href":"https:\/\/business.roovi.com\/hu\/wp-json\/wp\/v2\/media\/63547"}],"wp:attachment":[{"href":"https:\/\/business.roovi.com\/hu\/wp-json\/wp\/v2\/media?parent=42079"}],"wp:term":[{"taxonomy":"product_brand","embeddable":true,"href":"https:\/\/business.roovi.com\/hu\/wp-json\/wp\/v2\/product_brand?post=42079"},{"taxonomy":"product_cat","embeddable":true,"href":"https:\/\/business.roovi.com\/hu\/wp-json\/wp\/v2\/product_cat?post=42079"},{"taxonomy":"product_tag","embeddable":true,"href":"https:\/\/business.roovi.com\/hu\/wp-json\/wp\/v2\/product_tag?post=42079"}],"curies":[{"name":"wp","href":"https:\/\/api.w.org\/{rel}","templated":true}]}}