{"id":42083,"date":"2018-04-16T10:56:17","date_gmt":"2018-04-16T10:56:17","guid":{"rendered":"https:\/\/business.roovi.com\/puzzle-adulti-1000-piese-wassily-kandinsky-pointspuncte\/p\/"},"modified":"2023-02-15T08:36:29","modified_gmt":"2023-02-15T08:36:29","slug":"felnott-1000-darabos-wassily-kandinsky-puzzle-dots-dots","status":"publish","type":"product","link":"https:\/\/business.roovi.com\/hu\/felnott-1000-darabos-wassily-kandinsky-puzzle-dots-dots\/p\/","title":{"rendered":"Feln\u0151tt 1000 darabos Wassily Kandinsky puzzle &#8211; Pontok"},"content":{"rendered":"<p><span style=\"font-weight: 400;\">Szenved\u00e9lyesen szereted az 1000 darabos kirak\u00f3s j\u00e1t\u00e9kokat? Fedezze fel Rom\u00e1nia legnagyobb m\u0171v\u00e9szeti rejtv\u00e9nygy\u0171jtem\u00e9ny\u00e9t, \u00e9s t\u00f6k\u00e9letes\u00edtse \u00f6sszeszerel\u00e9si k\u00e9szs\u00e9g\u00e9t. \u00c1ll\u00edtsd helyre h\u00edres festm\u00e9nyek k\u00e9peit, \u00e9s csod\u00e1ld meg az 1000 puzzle-darabb\u00f3l k\u00e9sz\u00fclt m\u0171v\u00e9szi festm\u00e9nyeket.<\/span><\/p>\n<p><span style=\"font-weight: 400;\">Wassily Kandinsky &#8211; Points 1000 darabos puzzle bevezet az absztrakt m\u0171v\u00e9szet vil\u00e1g\u00e1ba. Kandinszkij sz\u00e1m\u00e1ra a m\u0171v\u00e9szet egy pontb\u00f3l indul ki. Ez egy kis sz\u00edndarab, amelyet a m\u0171v\u00e9sz helyez el a v\u00e1sznon, \u00e9s att\u00f3l f\u00fcgg\u0151en, hogy a v\u00e1szonalapon hol helyezkedik el, m\u00e1s-m\u00e1s \u00e1rnyalatot vesz fel. A pont olyan er\u0151v\u00e9 v\u00e1lik, amely m\u00e9lyrehat\u00f3 hat\u00e1st v\u00e1lt ki a n\u00e9z\u0151 elm\u00e9j\u00e9ben.<\/span><\/p>\n<p><span style=\"font-weight: 400;\">Az 1000 darabos puzzle szerelmese sz\u00e1m\u00e1ra ez az \u00f6sszetett k\u00e9p gy\u00f6ny\u00f6r\u0171 kih\u00edv\u00e1s lesz. Apr\u00f3l\u00e9kos munka ut\u00e1n egy h\u00edres absztrakt festm\u00e9ny h\u0171 m\u00e1solat\u00e1nak birtokosa leszel <\/span><\/p>\n<p><span style=\"font-weight: 400;\">Jellemz\u0151k Wassily Kandinsky m\u0171v\u00e9szeti puzzle &#8211; Pontok:<\/span><\/p>\n<p><strong>K\u00e9pm\u00e9ret: 50 x 70 cm <\/strong><span style=\"font-weight: 400;\">A darabok al\u00e1t\u00e1maszt\u00e1s\u00e1ra haszn\u00e1lhat egy k\u00f6z\u00f6ns\u00e9ges doh\u00e1nyz\u00f3asztalt.<\/span><\/p>\n<p><strong>Puzzle anyag <\/strong><\/p>\n<p><strong>kiv\u00e1l\u00f3 min\u0151s\u00e9g\u0171 k\u00e9k karton<\/strong><\/p>\n<p><strong>fenntarthat\u00f3, \u00fajrahasznos\u00edthat\u00f3 anyagok<\/strong><\/p>\n<p><strong>f\u00e9lf\u00e9nyes kivitel, \u00e9l\u00e9nk sz\u00ednek<\/strong><\/p>\n<p><strong>A kirak\u00f3s darabok sz\u00e1ma: 1000<\/strong><\/p>\n<p><strong>Aj\u00e1nlott \u00e9letkor: 14+<\/strong><\/p>\n<p><strong>4 el\u0151nye a feln\u0151tt rejtv\u00e9nyeknek<\/strong><\/p>\n<p><span style=\"font-weight: 400;\">A kirak\u00f3s j\u00e1t\u00e9kok j\u00f3l meg\u00e9rdemelt kikapcsol\u00f3d\u00e1st \u00e9s eg\u00e9szs\u00e9g\u00fcgyi el\u0151ny\u00f6ket is k\u00edn\u00e1lnak. Olvassa el az al\u00e1bbi 4 cikket:<\/span><\/p>\n<p><strong>1. Aktiv\u00e1lja a kognit\u00edv funkci\u00f3kat <\/strong><span style=\"font-weight: 400;\">A rejtv\u00e9nyj\u00e1t\u00e9kok nagyszer\u0171 agytorna, k\u00fcl\u00f6n\u00f6sen az id\u0151sebb koroszt\u00e1ly sz\u00e1m\u00e1ra. Kider\u00fclt, hogy a napi 30 perc kirak\u00f3s j\u00e1t\u00e9kkal t\u00f6lt\u00f6tt id\u0151 cs\u00f6kkenti az Alzheimer-k\u00f3r \u00e9s a demencia kock\u00e1zat\u00e1t.<\/span><\/p>\n<p><strong>2. Cs\u00f6kkenti a szorong\u00e1st.<\/strong><span style=\"font-weight: 400;\"> A kirak\u00f3s j\u00e1t\u00e9kok nyugalmi \u00e1llapotot id\u00e9znek el\u0151, ami seg\u00edt kezelni a stresszt \u00e9s a szorong\u00e1st.<\/span><\/p>\n<p><strong>3. K\u00e9z-szem koordin\u00e1ci\u00f3 <\/strong><span style=\"font-weight: 400;\">A finom motoros k\u00e9szs\u00e9gek gyakorl\u00e1sa \u00e9s fejleszt\u00e9se egy m\u00e1sik el\u0151nye a feln\u0151tt rejtv\u00e9nyeknek.<\/span><\/p>\n<p><strong>4. El\u0151seg\u00edti a szocializ\u00e1l\u00f3d\u00e1st<\/strong><span style=\"font-weight: 400;\">. A t\u00e1rsas kapcsolatok nagyon fontosak az \u00e1ltal\u00e1nos eg\u00e9szs\u00e9g szempontj\u00e1b\u00f3l. Az elszigetelts\u00e9g \u00e9s a m\u00e1sokkal val\u00f3 kommunik\u00e1ci\u00f3 hi\u00e1nya gyakran vezet depresszi\u00f3hoz. A kirak\u00f3s j\u00e1t\u00e9kok \u00f6sszehozz\u00e1k a bar\u00e1tokat vagy a csal\u00e1dtagokat, \u00e9s j\u00f3 m\u00f3dja annak, hogy \u00fajra kapcsolatba ker\u00fclj\u00fcnk m\u00e1sokkal.<\/span><\/p>\n<p><strong>Tudta, hogy ezek az id\u00e9zetek Wassily Kandinszkijt\u00f3l sz\u00e1rmaznak?<\/strong><\/p>\n<p><span style=\"font-weight: 400;\">Az al\u00e1bbi id\u00e9zetek seg\u00edtenek jobban meg\u00e9rteni a h\u00edres fest\u0151 absztrakt m\u0171v\u00e9szet\u00e9nek filoz\u00f3fi\u00e1j\u00e1t is:<\/span><\/p>\n<ul>\n<li><em><span style=\"font-weight: 400;\">&#8222;Minden egy ponttal kezd\u0151dik&#8221;.<\/span><\/em><\/li>\n<li><em><span style=\"font-weight: 400;\">&#8222;A m\u0171v\u00e9sznek nemcsak a szem\u00e9t, hanem a lelk\u00e9t is edzenie kell&#8221;.<\/span><\/em><\/li>\n<li><em><span style=\"font-weight: 400;\">&#8222;A t\u00e1rgyak elrontj\u00e1k a k\u00e9peket&#8221;.<\/span><\/em><\/li>\n<li><em><span style=\"font-weight: 400;\">&#8222;A sz\u00edn a kulcs. A szem a kalap\u00e1cs. A l\u00e9lek a zongora a maga sok akkordj\u00e1val. A m\u0171v\u00e9sz az a k\u00e9z, amely ezt vagy azt a billenty\u0171t meg\u00e9rintve automatikusan rezg\u00e9sbe hozza a lelket.&#8221;<\/span><\/em><\/li>\n<li><em><span style=\"font-weight: 400;\">&#8222;Egy civiliz\u00e1ci\u00f3 minden egyes korszaka olyan m\u0171v\u00e9szetet hoz l\u00e9tre, amely csak r\u00e1 jellemz\u0151, \u00e9s amelyet soha t\u00f6bb\u00e9 nem l\u00e1tunk \u00fajj\u00e1sz\u00fcletni. Az elm\u00falt \u00e9vsz\u00e1zadok m\u0171v\u00e9szeti elveinek feleleven\u00edt\u00e9s\u00e9re tett k\u00eds\u00e9rlet csak halott m\u0171vek l\u00e9trehoz\u00e1s\u00e1hoz vezethet.&#8221;<\/span><\/em><span style=\"font-weight: 400;\">.<\/span><\/li>\n<\/ul>\n<p><span style=\"font-weight: 400;\">A m\u0171v\u00e9szeti rejtv\u00e9nyek t\u00f6bb mint pihentet\u0151 j\u00e1t\u00e9kok. Egy sz\u00ednes vil\u00e1gba kalauzolnak el, \u00e9s arra \u00f6szt\u00f6n\u00f6znek, hogy felfedezd a h\u00edres festm\u00e9nyek szimbolik\u00e1j\u00e1t. Ha szeretn\u00e9l elszakadni a mindennapi probl\u00e9m\u00e1kt\u00f3l, \u00e9s elmer\u00fclni a m\u0171v\u00e9szi remekm\u0171vek var\u00e1zslatos \u00e9s titokzatos t\u00f6rt\u00e9neteiben, a m\u0171v\u00e9szi rejtv\u00e9nyek t\u00f6k\u00e9letes v\u00e1laszt\u00e1snak bizonyulnak.<\/span><\/p>\n<p><span style=\"font-weight: 400;\">Kandinszkij absztrakt \u00e9letm\u0171vel rendelkez\u0151 m\u0171v\u00e9sz, de m\u00e9ly benyom\u00e1st fog hagyni, ha felfedezz\u00fck rejtett jelent\u00e9seit. V\u00e1s\u00e1rolja meg az 1000 darabos Wassily Kandinsky &#8211; Pontok puzzle-t, \u00e1ll\u00edtsa \u00f6ssze a k\u00e9pet, \u00e9s \u00e9lvezze a csod\u00e1latos m\u0171alkot\u00e1st.<\/span><\/p>\n<p><span style=\"font-weight: 400;\">Ha aj\u00e1nd\u00e9kot keresel egy kedves bar\u00e1todnak, a Wassily Kandinsky &#8211; Points m\u0171v\u00e9szeti puzzle inspir\u00e1l\u00f3 v\u00e1laszt\u00e1s.<\/span><\/p>\n","protected":false},"excerpt":{"rendered":"<p>Szenved\u00e9lyesen szereted az 1000 darabos kirak\u00f3s j\u00e1t\u00e9kokat? Fedezze fel Rom\u00e1nia legnagyobb m\u0171v\u00e9szeti rejtv\u00e9nygy\u0171jtem\u00e9ny\u00e9t, \u00e9s t\u00f6k\u00e9letes\u00edtse \u00f6sszeszerel\u00e9si k\u00e9szs\u00e9g\u00e9t. \u00c1ll\u00edtsd helyre h\u00edres<\/p>\n","protected":false},"featured_media":63541,"template":"","meta":[],"product_brand":[],"product_cat":[1920,1919,1881],"product_tag":[],"class_list":{"0":"post-42083","1":"product","2":"type-product","3":"status-publish","4":"has-post-thumbnail","6":"product_cat-1000-darabos-kirakos-jatek","7":"product_cat-felnott-kirakos-jatekok","8":"product_cat-kirakos-jatekok","9":"pa_bax-10-hu","10":"pa_brand-d_toys-hu","11":"pa_country_of_manufacture-ro-hu","12":"pa_filter_age-14-hu","13":"pa_painter-wassilykandinsky-hu","14":"pa_tip_ambalaj-doboz","15":"pa_tip_puzzle-klasszikus","17":"first","18":"instock","19":"taxable","20":"shipping-taxable","21":"product-type-simple"},"yoast_head":"<!-- This site is optimized with the Yoast SEO plugin v20.1 - https:\/\/yoast.com\/wordpress\/plugins\/seo\/ -->\n<title>Feln\u0151tt 1000 darabos Wassily Kandinsky puzzle - Dots\/Dots<\/title>\n<meta name=\"description\" content=\"Feln\u0151tt 1000 darabos Wassily Kandinsky puzzle - Dots\/Dots\" \/>\n<meta name=\"robots\" content=\"index, follow, max-snippet:-1, max-image-preview:large, max-video-preview:-1\" \/>\n<link rel=\"canonical\" href=\"https:\/\/business.roovi.com\/hu\/felnott-1000-darabos-wassily-kandinsky-puzzle-dots-dots\/p\/\" \/>\n<meta property=\"og:locale\" content=\"hu_HU\" \/>\n<meta property=\"og:type\" content=\"article\" \/>\n<meta property=\"og:title\" content=\"Feln\u0151tt 1000 darabos Wassily Kandinsky puzzle - Dots\/Dots\" \/>\n<meta property=\"og:description\" content=\"Feln\u0151tt 1000 darabos Wassily Kandinsky puzzle - Dots\/Dots\" \/>\n<meta property=\"og:url\" content=\"https:\/\/business.roovi.com\/hu\/felnott-1000-darabos-wassily-kandinsky-puzzle-dots-dots\/p\/\" \/>\n<meta property=\"og:site_name\" content=\"Roovi B2B\" \/>\n<meta property=\"article:publisher\" content=\"https:\/\/www.facebook.com\/wwwjucariero\" \/>\n<meta property=\"article:modified_time\" content=\"2023-02-15T08:36:29+00:00\" \/>\n<meta property=\"og:image\" content=\"https:\/\/business.roovi.com\/wp-content\/uploads\/2018\/04\/72849-04_ansamblu_dimensiuni_cutie_cm_orizontal.png\" \/>\n\t<meta property=\"og:image:width\" content=\"1200\" \/>\n\t<meta property=\"og:image:height\" content=\"1200\" \/>\n\t<meta property=\"og:image:type\" content=\"image\/png\" \/>\n<meta name=\"twitter:label1\" content=\"Becs\u00fclt olvas\u00e1si id\u0151\" \/>\n\t<meta name=\"twitter:data1\" content=\"3 perc\" \/>\n<script type=\"application\/ld+json\" class=\"yoast-schema-graph\">{\"@context\":\"https:\/\/schema.org\",\"@graph\":[{\"@type\":\"WebPage\",\"@id\":\"https:\/\/business.roovi.com\/hu\/felnott-1000-darabos-wassily-kandinsky-puzzle-dots-dots\/p\/\",\"url\":\"https:\/\/business.roovi.com\/hu\/felnott-1000-darabos-wassily-kandinsky-puzzle-dots-dots\/p\/\",\"name\":\"Feln\u0151tt 1000 darabos Wassily Kandinsky puzzle - Dots\/Dots\",\"isPartOf\":{\"@id\":\"https:\/\/business.roovi.com\/hu\/#website\"},\"datePublished\":\"2018-04-16T10:56:17+00:00\",\"dateModified\":\"2023-02-15T08:36:29+00:00\",\"description\":\"Feln\u0151tt 1000 darabos Wassily Kandinsky puzzle - Dots\/Dots\",\"breadcrumb\":{\"@id\":\"https:\/\/business.roovi.com\/hu\/felnott-1000-darabos-wassily-kandinsky-puzzle-dots-dots\/p\/#breadcrumb\"},\"inLanguage\":\"hu\",\"potentialAction\":[{\"@type\":\"ReadAction\",\"target\":[\"https:\/\/business.roovi.com\/hu\/felnott-1000-darabos-wassily-kandinsky-puzzle-dots-dots\/p\/\"]}]},{\"@type\":\"BreadcrumbList\",\"@id\":\"https:\/\/business.roovi.com\/hu\/felnott-1000-darabos-wassily-kandinsky-puzzle-dots-dots\/p\/#breadcrumb\",\"itemListElement\":[{\"@type\":\"ListItem\",\"position\":1,\"name\":\"Home\",\"item\":\"https:\/\/business.roovi.com\/hu\/\"},{\"@type\":\"ListItem\",\"position\":2,\"name\":\"Shop\",\"item\":\"https:\/\/business.roovi.com\/hu\/shop\/\"},{\"@type\":\"ListItem\",\"position\":3,\"name\":\"Feln\u0151tt 1000 darabos Wassily Kandinsky puzzle &#8211; Pontok\"}]},{\"@type\":\"WebSite\",\"@id\":\"https:\/\/business.roovi.com\/hu\/#website\",\"url\":\"https:\/\/business.roovi.com\/hu\/\",\"name\":\"Roovi B2B\",\"description\":\"Roovi Business Website\",\"potentialAction\":[{\"@type\":\"SearchAction\",\"target\":{\"@type\":\"EntryPoint\",\"urlTemplate\":\"https:\/\/business.roovi.com\/hu\/?s={search_term_string}\"},\"query-input\":\"required name=search_term_string\"}],\"inLanguage\":\"hu\"}]}<\/script>\n<!-- \/ Yoast SEO plugin. -->","yoast_head_json":{"title":"Feln\u0151tt 1000 darabos Wassily Kandinsky puzzle - Dots\/Dots","description":"Feln\u0151tt 1000 darabos Wassily Kandinsky puzzle - Dots\/Dots","robots":{"index":"index","follow":"follow","max-snippet":"max-snippet:-1","max-image-preview":"max-image-preview:large","max-video-preview":"max-video-preview:-1"},"canonical":"https:\/\/business.roovi.com\/hu\/felnott-1000-darabos-wassily-kandinsky-puzzle-dots-dots\/p\/","og_locale":"hu_HU","og_type":"article","og_title":"Feln\u0151tt 1000 darabos Wassily Kandinsky puzzle - Dots\/Dots","og_description":"Feln\u0151tt 1000 darabos Wassily Kandinsky puzzle - Dots\/Dots","og_url":"https:\/\/business.roovi.com\/hu\/felnott-1000-darabos-wassily-kandinsky-puzzle-dots-dots\/p\/","og_site_name":"Roovi B2B","article_publisher":"https:\/\/www.facebook.com\/wwwjucariero","article_modified_time":"2023-02-15T08:36:29+00:00","og_image":[{"width":1200,"height":1200,"url":"https:\/\/business.roovi.com\/wp-content\/uploads\/2018\/04\/72849-04_ansamblu_dimensiuni_cutie_cm_orizontal.png","type":"image\/png"}],"twitter_misc":{"Becs\u00fclt olvas\u00e1si id\u0151":"3 perc"},"schema":{"@context":"https:\/\/schema.org","@graph":[{"@type":"WebPage","@id":"https:\/\/business.roovi.com\/hu\/felnott-1000-darabos-wassily-kandinsky-puzzle-dots-dots\/p\/","url":"https:\/\/business.roovi.com\/hu\/felnott-1000-darabos-wassily-kandinsky-puzzle-dots-dots\/p\/","name":"Feln\u0151tt 1000 darabos Wassily Kandinsky puzzle - Dots\/Dots","isPartOf":{"@id":"https:\/\/business.roovi.com\/hu\/#website"},"datePublished":"2018-04-16T10:56:17+00:00","dateModified":"2023-02-15T08:36:29+00:00","description":"Feln\u0151tt 1000 darabos Wassily Kandinsky puzzle - Dots\/Dots","breadcrumb":{"@id":"https:\/\/business.roovi.com\/hu\/felnott-1000-darabos-wassily-kandinsky-puzzle-dots-dots\/p\/#breadcrumb"},"inLanguage":"hu","potentialAction":[{"@type":"ReadAction","target":["https:\/\/business.roovi.com\/hu\/felnott-1000-darabos-wassily-kandinsky-puzzle-dots-dots\/p\/"]}]},{"@type":"BreadcrumbList","@id":"https:\/\/business.roovi.com\/hu\/felnott-1000-darabos-wassily-kandinsky-puzzle-dots-dots\/p\/#breadcrumb","itemListElement":[{"@type":"ListItem","position":1,"name":"Home","item":"https:\/\/business.roovi.com\/hu\/"},{"@type":"ListItem","position":2,"name":"Shop","item":"https:\/\/business.roovi.com\/hu\/shop\/"},{"@type":"ListItem","position":3,"name":"Feln\u0151tt 1000 darabos Wassily Kandinsky puzzle &#8211; Pontok"}]},{"@type":"WebSite","@id":"https:\/\/business.roovi.com\/hu\/#website","url":"https:\/\/business.roovi.com\/hu\/","name":"Roovi B2B","description":"Roovi Business Website","potentialAction":[{"@type":"SearchAction","target":{"@type":"EntryPoint","urlTemplate":"https:\/\/business.roovi.com\/hu\/?s={search_term_string}"},"query-input":"required name=search_term_string"}],"inLanguage":"hu"}]}},"_links":{"self":[{"href":"https:\/\/business.roovi.com\/hu\/wp-json\/wp\/v2\/product\/42083","targetHints":{"allow":["GET"]}}],"collection":[{"href":"https:\/\/business.roovi.com\/hu\/wp-json\/wp\/v2\/product"}],"about":[{"href":"https:\/\/business.roovi.com\/hu\/wp-json\/wp\/v2\/types\/product"}],"version-history":[{"count":0,"href":"https:\/\/business.roovi.com\/hu\/wp-json\/wp\/v2\/product\/42083\/revisions"}],"wp:featuredmedia":[{"embeddable":true,"href":"https:\/\/business.roovi.com\/hu\/wp-json\/wp\/v2\/media\/63541"}],"wp:attachment":[{"href":"https:\/\/business.roovi.com\/hu\/wp-json\/wp\/v2\/media?parent=42083"}],"wp:term":[{"taxonomy":"product_brand","embeddable":true,"href":"https:\/\/business.roovi.com\/hu\/wp-json\/wp\/v2\/product_brand?post=42083"},{"taxonomy":"product_cat","embeddable":true,"href":"https:\/\/business.roovi.com\/hu\/wp-json\/wp\/v2\/product_cat?post=42083"},{"taxonomy":"product_tag","embeddable":true,"href":"https:\/\/business.roovi.com\/hu\/wp-json\/wp\/v2\/product_tag?post=42083"}],"curies":[{"name":"wp","href":"https:\/\/api.w.org\/{rel}","templated":true}]}}