{"id":42087,"date":"2018-04-16T10:56:17","date_gmt":"2018-04-16T10:56:17","guid":{"rendered":"https:\/\/business.roovi.com\/puzzle-adulti-1000-piese-franz-marc-foxesvulpi\/p\/"},"modified":"2023-02-15T08:51:28","modified_gmt":"2023-02-15T08:51:28","slug":"1000-darab-felnott-puzzle-franz-marc-rokak-vulpi","status":"publish","type":"product","link":"https:\/\/business.roovi.com\/hu\/1000-darab-felnott-puzzle-franz-marc-rokak-vulpi\/p\/","title":{"rendered":"1000 darab feln\u0151tt puzzle Franz Marc &#8211; R\u00f3k\u00e1k"},"content":{"rendered":"<p><span style=\"font-weight: 400;\">\u00dcdv\u00f6z\u00f6lj\u00fck a legnagyobb 1000 darabos rejtv\u00e9nyeket tartalmaz\u00f3 m\u0171v\u00e9szeti gal\u00e9ri\u00e1ban! Olyan m\u0171v\u00e9szi rejtv\u00e9nyeket k\u00e9sz\u00edtett\u00fcnk neked, amelyeket leny\u0171g\u00f6z\u0151 d\u00edszt\u00e1rgyakk\u00e1 alak\u00edthatsz. Fedezze fel most az 1000 darabos rejtv\u00e9nyek teljes k\u00edn\u00e1lat\u00e1t, \u00e9s \u00e9ljen \u00e1t egyed\u00fcl\u00e1ll\u00f3, pihentet\u0151 \u00e9lm\u00e9nyeket h\u00edres festm\u00e9nyek k\u00e9peinek \u00f6ssze\u00e1ll\u00edt\u00e1s\u00e1val.<\/span><\/p>\n<p><span style=\"font-weight: 400;\">Franz Marc 1000 darabos puzzle &#8211; R\u00f3k\u00e1k a mi aj\u00e1nl\u00e1sunk az \u00d6n sz\u00e1m\u00e1ra, ha szereti a sok sz\u00ednes r\u00e9szletet tartalmaz\u00f3 puzzle kih\u00edv\u00e1sokat. Ebben a m\u0171v\u00e9szeti kirak\u00f3sban egy krist\u00e1lyos kompoz\u00edci\u00f3t tal\u00e1lsz, amely a k\u00f6z\u00e9pkori templomok sz\u00ednes \u00f3lom\u00fcveg ablakaira hasonl\u00edt <\/span><\/p>\n<p><span style=\"font-weight: 400;\">A francia kubizmus \u00e1ltal inspir\u00e1lt, a m\u0171v\u00e9sz bemutatja <\/span><em><span style=\"font-weight: 400;\">R\u00f3k\u00e1k<\/span><\/em><span style=\"font-weight: 400;\"> harmonikus sz\u00ednekben harmoniz\u00e1l\u00f3 absztrakt form\u00e1kb\u00f3l \u00e1ll. Rekonstru\u00e1lja \u00fajra ezt a k\u00e9pet, \u00e9s hozzon l\u00e9tre egy impresszionista festm\u00e9nyt, amely kifinomult hangulatot k\u00f6lcs\u00f6n\u00f6z otthon\u00e1nak. Haszn\u00e1ljon egy hagyom\u00e1nyos doh\u00e1nyz\u00f3asztalt a darabok al\u00e1t\u00e1maszt\u00e1s\u00e1ra. A v\u00e9gleges k\u00e9p m\u00e9rete 50 x 70 cm.<\/span><\/p>\n<p><span style=\"font-weight: 400;\">A Franz Marc &#8211; R\u00f3k\u00e1k m\u0171v\u00e9szeti puzzle egy\u00e9b jellemz\u0151i:<\/span><\/p>\n<p><strong>Puzzle anyag <\/strong><\/p>\n<p><strong>kiv\u00e1l\u00f3 min\u0151s\u00e9g\u0171 k\u00e9k karton<\/strong><\/p>\n<p><strong>fenntarthat\u00f3, \u00fajrahasznos\u00edthat\u00f3 anyagok<\/strong><\/p>\n<p><strong>f\u00e9lf\u00e9nyes kivitel, \u00e9l\u00e9nk sz\u00ednek<\/strong><\/p>\n<p><strong>A kirak\u00f3s darabok sz\u00e1ma: 1000<\/strong><\/p>\n<p><strong>Aj\u00e1nlott \u00e9letkor: 14+<\/strong><\/p>\n<p><strong>A kirak\u00f3s j\u00e1t\u00e9kok seg\u00edtik a vizu\u00e1lis \u00e9s t\u00e9rbeli \u00e9rz\u00e9kel\u00e9s fejleszt\u00e9s\u00e9t<\/strong><\/p>\n<p><span style=\"font-weight: 400;\">A vizu\u00e1lis \u00e9s t\u00e9rbeli \u00e9rz\u00e9kel\u00e9s seg\u00edt abban, hogy harm\u00f3ni\u00e1ban legy\u00e9l a k\u00f6r\u00fcl\u00f6tted l\u00e9v\u0151 vil\u00e1ggal. Ahogy \u00f6regszik, ez a k\u00e9pess\u00e9g cs\u00f6kken. A rejtv\u00e9nyj\u00e1t\u00e9kok serkentik ezeket a k\u00e9pess\u00e9geket, \u00e9s seg\u00edtenek fejleszteni \u0151ket.<\/span><\/p>\n<p><span style=\"font-weight: 400;\">Ezenk\u00edv\u00fcl a kirak\u00f3s j\u00e1t\u00e9koknak k\u00f6sz\u00f6nhet\u0151en m\u00e1s el\u0151ny\u00f6ket is \u00e9lvezhet:<\/span><\/p>\n<p><span style=\"font-weight: 400;\">M\u00e9ly agyi kapcsolatokat hoz l\u00e9tre.<\/span><\/p>\n<p><span style=\"font-weight: 400;\">Javul az \u00f6nbizalmad.<\/span><\/p>\n<p><span style=\"font-weight: 400;\">Enyh\u00edti a stresszt.<\/span><\/p>\n<p><span style=\"font-weight: 400;\">Jobb az \u00e1ltal\u00e1nos hangulata.<\/span><\/p>\n<p><strong>Tudt\u00e1l Franz Marcr\u00f3l?<\/strong><\/p>\n<p><span style=\"font-weight: 400;\">\u0150 az egyik legreprezentat\u00edvabb n\u00e9met impresszionista fest\u0151.<\/span><\/p>\n<p><span style=\"font-weight: 400;\">\u00c9rett festm\u00e9nyei f\u0151k\u00e9nt \u00e1llatokat \u00e1br\u00e1zolnak \u00e9l\u00e9nk sz\u00ednekben.<\/span><\/p>\n<p><span style=\"font-weight: 400;\">Az els\u0151 vil\u00e1gh\u00e1bor\u00faban, a verduni csat\u00e1ban halt meg.<\/span><\/p>\n<p><span style=\"font-weight: 400;\">A n\u00e1cik felvett\u00e9k a degener\u00e1lt m\u0171v\u00e9szek list\u00e1j\u00e1ra, \u00e9s betiltott\u00e1k munk\u00e1ss\u00e1g\u00e1t. Munk\u00e1inak nagy r\u00e9sze azonban t\u00fal\u00e9lte a II. vil\u00e1gh\u00e1bor\u00fat.<\/span><\/p>\n<p><span style=\"font-weight: 400;\">A legdr\u00e1g\u00e1bb festm\u00e9nye &#8211; <\/span><em><span style=\"font-weight: 400;\">Weidende Pferde III<\/span><\/em> <em><span style=\"font-weight: 400;\">\/Grazing Horses III &#8211; <\/span><\/em><span style=\"font-weight: 400;\">mes\u00e9s 12 340 500 font\u00e9rt kelt el <\/span><\/p>\n<p><strong>A m\u0171v\u00e9szeti rejtv\u00e9nyek elvonatkoztatnak a mindennapi probl\u00e9m\u00e1kt\u00f3l<\/strong><\/p>\n<p><span style=\"font-weight: 400;\">Szeretne kiszakadni a mindennapokb\u00f3l \u00e9s eg\u00e9szs\u00e9ges tev\u00e9kenys\u00e9get keresni? A m\u0171v\u00e9szi rejtv\u00e9nyek ide\u00e1lis megold\u00e1st jelentenek az \u0151szi est\u00e9k monot\u00f3ni\u00e1j\u00e1nak megt\u00f6r\u00e9s\u00e9re \u00e9s a nyugodt vil\u00e1gba val\u00f3 menek\u00fcl\u00e9sre. R\u00e1ad\u00e1sul m\u00e1s el\u0151ny\u00f6ket is \u00e9lvezhet:<\/span><\/p>\n<p><span style=\"font-weight: 400;\">Fejleszti az eszt\u00e9tikai \u00e9rz\u00e9k\u00e9t<\/span><\/p>\n<p><span style=\"font-weight: 400;\">\u00dajraalkothatod a m\u00e1r ismert m\u0171alkot\u00e1sok k\u00e9peit, \u00e9s \u00e9lvezheted a m\u0171v\u00e9sz ecsetvon\u00e1sainak minden r\u00e9szlet\u00e9t.<\/span><\/p>\n<p><span style=\"font-weight: 400;\">Leny\u0171g\u00f6z\u0151 festm\u00e9nyeket kap, amelyekkel d\u00edsz\u00edtheti otthon\u00e1t.<\/span><\/p>\n<p><span style=\"font-weight: 400;\">Fejleszti a feln\u0151tt kirak\u00f3s k\u00e9szs\u00e9geit.<\/span><\/p>\n<p><span style=\"font-weight: 400;\">V\u00e1s\u00e1rolja meg most a Franz Marc &#8211; R\u00f3k\u00e1k 1000 darabos kirak\u00f3st \u00e9s \u00e9lvezze a m\u0171v\u00e9szi kirak\u00f3stol\u00f3 minden el\u0151ny\u00e9t! Eg\u00e9sz\u00edtse ki m\u0171v\u00e9szeti gy\u0171jtem\u00e9ny\u00e9t ezzel a sz\u00ednes \u00e9s harmonikus 1000 darabos kirak\u00f3val. Ha egy k\u00fcl\u00f6nleges szem\u00e9lynek keres aj\u00e1nd\u00e9kot, a Franz Marc &#8211; R\u00f3k\u00e1k 1000 darabos kirak\u00f3s ide\u00e1lis v\u00e1laszt\u00e1s lehet.<\/span><\/p>\n","protected":false},"excerpt":{"rendered":"<p>\u00dcdv\u00f6z\u00f6lj\u00fck a legnagyobb 1000 darabos rejtv\u00e9nyeket tartalmaz\u00f3 m\u0171v\u00e9szeti gal\u00e9ri\u00e1ban! Olyan m\u0171v\u00e9szi rejtv\u00e9nyeket k\u00e9sz\u00edtett\u00fcnk neked, amelyeket leny\u0171g\u00f6z\u0151 d\u00edszt\u00e1rgyakk\u00e1 alak\u00edthatsz. Fedezze fel<\/p>\n","protected":false},"featured_media":63499,"template":"","meta":[],"product_brand":[],"product_cat":[1920,1919,1881],"product_tag":[],"class_list":{"0":"post-42087","1":"product","2":"type-product","3":"status-publish","4":"has-post-thumbnail","6":"product_cat-1000-darabos-kirakos-jatek","7":"product_cat-felnott-kirakos-jatekok","8":"product_cat-kirakos-jatekok","9":"pa_bax-10-hu","10":"pa_brand-d_toys-hu","11":"pa_country_of_manufacture-ro-hu","12":"pa_filter_age-14-hu","13":"pa_painter-franz-marc-hu","14":"pa_tip_ambalaj-doboz","15":"pa_tip_puzzle-klasszikus","17":"first","18":"instock","19":"taxable","20":"shipping-taxable","21":"product-type-simple"},"yoast_head":"<!-- This site is optimized with the Yoast SEO plugin v20.1 - https:\/\/yoast.com\/wordpress\/plugins\/seo\/ -->\n<title>1000 darab feln\u0151tt puzzle Franz Marc - R\u00f3k\u00e1k\/Vulpi<\/title>\n<meta name=\"description\" content=\"1000 darab feln\u0151tt puzzle Franz Marc - R\u00f3k\u00e1k\/Vulpi\" \/>\n<meta name=\"robots\" content=\"index, follow, max-snippet:-1, max-image-preview:large, max-video-preview:-1\" \/>\n<link rel=\"canonical\" href=\"https:\/\/business.roovi.com\/hu\/1000-darab-felnott-puzzle-franz-marc-rokak-vulpi\/p\/\" \/>\n<meta property=\"og:locale\" content=\"hu_HU\" \/>\n<meta property=\"og:type\" content=\"article\" \/>\n<meta property=\"og:title\" content=\"1000 darab feln\u0151tt puzzle Franz Marc - R\u00f3k\u00e1k\/Vulpi\" \/>\n<meta property=\"og:description\" content=\"1000 darab feln\u0151tt puzzle Franz Marc - R\u00f3k\u00e1k\/Vulpi\" \/>\n<meta property=\"og:url\" content=\"https:\/\/business.roovi.com\/hu\/1000-darab-felnott-puzzle-franz-marc-rokak-vulpi\/p\/\" \/>\n<meta property=\"og:site_name\" content=\"Roovi B2B\" \/>\n<meta property=\"article:publisher\" content=\"https:\/\/www.facebook.com\/wwwjucariero\" \/>\n<meta property=\"article:modified_time\" content=\"2023-02-15T08:51:28+00:00\" \/>\n<meta property=\"og:image\" content=\"https:\/\/business.roovi.com\/wp-content\/uploads\/2018\/04\/72856-01_ansamblu_dimensiuni_cutie_cm_vertical.png\" \/>\n\t<meta property=\"og:image:width\" content=\"1200\" \/>\n\t<meta property=\"og:image:height\" content=\"1200\" \/>\n\t<meta property=\"og:image:type\" content=\"image\/png\" \/>\n<meta name=\"twitter:label1\" content=\"Becs\u00fclt olvas\u00e1si id\u0151\" \/>\n\t<meta name=\"twitter:data1\" content=\"3 perc\" \/>\n<script type=\"application\/ld+json\" class=\"yoast-schema-graph\">{\"@context\":\"https:\/\/schema.org\",\"@graph\":[{\"@type\":\"WebPage\",\"@id\":\"https:\/\/business.roovi.com\/hu\/1000-darab-felnott-puzzle-franz-marc-rokak-vulpi\/p\/\",\"url\":\"https:\/\/business.roovi.com\/hu\/1000-darab-felnott-puzzle-franz-marc-rokak-vulpi\/p\/\",\"name\":\"1000 darab feln\u0151tt puzzle Franz Marc - R\u00f3k\u00e1k\/Vulpi\",\"isPartOf\":{\"@id\":\"https:\/\/business.roovi.com\/hu\/#website\"},\"datePublished\":\"2018-04-16T10:56:17+00:00\",\"dateModified\":\"2023-02-15T08:51:28+00:00\",\"description\":\"1000 darab feln\u0151tt puzzle Franz Marc - R\u00f3k\u00e1k\/Vulpi\",\"breadcrumb\":{\"@id\":\"https:\/\/business.roovi.com\/hu\/1000-darab-felnott-puzzle-franz-marc-rokak-vulpi\/p\/#breadcrumb\"},\"inLanguage\":\"hu\",\"potentialAction\":[{\"@type\":\"ReadAction\",\"target\":[\"https:\/\/business.roovi.com\/hu\/1000-darab-felnott-puzzle-franz-marc-rokak-vulpi\/p\/\"]}]},{\"@type\":\"BreadcrumbList\",\"@id\":\"https:\/\/business.roovi.com\/hu\/1000-darab-felnott-puzzle-franz-marc-rokak-vulpi\/p\/#breadcrumb\",\"itemListElement\":[{\"@type\":\"ListItem\",\"position\":1,\"name\":\"Home\",\"item\":\"https:\/\/business.roovi.com\/hu\/\"},{\"@type\":\"ListItem\",\"position\":2,\"name\":\"Shop\",\"item\":\"https:\/\/business.roovi.com\/hu\/shop\/\"},{\"@type\":\"ListItem\",\"position\":3,\"name\":\"1000 darab feln\u0151tt puzzle Franz Marc &#8211; R\u00f3k\u00e1k\"}]},{\"@type\":\"WebSite\",\"@id\":\"https:\/\/business.roovi.com\/hu\/#website\",\"url\":\"https:\/\/business.roovi.com\/hu\/\",\"name\":\"Roovi B2B\",\"description\":\"Roovi Business Website\",\"potentialAction\":[{\"@type\":\"SearchAction\",\"target\":{\"@type\":\"EntryPoint\",\"urlTemplate\":\"https:\/\/business.roovi.com\/hu\/?s={search_term_string}\"},\"query-input\":\"required name=search_term_string\"}],\"inLanguage\":\"hu\"}]}<\/script>\n<!-- \/ Yoast SEO plugin. -->","yoast_head_json":{"title":"1000 darab feln\u0151tt puzzle Franz Marc - R\u00f3k\u00e1k\/Vulpi","description":"1000 darab feln\u0151tt puzzle Franz Marc - R\u00f3k\u00e1k\/Vulpi","robots":{"index":"index","follow":"follow","max-snippet":"max-snippet:-1","max-image-preview":"max-image-preview:large","max-video-preview":"max-video-preview:-1"},"canonical":"https:\/\/business.roovi.com\/hu\/1000-darab-felnott-puzzle-franz-marc-rokak-vulpi\/p\/","og_locale":"hu_HU","og_type":"article","og_title":"1000 darab feln\u0151tt puzzle Franz Marc - R\u00f3k\u00e1k\/Vulpi","og_description":"1000 darab feln\u0151tt puzzle Franz Marc - R\u00f3k\u00e1k\/Vulpi","og_url":"https:\/\/business.roovi.com\/hu\/1000-darab-felnott-puzzle-franz-marc-rokak-vulpi\/p\/","og_site_name":"Roovi B2B","article_publisher":"https:\/\/www.facebook.com\/wwwjucariero","article_modified_time":"2023-02-15T08:51:28+00:00","og_image":[{"width":1200,"height":1200,"url":"https:\/\/business.roovi.com\/wp-content\/uploads\/2018\/04\/72856-01_ansamblu_dimensiuni_cutie_cm_vertical.png","type":"image\/png"}],"twitter_misc":{"Becs\u00fclt olvas\u00e1si id\u0151":"3 perc"},"schema":{"@context":"https:\/\/schema.org","@graph":[{"@type":"WebPage","@id":"https:\/\/business.roovi.com\/hu\/1000-darab-felnott-puzzle-franz-marc-rokak-vulpi\/p\/","url":"https:\/\/business.roovi.com\/hu\/1000-darab-felnott-puzzle-franz-marc-rokak-vulpi\/p\/","name":"1000 darab feln\u0151tt puzzle Franz Marc - R\u00f3k\u00e1k\/Vulpi","isPartOf":{"@id":"https:\/\/business.roovi.com\/hu\/#website"},"datePublished":"2018-04-16T10:56:17+00:00","dateModified":"2023-02-15T08:51:28+00:00","description":"1000 darab feln\u0151tt puzzle Franz Marc - R\u00f3k\u00e1k\/Vulpi","breadcrumb":{"@id":"https:\/\/business.roovi.com\/hu\/1000-darab-felnott-puzzle-franz-marc-rokak-vulpi\/p\/#breadcrumb"},"inLanguage":"hu","potentialAction":[{"@type":"ReadAction","target":["https:\/\/business.roovi.com\/hu\/1000-darab-felnott-puzzle-franz-marc-rokak-vulpi\/p\/"]}]},{"@type":"BreadcrumbList","@id":"https:\/\/business.roovi.com\/hu\/1000-darab-felnott-puzzle-franz-marc-rokak-vulpi\/p\/#breadcrumb","itemListElement":[{"@type":"ListItem","position":1,"name":"Home","item":"https:\/\/business.roovi.com\/hu\/"},{"@type":"ListItem","position":2,"name":"Shop","item":"https:\/\/business.roovi.com\/hu\/shop\/"},{"@type":"ListItem","position":3,"name":"1000 darab feln\u0151tt puzzle Franz Marc &#8211; R\u00f3k\u00e1k"}]},{"@type":"WebSite","@id":"https:\/\/business.roovi.com\/hu\/#website","url":"https:\/\/business.roovi.com\/hu\/","name":"Roovi B2B","description":"Roovi Business Website","potentialAction":[{"@type":"SearchAction","target":{"@type":"EntryPoint","urlTemplate":"https:\/\/business.roovi.com\/hu\/?s={search_term_string}"},"query-input":"required name=search_term_string"}],"inLanguage":"hu"}]}},"_links":{"self":[{"href":"https:\/\/business.roovi.com\/hu\/wp-json\/wp\/v2\/product\/42087","targetHints":{"allow":["GET"]}}],"collection":[{"href":"https:\/\/business.roovi.com\/hu\/wp-json\/wp\/v2\/product"}],"about":[{"href":"https:\/\/business.roovi.com\/hu\/wp-json\/wp\/v2\/types\/product"}],"version-history":[{"count":0,"href":"https:\/\/business.roovi.com\/hu\/wp-json\/wp\/v2\/product\/42087\/revisions"}],"wp:featuredmedia":[{"embeddable":true,"href":"https:\/\/business.roovi.com\/hu\/wp-json\/wp\/v2\/media\/63499"}],"wp:attachment":[{"href":"https:\/\/business.roovi.com\/hu\/wp-json\/wp\/v2\/media?parent=42087"}],"wp:term":[{"taxonomy":"product_brand","embeddable":true,"href":"https:\/\/business.roovi.com\/hu\/wp-json\/wp\/v2\/product_brand?post=42087"},{"taxonomy":"product_cat","embeddable":true,"href":"https:\/\/business.roovi.com\/hu\/wp-json\/wp\/v2\/product_cat?post=42087"},{"taxonomy":"product_tag","embeddable":true,"href":"https:\/\/business.roovi.com\/hu\/wp-json\/wp\/v2\/product_tag?post=42087"}],"curies":[{"name":"wp","href":"https:\/\/api.w.org\/{rel}","templated":true}]}}