{"id":42095,"date":"2018-04-16T10:56:17","date_gmt":"2018-04-16T10:56:17","guid":{"rendered":"https:\/\/business.roovi.com\/puzzle-adulti-1000-piese-august-macke-four-girls-patru-fete\/p\/"},"modified":"2022-07-06T18:49:29","modified_gmt":"2022-07-06T18:49:29","slug":"august-macke-1000-darabos-felnott-puzzle-negy-lany","status":"publish","type":"product","link":"https:\/\/business.roovi.com\/hu\/august-macke-1000-darabos-felnott-puzzle-negy-lany\/p\/","title":{"rendered":"August Macke 1000 darabos feln\u0151tt puzzle &#8211; N\u00e9gy l\u00e1ny"},"content":{"rendered":"<p><span style=\"font-weight: 400\">Szeretn\u00e9l igazi m\u0171v\u00e9sz lenni, aki halhatatlan m\u0171vet alkot? Rakd \u00f6ssze a k\u00e9peket a m\u0171v\u00e9szeti rejtv\u00e9nyekb\u0151l, \u00e9s tapasztald meg a megel\u00e9gedetts\u00e9g csod\u00e1latos \u00e9rz\u00e9s\u00e9t.<\/span><\/p>\n<p><span style=\"font-weight: 400\">K\u00e9pezd \u00e1t az August Macke &#8211; N\u00e9gy l\u00e1ny c\u00edm\u0171 1000 darabos puzzle impresszionista festm\u00e9ny\u00e9nek k\u00e9p\u00e9t, \u00e9s alkoss egy vibr\u00e1l\u00f3, sz\u00ednes festm\u00e9nyt. A m\u0171v\u00e9sz 1907-es franciaorsz\u00e1gi l\u00e1togat\u00e1sa \u00f6r\u00f6kre meghat\u00e1rozta m\u0171v\u00e9szi st\u00edlus\u00e1t. Robert Delaunay dinamikus \u00e9s sz\u00ednes fest\u00e9szet\u00e9nek hat\u00e1s\u00e1ra August Macke ritmikus sz\u00ednharm\u00f3ni\u00e1kban leegyszer\u0171s\u00edtett form\u00e1kb\u00f3l \u00e1ll\u00f3 festm\u00e9nyeket alkotott.<\/span><\/p>\n<p><span style=\"font-weight: 400\">Fest\u00e9s <\/span><em><span style=\"font-weight: 400\">N\u00e9gy l\u00e1ny <\/span><\/em><span style=\"font-weight: 400\">macke legterm\u00e9kenyebb id\u0151szak\u00e1b\u00f3l sz\u00e1rmazik. A jelenet elgondolkodtat\u00f3 hangulat\u00fa, \u00e9s nagy \u00f6r\u00f6m lesz \u00fajraalkotni ezt a k\u00e9pet az 1000 darabos puzzle-b\u00f3l. Egy nagyszer\u0171 kirak\u00f3s j\u00e1t\u00e9kb\u00f3l egy gy\u00f6ny\u00f6r\u0171 festm\u00e9nyt kapsz.<\/span><\/p>\n<p><span style=\"font-weight: 400\">Szeretn\u00e9l t\u00f6bbet megtudni az August Macke &#8211; N\u00e9gy l\u00e1ny m\u0171v\u00e9szeti puzzle-r\u0151l? Olvassa el itt:<\/span><\/p>\n<p><strong>Rekonstru\u00e1lt k\u00e9p m\u00e9rete: 50 x 70 cm<\/strong><\/p>\n<p><strong>Puzzle anyag <\/strong><\/p>\n<p><strong>kiv\u00e1l\u00f3 min\u0151s\u00e9g\u0171 k\u00e9k karton<\/strong><\/p>\n<p><strong>fenntarthat\u00f3, \u00fajrahasznos\u00edthat\u00f3 anyagok<\/strong><\/p>\n<p><strong>f\u00e9lf\u00e9nyes kivitel, \u00e9l\u00e9nk sz\u00ednek<\/strong><\/p>\n<p><strong>A kirak\u00f3s darabok sz\u00e1ma: 1000<\/strong><\/p>\n<p><strong>Aj\u00e1nlott \u00e9letkor: 14+<\/strong><\/p>\n<p><span style=\"font-weight: 400\">A m\u0171v\u00e9szi puzzle \u00f6ssze\u00e1ll\u00edt\u00e1sa sz\u00e1mos el\u0151nnyel j\u00e1r:<\/span><\/p>\n<ul>\n<li><span style=\"font-weight: 400\">Elv\u00e1lasztja \u00d6nt a mindennapi gondokt\u00f3l.<\/span><\/li>\n<li><span style=\"font-weight: 400\">Ez edzi a mem\u00f3ri\u00e1t.<\/span><\/li>\n<li><span style=\"font-weight: 400\">N\u00f6veli a k\u00e9z\u00fcgyess\u00e9get.<\/span><\/li>\n<li><span style=\"font-weight: 400\">Seg\u00edt egyetlen feladatra \u00f6sszpontos\u00edtani.<\/span><\/li>\n<li><span style=\"font-weight: 400\">Jobban odafigyel a r\u00e9szletekre.<\/span><\/li>\n<\/ul>\n<p><strong>Tudt\u00e1l August Macke-r\u00f3l?<\/strong><\/p>\n<p><span style=\"font-weight: 400\">A festm\u00e9nyek mellett sz\u00edndarabok d\u00edszleteit \u00e9s jelmezeit is k\u00e9sz\u00edtette.<\/span><\/p>\n<p><span style=\"font-weight: 400\">M\u00e1s impresszionista fest\u0151kkel egy\u00fctt &#8211;<\/span><span style=\"font-weight: 400\"> Vaszilij Kandinszkij, Alfred Kubin \u00e9s Franz Marc<\/span><span style=\"font-weight: 400\"> &#8211; megalap\u00edtotta a <\/span><span style=\"font-weight: 400\"> m\u0171v\u00e9szeti csoport <\/span><em><span style=\"font-weight: 400\">Der Blaue Reiter<\/span><\/em><span style=\"font-weight: 400\"> (&#8222;A k\u00e9k lovas&#8221;).<\/span><\/p>\n<p><span style=\"font-weight: 400\">Festm\u00e9nyei \u00e1ltal\u00e1ban torz\u00edtj\u00e1k a sz\u00edneket \u00e9s a form\u00e1kat, \u00e9s ink\u00e1bb az \u00e9rz\u00e9sek \u00e9s hangulatok kifejez\u00e9s\u00e9re \u00f6sszpontos\u00edtanak, mintsem az objekt\u00edv val\u00f3s\u00e1g reproduk\u00e1l\u00e1s\u00e1ra.<\/span><\/p>\n<p><span style=\"font-weight: 400\">Macke r\u00f6vid \u00e9let\u0171 volt. Mind\u00f6ssze 27 \u00e9vesen halt meg az els\u0151 vil\u00e1gh\u00e1bor\u00faban egy franciaorsz\u00e1gi csatat\u00e9ren.<\/span><\/p>\n<p><strong>1000 darabos puzzle: biztons\u00e1gban tartva otthon<\/strong><\/p>\n<p><span style=\"font-weight: 400\">\u00dclj\u00f6n k\u00e9nyelmesen a nappali doh\u00e1nyz\u00f3asztala el\u00e9, \u00e9s kezdjen el dolgozni August Macke 1000 darabos puzzle &#8211; N\u00e9gy l\u00e1ny\/Patru filles c\u00edm\u0171 leny\u0171g\u00f6z\u0151 alkot\u00e1s\u00e1n. A sz\u00ednek harm\u00f3ni\u00e1ja \u00e9s a m\u0171v\u00e9sz \u00e1ltal meg\u00f6r\u00f6k\u00edtett r\u00e9szletgazdags\u00e1g \u00f3r\u00e1kig lek\u00f6ti \u00d6nt <\/span><\/p>\n<p><span style=\"font-weight: 400\">\u00d6n \u00e9s gyermekei \u00f6sszerakhatj\u00e1k az 1000 darabos kirak\u00f3s k\u00e9pet. Ez egy nagyszer\u0171 lehet\u0151s\u00e9g arra, hogy \u00f6sszej\u00f6jj\u00fcnk \u00e9s egy k\u00f6z\u00f6s c\u00e9l \u00e9rdek\u00e9ben dolgozzunk. Minden egyes befejezett kirak\u00f3s j\u00e1t\u00e9k hozz\u00e1adhat\u00f3 a m\u0171v\u00e9szi kirak\u00f3s festm\u00e9nyek szem\u00e9lyes gy\u0171jtem\u00e9ny\u00e9hez.<\/span><\/p>\n<p><span style=\"font-weight: 400\">Az August Macke 1000 darabos puzzle &#8211; N\u00e9gy l\u00e1ny\/n\u00e9gy l\u00e1ny nagyszer\u0171 aj\u00e1nd\u00e9k lehet sz\u00fclet\u00e9snapi pillanatokra vagy m\u00e1s \u00fcnnepi alkalmakra.<\/span><\/p><\/p>\n","protected":false},"excerpt":{"rendered":"<p>Szeretn\u00e9l igazi m\u0171v\u00e9sz lenni, aki halhatatlan m\u0171vet alkot? Rakd \u00f6ssze a k\u00e9peket a m\u0171v\u00e9szeti rejtv\u00e9nyekb\u0151l, \u00e9s tapasztald meg a megel\u00e9gedetts\u00e9g<\/p>\n","protected":false},"featured_media":63596,"template":"","meta":[],"product_brand":[],"product_cat":[1920,1919,1881],"product_tag":[],"class_list":{"0":"post-42095","1":"product","2":"type-product","3":"status-publish","4":"has-post-thumbnail","6":"product_cat-1000-darabos-kirakos-jatek","7":"product_cat-felnott-kirakos-jatekok","8":"product_cat-kirakos-jatekok","9":"pa_bax-10-hu","10":"pa_brand-d_toys-hu","11":"pa_country_of_manufacture-ro-hu","12":"pa_filter_age-14-hu","13":"pa_painter-august-macke-hu","14":"pa_tip_ambalaj-doboz","15":"pa_tip_puzzle-klasszikus","17":"first","18":"instock","19":"taxable","20":"shipping-taxable","21":"product-type-simple"},"yoast_head":"<!-- This site is optimized with the Yoast SEO plugin v20.1 - https:\/\/yoast.com\/wordpress\/plugins\/seo\/ -->\n<title>August Macke 1000 darabos feln\u0151tt puzzle - N\u00e9gy l\u00e1ny<\/title>\n<meta name=\"description\" content=\"August Macke 1000 darabos feln\u0151tt puzzle - N\u00e9gy l\u00e1ny\" \/>\n<meta name=\"robots\" content=\"index, follow, max-snippet:-1, max-image-preview:large, max-video-preview:-1\" \/>\n<link rel=\"canonical\" href=\"https:\/\/business.roovi.com\/hu\/august-macke-1000-darabos-felnott-puzzle-negy-lany\/p\/\" \/>\n<meta property=\"og:locale\" content=\"hu_HU\" \/>\n<meta property=\"og:type\" content=\"article\" \/>\n<meta property=\"og:title\" content=\"August Macke 1000 darabos feln\u0151tt puzzle - N\u00e9gy l\u00e1ny\" \/>\n<meta property=\"og:description\" content=\"August Macke 1000 darabos feln\u0151tt puzzle - N\u00e9gy l\u00e1ny\" \/>\n<meta property=\"og:url\" content=\"https:\/\/business.roovi.com\/hu\/august-macke-1000-darabos-felnott-puzzle-negy-lany\/p\/\" \/>\n<meta property=\"og:site_name\" content=\"Roovi B2B\" \/>\n<meta property=\"article:publisher\" content=\"https:\/\/www.facebook.com\/wwwjucariero\" \/>\n<meta property=\"article:modified_time\" content=\"2022-07-06T18:49:29+00:00\" \/>\n<meta property=\"og:image\" content=\"https:\/\/business.roovi.com\/wp-content\/uploads\/2018\/04\/72863_01.jpg\" \/>\n\t<meta property=\"og:image:width\" content=\"1200\" \/>\n\t<meta property=\"og:image:height\" content=\"1200\" \/>\n\t<meta property=\"og:image:type\" content=\"image\/jpeg\" \/>\n<meta name=\"twitter:label1\" content=\"Becs\u00fclt olvas\u00e1si id\u0151\" \/>\n\t<meta name=\"twitter:data1\" content=\"3 perc\" \/>\n<script type=\"application\/ld+json\" class=\"yoast-schema-graph\">{\"@context\":\"https:\/\/schema.org\",\"@graph\":[{\"@type\":\"WebPage\",\"@id\":\"https:\/\/business.roovi.com\/hu\/august-macke-1000-darabos-felnott-puzzle-negy-lany\/p\/\",\"url\":\"https:\/\/business.roovi.com\/hu\/august-macke-1000-darabos-felnott-puzzle-negy-lany\/p\/\",\"name\":\"August Macke 1000 darabos feln\u0151tt puzzle - N\u00e9gy l\u00e1ny\",\"isPartOf\":{\"@id\":\"https:\/\/business.roovi.com\/hu\/#website\"},\"datePublished\":\"2018-04-16T10:56:17+00:00\",\"dateModified\":\"2022-07-06T18:49:29+00:00\",\"description\":\"August Macke 1000 darabos feln\u0151tt puzzle - N\u00e9gy l\u00e1ny\",\"breadcrumb\":{\"@id\":\"https:\/\/business.roovi.com\/hu\/august-macke-1000-darabos-felnott-puzzle-negy-lany\/p\/#breadcrumb\"},\"inLanguage\":\"hu\",\"potentialAction\":[{\"@type\":\"ReadAction\",\"target\":[\"https:\/\/business.roovi.com\/hu\/august-macke-1000-darabos-felnott-puzzle-negy-lany\/p\/\"]}]},{\"@type\":\"BreadcrumbList\",\"@id\":\"https:\/\/business.roovi.com\/hu\/august-macke-1000-darabos-felnott-puzzle-negy-lany\/p\/#breadcrumb\",\"itemListElement\":[{\"@type\":\"ListItem\",\"position\":1,\"name\":\"Home\",\"item\":\"https:\/\/business.roovi.com\/hu\/\"},{\"@type\":\"ListItem\",\"position\":2,\"name\":\"Shop\",\"item\":\"https:\/\/business.roovi.com\/hu\/shop\/\"},{\"@type\":\"ListItem\",\"position\":3,\"name\":\"August Macke 1000 darabos feln\u0151tt puzzle &#8211; N\u00e9gy l\u00e1ny\"}]},{\"@type\":\"WebSite\",\"@id\":\"https:\/\/business.roovi.com\/hu\/#website\",\"url\":\"https:\/\/business.roovi.com\/hu\/\",\"name\":\"Roovi B2B\",\"description\":\"Roovi Business Website\",\"potentialAction\":[{\"@type\":\"SearchAction\",\"target\":{\"@type\":\"EntryPoint\",\"urlTemplate\":\"https:\/\/business.roovi.com\/hu\/?s={search_term_string}\"},\"query-input\":\"required name=search_term_string\"}],\"inLanguage\":\"hu\"}]}<\/script>\n<!-- \/ Yoast SEO plugin. -->","yoast_head_json":{"title":"August Macke 1000 darabos feln\u0151tt puzzle - N\u00e9gy l\u00e1ny","description":"August Macke 1000 darabos feln\u0151tt puzzle - N\u00e9gy l\u00e1ny","robots":{"index":"index","follow":"follow","max-snippet":"max-snippet:-1","max-image-preview":"max-image-preview:large","max-video-preview":"max-video-preview:-1"},"canonical":"https:\/\/business.roovi.com\/hu\/august-macke-1000-darabos-felnott-puzzle-negy-lany\/p\/","og_locale":"hu_HU","og_type":"article","og_title":"August Macke 1000 darabos feln\u0151tt puzzle - N\u00e9gy l\u00e1ny","og_description":"August Macke 1000 darabos feln\u0151tt puzzle - N\u00e9gy l\u00e1ny","og_url":"https:\/\/business.roovi.com\/hu\/august-macke-1000-darabos-felnott-puzzle-negy-lany\/p\/","og_site_name":"Roovi B2B","article_publisher":"https:\/\/www.facebook.com\/wwwjucariero","article_modified_time":"2022-07-06T18:49:29+00:00","og_image":[{"width":1200,"height":1200,"url":"https:\/\/business.roovi.com\/wp-content\/uploads\/2018\/04\/72863_01.jpg","type":"image\/jpeg"}],"twitter_misc":{"Becs\u00fclt olvas\u00e1si id\u0151":"3 perc"},"schema":{"@context":"https:\/\/schema.org","@graph":[{"@type":"WebPage","@id":"https:\/\/business.roovi.com\/hu\/august-macke-1000-darabos-felnott-puzzle-negy-lany\/p\/","url":"https:\/\/business.roovi.com\/hu\/august-macke-1000-darabos-felnott-puzzle-negy-lany\/p\/","name":"August Macke 1000 darabos feln\u0151tt puzzle - N\u00e9gy l\u00e1ny","isPartOf":{"@id":"https:\/\/business.roovi.com\/hu\/#website"},"datePublished":"2018-04-16T10:56:17+00:00","dateModified":"2022-07-06T18:49:29+00:00","description":"August Macke 1000 darabos feln\u0151tt puzzle - N\u00e9gy l\u00e1ny","breadcrumb":{"@id":"https:\/\/business.roovi.com\/hu\/august-macke-1000-darabos-felnott-puzzle-negy-lany\/p\/#breadcrumb"},"inLanguage":"hu","potentialAction":[{"@type":"ReadAction","target":["https:\/\/business.roovi.com\/hu\/august-macke-1000-darabos-felnott-puzzle-negy-lany\/p\/"]}]},{"@type":"BreadcrumbList","@id":"https:\/\/business.roovi.com\/hu\/august-macke-1000-darabos-felnott-puzzle-negy-lany\/p\/#breadcrumb","itemListElement":[{"@type":"ListItem","position":1,"name":"Home","item":"https:\/\/business.roovi.com\/hu\/"},{"@type":"ListItem","position":2,"name":"Shop","item":"https:\/\/business.roovi.com\/hu\/shop\/"},{"@type":"ListItem","position":3,"name":"August Macke 1000 darabos feln\u0151tt puzzle &#8211; N\u00e9gy l\u00e1ny"}]},{"@type":"WebSite","@id":"https:\/\/business.roovi.com\/hu\/#website","url":"https:\/\/business.roovi.com\/hu\/","name":"Roovi B2B","description":"Roovi Business Website","potentialAction":[{"@type":"SearchAction","target":{"@type":"EntryPoint","urlTemplate":"https:\/\/business.roovi.com\/hu\/?s={search_term_string}"},"query-input":"required name=search_term_string"}],"inLanguage":"hu"}]}},"_links":{"self":[{"href":"https:\/\/business.roovi.com\/hu\/wp-json\/wp\/v2\/product\/42095","targetHints":{"allow":["GET"]}}],"collection":[{"href":"https:\/\/business.roovi.com\/hu\/wp-json\/wp\/v2\/product"}],"about":[{"href":"https:\/\/business.roovi.com\/hu\/wp-json\/wp\/v2\/types\/product"}],"version-history":[{"count":0,"href":"https:\/\/business.roovi.com\/hu\/wp-json\/wp\/v2\/product\/42095\/revisions"}],"wp:featuredmedia":[{"embeddable":true,"href":"https:\/\/business.roovi.com\/hu\/wp-json\/wp\/v2\/media\/63596"}],"wp:attachment":[{"href":"https:\/\/business.roovi.com\/hu\/wp-json\/wp\/v2\/media?parent=42095"}],"wp:term":[{"taxonomy":"product_brand","embeddable":true,"href":"https:\/\/business.roovi.com\/hu\/wp-json\/wp\/v2\/product_brand?post=42095"},{"taxonomy":"product_cat","embeddable":true,"href":"https:\/\/business.roovi.com\/hu\/wp-json\/wp\/v2\/product_cat?post=42095"},{"taxonomy":"product_tag","embeddable":true,"href":"https:\/\/business.roovi.com\/hu\/wp-json\/wp\/v2\/product_tag?post=42095"}],"curies":[{"name":"wp","href":"https:\/\/api.w.org\/{rel}","templated":true}]}}