{"id":42099,"date":"2018-04-16T10:56:17","date_gmt":"2018-04-16T10:56:17","guid":{"rendered":"https:\/\/business.roovi.com\/puzzle-adulti-1000-piese-august-macke-two-girlsdoua-fete\/p\/"},"modified":"2023-02-21T13:08:00","modified_gmt":"2023-02-21T13:08:00","slug":"august-macke-1000-darabos-felnott-puzzle-ket-lany-doua-fete","status":"publish","type":"product","link":"https:\/\/business.roovi.com\/hu\/august-macke-1000-darabos-felnott-puzzle-ket-lany-doua-fete\/p\/","title":{"rendered":"August Macke 1000 darabos feln\u0151tt puzzle &#8211; K\u00e9t l\u00e1ny"},"content":{"rendered":"<p><span style=\"font-weight: 400;\">Azt hiszed, hogy j\u00f3 vagy az 1000 darabos kirak\u00f3s j\u00e1t\u00e9kokban? Kih\u00edvunk t\u00e9ged m\u0171v\u00e9szeti rejtv\u00e9nyekre! A h\u00edres m\u0171alkot\u00e1sok finom r\u00e9szletei elvar\u00e1zsolj\u00e1k \u00d6nt, \u00e9s sok \u00f3r\u00e1t t\u00f6lthet el pihentet\u0151 sz\u00f3rakoz\u00e1ssal a legkit\u0171n\u0151bb kirak\u00f3s j\u00e1t\u00e9kokkal.<\/span><\/p>\n<p><span style=\"font-weight: 400;\">August Macke 1000 Piece Puzzle &#8211; Two Girls c\u00edm\u0171 m\u0171ve a m\u0171v\u00e9sznek az olasz futurizmus ir\u00e1nti rajong\u00e1s\u00e1t t\u00fckr\u00f6zi, amely a sebess\u00e9get \u00e9s a technol\u00f3gi\u00e1t elk\u00e9peszt\u0151 m\u00f3don dics\u0151\u00edtette a fest\u00e9szetben. Macke l\u00e1nyai a v\u00e1ros ny\u00fczsg\u00e9s\u00e9nek r\u00e9szei. A festm\u00e9nyen \u00fagy t\u0171nik, hogy minden mozg\u00e1sban van <\/span><\/p>\n<p><span style=\"font-weight: 400;\">Az emberek \u00e9s a t\u00e1rgyak krist\u00e1lyos geometriai form\u00e1kba l\u00e1tszanak felold\u00f3dni. A m\u0171v\u00e9sz nem korl\u00e1tozza kompoz\u00edci\u00f3it absztrakt form\u00e1kra. A l\u00e1nyok elgondolkodnak a t\u00f6rt\u00e9ntekr\u0151l, de nem olvadnak \u00f6ssze az alakokba.<\/span><\/p>\n<p><span style=\"font-weight: 400;\">K\u00e9szen \u00e1llsz ennek a k\u00e9pnek az \u00fajraalkot\u00e1s\u00e1ra? H\u00fazza fel a szok\u00e1sos doh\u00e1nyz\u00f3asztalt, \u00e9s kezdjen el dolgozni egy m\u0171v\u00e9szi remekm\u0171v\u00f6n, amely \u00f3r\u00e1kig lek\u00f6ti majd a figyelm\u00e9t. Az \u00edgy k\u00e9sz\u00fclt festm\u00e9ny m\u00e9rete 50 x 70 cm <\/span><\/p>\n<p><span style=\"font-weight: 400;\">Inform\u00e1ci\u00f3k a m\u0171v\u00e9szeti puzzle August Macke &#8211; K\u00e9t l\u00e1ny c\u00edm\u0171 alkot\u00e1sr\u00f3l:<\/span><\/p>\n<p><strong>Puzzle anyag <\/strong><\/p>\n<p><strong>kiv\u00e1l\u00f3 min\u0151s\u00e9g\u0171 k\u00e9k karton<\/strong><\/p>\n<p><strong>fenntarthat\u00f3, \u00fajrahasznos\u00edthat\u00f3 anyagok<\/strong><\/p>\n<p><strong>f\u00e9lf\u00e9nyes kivitel, \u00e9l\u00e9nk sz\u00ednek<\/strong><\/p>\n<p><strong>A kirak\u00f3s darabok sz\u00e1ma: 1000<\/strong><\/p>\n<p><strong>Aj\u00e1nlott \u00e9letkor: 14+<\/strong><\/p>\n<p><span style=\"font-weight: 400;\">Rakd \u00f6ssze az August Macke &#8211; K\u00e9t l\u00e1ny m\u0171v\u00e9szeti puzzle-t, \u00e9s \u00e9lvezd a csod\u00e1latos el\u0151ny\u00f6ket <\/span><\/p>\n<ul>\n<li><span style=\"font-weight: 400;\">Seg\u00edt \u00fajra felfedezni a sz\u00e9ps\u00e9get egy egyszer\u0171 \u00e9s pihentet\u0151 tev\u00e9kenys\u00e9gen kereszt\u00fcl.<\/span><\/li>\n<li><span style=\"font-weight: 400;\">Olyan m\u0171v\u00e9szeti vil\u00e1gba kalauzol el, amelyet eddig tal\u00e1n nem volt lehet\u0151s\u00e9ged felfedezni.<\/span><\/li>\n<li><span style=\"font-weight: 400;\">Ezzel a csod\u00e1latos kirak\u00f3s j\u00e1t\u00e9kkal \u00fajraalkothatsz egy h\u00edres festm\u00e9nyt, amelyet bekeretezhetsz \u00e9s megjelen\u00edthetsz otthonodban.<\/span><\/li>\n<li><span style=\"font-weight: 400;\">Lehet\u0151s\u00e9get ad arra, hogy a legapr\u00f3bb r\u00e9szletekig megcsod\u00e1lhassunk egy megalkotott m\u0171alkot\u00e1st.<\/span><\/li>\n<\/ul>\n<p><strong>Tudta, hogy August Macke&#8230;?<\/strong><\/p>\n<p><span style=\"font-weight: 400;\">\u0150 az egyik legh\u00edresebb n\u00e9met impresszionista fest\u0151.<\/span><\/p>\n<p><span style=\"font-weight: 400;\">A n\u00e9met m\u0171v\u00e9szet k\u00fcl\u00f6n\u00f6sen innovat\u00edv id\u0151szak\u00e1ban \u00e9lt: tan\u00faja volt a f\u0151bb expresszionista ir\u00e1nyzatok kialakul\u00e1s\u00e1nak, valamint az eur\u00f3pai avantg\u00e1rd mozgalmak fejl\u0151d\u00e9s\u00e9nek.<\/span><\/p>\n<p><span style=\"font-weight: 400;\">P\u00e1rizsba utazott, ahol l\u00e1tta a francia impresszionist\u00e1k festm\u00e9nyeit, amelyek leny\u0171g\u00f6zt\u00e9k \u00e9s m\u00e9lyen hatottak r\u00e1.<\/span><\/p>\n<p><span style=\"font-weight: 400;\">Festm\u00e9nyeibe az avantg\u00e1rd elemeit \u00e9p\u00edtette be, amelyek legink\u00e1bb \u00e9rdekelt\u00e9k. Egyszer\u0171s\u00edtett form\u00e1k \u00e9s \u00e9l\u00e9nk sz\u00ednek kombin\u00e1ci\u00f3j\u00e1val portr\u00e9kat \u00e9s figur\u00e1lis jeleneteket k\u00e9sz\u00edtett.<\/span><\/p>\n<p><span style=\"font-weight: 400;\">R\u00f6vid karrierje volt. Mind\u00f6ssze 27 \u00e9ves kor\u00e1ban halt meg az els\u0151 vil\u00e1gh\u00e1bor\u00fa franciaorsz\u00e1gi frontj\u00e1n.<\/span><\/p>\n<p><strong>Feln\u0151tt puzzle August Macke &#8211; K\u00e9t l\u00e1ny min\u0151s\u00e9gi id\u0151t t\u00f6lt a bar\u00e1taival<\/strong><\/p>\n<p><span style=\"font-weight: 400;\">Gy\u0171jtsd \u00f6ssze bar\u00e1taidat, \u00e9s t\u00f6ltsetek egy\u00fctt egy tematikus est\u00e9t ennek a m\u0171v\u00e9szi kirak\u00f3s k\u00e9pnek a kit\u00f6lt\u00e9s\u00e9vel. Dolgozzatok p\u00e1rban a kirak\u00f3s k\u00fcl\u00f6nb\u00f6z\u0151 r\u00e9szein, hat\u00e1rozz\u00e1tok meg a legjobb strat\u00e9gi\u00e1t, \u00e9s pihenjetek egy\u00fctt n\u00e9h\u00e1ny j\u00f3 \u00f3r\u00e1t a monoton h\u00e9tv\u00e9g\u00e9ken.<\/span><\/p>\n<p><span style=\"font-weight: 400;\">Ezt a m\u0171v\u00e9szi kirak\u00f3t a h\u00e1zban tarthatja, \u00e9s b\u00e1rmikor \u00fajra elk\u00e9sz\u00edtheti, amikor \u00fagy \u00e9rzi, hogy el kell szakadnia a mindennapokt\u00f3l. Min\u0151s\u00e9gi anyagokb\u00f3l k\u00e9sz\u00fclt, amelyek ellen\u00e1ll\u00f3v\u00e1 teszik a t\u00f6bbsz\u00f6ri haszn\u00e1latot. Aj\u00e1nd\u00e9kba is adhat\u00f3 a kirak\u00f3s j\u00e1t\u00e9kokat kedvel\u0151 bar\u00e1toknak vagy \u00fcnnepi alkalmakkor.<\/span><\/p>\n","protected":false},"excerpt":{"rendered":"<p>Azt hiszed, hogy j\u00f3 vagy az 1000 darabos kirak\u00f3s j\u00e1t\u00e9kokban? Kih\u00edvunk t\u00e9ged m\u0171v\u00e9szeti rejtv\u00e9nyekre! A h\u00edres m\u0171alkot\u00e1sok finom r\u00e9szletei elvar\u00e1zsolj\u00e1k<\/p>\n","protected":false},"featured_media":63605,"template":"","meta":[],"product_brand":[],"product_cat":[1920,1919,1881],"product_tag":[],"class_list":{"0":"post-42099","1":"product","2":"type-product","3":"status-publish","4":"has-post-thumbnail","6":"product_cat-1000-darabos-kirakos-jatek","7":"product_cat-felnott-kirakos-jatekok","8":"product_cat-kirakos-jatekok","9":"pa_bax-10-hu","10":"pa_brand-d_toys-hu","11":"pa_country_of_manufacture-ro-hu","12":"pa_filter_age-14-hu","13":"pa_painter-august-macke-hu","14":"pa_tip_ambalaj-doboz","15":"pa_tip_puzzle-klasszikus","17":"first","18":"instock","19":"taxable","20":"shipping-taxable","21":"product-type-simple"},"yoast_head":"<!-- This site is optimized with the Yoast SEO plugin v20.1 - https:\/\/yoast.com\/wordpress\/plugins\/seo\/ -->\n<title>August Macke 1000 darabos feln\u0151tt puzzle - K\u00e9t l\u00e1ny\/Dou\u0103 fete<\/title>\n<meta name=\"description\" content=\"August Macke 1000 darabos feln\u0151tt puzzle - K\u00e9t l\u00e1ny\/Dou\u0103 fete\" \/>\n<meta name=\"robots\" content=\"index, follow, max-snippet:-1, max-image-preview:large, max-video-preview:-1\" \/>\n<link rel=\"canonical\" href=\"https:\/\/business.roovi.com\/hu\/august-macke-1000-darabos-felnott-puzzle-ket-lany-doua-fete\/p\/\" \/>\n<meta property=\"og:locale\" content=\"hu_HU\" \/>\n<meta property=\"og:type\" content=\"article\" \/>\n<meta property=\"og:title\" content=\"August Macke 1000 darabos feln\u0151tt puzzle - K\u00e9t l\u00e1ny\/Dou\u0103 fete\" \/>\n<meta property=\"og:description\" content=\"August Macke 1000 darabos feln\u0151tt puzzle - K\u00e9t l\u00e1ny\/Dou\u0103 fete\" \/>\n<meta property=\"og:url\" content=\"https:\/\/business.roovi.com\/hu\/august-macke-1000-darabos-felnott-puzzle-ket-lany-doua-fete\/p\/\" \/>\n<meta property=\"og:site_name\" content=\"Roovi B2B\" \/>\n<meta property=\"article:publisher\" content=\"https:\/\/www.facebook.com\/wwwjucariero\" \/>\n<meta property=\"article:modified_time\" content=\"2023-02-21T13:08:00+00:00\" \/>\n<meta property=\"og:image\" content=\"https:\/\/business.roovi.com\/wp-content\/uploads\/2018\/04\/72863-MA-02-WEB.jpg\" \/>\n\t<meta property=\"og:image:width\" content=\"1200\" \/>\n\t<meta property=\"og:image:height\" content=\"1200\" \/>\n\t<meta property=\"og:image:type\" content=\"image\/jpeg\" \/>\n<meta name=\"twitter:label1\" content=\"Becs\u00fclt olvas\u00e1si id\u0151\" \/>\n\t<meta name=\"twitter:data1\" content=\"3 perc\" \/>\n<script type=\"application\/ld+json\" class=\"yoast-schema-graph\">{\"@context\":\"https:\/\/schema.org\",\"@graph\":[{\"@type\":\"WebPage\",\"@id\":\"https:\/\/business.roovi.com\/hu\/august-macke-1000-darabos-felnott-puzzle-ket-lany-doua-fete\/p\/\",\"url\":\"https:\/\/business.roovi.com\/hu\/august-macke-1000-darabos-felnott-puzzle-ket-lany-doua-fete\/p\/\",\"name\":\"August Macke 1000 darabos feln\u0151tt puzzle - K\u00e9t l\u00e1ny\/Dou\u0103 fete\",\"isPartOf\":{\"@id\":\"https:\/\/business.roovi.com\/hu\/#website\"},\"datePublished\":\"2018-04-16T10:56:17+00:00\",\"dateModified\":\"2023-02-21T13:08:00+00:00\",\"description\":\"August Macke 1000 darabos feln\u0151tt puzzle - K\u00e9t l\u00e1ny\/Dou\u0103 fete\",\"breadcrumb\":{\"@id\":\"https:\/\/business.roovi.com\/hu\/august-macke-1000-darabos-felnott-puzzle-ket-lany-doua-fete\/p\/#breadcrumb\"},\"inLanguage\":\"hu\",\"potentialAction\":[{\"@type\":\"ReadAction\",\"target\":[\"https:\/\/business.roovi.com\/hu\/august-macke-1000-darabos-felnott-puzzle-ket-lany-doua-fete\/p\/\"]}]},{\"@type\":\"BreadcrumbList\",\"@id\":\"https:\/\/business.roovi.com\/hu\/august-macke-1000-darabos-felnott-puzzle-ket-lany-doua-fete\/p\/#breadcrumb\",\"itemListElement\":[{\"@type\":\"ListItem\",\"position\":1,\"name\":\"Home\",\"item\":\"https:\/\/business.roovi.com\/hu\/\"},{\"@type\":\"ListItem\",\"position\":2,\"name\":\"Shop\",\"item\":\"https:\/\/business.roovi.com\/hu\/shop\/\"},{\"@type\":\"ListItem\",\"position\":3,\"name\":\"August Macke 1000 darabos feln\u0151tt puzzle &#8211; K\u00e9t l\u00e1ny\"}]},{\"@type\":\"WebSite\",\"@id\":\"https:\/\/business.roovi.com\/hu\/#website\",\"url\":\"https:\/\/business.roovi.com\/hu\/\",\"name\":\"Roovi B2B\",\"description\":\"Roovi Business Website\",\"potentialAction\":[{\"@type\":\"SearchAction\",\"target\":{\"@type\":\"EntryPoint\",\"urlTemplate\":\"https:\/\/business.roovi.com\/hu\/?s={search_term_string}\"},\"query-input\":\"required name=search_term_string\"}],\"inLanguage\":\"hu\"}]}<\/script>\n<!-- \/ Yoast SEO plugin. -->","yoast_head_json":{"title":"August Macke 1000 darabos feln\u0151tt puzzle - K\u00e9t l\u00e1ny\/Dou\u0103 fete","description":"August Macke 1000 darabos feln\u0151tt puzzle - K\u00e9t l\u00e1ny\/Dou\u0103 fete","robots":{"index":"index","follow":"follow","max-snippet":"max-snippet:-1","max-image-preview":"max-image-preview:large","max-video-preview":"max-video-preview:-1"},"canonical":"https:\/\/business.roovi.com\/hu\/august-macke-1000-darabos-felnott-puzzle-ket-lany-doua-fete\/p\/","og_locale":"hu_HU","og_type":"article","og_title":"August Macke 1000 darabos feln\u0151tt puzzle - K\u00e9t l\u00e1ny\/Dou\u0103 fete","og_description":"August Macke 1000 darabos feln\u0151tt puzzle - K\u00e9t l\u00e1ny\/Dou\u0103 fete","og_url":"https:\/\/business.roovi.com\/hu\/august-macke-1000-darabos-felnott-puzzle-ket-lany-doua-fete\/p\/","og_site_name":"Roovi B2B","article_publisher":"https:\/\/www.facebook.com\/wwwjucariero","article_modified_time":"2023-02-21T13:08:00+00:00","og_image":[{"width":1200,"height":1200,"url":"https:\/\/business.roovi.com\/wp-content\/uploads\/2018\/04\/72863-MA-02-WEB.jpg","type":"image\/jpeg"}],"twitter_misc":{"Becs\u00fclt olvas\u00e1si id\u0151":"3 perc"},"schema":{"@context":"https:\/\/schema.org","@graph":[{"@type":"WebPage","@id":"https:\/\/business.roovi.com\/hu\/august-macke-1000-darabos-felnott-puzzle-ket-lany-doua-fete\/p\/","url":"https:\/\/business.roovi.com\/hu\/august-macke-1000-darabos-felnott-puzzle-ket-lany-doua-fete\/p\/","name":"August Macke 1000 darabos feln\u0151tt puzzle - K\u00e9t l\u00e1ny\/Dou\u0103 fete","isPartOf":{"@id":"https:\/\/business.roovi.com\/hu\/#website"},"datePublished":"2018-04-16T10:56:17+00:00","dateModified":"2023-02-21T13:08:00+00:00","description":"August Macke 1000 darabos feln\u0151tt puzzle - K\u00e9t l\u00e1ny\/Dou\u0103 fete","breadcrumb":{"@id":"https:\/\/business.roovi.com\/hu\/august-macke-1000-darabos-felnott-puzzle-ket-lany-doua-fete\/p\/#breadcrumb"},"inLanguage":"hu","potentialAction":[{"@type":"ReadAction","target":["https:\/\/business.roovi.com\/hu\/august-macke-1000-darabos-felnott-puzzle-ket-lany-doua-fete\/p\/"]}]},{"@type":"BreadcrumbList","@id":"https:\/\/business.roovi.com\/hu\/august-macke-1000-darabos-felnott-puzzle-ket-lany-doua-fete\/p\/#breadcrumb","itemListElement":[{"@type":"ListItem","position":1,"name":"Home","item":"https:\/\/business.roovi.com\/hu\/"},{"@type":"ListItem","position":2,"name":"Shop","item":"https:\/\/business.roovi.com\/hu\/shop\/"},{"@type":"ListItem","position":3,"name":"August Macke 1000 darabos feln\u0151tt puzzle &#8211; K\u00e9t l\u00e1ny"}]},{"@type":"WebSite","@id":"https:\/\/business.roovi.com\/hu\/#website","url":"https:\/\/business.roovi.com\/hu\/","name":"Roovi B2B","description":"Roovi Business Website","potentialAction":[{"@type":"SearchAction","target":{"@type":"EntryPoint","urlTemplate":"https:\/\/business.roovi.com\/hu\/?s={search_term_string}"},"query-input":"required name=search_term_string"}],"inLanguage":"hu"}]}},"_links":{"self":[{"href":"https:\/\/business.roovi.com\/hu\/wp-json\/wp\/v2\/product\/42099","targetHints":{"allow":["GET"]}}],"collection":[{"href":"https:\/\/business.roovi.com\/hu\/wp-json\/wp\/v2\/product"}],"about":[{"href":"https:\/\/business.roovi.com\/hu\/wp-json\/wp\/v2\/types\/product"}],"version-history":[{"count":0,"href":"https:\/\/business.roovi.com\/hu\/wp-json\/wp\/v2\/product\/42099\/revisions"}],"wp:featuredmedia":[{"embeddable":true,"href":"https:\/\/business.roovi.com\/hu\/wp-json\/wp\/v2\/media\/63605"}],"wp:attachment":[{"href":"https:\/\/business.roovi.com\/hu\/wp-json\/wp\/v2\/media?parent=42099"}],"wp:term":[{"taxonomy":"product_brand","embeddable":true,"href":"https:\/\/business.roovi.com\/hu\/wp-json\/wp\/v2\/product_brand?post=42099"},{"taxonomy":"product_cat","embeddable":true,"href":"https:\/\/business.roovi.com\/hu\/wp-json\/wp\/v2\/product_cat?post=42099"},{"taxonomy":"product_tag","embeddable":true,"href":"https:\/\/business.roovi.com\/hu\/wp-json\/wp\/v2\/product_tag?post=42099"}],"curies":[{"name":"wp","href":"https:\/\/api.w.org\/{rel}","templated":true}]}}