{"id":42111,"date":"2018-04-16T10:56:17","date_gmt":"2018-04-16T10:56:17","guid":{"rendered":"https:\/\/business.roovi.com\/puzzle-adulti-1000-piese-claude-monet-red-boats-at-argenteuil\/p\/"},"modified":"2022-07-06T18:49:57","modified_gmt":"2022-07-06T18:49:57","slug":"felnott-1000-darabos-puzzle-claude-monet-voros-csonakok-argenteuil-ben","status":"publish","type":"product","link":"https:\/\/business.roovi.com\/hu\/felnott-1000-darabos-puzzle-claude-monet-voros-csonakok-argenteuil-ben\/p\/","title":{"rendered":"Feln\u0151tt 1000 darabos puzzle Claude Monet &#8211; V\u00f6r\u00f6s cs\u00f3nakok Argenteuil-ben"},"content":{"rendered":"<p><span style=\"font-weight: 400;line-height: 14px;font-size: 14px\">Ihletet \u00e9rzel? Kih\u00edvunk t\u00e9ged, hogy rakj \u00f6ssze 1000 darabos kirak\u00f3sokat a Rom\u00e1ni\u00e1ban gy\u00e1rtott m\u0171v\u00e9szi kirak\u00f3sok legnagyobb v\u00e1laszt\u00e9k\u00e1b\u00f3l. A Mona Lisa, a V\u00e9nusz sz\u00fclet\u00e9se, az \u00c9jszakai \u0151rs\u00e9g \u00e9s sok m\u00e1s m\u0171v\u00e9szeti remekm\u0171 csak egy kattint\u00e1sra van. Adja le rendel\u00e9s\u00e9t, \u00e1ll\u00edtsa \u00f6ssze a k\u00e9peket \u00e9s \u00e9lvezze a leny\u0171g\u00f6z\u0151 m\u0171v\u00e9szi puzzle festm\u00e9nyeket!<\/span><\/p>\n<p><span style=\"line-height: 14px;font-size: 14px\"><span style=\"font-weight: 400\">1000 darabos puzzle<\/span> <span style=\"font-weight: 400\">Claude Monet &#8211; V\u00f6r\u00f6s cs\u00f3nakok Argenteuil-n\u00e9l c\u00edm\u0171 k\u00e9pe sz\u00ednes v\u00e1sznat fest, amely egy fest\u0151i t\u00e1j benyom\u00e1s\u00e1t kelti. A legt\u00f6bb impresszionist\u00e1hoz hasonl\u00f3an Monet tudatosan ker\u00fclte az akad\u00e9mikus fest\u00e9szet strukt\u00far\u00e1j\u00e1t \u00e9s v\u00e9ges vonalvezet\u00e9s\u00e9t, ami ennek a k\u00e9pnek ellen\u00e1llhatatlan jelleget k\u00f6lcs\u00f6n\u00f6z. Fejezd be ezt a csod\u00e1latos m\u0171v\u00e9szeti kirak\u00f3t, \u00e9s gy\u00f6ny\u00f6rk\u00f6dtesd az \u00e9rz\u00e9keidet egy kiv\u00e9teles m\u0171v\u00e9szi k\u00e9ppel <\/span><\/span><\/p>\n<p><span style=\"font-weight: 400;line-height: 14px;font-size: 14px\">Az 1000 darabos Claude Monet &#8211; V\u00f6r\u00f6s cs\u00f3nakok Argenteuilben puzzle kiv\u00e9teles min\u0151s\u00e9g\u0171 anyagokb\u00f3l k\u00e9sz\u00fclt, \u00edgy az eredeti festm\u00e9ny leny\u0171g\u00f6z\u0151 r\u00e9szleteit meg\u00f6r\u00f6k\u00edtheti az \u00fajraalkotott festm\u00e9nyen. A k\u00e9pet ebb\u0151l a m\u0171v\u00e9szeti kirak\u00f3sb\u00f3l b\u00e1rmikor \u00fajraalkothatja, a festm\u00e9ny minden alkalommal hib\u00e1tlan lesz.<\/span><\/p>\n<p><span style=\"font-weight: 400;line-height: 14px;font-size: 14px\">Claude Monet &#8211; V\u00f6r\u00f6s cs\u00f3nakok Argenteuil-ben m\u0171v\u00e9szeti kirak\u00f3s j\u00e1t\u00e9k jellemz\u0151i<\/span><\/p>\n<p><span style=\"line-height: 14px;font-size: 14px\"><strong>A rekonstru\u00e1lt k\u00e9p m\u00e9rete: 50 x 70 cm<\/strong><\/span><\/p>\n<p><span style=\"line-height: 14px;font-size: 14px\"><strong>Puzzle anyag <\/strong><\/span><\/p>\n<p><span style=\"line-height: 14px;font-size: 14px\"><strong>kiv\u00e1l\u00f3 min\u0151s\u00e9g\u0171 k\u00e9k karton<\/strong><\/span><\/p>\n<p><span style=\"line-height: 14px;font-size: 14px\"><strong>fenntarthat\u00f3, \u00fajrahasznos\u00edthat\u00f3 anyagok<\/strong><\/span><\/p>\n<p><span style=\"line-height: 14px;font-size: 14px\"><strong>f\u00e9lf\u00e9nyes kivitel, \u00e9l\u00e9nk sz\u00ednek<\/strong><\/span><\/p>\n<p><span style=\"line-height: 14px;font-size: 14px\"><strong>A kirak\u00f3s darabok sz\u00e1ma: 1000<\/strong><\/span><\/p>\n<p><span style=\"line-height: 14px;font-size: 14px\"><strong>Aj\u00e1nlott \u00e9letkor: 14+<\/strong><\/span><\/p>\n<p><span style=\"line-height: 14px;font-size: 14px\"><strong>Rejtv\u00e9nyj\u00e1t\u00e9kok \u00e9s vizu\u00e1lis \u00e9s t\u00e9rbeli intelligencia<\/strong><\/span><\/p>\n<p><span style=\"font-weight: 400;line-height: 14px;font-size: 14px\">A vizu\u00e1lis-t\u00e9rbeli intelligencia a k\u00e9pekkel val\u00f3 gondolkod\u00e1s \u00e9s tanul\u00e1s intelligenci\u00e1ja, a mint\u00e1k alakj\u00e1nak \u00e9s egy t\u00e1rgy ter\u00e9nek meg\u00e9rt\u00e9se, bele\u00e9rtve a kreat\u00edv gondolkod\u00e1st is. Ez a fest\u0151kre, \u00e9p\u00edt\u00e9szekre, \u00e9p\u00edt\u00e9szekre vagy rep\u00fcl\u0151g\u00e9p-pil\u00f3t\u00e1kra jellemz\u0151. A kirak\u00f3s j\u00e1t\u00e9kokon kereszt\u00fcl fejl\u0151dnek ezek a vizu\u00e1lis \u00e9s t\u00e9rbeli k\u00e9szs\u00e9gek, azaz a forma, a m\u00e9ret, a sz\u00edn \u00e9s a t\u00e9r felismer\u00e9se \u00e9s meg\u00e9rt\u00e9se.  <\/span><\/p>\n<p><span style=\"line-height: 14px;font-size: 14px\"><strong>A puzzle j\u00e1t\u00e9kok nagyszer\u0171ek a mem\u00f3ria sz\u00e1m\u00e1ra<\/strong><\/span><\/p>\n<p><span style=\"font-weight: 400;line-height: 14px;font-size: 14px\">Az 1000 darabos puzzle kih\u00edv\u00e1s, hogy eml\u00e9kezzen a darabok form\u00e1ira, sz\u00edneire vagy a k\u00e9p \u00e1rnyalataira. Am\u00edg meg nem oldod a kirak\u00f3s j\u00e1t\u00e9kot, addig sokat gyakorolod a mem\u00f3ri\u00e1t. Mindez serkenti a r\u00f6vid t\u00e1v\u00fa mem\u00f3ri\u00e1t, \u00e9s seg\u00edt, hogy ezen az oldalon \u00e9les maradjon.<\/span><\/p>\n<p><span style=\"line-height: 14px;font-size: 14px\"><strong>A rejtv\u00e9nyj\u00e1t\u00e9kok innovat\u00edv m\u00f3don seg\u00edtenek megold\u00e1sokat tal\u00e1lni<\/strong><\/span><\/p>\n<p><span style=\"font-weight: 400;line-height: 14px;font-size: 14px\">Az 1000 darabos kirak\u00f3s egy olyan probl\u00e9ma, amelyet nagy kitart\u00e1ssal oldasz meg. Amikor \u00f6ssze\u00e1ll\u00edtasz egy kirak\u00f3s j\u00e1t\u00e9kot, olyan vagy, mintha egy labirintusban lenn\u00e9l, \u00e9s k\u00fczdesz, hogy megtal\u00e1ld a legjobb megold\u00e1st a kijut\u00e1shoz. Kis l\u00e9p\u00e9sekkel, egy j\u00f3 strat\u00e9gi\u00e1val teljes\u00edted a feladatot, hogy \u00f6sszerakd a t\u00f6k\u00e9letes k\u00e9pet. Ez az innovat\u00edv megold\u00e1sok megtal\u00e1l\u00e1s\u00e1nak k\u00e9pess\u00e9ge seg\u00edt abban, hogy m\u00e1s, a mindennapi \u00e9letben megoldand\u00f3 probl\u00e9m\u00e1kat is ugyanolyan j\u00f3l oldj meg.<\/span><\/p>\n<p><span style=\"line-height: 14px;font-size: 14px\"><strong>5 \u00e9rdekess\u00e9g Monet-r\u00f3l \u00e9s az Argenteuil-i v\u00f6r\u00f6s cs\u00f3nakokr\u00f3l<\/strong><\/span><\/p>\n<p><span style=\"font-weight: 400;line-height: 14px;font-size: 14px\">1. Monet 4 \u00e9vet t\u00f6lt\u00f6tt Argenteuil-ben, ez id\u0151 alatt m\u00e1s m\u0171v\u00e9szbar\u00e1tok is csatlakoztak hozz\u00e1: Pierre-Auguste Renoir, Edouard Manet \u00e9s Alfred Sisley, \u00e9s egy\u00fctt alkott\u00e1k meg az impresszionista st\u00edlust. Ebben az id\u0151szakban Monet a napf\u00e9ny v\u00edzre gyakorolt hat\u00e1s\u00e1nak tanulm\u00e1nyoz\u00e1s\u00e1val, megfigyel\u00e9s\u00e9vel \u00e9s k\u00eds\u00e9rleti reprodukci\u00f3k k\u00e9sz\u00edt\u00e9s\u00e9vel alak\u00edtotta ki jellegzetes st\u00edlus\u00e1t.<\/span><\/p>\n<p><span style=\"font-weight: 400;line-height: 14px;font-size: 14px\">2. Monet festm\u00e9nye harm\u00f3ni\u00e1t \u00e9s sz\u00e9ps\u00e9get k\u00f6zvet\u00edt, szemben a val\u00f3s\u00e1ggal, amikor Argenteuil egy z\u0171rzavaros v\u00e1ros volt, \u00e9s a rajta kereszt\u00fclfoly\u00f3 foly\u00f3 rendk\u00edv\u00fcl szennyezett.<\/span><\/p>\n<p><span style=\"font-weight: 400;line-height: 14px;font-size: 14px\">3. Monet szabadt\u00e9ri alkot\u00f3tev\u00e9kenys\u00e9ge val\u00f3s\u00e1gos m\u0171v\u00e9szeti forradalmat ind\u00edtott el a maga kor\u00e1ban.<\/span><\/p>\n<p><span style=\"font-weight: 400;line-height: 14px;font-size: 14px\">4. A szabadban val\u00f3 fest\u00e9sben j\u00e1rtas Monet gondosan kiv\u00e1lasztotta a term\u00e9szet azon elemeit, amelyeket festm\u00e9nyeire k\u00edv\u00e1nt felvenni, de v\u00e1sznait gyakran a m\u0171teremben fejezte be.<\/span><\/p>\n<p><span style=\"font-weight: 400;line-height: 14px;font-size: 14px\">5. Ennek az idilli jelenetnek a kromatikus reprodukci\u00f3j\u00e1ban a t\u00e1rgyak \u00e9s a t\u00e1rgyak szinte l\u00e9nyegtelenek &#8211; az igazi t\u00e9ma a f\u00e9ny, a t\u00e9r \u00e9s a term\u00e9szet.<\/span><\/p>\n<p><span style=\"line-height: 14px;font-size: 14px\"><strong>\u00c1ll\u00edtsd \u00f6ssze a m\u0171v\u00e9szeti rejtv\u00e9nyeket \u00e9s \u00e9lvezd az egyed\u00fcl\u00e1ll\u00f3 \u00e9lm\u00e9nyt!<\/strong><\/span><\/p>\n<p><span style=\"font-weight: 400;line-height: 14px;font-size: 14px\">A m\u0171v\u00e9szeti rejtv\u00e9nyek a h\u00edres festm\u00e9nyek \u00faj, kev\u00e9sb\u00e9 ismert \u00e9s felfedezett vil\u00e1g\u00e1t mutatj\u00e1k meg. M\u0171v\u00e9szeti rejtv\u00e9nyeken kereszt\u00fcl fedezz fel elk\u00e9peszt\u0151 inform\u00e1ci\u00f3kat a vil\u00e1g nagyszer\u0171 remekm\u0171veir\u0151l. Ezen k\u00edv\u00fcl csiszolhatod 1000 darabos kirak\u00f3s k\u00e9szs\u00e9geidet, \u00e9s m\u0171v\u00e9szi festm\u00e9nyeket k\u00e9sz\u00edthetsz, amelyekkel otthonodat d\u00edsz\u00edtheted.<\/span><\/p>\n<p><span style=\"font-weight: 400;line-height: 14px;font-size: 14px\">V\u00e1s\u00e1roljon Claude Monet &#8211; V\u00f6r\u00f6s cs\u00f3nakok Argenteuilben 1000 darabos puzzle-t most, \u00e9s szerezzen egy klasszikus, szuper pihentet\u0151 elfoglalts\u00e1got! Rakja \u00f6ssze az 1000 darabos puzzle-t, keretezze be a festm\u00e9nyt, \u00e9s \u00e9lvezze a kiv\u00e9teles d\u00edszt\u00e1rgyat. Fedezd fel a t\u00f6bbi csod\u00e1latos feln\u0151tt rejtv\u00e9nyt a m\u0171v\u00e9szeti rejtv\u00e9nygy\u0171jtem\u00e9ny\u00fcnkben, \u00e9s hozd l\u00e9tre saj\u00e1t eredeti m\u0171v\u00e9szeti gy\u0171jtem\u00e9nyedet.<\/span><\/p>\n<p><span style=\"font-weight: 400;line-height: 14px;font-size: 14px\">Aj\u00e1nd\u00e9kozzon egy 1000 darabos Claude Monet &#8211; V\u00f6r\u00f6s cs\u00f3nakok Argenteuil-ben puzzle-t, \u00e9s szerezzen \u00f6r\u00f6met puzzle-rajong\u00f3 bar\u00e1tainak!<\/span><\/p><\/p>\n","protected":false},"excerpt":{"rendered":"<p>Ihletet \u00e9rzel? Kih\u00edvunk t\u00e9ged, hogy rakj \u00f6ssze 1000 darabos kirak\u00f3sokat a Rom\u00e1ni\u00e1ban gy\u00e1rtott m\u0171v\u00e9szi kirak\u00f3sok legnagyobb v\u00e1laszt\u00e9k\u00e1b\u00f3l. A Mona Lisa,<\/p>\n","protected":false},"featured_media":63272,"template":"","meta":[],"product_brand":[],"product_cat":[1881,1919,1920],"product_tag":[],"class_list":{"0":"post-42111","1":"product","2":"type-product","3":"status-publish","4":"has-post-thumbnail","6":"product_cat-kirakos-jatekok","7":"product_cat-felnott-kirakos-jatekok","8":"product_cat-1000-darabos-kirakos-jatek","9":"pa_brand-d_toys-hu","10":"pa_country_of_manufacture-ro-hu","11":"pa_filter_age-14-hu","12":"pa_painter-claude-monet-hu","13":"pa_tip_ambalaj-doboz","14":"pa_tip_puzzle-klasszikus","16":"first","17":"instock","18":"taxable","19":"shipping-taxable","20":"product-type-simple"},"yoast_head":"<!-- This site is optimized with the Yoast SEO plugin v20.1 - https:\/\/yoast.com\/wordpress\/plugins\/seo\/ -->\n<title>Feln\u0151tt 1000 darabos puzzle Claude Monet - V\u00f6r\u00f6s cs\u00f3nakok Argenteuil-ben<\/title>\n<meta name=\"description\" content=\"Feln\u0151tt 1000 darabos puzzle Claude Monet - V\u00f6r\u00f6s cs\u00f3nakok Argenteuil-ben\" \/>\n<meta name=\"robots\" content=\"index, follow, max-snippet:-1, max-image-preview:large, max-video-preview:-1\" \/>\n<link rel=\"canonical\" href=\"https:\/\/business.roovi.com\/hu\/felnott-1000-darabos-puzzle-claude-monet-voros-csonakok-argenteuil-ben\/p\/\" \/>\n<meta property=\"og:locale\" content=\"hu_HU\" \/>\n<meta property=\"og:type\" content=\"article\" \/>\n<meta property=\"og:title\" content=\"Feln\u0151tt 1000 darabos puzzle Claude Monet - V\u00f6r\u00f6s cs\u00f3nakok Argenteuil-ben\" \/>\n<meta property=\"og:description\" content=\"Feln\u0151tt 1000 darabos puzzle Claude Monet - V\u00f6r\u00f6s cs\u00f3nakok Argenteuil-ben\" \/>\n<meta property=\"og:url\" content=\"https:\/\/business.roovi.com\/hu\/felnott-1000-darabos-puzzle-claude-monet-voros-csonakok-argenteuil-ben\/p\/\" \/>\n<meta property=\"og:site_name\" content=\"Roovi B2B\" \/>\n<meta property=\"article:publisher\" content=\"https:\/\/www.facebook.com\/wwwjucariero\" \/>\n<meta property=\"article:modified_time\" content=\"2022-07-06T18:49:57+00:00\" \/>\n<meta property=\"og:image\" content=\"https:\/\/business.roovi.com\/wp-content\/uploads\/2018\/04\/67548-04_ansamblu_dimensiuni_cutie_1200x1200.png\" \/>\n\t<meta property=\"og:image:width\" content=\"1200\" \/>\n\t<meta property=\"og:image:height\" content=\"1200\" \/>\n\t<meta property=\"og:image:type\" content=\"image\/png\" \/>\n<meta name=\"twitter:label1\" content=\"Becs\u00fclt olvas\u00e1si id\u0151\" \/>\n\t<meta name=\"twitter:data1\" content=\"5 perc\" \/>\n<script type=\"application\/ld+json\" class=\"yoast-schema-graph\">{\"@context\":\"https:\/\/schema.org\",\"@graph\":[{\"@type\":\"WebPage\",\"@id\":\"https:\/\/business.roovi.com\/hu\/felnott-1000-darabos-puzzle-claude-monet-voros-csonakok-argenteuil-ben\/p\/\",\"url\":\"https:\/\/business.roovi.com\/hu\/felnott-1000-darabos-puzzle-claude-monet-voros-csonakok-argenteuil-ben\/p\/\",\"name\":\"Feln\u0151tt 1000 darabos puzzle Claude Monet - V\u00f6r\u00f6s cs\u00f3nakok Argenteuil-ben\",\"isPartOf\":{\"@id\":\"https:\/\/business.roovi.com\/hu\/#website\"},\"datePublished\":\"2018-04-16T10:56:17+00:00\",\"dateModified\":\"2022-07-06T18:49:57+00:00\",\"description\":\"Feln\u0151tt 1000 darabos puzzle Claude Monet - V\u00f6r\u00f6s cs\u00f3nakok Argenteuil-ben\",\"breadcrumb\":{\"@id\":\"https:\/\/business.roovi.com\/hu\/felnott-1000-darabos-puzzle-claude-monet-voros-csonakok-argenteuil-ben\/p\/#breadcrumb\"},\"inLanguage\":\"hu\",\"potentialAction\":[{\"@type\":\"ReadAction\",\"target\":[\"https:\/\/business.roovi.com\/hu\/felnott-1000-darabos-puzzle-claude-monet-voros-csonakok-argenteuil-ben\/p\/\"]}]},{\"@type\":\"BreadcrumbList\",\"@id\":\"https:\/\/business.roovi.com\/hu\/felnott-1000-darabos-puzzle-claude-monet-voros-csonakok-argenteuil-ben\/p\/#breadcrumb\",\"itemListElement\":[{\"@type\":\"ListItem\",\"position\":1,\"name\":\"Home\",\"item\":\"https:\/\/business.roovi.com\/hu\/\"},{\"@type\":\"ListItem\",\"position\":2,\"name\":\"Shop\",\"item\":\"https:\/\/business.roovi.com\/hu\/shop\/\"},{\"@type\":\"ListItem\",\"position\":3,\"name\":\"Feln\u0151tt 1000 darabos puzzle Claude Monet &#8211; V\u00f6r\u00f6s cs\u00f3nakok Argenteuil-ben\"}]},{\"@type\":\"WebSite\",\"@id\":\"https:\/\/business.roovi.com\/hu\/#website\",\"url\":\"https:\/\/business.roovi.com\/hu\/\",\"name\":\"Roovi B2B\",\"description\":\"Roovi Business Website\",\"potentialAction\":[{\"@type\":\"SearchAction\",\"target\":{\"@type\":\"EntryPoint\",\"urlTemplate\":\"https:\/\/business.roovi.com\/hu\/?s={search_term_string}\"},\"query-input\":\"required name=search_term_string\"}],\"inLanguage\":\"hu\"}]}<\/script>\n<!-- \/ Yoast SEO plugin. -->","yoast_head_json":{"title":"Feln\u0151tt 1000 darabos puzzle Claude Monet - V\u00f6r\u00f6s cs\u00f3nakok Argenteuil-ben","description":"Feln\u0151tt 1000 darabos puzzle Claude Monet - V\u00f6r\u00f6s cs\u00f3nakok Argenteuil-ben","robots":{"index":"index","follow":"follow","max-snippet":"max-snippet:-1","max-image-preview":"max-image-preview:large","max-video-preview":"max-video-preview:-1"},"canonical":"https:\/\/business.roovi.com\/hu\/felnott-1000-darabos-puzzle-claude-monet-voros-csonakok-argenteuil-ben\/p\/","og_locale":"hu_HU","og_type":"article","og_title":"Feln\u0151tt 1000 darabos puzzle Claude Monet - V\u00f6r\u00f6s cs\u00f3nakok Argenteuil-ben","og_description":"Feln\u0151tt 1000 darabos puzzle Claude Monet - V\u00f6r\u00f6s cs\u00f3nakok Argenteuil-ben","og_url":"https:\/\/business.roovi.com\/hu\/felnott-1000-darabos-puzzle-claude-monet-voros-csonakok-argenteuil-ben\/p\/","og_site_name":"Roovi B2B","article_publisher":"https:\/\/www.facebook.com\/wwwjucariero","article_modified_time":"2022-07-06T18:49:57+00:00","og_image":[{"width":1200,"height":1200,"url":"https:\/\/business.roovi.com\/wp-content\/uploads\/2018\/04\/67548-04_ansamblu_dimensiuni_cutie_1200x1200.png","type":"image\/png"}],"twitter_misc":{"Becs\u00fclt olvas\u00e1si id\u0151":"5 perc"},"schema":{"@context":"https:\/\/schema.org","@graph":[{"@type":"WebPage","@id":"https:\/\/business.roovi.com\/hu\/felnott-1000-darabos-puzzle-claude-monet-voros-csonakok-argenteuil-ben\/p\/","url":"https:\/\/business.roovi.com\/hu\/felnott-1000-darabos-puzzle-claude-monet-voros-csonakok-argenteuil-ben\/p\/","name":"Feln\u0151tt 1000 darabos puzzle Claude Monet - V\u00f6r\u00f6s cs\u00f3nakok Argenteuil-ben","isPartOf":{"@id":"https:\/\/business.roovi.com\/hu\/#website"},"datePublished":"2018-04-16T10:56:17+00:00","dateModified":"2022-07-06T18:49:57+00:00","description":"Feln\u0151tt 1000 darabos puzzle Claude Monet - V\u00f6r\u00f6s cs\u00f3nakok Argenteuil-ben","breadcrumb":{"@id":"https:\/\/business.roovi.com\/hu\/felnott-1000-darabos-puzzle-claude-monet-voros-csonakok-argenteuil-ben\/p\/#breadcrumb"},"inLanguage":"hu","potentialAction":[{"@type":"ReadAction","target":["https:\/\/business.roovi.com\/hu\/felnott-1000-darabos-puzzle-claude-monet-voros-csonakok-argenteuil-ben\/p\/"]}]},{"@type":"BreadcrumbList","@id":"https:\/\/business.roovi.com\/hu\/felnott-1000-darabos-puzzle-claude-monet-voros-csonakok-argenteuil-ben\/p\/#breadcrumb","itemListElement":[{"@type":"ListItem","position":1,"name":"Home","item":"https:\/\/business.roovi.com\/hu\/"},{"@type":"ListItem","position":2,"name":"Shop","item":"https:\/\/business.roovi.com\/hu\/shop\/"},{"@type":"ListItem","position":3,"name":"Feln\u0151tt 1000 darabos puzzle Claude Monet &#8211; V\u00f6r\u00f6s cs\u00f3nakok Argenteuil-ben"}]},{"@type":"WebSite","@id":"https:\/\/business.roovi.com\/hu\/#website","url":"https:\/\/business.roovi.com\/hu\/","name":"Roovi B2B","description":"Roovi Business Website","potentialAction":[{"@type":"SearchAction","target":{"@type":"EntryPoint","urlTemplate":"https:\/\/business.roovi.com\/hu\/?s={search_term_string}"},"query-input":"required name=search_term_string"}],"inLanguage":"hu"}]}},"_links":{"self":[{"href":"https:\/\/business.roovi.com\/hu\/wp-json\/wp\/v2\/product\/42111","targetHints":{"allow":["GET"]}}],"collection":[{"href":"https:\/\/business.roovi.com\/hu\/wp-json\/wp\/v2\/product"}],"about":[{"href":"https:\/\/business.roovi.com\/hu\/wp-json\/wp\/v2\/types\/product"}],"version-history":[{"count":0,"href":"https:\/\/business.roovi.com\/hu\/wp-json\/wp\/v2\/product\/42111\/revisions"}],"wp:featuredmedia":[{"embeddable":true,"href":"https:\/\/business.roovi.com\/hu\/wp-json\/wp\/v2\/media\/63272"}],"wp:attachment":[{"href":"https:\/\/business.roovi.com\/hu\/wp-json\/wp\/v2\/media?parent=42111"}],"wp:term":[{"taxonomy":"product_brand","embeddable":true,"href":"https:\/\/business.roovi.com\/hu\/wp-json\/wp\/v2\/product_brand?post=42111"},{"taxonomy":"product_cat","embeddable":true,"href":"https:\/\/business.roovi.com\/hu\/wp-json\/wp\/v2\/product_cat?post=42111"},{"taxonomy":"product_tag","embeddable":true,"href":"https:\/\/business.roovi.com\/hu\/wp-json\/wp\/v2\/product_tag?post=42111"}],"curies":[{"name":"wp","href":"https:\/\/api.w.org\/{rel}","templated":true}]}}