{"id":42151,"date":"2018-04-16T10:56:17","date_gmt":"2018-04-16T10:56:17","guid":{"rendered":"https:\/\/business.roovi.com\/puzzle-adulti-breughel-the-elder-the-entry-of-the-animals-into-noahs-ark-1000-piese\/p\/"},"modified":"2022-07-06T18:54:45","modified_gmt":"2022-07-06T18:54:45","slug":"1000-darabos-felnott-puzzle-breughel-the-elder-az-allatok-bevonulasa-noe-barkajaba","status":"publish","type":"product","link":"https:\/\/business.roovi.com\/hu\/1000-darabos-felnott-puzzle-breughel-the-elder-az-allatok-bevonulasa-noe-barkajaba\/p\/","title":{"rendered":"1000 darabos feln\u0151tt puzzle Breughel the Elder &#8211; Az \u00e1llatok bevonul\u00e1sa No\u00e9 b\u00e1rk\u00e1j\u00e1ba"},"content":{"rendered":"<p><span style=\"font-weight: 400\">B\u00fajj a h\u00edres renesz\u00e1nsz fest\u0151k b\u0151r\u00e9be, \u00e9s k\u00e9sz\u00edtsd el saj\u00e1t festm\u00e9nyeidet! Puzzle art term\u00e9kcsal\u00e1dunk rengeteg puzzle j\u00e1t\u00e9kot tartalmaz, amelyek a m\u0171v\u00e9szet leny\u0171g\u00f6z\u0151 vil\u00e1g\u00e1ba kalauzolnak el.<\/span><\/p>\n<p><span style=\"font-weight: 400\">1000 darabos puzzle <\/span><span style=\"font-weight: 400\">Az id\u0151sebb Brueghel &#8211; Az \u00e1llatok bevonul\u00e1sa No\u00e9 b\u00e1rk\u00e1j\u00e1ba c\u00edm\u0171 festm\u00e9ny egy csod\u00e1latos reprodukci\u00f3ja az id\u0151sebb Jan Brueghel j\u00f3l ismert festm\u00e9ny\u00e9nek. \u00c1llatok sokas\u00e1ga t\u00f6lti be az eget \u00e9s a f\u00f6ldet. Tombolnak, j\u00e1tszanak, m\u00e1sznak, \u00fasznak, rep\u00fclnek, \u00e9s a kiv\u00e1lasztott No\u00e9 mindannyiukat a b\u00e1rka fel\u00e9 terelgeti, amely mindannyiukat egy szebb j\u00f6v\u0151be vezeti. L\u00e9pj be ebbe a mes\u00e9s jelenetbe a csod\u00e1latos, 1000 darabos puzzle kit\u00f6lt\u00e9s\u00e9vel! <\/span><\/p>\n<p><span style=\"font-weight: 400\">A festm\u00e9ny, amit kapsz, 50 x 70 cm-es, ami azt jelenti, hogy egy hagyom\u00e1nyos doh\u00e1nyz\u00f3asztalon is elk\u00e9sz\u00edtheted. Tov\u00e1bbi r\u00e9szletek \u00e9s funkci\u00f3k a kirak\u00f3s j\u00e1t\u00e9kr\u00f3l az al\u00e1bbiakban olvashat\u00f3k.<\/span><\/p>\n<p><span style=\"font-weight: 400\">Puzzle anyag <\/span><\/p>\n<ul style=\"list-style-type: disc\">\n<li><span style=\"font-weight: 400\">kiv\u00e1l\u00f3 min\u0151s\u00e9g\u0171 k\u00e9k karton<\/span><\/li>\n<li><span style=\"font-weight: 400\">fenntarthat\u00f3, \u00fajrahasznos\u00edthat\u00f3 anyagok<\/span><\/li>\n<li><span style=\"font-weight: 400\">f\u00e9lf\u00e9nyes kivitel, \u00e9l\u00e9nk sz\u00ednek<\/span><\/li>\n<\/ul>\n<p><span style=\"font-weight: 400\">A kirak\u00f3s darabok sz\u00e1ma: 1000<\/span><\/p>\n<p><span style=\"font-weight: 400\">Aj\u00e1nlott \u00e9letkor: 14+<\/span><\/p>\n<p><span style=\"font-weight: 400\">Puzzle 1000 darab<\/span><\/p>\n<p><strong>Mi\u00e9rt eg\u00e9szs\u00e9ges az 1000 darabos kirak\u00f3s j\u00e1t\u00e9k?<\/strong><\/p>\n<p><span style=\"font-weight: 400\">Tudom\u00e1nyosan bizony\u00edtott, hogy a kirak\u00f3s j\u00e1t\u00e9k j\u00f3t\u00e9kony hat\u00e1ssal van a feln\u0151ttek eg\u00e9szs\u00e9g\u00e9re. \u00cdme csak n\u00e9h\u00e1ny ezek k\u00f6z\u00fcl az el\u0151ny\u00f6k k\u00f6z\u00fcl:<\/span><\/p>\n<p><strong>Edzi a szem-k\u00e9z koordin\u00e1ci\u00f3t<\/strong><\/p>\n<p><span style=\"font-weight: 400\">Az 1000 darabos kirak\u00f3s befejez\u00e9se j\u00f3 szem-k\u00e9z koordin\u00e1ci\u00f3t ig\u00e9nyel. A kirak\u00f3s j\u00e1t\u00e9kkal ez a k\u00e9pess\u00e9g javulni fog.<\/span><\/p>\n<p><strong>A puzzle j\u00e1t\u00e9kok seg\u00edtik a mem\u00f3ria fejleszt\u00e9s\u00e9t<\/strong><\/p>\n<p><span style=\"font-weight: 400\">Az 1000 darabos rejtv\u00e9nyek edzik a mem\u00f3ri\u00e1dat, amikor megpr\u00f3b\u00e1lsz eml\u00e9kezni a darabok alakj\u00e1ra vagy egy k\u00e9p r\u00e9szeire, amelyeket megpr\u00f3b\u00e1lt\u00e1l \u00f6sszerakni, de a darabok nem illeszkedtek.<\/span><\/p>\n<p><strong>A kirak\u00f3s j\u00e1t\u00e9kok n\u00f6velik a vizu\u00e1lis t\u00e9rbeli intelligenci\u00e1t<\/strong><\/p>\n<p><span style=\"font-weight: 400\">Intelligencia<\/span> <span style=\"font-weight: 400\">a k\u00e9pekkel val\u00f3 gondolkod\u00e1s \u00e9s tanul\u00e1s k\u00e9pess\u00e9ge. Az 1000 darabos rejtv\u00e9nyek megold\u00e1s\u00e1val edzhet\u0151 \u00e9s fejleszthet\u0151 <\/span><strong> <\/strong><\/p>\n<p><strong>A kirak\u00f3s j\u00e1t\u00e9kok a feln\u0151ttek szoci\u00e1lis k\u00e9szs\u00e9geit fejlesztik<\/strong><\/p>\n<p><span style=\"font-weight: 400\">A rejtv\u00e9nyj\u00e1t\u00e9kokat nem csak egy\u00e9nileg, hanem csoportosan is lehet teljes\u00edteni, ami egy\u00fcttm\u0171k\u00f6d\u00e9st, kommunik\u00e1ci\u00f3t \u00e9s t\u00fcrelmet ig\u00e9nyel a t\u00f6bbiekkel. Mindezek a k\u00e9szs\u00e9gek fejl\u0151dnek az 1000 darabos kirak\u00f3j\u00e1t\u00e9k befejez\u00e9se sor\u00e1n, \u00e9s a mindennapi \u00e9letben is megmaradnak m\u00e1s tev\u00e9kenys\u00e9gek sor\u00e1n.<\/span><\/p>\n<p><strong>A kirak\u00f3s j\u00e1t\u00e9kok fejlesztik a finommotoros k\u00e9szs\u00e9geket<\/strong><\/p>\n<p><span style=\"font-weight: 400\">Ahogy \u00f6regsz\u00fcnk, ez a k\u00e9pess\u00e9g\u00fcnk cs\u00f6kken. T\u00f6ltse ki naponta az 1000 darabos kirak\u00f3t, \u00e9s n\u00e9zze meg, hogy ezek a k\u00e9szs\u00e9gek gyorsan fejl\u0151dnek <\/span><\/p>\n<p><strong>6 \u00e9rdekess\u00e9g Jan Brueghelr\u0151l \u00e9s <\/strong><strong><em>No\u00e9 b\u00e1rk\u00e1j\u00e1ba bel\u00e9p\u0151 \u00e1llatok<\/em><\/strong><\/p>\n<ul style=\"list-style-type: disc\">\n<li><span style=\"font-weight: 400\">Az id\u0151sebb Jan Bruegel a Bruegel m\u0171v\u00e9szdinasztia tagja &#8211; egy olyan csal\u00e1d\u00e9, amely sz\u00e1mos tehets\u00e9ges fest\u0151t adott ki az id\u0151k sor\u00e1n<\/span><\/li>\n<li><span style=\"font-weight: 400\">A term\u00e9szetet a legapr\u00f3bb r\u00e9szletekig m\u00e1sol\u00f3 m\u0171v\u00e9szet\u00e9r\u0151l ismert \u00e9s elismert<\/span><\/li>\n<li><span style=\"font-weight: 400\">A &#8222;B\u00e1rsony Bruegel&#8221; becenevet kapta a tint\u00e1ihoz val\u00f3 finom hozz\u00e1\u00e1ll\u00e1sa miatt, az \u00e1ltala haszn\u00e1lt sz\u00ednek b\u00e1rsonyos f\u00e9ny\u0171ek voltak.<\/span><\/li>\n<li><span style=\"font-weight: 400\">A festm\u00e9ny abb\u00f3l az id\u0151b\u0151l sz\u00e1rmazik, amikor Albert f\u0151herceg \u00e9s Izabella hercegn\u0151 palot\u00e1j\u00e1nak fest\u0151j\u00e9v\u00e9 nevezt\u00e9k ki, akiknek ritka \u00e1llatok \u00e9s madarak gy\u0171jtem\u00e9nye volt, <\/span><span style=\"font-weight: 400\">ami lehet\u0151v\u00e9 tette Bruegel sz\u00e1m\u00e1ra, hogy pontosan tanulm\u00e1nyozza \u00e9s megfestse \u0151ket.<\/span><\/li>\n<li><span style=\"font-weight: 400\">A festm\u00e9ny t\u00fckr\u00f6zi az \u00e1llatfajok \u00e9s azok oszt\u00e1lyoz\u00e1sa ir\u00e1nti n\u00f6vekv\u0151 \u00e9rdekl\u0151d\u00e9st a 17. sz\u00e1zadban.<\/span><\/li>\n<li><span style=\"font-weight: 400\">A m\u0171 vall\u00e1si t\u00e9m\u00e1j\u00e1t a kritikusok a m\u0171v\u00e9sz Borromeo b\u00edborossal val\u00f3 kapcsolat\u00e1val magyar\u00e1zz\u00e1k, akinek befoly\u00e1sa \u00e9s term\u00e9szetszeml\u00e9lete befoly\u00e1solta Brueghel \u00e1llatokkal \u00e9s mennyei t\u00e1jakkal kapcsolatos le\u00edr\u00f3 szeml\u00e9let\u00e9nek fejl\u0151d\u00e9s\u00e9t.<\/span><\/li>\n<\/ul>\n<p><strong>5 egy\u00e9b el\u0151nye a m\u0171v\u00e9szeti rejtv\u00e9nyek kit\u00f6lt\u00e9s\u00e9nek<\/strong><\/p>\n<ul style=\"list-style-type: disc\">\n<li><span style=\"font-weight: 400\">Ellaz\u00edt t\u00e9ged<\/span><\/li>\n<li><span style=\"font-weight: 400\">Egy kis m\u0171v\u00e9sz detekt\u00edvv\u00e9 tesz t\u00e9ged<\/span><\/li>\n<li><span style=\"font-weight: 400\">Jobban odafigyelsz a r\u00e9szletekre<\/span><\/li>\n<li><span style=\"font-weight: 400\">Seg\u00edt produkt\u00edvabbnak lenni<\/span><\/li>\n<li><span style=\"font-weight: 400\">Seg\u00edt az egyes c\u00e9lokra val\u00f3 \u00f6sszpontos\u00edt\u00e1sban.<\/span><\/li>\n<\/ul>\n<p><span style=\"font-weight: 400\">Hozzon egy kis var\u00e1zslatot otthon\u00e1ba Jan Brueghel csod\u00e1latos m\u0171alkot\u00e1sa &#8211; A No\u00e9 b\u00e1rk\u00e1j\u00e1ba l\u00e9p\u0151 \u00e1llatok! Fejezd be ezt a gy\u00f6ny\u00f6r\u0171 1000 darabos puzzle-t a puzzle art kollekci\u00f3b\u00f3l, \u00e9s m\u00e1ris k\u00e9sz a saj\u00e1t magadr\u00f3l k\u00e9sz\u00fclt festm\u00e9ny <\/span><\/p>\n<p><span style=\"font-weight: 400\">Kifogyt\u00e1l az aj\u00e1nd\u00e9k\u00f6tletekb\u0151l egy kedves bar\u00e1todnak? A Jan Brueghel 1000 darabos puzzle &#8211; Az \u00e1llatok bel\u00e9pnek No\u00e9 b\u00e1rk\u00e1j\u00e1ba t\u00f6k\u00e9letes v\u00e1laszt\u00e1s! Rendelje meg most!<\/span><\/p>\n","protected":false},"excerpt":{"rendered":"<p>B\u00fajj a h\u00edres renesz\u00e1nsz fest\u0151k b\u0151r\u00e9be, \u00e9s k\u00e9sz\u00edtsd el saj\u00e1t festm\u00e9nyeidet! Puzzle art term\u00e9kcsal\u00e1dunk rengeteg puzzle j\u00e1t\u00e9kot tartalmaz, amelyek a<\/p>\n","protected":false},"featured_media":63199,"template":"","meta":[],"product_brand":[],"product_cat":[1920,1919,1881],"product_tag":[],"class_list":{"0":"post-42151","1":"product","2":"type-product","3":"status-publish","4":"has-post-thumbnail","6":"product_cat-1000-darabos-kirakos-jatek","7":"product_cat-felnott-kirakos-jatekok","8":"product_cat-kirakos-jatekok","9":"pa_brand-d_toys-hu","10":"pa_country_of_manufacture-ro-hu","11":"pa_filter_age-14-hu","12":"pa_painter-jan-breughel-the-elder-hu","13":"pa_tip_ambalaj-doboz","14":"pa_tip_puzzle-klasszikus","16":"first","17":"instock","18":"taxable","19":"shipping-taxable","20":"product-type-simple"},"yoast_head":"<!-- This site is optimized with the Yoast SEO plugin v20.1 - https:\/\/yoast.com\/wordpress\/plugins\/seo\/ -->\n<title>1000 darabos feln\u0151tt puzzle Breughel the Elder - Az \u00e1llatok bevonul\u00e1sa No\u00e9 b\u00e1rk\u00e1j\u00e1ba<\/title>\n<meta name=\"description\" content=\"1000 darabos feln\u0151tt puzzle Breughel the Elder - Az \u00e1llatok bevonul\u00e1sa No\u00e9 b\u00e1rk\u00e1j\u00e1ba\" \/>\n<meta name=\"robots\" content=\"index, follow, max-snippet:-1, max-image-preview:large, max-video-preview:-1\" \/>\n<link rel=\"canonical\" href=\"https:\/\/business.roovi.com\/hu\/1000-darabos-felnott-puzzle-breughel-the-elder-az-allatok-bevonulasa-noe-barkajaba\/p\/\" \/>\n<meta property=\"og:locale\" content=\"hu_HU\" \/>\n<meta property=\"og:type\" content=\"article\" \/>\n<meta property=\"og:title\" content=\"1000 darabos feln\u0151tt puzzle Breughel the Elder - Az \u00e1llatok bevonul\u00e1sa No\u00e9 b\u00e1rk\u00e1j\u00e1ba\" \/>\n<meta property=\"og:description\" content=\"1000 darabos feln\u0151tt puzzle Breughel the Elder - Az \u00e1llatok bevonul\u00e1sa No\u00e9 b\u00e1rk\u00e1j\u00e1ba\" \/>\n<meta property=\"og:url\" content=\"https:\/\/business.roovi.com\/hu\/1000-darabos-felnott-puzzle-breughel-the-elder-az-allatok-bevonulasa-noe-barkajaba\/p\/\" \/>\n<meta property=\"og:site_name\" content=\"Roovi B2B\" \/>\n<meta property=\"article:publisher\" content=\"https:\/\/www.facebook.com\/wwwjucariero\" \/>\n<meta property=\"article:modified_time\" content=\"2022-07-06T18:54:45+00:00\" \/>\n<meta property=\"og:image\" content=\"https:\/\/business.roovi.com\/wp-content\/uploads\/2018\/04\/73778-02_ansamblu_dimensiuni_cutie_cm.png\" \/>\n\t<meta property=\"og:image:width\" content=\"1200\" \/>\n\t<meta property=\"og:image:height\" content=\"1200\" \/>\n\t<meta property=\"og:image:type\" content=\"image\/png\" \/>\n<meta name=\"twitter:label1\" content=\"Becs\u00fclt olvas\u00e1si id\u0151\" \/>\n\t<meta name=\"twitter:data1\" content=\"4 perc\" \/>\n<script type=\"application\/ld+json\" class=\"yoast-schema-graph\">{\"@context\":\"https:\/\/schema.org\",\"@graph\":[{\"@type\":\"WebPage\",\"@id\":\"https:\/\/business.roovi.com\/hu\/1000-darabos-felnott-puzzle-breughel-the-elder-az-allatok-bevonulasa-noe-barkajaba\/p\/\",\"url\":\"https:\/\/business.roovi.com\/hu\/1000-darabos-felnott-puzzle-breughel-the-elder-az-allatok-bevonulasa-noe-barkajaba\/p\/\",\"name\":\"1000 darabos feln\u0151tt puzzle Breughel the Elder - Az \u00e1llatok bevonul\u00e1sa No\u00e9 b\u00e1rk\u00e1j\u00e1ba\",\"isPartOf\":{\"@id\":\"https:\/\/business.roovi.com\/hu\/#website\"},\"datePublished\":\"2018-04-16T10:56:17+00:00\",\"dateModified\":\"2022-07-06T18:54:45+00:00\",\"description\":\"1000 darabos feln\u0151tt puzzle Breughel the Elder - Az \u00e1llatok bevonul\u00e1sa No\u00e9 b\u00e1rk\u00e1j\u00e1ba\",\"breadcrumb\":{\"@id\":\"https:\/\/business.roovi.com\/hu\/1000-darabos-felnott-puzzle-breughel-the-elder-az-allatok-bevonulasa-noe-barkajaba\/p\/#breadcrumb\"},\"inLanguage\":\"hu\",\"potentialAction\":[{\"@type\":\"ReadAction\",\"target\":[\"https:\/\/business.roovi.com\/hu\/1000-darabos-felnott-puzzle-breughel-the-elder-az-allatok-bevonulasa-noe-barkajaba\/p\/\"]}]},{\"@type\":\"BreadcrumbList\",\"@id\":\"https:\/\/business.roovi.com\/hu\/1000-darabos-felnott-puzzle-breughel-the-elder-az-allatok-bevonulasa-noe-barkajaba\/p\/#breadcrumb\",\"itemListElement\":[{\"@type\":\"ListItem\",\"position\":1,\"name\":\"Home\",\"item\":\"https:\/\/business.roovi.com\/hu\/\"},{\"@type\":\"ListItem\",\"position\":2,\"name\":\"Shop\",\"item\":\"https:\/\/business.roovi.com\/hu\/shop\/\"},{\"@type\":\"ListItem\",\"position\":3,\"name\":\"1000 darabos feln\u0151tt puzzle Breughel the Elder &#8211; Az \u00e1llatok bevonul\u00e1sa No\u00e9 b\u00e1rk\u00e1j\u00e1ba\"}]},{\"@type\":\"WebSite\",\"@id\":\"https:\/\/business.roovi.com\/hu\/#website\",\"url\":\"https:\/\/business.roovi.com\/hu\/\",\"name\":\"Roovi B2B\",\"description\":\"Roovi Business Website\",\"potentialAction\":[{\"@type\":\"SearchAction\",\"target\":{\"@type\":\"EntryPoint\",\"urlTemplate\":\"https:\/\/business.roovi.com\/hu\/?s={search_term_string}\"},\"query-input\":\"required name=search_term_string\"}],\"inLanguage\":\"hu\"}]}<\/script>\n<!-- \/ Yoast SEO plugin. -->","yoast_head_json":{"title":"1000 darabos feln\u0151tt puzzle Breughel the Elder - Az \u00e1llatok bevonul\u00e1sa No\u00e9 b\u00e1rk\u00e1j\u00e1ba","description":"1000 darabos feln\u0151tt puzzle Breughel the Elder - Az \u00e1llatok bevonul\u00e1sa No\u00e9 b\u00e1rk\u00e1j\u00e1ba","robots":{"index":"index","follow":"follow","max-snippet":"max-snippet:-1","max-image-preview":"max-image-preview:large","max-video-preview":"max-video-preview:-1"},"canonical":"https:\/\/business.roovi.com\/hu\/1000-darabos-felnott-puzzle-breughel-the-elder-az-allatok-bevonulasa-noe-barkajaba\/p\/","og_locale":"hu_HU","og_type":"article","og_title":"1000 darabos feln\u0151tt puzzle Breughel the Elder - Az \u00e1llatok bevonul\u00e1sa No\u00e9 b\u00e1rk\u00e1j\u00e1ba","og_description":"1000 darabos feln\u0151tt puzzle Breughel the Elder - Az \u00e1llatok bevonul\u00e1sa No\u00e9 b\u00e1rk\u00e1j\u00e1ba","og_url":"https:\/\/business.roovi.com\/hu\/1000-darabos-felnott-puzzle-breughel-the-elder-az-allatok-bevonulasa-noe-barkajaba\/p\/","og_site_name":"Roovi B2B","article_publisher":"https:\/\/www.facebook.com\/wwwjucariero","article_modified_time":"2022-07-06T18:54:45+00:00","og_image":[{"width":1200,"height":1200,"url":"https:\/\/business.roovi.com\/wp-content\/uploads\/2018\/04\/73778-02_ansamblu_dimensiuni_cutie_cm.png","type":"image\/png"}],"twitter_misc":{"Becs\u00fclt olvas\u00e1si id\u0151":"4 perc"},"schema":{"@context":"https:\/\/schema.org","@graph":[{"@type":"WebPage","@id":"https:\/\/business.roovi.com\/hu\/1000-darabos-felnott-puzzle-breughel-the-elder-az-allatok-bevonulasa-noe-barkajaba\/p\/","url":"https:\/\/business.roovi.com\/hu\/1000-darabos-felnott-puzzle-breughel-the-elder-az-allatok-bevonulasa-noe-barkajaba\/p\/","name":"1000 darabos feln\u0151tt puzzle Breughel the Elder - Az \u00e1llatok bevonul\u00e1sa No\u00e9 b\u00e1rk\u00e1j\u00e1ba","isPartOf":{"@id":"https:\/\/business.roovi.com\/hu\/#website"},"datePublished":"2018-04-16T10:56:17+00:00","dateModified":"2022-07-06T18:54:45+00:00","description":"1000 darabos feln\u0151tt puzzle Breughel the Elder - Az \u00e1llatok bevonul\u00e1sa No\u00e9 b\u00e1rk\u00e1j\u00e1ba","breadcrumb":{"@id":"https:\/\/business.roovi.com\/hu\/1000-darabos-felnott-puzzle-breughel-the-elder-az-allatok-bevonulasa-noe-barkajaba\/p\/#breadcrumb"},"inLanguage":"hu","potentialAction":[{"@type":"ReadAction","target":["https:\/\/business.roovi.com\/hu\/1000-darabos-felnott-puzzle-breughel-the-elder-az-allatok-bevonulasa-noe-barkajaba\/p\/"]}]},{"@type":"BreadcrumbList","@id":"https:\/\/business.roovi.com\/hu\/1000-darabos-felnott-puzzle-breughel-the-elder-az-allatok-bevonulasa-noe-barkajaba\/p\/#breadcrumb","itemListElement":[{"@type":"ListItem","position":1,"name":"Home","item":"https:\/\/business.roovi.com\/hu\/"},{"@type":"ListItem","position":2,"name":"Shop","item":"https:\/\/business.roovi.com\/hu\/shop\/"},{"@type":"ListItem","position":3,"name":"1000 darabos feln\u0151tt puzzle Breughel the Elder &#8211; Az \u00e1llatok bevonul\u00e1sa No\u00e9 b\u00e1rk\u00e1j\u00e1ba"}]},{"@type":"WebSite","@id":"https:\/\/business.roovi.com\/hu\/#website","url":"https:\/\/business.roovi.com\/hu\/","name":"Roovi B2B","description":"Roovi Business Website","potentialAction":[{"@type":"SearchAction","target":{"@type":"EntryPoint","urlTemplate":"https:\/\/business.roovi.com\/hu\/?s={search_term_string}"},"query-input":"required name=search_term_string"}],"inLanguage":"hu"}]}},"_links":{"self":[{"href":"https:\/\/business.roovi.com\/hu\/wp-json\/wp\/v2\/product\/42151","targetHints":{"allow":["GET"]}}],"collection":[{"href":"https:\/\/business.roovi.com\/hu\/wp-json\/wp\/v2\/product"}],"about":[{"href":"https:\/\/business.roovi.com\/hu\/wp-json\/wp\/v2\/types\/product"}],"version-history":[{"count":0,"href":"https:\/\/business.roovi.com\/hu\/wp-json\/wp\/v2\/product\/42151\/revisions"}],"wp:featuredmedia":[{"embeddable":true,"href":"https:\/\/business.roovi.com\/hu\/wp-json\/wp\/v2\/media\/63199"}],"wp:attachment":[{"href":"https:\/\/business.roovi.com\/hu\/wp-json\/wp\/v2\/media?parent=42151"}],"wp:term":[{"taxonomy":"product_brand","embeddable":true,"href":"https:\/\/business.roovi.com\/hu\/wp-json\/wp\/v2\/product_brand?post=42151"},{"taxonomy":"product_cat","embeddable":true,"href":"https:\/\/business.roovi.com\/hu\/wp-json\/wp\/v2\/product_cat?post=42151"},{"taxonomy":"product_tag","embeddable":true,"href":"https:\/\/business.roovi.com\/hu\/wp-json\/wp\/v2\/product_tag?post=42151"}],"curies":[{"name":"wp","href":"https:\/\/api.w.org\/{rel}","templated":true}]}}