{"id":42159,"date":"2018-04-16T10:56:17","date_gmt":"2018-04-16T10:56:17","guid":{"rendered":"https:\/\/business.roovi.com\/puzzle-adulti-1000-piese-eugene-delacroix-liberty-leading-the-people\/p\/"},"modified":"2023-02-21T13:26:25","modified_gmt":"2023-02-21T13:26:25","slug":"felnott-1000-darabos-puzzle-eugene-delacroix-a-nepet-vezeto-szabadsag","status":"publish","type":"product","link":"https:\/\/business.roovi.com\/hu\/felnott-1000-darabos-puzzle-eugene-delacroix-a-nepet-vezeto-szabadsag\/p\/","title":{"rendered":"Feln\u0151tt 1000 darabos puzzle Eug\u00e8ne Delacroix &#8211; A n\u00e9pet vezet\u0151 szabads\u00e1g"},"content":{"rendered":"<p><span style=\"font-weight: 400;\">T\u00f6lt\u0151dj fel a m\u0171v\u00e9szeti rejtv\u00e9nyek megold\u00e1s\u00e1val! V\u00e1lassza ki kedvenc mint\u00e1it a h\u00edres festm\u00e9nyek k\u00e9peit \u00e1br\u00e1zol\u00f3 1000 darabos kirak\u00f3sok legnagyobb v\u00e1laszt\u00e9k\u00e1b\u00f3l. Pihenjen \u00e9s hozza l\u00e9tre saj\u00e1t m\u0171v\u00e9szeti gy\u0171jtem\u00e9ny\u00e9t!<\/span><\/p>\n<p><span style=\"font-weight: 400;\">Fejezze be az Eug\u00e8ne Delacroix &#8211; A n\u00e9pet vezet\u0151 szabads\u00e1g 1000 darabos puzzle-t, \u00e9s \u00e9rezze a szabads\u00e1g izgalm\u00e1t, amelyet egy egyed\u00fcl\u00e1ll\u00f3 m\u0171alkot\u00e1s k\u00f6zvet\u00edt. Engedje, hogy visszarep\u00edtse mag\u00e1t az id\u0151ben, szakadjon el a mindennapi probl\u00e9m\u00e1kt\u00f3l, \u00e9s kezdjen el dolgozni a saj\u00e1t mesterm\u0171v\u00e9n. \u00d6ssze\u00e1ll\u00edt\u00e1s\u00e1hoz egy k\u00f6z\u00f6ns\u00e9ges doh\u00e1nyz\u00f3asztalt is haszn\u00e1lhat, mivel a restaur\u00e1lt festm\u00e9ny m\u00e9rete 50 x 70 cm.<\/span><\/p>\n<p><span style=\"font-weight: 400;\">Olvasson t\u00f6bbet err\u0151l a m\u0171v\u00e9szeti rejtv\u00e9nyr\u0151l az al\u00e1bbiakban:<\/span><\/p>\n<p><strong>Puzzle anyag <\/strong><\/p>\n<p><strong>kiv\u00e1l\u00f3 min\u0151s\u00e9g\u0171 k\u00e9k karton<\/strong><\/p>\n<p><strong>fenntarthat\u00f3, \u00fajrahasznos\u00edthat\u00f3 anyagok<\/strong><\/p>\n<p><strong>f\u00e9lf\u00e9nyes kivitel, \u00e9l\u00e9nk sz\u00ednek<\/strong><\/p>\n<p><strong>A kirak\u00f3s darabok sz\u00e1ma: 1000<\/strong><\/p>\n<p><strong>Aj\u00e1nlott \u00e9letkor: 14+<\/strong><\/p>\n<p><strong>1000 darabos puzzle \u00e9s medit\u00e1ci\u00f3<\/strong><\/p>\n<p><span style=\"font-weight: 400;\">A kirak\u00f3s j\u00e1t\u00e9kok \u00e9s a medit\u00e1ci\u00f3 k\u00f6z\u00f6tt szoros kapcsolat van. Ez ut\u00f3bbihoz hasonl\u00f3an az 1000 darabos puzzle seg\u00edt megtiszt\u00edtani az elm\u00e9det minden negat\u00edv gondolatt\u00f3l, \u00e9s egyetlen c\u00e9lra \u00f6sszpontos\u00edtani: a m\u0171v\u00e9szi puzzle k\u00e9p\u00e9nek \u00f6ssze\u00e1ll\u00edt\u00e1s\u00e1ra. Ahogy az elm\u00e9d \u00f6sszpontos\u00edt \u00e9s bel\u00e9p az 1000 darabos puzzle vil\u00e1g\u00e1ba, az elme sz\u00fcnetet tart a stresszes \u00e1llapotokt\u00f3l. Ez\u00e1ltal sokkal nyugodtabbnak \u00e9s tiszt\u00e1bbnak fogja \u00e9rezni mag\u00e1t, \u00e9s k\u00e9szen \u00e1ll b\u00e1rmilyen kih\u00edv\u00e1sra.<\/span><\/p>\n<p><strong>1000 darab puzzle \u00e9s&#8230; boldogs\u00e1g<\/strong><\/p>\n<p><span style=\"font-weight: 400;\">A rejtv\u00e9nyek \u00e9s a boldogs\u00e1g k\u00f6z\u00f6tt tudom\u00e1nyosan bizony\u00edtott kapcsolat van: a rejtv\u00e9nyek kirak\u00e1sa sor\u00e1n t\u00f6bb dopamin szintetiz\u00e1l\u00f3dik. Ez a neurotranszmitter felel\u0151s az optimizmus\u00e9rt, az \u00f6nbizalom\u00e9rt, a koncentr\u00e1ci\u00f3\u00e9rt \u00e9s a boldogs\u00e1g\u00e9rt. Sz\u00f3val, rakd \u00f6ssze az 1000 darabos puzzle-t \u00e9s l\u00e9gy boldog!<\/span><\/p>\n<p><strong>A n\u00e9pet vezet\u0151 szabads\u00e1g &#8211; az inspir\u00e1ci\u00f3 kimer\u00edthetetlen forr\u00e1sa <\/strong><\/p>\n<p><span style=\"font-weight: 400;\">Delacroix festm\u00e9nye egy igazi m\u0171v\u00e9szi remekm\u0171, amely az id\u0151k sor\u00e1n sz\u00e1mos m\u0171v\u00e9sz sz\u00e1m\u00e1ra \u00e9s azon t\u00fal is inspir\u00e1ci\u00f3t jelentett. \u00cdme n\u00e9h\u00e1ny p\u00e9lda:<\/span><\/p>\n<p><strong>Victor Hugo<\/strong><span style=\"font-weight: 400;\"> reg\u00e9ny\u00e9ben <\/span><em><span style=\"font-weight: 400;\">A nyomorultak<\/span><\/em><span style=\"font-weight: 400;\">. Gavroche karakter\u00e9t feltehet\u0151en a barik\u00e1don \u00e1trohan\u00f3 fegyveres fi\u00fa alakja ihlette.<\/span><\/p>\n<p><strong>Fr\u00e9d\u00e9ric <\/strong><strong>Auguste Bartholdi <\/strong><span style=\"font-weight: 400;\">a szobr\u00e1sz, aki megalkotta a Szabads\u00e1g-szobrot, amelyet a franci\u00e1k adom\u00e1nyoztak New Yorknak.<\/span><\/p>\n<p><strong>Charles de Gaulle t\u00e1bornok<\/strong><span style=\"font-weight: 400;\"> ezt a szimb\u00f3lumot haszn\u00e1lta a franci\u00e1k ellehetetlen\u00edt\u00e9s\u00e9re az 1945-\u00f6s n\u00e9pszavaz\u00e1son.<\/span><\/p>\n<p><strong>A 100 frankos bankjegyen<\/strong><span style=\"font-weight: 400;\"> bankjegyen 1978 \u00e9s 1995 k\u00f6z\u00f6tt a festm\u00e9ny v\u00e9sett v\u00e1ltozata szerepelt Delacroix alakja mellett.<\/span><\/p>\n<p><strong>A Coldplay egy\u00fcttes <\/strong><span style=\"font-weight: 400;\">2008-as albumuk bor\u00edt\u00f3j\u00e1n a festm\u00e9ny k\u00e9p\u00e9t haszn\u00e1lt\u00e1k.<\/span><\/p>\n<p><strong>5 egy\u00e9b el\u0151ny, amit a m\u0171v\u00e9szeti rejtv\u00e9nyek ny\u00fajtanak:<\/strong><\/p>\n<p><span style=\"font-weight: 400;\">1. Ak\u00e1r 30 \u00f3r\u00e1nyi pihentet\u0151 sz\u00f3rakoz\u00e1st ny\u00fajtanak<\/span><\/p>\n<p><span style=\"font-weight: 400;\">2. Seg\u00edt elm\u00e9ly\u00edteni a m\u0171v\u00e9szeti ismereteket.<\/span><\/p>\n<p><span style=\"font-weight: 400;\">3. Felfedezik a m\u00e1r megl\u00e9v\u0151 festm\u00e9nyek r\u00e9szleteit.<\/span><\/p>\n<p><span style=\"font-weight: 400;\">4. H\u00edres m\u0171alkot\u00e1sokat alkothatsz \u00fajra festm\u00e9nyekk\u00e9, amelyekkel d\u00edsz\u00edtheted otthonodat.<\/span><\/p>\n<p><span style=\"font-weight: 400;\">5. Lepd meg bar\u00e1taidat kirak\u00f3s k\u00e9szs\u00e9geiddel.<\/span><\/p>\n<p><span style=\"font-weight: 400;\">Eug\u00e8ne Delacroix Art Puzzle &#8211; Liberty Leading the People megadja neked a szabads\u00e1got, hogy igazi m\u0171v\u00e9sz lehess! V\u00e1s\u00e1rolja meg ezt a csod\u00e1latos 1000 darabos puzzle-t, \u00e9s egy nagyszer\u0171 dekorat\u00edv festm\u00e9nyt kap. Hozzon l\u00e9tre egy igazi gy\u0171jtem\u00e9nyt a m\u0171v\u00e9szi kirak\u00f3s gy\u0171jtem\u00e9ny\u00fcnkben tal\u00e1lhat\u00f3 feln\u0151tt kirak\u00f3sokb\u00f3l.<\/span><\/p>\n<p><span style=\"font-weight: 400;\">K\u00fcl\u00f6nleges aj\u00e1nd\u00e9kot keres egy kedves bar\u00e1tj\u00e1nak? Az Eug\u00e8ne Delacroix &#8211; Liberty Leading the People 1000 darabos puzzle a megfelel\u0151 aj\u00e1nd\u00e9k, k\u00fcl\u00f6n\u00f6sen akkor, ha a puzzle rajong\u00f3ja.<\/span><\/p>\n","protected":false},"excerpt":{"rendered":"<p>T\u00f6lt\u0151dj fel a m\u0171v\u00e9szeti rejtv\u00e9nyek megold\u00e1s\u00e1val! V\u00e1lassza ki kedvenc mint\u00e1it a h\u00edres festm\u00e9nyek k\u00e9peit \u00e1br\u00e1zol\u00f3 1000 darabos kirak\u00f3sok legnagyobb v\u00e1laszt\u00e9k\u00e1b\u00f3l.<\/p>\n","protected":false},"featured_media":63620,"template":"","meta":[],"product_brand":[],"product_cat":[1920,1919,1881],"product_tag":[],"class_list":{"0":"post-42159","1":"product","2":"type-product","3":"status-publish","4":"has-post-thumbnail","6":"product_cat-1000-darabos-kirakos-jatek","7":"product_cat-felnott-kirakos-jatekok","8":"product_cat-kirakos-jatekok","9":"pa_brand-d_toys-hu","10":"pa_country_of_manufacture-ro-hu","11":"pa_filter_age-14-hu","12":"pa_painter-eugene-delacroix-hu","13":"pa_tip_ambalaj-doboz","14":"pa_tip_puzzle-klasszikus","16":"first","17":"instock","18":"taxable","19":"shipping-taxable","20":"product-type-simple"},"yoast_head":"<!-- This site is optimized with the Yoast SEO plugin v20.1 - https:\/\/yoast.com\/wordpress\/plugins\/seo\/ -->\n<title>Feln\u0151tt 1000 darabos puzzle Eug\u00e8ne Delacroix - A n\u00e9pet vezet\u0151 szabads\u00e1g<\/title>\n<meta name=\"description\" content=\"Feln\u0151tt 1000 darabos puzzle Eug\u00e8ne Delacroix - A n\u00e9pet vezet\u0151 szabads\u00e1g\" \/>\n<meta name=\"robots\" content=\"index, follow, max-snippet:-1, max-image-preview:large, max-video-preview:-1\" \/>\n<link rel=\"canonical\" href=\"https:\/\/business.roovi.com\/hu\/felnott-1000-darabos-puzzle-eugene-delacroix-a-nepet-vezeto-szabadsag\/p\/\" \/>\n<meta property=\"og:locale\" content=\"hu_HU\" \/>\n<meta property=\"og:type\" content=\"article\" \/>\n<meta property=\"og:title\" content=\"Feln\u0151tt 1000 darabos puzzle Eug\u00e8ne Delacroix - A n\u00e9pet vezet\u0151 szabads\u00e1g\" \/>\n<meta property=\"og:description\" content=\"Feln\u0151tt 1000 darabos puzzle Eug\u00e8ne Delacroix - A n\u00e9pet vezet\u0151 szabads\u00e1g\" \/>\n<meta property=\"og:url\" content=\"https:\/\/business.roovi.com\/hu\/felnott-1000-darabos-puzzle-eugene-delacroix-a-nepet-vezeto-szabadsag\/p\/\" \/>\n<meta property=\"og:site_name\" content=\"Roovi B2B\" \/>\n<meta property=\"article:publisher\" content=\"https:\/\/www.facebook.com\/wwwjucariero\" \/>\n<meta property=\"article:modified_time\" content=\"2023-02-21T13:26:25+00:00\" \/>\n<meta property=\"og:image\" content=\"https:\/\/business.roovi.com\/wp-content\/uploads\/2018\/04\/73808-DE-01-WEB.jpg\" \/>\n\t<meta property=\"og:image:width\" content=\"1200\" \/>\n\t<meta property=\"og:image:height\" content=\"1200\" \/>\n\t<meta property=\"og:image:type\" content=\"image\/jpeg\" \/>\n<meta name=\"twitter:label1\" content=\"Becs\u00fclt olvas\u00e1si id\u0151\" \/>\n\t<meta name=\"twitter:data1\" content=\"3 perc\" \/>\n<script type=\"application\/ld+json\" class=\"yoast-schema-graph\">{\"@context\":\"https:\/\/schema.org\",\"@graph\":[{\"@type\":\"WebPage\",\"@id\":\"https:\/\/business.roovi.com\/hu\/felnott-1000-darabos-puzzle-eugene-delacroix-a-nepet-vezeto-szabadsag\/p\/\",\"url\":\"https:\/\/business.roovi.com\/hu\/felnott-1000-darabos-puzzle-eugene-delacroix-a-nepet-vezeto-szabadsag\/p\/\",\"name\":\"Feln\u0151tt 1000 darabos puzzle Eug\u00e8ne Delacroix - A n\u00e9pet vezet\u0151 szabads\u00e1g\",\"isPartOf\":{\"@id\":\"https:\/\/business.roovi.com\/hu\/#website\"},\"datePublished\":\"2018-04-16T10:56:17+00:00\",\"dateModified\":\"2023-02-21T13:26:25+00:00\",\"description\":\"Feln\u0151tt 1000 darabos puzzle Eug\u00e8ne Delacroix - A n\u00e9pet vezet\u0151 szabads\u00e1g\",\"breadcrumb\":{\"@id\":\"https:\/\/business.roovi.com\/hu\/felnott-1000-darabos-puzzle-eugene-delacroix-a-nepet-vezeto-szabadsag\/p\/#breadcrumb\"},\"inLanguage\":\"hu\",\"potentialAction\":[{\"@type\":\"ReadAction\",\"target\":[\"https:\/\/business.roovi.com\/hu\/felnott-1000-darabos-puzzle-eugene-delacroix-a-nepet-vezeto-szabadsag\/p\/\"]}]},{\"@type\":\"BreadcrumbList\",\"@id\":\"https:\/\/business.roovi.com\/hu\/felnott-1000-darabos-puzzle-eugene-delacroix-a-nepet-vezeto-szabadsag\/p\/#breadcrumb\",\"itemListElement\":[{\"@type\":\"ListItem\",\"position\":1,\"name\":\"Home\",\"item\":\"https:\/\/business.roovi.com\/hu\/\"},{\"@type\":\"ListItem\",\"position\":2,\"name\":\"Shop\",\"item\":\"https:\/\/business.roovi.com\/hu\/shop\/\"},{\"@type\":\"ListItem\",\"position\":3,\"name\":\"Feln\u0151tt 1000 darabos puzzle Eug\u00e8ne Delacroix &#8211; A n\u00e9pet vezet\u0151 szabads\u00e1g\"}]},{\"@type\":\"WebSite\",\"@id\":\"https:\/\/business.roovi.com\/hu\/#website\",\"url\":\"https:\/\/business.roovi.com\/hu\/\",\"name\":\"Roovi B2B\",\"description\":\"Roovi Business Website\",\"potentialAction\":[{\"@type\":\"SearchAction\",\"target\":{\"@type\":\"EntryPoint\",\"urlTemplate\":\"https:\/\/business.roovi.com\/hu\/?s={search_term_string}\"},\"query-input\":\"required name=search_term_string\"}],\"inLanguage\":\"hu\"}]}<\/script>\n<!-- \/ Yoast SEO plugin. -->","yoast_head_json":{"title":"Feln\u0151tt 1000 darabos puzzle Eug\u00e8ne Delacroix - A n\u00e9pet vezet\u0151 szabads\u00e1g","description":"Feln\u0151tt 1000 darabos puzzle Eug\u00e8ne Delacroix - A n\u00e9pet vezet\u0151 szabads\u00e1g","robots":{"index":"index","follow":"follow","max-snippet":"max-snippet:-1","max-image-preview":"max-image-preview:large","max-video-preview":"max-video-preview:-1"},"canonical":"https:\/\/business.roovi.com\/hu\/felnott-1000-darabos-puzzle-eugene-delacroix-a-nepet-vezeto-szabadsag\/p\/","og_locale":"hu_HU","og_type":"article","og_title":"Feln\u0151tt 1000 darabos puzzle Eug\u00e8ne Delacroix - A n\u00e9pet vezet\u0151 szabads\u00e1g","og_description":"Feln\u0151tt 1000 darabos puzzle Eug\u00e8ne Delacroix - A n\u00e9pet vezet\u0151 szabads\u00e1g","og_url":"https:\/\/business.roovi.com\/hu\/felnott-1000-darabos-puzzle-eugene-delacroix-a-nepet-vezeto-szabadsag\/p\/","og_site_name":"Roovi B2B","article_publisher":"https:\/\/www.facebook.com\/wwwjucariero","article_modified_time":"2023-02-21T13:26:25+00:00","og_image":[{"width":1200,"height":1200,"url":"https:\/\/business.roovi.com\/wp-content\/uploads\/2018\/04\/73808-DE-01-WEB.jpg","type":"image\/jpeg"}],"twitter_misc":{"Becs\u00fclt olvas\u00e1si id\u0151":"3 perc"},"schema":{"@context":"https:\/\/schema.org","@graph":[{"@type":"WebPage","@id":"https:\/\/business.roovi.com\/hu\/felnott-1000-darabos-puzzle-eugene-delacroix-a-nepet-vezeto-szabadsag\/p\/","url":"https:\/\/business.roovi.com\/hu\/felnott-1000-darabos-puzzle-eugene-delacroix-a-nepet-vezeto-szabadsag\/p\/","name":"Feln\u0151tt 1000 darabos puzzle Eug\u00e8ne Delacroix - A n\u00e9pet vezet\u0151 szabads\u00e1g","isPartOf":{"@id":"https:\/\/business.roovi.com\/hu\/#website"},"datePublished":"2018-04-16T10:56:17+00:00","dateModified":"2023-02-21T13:26:25+00:00","description":"Feln\u0151tt 1000 darabos puzzle Eug\u00e8ne Delacroix - A n\u00e9pet vezet\u0151 szabads\u00e1g","breadcrumb":{"@id":"https:\/\/business.roovi.com\/hu\/felnott-1000-darabos-puzzle-eugene-delacroix-a-nepet-vezeto-szabadsag\/p\/#breadcrumb"},"inLanguage":"hu","potentialAction":[{"@type":"ReadAction","target":["https:\/\/business.roovi.com\/hu\/felnott-1000-darabos-puzzle-eugene-delacroix-a-nepet-vezeto-szabadsag\/p\/"]}]},{"@type":"BreadcrumbList","@id":"https:\/\/business.roovi.com\/hu\/felnott-1000-darabos-puzzle-eugene-delacroix-a-nepet-vezeto-szabadsag\/p\/#breadcrumb","itemListElement":[{"@type":"ListItem","position":1,"name":"Home","item":"https:\/\/business.roovi.com\/hu\/"},{"@type":"ListItem","position":2,"name":"Shop","item":"https:\/\/business.roovi.com\/hu\/shop\/"},{"@type":"ListItem","position":3,"name":"Feln\u0151tt 1000 darabos puzzle Eug\u00e8ne Delacroix &#8211; A n\u00e9pet vezet\u0151 szabads\u00e1g"}]},{"@type":"WebSite","@id":"https:\/\/business.roovi.com\/hu\/#website","url":"https:\/\/business.roovi.com\/hu\/","name":"Roovi B2B","description":"Roovi Business Website","potentialAction":[{"@type":"SearchAction","target":{"@type":"EntryPoint","urlTemplate":"https:\/\/business.roovi.com\/hu\/?s={search_term_string}"},"query-input":"required name=search_term_string"}],"inLanguage":"hu"}]}},"_links":{"self":[{"href":"https:\/\/business.roovi.com\/hu\/wp-json\/wp\/v2\/product\/42159","targetHints":{"allow":["GET"]}}],"collection":[{"href":"https:\/\/business.roovi.com\/hu\/wp-json\/wp\/v2\/product"}],"about":[{"href":"https:\/\/business.roovi.com\/hu\/wp-json\/wp\/v2\/types\/product"}],"version-history":[{"count":0,"href":"https:\/\/business.roovi.com\/hu\/wp-json\/wp\/v2\/product\/42159\/revisions"}],"wp:featuredmedia":[{"embeddable":true,"href":"https:\/\/business.roovi.com\/hu\/wp-json\/wp\/v2\/media\/63620"}],"wp:attachment":[{"href":"https:\/\/business.roovi.com\/hu\/wp-json\/wp\/v2\/media?parent=42159"}],"wp:term":[{"taxonomy":"product_brand","embeddable":true,"href":"https:\/\/business.roovi.com\/hu\/wp-json\/wp\/v2\/product_brand?post=42159"},{"taxonomy":"product_cat","embeddable":true,"href":"https:\/\/business.roovi.com\/hu\/wp-json\/wp\/v2\/product_cat?post=42159"},{"taxonomy":"product_tag","embeddable":true,"href":"https:\/\/business.roovi.com\/hu\/wp-json\/wp\/v2\/product_tag?post=42159"}],"curies":[{"name":"wp","href":"https:\/\/api.w.org\/{rel}","templated":true}]}}