{"id":42163,"date":"2018-04-16T10:56:17","date_gmt":"2018-04-16T10:56:17","guid":{"rendered":"https:\/\/business.roovi.com\/puzzle-adulti-1000-piese-john-everett-millais-ophelia\/p\/"},"modified":"2022-07-06T18:59:08","modified_gmt":"2022-07-06T18:59:08","slug":"1000-darab-john-everett-millais-felnott-puzzle-ophelia","status":"publish","type":"product","link":"https:\/\/business.roovi.com\/hu\/1000-darab-john-everett-millais-felnott-puzzle-ophelia\/p\/","title":{"rendered":"1000 darab John Everett Millais feln\u0151tt puzzle &#8211; Ophelia"},"content":{"rendered":"<p><span style=\"font-weight: 400;font-size: 14px\">Unatkozol az es\u0151s est\u00e9ken, amelyek miatt bent kell maradnod? Pr\u00f3b\u00e1ld ki a m\u0171v\u00e9szeti rejtv\u00e9nyeket! \u00dajra felfedezhet egy klasszikus tev\u00e9kenys\u00e9get, amely sz\u00f3rakoztat\u00f3 \u00e9s pihentet\u0151. V\u00e1s\u00e1roljon most 1000 darabos kirak\u00f3s j\u00e1t\u00e9kot h\u00edres festm\u00e9nyek k\u00e9peivel, \u00e9s tegye sz\u00edness\u00e9 szabadidej\u00e9t!<\/span><\/p>\n<p><span style=\"font-weight: 400;font-size: 14px\">A John Everett Millais &#8211; Ophelia 1000 darabos puzzle a h\u00edres festm\u00e9ny reprodukci\u00f3ja, amelyet Shakespeare Hamletj\u00e9nek egyik jelenete ihletett. Ophelia b\u00e1nat\u00e1ban a v\u00edzben fekszik, vir\u00e1gokkal k\u00f6r\u00fclv\u00e9ve \u00e9nekel, mintha nem is tudn\u00e1, milyen vesz\u00e9lyben van. A festm\u00e9ny fens\u00e9gesen t\u00fckr\u00f6zi az irodalomban valaha \u00e1br\u00e1zolt legk\u00f6lt\u0151ibb hal\u00e1ljelenetet. L\u00e9gy te az, aki saj\u00e1t kez\u0171leg hozza l\u00e9tre ezt a m\u0171v\u00e9szi remekm\u0171vet.<\/span><\/p>\n<p><span style=\"font-weight: 400;font-size: 14px\">A festm\u00e9ny \u00fajraalkot\u00e1s\u00e1hoz egy hagyom\u00e1nyos doh\u00e1nyz\u00f3asztalra van sz\u00fcks\u00e9g, mivel az 1000 darabos puzzle m\u00e9rete 50 x 70 cm.<\/span><\/p>\n<p><span style=\"font-weight: 400;font-size: 14px\">A m\u0171v\u00e9szi kirak\u00f3s egy\u00e9b jellemz\u0151ir\u0151l al\u00e1bb olvashatsz b\u0151vebben:<\/span><\/p>\n<p><span style=\"font-size: 14px\"><strong>Puzzle anyag <\/strong><\/span><\/p>\n<p><span style=\"font-size: 14px\"><strong>kiv\u00e1l\u00f3 min\u0151s\u00e9g\u0171 k\u00e9k karton<\/strong><\/span><\/p>\n<p><span style=\"font-size: 14px\"><strong>fenntarthat\u00f3, \u00fajrahasznos\u00edthat\u00f3 anyagok<\/strong><\/span><\/p>\n<p><span style=\"font-size: 14px\"><strong>f\u00e9lf\u00e9nyes kivitel, \u00e9l\u00e9nk sz\u00ednek<\/strong><\/span><\/p>\n<p><span style=\"font-size: 14px\"><strong>A kirak\u00f3s darabok sz\u00e1ma: 1000<\/strong><\/span><\/p>\n<p><span style=\"font-size: 14px\"><strong>Aj\u00e1nlott \u00e9letkor: 14+<\/strong><\/span><\/p>\n<p><span style=\"font-size: 14px\"><strong>A feln\u0151tt rejtv\u00e9nyek sok pozit\u00edv energi\u00e1t adnak<\/strong><\/span><\/p>\n<p><span style=\"font-weight: 400;font-size: 14px\">Szeretne egy orvoss\u00e1got a stressz \u00e9s a negat\u00edv energia ellen? A kirak\u00f3s j\u00e1t\u00e9kok t\u00f6k\u00e9letes v\u00e1laszt\u00e1snak bizonyulnak. Minden alkalommal, amikor ilyen tev\u00e9kenys\u00e9get folytatsz, az agyad dopamint v\u00e1laszt ki. Ez a j\u00f3t\u00e9kony anyag felel\u0151s a hangulat\u00e9rt, az optimizmus\u00e9rt, a pozit\u00edv gondolatok\u00e9rt, valamint a mem\u00f3ri\u00e1\u00e9rt \u00e9s a figyelem\u00e9rt. Ez\u00e9rt \u00e9rzel nagy el\u00e9gedetts\u00e9get \u00e9s \u00f6r\u00f6m\u00f6t, amikor egy kirak\u00f3s j\u00e1t\u00e9kban veszel r\u00e9szt.<\/span><\/p>\n<p><span style=\"font-size: 14px\"><strong>Feln\u0151tt rejtv\u00e9nyek \u00e9s munkatermel\u00e9kenys\u00e9g<\/strong><\/span><\/p>\n<p><span style=\"font-weight: 400;font-size: 14px\">Az 1000 darabos kirak\u00f3s j\u00e1t\u00e9k szenved\u00e9ly\u00e9nek k\u00f6sz\u00f6nhet\u0151en a munkahelyi termel\u00e9kenys\u00e9g n\u00f6veked\u00e9se a m\u00e1sik el\u0151ny, amit \u00e9lvezni fog. Az 1000 darabos kis rejtv\u00e9nyekkel val\u00f3 edz\u00e9s k\u00fcl\u00f6n\u00f6sen hat\u00e9kony a figyelem, a figyelem \u00e9s a kitart\u00e1s n\u00f6vel\u00e9s\u00e9re. Ezeket a k\u00e9szs\u00e9geket munka vagy kem\u00e9ny vizsg\u00e1kra val\u00f3 tanul\u00e1s k\u00f6zben haszn\u00e1lja. \u00cdgy minden okod megvan arra, hogy megv\u00e1s\u00e1rold kedvenc kirak\u00f3s j\u00e1t\u00e9kaidat!<\/span><\/p>\n<p><span style=\"font-size: 14px\"><strong>Tudt\u00e1l Opheli\u00e1r\u00f3l?<\/strong><\/span><\/p>\n<p><span style=\"font-weight: 400;font-size: 14px\">Az eg\u00e9sz angol m\u0171v\u00e9szet legzseni\u00e1lisabb festm\u00e9ny\u00e9nek tartj\u00e1k.<\/span><\/p>\n<p><span style=\"font-weight: 400;font-size: 14px\">Jap\u00e1nban betiltott\u00e1k e festm\u00e9ny reprodukci\u00f3it, mert att\u00f3l tartanak, hogy a fiatal l\u00e1nyok \u00f6ngyilkoss\u00e1got k\u00f6vetnek el miatta.<\/span><\/p>\n<p><span style=\"font-size: 14px\"><span style=\"font-weight: 400\">Az \u00e9l\u0151 modell, amely ut\u00e1n \u00e1br\u00e1zolt\u00e1k <\/span><em><span style=\"font-weight: 400\">Ophelia<\/span><\/em><span style=\"font-weight: 400\"> elizabeth Siddal, egy 19 \u00e9ves l\u00e1ny volt.<\/span><\/span><\/p>\n<p><span style=\"font-weight: 400;font-size: 14px\">Elizabeth a fest\u00e9s k\u00f6zben t\u00fcd\u0151gyullad\u00e1sban megbetegedett, mert Millais t\u00e9len egy k\u00e1d v\u00edzben \u00fcltette. Az apja arra k\u00e9rte a fest\u0151t, hogy fizesse ki az orvosi ell\u00e1t\u00e1s\u00e1t.<\/span><\/p>\n<p><span style=\"font-weight: 400;font-size: 14px\">Sok preraffaelita fest\u0151 festette meg Opheli\u00e1t k\u00fcl\u00f6nb\u00f6z\u0151 p\u00f3zokban, de Millais festm\u00e9nye messze a legsikeresebb.<\/span><\/p>\n<p><span style=\"font-size: 14px\"><span style=\"font-weight: 400\">Ma, <\/span><em><span style=\"font-weight: 400\">Ophelia <\/span><\/em><span style=\"font-weight: 400\">most a londoni Tate Britainben f\u00fcgg, \u00e9s a szak\u00e9rt\u0151k szerint mintegy 30 milli\u00f3ra becs\u00fclik <\/span><span style=\"font-weight: 400\">\u00a3.<\/span><\/span><\/p>\n<p><span style=\"font-size: 14px\"><strong>A m\u0171v\u00e9szeti rejtv\u00e9nyek fejlesztik az \u00e1ltal\u00e1nos ismereteket<\/strong><\/span><\/p>\n<p><span style=\"font-weight: 400;font-size: 14px\">A m\u0171v\u00e9szeti rejtv\u00e9nyek meghozz\u00e1k az \u00e9tv\u00e1gyat a h\u00edres festm\u00e9nyekhez. Ha egyszer elkezdesz dolgozni egy m\u0171v\u00e9szi k\u00e9p festm\u00e9ny\u00e9n, elkezded tudni akarni, hogy milyen t\u00f6rt\u00e9netet teremtesz \u00fajra a kezeddel. B\u00e1rmilyen ok a megismer\u00e9sre intellektu\u00e1lisan gazdag\u00edt, \u00e9s a m\u0171v\u00e9szeti rejtv\u00e9nyek egy ilyen lehet\u0151s\u00e9get jelentenek.<\/span><\/p>\n<p><span style=\"font-weight: 400;font-size: 14px\">Nagy-Britannia legh\u00edresebb festm\u00e9ny\u00e9nek megcsod\u00e1l\u00e1sa a saj\u00e1t otthon\u00e1ban val\u00f3ra v\u00e1lt \u00e1lom, ha megv\u00e1s\u00e1rolja a John Everett Millais &#8211; Ophelia m\u0171v\u00e9szeti puzzle-t. Alkossa \u00fajra ezt a m\u0171v\u00e9szi remekm\u0171vet az 1000 darabos kirak\u00f3sb\u00f3l, \u00e9s keretezze be a kapott festm\u00e9nyt. Ez a csod\u00e1latos kirak\u00f3s j\u00e1t\u00e9k a m\u0171v\u00e9szi kirak\u00f3s j\u00e1t\u00e9kgy\u0171jtem\u00e9nyb\u0151l kit\u0171n\u0151 megjelen\u00e9st k\u00f6lcs\u00f6n\u00f6z otthonodnak <\/span><\/p>\n<p><span style=\"font-weight: 400;font-size: 14px\">K\u00fcl\u00f6nleges aj\u00e1nd\u00e9kot keres, amivel meglepheti bar\u00e1tait? A John Everett Millais &#8211; Ophelia m\u0171v\u00e9szeti kirak\u00f3j\u00e1t\u00e9k pont az, amire sz\u00fcks\u00e9ged van!<\/span><\/p><\/p>\n","protected":false},"excerpt":{"rendered":"<p>Unatkozol az es\u0151s est\u00e9ken, amelyek miatt bent kell maradnod? Pr\u00f3b\u00e1ld ki a m\u0171v\u00e9szeti rejtv\u00e9nyeket! \u00dajra felfedezhet egy klasszikus tev\u00e9kenys\u00e9get, amely<\/p>\n","protected":false},"featured_media":63636,"template":"","meta":[],"product_brand":[],"product_cat":[1920,1919,1881],"product_tag":[],"class_list":{"0":"post-42163","1":"product","2":"type-product","3":"status-publish","4":"has-post-thumbnail","6":"product_cat-1000-darabos-kirakos-jatek","7":"product_cat-felnott-kirakos-jatekok","8":"product_cat-kirakos-jatekok","9":"pa_brand-d_toys-hu","10":"pa_country_of_manufacture-ro-hu","11":"pa_filter_age-14-hu","12":"pa_painter-john-everett-millais-hu","13":"pa_tip_ambalaj-doboz","14":"pa_tip_puzzle-klasszikus","16":"first","17":"onbackorder","18":"taxable","19":"shipping-taxable","20":"product-type-simple"},"yoast_head":"<!-- This site is optimized with the Yoast SEO plugin v20.1 - https:\/\/yoast.com\/wordpress\/plugins\/seo\/ -->\n<title>1000 darab John Everett Millais feln\u0151tt puzzle - Ophelia<\/title>\n<meta name=\"description\" content=\"1000 darab John Everett Millais feln\u0151tt puzzle - Ophelia\" \/>\n<meta name=\"robots\" content=\"index, follow, max-snippet:-1, max-image-preview:large, max-video-preview:-1\" \/>\n<link rel=\"canonical\" href=\"https:\/\/business.roovi.com\/hu\/1000-darab-john-everett-millais-felnott-puzzle-ophelia\/p\/\" \/>\n<meta property=\"og:locale\" content=\"hu_HU\" \/>\n<meta property=\"og:type\" content=\"article\" \/>\n<meta property=\"og:title\" content=\"1000 darab John Everett Millais feln\u0151tt puzzle - Ophelia\" \/>\n<meta property=\"og:description\" content=\"1000 darab John Everett Millais feln\u0151tt puzzle - Ophelia\" \/>\n<meta property=\"og:url\" content=\"https:\/\/business.roovi.com\/hu\/1000-darab-john-everett-millais-felnott-puzzle-ophelia\/p\/\" \/>\n<meta property=\"og:site_name\" content=\"Roovi B2B\" \/>\n<meta property=\"article:publisher\" content=\"https:\/\/www.facebook.com\/wwwjucariero\" \/>\n<meta property=\"article:modified_time\" content=\"2022-07-06T18:59:08+00:00\" \/>\n<meta property=\"og:image\" content=\"https:\/\/business.roovi.com\/wp-content\/uploads\/2018\/04\/73815-01_ansamblu_dimensiuni_cutie_cm_1200x1200.png\" \/>\n\t<meta property=\"og:image:width\" content=\"1200\" \/>\n\t<meta property=\"og:image:height\" content=\"1200\" \/>\n\t<meta property=\"og:image:type\" content=\"image\/png\" \/>\n<meta name=\"twitter:label1\" content=\"Becs\u00fclt olvas\u00e1si id\u0151\" \/>\n\t<meta name=\"twitter:data1\" content=\"4 perc\" \/>\n<script type=\"application\/ld+json\" class=\"yoast-schema-graph\">{\"@context\":\"https:\/\/schema.org\",\"@graph\":[{\"@type\":\"WebPage\",\"@id\":\"https:\/\/business.roovi.com\/hu\/1000-darab-john-everett-millais-felnott-puzzle-ophelia\/p\/\",\"url\":\"https:\/\/business.roovi.com\/hu\/1000-darab-john-everett-millais-felnott-puzzle-ophelia\/p\/\",\"name\":\"1000 darab John Everett Millais feln\u0151tt puzzle - Ophelia\",\"isPartOf\":{\"@id\":\"https:\/\/business.roovi.com\/hu\/#website\"},\"datePublished\":\"2018-04-16T10:56:17+00:00\",\"dateModified\":\"2022-07-06T18:59:08+00:00\",\"description\":\"1000 darab John Everett Millais feln\u0151tt puzzle - Ophelia\",\"breadcrumb\":{\"@id\":\"https:\/\/business.roovi.com\/hu\/1000-darab-john-everett-millais-felnott-puzzle-ophelia\/p\/#breadcrumb\"},\"inLanguage\":\"hu\",\"potentialAction\":[{\"@type\":\"ReadAction\",\"target\":[\"https:\/\/business.roovi.com\/hu\/1000-darab-john-everett-millais-felnott-puzzle-ophelia\/p\/\"]}]},{\"@type\":\"BreadcrumbList\",\"@id\":\"https:\/\/business.roovi.com\/hu\/1000-darab-john-everett-millais-felnott-puzzle-ophelia\/p\/#breadcrumb\",\"itemListElement\":[{\"@type\":\"ListItem\",\"position\":1,\"name\":\"Home\",\"item\":\"https:\/\/business.roovi.com\/hu\/\"},{\"@type\":\"ListItem\",\"position\":2,\"name\":\"Shop\",\"item\":\"https:\/\/business.roovi.com\/hu\/shop\/\"},{\"@type\":\"ListItem\",\"position\":3,\"name\":\"1000 darab John Everett Millais feln\u0151tt puzzle &#8211; Ophelia\"}]},{\"@type\":\"WebSite\",\"@id\":\"https:\/\/business.roovi.com\/hu\/#website\",\"url\":\"https:\/\/business.roovi.com\/hu\/\",\"name\":\"Roovi B2B\",\"description\":\"Roovi Business Website\",\"potentialAction\":[{\"@type\":\"SearchAction\",\"target\":{\"@type\":\"EntryPoint\",\"urlTemplate\":\"https:\/\/business.roovi.com\/hu\/?s={search_term_string}\"},\"query-input\":\"required name=search_term_string\"}],\"inLanguage\":\"hu\"}]}<\/script>\n<!-- \/ Yoast SEO plugin. -->","yoast_head_json":{"title":"1000 darab John Everett Millais feln\u0151tt puzzle - Ophelia","description":"1000 darab John Everett Millais feln\u0151tt puzzle - Ophelia","robots":{"index":"index","follow":"follow","max-snippet":"max-snippet:-1","max-image-preview":"max-image-preview:large","max-video-preview":"max-video-preview:-1"},"canonical":"https:\/\/business.roovi.com\/hu\/1000-darab-john-everett-millais-felnott-puzzle-ophelia\/p\/","og_locale":"hu_HU","og_type":"article","og_title":"1000 darab John Everett Millais feln\u0151tt puzzle - Ophelia","og_description":"1000 darab John Everett Millais feln\u0151tt puzzle - Ophelia","og_url":"https:\/\/business.roovi.com\/hu\/1000-darab-john-everett-millais-felnott-puzzle-ophelia\/p\/","og_site_name":"Roovi B2B","article_publisher":"https:\/\/www.facebook.com\/wwwjucariero","article_modified_time":"2022-07-06T18:59:08+00:00","og_image":[{"width":1200,"height":1200,"url":"https:\/\/business.roovi.com\/wp-content\/uploads\/2018\/04\/73815-01_ansamblu_dimensiuni_cutie_cm_1200x1200.png","type":"image\/png"}],"twitter_misc":{"Becs\u00fclt olvas\u00e1si id\u0151":"4 perc"},"schema":{"@context":"https:\/\/schema.org","@graph":[{"@type":"WebPage","@id":"https:\/\/business.roovi.com\/hu\/1000-darab-john-everett-millais-felnott-puzzle-ophelia\/p\/","url":"https:\/\/business.roovi.com\/hu\/1000-darab-john-everett-millais-felnott-puzzle-ophelia\/p\/","name":"1000 darab John Everett Millais feln\u0151tt puzzle - Ophelia","isPartOf":{"@id":"https:\/\/business.roovi.com\/hu\/#website"},"datePublished":"2018-04-16T10:56:17+00:00","dateModified":"2022-07-06T18:59:08+00:00","description":"1000 darab John Everett Millais feln\u0151tt puzzle - Ophelia","breadcrumb":{"@id":"https:\/\/business.roovi.com\/hu\/1000-darab-john-everett-millais-felnott-puzzle-ophelia\/p\/#breadcrumb"},"inLanguage":"hu","potentialAction":[{"@type":"ReadAction","target":["https:\/\/business.roovi.com\/hu\/1000-darab-john-everett-millais-felnott-puzzle-ophelia\/p\/"]}]},{"@type":"BreadcrumbList","@id":"https:\/\/business.roovi.com\/hu\/1000-darab-john-everett-millais-felnott-puzzle-ophelia\/p\/#breadcrumb","itemListElement":[{"@type":"ListItem","position":1,"name":"Home","item":"https:\/\/business.roovi.com\/hu\/"},{"@type":"ListItem","position":2,"name":"Shop","item":"https:\/\/business.roovi.com\/hu\/shop\/"},{"@type":"ListItem","position":3,"name":"1000 darab John Everett Millais feln\u0151tt puzzle &#8211; Ophelia"}]},{"@type":"WebSite","@id":"https:\/\/business.roovi.com\/hu\/#website","url":"https:\/\/business.roovi.com\/hu\/","name":"Roovi B2B","description":"Roovi Business Website","potentialAction":[{"@type":"SearchAction","target":{"@type":"EntryPoint","urlTemplate":"https:\/\/business.roovi.com\/hu\/?s={search_term_string}"},"query-input":"required name=search_term_string"}],"inLanguage":"hu"}]}},"_links":{"self":[{"href":"https:\/\/business.roovi.com\/hu\/wp-json\/wp\/v2\/product\/42163","targetHints":{"allow":["GET"]}}],"collection":[{"href":"https:\/\/business.roovi.com\/hu\/wp-json\/wp\/v2\/product"}],"about":[{"href":"https:\/\/business.roovi.com\/hu\/wp-json\/wp\/v2\/types\/product"}],"version-history":[{"count":0,"href":"https:\/\/business.roovi.com\/hu\/wp-json\/wp\/v2\/product\/42163\/revisions"}],"wp:featuredmedia":[{"embeddable":true,"href":"https:\/\/business.roovi.com\/hu\/wp-json\/wp\/v2\/media\/63636"}],"wp:attachment":[{"href":"https:\/\/business.roovi.com\/hu\/wp-json\/wp\/v2\/media?parent=42163"}],"wp:term":[{"taxonomy":"product_brand","embeddable":true,"href":"https:\/\/business.roovi.com\/hu\/wp-json\/wp\/v2\/product_brand?post=42163"},{"taxonomy":"product_cat","embeddable":true,"href":"https:\/\/business.roovi.com\/hu\/wp-json\/wp\/v2\/product_cat?post=42163"},{"taxonomy":"product_tag","embeddable":true,"href":"https:\/\/business.roovi.com\/hu\/wp-json\/wp\/v2\/product_tag?post=42163"}],"curies":[{"name":"wp","href":"https:\/\/api.w.org\/{rel}","templated":true}]}}