{"id":42167,"date":"2018-04-16T10:56:17","date_gmt":"2018-04-16T10:56:17","guid":{"rendered":"https:\/\/business.roovi.com\/puzzle-adulti-1000-piese-john-collier-the-sleeping-beauty-frumoasa-adormita\/p\/"},"modified":"2022-07-06T18:59:17","modified_gmt":"2022-07-06T18:59:17","slug":"john-collier-1000-darabos-felnott-puzzle-a-csipkerozsika","status":"publish","type":"product","link":"https:\/\/business.roovi.com\/hu\/john-collier-1000-darabos-felnott-puzzle-a-csipkerozsika\/p\/","title":{"rendered":"John Collier 1000 darabos feln\u0151tt puzzle &#8211; A Csipker\u00f3zsika"},"content":{"rendered":"<p><span style=\"font-weight: 400\">Ha szeretted a hercegekr\u0151l \u00e9s hercegn\u0151kr\u0151l sz\u00f3l\u00f3 mes\u00e9ket, \u00e9s l\u00e9legzetvisszafojtva v\u00e1rtad a v\u00e9g\u00e9t, akkor a Csipker\u00f3zsika-t\u00f6rt\u00e9net egy jelenet\u00e9t meg\u00f6r\u00f6k\u00edt\u0151 feln\u0151tt puzzle, ahogyan John Collier fest\u0151m\u0171v\u00e9sz l\u00e1tta, biztosan sok eml\u00e9ket fog felid\u00e9zni.<\/span><\/p>\n<p><span style=\"font-weight: 400\">Annyi v\u00e1ltozata van ennek a t\u00f6rt\u00e9netnek, annyi k\u00e9p \u00e9s annyi k\u00e9pzelet, hogy azt hinn\u00e9d, m\u00e1r semmi sem tud meglepni. Am\u00edg \u00f6ssze nem rakod ezt az 1000 darabos puzzle-t, amely a Collier l\u00e1tom\u00e1s\u00e1ban szerepl\u0151 t\u00f6rt\u00e9net egy jelenet\u00e9t \u00e1br\u00e1zolja <\/span><\/p>\n<p><span style=\"font-weight: 400\">A k\u00e9p, amelyet abb\u00f3l a szob\u00e1b\u00f3l l\u00e1tunk, ahol a hercegn\u0151 a csel\u00e9dekkel alszik, de az arca az ablakt\u00f3l elfordul, az erd\u0151 fel\u00e9, ahol majd megmenek\u00fcl, szokatlan \u00e9rtelmez\u00e9s, de a rem\u00e9ny szimb\u00f3lumak\u00e9nt jelenik meg.<\/span><\/p>\n<p><span style=\"font-weight: 400\">Rakd \u00f6ssze a puzzle egyes darabjait, \u00e9s \u00e9p\u00edtsd fel a saj\u00e1t Csipker\u00f3zsika-t\u00f6rt\u00e9netedet, a r\u00e9szletgazdags\u00e1g \u00e9s a f\u00e9ny \u00e9s \u00e1rny\u00e9k csod\u00e1latos j\u00e1t\u00e9k\u00e1ban, amelyet John Collier t\u00f6k\u00e9letesen k\u00f6zvet\u00edt, megragadva a pillanat csendj\u00e9t \u00e9s m\u00e9lys\u00e9g\u00e9t <\/span><\/p>\n<p><span style=\"font-weight: 400\">Csod\u00e1lja meg az 1921-ben Collier \u00e1ltal elfogadott pre-raffaelita st\u00edlusban festett festm\u00e9ny minden egyes r\u00e9szlet\u00e9t, amely egy b\u00e1jos, olajjal v\u00e1szonra festett alkot\u00e1s, \u00e9s pihenjen, mik\u00f6zben egy 1000 darabos kirak\u00f3j\u00e1t\u00e9kot rak \u00f6ssze, hogy \u00fajraalkossa azt.<\/span><\/p>\n<h3><strong>Mi\u00e9rt v\u00e1lassza a John Collier 1000 darabos feln\u0151tt puzzle-t?<\/strong><\/h3>\n<ul>\n<li><span style=\"font-weight: 400\">Egy leny\u0171g\u00f6z\u0151en r\u00e9szletes festm\u00e9nyt kap a Csipker\u00f3zsik\u00e1r\u00f3l, John Collier al\u00e1\u00edr\u00e1s\u00e1val<\/span><\/li>\n<li><span style=\"font-weight: 400\">M\u0171v\u00e9szeti puzzle m\u00e9rete 68 x 47 cm<\/span><\/li>\n<li><span style=\"font-weight: 400\">Kiv\u00e1l\u00f3 min\u0151s\u00e9g\u0171, tart\u00f3s kartonb\u00f3l k\u00e9sz\u00fclt darabok<\/span><\/li>\n<li><span style=\"font-weight: 400\">Fenntarthat\u00f3 \u00e9s \u00fajrahasznos\u00edthat\u00f3 anyagokb\u00f3l k\u00e9sz\u00fclt<\/span><\/li>\n<li><span style=\"font-weight: 400\">A fel\u00fclet f\u00e9lig f\u00e9nyes, a sz\u00ednek \u00e9l\u00e9nkek \u00e9s vibr\u00e1l\u00f3ak<\/span><\/li>\n<li><span style=\"font-weight: 400\">14 \u00e9ves kort\u00f3l alkalmas &#8211; nagyszer\u0171 lehet\u0151s\u00e9g, hogy a tizen\u00e9vesek megismerkedjenek a m\u0171v\u00e9szet leny\u0171g\u00f6z\u0151 vil\u00e1g\u00e1val<\/span><\/li>\n<\/ul>\n<p><span style=\"font-weight: 400\">Egy m\u0171v\u00e9szeti puzzle \u00f6ssze\u00e1ll\u00edt\u00e1s\u00e1nak sz\u00e1mos el\u0151nye van, amelyek t\u00f6bb szinten is t\u00fckr\u00f6z\u0151dnek:<\/span><\/p>\n<ul>\n<li><span style=\"font-weight: 400\">Ez egy pihentet\u0151 \u00e9s sz\u00f3rakoztat\u00f3 tev\u00e9kenys\u00e9g<\/span><\/li>\n<li><span style=\"font-weight: 400\">Jav\u00edtja a r\u00f6vid t\u00e1v\u00fa mem\u00f3ri\u00e1t<\/span><\/li>\n<li><span style=\"font-weight: 400\">Fejleszti \u00e9s t\u00e1mogatja a k\u00e9szs\u00e9geket <\/span><\/li>\n<li><span style=\"font-weight: 400\">J\u00f3 alkalom lehet arra, hogy \u00fajra kapcsolatba l\u00e9pj\u00fcnk \u00f6nmagunkkal<\/span><\/li>\n<li><span style=\"font-weight: 400\">Seg\u00edt, hogy egyetlen tev\u00e9kenys\u00e9gre \u00f6sszpontos\u00edtson <\/span><\/li>\n<\/ul>\n<h3><strong>Tudtad, hogy&#8230;?<\/strong><\/h3>\n<p><span style=\"font-weight: 400\">James Collier term\u00e9keny m\u0171v\u00e9sz volt, t\u00f6bb mint 1100 m\u0171alkot\u00e1sb\u00f3l \u00e1ll\u00f3 gy\u0171jtem\u00e9nyt hagyott h\u00e1tra, amelyb\u0151l csak a Royal Academy 140 m\u0171vet adott neki.<\/span><\/p>\n<p><span style=\"font-weight: 400\">Portr\u00e9fest\u0151k\u00e9nt t\u0171nt ki, \u00e9s b\u00e1r n\u0151ket is festett, a f\u00e9rfi portr\u00e9kra specializ\u00e1l\u00f3dott, amelyekn\u00e9l sokkal jobban meg tudta ragadni a r\u00e9szletek m\u00e9lys\u00e9g\u00e9t <\/span><\/p>\n<p><span style=\"font-weight: 400\">B\u00e1r az irodalmi t\u00e9m\u00e1k, mint p\u00e9ld\u00e1ul a Csipker\u00f3zsika, 1890 ut\u00e1n m\u00e1r r\u00e9gim\u00f3dinak sz\u00e1m\u00edtottak, John Collier tov\u00e1bbra is festett ilyen l\u00e1tv\u00e1nyos k\u00e9peket.<\/span><\/p>\n<p><span style=\"font-weight: 400\">John Collier t\u00f6bbek k\u00f6z\u00f6tt Charles Darwint, George Bernard Shaw-t \u00e9s Rudyard Kiplinget is megfestette.<\/span><\/p>\n<h3><strong>A Csipker\u00f3zsika feln\u0151tt puzzle a pihentet\u0151 t\u00f6rt\u00e9netek\u00e9rt \u00e9s a v\u00e9gtelen sz\u00f3rakoz\u00e1s\u00e9rt<\/strong><\/h3>\n<p><span style=\"font-weight: 400\">V\u00e1lassza ki, hogy otthon, egy m\u0171v\u00e9szi puzzle form\u00e1j\u00e1ban, John Collier fest\u0151m\u0171v\u00e9sz egyedi st\u00edlus\u00e1ban \u00fajraalkotja a Csipker\u00f3zsika-t\u00f6rt\u00e9net egy gy\u00f6ny\u00f6r\u0171 jelenet\u00e9t. Hagyja, hogy a mese var\u00e1zsa \u00e1tj\u00e1rja, \u00e9s \u00e9lvezze a sz\u00f3rakoz\u00e1s \u00f3r\u00e1it kedves bar\u00e1taival \u00e9s csal\u00e1dj\u00e1val.<\/span><\/p>\n<p><span style=\"font-weight: 400\">R\u00e1ad\u00e1sul egy 1000 darabos puzzle olyan, mint egy kincsvad\u00e1szat, ahol minden egyes darab \u00e9rt\u00e9kes a v\u00e9geredm\u00e9ny szempontj\u00e1b\u00f3l. \u00c9s a v\u00e9g\u00e9n, amikor a festm\u00e9ny elk\u00e9sz\u00fcl, sz\u00e9tszedheted, vagy megtarthatod \u00edgy &#8211; a saj\u00e1t m\u0171alkot\u00e1sod, k\u00e9szen arra, hogy ki\u00e1ll\u00edtsd.<\/span><\/p>\n","protected":false},"excerpt":{"rendered":"<p>Ha szeretted a hercegekr\u0151l \u00e9s hercegn\u0151kr\u0151l sz\u00f3l\u00f3 mes\u00e9ket, \u00e9s l\u00e9legzetvisszafojtva v\u00e1rtad a v\u00e9g\u00e9t, akkor a Csipker\u00f3zsika-t\u00f6rt\u00e9net egy jelenet\u00e9t meg\u00f6r\u00f6k\u00edt\u0151 feln\u0151tt<\/p>\n","protected":false},"featured_media":63642,"template":"","meta":[],"product_brand":[],"product_cat":[1920,1919,1881],"product_tag":[],"class_list":{"0":"post-42167","1":"product","2":"type-product","3":"status-publish","4":"has-post-thumbnail","6":"product_cat-1000-darabos-kirakos-jatek","7":"product_cat-felnott-kirakos-jatekok","8":"product_cat-kirakos-jatekok","9":"pa_brand-d_toys-hu","10":"pa_country_of_manufacture-ro-hu","11":"pa_filter_age-14-hu","12":"pa_painter-john-collier-hu","13":"pa_tip_ambalaj-doboz","14":"pa_tip_puzzle-klasszikus","16":"first","17":"instock","18":"taxable","19":"shipping-taxable","20":"product-type-simple"},"yoast_head":"<!-- This site is optimized with the Yoast SEO plugin v20.1 - https:\/\/yoast.com\/wordpress\/plugins\/seo\/ -->\n<title>John Collier 1000 darabos feln\u0151tt puzzle - A Csipker\u00f3zsika<\/title>\n<meta name=\"description\" content=\"John Collier 1000 darabos feln\u0151tt puzzle - A Csipker\u00f3zsika\" \/>\n<meta name=\"robots\" content=\"index, follow, max-snippet:-1, max-image-preview:large, max-video-preview:-1\" \/>\n<link rel=\"canonical\" href=\"https:\/\/business.roovi.com\/hu\/john-collier-1000-darabos-felnott-puzzle-a-csipkerozsika\/p\/\" \/>\n<meta property=\"og:locale\" content=\"hu_HU\" \/>\n<meta property=\"og:type\" content=\"article\" \/>\n<meta property=\"og:title\" content=\"John Collier 1000 darabos feln\u0151tt puzzle - A Csipker\u00f3zsika\" \/>\n<meta property=\"og:description\" content=\"John Collier 1000 darabos feln\u0151tt puzzle - A Csipker\u00f3zsika\" \/>\n<meta property=\"og:url\" content=\"https:\/\/business.roovi.com\/hu\/john-collier-1000-darabos-felnott-puzzle-a-csipkerozsika\/p\/\" \/>\n<meta property=\"og:site_name\" content=\"Roovi B2B\" \/>\n<meta property=\"article:publisher\" content=\"https:\/\/www.facebook.com\/wwwjucariero\" \/>\n<meta property=\"article:modified_time\" content=\"2022-07-06T18:59:17+00:00\" \/>\n<meta property=\"og:image\" content=\"https:\/\/business.roovi.com\/wp-content\/uploads\/2018\/04\/73822_01.jpg\" \/>\n\t<meta property=\"og:image:width\" content=\"1200\" \/>\n\t<meta property=\"og:image:height\" content=\"1200\" \/>\n\t<meta property=\"og:image:type\" content=\"image\/jpeg\" \/>\n<meta name=\"twitter:label1\" content=\"Becs\u00fclt olvas\u00e1si id\u0151\" \/>\n\t<meta name=\"twitter:data1\" content=\"3 perc\" \/>\n<script type=\"application\/ld+json\" class=\"yoast-schema-graph\">{\"@context\":\"https:\/\/schema.org\",\"@graph\":[{\"@type\":\"WebPage\",\"@id\":\"https:\/\/business.roovi.com\/hu\/john-collier-1000-darabos-felnott-puzzle-a-csipkerozsika\/p\/\",\"url\":\"https:\/\/business.roovi.com\/hu\/john-collier-1000-darabos-felnott-puzzle-a-csipkerozsika\/p\/\",\"name\":\"John Collier 1000 darabos feln\u0151tt puzzle - A Csipker\u00f3zsika\",\"isPartOf\":{\"@id\":\"https:\/\/business.roovi.com\/hu\/#website\"},\"datePublished\":\"2018-04-16T10:56:17+00:00\",\"dateModified\":\"2022-07-06T18:59:17+00:00\",\"description\":\"John Collier 1000 darabos feln\u0151tt puzzle - A Csipker\u00f3zsika\",\"breadcrumb\":{\"@id\":\"https:\/\/business.roovi.com\/hu\/john-collier-1000-darabos-felnott-puzzle-a-csipkerozsika\/p\/#breadcrumb\"},\"inLanguage\":\"hu\",\"potentialAction\":[{\"@type\":\"ReadAction\",\"target\":[\"https:\/\/business.roovi.com\/hu\/john-collier-1000-darabos-felnott-puzzle-a-csipkerozsika\/p\/\"]}]},{\"@type\":\"BreadcrumbList\",\"@id\":\"https:\/\/business.roovi.com\/hu\/john-collier-1000-darabos-felnott-puzzle-a-csipkerozsika\/p\/#breadcrumb\",\"itemListElement\":[{\"@type\":\"ListItem\",\"position\":1,\"name\":\"Home\",\"item\":\"https:\/\/business.roovi.com\/hu\/\"},{\"@type\":\"ListItem\",\"position\":2,\"name\":\"Shop\",\"item\":\"https:\/\/business.roovi.com\/hu\/shop\/\"},{\"@type\":\"ListItem\",\"position\":3,\"name\":\"John Collier 1000 darabos feln\u0151tt puzzle &#8211; A Csipker\u00f3zsika\"}]},{\"@type\":\"WebSite\",\"@id\":\"https:\/\/business.roovi.com\/hu\/#website\",\"url\":\"https:\/\/business.roovi.com\/hu\/\",\"name\":\"Roovi B2B\",\"description\":\"Roovi Business Website\",\"potentialAction\":[{\"@type\":\"SearchAction\",\"target\":{\"@type\":\"EntryPoint\",\"urlTemplate\":\"https:\/\/business.roovi.com\/hu\/?s={search_term_string}\"},\"query-input\":\"required name=search_term_string\"}],\"inLanguage\":\"hu\"}]}<\/script>\n<!-- \/ Yoast SEO plugin. -->","yoast_head_json":{"title":"John Collier 1000 darabos feln\u0151tt puzzle - A Csipker\u00f3zsika","description":"John Collier 1000 darabos feln\u0151tt puzzle - A Csipker\u00f3zsika","robots":{"index":"index","follow":"follow","max-snippet":"max-snippet:-1","max-image-preview":"max-image-preview:large","max-video-preview":"max-video-preview:-1"},"canonical":"https:\/\/business.roovi.com\/hu\/john-collier-1000-darabos-felnott-puzzle-a-csipkerozsika\/p\/","og_locale":"hu_HU","og_type":"article","og_title":"John Collier 1000 darabos feln\u0151tt puzzle - A Csipker\u00f3zsika","og_description":"John Collier 1000 darabos feln\u0151tt puzzle - A Csipker\u00f3zsika","og_url":"https:\/\/business.roovi.com\/hu\/john-collier-1000-darabos-felnott-puzzle-a-csipkerozsika\/p\/","og_site_name":"Roovi B2B","article_publisher":"https:\/\/www.facebook.com\/wwwjucariero","article_modified_time":"2022-07-06T18:59:17+00:00","og_image":[{"width":1200,"height":1200,"url":"https:\/\/business.roovi.com\/wp-content\/uploads\/2018\/04\/73822_01.jpg","type":"image\/jpeg"}],"twitter_misc":{"Becs\u00fclt olvas\u00e1si id\u0151":"3 perc"},"schema":{"@context":"https:\/\/schema.org","@graph":[{"@type":"WebPage","@id":"https:\/\/business.roovi.com\/hu\/john-collier-1000-darabos-felnott-puzzle-a-csipkerozsika\/p\/","url":"https:\/\/business.roovi.com\/hu\/john-collier-1000-darabos-felnott-puzzle-a-csipkerozsika\/p\/","name":"John Collier 1000 darabos feln\u0151tt puzzle - A Csipker\u00f3zsika","isPartOf":{"@id":"https:\/\/business.roovi.com\/hu\/#website"},"datePublished":"2018-04-16T10:56:17+00:00","dateModified":"2022-07-06T18:59:17+00:00","description":"John Collier 1000 darabos feln\u0151tt puzzle - A Csipker\u00f3zsika","breadcrumb":{"@id":"https:\/\/business.roovi.com\/hu\/john-collier-1000-darabos-felnott-puzzle-a-csipkerozsika\/p\/#breadcrumb"},"inLanguage":"hu","potentialAction":[{"@type":"ReadAction","target":["https:\/\/business.roovi.com\/hu\/john-collier-1000-darabos-felnott-puzzle-a-csipkerozsika\/p\/"]}]},{"@type":"BreadcrumbList","@id":"https:\/\/business.roovi.com\/hu\/john-collier-1000-darabos-felnott-puzzle-a-csipkerozsika\/p\/#breadcrumb","itemListElement":[{"@type":"ListItem","position":1,"name":"Home","item":"https:\/\/business.roovi.com\/hu\/"},{"@type":"ListItem","position":2,"name":"Shop","item":"https:\/\/business.roovi.com\/hu\/shop\/"},{"@type":"ListItem","position":3,"name":"John Collier 1000 darabos feln\u0151tt puzzle &#8211; A Csipker\u00f3zsika"}]},{"@type":"WebSite","@id":"https:\/\/business.roovi.com\/hu\/#website","url":"https:\/\/business.roovi.com\/hu\/","name":"Roovi B2B","description":"Roovi Business Website","potentialAction":[{"@type":"SearchAction","target":{"@type":"EntryPoint","urlTemplate":"https:\/\/business.roovi.com\/hu\/?s={search_term_string}"},"query-input":"required name=search_term_string"}],"inLanguage":"hu"}]}},"_links":{"self":[{"href":"https:\/\/business.roovi.com\/hu\/wp-json\/wp\/v2\/product\/42167","targetHints":{"allow":["GET"]}}],"collection":[{"href":"https:\/\/business.roovi.com\/hu\/wp-json\/wp\/v2\/product"}],"about":[{"href":"https:\/\/business.roovi.com\/hu\/wp-json\/wp\/v2\/types\/product"}],"version-history":[{"count":0,"href":"https:\/\/business.roovi.com\/hu\/wp-json\/wp\/v2\/product\/42167\/revisions"}],"wp:featuredmedia":[{"embeddable":true,"href":"https:\/\/business.roovi.com\/hu\/wp-json\/wp\/v2\/media\/63642"}],"wp:attachment":[{"href":"https:\/\/business.roovi.com\/hu\/wp-json\/wp\/v2\/media?parent=42167"}],"wp:term":[{"taxonomy":"product_brand","embeddable":true,"href":"https:\/\/business.roovi.com\/hu\/wp-json\/wp\/v2\/product_brand?post=42167"},{"taxonomy":"product_cat","embeddable":true,"href":"https:\/\/business.roovi.com\/hu\/wp-json\/wp\/v2\/product_cat?post=42167"},{"taxonomy":"product_tag","embeddable":true,"href":"https:\/\/business.roovi.com\/hu\/wp-json\/wp\/v2\/product_tag?post=42167"}],"curies":[{"name":"wp","href":"https:\/\/api.w.org\/{rel}","templated":true}]}}