{"id":42171,"date":"2018-04-16T10:56:17","date_gmt":"2018-04-16T10:56:17","guid":{"rendered":"https:\/\/business.roovi.com\/puzzle-adulti-1000-piese-ilya-repin-sadko-in-the-underwater-kingdom\/p\/"},"modified":"2022-07-06T18:59:23","modified_gmt":"2022-07-06T18:59:23","slug":"1000-darab-felnott-puzzle-ilya-repin-sadko-a-viz-alatti-kiralysagban","status":"publish","type":"product","link":"https:\/\/business.roovi.com\/hu\/1000-darab-felnott-puzzle-ilya-repin-sadko-a-viz-alatti-kiralysagban\/p\/","title":{"rendered":"1000 darab feln\u0151tt puzzle Ilya Repin &#8211; Sadko a v\u00edz alatti kir\u00e1lys\u00e1gban"},"content":{"rendered":"<p><span style=\"font-weight: 400;font-size: 14px\">Fedezze fel \u00fajra a kirak\u00f3s j\u00e1t\u00e9kok \u00f6r\u00f6m\u00e9t Rom\u00e1nia legnagyobb m\u0171v\u00e9szi kirak\u00f3s j\u00e1t\u00e9kgy\u0171jtem\u00e9ny\u00e9n kereszt\u00fcl! Sok \u00f3r\u00e1nyi kikapcsol\u00f3d\u00e1s v\u00e1r r\u00e1d, \u00e9s a v\u00e9g\u00e9n a munk\u00e1dat 1000 darabos kirak\u00f3sokb\u00f3l k\u00e9sz\u00fclt leny\u0171g\u00f6z\u0151 m\u0171v\u00e9szi festm\u00e9nyekkel \u00fcnnepelj\u00fck.<\/span><\/p>\n<p><span style=\"font-weight: 400;font-size: 14px\">Fedezze fel az orosz fest\u00e9szetet Ilya Repin &#8211; Sadko in the Underwater Kingdom 1000 darabos kirak\u00f3s j\u00e1t\u00e9k\u00e1n kereszt\u00fcl. K\u00e9sz\u00edtsd el puzzle-darabokb\u00f3l a k\u00fcl\u00f6nb\u00f6z\u0151 nemzetek megszem\u00e9lyes\u00edt\u0151it \u00e1br\u00e1zol\u00f3 sz\u00e9ps\u00e9geket az eredeti festm\u00e9nyen. A festm\u00e9ny megalkot\u00e1sakor a m\u0171v\u00e9sz tanulm\u00e1nyozta a tengeri vil\u00e1g t\u00e9rk\u00e9peit, \u00e9s igyekezett a lehet\u0151 leghitelesebb\u00e9 tenni a m\u0171vet. Az eredm\u00e9ny mes\u00e9s, \u00e9s a fest\u00e9s befejez\u00e9se ut\u00e1n meg fogsz gy\u0151z\u0151dni r\u00f3la.<\/span><\/p>\n<p><span style=\"font-weight: 400;font-size: 14px\">Egy k\u00f6z\u00f6ns\u00e9ges doh\u00e1nyz\u00f3asztalt is haszn\u00e1lhatsz az 1000 puzzle-darab \u00f6sszeszerel\u00e9s\u00e9hez \u00e9s al\u00e1t\u00e1maszt\u00e1s\u00e1hoz. A rekonstru\u00e1lt k\u00e9p m\u00e9rete 50 x 70 cm.<\/span><\/p>\n<p><span style=\"font-weight: 400;font-size: 14px\">Az Ilya Repin &#8211; Sadko a v\u00edz alatti kir\u00e1lys\u00e1gban puzzle egy\u00e9b jellemz\u0151i<\/span><\/p>\n<p><span style=\"font-size: 14px\"><strong>Puzzle anyag <\/strong><\/span><\/p>\n<p><span style=\"font-size: 14px\"><strong>kiv\u00e1l\u00f3 min\u0151s\u00e9g\u0171 k\u00e9k karton<\/strong><\/span><\/p>\n<p><span style=\"font-size: 14px\"><strong>fenntarthat\u00f3, \u00fajrahasznos\u00edthat\u00f3 anyagok<\/strong><\/span><\/p>\n<p><span style=\"font-size: 14px\"><strong>f\u00e9lf\u00e9nyes kivitel, \u00e9l\u00e9nk sz\u00ednek<\/strong><\/span><\/p>\n<p><span style=\"font-size: 14px\"><strong>A kirak\u00f3s darabok sz\u00e1ma: 1000<\/strong><\/span><\/p>\n<p><span style=\"font-size: 14px\"><strong>Aj\u00e1nlott \u00e9letkor: 14+<\/strong><\/span><\/p>\n<p><span style=\"font-size: 14px\"><strong>A rejtv\u00e9nyj\u00e1t\u00e9kok jav\u00edtj\u00e1k a probl\u00e9mamegold\u00f3 k\u00e9szs\u00e9get<\/strong><\/span><\/p>\n<p><span style=\"font-weight: 400;font-size: 14px\">Szeretne jobban felk\u00e9sz\u00fclni az \u00e9let&#8230; probl\u00e9m\u00e1ira? Az 1000 darabos rejtv\u00e9nyek megold\u00e1sa \u00e9ppen ebben seg\u00edt. A rejtv\u00e9nyj\u00e1t\u00e9kok koncentr\u00e1lnak \u00e9s fejlesztik a r\u00e9szletekre val\u00f3 figyelmet. \u00cdgy minden alkalommal k\u00e9pes leszel megtal\u00e1lni a megold\u00e1st.<\/span><\/p>\n<p><span style=\"font-weight: 400;font-size: 14px\">Ezen el\u0151ny mellett a kirak\u00f3s j\u00e1t\u00e9kok lehet\u0151s\u00e9get adnak arra, hogy:<\/span><\/p>\n<ul>\n<li>\n<p><span style=\"font-weight: 400;font-size: 14px\">Pihenjen egy neh\u00e9z, f\u00e1raszt\u00f3 nap ut\u00e1n.<\/span><\/p>\n<\/li>\n<li>\n<p><span style=\"font-weight: 400;font-size: 14px\">Kapcsol\u00f3djon le az intelligens eszk\u00f6z\u00f6k k\u00e9perny\u0151ir\u0151l.<\/span><\/p>\n<\/li>\n<li>\n<p><span style=\"font-weight: 400;font-size: 14px\">Stresszold\u00e1s.<\/span><\/p>\n<\/li>\n<li>\n<p><span style=\"font-weight: 400;font-size: 14px\">\u00c9lvezd a szeretteiddel t\u00f6lt\u00f6tt csod\u00e1latos pillanatokat, amikor egy\u00fctt t\u00f6ltitek ki az 1000 darabos puzzle k\u00e9peket <\/span><\/p>\n<\/li>\n<\/ul>\n<p><span style=\"font-size: 14px\"><strong>Ilya Repin egy pillant\u00e1sra:<\/strong><\/span><\/p>\n<p><span style=\"font-weight: 400;font-size: 14px\">\u0150t tartj\u00e1k a legjelent\u0151sebb orosz fest\u0151nek.<\/span><\/p>\n<p><span style=\"font-weight: 400;font-size: 14px\">Egy ikonfest\u0151t\u0151l tanult festeni.<\/span><\/p>\n<p><span style=\"font-weight: 400;font-size: 14px\">M\u0171vei m\u00e9ly szimb\u00f3lumokat rejtenek, gyakran a korabeli t\u00e1rsadalmi fesz\u00fclts\u00e9geket fejezik ki.<\/span><\/p>\n<p><span style=\"font-weight: 400;font-size: 14px\">Ny\u00e1ron \u00e9s t\u00e9len egyar\u00e1nt szeretett a szabadban aludni.<\/span><\/p>\n<p><span style=\"font-weight: 400;font-size: 14px\">M\u00e1sodik feles\u00e9ge veget\u00e1ri\u00e1nus volt, \u00e9s Repin \u00e1tvette az \u0151 \u00e9tlapj\u00e1t.<\/span><\/p>\n<p><span style=\"font-weight: 400;font-size: 14px\">III. S\u00e1ndor cs\u00e1sz\u00e1r szem\u00e9lyesen rendelt t\u0151le t\u00f6bb festm\u00e9nyt.<\/span><\/p>\n<p><span style=\"font-size: 14px\"><strong>Rakd \u00f6ssze a puzzle-t \u00e9s medit\u00e1lj!<\/strong><\/span><\/p>\n<p><span style=\"font-weight: 400;font-size: 14px\">A kirak\u00f3s j\u00e1t\u00e9k olyan, mint egy csod\u00e1latos medit\u00e1ci\u00f3s \u00fcl\u00e9s. Egyetlen gondolatra \u00f6sszpontos\u00edtasz &#8211; az el\u0151tted l\u00e9v\u0151 k\u00e9p befejez\u00e9s\u00e9re -, \u00e9s m\u00e9ly kapcsolatba ker\u00fclsz \u00f6nmagaddal. A jelenben \u00e9lsz, \u00e9s pozit\u00edv energi\u00e1val t\u00f6lt\u0151dsz fel egy olyan tev\u00e9kenys\u00e9gen kereszt\u00fcl, amely ir\u00e1nt szenved\u00e9lyesen \u00e9rdekl\u0151dsz. H\u00e1t nem j\u00f3 \u00e9rz\u00e9s?<\/span><\/p>\n<p><span style=\"font-weight: 400;font-size: 14px\">V\u00e1s\u00e1rolja meg most az 1000 darabos Ilya Repin &#8211; Sadko a v\u00edz alatti kir\u00e1lys\u00e1gban puzzle-t \u00e9s tapasztalja meg a relax\u00e1ci\u00f3 csod\u00e1latos \u00e1llapot\u00e1t! K\u00e9sz\u00edtsen egy egyedi festm\u00e9nyt, a legkit\u0171n\u0151bb orosz m\u0171v\u00e9szet kifejez\u0151j\u00e9t, \u00e9s gy\u00f6ny\u00f6rk\u00f6dtesse szem\u00e9t az 1000 darabos kirak\u00f3sb\u00f3l sz\u00e1rmaz\u00f3 d\u00edszt\u00e1rgyakkal. Ha kiv\u00e9teles aj\u00e1nd\u00e9kot szeretne adni egy olyan bar\u00e1tj\u00e1nak, aki szenved\u00e9lyesen szereti a kirak\u00f3s j\u00e1t\u00e9kokat, akkor ez a csod\u00e1latos m\u0171v\u00e9szi kirak\u00f3s ide\u00e1lis v\u00e1laszt\u00e1s.<\/span><\/p>\n<p><\/p>\n","protected":false},"excerpt":{"rendered":"<p>Fedezze fel \u00fajra a kirak\u00f3s j\u00e1t\u00e9kok \u00f6r\u00f6m\u00e9t Rom\u00e1nia legnagyobb m\u0171v\u00e9szi kirak\u00f3s j\u00e1t\u00e9kgy\u0171jtem\u00e9ny\u00e9n kereszt\u00fcl! Sok \u00f3r\u00e1nyi kikapcsol\u00f3d\u00e1s v\u00e1r r\u00e1d, \u00e9s a<\/p>\n","protected":false},"featured_media":63647,"template":"","meta":[],"product_brand":[],"product_cat":[1920,1919,1881],"product_tag":[],"class_list":{"0":"post-42171","1":"product","2":"type-product","3":"status-publish","4":"has-post-thumbnail","6":"product_cat-1000-darabos-kirakos-jatek","7":"product_cat-felnott-kirakos-jatekok","8":"product_cat-kirakos-jatekok","9":"pa_brand-d_toys-hu","10":"pa_country_of_manufacture-ro-hu","11":"pa_filter_age-14-hu","12":"pa_painter-ilya-repin-hu","13":"pa_tip_ambalaj-doboz","14":"pa_tip_puzzle-klasszikus","16":"first","17":"instock","18":"taxable","19":"shipping-taxable","20":"product-type-simple"},"yoast_head":"<!-- This site is optimized with the Yoast SEO plugin v20.1 - https:\/\/yoast.com\/wordpress\/plugins\/seo\/ -->\n<title>1000 darab feln\u0151tt puzzle Ilya Repin - Sadko a v\u00edz alatti kir\u00e1lys\u00e1gban<\/title>\n<meta name=\"description\" content=\"1000 darab feln\u0151tt puzzle Ilya Repin - Sadko a v\u00edz alatti kir\u00e1lys\u00e1gban\" \/>\n<meta name=\"robots\" content=\"index, follow, max-snippet:-1, max-image-preview:large, max-video-preview:-1\" \/>\n<link rel=\"canonical\" href=\"https:\/\/business.roovi.com\/hu\/1000-darab-felnott-puzzle-ilya-repin-sadko-a-viz-alatti-kiralysagban\/p\/\" \/>\n<meta property=\"og:locale\" content=\"hu_HU\" \/>\n<meta property=\"og:type\" content=\"article\" \/>\n<meta property=\"og:title\" content=\"1000 darab feln\u0151tt puzzle Ilya Repin - Sadko a v\u00edz alatti kir\u00e1lys\u00e1gban\" \/>\n<meta property=\"og:description\" content=\"1000 darab feln\u0151tt puzzle Ilya Repin - Sadko a v\u00edz alatti kir\u00e1lys\u00e1gban\" \/>\n<meta property=\"og:url\" content=\"https:\/\/business.roovi.com\/hu\/1000-darab-felnott-puzzle-ilya-repin-sadko-a-viz-alatti-kiralysagban\/p\/\" \/>\n<meta property=\"og:site_name\" content=\"Roovi B2B\" \/>\n<meta property=\"article:publisher\" content=\"https:\/\/www.facebook.com\/wwwjucariero\" \/>\n<meta property=\"article:modified_time\" content=\"2022-07-06T18:59:23+00:00\" \/>\n<meta property=\"og:image\" content=\"https:\/\/business.roovi.com\/wp-content\/uploads\/2018\/04\/73839-01_ansamblu_dimensiuni_cutie_cm_vertical.png\" \/>\n\t<meta property=\"og:image:width\" content=\"1200\" \/>\n\t<meta property=\"og:image:height\" content=\"1200\" \/>\n\t<meta property=\"og:image:type\" content=\"image\/png\" \/>\n<meta name=\"twitter:label1\" content=\"Becs\u00fclt olvas\u00e1si id\u0151\" \/>\n\t<meta name=\"twitter:data1\" content=\"3 perc\" \/>\n<script type=\"application\/ld+json\" class=\"yoast-schema-graph\">{\"@context\":\"https:\/\/schema.org\",\"@graph\":[{\"@type\":\"WebPage\",\"@id\":\"https:\/\/business.roovi.com\/hu\/1000-darab-felnott-puzzle-ilya-repin-sadko-a-viz-alatti-kiralysagban\/p\/\",\"url\":\"https:\/\/business.roovi.com\/hu\/1000-darab-felnott-puzzle-ilya-repin-sadko-a-viz-alatti-kiralysagban\/p\/\",\"name\":\"1000 darab feln\u0151tt puzzle Ilya Repin - Sadko a v\u00edz alatti kir\u00e1lys\u00e1gban\",\"isPartOf\":{\"@id\":\"https:\/\/business.roovi.com\/hu\/#website\"},\"datePublished\":\"2018-04-16T10:56:17+00:00\",\"dateModified\":\"2022-07-06T18:59:23+00:00\",\"description\":\"1000 darab feln\u0151tt puzzle Ilya Repin - Sadko a v\u00edz alatti kir\u00e1lys\u00e1gban\",\"breadcrumb\":{\"@id\":\"https:\/\/business.roovi.com\/hu\/1000-darab-felnott-puzzle-ilya-repin-sadko-a-viz-alatti-kiralysagban\/p\/#breadcrumb\"},\"inLanguage\":\"hu\",\"potentialAction\":[{\"@type\":\"ReadAction\",\"target\":[\"https:\/\/business.roovi.com\/hu\/1000-darab-felnott-puzzle-ilya-repin-sadko-a-viz-alatti-kiralysagban\/p\/\"]}]},{\"@type\":\"BreadcrumbList\",\"@id\":\"https:\/\/business.roovi.com\/hu\/1000-darab-felnott-puzzle-ilya-repin-sadko-a-viz-alatti-kiralysagban\/p\/#breadcrumb\",\"itemListElement\":[{\"@type\":\"ListItem\",\"position\":1,\"name\":\"Home\",\"item\":\"https:\/\/business.roovi.com\/hu\/\"},{\"@type\":\"ListItem\",\"position\":2,\"name\":\"Shop\",\"item\":\"https:\/\/business.roovi.com\/hu\/shop\/\"},{\"@type\":\"ListItem\",\"position\":3,\"name\":\"1000 darab feln\u0151tt puzzle Ilya Repin &#8211; Sadko a v\u00edz alatti kir\u00e1lys\u00e1gban\"}]},{\"@type\":\"WebSite\",\"@id\":\"https:\/\/business.roovi.com\/hu\/#website\",\"url\":\"https:\/\/business.roovi.com\/hu\/\",\"name\":\"Roovi B2B\",\"description\":\"Roovi Business Website\",\"potentialAction\":[{\"@type\":\"SearchAction\",\"target\":{\"@type\":\"EntryPoint\",\"urlTemplate\":\"https:\/\/business.roovi.com\/hu\/?s={search_term_string}\"},\"query-input\":\"required name=search_term_string\"}],\"inLanguage\":\"hu\"}]}<\/script>\n<!-- \/ Yoast SEO plugin. -->","yoast_head_json":{"title":"1000 darab feln\u0151tt puzzle Ilya Repin - Sadko a v\u00edz alatti kir\u00e1lys\u00e1gban","description":"1000 darab feln\u0151tt puzzle Ilya Repin - Sadko a v\u00edz alatti kir\u00e1lys\u00e1gban","robots":{"index":"index","follow":"follow","max-snippet":"max-snippet:-1","max-image-preview":"max-image-preview:large","max-video-preview":"max-video-preview:-1"},"canonical":"https:\/\/business.roovi.com\/hu\/1000-darab-felnott-puzzle-ilya-repin-sadko-a-viz-alatti-kiralysagban\/p\/","og_locale":"hu_HU","og_type":"article","og_title":"1000 darab feln\u0151tt puzzle Ilya Repin - Sadko a v\u00edz alatti kir\u00e1lys\u00e1gban","og_description":"1000 darab feln\u0151tt puzzle Ilya Repin - Sadko a v\u00edz alatti kir\u00e1lys\u00e1gban","og_url":"https:\/\/business.roovi.com\/hu\/1000-darab-felnott-puzzle-ilya-repin-sadko-a-viz-alatti-kiralysagban\/p\/","og_site_name":"Roovi B2B","article_publisher":"https:\/\/www.facebook.com\/wwwjucariero","article_modified_time":"2022-07-06T18:59:23+00:00","og_image":[{"width":1200,"height":1200,"url":"https:\/\/business.roovi.com\/wp-content\/uploads\/2018\/04\/73839-01_ansamblu_dimensiuni_cutie_cm_vertical.png","type":"image\/png"}],"twitter_misc":{"Becs\u00fclt olvas\u00e1si id\u0151":"3 perc"},"schema":{"@context":"https:\/\/schema.org","@graph":[{"@type":"WebPage","@id":"https:\/\/business.roovi.com\/hu\/1000-darab-felnott-puzzle-ilya-repin-sadko-a-viz-alatti-kiralysagban\/p\/","url":"https:\/\/business.roovi.com\/hu\/1000-darab-felnott-puzzle-ilya-repin-sadko-a-viz-alatti-kiralysagban\/p\/","name":"1000 darab feln\u0151tt puzzle Ilya Repin - Sadko a v\u00edz alatti kir\u00e1lys\u00e1gban","isPartOf":{"@id":"https:\/\/business.roovi.com\/hu\/#website"},"datePublished":"2018-04-16T10:56:17+00:00","dateModified":"2022-07-06T18:59:23+00:00","description":"1000 darab feln\u0151tt puzzle Ilya Repin - Sadko a v\u00edz alatti kir\u00e1lys\u00e1gban","breadcrumb":{"@id":"https:\/\/business.roovi.com\/hu\/1000-darab-felnott-puzzle-ilya-repin-sadko-a-viz-alatti-kiralysagban\/p\/#breadcrumb"},"inLanguage":"hu","potentialAction":[{"@type":"ReadAction","target":["https:\/\/business.roovi.com\/hu\/1000-darab-felnott-puzzle-ilya-repin-sadko-a-viz-alatti-kiralysagban\/p\/"]}]},{"@type":"BreadcrumbList","@id":"https:\/\/business.roovi.com\/hu\/1000-darab-felnott-puzzle-ilya-repin-sadko-a-viz-alatti-kiralysagban\/p\/#breadcrumb","itemListElement":[{"@type":"ListItem","position":1,"name":"Home","item":"https:\/\/business.roovi.com\/hu\/"},{"@type":"ListItem","position":2,"name":"Shop","item":"https:\/\/business.roovi.com\/hu\/shop\/"},{"@type":"ListItem","position":3,"name":"1000 darab feln\u0151tt puzzle Ilya Repin &#8211; Sadko a v\u00edz alatti kir\u00e1lys\u00e1gban"}]},{"@type":"WebSite","@id":"https:\/\/business.roovi.com\/hu\/#website","url":"https:\/\/business.roovi.com\/hu\/","name":"Roovi B2B","description":"Roovi Business Website","potentialAction":[{"@type":"SearchAction","target":{"@type":"EntryPoint","urlTemplate":"https:\/\/business.roovi.com\/hu\/?s={search_term_string}"},"query-input":"required name=search_term_string"}],"inLanguage":"hu"}]}},"_links":{"self":[{"href":"https:\/\/business.roovi.com\/hu\/wp-json\/wp\/v2\/product\/42171","targetHints":{"allow":["GET"]}}],"collection":[{"href":"https:\/\/business.roovi.com\/hu\/wp-json\/wp\/v2\/product"}],"about":[{"href":"https:\/\/business.roovi.com\/hu\/wp-json\/wp\/v2\/types\/product"}],"version-history":[{"count":0,"href":"https:\/\/business.roovi.com\/hu\/wp-json\/wp\/v2\/product\/42171\/revisions"}],"wp:featuredmedia":[{"embeddable":true,"href":"https:\/\/business.roovi.com\/hu\/wp-json\/wp\/v2\/media\/63647"}],"wp:attachment":[{"href":"https:\/\/business.roovi.com\/hu\/wp-json\/wp\/v2\/media?parent=42171"}],"wp:term":[{"taxonomy":"product_brand","embeddable":true,"href":"https:\/\/business.roovi.com\/hu\/wp-json\/wp\/v2\/product_brand?post=42171"},{"taxonomy":"product_cat","embeddable":true,"href":"https:\/\/business.roovi.com\/hu\/wp-json\/wp\/v2\/product_cat?post=42171"},{"taxonomy":"product_tag","embeddable":true,"href":"https:\/\/business.roovi.com\/hu\/wp-json\/wp\/v2\/product_tag?post=42171"}],"curies":[{"name":"wp","href":"https:\/\/api.w.org\/{rel}","templated":true}]}}