{"id":42175,"date":"2018-04-16T10:56:17","date_gmt":"2018-04-16T10:56:17","guid":{"rendered":"https:\/\/business.roovi.com\/puzzle-adulti-1000-piese-boris-kustodiev-maslenitsa\/p\/"},"modified":"2022-07-06T18:59:30","modified_gmt":"2022-07-06T18:59:30","slug":"1000-darab-felnott-puzzle-boris-kustodiev-maslenitsa","status":"publish","type":"product","link":"https:\/\/business.roovi.com\/hu\/1000-darab-felnott-puzzle-boris-kustodiev-maslenitsa\/p\/","title":{"rendered":"1000 darab feln\u0151tt puzzle Boris Kustodiev &#8211; Maslenitsa"},"content":{"rendered":"<p><span style=\"font-weight: 400\">Szenved\u00e9lyesen rajong a m\u0171v\u00e9szet\u00e9rt, vagy k\u00fcl\u00f6nleges aj\u00e1nd\u00e9kot szeretne adni egy bar\u00e1tj\u00e1nak, akit leny\u0171g\u00f6znek a h\u00edres festm\u00e9nyek? A legjobb helyre j\u00f6tt\u00e9l! M\u0171v\u00e9szeti puzzle gy\u0171jtem\u00e9ny\u00fcnk a vil\u00e1g legh\u00edresebb festm\u00e9nyeinek k\u00e9peit gy\u0171jti egybe 1000 darabos kirak\u00f3s j\u00e1t\u00e9kokban <\/span><\/p>\n<p><span style=\"font-weight: 400\">Az 1000 darabos Boris Kustodiev &#8211; Maslenitsa puzzle egy orosz nyaral\u00e1s pomp\u00e1s k\u00e9p\u00e9t \u00e1br\u00e1zolja. Az eredeti festm\u00e9ny \u00fcnnepli <\/span><span style=\"font-weight: 400\">&#8222;<\/span><span style=\"font-weight: 400\">vajh\u00e9t<\/span><span style=\"font-weight: 400\">&#8222;<\/span> <span style=\"font-weight: 400\">az orosz hagyom\u00e1ny, ami egyen\u00e9rt\u00e9k\u0171 a <\/span><span style=\"font-weight: 400\">&#8222;<\/span><span style=\"font-weight: 400\">feh\u00e9r h\u00e9t<\/span><span style=\"font-weight: 400\">&#8221; a kereszt\u00e9ny hagyom\u00e1nyban. A h\u00f3f\u00f6dte utc\u00e1kon az \u00fcnnepl\u0151 emberek olyan lelkesed\u00e9st sug\u00e1roznak, amely biztosan elkapja \u00d6nt, ha egyszer elkezd dolgozni ezen a m\u0171alkot\u00e1son.<\/span><\/p>\n<p><span style=\"font-weight: 400\">Az \u00f6sszeszerel\u00e9shez haszn\u00e1lhat egy k\u00f6z\u00f6ns\u00e9ges doh\u00e1nyz\u00f3asztalt. A rekonstru\u00e1lt k\u00e9p m\u00e9rete 50 x 70 cm. Tov\u00e1bbi inform\u00e1ci\u00f3 a m\u0171v\u00e9szeti kirak\u00f3sr\u00f3l <\/span><span style=\"font-weight: 400\">Boris Kustodiev &#8211; Maslenitsa al\u00e1bb olvashat\u00f3:<\/span><\/p>\n<p><strong>Puzzle anyag <\/strong><\/p>\n<p><strong>kiv\u00e1l\u00f3 min\u0151s\u00e9g\u0171 k\u00e9k karton<\/strong><\/p>\n<p><strong>fenntarthat\u00f3, \u00fajrahasznos\u00edthat\u00f3 anyagok<\/strong><\/p>\n<p><strong>f\u00e9lf\u00e9nyes kivitel, \u00e9l\u00e9nk sz\u00ednek<\/strong><\/p>\n<p><strong>A kirak\u00f3s darabok sz\u00e1ma: 1000<\/strong><\/p>\n<p><strong>Aj\u00e1nlott \u00e9letkor: 14+<\/strong><\/p>\n<p><strong>Szeretn\u00e9, ha nem lenn\u00e9nek mem\u00f3riaprobl\u00e9m\u00e1i? Rakj \u00f6ssze 1000 puzzle-darabot minden nap!<\/strong><\/p>\n<p><span style=\"font-weight: 400\">Tanulm\u00e1nyok azt mutatj\u00e1k, hogy azok az emberek, akik naponta legal\u00e1bb 30 percet szentelnek a rejtv\u00e9nyj\u00e1t\u00e9koknak, \u00e9les elm\u00e9j\u0171ek maradnak. Ez az el\u0151ny mag\u00e1ban foglalja a mem\u00f3ria \u00e9s m\u00e1s kognit\u00edv k\u00e9pess\u00e9gek javul\u00e1s\u00e1t. Az 1000 darabos kirak\u00f3s \u00f6sszerak\u00e1sa sor\u00e1n a kirak\u00f3s darabok form\u00e1ira \u00e9s sz\u00edneire kell eml\u00e9kezni, ami megmagyar\u00e1zza a kirak\u00f3s j\u00e1t\u00e9kok \u00e9s a mem\u00f3ria kapcsolat\u00e1t.<\/span><\/p>\n<p><strong>A rejtv\u00e9nyj\u00e1t\u00e9kok jav\u00edtj\u00e1k a probl\u00e9mamegold\u00f3 k\u00e9szs\u00e9get<\/strong><\/p>\n<p><span style=\"font-weight: 400\">Egy 1000 darabos kirak\u00f3s megold\u00e1s\u00e1hoz fel kell fedezni a darabok \u00f6sszerak\u00e1s\u00e1nak logik\u00e1j\u00e1t. Ha ez a probl\u00e9ma megold\u00f3dott, a munka g\u00f6rd\u00fcl\u00e9kenyebben megy, \u00e9s gyorsan halad a k\u00e9prekonstrukci\u00f3val. \u00cdgy a rejtv\u00e9nyek jav\u00edtj\u00e1k a probl\u00e9mamegold\u00f3 k\u00e9szs\u00e9g\u00e9t, \u00e9s megk\u00f6nny\u00edtik a n\u00e9z\u0151pontv\u00e1lt\u00e1st, hogy megfelel\u0151 megold\u00e1sokat tal\u00e1ljon a k\u00fcl\u00f6nb\u00f6z\u0151 kih\u00edv\u00e1sokra, amelyekkel nap mint nap szembes\u00fcl.<\/span><\/p>\n<p><strong>A puzzle j\u00e1t\u00e9kok seg\u00edtenek a jobb hangulatban<\/strong><\/p>\n<p><span style=\"font-weight: 400\">Ki ne szeretn\u00e9 azt az \u00e9rz\u00e9st, amikor egy neh\u00e9z feladatot megold? De kider\u00fclt, hogy az el\u00e9gedetts\u00e9g \u00e9rz\u00e9se, amit akkor \u00e9rz\u00fcnk, amikor \u00f6sszerakjuk a k\u00e9pet az 1000 darabos kirak\u00f3sb\u00f3l, a dopamin kiv\u00e1laszt\u00e1s\u00e1nak k\u00f6sz\u00f6nhet\u0151. Ez az anyag felel\u0151s az optimizmus \u00e9s a boldogs\u00e1g \u00e9rz\u00e9s\u00e9\u00e9rt, \u00e9s a kirak\u00f3s j\u00e1t\u00e9kok \u00f6sszerak\u00e1sa serkenti a termel\u00e9s\u00e9t. \u00c9lvezze h\u00e1t ezt a j\u00f3t\u00e9kony tev\u00e9kenys\u00e9get teljes m\u00e9rt\u00e9kben!<\/span><\/p>\n<p><strong>Tudt\u00e1l Borisz Kusztodjevr\u0151l?<\/strong><\/p>\n<p><span style=\"font-weight: 400\">A 20. sz\u00e1zad elej\u00e9nek egyik legkiemelked\u0151bb orosz fest\u0151je volt.<\/span><\/p>\n<p><span style=\"font-weight: 400\">K\u00f6nyvillusztr\u00e1tork\u00e9nt \u00e9s d\u00edszlettervez\u0151k\u00e9nt is dolgozott.<\/span><\/p>\n<p><span style=\"font-weight: 400\">Asszisztensk\u00e9nt dolgozott a h\u00edres fest\u0151n\u00e9l<\/span><span style=\"font-weight: 400\"> Ilja Repin, aki zseni\u00e1lis m\u0171v\u00e9sznek tartotta.<\/span><\/p>\n<p><span style=\"font-weight: 400\">A munk\u00e1ban <\/span><em><span style=\"font-weight: 400\">Maslenitsa <\/span><\/em><span style=\"font-weight: 400\">a m\u0171v\u00e9sz apr\u00f3l\u00e9kosan felid\u00e9zte saj\u00e1t gyermekkor\u00e1nak eml\u00e9keit, \u00e9s a Volga partj\u00e1n fekv\u0151, zs\u00fafolt v\u00e1ros egyik kedvelt esem\u00e9ny\u00e9t adta vissza.<\/span><\/p>\n<p><span style=\"font-weight: 400\">Azt mondta, hogy festm\u00e9nyeinek f\u0151 t\u00e9m\u00e1ja az \u00e9let szeretete, a boldogs\u00e1g, az \u00f6r\u00f6m, \u00e9s k\u00fcl\u00f6n\u00f6sen az orosz dolgok szeretete.<\/span><\/p>\n<p><strong>M\u0171v\u00e9szeti rejtv\u00e9nyek: 3 el\u0151nye van<\/strong><\/p>\n<p><span style=\"font-weight: 400\">1. Elvezetnek a h\u00edres festm\u00e9nyek leny\u0171g\u00f6z\u0151 vil\u00e1g\u00e1ba, \u00e9s \u00fagy \u00e9rezheted magad, mint egy igazi m\u0171v\u00e9sz, aki csod\u00e1latos m\u0171veket alkot.<\/span><\/p>\n<p><span style=\"font-weight: 400\">2. Fejlesztik a k\u00e9pzel\u0151er\u0151t \u00e9s a sz\u00ednes szellemet.<\/span><\/p>\n<p><span style=\"font-weight: 400\">3. Lehet\u0151s\u00e9get ad arra, hogy a h\u00edres festm\u00e9nyek legapr\u00f3bb r\u00e9szleteit is tanulm\u00e1nyozhassa \u00e9s megcsod\u00e1lhassa.<\/span><\/p>\n<p><span style=\"font-weight: 400\">V\u00e1s\u00e1rolja meg most az 1000 darabos Boris Kustodiev &#8211; Maslenitsa puzzle-t, \u00e9s kapcsol\u00f3djon be az orosz m\u0171v\u00e9sz \u00e1ltal t\u00f6k\u00e9letes sz\u00ednekben \u00e1br\u00e1zolt \u00fcnnep hangulat\u00e1ba. \u00c1ll\u00edtsa \u00f6ssze ezt a csod\u00e1latos m\u0171v\u00e9szeti puzzle-t csal\u00e1dj\u00e1val vagy bar\u00e1taival, \u00e9s \u00e9lvezz\u00e9k egy\u00fctt a k\u00fcl\u00f6nleges m\u0171v\u00e9szeti festm\u00e9nyt. Aj\u00e1nd\u00e9kozd ezt az 1000 darabos puzzle-t egy olyan bar\u00e1todnak, aki szenved\u00e9lyesen szereti a kirak\u00f3s j\u00e1t\u00e9kokat vagy a h\u00edres festm\u00e9nyeket.<\/span><\/p><\/p>\n","protected":false},"excerpt":{"rendered":"<p>Szenved\u00e9lyesen rajong a m\u0171v\u00e9szet\u00e9rt, vagy k\u00fcl\u00f6nleges aj\u00e1nd\u00e9kot szeretne adni egy bar\u00e1tj\u00e1nak, akit leny\u0171g\u00f6znek a h\u00edres festm\u00e9nyek? A legjobb helyre j\u00f6tt\u00e9l!<\/p>\n","protected":false},"featured_media":63673,"template":"","meta":[],"product_brand":[],"product_cat":[1920,1919,1881],"product_tag":[],"class_list":{"0":"post-42175","1":"product","2":"type-product","3":"status-publish","4":"has-post-thumbnail","6":"product_cat-1000-darabos-kirakos-jatek","7":"product_cat-felnott-kirakos-jatekok","8":"product_cat-kirakos-jatekok","9":"pa_brand-d_toys-hu","10":"pa_country_of_manufacture-ro-hu","11":"pa_filter_age-14-hu","12":"pa_painter-boris-kustodiev-hu","13":"pa_tip_ambalaj-doboz","14":"pa_tip_puzzle-klasszikus","16":"first","17":"instock","18":"taxable","19":"shipping-taxable","20":"product-type-simple"},"yoast_head":"<!-- This site is optimized with the Yoast SEO plugin v20.1 - https:\/\/yoast.com\/wordpress\/plugins\/seo\/ -->\n<title>1000 darab feln\u0151tt puzzle Boris Kustodiev - Maslenitsa<\/title>\n<meta name=\"description\" content=\"1000 darab feln\u0151tt puzzle Boris Kustodiev - Maslenitsa\" \/>\n<meta name=\"robots\" content=\"index, follow, max-snippet:-1, max-image-preview:large, max-video-preview:-1\" \/>\n<link rel=\"canonical\" href=\"https:\/\/business.roovi.com\/hu\/1000-darab-felnott-puzzle-boris-kustodiev-maslenitsa\/p\/\" \/>\n<meta property=\"og:locale\" content=\"hu_HU\" \/>\n<meta property=\"og:type\" content=\"article\" \/>\n<meta property=\"og:title\" content=\"1000 darab feln\u0151tt puzzle Boris Kustodiev - Maslenitsa\" \/>\n<meta property=\"og:description\" content=\"1000 darab feln\u0151tt puzzle Boris Kustodiev - Maslenitsa\" \/>\n<meta property=\"og:url\" content=\"https:\/\/business.roovi.com\/hu\/1000-darab-felnott-puzzle-boris-kustodiev-maslenitsa\/p\/\" \/>\n<meta property=\"og:site_name\" content=\"Roovi B2B\" \/>\n<meta property=\"article:publisher\" content=\"https:\/\/www.facebook.com\/wwwjucariero\" \/>\n<meta property=\"article:modified_time\" content=\"2022-07-06T18:59:30+00:00\" \/>\n<meta property=\"og:image\" content=\"https:\/\/business.roovi.com\/wp-content\/uploads\/2018\/04\/73846-01_ansamblu_dimensiuni_cutie_cm_orizontal.png\" \/>\n\t<meta property=\"og:image:width\" content=\"1200\" \/>\n\t<meta property=\"og:image:height\" content=\"1200\" \/>\n\t<meta property=\"og:image:type\" content=\"image\/png\" \/>\n<meta name=\"twitter:label1\" content=\"Becs\u00fclt olvas\u00e1si id\u0151\" \/>\n\t<meta name=\"twitter:data1\" content=\"4 perc\" \/>\n<script type=\"application\/ld+json\" class=\"yoast-schema-graph\">{\"@context\":\"https:\/\/schema.org\",\"@graph\":[{\"@type\":\"WebPage\",\"@id\":\"https:\/\/business.roovi.com\/hu\/1000-darab-felnott-puzzle-boris-kustodiev-maslenitsa\/p\/\",\"url\":\"https:\/\/business.roovi.com\/hu\/1000-darab-felnott-puzzle-boris-kustodiev-maslenitsa\/p\/\",\"name\":\"1000 darab feln\u0151tt puzzle Boris Kustodiev - Maslenitsa\",\"isPartOf\":{\"@id\":\"https:\/\/business.roovi.com\/hu\/#website\"},\"datePublished\":\"2018-04-16T10:56:17+00:00\",\"dateModified\":\"2022-07-06T18:59:30+00:00\",\"description\":\"1000 darab feln\u0151tt puzzle Boris Kustodiev - Maslenitsa\",\"breadcrumb\":{\"@id\":\"https:\/\/business.roovi.com\/hu\/1000-darab-felnott-puzzle-boris-kustodiev-maslenitsa\/p\/#breadcrumb\"},\"inLanguage\":\"hu\",\"potentialAction\":[{\"@type\":\"ReadAction\",\"target\":[\"https:\/\/business.roovi.com\/hu\/1000-darab-felnott-puzzle-boris-kustodiev-maslenitsa\/p\/\"]}]},{\"@type\":\"BreadcrumbList\",\"@id\":\"https:\/\/business.roovi.com\/hu\/1000-darab-felnott-puzzle-boris-kustodiev-maslenitsa\/p\/#breadcrumb\",\"itemListElement\":[{\"@type\":\"ListItem\",\"position\":1,\"name\":\"Home\",\"item\":\"https:\/\/business.roovi.com\/hu\/\"},{\"@type\":\"ListItem\",\"position\":2,\"name\":\"Shop\",\"item\":\"https:\/\/business.roovi.com\/hu\/shop\/\"},{\"@type\":\"ListItem\",\"position\":3,\"name\":\"1000 darab feln\u0151tt puzzle Boris Kustodiev &#8211; Maslenitsa\"}]},{\"@type\":\"WebSite\",\"@id\":\"https:\/\/business.roovi.com\/hu\/#website\",\"url\":\"https:\/\/business.roovi.com\/hu\/\",\"name\":\"Roovi B2B\",\"description\":\"Roovi Business Website\",\"potentialAction\":[{\"@type\":\"SearchAction\",\"target\":{\"@type\":\"EntryPoint\",\"urlTemplate\":\"https:\/\/business.roovi.com\/hu\/?s={search_term_string}\"},\"query-input\":\"required name=search_term_string\"}],\"inLanguage\":\"hu\"}]}<\/script>\n<!-- \/ Yoast SEO plugin. -->","yoast_head_json":{"title":"1000 darab feln\u0151tt puzzle Boris Kustodiev - Maslenitsa","description":"1000 darab feln\u0151tt puzzle Boris Kustodiev - Maslenitsa","robots":{"index":"index","follow":"follow","max-snippet":"max-snippet:-1","max-image-preview":"max-image-preview:large","max-video-preview":"max-video-preview:-1"},"canonical":"https:\/\/business.roovi.com\/hu\/1000-darab-felnott-puzzle-boris-kustodiev-maslenitsa\/p\/","og_locale":"hu_HU","og_type":"article","og_title":"1000 darab feln\u0151tt puzzle Boris Kustodiev - Maslenitsa","og_description":"1000 darab feln\u0151tt puzzle Boris Kustodiev - Maslenitsa","og_url":"https:\/\/business.roovi.com\/hu\/1000-darab-felnott-puzzle-boris-kustodiev-maslenitsa\/p\/","og_site_name":"Roovi B2B","article_publisher":"https:\/\/www.facebook.com\/wwwjucariero","article_modified_time":"2022-07-06T18:59:30+00:00","og_image":[{"width":1200,"height":1200,"url":"https:\/\/business.roovi.com\/wp-content\/uploads\/2018\/04\/73846-01_ansamblu_dimensiuni_cutie_cm_orizontal.png","type":"image\/png"}],"twitter_misc":{"Becs\u00fclt olvas\u00e1si id\u0151":"4 perc"},"schema":{"@context":"https:\/\/schema.org","@graph":[{"@type":"WebPage","@id":"https:\/\/business.roovi.com\/hu\/1000-darab-felnott-puzzle-boris-kustodiev-maslenitsa\/p\/","url":"https:\/\/business.roovi.com\/hu\/1000-darab-felnott-puzzle-boris-kustodiev-maslenitsa\/p\/","name":"1000 darab feln\u0151tt puzzle Boris Kustodiev - Maslenitsa","isPartOf":{"@id":"https:\/\/business.roovi.com\/hu\/#website"},"datePublished":"2018-04-16T10:56:17+00:00","dateModified":"2022-07-06T18:59:30+00:00","description":"1000 darab feln\u0151tt puzzle Boris Kustodiev - Maslenitsa","breadcrumb":{"@id":"https:\/\/business.roovi.com\/hu\/1000-darab-felnott-puzzle-boris-kustodiev-maslenitsa\/p\/#breadcrumb"},"inLanguage":"hu","potentialAction":[{"@type":"ReadAction","target":["https:\/\/business.roovi.com\/hu\/1000-darab-felnott-puzzle-boris-kustodiev-maslenitsa\/p\/"]}]},{"@type":"BreadcrumbList","@id":"https:\/\/business.roovi.com\/hu\/1000-darab-felnott-puzzle-boris-kustodiev-maslenitsa\/p\/#breadcrumb","itemListElement":[{"@type":"ListItem","position":1,"name":"Home","item":"https:\/\/business.roovi.com\/hu\/"},{"@type":"ListItem","position":2,"name":"Shop","item":"https:\/\/business.roovi.com\/hu\/shop\/"},{"@type":"ListItem","position":3,"name":"1000 darab feln\u0151tt puzzle Boris Kustodiev &#8211; Maslenitsa"}]},{"@type":"WebSite","@id":"https:\/\/business.roovi.com\/hu\/#website","url":"https:\/\/business.roovi.com\/hu\/","name":"Roovi B2B","description":"Roovi Business Website","potentialAction":[{"@type":"SearchAction","target":{"@type":"EntryPoint","urlTemplate":"https:\/\/business.roovi.com\/hu\/?s={search_term_string}"},"query-input":"required name=search_term_string"}],"inLanguage":"hu"}]}},"_links":{"self":[{"href":"https:\/\/business.roovi.com\/hu\/wp-json\/wp\/v2\/product\/42175","targetHints":{"allow":["GET"]}}],"collection":[{"href":"https:\/\/business.roovi.com\/hu\/wp-json\/wp\/v2\/product"}],"about":[{"href":"https:\/\/business.roovi.com\/hu\/wp-json\/wp\/v2\/types\/product"}],"version-history":[{"count":0,"href":"https:\/\/business.roovi.com\/hu\/wp-json\/wp\/v2\/product\/42175\/revisions"}],"wp:featuredmedia":[{"embeddable":true,"href":"https:\/\/business.roovi.com\/hu\/wp-json\/wp\/v2\/media\/63673"}],"wp:attachment":[{"href":"https:\/\/business.roovi.com\/hu\/wp-json\/wp\/v2\/media?parent=42175"}],"wp:term":[{"taxonomy":"product_brand","embeddable":true,"href":"https:\/\/business.roovi.com\/hu\/wp-json\/wp\/v2\/product_brand?post=42175"},{"taxonomy":"product_cat","embeddable":true,"href":"https:\/\/business.roovi.com\/hu\/wp-json\/wp\/v2\/product_cat?post=42175"},{"taxonomy":"product_tag","embeddable":true,"href":"https:\/\/business.roovi.com\/hu\/wp-json\/wp\/v2\/product_tag?post=42175"}],"curies":[{"name":"wp","href":"https:\/\/api.w.org\/{rel}","templated":true}]}}