{"id":42179,"date":"2018-04-16T10:56:17","date_gmt":"2018-04-16T10:56:17","guid":{"rendered":"https:\/\/business.roovi.com\/puzzle-adulti-1000-piese-kurti-andrea-paris\/p\/"},"modified":"2022-07-06T18:59:39","modified_gmt":"2022-07-06T18:59:39","slug":"felnott-puzzle-1000-darab-kurti-andrea-parizs","status":"publish","type":"product","link":"https:\/\/business.roovi.com\/hu\/felnott-puzzle-1000-darab-kurti-andrea-parizs\/p\/","title":{"rendered":"Feln\u0151tt puzzle 1000 darab K\u00fcrti Andrea &#8211; P\u00e1rizs"},"content":{"rendered":"<p><span style=\"font-weight: 400\">Tegy\u00e9l egy k\u00e9pzeletbeli utaz\u00e1st a romantikus P\u00e1rizsba a K\u00fcrti Andrea &#8211; P\u00e1rizs 1000 darabos puzzle k\u00e9p seg\u00edts\u00e9g\u00e9vel. Egy eredeti anim\u00e1lt illusztr\u00e1ci\u00f3 az Eiffel-torony k\u00f6zel\u00e9be visz, \u00e9s egy csod\u00e1latos kirak\u00f3s j\u00e1t\u00e9k prizm\u00e1j\u00e1n kereszt\u00fcl \u00e9rezheted a pezsg\u0151 v\u00e1ros vibr\u00e1l\u00e1s\u00e1t.<\/span><\/p>\n<p><span style=\"font-weight: 400\">Ha szenved\u00e9lyesen szereted az 1000 darabos kirak\u00f3s j\u00e1t\u00e9kokat, \u00e9s sz\u00edvesen \u00f6sszerakn\u00e1l egy egyedi k\u00e9pet, a K\u00fcrti Andrea &#8211; P\u00e1rizs 1000 darabos kirak\u00f3s t\u00f6k\u00e9letesen megfelel neked. Ez a feln\u0151tteknek sz\u00f3l\u00f3 kirak\u00f3s k\u00fcl\u00f6nleges illusztr\u00e1ci\u00f3 az impoz\u00e1ns Eiffel-tornyot \u00e1br\u00e1zolja, k\u00f6r\u00fcl\u00f6tte sz\u00ednes l\u00e9gg\u00f6mb\u00f6k lebegnek, \u00e9s k\u00e9t szerelmesp\u00e1r \u00e9li cs\u00f3kjukat a vil\u00e1g egyik legl\u00e1togatottabb l\u00e1tv\u00e1nyoss\u00e1ga mellett <\/span><\/p>\n<p><span style=\"font-weight: 400\">K\u00fcrti Andrea kort\u00e1rs m\u0171v\u00e9szn\u0151 egy meleg sz\u00ednekkel teli t\u00f6k\u00e9letes vil\u00e1got k\u00e9pzelt el, ahol a szeretet \u00e9s a harm\u00f3nia uralkodik. Az apr\u00f3 sz\u00ednes r\u00e9szletek kih\u00edv\u00e1st jelentenek majd az \u00fcgyess\u00e9gednek \u00e9s a r\u00e9szletekre val\u00f3 odafigyel\u00e9sednek, de a v\u00e9g\u00e9n a megel\u00e9gedetts\u00e9g intenz\u00edv \u00e9rz\u00e9se marad benned, hogy egy igazi m\u0171alkot\u00e1st alkott\u00e1l.<\/span><\/p>\n<p><span style=\"font-weight: 400\">Egy hagyom\u00e1nyos doh\u00e1nyz\u00f3asztalt is haszn\u00e1lhat az 1000 puzzle-darab megt\u00e1maszt\u00e1s\u00e1ra. A rekonstru\u00e1lt festm\u00e9ny m\u00e9rete 50 x 70 cm.<\/span><\/p>\n<p><span style=\"font-weight: 400\">A p\u00e1rizsi m\u0171v\u00e9szeti kirak\u00f3s egy\u00e9b jellemz\u0151i:<\/span><\/p>\n<p><strong>Puzzle anyag <\/strong><\/p>\n<p><strong>kiv\u00e1l\u00f3 min\u0151s\u00e9g\u0171 k\u00e9k karton<\/strong><\/p>\n<p><strong>fenntarthat\u00f3, \u00fajrahasznos\u00edthat\u00f3 anyagok<\/strong><\/p>\n<p><strong>f\u00e9lf\u00e9nyes kivitel, \u00e9l\u00e9nk sz\u00ednek<\/strong><\/p>\n<p><strong>A kirak\u00f3s darabok sz\u00e1ma: 1000<\/strong><\/p>\n<p><strong>Aj\u00e1nlott \u00e9letkor: 14+<\/strong><\/p>\n<p><strong>Milyen el\u0151nyei vannak egy m\u0171v\u00e9szeti rejtv\u00e9ny kit\u00f6lt\u00e9s\u00e9nek?<\/strong><\/p>\n<p><span style=\"font-weight: 400\">Egy gy\u00f6ny\u00f6r\u0171 festm\u00e9nyt kap, egy kort\u00e1rs m\u0171alkot\u00e1s kifejez\u0151d\u00e9s\u00e9t, amellyel otthon\u00e1t d\u00edsz\u00edtheti.<\/span><\/p>\n<p><span style=\"font-weight: 400\">Kih\u00edvja \u00d6nt, hogy l\u00e9pjen ki a komfortz\u00f3n\u00e1j\u00e1b\u00f3l, \u00e9s gyakorolja a kirak\u00f3s k\u00e9szs\u00e9g\u00e9t.<\/span><\/p>\n<p><span style=\"font-weight: 400\">Fejleszti a k\u00e9pzel\u0151er\u0151det, \u00e9s igazi detekt\u00edvnek \u00e9rezheted magad, aki nyomokat keres, hogy megoldja P\u00e1rizs egyik rejt\u00e9ly\u00e9t.<\/span><\/p>\n<p><span style=\"font-weight: 400\">Ez egy lehet\u0151s\u00e9g a kikapcsol\u00f3d\u00e1sra \u00e9s a mindennapi probl\u00e9m\u00e1kt\u00f3l val\u00f3 elszakad\u00e1sra.<\/span><\/p>\n<p><span style=\"font-weight: 400\">J\u00f3 alkalom lehet arra, hogy id\u0151t t\u00f6lts\u00f6n a gyermekeivel.<\/span><\/p>\n<p><strong>Tudtad, hogy&#8230;?<\/strong><\/p>\n<p><span style=\"font-weight: 400\">P\u00e1rizsban k\u00f6r\u00fclbel\u00fcl 6100 utca van, \u00e9s a legr\u00f6videbb k\u00f6z\u00fcl\u00fck mind\u00f6ssze 5,75 m hossz\u00fa.<\/span><\/p>\n<p><span style=\"font-weight: 400\">B\u00e1r a f\u0151v\u00e1ros forgalmas, eg\u00e9sz P\u00e1rizsban csak egyetlen Stop t\u00e1bla van.<\/span><\/p>\n<p><span style=\"font-weight: 400\">Egy p\u00e1rizsi lak\u00e1s 70 \u00e9vig lakatlanul, kulcsra z\u00e1rva \u00e1llt, majd a tulajdonos hal\u00e1la ut\u00e1n egy 2 milli\u00f3 doll\u00e1r \u00e9rt\u00e9k\u0171 festm\u00e9nyt tal\u00e1ltak benne.<\/span><\/p>\n<p><span style=\"font-weight: 400\">Van <\/span><em><span style=\"font-weight: 400\">P\u00e1rizs-szindr\u00f3ma, <\/span><\/em><span style=\"font-weight: 400\">k\u00fcl\u00f6n\u00f6sen a jap\u00e1nok k\u00f6r\u00e9ben gyakori. V\u00e9g\u00fcl az\u00e9rt kezelik magukat ezzel az \u00e1llapottal, mert csal\u00f3dottak, amikor r\u00e1j\u00f6nnek, hogy torz k\u00e9pet alkottak a h\u00edres v\u00e1rosr\u00f3l.<\/span><\/p>\n<p><strong>Az 1000 darabos puzzle Paris sz\u00ednes\u00edti a szeretteiddel t\u00f6lt\u00f6tt id\u0151t<\/strong><\/p>\n<p><span style=\"font-weight: 400\">A szeretteivel t\u00f6lt\u00f6tt min\u0151s\u00e9gi id\u0151 rendk\u00edv\u00fcl fontos a j\u00f3l\u00e9t \u00e9s a ment\u00e1lis eg\u00e9szs\u00e9g fenntart\u00e1s\u00e1hoz. A rejtv\u00e9nyj\u00e1t\u00e9kok t\u00f6k\u00e9letes lehet\u0151s\u00e9get ny\u00fajtanak a sz\u00f3rakoz\u00e1sra \u00e9s a kikapcsol\u00f3d\u00e1sra az \u00e9leted legfontosabb embereivel.<\/span><\/p>\n<p><span style=\"font-weight: 400\">\u00c1ll\u00edtson fel \u00f6sszeszerel\u00e9si strat\u00e9gi\u00e1kat, ossza meg a k\u00e9p befejez\u00e9s\u00e9nek feladatait az egyes r\u00e9sztvev\u0151kkel, vagy dolgozzon csapatk\u00e9nt az illusztr\u00e1ci\u00f3 \u00fajb\u00f3li elk\u00e9sz\u00edt\u00e9s\u00e9n. Az utols\u00f3 darab \u00f6sszeragaszt\u00e1sa felbecs\u00fclhetetlen el\u00e9gedetts\u00e9ggel t\u00f6lti el az eg\u00e9sz csapatot. \u00dcnnepelje meg kem\u00e9ny munk\u00e1j\u00e1t a k\u00e9sz festm\u00e9ny bekeretez\u00e9s\u00e9vel, vagy szedje sz\u00e9t a k\u00e9pet, \u00e9s folytassa a tev\u00e9kenys\u00e9get, amikor csak \u00fagy \u00e9rzi, hogy sz\u00fcks\u00e9ge van egy kreat\u00edv kih\u00edv\u00e1sra.<\/span><\/p>\n<p><span style=\"font-weight: 400\">V\u00e1s\u00e1rolja meg most az 1000 darabos K\u00fcrti Andrea &#8211; P\u00e1rizs puzzle-t \u00e9s \u00e9ljen \u00e1t egy csod\u00e1latos kreat\u00edv \u00e9lm\u00e9nyt. Fedezd fel az 1000 darabos kirak\u00f3s term\u00e9kcsal\u00e1d tov\u00e1bbi m\u0171v\u00e9szi k\u00e9pekkel ell\u00e1tott mint\u00e1it, \u00e9s hozz l\u00e9tre egy leny\u0171g\u00f6z\u0151 m\u0171v\u00e9szeti gy\u0171jtem\u00e9nyt.<\/span><\/p>\n<p><span style=\"font-weight: 400\">Az 1000 darabos P\u00e1rizs puzzle remek aj\u00e1nd\u00e9k lehet a puzzle-j\u00e1t\u00e9kokat kedvel\u0151 csal\u00e1dtagoknak vagy bar\u00e1toknak.<\/span><\/p><\/p>\n","protected":false},"excerpt":{"rendered":"<p>Tegy\u00e9l egy k\u00e9pzeletbeli utaz\u00e1st a romantikus P\u00e1rizsba a K\u00fcrti Andrea &#8211; P\u00e1rizs 1000 darabos puzzle k\u00e9p seg\u00edts\u00e9g\u00e9vel. Egy eredeti anim\u00e1lt<\/p>\n","protected":false},"featured_media":35703,"template":"","meta":[],"product_brand":[],"product_cat":[1920,1919,1881],"product_tag":[],"class_list":{"0":"post-42179","1":"product","2":"type-product","3":"status-publish","4":"has-post-thumbnail","6":"product_cat-1000-darabos-kirakos-jatek","7":"product_cat-felnott-kirakos-jatekok","8":"product_cat-kirakos-jatekok","9":"pa_brand-d_toys-hu","10":"pa_country_of_manufacture-ro-hu","11":"pa_filter_age-14-hu","12":"pa_painter-kurtiandrea-hu","13":"pa_tip_ambalaj-doboz","14":"pa_tip_puzzle-klasszikus","16":"first","17":"instock","18":"taxable","19":"shipping-taxable","20":"product-type-simple"},"yoast_head":"<!-- This site is optimized with the Yoast SEO plugin v20.1 - https:\/\/yoast.com\/wordpress\/plugins\/seo\/ -->\n<title>Feln\u0151tt puzzle 1000 darab K\u00fcrti Andrea - P\u00e1rizs<\/title>\n<meta name=\"description\" content=\"Feln\u0151tt puzzle 1000 darab K\u00fcrti Andrea - P\u00e1rizs\" \/>\n<meta name=\"robots\" content=\"index, follow, max-snippet:-1, max-image-preview:large, max-video-preview:-1\" \/>\n<link rel=\"canonical\" href=\"https:\/\/business.roovi.com\/hu\/felnott-puzzle-1000-darab-kurti-andrea-parizs\/p\/\" \/>\n<meta property=\"og:locale\" content=\"hu_HU\" \/>\n<meta property=\"og:type\" content=\"article\" \/>\n<meta property=\"og:title\" content=\"Feln\u0151tt puzzle 1000 darab K\u00fcrti Andrea - P\u00e1rizs\" \/>\n<meta property=\"og:description\" content=\"Feln\u0151tt puzzle 1000 darab K\u00fcrti Andrea - P\u00e1rizs\" \/>\n<meta property=\"og:url\" content=\"https:\/\/business.roovi.com\/hu\/felnott-puzzle-1000-darab-kurti-andrea-parizs\/p\/\" \/>\n<meta property=\"og:site_name\" content=\"Roovi B2B\" \/>\n<meta property=\"article:publisher\" content=\"https:\/\/www.facebook.com\/wwwjucariero\" \/>\n<meta property=\"article:modified_time\" content=\"2022-07-06T18:59:39+00:00\" \/>\n<meta property=\"og:image\" content=\"https:\/\/business.roovi.com\/wp-content\/uploads\/2018\/04\/73730-2_ansamblu_dimensiuni_cutie_cm_vertical_1200x1200.png\" \/>\n\t<meta property=\"og:image:width\" content=\"1200\" \/>\n\t<meta property=\"og:image:height\" content=\"1200\" \/>\n\t<meta property=\"og:image:type\" content=\"image\/png\" \/>\n<meta name=\"twitter:label1\" content=\"Becs\u00fclt olvas\u00e1si id\u0151\" \/>\n\t<meta name=\"twitter:data1\" content=\"4 perc\" \/>\n<script type=\"application\/ld+json\" class=\"yoast-schema-graph\">{\"@context\":\"https:\/\/schema.org\",\"@graph\":[{\"@type\":\"WebPage\",\"@id\":\"https:\/\/business.roovi.com\/hu\/felnott-puzzle-1000-darab-kurti-andrea-parizs\/p\/\",\"url\":\"https:\/\/business.roovi.com\/hu\/felnott-puzzle-1000-darab-kurti-andrea-parizs\/p\/\",\"name\":\"Feln\u0151tt puzzle 1000 darab K\u00fcrti Andrea - P\u00e1rizs\",\"isPartOf\":{\"@id\":\"https:\/\/business.roovi.com\/hu\/#website\"},\"datePublished\":\"2018-04-16T10:56:17+00:00\",\"dateModified\":\"2022-07-06T18:59:39+00:00\",\"description\":\"Feln\u0151tt puzzle 1000 darab K\u00fcrti Andrea - P\u00e1rizs\",\"breadcrumb\":{\"@id\":\"https:\/\/business.roovi.com\/hu\/felnott-puzzle-1000-darab-kurti-andrea-parizs\/p\/#breadcrumb\"},\"inLanguage\":\"hu\",\"potentialAction\":[{\"@type\":\"ReadAction\",\"target\":[\"https:\/\/business.roovi.com\/hu\/felnott-puzzle-1000-darab-kurti-andrea-parizs\/p\/\"]}]},{\"@type\":\"BreadcrumbList\",\"@id\":\"https:\/\/business.roovi.com\/hu\/felnott-puzzle-1000-darab-kurti-andrea-parizs\/p\/#breadcrumb\",\"itemListElement\":[{\"@type\":\"ListItem\",\"position\":1,\"name\":\"Home\",\"item\":\"https:\/\/business.roovi.com\/hu\/\"},{\"@type\":\"ListItem\",\"position\":2,\"name\":\"Shop\",\"item\":\"https:\/\/business.roovi.com\/hu\/shop\/\"},{\"@type\":\"ListItem\",\"position\":3,\"name\":\"Feln\u0151tt puzzle 1000 darab K\u00fcrti Andrea &#8211; P\u00e1rizs\"}]},{\"@type\":\"WebSite\",\"@id\":\"https:\/\/business.roovi.com\/hu\/#website\",\"url\":\"https:\/\/business.roovi.com\/hu\/\",\"name\":\"Roovi B2B\",\"description\":\"Roovi Business Website\",\"potentialAction\":[{\"@type\":\"SearchAction\",\"target\":{\"@type\":\"EntryPoint\",\"urlTemplate\":\"https:\/\/business.roovi.com\/hu\/?s={search_term_string}\"},\"query-input\":\"required name=search_term_string\"}],\"inLanguage\":\"hu\"}]}<\/script>\n<!-- \/ Yoast SEO plugin. -->","yoast_head_json":{"title":"Feln\u0151tt puzzle 1000 darab K\u00fcrti Andrea - P\u00e1rizs","description":"Feln\u0151tt puzzle 1000 darab K\u00fcrti Andrea - P\u00e1rizs","robots":{"index":"index","follow":"follow","max-snippet":"max-snippet:-1","max-image-preview":"max-image-preview:large","max-video-preview":"max-video-preview:-1"},"canonical":"https:\/\/business.roovi.com\/hu\/felnott-puzzle-1000-darab-kurti-andrea-parizs\/p\/","og_locale":"hu_HU","og_type":"article","og_title":"Feln\u0151tt puzzle 1000 darab K\u00fcrti Andrea - P\u00e1rizs","og_description":"Feln\u0151tt puzzle 1000 darab K\u00fcrti Andrea - P\u00e1rizs","og_url":"https:\/\/business.roovi.com\/hu\/felnott-puzzle-1000-darab-kurti-andrea-parizs\/p\/","og_site_name":"Roovi B2B","article_publisher":"https:\/\/www.facebook.com\/wwwjucariero","article_modified_time":"2022-07-06T18:59:39+00:00","og_image":[{"width":1200,"height":1200,"url":"https:\/\/business.roovi.com\/wp-content\/uploads\/2018\/04\/73730-2_ansamblu_dimensiuni_cutie_cm_vertical_1200x1200.png","type":"image\/png"}],"twitter_misc":{"Becs\u00fclt olvas\u00e1si id\u0151":"4 perc"},"schema":{"@context":"https:\/\/schema.org","@graph":[{"@type":"WebPage","@id":"https:\/\/business.roovi.com\/hu\/felnott-puzzle-1000-darab-kurti-andrea-parizs\/p\/","url":"https:\/\/business.roovi.com\/hu\/felnott-puzzle-1000-darab-kurti-andrea-parizs\/p\/","name":"Feln\u0151tt puzzle 1000 darab K\u00fcrti Andrea - P\u00e1rizs","isPartOf":{"@id":"https:\/\/business.roovi.com\/hu\/#website"},"datePublished":"2018-04-16T10:56:17+00:00","dateModified":"2022-07-06T18:59:39+00:00","description":"Feln\u0151tt puzzle 1000 darab K\u00fcrti Andrea - P\u00e1rizs","breadcrumb":{"@id":"https:\/\/business.roovi.com\/hu\/felnott-puzzle-1000-darab-kurti-andrea-parizs\/p\/#breadcrumb"},"inLanguage":"hu","potentialAction":[{"@type":"ReadAction","target":["https:\/\/business.roovi.com\/hu\/felnott-puzzle-1000-darab-kurti-andrea-parizs\/p\/"]}]},{"@type":"BreadcrumbList","@id":"https:\/\/business.roovi.com\/hu\/felnott-puzzle-1000-darab-kurti-andrea-parizs\/p\/#breadcrumb","itemListElement":[{"@type":"ListItem","position":1,"name":"Home","item":"https:\/\/business.roovi.com\/hu\/"},{"@type":"ListItem","position":2,"name":"Shop","item":"https:\/\/business.roovi.com\/hu\/shop\/"},{"@type":"ListItem","position":3,"name":"Feln\u0151tt puzzle 1000 darab K\u00fcrti Andrea &#8211; P\u00e1rizs"}]},{"@type":"WebSite","@id":"https:\/\/business.roovi.com\/hu\/#website","url":"https:\/\/business.roovi.com\/hu\/","name":"Roovi B2B","description":"Roovi Business Website","potentialAction":[{"@type":"SearchAction","target":{"@type":"EntryPoint","urlTemplate":"https:\/\/business.roovi.com\/hu\/?s={search_term_string}"},"query-input":"required name=search_term_string"}],"inLanguage":"hu"}]}},"_links":{"self":[{"href":"https:\/\/business.roovi.com\/hu\/wp-json\/wp\/v2\/product\/42179","targetHints":{"allow":["GET"]}}],"collection":[{"href":"https:\/\/business.roovi.com\/hu\/wp-json\/wp\/v2\/product"}],"about":[{"href":"https:\/\/business.roovi.com\/hu\/wp-json\/wp\/v2\/types\/product"}],"version-history":[{"count":0,"href":"https:\/\/business.roovi.com\/hu\/wp-json\/wp\/v2\/product\/42179\/revisions"}],"wp:featuredmedia":[{"embeddable":true,"href":"https:\/\/business.roovi.com\/hu\/wp-json\/wp\/v2\/media\/35703"}],"wp:attachment":[{"href":"https:\/\/business.roovi.com\/hu\/wp-json\/wp\/v2\/media?parent=42179"}],"wp:term":[{"taxonomy":"product_brand","embeddable":true,"href":"https:\/\/business.roovi.com\/hu\/wp-json\/wp\/v2\/product_brand?post=42179"},{"taxonomy":"product_cat","embeddable":true,"href":"https:\/\/business.roovi.com\/hu\/wp-json\/wp\/v2\/product_cat?post=42179"},{"taxonomy":"product_tag","embeddable":true,"href":"https:\/\/business.roovi.com\/hu\/wp-json\/wp\/v2\/product_tag?post=42179"}],"curies":[{"name":"wp","href":"https:\/\/api.w.org\/{rel}","templated":true}]}}