{"id":42183,"date":"2018-04-16T10:56:17","date_gmt":"2018-04-16T10:56:17","guid":{"rendered":"https:\/\/business.roovi.com\/puzzle-adulti-1000-piese-kurti-andrea-venetia\/p\/"},"modified":"2022-07-06T18:59:45","modified_gmt":"2022-07-06T18:59:45","slug":"felnott-1000-darabos-puzzle-kurti-andrea-velence","status":"publish","type":"product","link":"https:\/\/business.roovi.com\/hu\/felnott-1000-darabos-puzzle-kurti-andrea-velence\/p\/","title":{"rendered":"Feln\u0151tt 1000 darabos puzzle K\u00fcrti Andrea &#8211; Velence"},"content":{"rendered":"<p><span style=\"font-weight: 400\">Fedezd fel a csod\u00e1latos Velenc\u00e9t egy leny\u0171g\u00f6z\u0151 kirak\u00f3s j\u00e1t\u00e9kon kereszt\u00fcl! Egy mes\u00e9s illusztr\u00e1ci\u00f3, meleg sz\u00ednekben, magas vibr\u00e1l\u00e1ssal, kih\u00edv\u00e1s, hogy \u00fajraalkossa azt egy 1000 darabos kirak\u00f3sban.<\/span><\/p>\n<p><span style=\"font-weight: 400\">K\u00fcrti Andrea 1000 darabos puzzleje &#8211; Velence egyed\u00fcl\u00e1ll\u00f3 m\u00f3don t\u00e1rja el\u00e9nk a vil\u00e1g egyik legl\u00e1togatottabb v\u00e1ros\u00e1t. Egy fiatal gondolier \u00fagy t\u0171nik, hogy fantasztikus n\u0151nek \u00e1lc\u00e1zva megh\u00edvja \u00d6nt, hogy s\u00e9t\u00e1ljon v\u00e9gig a v\u00e1ros csatorn\u00e1in holdf\u00e9nyben. Vagy tal\u00e1n a hold k\u00e9pe eml\u00e9keztet az itt minden \u00e9vben megrendezett h\u00edres karnev\u00e1lra.<\/span><\/p>\n<p><span style=\"font-weight: 400\">Ha szeretn\u00e9 felfedezni az eredeti m\u0171alkot\u00e1sban rejl\u0151 rejt\u00e9lyeket, az 1000 darabos puzzle &#8211; Velence t\u00f6k\u00e9letes lehet\u0151s\u00e9get ny\u00fajt erre. Engedje mag\u00e1t egy k\u00e9pzeletbeli utaz\u00e1sra a romantikus Velenc\u00e9be, \u00e9s tapasztalja meg a m\u00e9ly relax\u00e1ci\u00f3 \u00e1llapot\u00e1t.<\/span><\/p>\n<p><span style=\"font-weight: 400\">\u00c1ll\u00edtsd fel a doh\u00e1nyz\u00f3asztalt a nappaliban &#8211; ennyi kell az 50 x 70 cm-es festm\u00e9nyhez -, \u00e9s kezdj el dolgozni a legl\u00e1tv\u00e1nyosabb 1000 darabos puzzle-festm\u00e9nyen, amit valaha is \u00f6ssze\u00e1ll\u00edtott\u00e1l.<\/span><\/p>\n<p><span style=\"font-weight: 400\">Jellemz\u0151k puzzle 1000 darab &#8211; Velence:<\/span><\/p>\n<p><strong>Puzzle anyag <\/strong><\/p>\n<p><strong>kiv\u00e1l\u00f3 min\u0151s\u00e9g\u0171 k\u00e9k karton<\/strong><\/p>\n<p><strong>fenntarthat\u00f3, \u00fajrahasznos\u00edthat\u00f3 anyagok<\/strong><\/p>\n<p><strong>f\u00e9lf\u00e9nyes kivitel, \u00e9l\u00e9nk sz\u00ednek<\/strong><\/p>\n<p><strong>A kirak\u00f3s darabok sz\u00e1ma: 1000<\/strong><\/p>\n<p><strong>Aj\u00e1nlott \u00e9letkor: 14+<\/strong><\/p>\n<p><span style=\"font-weight: 400\">A rejtv\u00e9nyj\u00e1t\u00e9kok sz\u00e1mos olyan k\u00e9szs\u00e9get fejlesztenek, amelyeket a mindennapi tev\u00e9kenys\u00e9geid sor\u00e1n haszn\u00e1lsz:<\/span><\/p>\n<p><span style=\"font-weight: 400\">Figyelem a r\u00e9szletekre<\/span><\/p>\n<p><span style=\"font-weight: 400\">Kitart\u00e1s<\/span><\/p>\n<p><span style=\"font-weight: 400\">R\u00f6vid t\u00e1v\u00fa mem\u00f3ria<\/span><\/p>\n<p><span style=\"font-weight: 400\">Probl\u00e9mamegold\u00f3 k\u00e9szs\u00e9g<\/span><\/p>\n<p><span style=\"font-weight: 400\">Logikus gondolkod\u00e1s<\/span><\/p>\n<p><span style=\"font-weight: 400\">Kreativit\u00e1s.<\/span><\/p>\n<p><strong>Tudtad, hogy&#8230;?<\/strong><\/p>\n<p><span style=\"font-weight: 400\">Egyszer volt, hol nem volt, a Velencei K\u00f6zt\u00e1rsas\u00e1g egy 1000 \u00e9ves m\u00faltra visszatekint\u0151, vir\u00e1gz\u00f3, f\u00fcggetlen birodalom volt.<\/span><\/p>\n<p><span style=\"font-weight: 400\">Velenc\u00e9t 177 csatorna szeli \u00e1t.<\/span><\/p>\n<p><span style=\"font-weight: 400\">Velence lakoss\u00e1ga az elm\u00falt 50 \u00e9vben dr\u00e1maian cs\u00f6kkent. Egyesek szerint turist\u00e1k n\u00e9lk\u00fcl szellemv\u00e1ros lenne.<\/span><\/p>\n<p><span style=\"font-weight: 400\">Velenc\u00e9ben sz\u00fcletett a vil\u00e1g els\u0151 n\u0151i egyetemista.<\/span><\/p>\n<p><span style=\"font-weight: 400\">Velence \u00e9p\u00fcletei f\u00e1b\u00f3l k\u00e9sz\u00fclt alapokra \u00e9p\u00fcltek.<\/span><\/p>\n<p><span style=\"font-weight: 400\">A velenceiek tal\u00e1lt\u00e1k fel&#8230; a karant\u00e9nt. A kifejez\u00e9s a <\/span><em><span style=\"font-weight: 400\">quaranta <\/span><\/em><span style=\"font-weight: 400\">ami a m\u00faltban azt jelentette, hogy a haj\u00f3knak 40 napig kellett a tengeren maradniuk, hogy elker\u00fclj\u00e9k az \u00fatjukr\u00f3l esetleg magukkal hozott betegs\u00e9gek elterjed\u00e9s\u00e9t.<\/span><\/p>\n<p><strong>V\u00e1lasszon 1000 darab Velencei puzzle-t a csal\u00e1di sz\u00f3rakoz\u00e1shoz<\/strong><\/p>\n<p><span style=\"font-weight: 400\">Ha egy kicsit haszn\u00e1lod a fant\u00e1zi\u00e1dat, akkor az 1000 darabos kirak\u00f3sok \u00f6sszerak\u00e1sa sz\u00f3rakoztat\u00f3 \u00e9lm\u00e9nny\u00e9 v\u00e1lhat. V\u00e1lassza ki a darabokat k\u00fcl\u00f6nb\u00f6z\u0151 \u00e1rnyalatokban, vagy szervezze meg az \u00f6sszeszerel\u00e9si munk\u00e1t \u00fagy, hogy egyik r\u00e9sztvev\u0151 se kapjon sz\u00fcnetet.<\/span><\/p>\n<p><span style=\"font-weight: 400\">K\u00e9sz\u00edtsen n\u00e9h\u00e1ny eredeti inform\u00e1ci\u00f3t Velenc\u00e9r\u0151l, \u00e9s mutassa be azokat eredeti m\u00f3don a gyerekeknek. Utazzon el a vizek v\u00e1ros\u00e1ba, \u00e9s k\u00e9pzelje el, hogy a csatorn\u00e1k ment\u00e9n gondol\u00e1n utazik. Teremts var\u00e1zslatos pillanatokat egy kiv\u00e9teles kirak\u00f3s j\u00e1t\u00e9kkal. Gyermekei megbecs\u00fclik majd az egy\u00fctt t\u00f6lt\u00f6tt id\u0151t, \u00e9s felejthetetlen eml\u00e9keket szereznek a csal\u00e1ddal egy\u00fctt t\u00f6lt\u00f6tt id\u0151b\u0151l.<\/span><\/p>\n<p><span style=\"font-weight: 400\">V\u00e1s\u00e1rolja meg az 1000 darabos velencei puzzle-t, \u00e9s \u00e9ljen \u00e1t egy csod\u00e1latos kreat\u00edv \u00e9lm\u00e9nyt. Tartsa a kirak\u00f3s j\u00e1t\u00e9kot a h\u00e1zban, hogy b\u00e1rmikor \u00fajraj\u00e1tszhassa, amikor meg akarja t\u00f6rni a monot\u00f3ni\u00e1t, vagy aj\u00e1nd\u00e9kozza meg feln\u0151tt kirak\u00f3st szeret\u0151 bar\u00e1tainak.<\/span><\/p><\/p>\n","protected":false},"excerpt":{"rendered":"<p>Fedezd fel a csod\u00e1latos Velenc\u00e9t egy leny\u0171g\u00f6z\u0151 kirak\u00f3s j\u00e1t\u00e9kon kereszt\u00fcl! Egy mes\u00e9s illusztr\u00e1ci\u00f3, meleg sz\u00ednekben, magas vibr\u00e1l\u00e1ssal, kih\u00edv\u00e1s, hogy \u00fajraalkossa<\/p>\n","protected":false},"featured_media":35717,"template":"","meta":[],"product_brand":[],"product_cat":[1920,1919,1881],"product_tag":[],"class_list":{"0":"post-42183","1":"product","2":"type-product","3":"status-publish","4":"has-post-thumbnail","6":"product_cat-1000-darabos-kirakos-jatek","7":"product_cat-felnott-kirakos-jatekok","8":"product_cat-kirakos-jatekok","9":"pa_brand-d_toys-hu","10":"pa_country_of_manufacture-ro-hu","11":"pa_filter_age-14-hu","12":"pa_painter-kurtiandrea-hu","13":"pa_tip_ambalaj-doboz","14":"pa_tip_puzzle-klasszikus","16":"first","17":"instock","18":"taxable","19":"shipping-taxable","20":"product-type-simple"},"yoast_head":"<!-- This site is optimized with the Yoast SEO plugin v20.1 - https:\/\/yoast.com\/wordpress\/plugins\/seo\/ -->\n<title>Feln\u0151tt 1000 darabos puzzle K\u00fcrti Andrea - Velence<\/title>\n<meta name=\"description\" content=\"Feln\u0151tt 1000 darabos puzzle K\u00fcrti Andrea - Velence\" \/>\n<meta name=\"robots\" content=\"index, follow, max-snippet:-1, max-image-preview:large, max-video-preview:-1\" \/>\n<link rel=\"canonical\" href=\"https:\/\/business.roovi.com\/hu\/felnott-1000-darabos-puzzle-kurti-andrea-velence\/p\/\" \/>\n<meta property=\"og:locale\" content=\"hu_HU\" \/>\n<meta property=\"og:type\" content=\"article\" \/>\n<meta property=\"og:title\" content=\"Feln\u0151tt 1000 darabos puzzle K\u00fcrti Andrea - Velence\" \/>\n<meta property=\"og:description\" content=\"Feln\u0151tt 1000 darabos puzzle K\u00fcrti Andrea - Velence\" \/>\n<meta property=\"og:url\" content=\"https:\/\/business.roovi.com\/hu\/felnott-1000-darabos-puzzle-kurti-andrea-velence\/p\/\" \/>\n<meta property=\"og:site_name\" content=\"Roovi B2B\" \/>\n<meta property=\"article:publisher\" content=\"https:\/\/www.facebook.com\/wwwjucariero\" \/>\n<meta property=\"article:modified_time\" content=\"2022-07-06T18:59:45+00:00\" \/>\n<meta property=\"og:image\" content=\"https:\/\/business.roovi.com\/wp-content\/uploads\/2018\/04\/73730_-1_ansamblu_dimensiuni_cutie_cm_vertical_1200x1200_2.png\" \/>\n\t<meta property=\"og:image:width\" content=\"1200\" \/>\n\t<meta property=\"og:image:height\" content=\"1200\" \/>\n\t<meta property=\"og:image:type\" content=\"image\/png\" \/>\n<meta name=\"twitter:label1\" content=\"Becs\u00fclt olvas\u00e1si id\u0151\" \/>\n\t<meta name=\"twitter:data1\" content=\"3 perc\" \/>\n<script type=\"application\/ld+json\" class=\"yoast-schema-graph\">{\"@context\":\"https:\/\/schema.org\",\"@graph\":[{\"@type\":\"WebPage\",\"@id\":\"https:\/\/business.roovi.com\/hu\/felnott-1000-darabos-puzzle-kurti-andrea-velence\/p\/\",\"url\":\"https:\/\/business.roovi.com\/hu\/felnott-1000-darabos-puzzle-kurti-andrea-velence\/p\/\",\"name\":\"Feln\u0151tt 1000 darabos puzzle K\u00fcrti Andrea - Velence\",\"isPartOf\":{\"@id\":\"https:\/\/business.roovi.com\/hu\/#website\"},\"datePublished\":\"2018-04-16T10:56:17+00:00\",\"dateModified\":\"2022-07-06T18:59:45+00:00\",\"description\":\"Feln\u0151tt 1000 darabos puzzle K\u00fcrti Andrea - Velence\",\"breadcrumb\":{\"@id\":\"https:\/\/business.roovi.com\/hu\/felnott-1000-darabos-puzzle-kurti-andrea-velence\/p\/#breadcrumb\"},\"inLanguage\":\"hu\",\"potentialAction\":[{\"@type\":\"ReadAction\",\"target\":[\"https:\/\/business.roovi.com\/hu\/felnott-1000-darabos-puzzle-kurti-andrea-velence\/p\/\"]}]},{\"@type\":\"BreadcrumbList\",\"@id\":\"https:\/\/business.roovi.com\/hu\/felnott-1000-darabos-puzzle-kurti-andrea-velence\/p\/#breadcrumb\",\"itemListElement\":[{\"@type\":\"ListItem\",\"position\":1,\"name\":\"Home\",\"item\":\"https:\/\/business.roovi.com\/hu\/\"},{\"@type\":\"ListItem\",\"position\":2,\"name\":\"Shop\",\"item\":\"https:\/\/business.roovi.com\/hu\/shop\/\"},{\"@type\":\"ListItem\",\"position\":3,\"name\":\"Feln\u0151tt 1000 darabos puzzle K\u00fcrti Andrea &#8211; Velence\"}]},{\"@type\":\"WebSite\",\"@id\":\"https:\/\/business.roovi.com\/hu\/#website\",\"url\":\"https:\/\/business.roovi.com\/hu\/\",\"name\":\"Roovi B2B\",\"description\":\"Roovi Business Website\",\"potentialAction\":[{\"@type\":\"SearchAction\",\"target\":{\"@type\":\"EntryPoint\",\"urlTemplate\":\"https:\/\/business.roovi.com\/hu\/?s={search_term_string}\"},\"query-input\":\"required name=search_term_string\"}],\"inLanguage\":\"hu\"}]}<\/script>\n<!-- \/ Yoast SEO plugin. -->","yoast_head_json":{"title":"Feln\u0151tt 1000 darabos puzzle K\u00fcrti Andrea - Velence","description":"Feln\u0151tt 1000 darabos puzzle K\u00fcrti Andrea - Velence","robots":{"index":"index","follow":"follow","max-snippet":"max-snippet:-1","max-image-preview":"max-image-preview:large","max-video-preview":"max-video-preview:-1"},"canonical":"https:\/\/business.roovi.com\/hu\/felnott-1000-darabos-puzzle-kurti-andrea-velence\/p\/","og_locale":"hu_HU","og_type":"article","og_title":"Feln\u0151tt 1000 darabos puzzle K\u00fcrti Andrea - Velence","og_description":"Feln\u0151tt 1000 darabos puzzle K\u00fcrti Andrea - Velence","og_url":"https:\/\/business.roovi.com\/hu\/felnott-1000-darabos-puzzle-kurti-andrea-velence\/p\/","og_site_name":"Roovi B2B","article_publisher":"https:\/\/www.facebook.com\/wwwjucariero","article_modified_time":"2022-07-06T18:59:45+00:00","og_image":[{"width":1200,"height":1200,"url":"https:\/\/business.roovi.com\/wp-content\/uploads\/2018\/04\/73730_-1_ansamblu_dimensiuni_cutie_cm_vertical_1200x1200_2.png","type":"image\/png"}],"twitter_misc":{"Becs\u00fclt olvas\u00e1si id\u0151":"3 perc"},"schema":{"@context":"https:\/\/schema.org","@graph":[{"@type":"WebPage","@id":"https:\/\/business.roovi.com\/hu\/felnott-1000-darabos-puzzle-kurti-andrea-velence\/p\/","url":"https:\/\/business.roovi.com\/hu\/felnott-1000-darabos-puzzle-kurti-andrea-velence\/p\/","name":"Feln\u0151tt 1000 darabos puzzle K\u00fcrti Andrea - Velence","isPartOf":{"@id":"https:\/\/business.roovi.com\/hu\/#website"},"datePublished":"2018-04-16T10:56:17+00:00","dateModified":"2022-07-06T18:59:45+00:00","description":"Feln\u0151tt 1000 darabos puzzle K\u00fcrti Andrea - Velence","breadcrumb":{"@id":"https:\/\/business.roovi.com\/hu\/felnott-1000-darabos-puzzle-kurti-andrea-velence\/p\/#breadcrumb"},"inLanguage":"hu","potentialAction":[{"@type":"ReadAction","target":["https:\/\/business.roovi.com\/hu\/felnott-1000-darabos-puzzle-kurti-andrea-velence\/p\/"]}]},{"@type":"BreadcrumbList","@id":"https:\/\/business.roovi.com\/hu\/felnott-1000-darabos-puzzle-kurti-andrea-velence\/p\/#breadcrumb","itemListElement":[{"@type":"ListItem","position":1,"name":"Home","item":"https:\/\/business.roovi.com\/hu\/"},{"@type":"ListItem","position":2,"name":"Shop","item":"https:\/\/business.roovi.com\/hu\/shop\/"},{"@type":"ListItem","position":3,"name":"Feln\u0151tt 1000 darabos puzzle K\u00fcrti Andrea &#8211; Velence"}]},{"@type":"WebSite","@id":"https:\/\/business.roovi.com\/hu\/#website","url":"https:\/\/business.roovi.com\/hu\/","name":"Roovi B2B","description":"Roovi Business Website","potentialAction":[{"@type":"SearchAction","target":{"@type":"EntryPoint","urlTemplate":"https:\/\/business.roovi.com\/hu\/?s={search_term_string}"},"query-input":"required name=search_term_string"}],"inLanguage":"hu"}]}},"_links":{"self":[{"href":"https:\/\/business.roovi.com\/hu\/wp-json\/wp\/v2\/product\/42183","targetHints":{"allow":["GET"]}}],"collection":[{"href":"https:\/\/business.roovi.com\/hu\/wp-json\/wp\/v2\/product"}],"about":[{"href":"https:\/\/business.roovi.com\/hu\/wp-json\/wp\/v2\/types\/product"}],"version-history":[{"count":0,"href":"https:\/\/business.roovi.com\/hu\/wp-json\/wp\/v2\/product\/42183\/revisions"}],"wp:featuredmedia":[{"embeddable":true,"href":"https:\/\/business.roovi.com\/hu\/wp-json\/wp\/v2\/media\/35717"}],"wp:attachment":[{"href":"https:\/\/business.roovi.com\/hu\/wp-json\/wp\/v2\/media?parent=42183"}],"wp:term":[{"taxonomy":"product_brand","embeddable":true,"href":"https:\/\/business.roovi.com\/hu\/wp-json\/wp\/v2\/product_brand?post=42183"},{"taxonomy":"product_cat","embeddable":true,"href":"https:\/\/business.roovi.com\/hu\/wp-json\/wp\/v2\/product_cat?post=42183"},{"taxonomy":"product_tag","embeddable":true,"href":"https:\/\/business.roovi.com\/hu\/wp-json\/wp\/v2\/product_tag?post=42183"}],"curies":[{"name":"wp","href":"https:\/\/api.w.org\/{rel}","templated":true}]}}