{"id":42187,"date":"2018-04-16T10:56:17","date_gmt":"2018-04-16T10:56:17","guid":{"rendered":"https:\/\/business.roovi.com\/puzzle-adulti-1000-piese-kurti-andrea-owlsfamilie-de-bufnite\/p\/"},"modified":"2022-07-06T18:59:50","modified_gmt":"2022-07-06T18:59:50","slug":"kurti-andrea-1000-darabos-felnott-puzzle-baglyok-bagolycsalad","status":"publish","type":"product","link":"https:\/\/business.roovi.com\/hu\/kurti-andrea-1000-darabos-felnott-puzzle-baglyok-bagolycsalad\/p\/","title":{"rendered":"K\u00fcrti Andrea 1000 darabos feln\u0151tt puzzle &#8211; Baglyok\/Bagolycsal\u00e1d"},"content":{"rendered":"<p><span style=\"font-weight: 400\">Szereted a kirak\u00f3s j\u00e1t\u00e9kokat \u00e9s a term\u00e9szetet egyar\u00e1nt? Ezt a t\u00f6k\u00e9letes kombin\u00e1ci\u00f3t k\u00edn\u00e1ljuk neked az 1000 darabos kirak\u00f3s j\u00e1t\u00e9kunkban &#8211; Baglyok. A K\u00fcrti Andrea m\u0171v\u00e9szn\u0151 \u00e1ltal tervezett, bagolycsal\u00e1dot \u00e1br\u00e1zol\u00f3 kiv\u00e9teles illusztr\u00e1ci\u00f3 meg\u00f6rvendezteti a siv\u00e1r napok monoton \u00f3r\u00e1it.<\/span><\/p>\n<p><span style=\"font-weight: 400\">K\u00fcrti Andrea 1000 darabos puzzle &#8211; Baglyok c\u00edm\u0171 j\u00e1t\u00e9k\u00e1ban egy aranyos bagolycsal\u00e1dot l\u00e1thatsz, meleg sz\u00ednekkel illusztr\u00e1lva. A n\u00e9pi kult\u00far\u00e1ban a baglyot a hal\u00e1l el\u0151h\u00edrn\u00f6k\u00e9nek tartj\u00e1k, m\u00e1s kult\u00far\u00e1kban, p\u00e9ld\u00e1ul a k\u00ednaiban az er\u0151 \u00e9s az \u00e9leter\u0151 szimb\u00f3luma. A kort\u00e1rs m\u0171v\u00e9sz 1000 darabos puzzle-festm\u00e9ny\u00e9t ez a m\u00e1sodik szimb\u00f3lum ihlette. R\u00e1ad\u00e1sul az aranyos \u00e9jszakai l\u00e9nyek bar\u00e1ts\u00e1gosnak t\u0171nnek, \u00e9s \u00f6r\u00f6mmel tal\u00e1lkoznak veled.<\/span><\/p>\n<p><span style=\"font-weight: 400\">A sz\u00ednes r\u00e9szletek \u00e9s a l\u00e1tv\u00e1nyos d\u00edsz\u00edt\u0151elemek pr\u00f3b\u00e1ra teszik minden rejtv\u00e9nyfejt\u0151 k\u00e9pess\u00e9gedet. Laz\u00edtson, \u00e9s kezdjen el dolgozni az egyik legizgalmasabb illusztr\u00e1ci\u00f3n egy 1000 darabos puzzle-n.<\/span><\/p>\n<p><strong>Mi\u00e9rt v\u00e1lassza az 1000 darabos puzzle-t &#8211; Baglyok?<\/strong><\/p>\n<p><span style=\"font-weight: 400\">\u00c9p\u00edts saj\u00e1t kez\u0171leg egy 70 x 50 cm-es, leny\u0171g\u00f6z\u0151 k\u00e9pet.<\/span><\/p>\n<p><span style=\"font-weight: 400\">Ez egy kiv\u00e1l\u00f3 min\u0151s\u00e9g\u0171 k\u00e9k kartonb\u00f3l k\u00e9sz\u00fclt puzzle.<\/span><\/p>\n<p><span style=\"font-weight: 400\">Term\u00e9szetbar\u00e1t, fenntarthat\u00f3, \u00fajrahasznos\u00edthat\u00f3 anyagokb\u00f3l k\u00e9sz\u00fclt.<\/span><\/p>\n<p><span style=\"font-weight: 400\">Id\u0151t\u00e1ll\u00f3, annyiszor haszn\u00e1lhatja \u00fajra, ah\u00e1nyszor csak akarja, \u00e9s a k\u00e9p, amit l\u00e9trehoz, minden alkalommal hib\u00e1tlan lesz, amikor haszn\u00e1lja.<\/span><\/p>\n<p><span style=\"font-weight: 400\">Ennek az 1000 darabos kirak\u00f3snak a fel\u00fclete f\u00e9lig f\u00e9nyes, \u00e9l\u00e9nk sz\u00ednekben pomp\u00e1zik.<\/span><\/p>\n<p><span style=\"font-weight: 400\">A j\u00e1t\u00e9k 14 \u00e9ven fel\u00fclieknek aj\u00e1nlott, \u00edgy b\u00e1rmikor \u00f6ssze\u00e1ll\u00edthatja tizen\u00e9ves gyermekeivel.<\/span><\/p>\n<p><strong>1000 darabos puzzle: lehet\u0151s\u00e9g a k\u00e9szs\u00e9gfejleszt\u00e9sre<\/strong><\/p>\n<p><span style=\"font-weight: 400\">A kirak\u00f3s j\u00e1t\u00e9kok ir\u00e1nti szenved\u00e9ly t\u00f6bb, mint egy lehet\u0151s\u00e9g a kikapcsol\u00f3d\u00e1sra. Ez a kreat\u00edv tev\u00e9kenys\u00e9g seg\u00edt t\u00f6bb olyan k\u00e9szs\u00e9g kifejleszt\u00e9s\u00e9ben, amelyeket a mindennapi tev\u00e9kenys\u00e9geid sor\u00e1n haszn\u00e1lsz:<\/span><\/p>\n<p><span style=\"font-weight: 400\">Jelenl\u00e9t<\/span><\/p>\n<p><span style=\"font-weight: 400\">Figyelem a r\u00e9szletekre<\/span><\/p>\n<p><span style=\"font-weight: 400\">Mem\u00f3ria<\/span><\/p>\n<p><span style=\"font-weight: 400\">Kritikus gondolkod\u00e1s<\/span><\/p>\n<p><span style=\"font-weight: 400\">Vizu\u00e1lis t\u00e9rbeli k\u00e9pess\u00e9gek<\/span><\/p>\n<p><span style=\"font-weight: 400\">K\u00e9z-szem koordin\u00e1ci\u00f3.<\/span><\/p>\n<p><strong>Tudt\u00e1l a baglyokr\u00f3l?<\/strong><\/p>\n<p><span style=\"font-weight: 400\">Van<\/span> <span style=\"font-weight: 400\">nyakuk nagyon rugalmas, \u00e9s 270 fokban el tudj\u00e1k ford\u00edtani \u0151ket jobbra vagy balra.<\/span><\/p>\n<p><span style=\"font-weight: 400\">A n\u0151st\u00e9ny baglyok m\u00e9g 40%-kal nagyobbak, mint a h\u00edmek.<\/span><\/p>\n<p><span style=\"font-weight: 400\">A baglyok egy csoportj\u00e1t parlamentnek vagy b\u00f6lcsess\u00e9gcsoportnak nevezik.<\/span><\/p>\n<p><span style=\"font-weight: 400\">A baglyok a gazd\u00e1k sz\u00f6vets\u00e9gesei, mert t\u00e1vol tartj\u00e1k a r\u00e1gcs\u00e1l\u00f3kat. Egy bagoly \u00e9vente ak\u00e1r 10 000 egeret is elejthet.<\/span><\/p>\n<p><span style=\"font-weight: 400\">A valaha felfedezett legnagyobb bagolyfossz\u00edlia k\u00f6r\u00fclbel\u00fcl m\u00e1sf\u00e9l m\u00e9ter magas volt.<\/span><\/p>\n<p><strong>Az 1000 darabos kirak\u00f3 arra nevel, hogy produkt\u00edv legyen<\/strong><\/p>\n<p><span style=\"font-weight: 400\">Az 1000 darabos puzzle k\u00e9peinek kit\u00f6lt\u00e9se szenved\u00e9lyt \u00e9s maxim\u00e1lis koncentr\u00e1ci\u00f3t ig\u00e9nyel. Ez a k\u00e9t \u00f6sszetev\u0151 t\u00f6k\u00e9letes recept a termel\u00e9kenys\u00e9g n\u00f6vel\u00e9s\u00e9hez.<\/span><\/p>\n<p><span style=\"font-weight: 400\">Ha folyamatosan gyakorolod a kirak\u00f3s j\u00e1t\u00e9kokat, ugyanezeket az elveket a mindennapi munk\u00e1dban is alkalmazni tudod majd. \u00d6r\u00f6mmel fogja tapasztalni, hogy termel\u00e9kenys\u00e9ge jelent\u0151sen javul.<\/span><\/p>\n<p><span style=\"font-weight: 400\">Szeretn\u00e9 a b\u00f6lcsess\u00e9g szimb\u00f3lum\u00e1t otthon\u00e1ban tartani, hogy inspir\u00e1lja \u00d6nt \u00e9s szerencs\u00e9t hozzon? \u00c9p\u00edts egy leny\u0171g\u00f6z\u0151 1000 darabos puzzle t\u00e1bl\u00e1t &#8211; Baglyok \u00e9s k\u00e9sz\u00edtsd el a k\u00edv\u00e1nt talizm\u00e1nt.<\/span><\/p>\n<p><span style=\"font-weight: 400\">Ez a feln\u0151tt puzzle remek v\u00e1laszt\u00e1s lehet \u00fcnnepi alkalmakra, amikor egyedi aj\u00e1nd\u00e9kkal szeretn\u00e9 meglepni szeretteit.<\/span><\/p><\/p>\n","protected":false},"excerpt":{"rendered":"<p>Szereted a kirak\u00f3s j\u00e1t\u00e9kokat \u00e9s a term\u00e9szetet egyar\u00e1nt? Ezt a t\u00f6k\u00e9letes kombin\u00e1ci\u00f3t k\u00edn\u00e1ljuk neked az 1000 darabos kirak\u00f3s j\u00e1t\u00e9kunkban &#8211;<\/p>\n","protected":false},"featured_media":35731,"template":"","meta":[],"product_brand":[],"product_cat":[1920,1919,1881],"product_tag":[],"class_list":{"0":"post-42187","1":"product","2":"type-product","3":"status-publish","4":"has-post-thumbnail","6":"product_cat-1000-darabos-kirakos-jatek","7":"product_cat-felnott-kirakos-jatekok","8":"product_cat-kirakos-jatekok","9":"pa_brand-d_toys-hu","10":"pa_country_of_manufacture-ro-hu","11":"pa_filter_age-14-hu","12":"pa_painter-kurtiandrea-hu","13":"pa_tip_ambalaj-doboz","14":"pa_tip_puzzle-klasszikus","16":"first","17":"instock","18":"taxable","19":"shipping-taxable","20":"product-type-simple"},"yoast_head":"<!-- This site is optimized with the Yoast SEO plugin v20.1 - https:\/\/yoast.com\/wordpress\/plugins\/seo\/ -->\n<title>K\u00fcrti Andrea 1000 darabos feln\u0151tt puzzle - Baglyok\/Bagolycsal\u00e1d<\/title>\n<meta name=\"description\" content=\"K\u00fcrti Andrea 1000 darabos feln\u0151tt puzzle - Baglyok\/Bagolycsal\u00e1d\" \/>\n<meta name=\"robots\" content=\"index, follow, max-snippet:-1, max-image-preview:large, max-video-preview:-1\" \/>\n<link rel=\"canonical\" href=\"https:\/\/business.roovi.com\/hu\/kurti-andrea-1000-darabos-felnott-puzzle-baglyok-bagolycsalad\/p\/\" \/>\n<meta property=\"og:locale\" content=\"hu_HU\" \/>\n<meta property=\"og:type\" content=\"article\" \/>\n<meta property=\"og:title\" content=\"K\u00fcrti Andrea 1000 darabos feln\u0151tt puzzle - Baglyok\/Bagolycsal\u00e1d\" \/>\n<meta property=\"og:description\" content=\"K\u00fcrti Andrea 1000 darabos feln\u0151tt puzzle - Baglyok\/Bagolycsal\u00e1d\" \/>\n<meta property=\"og:url\" content=\"https:\/\/business.roovi.com\/hu\/kurti-andrea-1000-darabos-felnott-puzzle-baglyok-bagolycsalad\/p\/\" \/>\n<meta property=\"og:site_name\" content=\"Roovi B2B\" \/>\n<meta property=\"article:publisher\" content=\"https:\/\/www.facebook.com\/wwwjucariero\" \/>\n<meta property=\"article:modified_time\" content=\"2022-07-06T18:59:50+00:00\" \/>\n<meta property=\"og:image\" content=\"https:\/\/business.roovi.com\/wp-content\/uploads\/2018\/04\/73747-1_ansamblu_dimensiuni_cutie_cm_orizontal_1200x1200.png\" \/>\n\t<meta property=\"og:image:width\" content=\"1200\" \/>\n\t<meta property=\"og:image:height\" content=\"1200\" \/>\n\t<meta property=\"og:image:type\" content=\"image\/png\" \/>\n<meta name=\"twitter:label1\" content=\"Becs\u00fclt olvas\u00e1si id\u0151\" \/>\n\t<meta name=\"twitter:data1\" content=\"3 perc\" \/>\n<script type=\"application\/ld+json\" class=\"yoast-schema-graph\">{\"@context\":\"https:\/\/schema.org\",\"@graph\":[{\"@type\":\"WebPage\",\"@id\":\"https:\/\/business.roovi.com\/hu\/kurti-andrea-1000-darabos-felnott-puzzle-baglyok-bagolycsalad\/p\/\",\"url\":\"https:\/\/business.roovi.com\/hu\/kurti-andrea-1000-darabos-felnott-puzzle-baglyok-bagolycsalad\/p\/\",\"name\":\"K\u00fcrti Andrea 1000 darabos feln\u0151tt puzzle - Baglyok\/Bagolycsal\u00e1d\",\"isPartOf\":{\"@id\":\"https:\/\/business.roovi.com\/hu\/#website\"},\"datePublished\":\"2018-04-16T10:56:17+00:00\",\"dateModified\":\"2022-07-06T18:59:50+00:00\",\"description\":\"K\u00fcrti Andrea 1000 darabos feln\u0151tt puzzle - Baglyok\/Bagolycsal\u00e1d\",\"breadcrumb\":{\"@id\":\"https:\/\/business.roovi.com\/hu\/kurti-andrea-1000-darabos-felnott-puzzle-baglyok-bagolycsalad\/p\/#breadcrumb\"},\"inLanguage\":\"hu\",\"potentialAction\":[{\"@type\":\"ReadAction\",\"target\":[\"https:\/\/business.roovi.com\/hu\/kurti-andrea-1000-darabos-felnott-puzzle-baglyok-bagolycsalad\/p\/\"]}]},{\"@type\":\"BreadcrumbList\",\"@id\":\"https:\/\/business.roovi.com\/hu\/kurti-andrea-1000-darabos-felnott-puzzle-baglyok-bagolycsalad\/p\/#breadcrumb\",\"itemListElement\":[{\"@type\":\"ListItem\",\"position\":1,\"name\":\"Home\",\"item\":\"https:\/\/business.roovi.com\/hu\/\"},{\"@type\":\"ListItem\",\"position\":2,\"name\":\"Shop\",\"item\":\"https:\/\/business.roovi.com\/hu\/shop\/\"},{\"@type\":\"ListItem\",\"position\":3,\"name\":\"K\u00fcrti Andrea 1000 darabos feln\u0151tt puzzle &#8211; Baglyok\/Bagolycsal\u00e1d\"}]},{\"@type\":\"WebSite\",\"@id\":\"https:\/\/business.roovi.com\/hu\/#website\",\"url\":\"https:\/\/business.roovi.com\/hu\/\",\"name\":\"Roovi B2B\",\"description\":\"Roovi Business Website\",\"potentialAction\":[{\"@type\":\"SearchAction\",\"target\":{\"@type\":\"EntryPoint\",\"urlTemplate\":\"https:\/\/business.roovi.com\/hu\/?s={search_term_string}\"},\"query-input\":\"required name=search_term_string\"}],\"inLanguage\":\"hu\"}]}<\/script>\n<!-- \/ Yoast SEO plugin. -->","yoast_head_json":{"title":"K\u00fcrti Andrea 1000 darabos feln\u0151tt puzzle - Baglyok\/Bagolycsal\u00e1d","description":"K\u00fcrti Andrea 1000 darabos feln\u0151tt puzzle - Baglyok\/Bagolycsal\u00e1d","robots":{"index":"index","follow":"follow","max-snippet":"max-snippet:-1","max-image-preview":"max-image-preview:large","max-video-preview":"max-video-preview:-1"},"canonical":"https:\/\/business.roovi.com\/hu\/kurti-andrea-1000-darabos-felnott-puzzle-baglyok-bagolycsalad\/p\/","og_locale":"hu_HU","og_type":"article","og_title":"K\u00fcrti Andrea 1000 darabos feln\u0151tt puzzle - Baglyok\/Bagolycsal\u00e1d","og_description":"K\u00fcrti Andrea 1000 darabos feln\u0151tt puzzle - Baglyok\/Bagolycsal\u00e1d","og_url":"https:\/\/business.roovi.com\/hu\/kurti-andrea-1000-darabos-felnott-puzzle-baglyok-bagolycsalad\/p\/","og_site_name":"Roovi B2B","article_publisher":"https:\/\/www.facebook.com\/wwwjucariero","article_modified_time":"2022-07-06T18:59:50+00:00","og_image":[{"width":1200,"height":1200,"url":"https:\/\/business.roovi.com\/wp-content\/uploads\/2018\/04\/73747-1_ansamblu_dimensiuni_cutie_cm_orizontal_1200x1200.png","type":"image\/png"}],"twitter_misc":{"Becs\u00fclt olvas\u00e1si id\u0151":"3 perc"},"schema":{"@context":"https:\/\/schema.org","@graph":[{"@type":"WebPage","@id":"https:\/\/business.roovi.com\/hu\/kurti-andrea-1000-darabos-felnott-puzzle-baglyok-bagolycsalad\/p\/","url":"https:\/\/business.roovi.com\/hu\/kurti-andrea-1000-darabos-felnott-puzzle-baglyok-bagolycsalad\/p\/","name":"K\u00fcrti Andrea 1000 darabos feln\u0151tt puzzle - Baglyok\/Bagolycsal\u00e1d","isPartOf":{"@id":"https:\/\/business.roovi.com\/hu\/#website"},"datePublished":"2018-04-16T10:56:17+00:00","dateModified":"2022-07-06T18:59:50+00:00","description":"K\u00fcrti Andrea 1000 darabos feln\u0151tt puzzle - Baglyok\/Bagolycsal\u00e1d","breadcrumb":{"@id":"https:\/\/business.roovi.com\/hu\/kurti-andrea-1000-darabos-felnott-puzzle-baglyok-bagolycsalad\/p\/#breadcrumb"},"inLanguage":"hu","potentialAction":[{"@type":"ReadAction","target":["https:\/\/business.roovi.com\/hu\/kurti-andrea-1000-darabos-felnott-puzzle-baglyok-bagolycsalad\/p\/"]}]},{"@type":"BreadcrumbList","@id":"https:\/\/business.roovi.com\/hu\/kurti-andrea-1000-darabos-felnott-puzzle-baglyok-bagolycsalad\/p\/#breadcrumb","itemListElement":[{"@type":"ListItem","position":1,"name":"Home","item":"https:\/\/business.roovi.com\/hu\/"},{"@type":"ListItem","position":2,"name":"Shop","item":"https:\/\/business.roovi.com\/hu\/shop\/"},{"@type":"ListItem","position":3,"name":"K\u00fcrti Andrea 1000 darabos feln\u0151tt puzzle &#8211; Baglyok\/Bagolycsal\u00e1d"}]},{"@type":"WebSite","@id":"https:\/\/business.roovi.com\/hu\/#website","url":"https:\/\/business.roovi.com\/hu\/","name":"Roovi B2B","description":"Roovi Business Website","potentialAction":[{"@type":"SearchAction","target":{"@type":"EntryPoint","urlTemplate":"https:\/\/business.roovi.com\/hu\/?s={search_term_string}"},"query-input":"required name=search_term_string"}],"inLanguage":"hu"}]}},"_links":{"self":[{"href":"https:\/\/business.roovi.com\/hu\/wp-json\/wp\/v2\/product\/42187","targetHints":{"allow":["GET"]}}],"collection":[{"href":"https:\/\/business.roovi.com\/hu\/wp-json\/wp\/v2\/product"}],"about":[{"href":"https:\/\/business.roovi.com\/hu\/wp-json\/wp\/v2\/types\/product"}],"version-history":[{"count":0,"href":"https:\/\/business.roovi.com\/hu\/wp-json\/wp\/v2\/product\/42187\/revisions"}],"wp:featuredmedia":[{"embeddable":true,"href":"https:\/\/business.roovi.com\/hu\/wp-json\/wp\/v2\/media\/35731"}],"wp:attachment":[{"href":"https:\/\/business.roovi.com\/hu\/wp-json\/wp\/v2\/media?parent=42187"}],"wp:term":[{"taxonomy":"product_brand","embeddable":true,"href":"https:\/\/business.roovi.com\/hu\/wp-json\/wp\/v2\/product_brand?post=42187"},{"taxonomy":"product_cat","embeddable":true,"href":"https:\/\/business.roovi.com\/hu\/wp-json\/wp\/v2\/product_cat?post=42187"},{"taxonomy":"product_tag","embeddable":true,"href":"https:\/\/business.roovi.com\/hu\/wp-json\/wp\/v2\/product_tag?post=42187"}],"curies":[{"name":"wp","href":"https:\/\/api.w.org\/{rel}","templated":true}]}}