{"id":42191,"date":"2018-04-16T10:56:17","date_gmt":"2018-04-16T10:56:17","guid":{"rendered":"https:\/\/business.roovi.com\/puzzle-adulti-1000-piese-kurti-andrea-owls-bufnite\/p\/"},"modified":"2022-07-06T18:59:56","modified_gmt":"2022-07-06T18:59:56","slug":"kurti-andrea-1000-darabos-felnott-puzzle-baglyok","status":"publish","type":"product","link":"https:\/\/business.roovi.com\/hu\/kurti-andrea-1000-darabos-felnott-puzzle-baglyok\/p\/","title":{"rendered":"K\u00fcrti Andrea 1000 darabos feln\u0151tt puzzle &#8211; Baglyok"},"content":{"rendered":"<p><span style=\"font-weight: 400\">Tudtad, hogy a bagoly a b\u00f6lcsess\u00e9g \u00e9s az \u00e9leter\u0151 szimb\u00f3luma? Azt mondj\u00e1k, hogy minden olyan t\u00e1rgy, amely ezt a szent teremtm\u00e9nyt \u00e1br\u00e1zolja, vonzza a pozit\u00edv energi\u00e1kat. Az 1000 darabos puzzle &#8211; Baglyok sok sz\u00ednes baglyot tartalmaz. \u00c1ll\u00edtsa \u00f6ssze a festm\u00e9nyt, \u00e9s tartsa otthon\u00e1ban szerencsehoz\u00f3 kabalak\u00e9nt.<\/span><\/p>\n<p><span style=\"font-weight: 400\">Ak\u00e1r leny\u0171g\u00f6znek ezek az \u00e9jszakai madarak, ak\u00e1r csak az \u00f6sszeszerel\u00e9si k\u00e9szs\u00e9gedet szeretn\u00e9d gyakorolni, az 1000 darabos puzzle &#8211; Baglyok kreat\u00edvan lek\u00f6ti az id\u0151det <\/span><\/p>\n<p><span style=\"font-weight: 400\">K\u00fcrti Andrea m\u0171v\u00e9szn\u0151 anim\u00e1lt illusztr\u00e1ci\u00f3t k\u00e9sz\u00edtett mindenf\u00e9le sz\u00edn\u0171 \u00e9s m\u00e9ret\u0171 baglyokr\u00f3l. Ez\u00e9rt l\u00e9trehozott egy magasabb neh\u00e9zs\u00e9gi fok\u00fa kirak\u00f3s j\u00e1t\u00e9kot. Fegyverkezzen fel t\u00fcrelemmel \u00e9s j\u00f3 humorral, \u00e9s \u00e9p\u00edtsen egy leny\u0171g\u00f6z\u0151 k\u00e9pet, amely megsz\u00e9p\u00edti kedvenc szob\u00e1j\u00e1t.<\/span><\/p>\n<p><span style=\"font-weight: 400\">Az \u00f6sszeszerel\u00e9shez haszn\u00e1lhat egy hagyom\u00e1nyos doh\u00e1nyz\u00f3asztalt. A v\u00e9geredm\u00e9ny egy 50 x 70 cm-es festm\u00e9ny lesz.<\/span><\/p>\n<p><strong>Mi\u00e9rt v\u00e1lassza a K\u00fcrti Andrea &#8211; Baglyok 1000 darabos puzzle-t? <\/strong><\/p>\n<p><span style=\"font-weight: 400\">Ez egy kiv\u00e1l\u00f3 min\u0151s\u00e9g\u0171 k\u00e9k kartonb\u00f3l k\u00e9sz\u00fclt puzzle.<\/span><\/p>\n<p><span style=\"font-weight: 400\">Tiszteletben tartja a term\u00e9szetet, \u00e9s fenntarthat\u00f3, \u00fajrahasznos\u00edthat\u00f3 anyagokb\u00f3l k\u00e9sz\u00fcl.<\/span><\/p>\n<p><span style=\"font-weight: 400\">Nagyon tart\u00f3s, sokszor \u00fajra lehet csin\u00e1lni, \u00e9s a k\u00e9p minden alkalommal hib\u00e1tlan lesz.<\/span><\/p>\n<p><span style=\"font-weight: 400\">F\u00e9lf\u00e9nyes kivitelben, \u00e9l\u00e9nk sz\u00ednekben.<\/span><\/p>\n<p><span style=\"font-weight: 400\">A j\u00e1t\u00e9k 14 \u00e9ves kort\u00f3l aj\u00e1nlott, \u00e9s t\u00f6k\u00e9letesen alkalmas arra, hogy a tizen\u00e9veseket bevezesse a nagyobb kih\u00edv\u00e1st jelent\u0151 rejtv\u00e9nyek vil\u00e1g\u00e1ba.<\/span><\/p>\n<p><span style=\"font-weight: 400\">Az 1000 darabos puzzle &#8211; Baglyok egyfajta kikapcsol\u00f3d\u00e1s, ugyanakkor sz\u00e1mos eg\u00e9szs\u00e9g\u00fcgyi el\u0151nnyel j\u00e1r:<\/span><\/p>\n<p><strong>Akt\u00edvan tartja az agyat<\/strong><span style=\"font-weight: 400\"> &#8211; a jobb \u00e9s a bal agyf\u00e9lteke is r\u00e9szt vesz az \u00f6sszeszerel\u00e9sben, \u00edgy ez egy komplex agyi gyakorlat.<\/span><\/p>\n<p><strong>V\u00e9di a ment\u00e1lis eg\u00e9szs\u00e9get<\/strong><span style=\"font-weight: 400\"> &#8211; kider\u00fclt, hogy azokn\u00e1l, akik naponta kirak\u00f3znak, nagyon alacsony az Alzheimer-k\u00f3r kialakul\u00e1s\u00e1nak kock\u00e1zata.<\/span><\/p>\n<p><strong>Jav\u00edtja a figyelmet<\/strong><span style=\"font-weight: 400\"> &#8211; a kirak\u00f3s j\u00e1t\u00e9k maxim\u00e1lis koncentr\u00e1ci\u00f3t \u00e9s elk\u00e9peszt\u0151 figyelmet ig\u00e9nyel a legapr\u00f3bb r\u00e9szletekre is. A gyakori gyakorl\u00e1s \u00e9les\u00edti ezt a k\u00e9pess\u00e9get.<\/span><\/p>\n<p><strong>Kem\u00e9ny\u00edti a vizu\u00e1lis t\u00e9rl\u00e1t\u00e1st<\/strong><span style=\"font-weight: 400\">  amelyet olyan mindennapi tev\u00e9kenys\u00e9gek sor\u00e1n haszn\u00e1l, mint p\u00e9ld\u00e1ul az aut\u00f3 parkol\u00e1sa vagy t\u00e1rgyak elhelyez\u00e9se kis helyen.<\/span><\/p>\n<p><strong>5 \u00e9rdekess\u00e9g a baglyokr\u00f3l<\/strong><\/p>\n<p><span style=\"font-weight: 400\">1. A legr\u00e9gebbi bagolyfossz\u00edlia 58 milli\u00f3 \u00e9ves.<\/span><\/p>\n<p><span style=\"font-weight: 400\">2. Kiv\u00e1l\u00f3 vad\u00e1szok. Egyes fajok ak\u00e1r 10 000 egeret is kifoghatnak egy \u00e9v alatt.<\/span><\/p>\n<p><span style=\"font-weight: 400\">3. A t\u00e1pl\u00e1l\u00e9k megem\u00e9sztetlen r\u00e9szeit ingluvium form\u00e1j\u00e1ban t\u00e1vol\u00edtj\u00e1k el a sz\u00e1jukon kereszt\u00fcl.<\/span><\/p>\n<p><span style=\"font-weight: 400\">4. Egyes sivatagi baglyok kaktuszok k\u00f6z\u00f6tt f\u00e9szkelnek.<\/span><\/p>\n<p><span style=\"font-weight: 400\">5. Egyes fajokat a sportban haszn\u00e1lnak, \u00e9s az emberek \u00fagy k\u00e9pzik ki \u0151ket, mint a s\u00f3lymokat.<\/span><\/p>\n<p><strong>Egy\u00e9b k\u00e9szs\u00e9gek, amelyeket az 1000 darabos Baglyok kirak\u00f3val fejleszthetsz<\/strong><\/p>\n<p><span style=\"font-weight: 400\">Csiszolod a k\u00e9pess\u00e9geidet.<\/span><strong> <\/strong><\/p>\n<p><span style=\"font-weight: 400\">Fejl\u0151dik az eszt\u00e9tikai \u00e9rz\u00e9ked.<\/span><\/p>\n<p><span style=\"font-weight: 400\">Fejleszd a kreativit\u00e1sodat.<\/span><\/p>\n<p><span style=\"font-weight: 400\">Felkelted a tud\u00e1s ir\u00e1nti \u00e9tv\u00e1gyadat.<\/span><\/p>\n<p><span style=\"font-weight: 400\">Lehet\u0151s\u00e9ge van arra, hogy egy m\u0171v\u00e9szi festm\u00e9nyt hozzon l\u00e9tre, amely megsz\u00e9p\u00edti otthon\u00e1t.<\/span><\/p>\n<p><span style=\"font-weight: 400\">Megtanulsz csapatk\u00e9nt dolgozni egy 1000 darabos kirak\u00f3s j\u00e1t\u00e9kon, ha szeretteid r\u00e9szt vesznek a tev\u00e9kenys\u00e9gben.<\/span><\/p>\n<p><span style=\"font-weight: 400\">A K\u00fcrti Andrea 1000 darabos puzzle &#8211; Baglyok ide\u00e1lis mind a babon\u00e1s, mind a puzzle rajong\u00f3k sz\u00e1m\u00e1ra. \u00c1ll\u00edtsa \u00f6ssze a k\u00e9pet, \u00e9s tartsa meg a k\u00e9pet d\u00edszt\u00e1rgyk\u00e9nt. Vagy szedje sz\u00e9t a darabokat, \u00e9s \u00e9p\u00edtse \u00fajra a k\u00e9pet, amikor \u00fagy \u00e9rzi, hogy kreat\u00edv tev\u00e9kenys\u00e9gre van sz\u00fcks\u00e9ge.<\/span><\/p>\n<p><span style=\"font-weight: 400\">Fantasztikus aj\u00e1nd\u00e9k\u00f6tletre van sz\u00fcks\u00e9ge? Az 1000 darabos puzzle ide\u00e1lis aj\u00e1nd\u00e9k \u00fcnnepekre vagy \u00e9vfordul\u00f3kra.<\/span><\/p><\/p>\n","protected":false},"excerpt":{"rendered":"<p>Tudtad, hogy a bagoly a b\u00f6lcsess\u00e9g \u00e9s az \u00e9leter\u0151 szimb\u00f3luma? Azt mondj\u00e1k, hogy minden olyan t\u00e1rgy, amely ezt a szent<\/p>\n","protected":false},"featured_media":35745,"template":"","meta":[],"product_brand":[],"product_cat":[1920,1919,1881],"product_tag":[],"class_list":{"0":"post-42191","1":"product","2":"type-product","3":"status-publish","4":"has-post-thumbnail","6":"product_cat-1000-darabos-kirakos-jatek","7":"product_cat-felnott-kirakos-jatekok","8":"product_cat-kirakos-jatekok","9":"pa_brand-d_toys-hu","10":"pa_country_of_manufacture-ro-hu","11":"pa_filter_age-14-hu","12":"pa_painter-kurtiandrea-hu","13":"pa_tip_ambalaj-doboz","14":"pa_tip_puzzle-klasszikus","16":"first","17":"instock","18":"taxable","19":"shipping-taxable","20":"product-type-simple"},"yoast_head":"<!-- This site is optimized with the Yoast SEO plugin v20.1 - https:\/\/yoast.com\/wordpress\/plugins\/seo\/ -->\n<title>K\u00fcrti Andrea 1000 darabos feln\u0151tt puzzle - Baglyok<\/title>\n<meta name=\"description\" content=\"K\u00fcrti Andrea 1000 darabos feln\u0151tt puzzle - Baglyok\" \/>\n<meta name=\"robots\" content=\"index, follow, max-snippet:-1, max-image-preview:large, max-video-preview:-1\" \/>\n<link rel=\"canonical\" href=\"https:\/\/business.roovi.com\/hu\/kurti-andrea-1000-darabos-felnott-puzzle-baglyok\/p\/\" \/>\n<meta property=\"og:locale\" content=\"hu_HU\" \/>\n<meta property=\"og:type\" content=\"article\" \/>\n<meta property=\"og:title\" content=\"K\u00fcrti Andrea 1000 darabos feln\u0151tt puzzle - Baglyok\" \/>\n<meta property=\"og:description\" content=\"K\u00fcrti Andrea 1000 darabos feln\u0151tt puzzle - Baglyok\" \/>\n<meta property=\"og:url\" content=\"https:\/\/business.roovi.com\/hu\/kurti-andrea-1000-darabos-felnott-puzzle-baglyok\/p\/\" \/>\n<meta property=\"og:site_name\" content=\"Roovi B2B\" \/>\n<meta property=\"article:publisher\" content=\"https:\/\/www.facebook.com\/wwwjucariero\" \/>\n<meta property=\"article:modified_time\" content=\"2022-07-06T18:59:56+00:00\" \/>\n<meta property=\"og:image\" content=\"https:\/\/business.roovi.com\/wp-content\/uploads\/2018\/04\/73747-2_ansamblu_dimensiuni_cutie_cm_vertical_1200x1200.png\" \/>\n\t<meta property=\"og:image:width\" content=\"1200\" \/>\n\t<meta property=\"og:image:height\" content=\"1200\" \/>\n\t<meta property=\"og:image:type\" content=\"image\/png\" \/>\n<meta name=\"twitter:label1\" content=\"Becs\u00fclt olvas\u00e1si id\u0151\" \/>\n\t<meta name=\"twitter:data1\" content=\"3 perc\" \/>\n<script type=\"application\/ld+json\" class=\"yoast-schema-graph\">{\"@context\":\"https:\/\/schema.org\",\"@graph\":[{\"@type\":\"WebPage\",\"@id\":\"https:\/\/business.roovi.com\/hu\/kurti-andrea-1000-darabos-felnott-puzzle-baglyok\/p\/\",\"url\":\"https:\/\/business.roovi.com\/hu\/kurti-andrea-1000-darabos-felnott-puzzle-baglyok\/p\/\",\"name\":\"K\u00fcrti Andrea 1000 darabos feln\u0151tt puzzle - Baglyok\",\"isPartOf\":{\"@id\":\"https:\/\/business.roovi.com\/hu\/#website\"},\"datePublished\":\"2018-04-16T10:56:17+00:00\",\"dateModified\":\"2022-07-06T18:59:56+00:00\",\"description\":\"K\u00fcrti Andrea 1000 darabos feln\u0151tt puzzle - Baglyok\",\"breadcrumb\":{\"@id\":\"https:\/\/business.roovi.com\/hu\/kurti-andrea-1000-darabos-felnott-puzzle-baglyok\/p\/#breadcrumb\"},\"inLanguage\":\"hu\",\"potentialAction\":[{\"@type\":\"ReadAction\",\"target\":[\"https:\/\/business.roovi.com\/hu\/kurti-andrea-1000-darabos-felnott-puzzle-baglyok\/p\/\"]}]},{\"@type\":\"BreadcrumbList\",\"@id\":\"https:\/\/business.roovi.com\/hu\/kurti-andrea-1000-darabos-felnott-puzzle-baglyok\/p\/#breadcrumb\",\"itemListElement\":[{\"@type\":\"ListItem\",\"position\":1,\"name\":\"Home\",\"item\":\"https:\/\/business.roovi.com\/hu\/\"},{\"@type\":\"ListItem\",\"position\":2,\"name\":\"Shop\",\"item\":\"https:\/\/business.roovi.com\/hu\/shop\/\"},{\"@type\":\"ListItem\",\"position\":3,\"name\":\"K\u00fcrti Andrea 1000 darabos feln\u0151tt puzzle &#8211; Baglyok\"}]},{\"@type\":\"WebSite\",\"@id\":\"https:\/\/business.roovi.com\/hu\/#website\",\"url\":\"https:\/\/business.roovi.com\/hu\/\",\"name\":\"Roovi B2B\",\"description\":\"Roovi Business Website\",\"potentialAction\":[{\"@type\":\"SearchAction\",\"target\":{\"@type\":\"EntryPoint\",\"urlTemplate\":\"https:\/\/business.roovi.com\/hu\/?s={search_term_string}\"},\"query-input\":\"required name=search_term_string\"}],\"inLanguage\":\"hu\"}]}<\/script>\n<!-- \/ Yoast SEO plugin. -->","yoast_head_json":{"title":"K\u00fcrti Andrea 1000 darabos feln\u0151tt puzzle - Baglyok","description":"K\u00fcrti Andrea 1000 darabos feln\u0151tt puzzle - Baglyok","robots":{"index":"index","follow":"follow","max-snippet":"max-snippet:-1","max-image-preview":"max-image-preview:large","max-video-preview":"max-video-preview:-1"},"canonical":"https:\/\/business.roovi.com\/hu\/kurti-andrea-1000-darabos-felnott-puzzle-baglyok\/p\/","og_locale":"hu_HU","og_type":"article","og_title":"K\u00fcrti Andrea 1000 darabos feln\u0151tt puzzle - Baglyok","og_description":"K\u00fcrti Andrea 1000 darabos feln\u0151tt puzzle - Baglyok","og_url":"https:\/\/business.roovi.com\/hu\/kurti-andrea-1000-darabos-felnott-puzzle-baglyok\/p\/","og_site_name":"Roovi B2B","article_publisher":"https:\/\/www.facebook.com\/wwwjucariero","article_modified_time":"2022-07-06T18:59:56+00:00","og_image":[{"width":1200,"height":1200,"url":"https:\/\/business.roovi.com\/wp-content\/uploads\/2018\/04\/73747-2_ansamblu_dimensiuni_cutie_cm_vertical_1200x1200.png","type":"image\/png"}],"twitter_misc":{"Becs\u00fclt olvas\u00e1si id\u0151":"3 perc"},"schema":{"@context":"https:\/\/schema.org","@graph":[{"@type":"WebPage","@id":"https:\/\/business.roovi.com\/hu\/kurti-andrea-1000-darabos-felnott-puzzle-baglyok\/p\/","url":"https:\/\/business.roovi.com\/hu\/kurti-andrea-1000-darabos-felnott-puzzle-baglyok\/p\/","name":"K\u00fcrti Andrea 1000 darabos feln\u0151tt puzzle - Baglyok","isPartOf":{"@id":"https:\/\/business.roovi.com\/hu\/#website"},"datePublished":"2018-04-16T10:56:17+00:00","dateModified":"2022-07-06T18:59:56+00:00","description":"K\u00fcrti Andrea 1000 darabos feln\u0151tt puzzle - Baglyok","breadcrumb":{"@id":"https:\/\/business.roovi.com\/hu\/kurti-andrea-1000-darabos-felnott-puzzle-baglyok\/p\/#breadcrumb"},"inLanguage":"hu","potentialAction":[{"@type":"ReadAction","target":["https:\/\/business.roovi.com\/hu\/kurti-andrea-1000-darabos-felnott-puzzle-baglyok\/p\/"]}]},{"@type":"BreadcrumbList","@id":"https:\/\/business.roovi.com\/hu\/kurti-andrea-1000-darabos-felnott-puzzle-baglyok\/p\/#breadcrumb","itemListElement":[{"@type":"ListItem","position":1,"name":"Home","item":"https:\/\/business.roovi.com\/hu\/"},{"@type":"ListItem","position":2,"name":"Shop","item":"https:\/\/business.roovi.com\/hu\/shop\/"},{"@type":"ListItem","position":3,"name":"K\u00fcrti Andrea 1000 darabos feln\u0151tt puzzle &#8211; Baglyok"}]},{"@type":"WebSite","@id":"https:\/\/business.roovi.com\/hu\/#website","url":"https:\/\/business.roovi.com\/hu\/","name":"Roovi B2B","description":"Roovi Business Website","potentialAction":[{"@type":"SearchAction","target":{"@type":"EntryPoint","urlTemplate":"https:\/\/business.roovi.com\/hu\/?s={search_term_string}"},"query-input":"required name=search_term_string"}],"inLanguage":"hu"}]}},"_links":{"self":[{"href":"https:\/\/business.roovi.com\/hu\/wp-json\/wp\/v2\/product\/42191","targetHints":{"allow":["GET"]}}],"collection":[{"href":"https:\/\/business.roovi.com\/hu\/wp-json\/wp\/v2\/product"}],"about":[{"href":"https:\/\/business.roovi.com\/hu\/wp-json\/wp\/v2\/types\/product"}],"version-history":[{"count":0,"href":"https:\/\/business.roovi.com\/hu\/wp-json\/wp\/v2\/product\/42191\/revisions"}],"wp:featuredmedia":[{"embeddable":true,"href":"https:\/\/business.roovi.com\/hu\/wp-json\/wp\/v2\/media\/35745"}],"wp:attachment":[{"href":"https:\/\/business.roovi.com\/hu\/wp-json\/wp\/v2\/media?parent=42191"}],"wp:term":[{"taxonomy":"product_brand","embeddable":true,"href":"https:\/\/business.roovi.com\/hu\/wp-json\/wp\/v2\/product_brand?post=42191"},{"taxonomy":"product_cat","embeddable":true,"href":"https:\/\/business.roovi.com\/hu\/wp-json\/wp\/v2\/product_cat?post=42191"},{"taxonomy":"product_tag","embeddable":true,"href":"https:\/\/business.roovi.com\/hu\/wp-json\/wp\/v2\/product_tag?post=42191"}],"curies":[{"name":"wp","href":"https:\/\/api.w.org\/{rel}","templated":true}]}}