{"id":42199,"date":"2018-04-16T10:56:17","date_gmt":"2018-04-16T10:56:17","guid":{"rendered":"https:\/\/business.roovi.com\/puzzle-adulti-1000-piese-kurti-andrea-anotimpuri-primavara\/p\/"},"modified":"2022-07-06T19:04:21","modified_gmt":"2022-07-06T19:04:21","slug":"felnott-1000-darabos-puzzle-kurti-andrea-evszakok-tavasz","status":"publish","type":"product","link":"https:\/\/business.roovi.com\/hu\/felnott-1000-darabos-puzzle-kurti-andrea-evszakok-tavasz\/p\/","title":{"rendered":"Feln\u0151tt 1000 darabos puzzle K\u00fcrti Andrea &#8211; \u00c9vszakok &#8211; Tavasz"},"content":{"rendered":"<p><span style=\"font-weight: 400\">K\u00e9szen \u00e1llsz egy kreat\u00edv kih\u00edv\u00e1sra? Mit sz\u00f3ln\u00e1l egy 1000 darabos puzzle-hoz, amely elk\u00e9peszt\u0151 r\u00e9szletekkel edzi a r\u00e9szletekre val\u00f3 figyelmet \u00e9s a kitart\u00e1st?<\/span><\/p>\n<p><span style=\"font-weight: 400\">Ha a kirak\u00f3s j\u00e1t\u00e9kok szerelmese vagy, \u00e9s kedveled a nagyszer\u0171 diz\u00e1jnnal \u00e9s r\u00e9szletekkel rendelkez\u0151, nagy figyelmet \u00e9s koncentr\u00e1ci\u00f3t ig\u00e9nyl\u0151 k\u00e9peket, akkor a K\u00fcrti Andrea 1000 darabos kirak\u00f3s t\u00f6k\u00e9letes sz\u00e1modra.<\/span><\/p>\n<p><span style=\"font-weight: 400\">A m\u0171v\u00e9sz minden \u00e9vszakot egy \u00e1ttetsz\u0151 n\u0151i karakterk\u00e9nt k\u00e9pzelt el, aki nemcsak a h\u0151m\u00e9r\u0151ket, hanem az emberi hangulatokat is megv\u00e1ltoztatja. A Spring c\u00edm\u0171 1000 darabos puzzle illusztr\u00e1ci\u00f3ja a tavaszt\u00fcnd\u00e9rt \u00e1br\u00e1zolja a sz\u00ednek, vir\u00e1gok \u00e9s pillang\u00f3k robban\u00e1sszer\u0171 megjelen\u00e9s\u00e9vel, egysz\u00f3val: az \u00e9letet.<\/span><\/p>\n<p><span style=\"font-weight: 400\">A meg\u00fajul\u00e1s \u00e9rz\u00e9se v\u00e9gigk\u00eds\u00e9ri \u00d6nt a kort\u00e1rs m\u0171v\u00e9sz \u00e1ltal elk\u00e9pzelt var\u00e1zslatos illusztr\u00e1ci\u00f3 \u00fajrateremt\u00e9s\u00e9nek \u00fatj\u00e1n. \u00c9s a v\u00e9g\u00e9n, amikor a festm\u00e9ny elk\u00e9sz\u00fcl, el\u00e1rasztja a k\u00e9p \u00e1ltal kiv\u00e1ltott frissess\u00e9g \u00e9rz\u00e9se, \u00e9s az az el\u00e9gedetts\u00e9g, hogy saj\u00e1t kez\u0171leg k\u00e9sz\u00edtett egy modern m\u0171alkot\u00e1st.<\/span><\/p>\n<p><span style=\"font-weight: 400\">Egy hagyom\u00e1nyos doh\u00e1nyz\u00f3asztalt is haszn\u00e1lhat az 1000 puzzle-darab megt\u00e1maszt\u00e1s\u00e1ra. Az \u00edgy kapott festm\u00e9ny m\u00e9rete 50 x 70 cm, \u00e9s l\u00e1tv\u00e1nyos lesz a keretben.<\/span><\/p>\n<p><span style=\"font-weight: 400\">Jellemz\u0151k puzzle 1000 darab Spring\/Spring:<\/span><\/p>\n<p><strong>Puzzle anyag <\/strong><\/p>\n<p><strong>kiv\u00e1l\u00f3 min\u0151s\u00e9g\u0171 k\u00e9k karton<\/strong><\/p>\n<p><strong>fenntarthat\u00f3, \u00fajrahasznos\u00edthat\u00f3 anyagok<\/strong><\/p>\n<p><strong>f\u00e9lf\u00e9nyes kivitel, \u00e9l\u00e9nk sz\u00ednek<\/strong><\/p>\n<p><strong>A kirak\u00f3s darabok sz\u00e1ma: 1000<\/strong><\/p>\n<p><strong>Aj\u00e1nlott \u00e9letkor: 14+<\/strong><\/p>\n<p><strong>5 okot adunk arra, hogy az 1000 darabos tavaszi puzzle-t v\u00e1lassz\u00e1k<\/strong><\/p>\n<p><span style=\"font-weight: 400\">1. Fejlessze eszt\u00e9tikai \u00e9s sz\u00edn\u00e9rz\u00e9k\u00e9t<\/span><\/p>\n<p><span style=\"font-weight: 400\">2. Ez egy remek alkalom arra, hogy lev\u00e1ljon a mobiltelefonr\u00f3l \u00e9s a digit\u00e1lis \u00e9letr\u0151l.<\/span><\/p>\n<p><span style=\"font-weight: 400\">3. Fejleszti a mem\u00f3ri\u00e1t, a koncentr\u00e1ci\u00f3t \u00e9s a k\u00e9szs\u00e9geket.<\/span><\/p>\n<p><span style=\"font-weight: 400\">4. A kirak\u00f3s j\u00e1t\u00e9kot haszn\u00e1lhatod a csal\u00e1doddal vagy bar\u00e1ti t\u00e1rsas\u00e1goddal val\u00f3 t\u00e1rsasoz\u00e1sra.<\/span><\/p>\n<p><span style=\"font-weight: 400\">5. Hozzon l\u00e9tre egy leny\u0171g\u00f6z\u0151 d\u00edszt\u00e1rgyat, amely kifinomult megjelen\u00e9st k\u00f6lcs\u00f6n\u00f6z otthon\u00e1nak.<\/span><\/p>\n<p><strong>Tudtad, hogy az \u0151si kult\u00far\u00e1kban hogyan fogt\u00e1k fel a tavaszt?<\/strong><\/p>\n<p><span style=\"font-weight: 400\">Az \u00f3kori g\u00f6r\u00f6g\u00f6k \u00fagy hitt\u00e9k, hogy a tavaszt Demeter, a term\u00e9kenys\u00e9g istenn\u0151je, Perszephon\u00e9 anyja teremtette. H\u00e1d\u00e9sz elrabolta Perszephon\u00e9t, \u00e9s amikor Demeter v\u00e9gre \u00fajra tal\u00e1lkozott vele, gy\u00fcm\u00f6lcs\u00f6kkel \u00e1ldotta meg a f\u00f6ldet, \u00e9s magokat hagyott az emberekre, valamint az \u00fcltet\u00e9s titk\u00e1t.<\/span><\/p>\n<p><span style=\"font-weight: 400\">Az egyiptomiak a tavaszt Ozirisz felt\u00e1mad\u00e1s\u00e1nak tulajdon\u00edtott\u00e1k. Sz\u00e9th \u00f6lte meg, test\u00e9t ezer darabra v\u00e1gta, \u00e9s sz\u00e9tsz\u00f3rta Egyiptomban. \u00cdzisz \u00f6sszegy\u0171jt\u00f6tte az \u00f6sszes darabot, \u00e9s Oziriszt felt\u00e1masztotta, ezzel az eg\u00e9sz term\u00e9szetet visszahozva az \u00e9letbe.<\/span><\/p>\n<p><span style=\"font-weight: 400\">K\u00edn\u00e1ban a tavaszi fesztiv\u00e1l \u0151si eredet\u0171, <\/span><span style=\"font-weight: 400\">t\u00f6bb mint 4000 \u00e9ves. Ez a legfontosabb k\u00ednai fesztiv\u00e1l, amely az \u00faj \u00e9vet jelzi. Az \u00fcnnep t\u00e9lre esik, mivel a k\u00ednai kult\u00fara m\u00e1sk\u00e9nt \u00e9rtelmezi az \u00e9vszakokat.<\/span><\/p>\n<p><strong>1000 darab Spring megh\u00edvja \u00d6nt, hogy fedezze fel szimb\u00f3lumait <\/strong><\/p>\n<p><span style=\"font-weight: 400\">Ez a csod\u00e1latos m\u0171v\u00e9szi puzzle nemcsak a k\u00e9pek \u00f6sszetetts\u00e9g\u00e9vel \u00e9s min\u0151s\u00e9g\u00e9vel ny\u0171g\u00f6z le, hanem a k\u00e9pzel\u0151er\u0151d fejleszt\u00e9s\u00e9vel is. Fedezze fel a tavasz szimb\u00f3lumait, \u00e9s hagyja mag\u00e1t elragadni egy sz\u00ednekkel \u00e9s nyugalommal teli vil\u00e1gba.<\/span><\/p>\n<p><span style=\"font-weight: 400\">Az 1000 darabos puzzle el\u0151tt elt\u00f6lt\u00f6tt \u00f3r\u00e1k pihentet\u0151 sz\u00f3rakoz\u00e1sa egyben csod\u00e1latos meditat\u00edv \u00e9lm\u00e9nyt is jelent. Amint bel\u00e9psz a meseillusztr\u00e1ci\u00f3 r\u00e9szletgazdag vil\u00e1g\u00e1ba, gondolataid elhalv\u00e1nyulnak, \u00e9s a jelenben megtapasztalod az alkot\u00e1s \u00f6r\u00f6m\u00e9t.<\/span><\/p>\n<p><span style=\"font-weight: 400\">V\u00e1lassza a Tavasz\/Tavaszi 1000 darabos puzzle-t, hogy \u00e9rt\u00e9ket adjon a szabadidej\u00e9nek, a t\u00e1rsas\u00e1gi \u00e9letnek vagy a pihen\u00e9snek. Ha olyan aj\u00e1nd\u00e9kot keresel, amely kih\u00edv\u00e1s el\u00e9 \u00e1ll\u00edtja bar\u00e1taid nyugtalan elm\u00e9j\u00e9t, az 1000 darabos tavaszi puzzle t\u00f6k\u00e9letes v\u00e1laszt\u00e1s.<\/span><\/p><\/p>\n","protected":false},"excerpt":{"rendered":"<p>K\u00e9szen \u00e1llsz egy kreat\u00edv kih\u00edv\u00e1sra? Mit sz\u00f3ln\u00e1l egy 1000 darabos puzzle-hoz, amely elk\u00e9peszt\u0151 r\u00e9szletekkel edzi a r\u00e9szletekre val\u00f3 figyelmet \u00e9s<\/p>\n","protected":false},"featured_media":35773,"template":"","meta":[],"product_brand":[],"product_cat":[1920,1919,1881],"product_tag":[],"class_list":{"0":"post-42199","1":"product","2":"type-product","3":"status-publish","4":"has-post-thumbnail","6":"product_cat-1000-darabos-kirakos-jatek","7":"product_cat-felnott-kirakos-jatekok","8":"product_cat-kirakos-jatekok","9":"pa_brand-d_toys-hu","10":"pa_country_of_manufacture-ro-hu","11":"pa_filter_age-14-hu","12":"pa_painter-kurtiandrea-hu","13":"pa_tip_ambalaj-doboz","14":"pa_tip_puzzle-klasszikus","16":"first","17":"instock","18":"taxable","19":"shipping-taxable","20":"product-type-simple"},"yoast_head":"<!-- This site is optimized with the Yoast SEO plugin v20.1 - https:\/\/yoast.com\/wordpress\/plugins\/seo\/ -->\n<title>Feln\u0151tt 1000 darabos puzzle K\u00fcrti Andrea - \u00c9vszakok - Tavasz<\/title>\n<meta name=\"description\" content=\"Feln\u0151tt 1000 darabos puzzle K\u00fcrti Andrea - \u00c9vszakok - Tavasz\" \/>\n<meta name=\"robots\" content=\"index, follow, max-snippet:-1, max-image-preview:large, max-video-preview:-1\" \/>\n<link rel=\"canonical\" href=\"https:\/\/business.roovi.com\/hu\/felnott-1000-darabos-puzzle-kurti-andrea-evszakok-tavasz\/p\/\" \/>\n<meta property=\"og:locale\" content=\"hu_HU\" \/>\n<meta property=\"og:type\" content=\"article\" \/>\n<meta property=\"og:title\" content=\"Feln\u0151tt 1000 darabos puzzle K\u00fcrti Andrea - \u00c9vszakok - Tavasz\" \/>\n<meta property=\"og:description\" content=\"Feln\u0151tt 1000 darabos puzzle K\u00fcrti Andrea - \u00c9vszakok - Tavasz\" \/>\n<meta property=\"og:url\" content=\"https:\/\/business.roovi.com\/hu\/felnott-1000-darabos-puzzle-kurti-andrea-evszakok-tavasz\/p\/\" \/>\n<meta property=\"og:site_name\" content=\"Roovi B2B\" \/>\n<meta property=\"article:publisher\" content=\"https:\/\/www.facebook.com\/wwwjucariero\" \/>\n<meta property=\"article:modified_time\" content=\"2022-07-06T19:04:21+00:00\" \/>\n<meta property=\"og:image\" content=\"https:\/\/business.roovi.com\/wp-content\/uploads\/2018\/04\/74102-01_ansamblu_dimensiuni_cutie_cm_vertical_1200x1200.png\" \/>\n\t<meta property=\"og:image:width\" content=\"1200\" \/>\n\t<meta property=\"og:image:height\" content=\"1200\" \/>\n\t<meta property=\"og:image:type\" content=\"image\/png\" \/>\n<meta name=\"twitter:label1\" content=\"Becs\u00fclt olvas\u00e1si id\u0151\" \/>\n\t<meta name=\"twitter:data1\" content=\"3 perc\" \/>\n<script type=\"application\/ld+json\" class=\"yoast-schema-graph\">{\"@context\":\"https:\/\/schema.org\",\"@graph\":[{\"@type\":\"WebPage\",\"@id\":\"https:\/\/business.roovi.com\/hu\/felnott-1000-darabos-puzzle-kurti-andrea-evszakok-tavasz\/p\/\",\"url\":\"https:\/\/business.roovi.com\/hu\/felnott-1000-darabos-puzzle-kurti-andrea-evszakok-tavasz\/p\/\",\"name\":\"Feln\u0151tt 1000 darabos puzzle K\u00fcrti Andrea - \u00c9vszakok - Tavasz\",\"isPartOf\":{\"@id\":\"https:\/\/business.roovi.com\/hu\/#website\"},\"datePublished\":\"2018-04-16T10:56:17+00:00\",\"dateModified\":\"2022-07-06T19:04:21+00:00\",\"description\":\"Feln\u0151tt 1000 darabos puzzle K\u00fcrti Andrea - \u00c9vszakok - Tavasz\",\"breadcrumb\":{\"@id\":\"https:\/\/business.roovi.com\/hu\/felnott-1000-darabos-puzzle-kurti-andrea-evszakok-tavasz\/p\/#breadcrumb\"},\"inLanguage\":\"hu\",\"potentialAction\":[{\"@type\":\"ReadAction\",\"target\":[\"https:\/\/business.roovi.com\/hu\/felnott-1000-darabos-puzzle-kurti-andrea-evszakok-tavasz\/p\/\"]}]},{\"@type\":\"BreadcrumbList\",\"@id\":\"https:\/\/business.roovi.com\/hu\/felnott-1000-darabos-puzzle-kurti-andrea-evszakok-tavasz\/p\/#breadcrumb\",\"itemListElement\":[{\"@type\":\"ListItem\",\"position\":1,\"name\":\"Home\",\"item\":\"https:\/\/business.roovi.com\/hu\/\"},{\"@type\":\"ListItem\",\"position\":2,\"name\":\"Shop\",\"item\":\"https:\/\/business.roovi.com\/hu\/shop\/\"},{\"@type\":\"ListItem\",\"position\":3,\"name\":\"Feln\u0151tt 1000 darabos puzzle K\u00fcrti Andrea &#8211; \u00c9vszakok &#8211; Tavasz\"}]},{\"@type\":\"WebSite\",\"@id\":\"https:\/\/business.roovi.com\/hu\/#website\",\"url\":\"https:\/\/business.roovi.com\/hu\/\",\"name\":\"Roovi B2B\",\"description\":\"Roovi Business Website\",\"potentialAction\":[{\"@type\":\"SearchAction\",\"target\":{\"@type\":\"EntryPoint\",\"urlTemplate\":\"https:\/\/business.roovi.com\/hu\/?s={search_term_string}\"},\"query-input\":\"required name=search_term_string\"}],\"inLanguage\":\"hu\"}]}<\/script>\n<!-- \/ Yoast SEO plugin. -->","yoast_head_json":{"title":"Feln\u0151tt 1000 darabos puzzle K\u00fcrti Andrea - \u00c9vszakok - Tavasz","description":"Feln\u0151tt 1000 darabos puzzle K\u00fcrti Andrea - \u00c9vszakok - Tavasz","robots":{"index":"index","follow":"follow","max-snippet":"max-snippet:-1","max-image-preview":"max-image-preview:large","max-video-preview":"max-video-preview:-1"},"canonical":"https:\/\/business.roovi.com\/hu\/felnott-1000-darabos-puzzle-kurti-andrea-evszakok-tavasz\/p\/","og_locale":"hu_HU","og_type":"article","og_title":"Feln\u0151tt 1000 darabos puzzle K\u00fcrti Andrea - \u00c9vszakok - Tavasz","og_description":"Feln\u0151tt 1000 darabos puzzle K\u00fcrti Andrea - \u00c9vszakok - Tavasz","og_url":"https:\/\/business.roovi.com\/hu\/felnott-1000-darabos-puzzle-kurti-andrea-evszakok-tavasz\/p\/","og_site_name":"Roovi B2B","article_publisher":"https:\/\/www.facebook.com\/wwwjucariero","article_modified_time":"2022-07-06T19:04:21+00:00","og_image":[{"width":1200,"height":1200,"url":"https:\/\/business.roovi.com\/wp-content\/uploads\/2018\/04\/74102-01_ansamblu_dimensiuni_cutie_cm_vertical_1200x1200.png","type":"image\/png"}],"twitter_misc":{"Becs\u00fclt olvas\u00e1si id\u0151":"3 perc"},"schema":{"@context":"https:\/\/schema.org","@graph":[{"@type":"WebPage","@id":"https:\/\/business.roovi.com\/hu\/felnott-1000-darabos-puzzle-kurti-andrea-evszakok-tavasz\/p\/","url":"https:\/\/business.roovi.com\/hu\/felnott-1000-darabos-puzzle-kurti-andrea-evszakok-tavasz\/p\/","name":"Feln\u0151tt 1000 darabos puzzle K\u00fcrti Andrea - \u00c9vszakok - Tavasz","isPartOf":{"@id":"https:\/\/business.roovi.com\/hu\/#website"},"datePublished":"2018-04-16T10:56:17+00:00","dateModified":"2022-07-06T19:04:21+00:00","description":"Feln\u0151tt 1000 darabos puzzle K\u00fcrti Andrea - \u00c9vszakok - Tavasz","breadcrumb":{"@id":"https:\/\/business.roovi.com\/hu\/felnott-1000-darabos-puzzle-kurti-andrea-evszakok-tavasz\/p\/#breadcrumb"},"inLanguage":"hu","potentialAction":[{"@type":"ReadAction","target":["https:\/\/business.roovi.com\/hu\/felnott-1000-darabos-puzzle-kurti-andrea-evszakok-tavasz\/p\/"]}]},{"@type":"BreadcrumbList","@id":"https:\/\/business.roovi.com\/hu\/felnott-1000-darabos-puzzle-kurti-andrea-evszakok-tavasz\/p\/#breadcrumb","itemListElement":[{"@type":"ListItem","position":1,"name":"Home","item":"https:\/\/business.roovi.com\/hu\/"},{"@type":"ListItem","position":2,"name":"Shop","item":"https:\/\/business.roovi.com\/hu\/shop\/"},{"@type":"ListItem","position":3,"name":"Feln\u0151tt 1000 darabos puzzle K\u00fcrti Andrea &#8211; \u00c9vszakok &#8211; Tavasz"}]},{"@type":"WebSite","@id":"https:\/\/business.roovi.com\/hu\/#website","url":"https:\/\/business.roovi.com\/hu\/","name":"Roovi B2B","description":"Roovi Business Website","potentialAction":[{"@type":"SearchAction","target":{"@type":"EntryPoint","urlTemplate":"https:\/\/business.roovi.com\/hu\/?s={search_term_string}"},"query-input":"required name=search_term_string"}],"inLanguage":"hu"}]}},"_links":{"self":[{"href":"https:\/\/business.roovi.com\/hu\/wp-json\/wp\/v2\/product\/42199","targetHints":{"allow":["GET"]}}],"collection":[{"href":"https:\/\/business.roovi.com\/hu\/wp-json\/wp\/v2\/product"}],"about":[{"href":"https:\/\/business.roovi.com\/hu\/wp-json\/wp\/v2\/types\/product"}],"version-history":[{"count":0,"href":"https:\/\/business.roovi.com\/hu\/wp-json\/wp\/v2\/product\/42199\/revisions"}],"wp:featuredmedia":[{"embeddable":true,"href":"https:\/\/business.roovi.com\/hu\/wp-json\/wp\/v2\/media\/35773"}],"wp:attachment":[{"href":"https:\/\/business.roovi.com\/hu\/wp-json\/wp\/v2\/media?parent=42199"}],"wp:term":[{"taxonomy":"product_brand","embeddable":true,"href":"https:\/\/business.roovi.com\/hu\/wp-json\/wp\/v2\/product_brand?post=42199"},{"taxonomy":"product_cat","embeddable":true,"href":"https:\/\/business.roovi.com\/hu\/wp-json\/wp\/v2\/product_cat?post=42199"},{"taxonomy":"product_tag","embeddable":true,"href":"https:\/\/business.roovi.com\/hu\/wp-json\/wp\/v2\/product_tag?post=42199"}],"curies":[{"name":"wp","href":"https:\/\/api.w.org\/{rel}","templated":true}]}}