{"id":42203,"date":"2018-04-16T10:56:17","date_gmt":"2018-04-16T10:56:17","guid":{"rendered":"https:\/\/business.roovi.com\/puzzle-adulti-1000-piese-kurti-andrea-anotimpuri-vara\/p\/"},"modified":"2022-07-06T19:04:30","modified_gmt":"2022-07-06T19:04:30","slug":"kurti-andrea-1000-darabos-felnott-puzzle-evszakok-nyar","status":"publish","type":"product","link":"https:\/\/business.roovi.com\/hu\/kurti-andrea-1000-darabos-felnott-puzzle-evszakok-nyar\/p\/","title":{"rendered":"K\u00fcrti Andrea 1000 darabos feln\u0151tt puzzle &#8211; \u00c9vszakok &#8211; Ny\u00e1r"},"content":{"rendered":"<p><span style=\"font-weight: 400\">Szeretne n\u00e9h\u00e1ny \u00f3r\u00e1t pihenni \u00e9s el\u0171zni a hossz\u00fa t\u00e9li est\u00e9k egyhang\u00fas\u00e1g\u00e1t? Fedezd fel, milyen \u00e9lvezetes, leny\u0171g\u00f6z\u0151, sz\u00ednes festm\u00e9nyeket alkotni 1000 darabos kirak\u00f3sokb\u00f3l.<\/span><\/p>\n<p><span style=\"font-weight: 400\">M\u0171v\u00e9sz K\u00fcrti Andrea<\/span> <span style=\"font-weight: 400\">l\u00e9trehozta<\/span> <span style=\"font-weight: 400\">a 4 \u00e9vszakot \u00e1br\u00e1zol\u00f3 eredeti illusztr\u00e1ci\u00f3kkal ell\u00e1tott, feln\u0151tteknek sz\u00f3l\u00f3 rejtv\u00e9nyciklus. K\u00fcrti Andrea 1000 darabos Ny\u00e1r c\u00edm\u0171 puzzle-je a nyarat, az \u00fcnnepek, a f\u00e9ny \u00e9s az \u00f6r\u00f6m \u00e9vszak\u00e1t \u00e1br\u00e1zolja <\/span><\/p>\n<p><span style=\"font-weight: 400\">Az el\u0151t\u00e9rben l\u00e9v\u0151 n\u0151i szerepl\u0151 a megtestes\u00edt\u0151je a pihen\u00e9snek \u00e9s a mindennapi rutinb\u00f3l val\u00f3 kiszakad\u00e1snak, amelyet a csod\u00e1latos ny\u00e1ri szezon k\u00edn\u00e1l. Az illusztr\u00e1ci\u00f3 \u00fagy t\u0171nik, hogy a szabadid\u0151 elt\u00f6lt\u00e9s\u00e9nek t\u00f6bb lehet\u0151s\u00e9g\u00e9t mutatja be: a tengerparton, a term\u00e9szetben vagy egyszer\u0171en csak a szabadban <\/span><\/p>\n<p><span style=\"font-weight: 400\">Egy leny\u0171g\u00f6z\u0151 feln\u0151tt puzzle, amelyben a meleg \u00e9vszak szimb\u00f3lumait fedezheted fel, \u00e9s amely a ny\u00e1r optimizmus\u00e1t \u00e9s energi\u00e1j\u00e1t k\u00f6zvet\u00edti. Ha \u00fagy d\u00f6ntesz, hogy keretbe helyezed, naponta frissess\u00e9get \u00e9s sz\u00ednt kaphatsz ett\u0151l a k\u00fcl\u00f6nleges k\u00e9pt\u0151l.<\/span><\/p>\n<p><span style=\"font-weight: 400\">Egy hagyom\u00e1nyos doh\u00e1nyz\u00f3asztalt is haszn\u00e1lhat a k\u00e9p feleleven\u00edt\u00e9s\u00e9hez. A megfelel\u0151 darabokat nyugodtan keresg\u00e9lheted, \u00e9s ez elegend\u0151 ahhoz, hogy a v\u00e9g\u00fcl elk\u00e9sz\u00fcl\u0151 50 x 70 cm-es festm\u00e9nyt megtartsa.<\/span><\/p>\n<p><span style=\"font-weight: 400\">K\u00fcrti Andrea 1000 darabos puzzle &#8211; Ny\u00e1r \/ Ny\u00e1r jellemz\u0151i:<\/span><\/p>\n<p><strong>Puzzle anyag <\/strong><\/p>\n<p><strong>kiv\u00e1l\u00f3 min\u0151s\u00e9g\u0171 k\u00e9k karton<\/strong><\/p>\n<p><strong>fenntarthat\u00f3, \u00fajrahasznos\u00edthat\u00f3 anyagok<\/strong><\/p>\n<p><strong>f\u00e9lf\u00e9nyes kivitel, \u00e9l\u00e9nk sz\u00ednek<\/strong><\/p>\n<p><strong>A kirak\u00f3s darabok sz\u00e1ma: 1000<\/strong><\/p>\n<p><strong>Aj\u00e1nlott \u00e9letkor: 14+<\/strong><\/p>\n<p><strong>Mi\u00e9rt k\u00fcl\u00f6nleges 1000 darabos ny\u00e1ri puzzle?<\/strong><\/p>\n<p><span style=\"font-weight: 400\">Lehet\u0151s\u00e9ged van arra, hogy 1000 puzzle-darabb\u00f3l egy figyelemre m\u00e9lt\u00f3 diz\u00e1jnnal rendelkez\u0151 k\u00e9pet hozz l\u00e9tre.<\/span><\/p>\n<p><span style=\"font-weight: 400\">T\u00f6k\u00e9letes lehet\u0151s\u00e9g a pihen\u00e9sre \u00e9s a kikapcsol\u00f3d\u00e1sra.<\/span><\/p>\n<p><span style=\"font-weight: 400\">Fejl\u0151dik az eszt\u00e9tikai \u00e9rz\u00e9ked, \u00e9s jobban \u00e9rt\u00e9keled a m\u0171alkot\u00e1sok var\u00e1zs\u00e1t.<\/span><\/p>\n<p><span style=\"font-weight: 400\">Lehet\u0151s\u00e9get adhat arra, hogy id\u0151t t\u00f6lts\u00f6n gyermekeivel, \u00e9s hogy csal\u00e1dk\u00e9nt k\u00f6t\u0151djenek egym\u00e1shoz.<\/span><\/p>\n<p><span style=\"font-weight: 400\">Fejl\u0151dik a k\u00e9pzel\u0151er\u0151d, \u00e9s \u00fagy \u00e9rezheted magad, mint egy igazi nyomoz\u00f3, aki nyomokat keres egy neh\u00e9z \u00fcgy megold\u00e1s\u00e1hoz.<\/span><\/p>\n<p><span style=\"font-weight: 400\">Fejleszti a koncentr\u00e1ci\u00f3dat \u00e9s a kitart\u00e1sodat is.<\/span><\/p>\n<p><strong>Az 1000 darabos ny\u00e1ri kirak\u00f3s 5 tov\u00e1bbi el\u0151nye:<\/strong><\/p>\n<ul>\n<li><span style=\"font-weight: 400\">Seg\u00edt fejleszteni a mem\u00f3ri\u00e1t<\/span><\/li>\n<li><span style=\"font-weight: 400\">Jav\u00edtja a r\u00e9szletekre val\u00f3 figyelmet.<\/span><\/li>\n<li><span style=\"font-weight: 400\">Seg\u00edt enyh\u00edteni a stresszt.<\/span><\/li>\n<li><span style=\"font-weight: 400\">Fejleszti a logikus gondolkod\u00e1st.<\/span><\/li>\n<li><span style=\"font-weight: 400\">N\u00f6veli probl\u00e9mamegold\u00f3 k\u00e9pess\u00e9g\u00e9t.<\/span><\/li>\n<\/ul>\n<p><span style=\"font-weight: 400\">A Summer 1000 Piece Puzzle a kirak\u00f3s j\u00e1t\u00e9kok szerelmeseinek k\u00e9sz\u00fclt, de azoknak is, akik szeretn\u00e9k kipr\u00f3b\u00e1lni tud\u00e1sukat, vagy akik kreat\u00edv kih\u00edv\u00e1sra v\u00e1gynak. Ha te is ebbe a kateg\u00f3ri\u00e1ba tartozol, az 1000 darabos ny\u00e1ri kirak\u00f3s t\u00f6k\u00e9letes neked.<\/span><\/p>\n<p><span style=\"font-weight: 400\">Min\u0151s\u00e9gi anyagokb\u00f3l k\u00e9sz\u00fclt, \u00edgy b\u00e1rmikor \u00fajra felhaszn\u00e1lhatja, amikor csak sz\u00fcks\u00e9g\u00e9t \u00e9rzi, an\u00e9lk\u00fcl, hogy agg\u00f3dnia kellene a s\u00e9r\u00fcl\u00e9se miatt. Minden alkalommal, amikor ezt a feln\u0151tt puzzle-t haszn\u00e1lja, ugyanazt a csod\u00e1latos teljes k\u00e9pet kapja.<\/span><\/p>\n<p><span style=\"font-weight: 400\">Szeretn\u00e9d kih\u00edv\u00e1s el\u00e9 \u00e1ll\u00edtani egy k\u00f6zeli bar\u00e1tod koncentr\u00e1ci\u00f3s k\u00e9pess\u00e9g\u00e9t? Vagy k\u00fcl\u00f6nleges aj\u00e1nd\u00e9kot adn\u00e1l egy kirak\u00f3s j\u00e1t\u00e9krajong\u00f3nak? V\u00e1lassza az 1000 darabos Ny\u00e1ri puzzle-t K\u00fcrti Andrea m\u0171v\u00e9szn\u0151 kiv\u00e9teles illusztr\u00e1ci\u00f3j\u00e1val, \u00e9s lepje meg bar\u00e1tait egy egyedi aj\u00e1nd\u00e9kkal.<\/span><\/p><\/p>\n","protected":false},"excerpt":{"rendered":"<p>Szeretne n\u00e9h\u00e1ny \u00f3r\u00e1t pihenni \u00e9s el\u0171zni a hossz\u00fa t\u00e9li est\u00e9k egyhang\u00fas\u00e1g\u00e1t? Fedezd fel, milyen \u00e9lvezetes, leny\u0171g\u00f6z\u0151, sz\u00ednes festm\u00e9nyeket alkotni 1000<\/p>\n","protected":false},"featured_media":35787,"template":"","meta":[],"product_brand":[],"product_cat":[1920,1919,1881],"product_tag":[],"class_list":{"0":"post-42203","1":"product","2":"type-product","3":"status-publish","4":"has-post-thumbnail","6":"product_cat-1000-darabos-kirakos-jatek","7":"product_cat-felnott-kirakos-jatekok","8":"product_cat-kirakos-jatekok","9":"pa_brand-d_toys-hu","10":"pa_country_of_manufacture-ro-hu","11":"pa_filter_age-14-hu","12":"pa_painter-kurtiandrea-hu","13":"pa_tip_ambalaj-doboz","14":"pa_tip_puzzle-klasszikus","16":"first","17":"instock","18":"taxable","19":"shipping-taxable","20":"product-type-simple"},"yoast_head":"<!-- This site is optimized with the Yoast SEO plugin v20.1 - https:\/\/yoast.com\/wordpress\/plugins\/seo\/ -->\n<title>K\u00fcrti Andrea 1000 darabos feln\u0151tt puzzle - \u00c9vszakok - Ny\u00e1r<\/title>\n<meta name=\"description\" content=\"K\u00fcrti Andrea 1000 darabos feln\u0151tt puzzle - \u00c9vszakok - Ny\u00e1r\" \/>\n<meta name=\"robots\" content=\"index, follow, max-snippet:-1, max-image-preview:large, max-video-preview:-1\" \/>\n<link rel=\"canonical\" href=\"https:\/\/business.roovi.com\/hu\/kurti-andrea-1000-darabos-felnott-puzzle-evszakok-nyar\/p\/\" \/>\n<meta property=\"og:locale\" content=\"hu_HU\" \/>\n<meta property=\"og:type\" content=\"article\" \/>\n<meta property=\"og:title\" content=\"K\u00fcrti Andrea 1000 darabos feln\u0151tt puzzle - \u00c9vszakok - Ny\u00e1r\" \/>\n<meta property=\"og:description\" content=\"K\u00fcrti Andrea 1000 darabos feln\u0151tt puzzle - \u00c9vszakok - Ny\u00e1r\" \/>\n<meta property=\"og:url\" content=\"https:\/\/business.roovi.com\/hu\/kurti-andrea-1000-darabos-felnott-puzzle-evszakok-nyar\/p\/\" \/>\n<meta property=\"og:site_name\" content=\"Roovi B2B\" \/>\n<meta property=\"article:publisher\" content=\"https:\/\/www.facebook.com\/wwwjucariero\" \/>\n<meta property=\"article:modified_time\" content=\"2022-07-06T19:04:30+00:00\" \/>\n<meta property=\"og:image\" content=\"https:\/\/business.roovi.com\/wp-content\/uploads\/2018\/04\/74102-02_ansamblu_dimensiuni_cutie_cm_vertical_1200x1200.png\" \/>\n\t<meta property=\"og:image:width\" content=\"1200\" \/>\n\t<meta property=\"og:image:height\" content=\"1200\" \/>\n\t<meta property=\"og:image:type\" content=\"image\/png\" \/>\n<meta name=\"twitter:label1\" content=\"Becs\u00fclt olvas\u00e1si id\u0151\" \/>\n\t<meta name=\"twitter:data1\" content=\"3 perc\" \/>\n<script type=\"application\/ld+json\" class=\"yoast-schema-graph\">{\"@context\":\"https:\/\/schema.org\",\"@graph\":[{\"@type\":\"WebPage\",\"@id\":\"https:\/\/business.roovi.com\/hu\/kurti-andrea-1000-darabos-felnott-puzzle-evszakok-nyar\/p\/\",\"url\":\"https:\/\/business.roovi.com\/hu\/kurti-andrea-1000-darabos-felnott-puzzle-evszakok-nyar\/p\/\",\"name\":\"K\u00fcrti Andrea 1000 darabos feln\u0151tt puzzle - \u00c9vszakok - Ny\u00e1r\",\"isPartOf\":{\"@id\":\"https:\/\/business.roovi.com\/hu\/#website\"},\"datePublished\":\"2018-04-16T10:56:17+00:00\",\"dateModified\":\"2022-07-06T19:04:30+00:00\",\"description\":\"K\u00fcrti Andrea 1000 darabos feln\u0151tt puzzle - \u00c9vszakok - Ny\u00e1r\",\"breadcrumb\":{\"@id\":\"https:\/\/business.roovi.com\/hu\/kurti-andrea-1000-darabos-felnott-puzzle-evszakok-nyar\/p\/#breadcrumb\"},\"inLanguage\":\"hu\",\"potentialAction\":[{\"@type\":\"ReadAction\",\"target\":[\"https:\/\/business.roovi.com\/hu\/kurti-andrea-1000-darabos-felnott-puzzle-evszakok-nyar\/p\/\"]}]},{\"@type\":\"BreadcrumbList\",\"@id\":\"https:\/\/business.roovi.com\/hu\/kurti-andrea-1000-darabos-felnott-puzzle-evszakok-nyar\/p\/#breadcrumb\",\"itemListElement\":[{\"@type\":\"ListItem\",\"position\":1,\"name\":\"Home\",\"item\":\"https:\/\/business.roovi.com\/hu\/\"},{\"@type\":\"ListItem\",\"position\":2,\"name\":\"Shop\",\"item\":\"https:\/\/business.roovi.com\/hu\/shop\/\"},{\"@type\":\"ListItem\",\"position\":3,\"name\":\"K\u00fcrti Andrea 1000 darabos feln\u0151tt puzzle &#8211; \u00c9vszakok &#8211; Ny\u00e1r\"}]},{\"@type\":\"WebSite\",\"@id\":\"https:\/\/business.roovi.com\/hu\/#website\",\"url\":\"https:\/\/business.roovi.com\/hu\/\",\"name\":\"Roovi B2B\",\"description\":\"Roovi Business Website\",\"potentialAction\":[{\"@type\":\"SearchAction\",\"target\":{\"@type\":\"EntryPoint\",\"urlTemplate\":\"https:\/\/business.roovi.com\/hu\/?s={search_term_string}\"},\"query-input\":\"required name=search_term_string\"}],\"inLanguage\":\"hu\"}]}<\/script>\n<!-- \/ Yoast SEO plugin. -->","yoast_head_json":{"title":"K\u00fcrti Andrea 1000 darabos feln\u0151tt puzzle - \u00c9vszakok - Ny\u00e1r","description":"K\u00fcrti Andrea 1000 darabos feln\u0151tt puzzle - \u00c9vszakok - Ny\u00e1r","robots":{"index":"index","follow":"follow","max-snippet":"max-snippet:-1","max-image-preview":"max-image-preview:large","max-video-preview":"max-video-preview:-1"},"canonical":"https:\/\/business.roovi.com\/hu\/kurti-andrea-1000-darabos-felnott-puzzle-evszakok-nyar\/p\/","og_locale":"hu_HU","og_type":"article","og_title":"K\u00fcrti Andrea 1000 darabos feln\u0151tt puzzle - \u00c9vszakok - Ny\u00e1r","og_description":"K\u00fcrti Andrea 1000 darabos feln\u0151tt puzzle - \u00c9vszakok - Ny\u00e1r","og_url":"https:\/\/business.roovi.com\/hu\/kurti-andrea-1000-darabos-felnott-puzzle-evszakok-nyar\/p\/","og_site_name":"Roovi B2B","article_publisher":"https:\/\/www.facebook.com\/wwwjucariero","article_modified_time":"2022-07-06T19:04:30+00:00","og_image":[{"width":1200,"height":1200,"url":"https:\/\/business.roovi.com\/wp-content\/uploads\/2018\/04\/74102-02_ansamblu_dimensiuni_cutie_cm_vertical_1200x1200.png","type":"image\/png"}],"twitter_misc":{"Becs\u00fclt olvas\u00e1si id\u0151":"3 perc"},"schema":{"@context":"https:\/\/schema.org","@graph":[{"@type":"WebPage","@id":"https:\/\/business.roovi.com\/hu\/kurti-andrea-1000-darabos-felnott-puzzle-evszakok-nyar\/p\/","url":"https:\/\/business.roovi.com\/hu\/kurti-andrea-1000-darabos-felnott-puzzle-evszakok-nyar\/p\/","name":"K\u00fcrti Andrea 1000 darabos feln\u0151tt puzzle - \u00c9vszakok - Ny\u00e1r","isPartOf":{"@id":"https:\/\/business.roovi.com\/hu\/#website"},"datePublished":"2018-04-16T10:56:17+00:00","dateModified":"2022-07-06T19:04:30+00:00","description":"K\u00fcrti Andrea 1000 darabos feln\u0151tt puzzle - \u00c9vszakok - Ny\u00e1r","breadcrumb":{"@id":"https:\/\/business.roovi.com\/hu\/kurti-andrea-1000-darabos-felnott-puzzle-evszakok-nyar\/p\/#breadcrumb"},"inLanguage":"hu","potentialAction":[{"@type":"ReadAction","target":["https:\/\/business.roovi.com\/hu\/kurti-andrea-1000-darabos-felnott-puzzle-evszakok-nyar\/p\/"]}]},{"@type":"BreadcrumbList","@id":"https:\/\/business.roovi.com\/hu\/kurti-andrea-1000-darabos-felnott-puzzle-evszakok-nyar\/p\/#breadcrumb","itemListElement":[{"@type":"ListItem","position":1,"name":"Home","item":"https:\/\/business.roovi.com\/hu\/"},{"@type":"ListItem","position":2,"name":"Shop","item":"https:\/\/business.roovi.com\/hu\/shop\/"},{"@type":"ListItem","position":3,"name":"K\u00fcrti Andrea 1000 darabos feln\u0151tt puzzle &#8211; \u00c9vszakok &#8211; Ny\u00e1r"}]},{"@type":"WebSite","@id":"https:\/\/business.roovi.com\/hu\/#website","url":"https:\/\/business.roovi.com\/hu\/","name":"Roovi B2B","description":"Roovi Business Website","potentialAction":[{"@type":"SearchAction","target":{"@type":"EntryPoint","urlTemplate":"https:\/\/business.roovi.com\/hu\/?s={search_term_string}"},"query-input":"required name=search_term_string"}],"inLanguage":"hu"}]}},"_links":{"self":[{"href":"https:\/\/business.roovi.com\/hu\/wp-json\/wp\/v2\/product\/42203","targetHints":{"allow":["GET"]}}],"collection":[{"href":"https:\/\/business.roovi.com\/hu\/wp-json\/wp\/v2\/product"}],"about":[{"href":"https:\/\/business.roovi.com\/hu\/wp-json\/wp\/v2\/types\/product"}],"version-history":[{"count":0,"href":"https:\/\/business.roovi.com\/hu\/wp-json\/wp\/v2\/product\/42203\/revisions"}],"wp:featuredmedia":[{"embeddable":true,"href":"https:\/\/business.roovi.com\/hu\/wp-json\/wp\/v2\/media\/35787"}],"wp:attachment":[{"href":"https:\/\/business.roovi.com\/hu\/wp-json\/wp\/v2\/media?parent=42203"}],"wp:term":[{"taxonomy":"product_brand","embeddable":true,"href":"https:\/\/business.roovi.com\/hu\/wp-json\/wp\/v2\/product_brand?post=42203"},{"taxonomy":"product_cat","embeddable":true,"href":"https:\/\/business.roovi.com\/hu\/wp-json\/wp\/v2\/product_cat?post=42203"},{"taxonomy":"product_tag","embeddable":true,"href":"https:\/\/business.roovi.com\/hu\/wp-json\/wp\/v2\/product_tag?post=42203"}],"curies":[{"name":"wp","href":"https:\/\/api.w.org\/{rel}","templated":true}]}}