{"id":42207,"date":"2018-04-16T10:56:17","date_gmt":"2018-04-16T10:56:17","guid":{"rendered":"https:\/\/business.roovi.com\/puzzle-adulti-1000-piese-kurti-andrea-anotimpuri-toamna\/p\/"},"modified":"2022-07-06T19:04:39","modified_gmt":"2022-07-06T19:04:39","slug":"felnott-puzzle-1000-darab-kurti-andrea-evszakok-osz","status":"publish","type":"product","link":"https:\/\/business.roovi.com\/hu\/felnott-puzzle-1000-darab-kurti-andrea-evszakok-osz\/p\/","title":{"rendered":"Feln\u0151tt puzzle 1000 darab K\u00fcrti Andrea &#8211; \u00c9vszakok &#8211; \u0150sz"},"content":{"rendered":"<p><span style=\"font-weight: 400\">Fedezd fel az \u0151sz b\u0151s\u00e9g\u00e9t \u00e9s var\u00e1zs\u00e1t az 1000 darabos \u0150sz\/Toamna puzzle j\u00e1t\u00e9kon kereszt\u00fcl, K\u00fcrti Andrea kort\u00e1rs m\u0171v\u00e9sz k\u00fcl\u00f6nleges illusztr\u00e1ci\u00f3j\u00e1val.<\/span><\/p>\n<p><span style=\"font-weight: 400\">Ha a kirak\u00f3s j\u00e1t\u00e9kok \u00e9s a m\u0171v\u00e9szet a szenved\u00e9lyed, akkor m\u00e9g ink\u00e1bb \u00e9rt\u00e9kelni fogod az 1000 darabos \u0151szi kirak\u00f3s illusztr\u00e1ci\u00f3 eredetis\u00e9g\u00e9t \u00e9s m\u0171v\u00e9szi kivitelez\u00e9s\u00e9t <\/span><\/p>\n<p><span style=\"font-weight: 400\">Egy d\u00fas haj\u00fa, az \u0151sz leny\u0171g\u00f6z\u0151 sz\u00edneiben pomp\u00e1z\u00f3 fiatal l\u00e1ny \u00e1ll egy eserny\u0151 alatt, \u00e9s nosztalgikusan n\u00e9z a t\u00e1volba. A levelek, gallyak, madarak \u00e9s es\u0151cseppek gy\u00f6ny\u00f6r\u0171 r\u00e9szletei megk\u00f6vetelik a r\u00e9szletekre val\u00f3 odafigyel\u00e9st, hogy \u00fajraalkossuk a k\u00fcl\u00f6nleges, 1000 darabos kirak\u00f3s k\u00e9pet.<\/span><\/p>\n<p><span style=\"font-weight: 400\">A sz\u00ednek harm\u00f3ni\u00e1ja, az apr\u00f3 elemek egyens\u00falya \u00e9s a gazdag utak szezon\u00e1lis b\u0151s\u00e9ge teszi ezt az illusztr\u00e1ci\u00f3t igazi m\u0171alkot\u00e1ss\u00e1. \u00dagy fogod \u00e9rezni magad, mintha kincsvad\u00e1szaton lenn\u00e9l, mert minden egyes darab, amit keresel, egy kincs a kirak\u00f3s j\u00e1t\u00e9kban.<\/span><\/p>\n<p><span style=\"font-weight: 400\">Jellemz\u0151k 1000 darabos puzzle Fall\/Toamna:<\/span><\/p>\n<p><strong>\u00c1tm\u00e9retezett k\u00e9p: 50 x 70 cm <\/strong><span style=\"font-weight: 400\">A darabok al\u00e1t\u00e1maszt\u00e1s\u00e1ra haszn\u00e1lhat egy hagyom\u00e1nyos doh\u00e1nyz\u00f3asztalt.<\/span><\/p>\n<p><strong>Puzzle anyag <\/strong><\/p>\n<p><strong>kiv\u00e1l\u00f3 min\u0151s\u00e9g\u0171 k\u00e9k karton<\/strong><\/p>\n<p><strong>fenntarthat\u00f3, \u00fajrahasznos\u00edthat\u00f3 anyagok<\/strong><\/p>\n<p><strong>f\u00e9lf\u00e9nyes kivitel, \u00e9l\u00e9nk sz\u00ednek<\/strong><\/p>\n<p><strong>A kirak\u00f3s darabok sz\u00e1ma: 1000<\/strong><\/p>\n<p><strong>Aj\u00e1nlott \u00e9letkor: 14+<\/strong><\/p>\n<p><strong>Mi\u00e9rt k\u00fcl\u00f6nleges puzzle 1000 darab Fall\/Toamna?<\/strong><\/p>\n<p><span style=\"font-weight: 400\">Ez egy csod\u00e1latos m\u00f3dja a kikapcsol\u00f3d\u00e1snak \u00e9s a szabadid\u0151 kreat\u00edv elt\u00f6lt\u00e9s\u00e9nek.<\/span><\/p>\n<p><span style=\"font-weight: 400\">Egyedi festm\u00e9nyt kap, egy igazi mesterm\u0171vet, amely nap mint nap gy\u00f6ny\u00f6rk\u00f6dtetni fogja a szem\u00e9t, amint bekeretezi.<\/span><\/p>\n<p><span style=\"font-weight: 400\">Ez egy sz\u00f3rakoztat\u00f3 m\u00f3dja az agy edz\u00e9s\u00e9nek \u00e9s a mem\u00f3ria jav\u00edt\u00e1s\u00e1nak.<\/span><\/p>\n<p><span style=\"font-weight: 400\">A kreativit\u00e1sodat a sz\u00ednek \u00e9s a nyugalom vil\u00e1g\u00e1ba l\u00e9pve fejlesztheted.<\/span><\/p>\n<p><span style=\"font-weight: 400\">Ez egy nagyszer\u0171 m\u00f3dja a koordin\u00e1ci\u00f3, a finommotoros k\u00e9szs\u00e9gek \u00e9s a k\u00e9z\u00fcgyess\u00e9g fenntart\u00e1s\u00e1nak.<\/span><\/p>\n<p><span style=\"font-weight: 400\">Seg\u00edt a stresszold\u00e1sban \u00e9s a negat\u00edv gondolatokt\u00f3l val\u00f3 elszakad\u00e1sban.<\/span><\/p>\n<p><span style=\"font-weight: 400\">Egy sikeres festm\u00e9ny alkot\u00f3j\u00e1nak lenni \u00f6nbizalmat, optimizmust \u00e9s elk\u00e9peszt\u0151 j\u00f3 k\u00f6z\u00e9rzetet ad.<\/span><\/p>\n<p><strong>1000 darabos \u0151szi puzzle &#8211; egyed\u00fcl\u00e1ll\u00f3 m\u00f3dja annak, hogy \u00fajra kapcsolatba ker\u00fclj \u00f6nmagaddal<\/strong><\/p>\n<p><span style=\"font-weight: 400\">Azokban az id\u0151kben, amikor kimer\u00fcltnek \u00e9rzed magad, \u00e9s nem tal\u00e1lod magad az aktu\u00e1lis tev\u00e9kenys\u00e9geidben, egy kis sz\u00fcnet ennek a csod\u00e1latos 1000 darabos puzzle-nek a t\u00e1rsas\u00e1g\u00e1ban seg\u00edt visszanyerni az energi\u00e1dat.<\/span><\/p>\n<p><span style=\"font-weight: 400\">A kirak\u00f3s j\u00e1t\u00e9kok hat\u00e1s\u00e1t elemezve a tud\u00f3sok meg\u00e1llap\u00edtott\u00e1k, hogy a tev\u00e9kenys\u00e9g sor\u00e1n tapasztalt \u00e9rz\u00e9s hasonl\u00f3 a medit\u00e1ci\u00f3 hat\u00e1saihoz. A kirak\u00f3s j\u00e1t\u00e9k seg\u00edt a m\u00e9ly koncentr\u00e1ci\u00f3 \u00e1llapot\u00e1ba ker\u00fclni, \u00e9s ez\u00e1ltal \u00fajra kapcsolatba ker\u00fclni \u00f6nmagaddal.<\/span><\/p>\n<p><span style=\"font-weight: 400\">Az elme megtisztul minden gondolatt\u00f3l, \u00e9s a jelen pillanathoz kapcsol\u00f3dunk, ami minden, ami igaz\u00e1n l\u00e9tezik \u00e9s sz\u00e1m\u00edt. A v\u00e9g\u00e9n, amikor \u00f6sszeragasztod az 1000 kirak\u00f3s utols\u00f3 darabj\u00e1t, az el\u00e9gedetts\u00e9g \u00e9s a boldogs\u00e1g \u00e9rz\u00e9se t\u00f6lt el. B\u00fcszke vagy arra, hogy 1000 puzzle-darabb\u00f3l k\u00e9pes volt\u00e1l egy k\u00e9pet k\u00e9sz\u00edteni, \u00e9s szeretn\u00e9d \u00fajra \u00e1t\u00e9lni a m\u00e9ly relax\u00e1ci\u00f3 \u00e9s koncentr\u00e1ci\u00f3 \u00e1llapot\u00e1t.<\/span><\/p>\n<p><span style=\"font-weight: 400\">Az 1000 darabos Fall\/Toamna puzzle egy olyan kirak\u00f3s j\u00e1t\u00e9k, amelyet a h\u00e1zban tarthatsz, \u00e9s b\u00e1rmikor \u00fajraalkothatod, amikor \u00fajra kapcsolatba akarsz l\u00e9pni \u00f6nmagaddal, vagy amikor szeretteiddel szeretn\u00e9l id\u0151t t\u00f6lteni. Ez egy nagyszer\u0171 aj\u00e1nd\u00e9k is lehet, amelyet k\u00fcl\u00f6nb\u00f6z\u0151 \u00fcnnepi alkalmakkor adhatsz a bar\u00e1taidnak.<\/span><\/p>\n<p><span style=\"font-weight: 400\">Fedezze fel a teljes K\u00fcrti Andrea &#8211; \u00c9vszakok 1000 darabos puzzle kollekci\u00f3t, \u00e9s k\u00e9sz\u00edtse el saj\u00e1t l\u00e1tv\u00e1nyos miniat\u0171r festm\u00e9ny\u00e9t egy k\u00fcl\u00f6nleges mint\u00e1val.<\/span><\/p><\/p>\n","protected":false},"excerpt":{"rendered":"<p>Fedezd fel az \u0151sz b\u0151s\u00e9g\u00e9t \u00e9s var\u00e1zs\u00e1t az 1000 darabos \u0150sz\/Toamna puzzle j\u00e1t\u00e9kon kereszt\u00fcl, K\u00fcrti Andrea kort\u00e1rs m\u0171v\u00e9sz k\u00fcl\u00f6nleges illusztr\u00e1ci\u00f3j\u00e1val.<\/p>\n","protected":false},"featured_media":35801,"template":"","meta":[],"product_brand":[],"product_cat":[1920,1919,1881],"product_tag":[],"class_list":{"0":"post-42207","1":"product","2":"type-product","3":"status-publish","4":"has-post-thumbnail","6":"product_cat-1000-darabos-kirakos-jatek","7":"product_cat-felnott-kirakos-jatekok","8":"product_cat-kirakos-jatekok","9":"pa_brand-d_toys-hu","10":"pa_country_of_manufacture-ro-hu","11":"pa_filter_age-14-hu","12":"pa_painter-kurtiandrea-hu","13":"pa_tip_ambalaj-doboz","14":"pa_tip_puzzle-klasszikus","16":"first","17":"instock","18":"taxable","19":"shipping-taxable","20":"product-type-simple"},"yoast_head":"<!-- This site is optimized with the Yoast SEO plugin v20.1 - https:\/\/yoast.com\/wordpress\/plugins\/seo\/ -->\n<title>Feln\u0151tt puzzle 1000 darab K\u00fcrti Andrea - \u00c9vszakok - \u0150sz<\/title>\n<meta name=\"description\" content=\"Feln\u0151tt puzzle 1000 darab K\u00fcrti Andrea - \u00c9vszakok - \u0150sz\" \/>\n<meta name=\"robots\" content=\"index, follow, max-snippet:-1, max-image-preview:large, max-video-preview:-1\" \/>\n<link rel=\"canonical\" href=\"https:\/\/business.roovi.com\/hu\/felnott-puzzle-1000-darab-kurti-andrea-evszakok-osz\/p\/\" \/>\n<meta property=\"og:locale\" content=\"hu_HU\" \/>\n<meta property=\"og:type\" content=\"article\" \/>\n<meta property=\"og:title\" content=\"Feln\u0151tt puzzle 1000 darab K\u00fcrti Andrea - \u00c9vszakok - \u0150sz\" \/>\n<meta property=\"og:description\" content=\"Feln\u0151tt puzzle 1000 darab K\u00fcrti Andrea - \u00c9vszakok - \u0150sz\" \/>\n<meta property=\"og:url\" content=\"https:\/\/business.roovi.com\/hu\/felnott-puzzle-1000-darab-kurti-andrea-evszakok-osz\/p\/\" \/>\n<meta property=\"og:site_name\" content=\"Roovi B2B\" \/>\n<meta property=\"article:publisher\" content=\"https:\/\/www.facebook.com\/wwwjucariero\" \/>\n<meta property=\"article:modified_time\" content=\"2022-07-06T19:04:39+00:00\" \/>\n<meta property=\"og:image\" content=\"https:\/\/business.roovi.com\/wp-content\/uploads\/2018\/04\/74102-3_ansamblu_dimensiuni_cutie_cm_vertical_1200x1200.png\" \/>\n\t<meta property=\"og:image:width\" content=\"1200\" \/>\n\t<meta property=\"og:image:height\" content=\"1200\" \/>\n\t<meta property=\"og:image:type\" content=\"image\/png\" \/>\n<meta name=\"twitter:label1\" content=\"Becs\u00fclt olvas\u00e1si id\u0151\" \/>\n\t<meta name=\"twitter:data1\" content=\"3 perc\" \/>\n<script type=\"application\/ld+json\" class=\"yoast-schema-graph\">{\"@context\":\"https:\/\/schema.org\",\"@graph\":[{\"@type\":\"WebPage\",\"@id\":\"https:\/\/business.roovi.com\/hu\/felnott-puzzle-1000-darab-kurti-andrea-evszakok-osz\/p\/\",\"url\":\"https:\/\/business.roovi.com\/hu\/felnott-puzzle-1000-darab-kurti-andrea-evszakok-osz\/p\/\",\"name\":\"Feln\u0151tt puzzle 1000 darab K\u00fcrti Andrea - \u00c9vszakok - \u0150sz\",\"isPartOf\":{\"@id\":\"https:\/\/business.roovi.com\/hu\/#website\"},\"datePublished\":\"2018-04-16T10:56:17+00:00\",\"dateModified\":\"2022-07-06T19:04:39+00:00\",\"description\":\"Feln\u0151tt puzzle 1000 darab K\u00fcrti Andrea - \u00c9vszakok - \u0150sz\",\"breadcrumb\":{\"@id\":\"https:\/\/business.roovi.com\/hu\/felnott-puzzle-1000-darab-kurti-andrea-evszakok-osz\/p\/#breadcrumb\"},\"inLanguage\":\"hu\",\"potentialAction\":[{\"@type\":\"ReadAction\",\"target\":[\"https:\/\/business.roovi.com\/hu\/felnott-puzzle-1000-darab-kurti-andrea-evszakok-osz\/p\/\"]}]},{\"@type\":\"BreadcrumbList\",\"@id\":\"https:\/\/business.roovi.com\/hu\/felnott-puzzle-1000-darab-kurti-andrea-evszakok-osz\/p\/#breadcrumb\",\"itemListElement\":[{\"@type\":\"ListItem\",\"position\":1,\"name\":\"Home\",\"item\":\"https:\/\/business.roovi.com\/hu\/\"},{\"@type\":\"ListItem\",\"position\":2,\"name\":\"Shop\",\"item\":\"https:\/\/business.roovi.com\/hu\/shop\/\"},{\"@type\":\"ListItem\",\"position\":3,\"name\":\"Feln\u0151tt puzzle 1000 darab K\u00fcrti Andrea &#8211; \u00c9vszakok &#8211; \u0150sz\"}]},{\"@type\":\"WebSite\",\"@id\":\"https:\/\/business.roovi.com\/hu\/#website\",\"url\":\"https:\/\/business.roovi.com\/hu\/\",\"name\":\"Roovi B2B\",\"description\":\"Roovi Business Website\",\"potentialAction\":[{\"@type\":\"SearchAction\",\"target\":{\"@type\":\"EntryPoint\",\"urlTemplate\":\"https:\/\/business.roovi.com\/hu\/?s={search_term_string}\"},\"query-input\":\"required name=search_term_string\"}],\"inLanguage\":\"hu\"}]}<\/script>\n<!-- \/ Yoast SEO plugin. -->","yoast_head_json":{"title":"Feln\u0151tt puzzle 1000 darab K\u00fcrti Andrea - \u00c9vszakok - \u0150sz","description":"Feln\u0151tt puzzle 1000 darab K\u00fcrti Andrea - \u00c9vszakok - \u0150sz","robots":{"index":"index","follow":"follow","max-snippet":"max-snippet:-1","max-image-preview":"max-image-preview:large","max-video-preview":"max-video-preview:-1"},"canonical":"https:\/\/business.roovi.com\/hu\/felnott-puzzle-1000-darab-kurti-andrea-evszakok-osz\/p\/","og_locale":"hu_HU","og_type":"article","og_title":"Feln\u0151tt puzzle 1000 darab K\u00fcrti Andrea - \u00c9vszakok - \u0150sz","og_description":"Feln\u0151tt puzzle 1000 darab K\u00fcrti Andrea - \u00c9vszakok - \u0150sz","og_url":"https:\/\/business.roovi.com\/hu\/felnott-puzzle-1000-darab-kurti-andrea-evszakok-osz\/p\/","og_site_name":"Roovi B2B","article_publisher":"https:\/\/www.facebook.com\/wwwjucariero","article_modified_time":"2022-07-06T19:04:39+00:00","og_image":[{"width":1200,"height":1200,"url":"https:\/\/business.roovi.com\/wp-content\/uploads\/2018\/04\/74102-3_ansamblu_dimensiuni_cutie_cm_vertical_1200x1200.png","type":"image\/png"}],"twitter_misc":{"Becs\u00fclt olvas\u00e1si id\u0151":"3 perc"},"schema":{"@context":"https:\/\/schema.org","@graph":[{"@type":"WebPage","@id":"https:\/\/business.roovi.com\/hu\/felnott-puzzle-1000-darab-kurti-andrea-evszakok-osz\/p\/","url":"https:\/\/business.roovi.com\/hu\/felnott-puzzle-1000-darab-kurti-andrea-evszakok-osz\/p\/","name":"Feln\u0151tt puzzle 1000 darab K\u00fcrti Andrea - \u00c9vszakok - \u0150sz","isPartOf":{"@id":"https:\/\/business.roovi.com\/hu\/#website"},"datePublished":"2018-04-16T10:56:17+00:00","dateModified":"2022-07-06T19:04:39+00:00","description":"Feln\u0151tt puzzle 1000 darab K\u00fcrti Andrea - \u00c9vszakok - \u0150sz","breadcrumb":{"@id":"https:\/\/business.roovi.com\/hu\/felnott-puzzle-1000-darab-kurti-andrea-evszakok-osz\/p\/#breadcrumb"},"inLanguage":"hu","potentialAction":[{"@type":"ReadAction","target":["https:\/\/business.roovi.com\/hu\/felnott-puzzle-1000-darab-kurti-andrea-evszakok-osz\/p\/"]}]},{"@type":"BreadcrumbList","@id":"https:\/\/business.roovi.com\/hu\/felnott-puzzle-1000-darab-kurti-andrea-evszakok-osz\/p\/#breadcrumb","itemListElement":[{"@type":"ListItem","position":1,"name":"Home","item":"https:\/\/business.roovi.com\/hu\/"},{"@type":"ListItem","position":2,"name":"Shop","item":"https:\/\/business.roovi.com\/hu\/shop\/"},{"@type":"ListItem","position":3,"name":"Feln\u0151tt puzzle 1000 darab K\u00fcrti Andrea &#8211; \u00c9vszakok &#8211; \u0150sz"}]},{"@type":"WebSite","@id":"https:\/\/business.roovi.com\/hu\/#website","url":"https:\/\/business.roovi.com\/hu\/","name":"Roovi B2B","description":"Roovi Business Website","potentialAction":[{"@type":"SearchAction","target":{"@type":"EntryPoint","urlTemplate":"https:\/\/business.roovi.com\/hu\/?s={search_term_string}"},"query-input":"required name=search_term_string"}],"inLanguage":"hu"}]}},"_links":{"self":[{"href":"https:\/\/business.roovi.com\/hu\/wp-json\/wp\/v2\/product\/42207","targetHints":{"allow":["GET"]}}],"collection":[{"href":"https:\/\/business.roovi.com\/hu\/wp-json\/wp\/v2\/product"}],"about":[{"href":"https:\/\/business.roovi.com\/hu\/wp-json\/wp\/v2\/types\/product"}],"version-history":[{"count":0,"href":"https:\/\/business.roovi.com\/hu\/wp-json\/wp\/v2\/product\/42207\/revisions"}],"wp:featuredmedia":[{"embeddable":true,"href":"https:\/\/business.roovi.com\/hu\/wp-json\/wp\/v2\/media\/35801"}],"wp:attachment":[{"href":"https:\/\/business.roovi.com\/hu\/wp-json\/wp\/v2\/media?parent=42207"}],"wp:term":[{"taxonomy":"product_brand","embeddable":true,"href":"https:\/\/business.roovi.com\/hu\/wp-json\/wp\/v2\/product_brand?post=42207"},{"taxonomy":"product_cat","embeddable":true,"href":"https:\/\/business.roovi.com\/hu\/wp-json\/wp\/v2\/product_cat?post=42207"},{"taxonomy":"product_tag","embeddable":true,"href":"https:\/\/business.roovi.com\/hu\/wp-json\/wp\/v2\/product_tag?post=42207"}],"curies":[{"name":"wp","href":"https:\/\/api.w.org\/{rel}","templated":true}]}}