{"id":42239,"date":"2018-04-16T10:56:17","date_gmt":"2018-04-16T10:56:17","guid":{"rendered":"https:\/\/business.roovi.com\/puzzle-copii-collection-basme\/p\/"},"modified":"2022-07-06T19:09:29","modified_gmt":"2022-07-06T19:09:29","slug":"4-gyermek-rejtveny-gyujtemenye-mesek","status":"publish","type":"product","link":"https:\/\/business.roovi.com\/hu\/4-gyermek-rejtveny-gyujtemenye-mesek\/p\/","title":{"rendered":"4 gyermek rejtv\u00e9ny gy\u0171jtem\u00e9nye &#8211; Mes\u00e9k"},"content":{"rendered":"<p><span style=\"font-weight: 400\">Mit akarnak a gyerekek, amikor mes\u00e9lsz nekik? Hogy maguk is karakterek legyenek, hogy \u00e1t\u00e9lj\u00e9k a kalandot \u00e9s \u00fajra\u00edrj\u00e1k a t\u00f6rt\u00e9netet, igaz? M\u00e1skor pedig maguk akarnak mes\u00e9l\u0151k lenni, vagy mes\u00e9ket \u00edrni egy \u00e9letre kelt var\u00e1zslatos k\u00f6nyvben.<\/span><\/p>\n<p><span style=\"font-weight: 400\">Ak\u00e1rhogy is, b\u00e1tor\u00edtsd a fant\u00e1zi\u00e1jukat, \u00e9s seg\u00edts nekik \u00e1t\u00edrni a t\u00f6rt\u00e9neteket, ahogyan \u0151k szeretn\u00e9k. Hagyd, hogy \u0151k legyenek a mes\u00e9l\u0151k, \u00e9s \u00edrd \u00fajra a t\u00f6rt\u00e9netet darabr\u00f3l darabra egy gy\u0171jthet\u0151 puzzle seg\u00edts\u00e9g\u00e9vel <\/span><\/p>\n<p><span style=\"font-weight: 400\">V\u00e1lasszon egy 4 \u00e9l\u00e9nk rejtv\u00e9nyb\u0151l \u00e1ll\u00f3 gy\u0171jtem\u00e9nyt klasszikus t\u00f6rt\u00e9netekb\u0151l vett jelenetekkel, amelyeket a gyerekek felfedeznek, ahogy egyre k\u00f6zelebb ker\u00fclnek a v\u00e9g\u00e9hez, \u00e9s siker\u00fcl \u00f6sszerakniuk a k\u00e9pet <\/span><\/p>\n<p><span style=\"font-weight: 400\">K\u00e9sz\u00edtsd fel \u0151ket arra, hogy kalandozni induljanak Jancsi \u00e9s Juliska seg\u00edts\u00e9g\u00e9vel, vagy induljanak el a nagymama h\u00e1z\u00e1ba Pirosk\u00e1val, vagy \u00e9rts\u00e9k meg a bar\u00e1ts\u00e1g \u00e9rt\u00e9k\u00e9t H\u00f3feh\u00e9rke \u00e9s a 7 t\u00f6rpe seg\u00edts\u00e9g\u00e9vel. A rosszcsont kicsiknek pedig a H\u00e1rom kismalac t\u00f6rt\u00e9nete kell, hogy sz\u00f3rakoz\u00e1st ny\u00fajtson.  <\/span><\/p>\n<h2><span style=\"font-weight: 400\">Mi\u00e9rt v\u00e1lasszon egy gyermek mesegy\u0171jtem\u00e9ny puzzle-t?<\/span><\/h2>\n<ul>\n<li><span style=\"font-weight: 400\">Seg\u00edti a gyermekek kreativit\u00e1s\u00e1nak fejl\u0151d\u00e9s\u00e9t.<\/span><\/li>\n<li><span style=\"font-weight: 400\">Ez egy sz\u00f3rakoztat\u00f3 m\u00f3dja annak, hogy eml\u00e9kezzenek a klasszikus mes\u00e9k jeleneteire, vagy megismerkedjenek vel\u00fck.<\/span><\/li>\n<li><span style=\"font-weight: 400\">A Puzzle j\u00e1t\u00e9k j\u00f3 mem\u00f3ria tr\u00e9ner.<\/span><\/li>\n<li><span style=\"font-weight: 400\">Seg\u00edt a k\u00e9szs\u00e9gek fejleszt\u00e9s\u00e9ben.<\/span><\/li>\n<li><span style=\"font-weight: 400\">Serkenti \u00e9s t\u00e1mogatja a koncentr\u00e1ci\u00f3t \u00e9s a figyelmet.<\/span><\/li>\n<li><span style=\"font-weight: 400\">Ez pihentet\u0151 \u00e9s kikapcsol\u00f3.<\/span><\/li>\n<li><span style=\"font-weight: 400\">Edzi a motoros koordin\u00e1ci\u00f3t \u00e9s a k\u00e9z\u00fcgyess\u00e9get.<\/span><\/li>\n<li><span style=\"font-weight: 400\">Fejleszti az \u00e9rz\u00e9kszervi koordin\u00e1ci\u00f3t.<\/span><\/li>\n<li><span style=\"font-weight: 400\">Ez egy j\u00f3 j\u00e1t\u00e9k, amit hosszabb utaz\u00e1sokra is mag\u00e1val vihet, ha valamivel le kell foglalnia mag\u00e1t, hogy ne unatkozzon.<\/span><\/li>\n<\/ul>\n<h2><span style=\"font-weight: 400\">Fedezze fel a 4 gyermek rejtv\u00e9nyek leny\u0171g\u00f6z\u0151 gy\u0171jtem\u00e9ny\u00e9t vid\u00e1m k\u00e9pekkel <\/span><\/h2>\n<p><span style=\"font-weight: 400\">Minden egyes puzzle vastag, kiv\u00e1l\u00f3 min\u0151s\u00e9g\u0171 kartonb\u00f3l k\u00e9sz\u00fcl, \u00edgy t\u00f6bbsz\u00f6r is haszn\u00e1lhat\u00f3 an\u00e9lk\u00fcl, hogy a darabok elt\u00f6rn\u00e9nek vagy elvesz\u00edten\u00e9k alakjukat <\/span><\/p>\n<p><span style=\"font-weight: 400\">Az \u00e9l\u00e9nk sz\u00edn\u0171 k\u00e9pek a klasszikus gyermekmes\u00e9k kedvelt szerepl\u0151it \u00e1br\u00e1zolj\u00e1k, a gondosan kidolgozott grafik\u00e1ban aranyos \u00e9s vid\u00e1m, a kicsiknek is megfelel\u0151 figur\u00e1k szerepelnek.<\/span><\/p>\n<p><span style=\"font-weight: 400\">A mesekollekci\u00f3 4 gyermekrejtv\u00e9nyt tartalmaz, amelyek h\u00edres mes\u00e9k jeleneteit \u00e1br\u00e1zolj\u00e1k, k\u00fcl\u00f6nb\u00f6z\u0151 bonyolults\u00e1gi fokozatokkal: 24 darab, 35 darab, 48 darab \u00e9s 60 darab.<\/span><\/p>\n<p><span style=\"font-weight: 400\">A darabok m\u00e9rete \u00e9s alakja gyermekbar\u00e1t, \u00edgy a gyerekek k\u00f6nnyen felvehetik \u00e9s elhelyezhetik \u0151ket.<\/span><\/p>\n<p><span style=\"font-weight: 400\">A gyerekek szeretnek \u00e9p\u00edteni, \u00e9s biztos, hogy szeretik majd \u00fajra\u00e9p\u00edteni a szeretett t\u00f6rt\u00e9neteket darabr\u00f3l darabra!<\/span><\/p>\n<p><span style=\"font-weight: 400\">Ha olyan j\u00e1t\u00e9kot keresel, amely egyszerre kreat\u00edv, akt\u00edv, mag\u00e1val ragad\u00f3 \u00e9s sz\u00f3rakoztat\u00f3, akkor v\u00e1laszd a Kids Collection kirak\u00f3j\u00e1t\u00e9kot a mes\u00e9k k\u00e9peivel.  <\/span><\/p><\/p>\n","protected":false},"excerpt":{"rendered":"<p>Mit akarnak a gyerekek, amikor mes\u00e9lsz nekik? Hogy maguk is karakterek legyenek, hogy \u00e1t\u00e9lj\u00e9k a kalandot \u00e9s \u00fajra\u00edrj\u00e1k a t\u00f6rt\u00e9netet,<\/p>\n","protected":false},"featured_media":35851,"template":"","meta":[],"product_brand":[],"product_cat":[1965,1882,1981,1881],"product_tag":[],"class_list":{"0":"post-42239","1":"product","2":"type-product","3":"status-publish","4":"has-post-thumbnail","6":"product_cat-50-100-darabos-kirakok","7":"product_cat-gyermek-rejtvenyek","8":"product_cat-kirakos-jatek","9":"product_cat-kirakos-jatekok","10":"pa_bax-8-hu","11":"pa_brand-deico-hu","12":"pa_country_of_manufacture-ro-hu","13":"pa_filter_age-3_5-hu","14":"pa_filter_age-5_7-hu","15":"pa_filter_age-7_9-hu","16":"pa_tip_ambalaj-doboz","17":"pa_tip_puzzle-kirakos-jatekok-szettekben","19":"first","20":"instock","21":"taxable","22":"shipping-taxable","23":"product-type-simple"},"yoast_head":"<!-- This site is optimized with the Yoast SEO plugin v20.1 - https:\/\/yoast.com\/wordpress\/plugins\/seo\/ -->\n<title>4 gyermek rejtv\u00e9ny gy\u0171jtem\u00e9nye - Mes\u00e9k<\/title>\n<meta name=\"description\" content=\"4 gyermek rejtv\u00e9ny gy\u0171jtem\u00e9nye - Mes\u00e9k\" \/>\n<meta name=\"robots\" content=\"index, follow, max-snippet:-1, max-image-preview:large, max-video-preview:-1\" \/>\n<link rel=\"canonical\" href=\"https:\/\/business.roovi.com\/hu\/4-gyermek-rejtveny-gyujtemenye-mesek\/p\/\" \/>\n<meta property=\"og:locale\" content=\"hu_HU\" \/>\n<meta property=\"og:type\" content=\"article\" \/>\n<meta property=\"og:title\" content=\"4 gyermek rejtv\u00e9ny gy\u0171jtem\u00e9nye - Mes\u00e9k\" \/>\n<meta property=\"og:description\" content=\"4 gyermek rejtv\u00e9ny gy\u0171jtem\u00e9nye - Mes\u00e9k\" \/>\n<meta property=\"og:url\" content=\"https:\/\/business.roovi.com\/hu\/4-gyermek-rejtveny-gyujtemenye-mesek\/p\/\" \/>\n<meta property=\"og:site_name\" content=\"Roovi B2B\" \/>\n<meta property=\"article:publisher\" content=\"https:\/\/www.facebook.com\/wwwjucariero\" \/>\n<meta property=\"article:modified_time\" content=\"2022-07-06T19:09:29+00:00\" \/>\n<meta property=\"og:image\" content=\"https:\/\/business.roovi.com\/wp-content\/uploads\/2018\/04\/65223_01.jpg\" \/>\n\t<meta property=\"og:image:width\" content=\"1200\" \/>\n\t<meta property=\"og:image:height\" content=\"1200\" \/>\n\t<meta property=\"og:image:type\" content=\"image\/jpeg\" \/>\n<meta name=\"twitter:label1\" content=\"Becs\u00fclt olvas\u00e1si id\u0151\" \/>\n\t<meta name=\"twitter:data1\" content=\"3 perc\" \/>\n<script type=\"application\/ld+json\" class=\"yoast-schema-graph\">{\"@context\":\"https:\/\/schema.org\",\"@graph\":[{\"@type\":\"WebPage\",\"@id\":\"https:\/\/business.roovi.com\/hu\/4-gyermek-rejtveny-gyujtemenye-mesek\/p\/\",\"url\":\"https:\/\/business.roovi.com\/hu\/4-gyermek-rejtveny-gyujtemenye-mesek\/p\/\",\"name\":\"4 gyermek rejtv\u00e9ny gy\u0171jtem\u00e9nye - Mes\u00e9k\",\"isPartOf\":{\"@id\":\"https:\/\/business.roovi.com\/hu\/#website\"},\"datePublished\":\"2018-04-16T10:56:17+00:00\",\"dateModified\":\"2022-07-06T19:09:29+00:00\",\"description\":\"4 gyermek rejtv\u00e9ny gy\u0171jtem\u00e9nye - Mes\u00e9k\",\"breadcrumb\":{\"@id\":\"https:\/\/business.roovi.com\/hu\/4-gyermek-rejtveny-gyujtemenye-mesek\/p\/#breadcrumb\"},\"inLanguage\":\"hu\",\"potentialAction\":[{\"@type\":\"ReadAction\",\"target\":[\"https:\/\/business.roovi.com\/hu\/4-gyermek-rejtveny-gyujtemenye-mesek\/p\/\"]}]},{\"@type\":\"BreadcrumbList\",\"@id\":\"https:\/\/business.roovi.com\/hu\/4-gyermek-rejtveny-gyujtemenye-mesek\/p\/#breadcrumb\",\"itemListElement\":[{\"@type\":\"ListItem\",\"position\":1,\"name\":\"Home\",\"item\":\"https:\/\/business.roovi.com\/hu\/\"},{\"@type\":\"ListItem\",\"position\":2,\"name\":\"Shop\",\"item\":\"https:\/\/business.roovi.com\/hu\/shop\/\"},{\"@type\":\"ListItem\",\"position\":3,\"name\":\"4 gyermek rejtv\u00e9ny gy\u0171jtem\u00e9nye &#8211; Mes\u00e9k\"}]},{\"@type\":\"WebSite\",\"@id\":\"https:\/\/business.roovi.com\/hu\/#website\",\"url\":\"https:\/\/business.roovi.com\/hu\/\",\"name\":\"Roovi B2B\",\"description\":\"Roovi Business Website\",\"potentialAction\":[{\"@type\":\"SearchAction\",\"target\":{\"@type\":\"EntryPoint\",\"urlTemplate\":\"https:\/\/business.roovi.com\/hu\/?s={search_term_string}\"},\"query-input\":\"required name=search_term_string\"}],\"inLanguage\":\"hu\"}]}<\/script>\n<!-- \/ Yoast SEO plugin. -->","yoast_head_json":{"title":"4 gyermek rejtv\u00e9ny gy\u0171jtem\u00e9nye - Mes\u00e9k","description":"4 gyermek rejtv\u00e9ny gy\u0171jtem\u00e9nye - Mes\u00e9k","robots":{"index":"index","follow":"follow","max-snippet":"max-snippet:-1","max-image-preview":"max-image-preview:large","max-video-preview":"max-video-preview:-1"},"canonical":"https:\/\/business.roovi.com\/hu\/4-gyermek-rejtveny-gyujtemenye-mesek\/p\/","og_locale":"hu_HU","og_type":"article","og_title":"4 gyermek rejtv\u00e9ny gy\u0171jtem\u00e9nye - Mes\u00e9k","og_description":"4 gyermek rejtv\u00e9ny gy\u0171jtem\u00e9nye - Mes\u00e9k","og_url":"https:\/\/business.roovi.com\/hu\/4-gyermek-rejtveny-gyujtemenye-mesek\/p\/","og_site_name":"Roovi B2B","article_publisher":"https:\/\/www.facebook.com\/wwwjucariero","article_modified_time":"2022-07-06T19:09:29+00:00","og_image":[{"width":1200,"height":1200,"url":"https:\/\/business.roovi.com\/wp-content\/uploads\/2018\/04\/65223_01.jpg","type":"image\/jpeg"}],"twitter_misc":{"Becs\u00fclt olvas\u00e1si id\u0151":"3 perc"},"schema":{"@context":"https:\/\/schema.org","@graph":[{"@type":"WebPage","@id":"https:\/\/business.roovi.com\/hu\/4-gyermek-rejtveny-gyujtemenye-mesek\/p\/","url":"https:\/\/business.roovi.com\/hu\/4-gyermek-rejtveny-gyujtemenye-mesek\/p\/","name":"4 gyermek rejtv\u00e9ny gy\u0171jtem\u00e9nye - Mes\u00e9k","isPartOf":{"@id":"https:\/\/business.roovi.com\/hu\/#website"},"datePublished":"2018-04-16T10:56:17+00:00","dateModified":"2022-07-06T19:09:29+00:00","description":"4 gyermek rejtv\u00e9ny gy\u0171jtem\u00e9nye - Mes\u00e9k","breadcrumb":{"@id":"https:\/\/business.roovi.com\/hu\/4-gyermek-rejtveny-gyujtemenye-mesek\/p\/#breadcrumb"},"inLanguage":"hu","potentialAction":[{"@type":"ReadAction","target":["https:\/\/business.roovi.com\/hu\/4-gyermek-rejtveny-gyujtemenye-mesek\/p\/"]}]},{"@type":"BreadcrumbList","@id":"https:\/\/business.roovi.com\/hu\/4-gyermek-rejtveny-gyujtemenye-mesek\/p\/#breadcrumb","itemListElement":[{"@type":"ListItem","position":1,"name":"Home","item":"https:\/\/business.roovi.com\/hu\/"},{"@type":"ListItem","position":2,"name":"Shop","item":"https:\/\/business.roovi.com\/hu\/shop\/"},{"@type":"ListItem","position":3,"name":"4 gyermek rejtv\u00e9ny gy\u0171jtem\u00e9nye &#8211; Mes\u00e9k"}]},{"@type":"WebSite","@id":"https:\/\/business.roovi.com\/hu\/#website","url":"https:\/\/business.roovi.com\/hu\/","name":"Roovi B2B","description":"Roovi Business Website","potentialAction":[{"@type":"SearchAction","target":{"@type":"EntryPoint","urlTemplate":"https:\/\/business.roovi.com\/hu\/?s={search_term_string}"},"query-input":"required name=search_term_string"}],"inLanguage":"hu"}]}},"_links":{"self":[{"href":"https:\/\/business.roovi.com\/hu\/wp-json\/wp\/v2\/product\/42239","targetHints":{"allow":["GET"]}}],"collection":[{"href":"https:\/\/business.roovi.com\/hu\/wp-json\/wp\/v2\/product"}],"about":[{"href":"https:\/\/business.roovi.com\/hu\/wp-json\/wp\/v2\/types\/product"}],"version-history":[{"count":0,"href":"https:\/\/business.roovi.com\/hu\/wp-json\/wp\/v2\/product\/42239\/revisions"}],"wp:featuredmedia":[{"embeddable":true,"href":"https:\/\/business.roovi.com\/hu\/wp-json\/wp\/v2\/media\/35851"}],"wp:attachment":[{"href":"https:\/\/business.roovi.com\/hu\/wp-json\/wp\/v2\/media?parent=42239"}],"wp:term":[{"taxonomy":"product_brand","embeddable":true,"href":"https:\/\/business.roovi.com\/hu\/wp-json\/wp\/v2\/product_brand?post=42239"},{"taxonomy":"product_cat","embeddable":true,"href":"https:\/\/business.roovi.com\/hu\/wp-json\/wp\/v2\/product_cat?post=42239"},{"taxonomy":"product_tag","embeddable":true,"href":"https:\/\/business.roovi.com\/hu\/wp-json\/wp\/v2\/product_tag?post=42239"}],"curies":[{"name":"wp","href":"https:\/\/api.w.org\/{rel}","templated":true}]}}