{"id":42419,"date":"2018-04-16T10:56:17","date_gmt":"2018-04-16T10:56:17","guid":{"rendered":"https:\/\/business.roovi.com\/puzzle-adulti-1000-piese-francois-boucher-river-landscape-with-an-antique-temple\/p\/"},"modified":"2022-07-06T19:29:19","modified_gmt":"2022-07-06T19:29:19","slug":"felnott-1000-darabos-puzzle-francois-boucher-folyami-tajkep-antik-templommal","status":"publish","type":"product","link":"https:\/\/business.roovi.com\/hu\/felnott-1000-darabos-puzzle-francois-boucher-folyami-tajkep-antik-templommal\/p\/","title":{"rendered":"Feln\u0151tt 1000 darabos puzzle Fran\u00e7ois Boucher &#8211; Folyami t\u00e1jk\u00e9p antik templommal"},"content":{"rendered":"<p><span style=\"font-weight: 400\">Olyan pihentet\u0151 tev\u00e9kenys\u00e9get keres, amely kiz\u00f6kkenti \u00d6nt a mindennapi monotonit\u00e1sb\u00f3l? Fedezze fel a m\u0171v\u00e9szeti kirak\u00f3s gy\u0171jtem\u00e9nyt, v\u00e1lassza ki a vil\u00e1g legh\u00edresebb festm\u00e9nyeinek k\u00e9peit tartalmaz\u00f3 1000 darabos kirak\u00f3s j\u00e1t\u00e9k\u00e1t \u00e9s l\u00e1sson munk\u00e1hoz! Igazi m\u0171v\u00e9sznek fogod \u00e9rezni magad, \u00e9s a k\u00e9sz m\u0171vek egyform\u00e1n leny\u0171g\u00f6znek \u00e9s elragadtatnak majd!<\/span><\/p>\n<p><span style=\"font-weight: 400\">A m\u0171v\u00e9szeti rejtv\u00e9nyek gy\u0171jtem\u00e9nye tartalmazza az 1000 darabos puzzle-t is <\/span><span style=\"font-weight: 400\">Fran\u00e7ois Boucher &#8211; Folyami t\u00e1jk\u00e9p antik templommal, egy feln\u0151tteknek sz\u00f3l\u00f3 puzzle, amely a n\u00e9vad\u00f3 festm\u00e9nyt adja vissza gy\u00f6ny\u00f6r\u0171 r\u00e9szletess\u00e9ggel. A m\u0171alkot\u00e1s a fest\u0151 jellegzetes st\u00edlus\u00e1t mutatja be, \u00e9s a sz\u00ednek \u00f6sszetetts\u00e9g\u00e9vel \u00e9s harm\u00f3ni\u00e1j\u00e1val ny\u0171g\u00f6z le. Engedd magad elragadtatni a m\u0171v\u00e9szet vil\u00e1g\u00e1ba, ha befejezed ezt a csod\u00e1latos 1000 darabos puzzle-t. A m\u0171v\u00e9szi hangulathoz mind\u00f6ssze egy doh\u00e1nyz\u00f3asztalra van sz\u00fcks\u00e9ged, amelyen apr\u00f3l\u00e9kosan kidolgozhatod a m\u0171alkot\u00e1sokat. Az \u00edgy k\u00e9sz\u00fclt festm\u00e9ny m\u00e9rete 50 x 70 cm.<\/span><\/p>\n<p><span style=\"font-weight: 400\">B\u0151vebben al\u00e1bb <\/span><strong>funkci\u00f3k<\/strong><span style=\"font-weight: 400\"> az 1000 darabos Fran\u00e7ois Boucher &#8211; Folyami t\u00e1jk\u00e9p antik templommal c\u00edm\u0171 kirak\u00f3j\u00e1t\u00e9kb\u00f3l<\/span><\/p>\n<p><strong>Puzzle anyag <\/strong><\/p>\n<p><strong>kiv\u00e1l\u00f3 min\u0151s\u00e9g\u0171 k\u00e9k karton<\/strong><\/p>\n<p><strong>fenntarthat\u00f3, \u00fajrahasznos\u00edthat\u00f3 anyagok<\/strong><\/p>\n<p><strong>f\u00e9lf\u00e9nyes kivitel, \u00e9l\u00e9nk sz\u00ednek<\/strong><\/p>\n<p><strong>A kirak\u00f3s darabok sz\u00e1ma: 1000<\/strong><\/p>\n<p><strong>Aj\u00e1nlott \u00e9letkor: 14+<\/strong><\/p>\n<p><strong>Fedezd fel minden id\u0151k legszebb festm\u00e9nyeit az 1000 darabos puzzle seg\u00edts\u00e9g\u00e9vel!<\/strong><\/p>\n<p><span style=\"font-weight: 400\">Ak\u00e1r vonz a festm\u00e9nyek leny\u0171g\u00f6z\u0151 vil\u00e1ga, ak\u00e1r az 1000 darabos kirak\u00f3k szenved\u00e9lye, ak\u00e1r csak egy k\u00edv\u00e1ncsi szellem, aki sz\u00edvesen kipr\u00f3b\u00e1l \u00faj kih\u00edv\u00e1sokat, az Art Puzzle Collection 1000 darabos kirak\u00f3i egy gy\u00f6ny\u00f6r\u0171 vil\u00e1got t\u00e1rnak el\u00e9nk, amelyet \u00e9rdemes felfedezni <\/span><\/p>\n<p><strong>Egy\u00e9b el\u0151ny\u00f6k, amelyeket a m\u0171v\u00e9szeti rejtv\u00e9nyek k\u00edn\u00e1lnak \u00d6nnek:<\/strong><\/p>\n<p><span style=\"font-weight: 400\">Seg\u00edt kit\u00f6rni a napi monotonit\u00e1sb\u00f3l<\/span><\/p>\n<p><span style=\"font-weight: 400\">Ellaz\u00edt t\u00e9ged<\/span><\/p>\n<p><span style=\"font-weight: 400\">Megszabad\u00edt a stresszt\u0151l<\/span><\/p>\n<p><span style=\"font-weight: 400\">K\u00e9pzel\u0151er\u0151t k\u00e9pez<\/span><\/p>\n<p><span style=\"font-weight: 400\">Jav\u00edtja a hangulatot.<\/span><\/p>\n<p><strong>Ki volt Fran\u00e7ois Boucher?<\/strong><\/p>\n<p><span style=\"font-weight: 400\">Fran\u00e7ois Boucher a rokok\u00f3 st\u00edlus legjelent\u0151sebb k\u00e9pvisel\u0151je volt Franciaorsz\u00e1gban, XV. Lajos kir\u00e1lynak \u00e9s szeret\u0151j\u00e9nek, Madame Pompadour-nak dolgozott, \u00e9s m\u00e1r \u00e9let\u00e9ben is e kiv\u00e1lts\u00e1ga miatt \u00e9lvezte a h\u00edrnevet <\/span><\/p>\n<p><span style=\"font-weight: 400\">Fran\u00e7ois Boucher \u00e9let\u00e9ben sz\u00e1mtalan megb\u00edz\u00e1st kapott Versailles \u00e9s m\u00e1s franciaorsz\u00e1gi \u00e9s eur\u00f3pai kir\u00e1lyi rezidenci\u00e1k sz\u00e1m\u00e1ra.<\/span><\/p>\n<p><span style=\"font-weight: 400\">M\u00e9rhetetlen\u00fcl sikeres mitol\u00f3giai festm\u00e9nyein az allegorikus mondanival\u00f3 \u00e1ltal\u00e1ban h\u00e1tt\u00e9rbe szorult a meztelen n\u0151i test \u00e9rz\u00e9ki \u00e9s erotikus hat\u00e1sa m\u00f6g\u00f6tt.<\/span><\/p>\n<p><span style=\"font-weight: 400\">Sz\u00e1mos d\u00edsz\u00edt\u0151m\u0171v\u00e9szethez, p\u00e9ld\u00e1ul a porcel\u00e1nhoz \u00e9s a gobelinhez adott mint\u00e1t.<\/span><\/p>\n<p><span style=\"font-weight: 400\">St\u00edlusa \u00e9lete v\u00e9g\u00e9n kiesett a n\u00e9pszer\u0171s\u00e9gb\u0151l.<\/span><\/p>\n<p><span style=\"font-weight: 400\">Diderot kem\u00e9nyen b\u00edr\u00e1lta munk\u00e1ss\u00e1g\u00e1t, 1761-ben azt \u00edrta a m\u0171v\u00e9szr\u0151l, hogy &#8222;mindenre k\u00e9pes, csak az igazs\u00e1gra nem&#8221; (&#8222;Cet homme a tout-except\u00e9 la v\u00e9rit\u00e9&#8221;).<\/span><\/p>\n<p><strong>M\u0171v\u00e9szeti rejtv\u00e9nyek megold\u00e1sa \u00e9s a m\u00e9ly medit\u00e1ci\u00f3 \u00e1llapot\u00e1ba val\u00f3 bel\u00e9p\u00e9s<\/strong><\/p>\n<p><span style=\"font-weight: 400\">A feln\u0151tt puzzle \u00f6sszerak\u00e1s\u00e1nak tev\u00e9kenys\u00e9ge hasonl\u00edt a meditat\u00edv \u00e1llapothoz: az elme megszabadul a gondokt\u00f3l \u00e9s gondolatokt\u00f3l, \u00e9s csak a k\u00e9p \u00fajrateremt\u00e9s\u00e9re koncentr\u00e1l. Amikor befejezed a munk\u00e1t, tiszta elm\u00e9d lesz, \u00e9s az \u00f6r\u00f6m \u00e9s az optimizmus \u00e1ltal\u00e1nos \u00e1llapota, hasonl\u00f3an ahhoz, amit a medit\u00e1ci\u00f3s \u00fcl\u00e9sek adnak neked.<\/span><\/p>\n<p><span style=\"font-weight: 400\">V\u00e1s\u00e1roljon 1000 darabos puzzle-t most <\/span><span style=\"font-weight: 400\">darabok <\/span><span style=\"font-weight: 400\">Fran\u00e7ois Boucher &#8211; Folyami t\u00e1jk\u00e9p antik templommal<\/span><span style=\"font-weight: 400\"> \u00e9s k\u00e9sz\u00edtsd el saj\u00e1t k\u00fcl\u00f6nleges d\u00edszt\u00e1rgyadat! Keretezze be m\u0171alkot\u00e1s\u00e1t, \u00e9s \u00e9lvezze a mesebeli t\u00e1jat minden nap. Ez a kirak\u00f3s j\u00e1t\u00e9k a m\u0171v\u00e9szi kirak\u00f3sok gy\u0171jtem\u00e9ny\u00e9b\u0151l b\u00e1rmilyen alkalomra alkalmas, bele\u00e9rtve a sz\u00fclet\u00e9snapokat is, ha kellemesen meg akarod lepni szeretteidet <\/span><\/p>\n","protected":false},"excerpt":{"rendered":"<p>Olyan pihentet\u0151 tev\u00e9kenys\u00e9get keres, amely kiz\u00f6kkenti \u00d6nt a mindennapi monotonit\u00e1sb\u00f3l? Fedezze fel a m\u0171v\u00e9szeti kirak\u00f3s gy\u0171jtem\u00e9nyt, v\u00e1lassza ki a vil\u00e1g<\/p>\n","protected":false},"featured_media":63297,"template":"","meta":[],"product_brand":[],"product_cat":[1920,1919,1881],"product_tag":[],"class_list":{"0":"post-42419","1":"product","2":"type-product","3":"status-publish","4":"has-post-thumbnail","6":"product_cat-1000-darabos-kirakos-jatek","7":"product_cat-felnott-kirakos-jatekok","8":"product_cat-kirakos-jatekok","10":"first","11":"instock","12":"taxable","13":"shipping-taxable","14":"product-type-simple"},"yoast_head":"<!-- This site is optimized with the Yoast SEO plugin v20.1 - https:\/\/yoast.com\/wordpress\/plugins\/seo\/ -->\n<title>Feln\u0151tt 1000 darabos puzzle Fran\u00e7ois Boucher - Folyami t\u00e1jk\u00e9p antik templommal<\/title>\n<meta name=\"description\" content=\"Feln\u0151tt 1000 darabos puzzle Fran\u00e7ois Boucher - Folyami t\u00e1jk\u00e9p antik templommal\" \/>\n<meta name=\"robots\" content=\"index, follow, max-snippet:-1, max-image-preview:large, max-video-preview:-1\" \/>\n<link rel=\"canonical\" href=\"https:\/\/business.roovi.com\/hu\/felnott-1000-darabos-puzzle-francois-boucher-folyami-tajkep-antik-templommal\/p\/\" \/>\n<meta property=\"og:locale\" content=\"hu_HU\" \/>\n<meta property=\"og:type\" content=\"article\" \/>\n<meta property=\"og:title\" content=\"Feln\u0151tt 1000 darabos puzzle Fran\u00e7ois Boucher - Folyami t\u00e1jk\u00e9p antik templommal\" \/>\n<meta property=\"og:description\" content=\"Feln\u0151tt 1000 darabos puzzle Fran\u00e7ois Boucher - Folyami t\u00e1jk\u00e9p antik templommal\" \/>\n<meta property=\"og:url\" content=\"https:\/\/business.roovi.com\/hu\/felnott-1000-darabos-puzzle-francois-boucher-folyami-tajkep-antik-templommal\/p\/\" \/>\n<meta property=\"og:site_name\" content=\"Roovi B2B\" \/>\n<meta property=\"article:publisher\" content=\"https:\/\/www.facebook.com\/wwwjucariero\" \/>\n<meta property=\"article:modified_time\" content=\"2022-07-06T19:29:19+00:00\" \/>\n<meta property=\"og:image\" content=\"https:\/\/business.roovi.com\/wp-content\/uploads\/2018\/04\/72696-BO-02-WEB.jpg\" \/>\n\t<meta property=\"og:image:width\" content=\"1200\" \/>\n\t<meta property=\"og:image:height\" content=\"1200\" \/>\n\t<meta property=\"og:image:type\" content=\"image\/jpeg\" \/>\n<meta name=\"twitter:label1\" content=\"Becs\u00fclt olvas\u00e1si id\u0151\" \/>\n\t<meta name=\"twitter:data1\" content=\"4 perc\" \/>\n<script type=\"application\/ld+json\" class=\"yoast-schema-graph\">{\"@context\":\"https:\/\/schema.org\",\"@graph\":[{\"@type\":\"WebPage\",\"@id\":\"https:\/\/business.roovi.com\/hu\/felnott-1000-darabos-puzzle-francois-boucher-folyami-tajkep-antik-templommal\/p\/\",\"url\":\"https:\/\/business.roovi.com\/hu\/felnott-1000-darabos-puzzle-francois-boucher-folyami-tajkep-antik-templommal\/p\/\",\"name\":\"Feln\u0151tt 1000 darabos puzzle Fran\u00e7ois Boucher - Folyami t\u00e1jk\u00e9p antik templommal\",\"isPartOf\":{\"@id\":\"https:\/\/business.roovi.com\/hu\/#website\"},\"datePublished\":\"2018-04-16T10:56:17+00:00\",\"dateModified\":\"2022-07-06T19:29:19+00:00\",\"description\":\"Feln\u0151tt 1000 darabos puzzle Fran\u00e7ois Boucher - Folyami t\u00e1jk\u00e9p antik templommal\",\"breadcrumb\":{\"@id\":\"https:\/\/business.roovi.com\/hu\/felnott-1000-darabos-puzzle-francois-boucher-folyami-tajkep-antik-templommal\/p\/#breadcrumb\"},\"inLanguage\":\"hu\",\"potentialAction\":[{\"@type\":\"ReadAction\",\"target\":[\"https:\/\/business.roovi.com\/hu\/felnott-1000-darabos-puzzle-francois-boucher-folyami-tajkep-antik-templommal\/p\/\"]}]},{\"@type\":\"BreadcrumbList\",\"@id\":\"https:\/\/business.roovi.com\/hu\/felnott-1000-darabos-puzzle-francois-boucher-folyami-tajkep-antik-templommal\/p\/#breadcrumb\",\"itemListElement\":[{\"@type\":\"ListItem\",\"position\":1,\"name\":\"Home\",\"item\":\"https:\/\/business.roovi.com\/hu\/\"},{\"@type\":\"ListItem\",\"position\":2,\"name\":\"Shop\",\"item\":\"https:\/\/business.roovi.com\/hu\/shop\/\"},{\"@type\":\"ListItem\",\"position\":3,\"name\":\"Feln\u0151tt 1000 darabos puzzle Fran\u00e7ois Boucher &#8211; Folyami t\u00e1jk\u00e9p antik templommal\"}]},{\"@type\":\"WebSite\",\"@id\":\"https:\/\/business.roovi.com\/hu\/#website\",\"url\":\"https:\/\/business.roovi.com\/hu\/\",\"name\":\"Roovi B2B\",\"description\":\"Roovi Business Website\",\"potentialAction\":[{\"@type\":\"SearchAction\",\"target\":{\"@type\":\"EntryPoint\",\"urlTemplate\":\"https:\/\/business.roovi.com\/hu\/?s={search_term_string}\"},\"query-input\":\"required name=search_term_string\"}],\"inLanguage\":\"hu\"}]}<\/script>\n<!-- \/ Yoast SEO plugin. -->","yoast_head_json":{"title":"Feln\u0151tt 1000 darabos puzzle Fran\u00e7ois Boucher - Folyami t\u00e1jk\u00e9p antik templommal","description":"Feln\u0151tt 1000 darabos puzzle Fran\u00e7ois Boucher - Folyami t\u00e1jk\u00e9p antik templommal","robots":{"index":"index","follow":"follow","max-snippet":"max-snippet:-1","max-image-preview":"max-image-preview:large","max-video-preview":"max-video-preview:-1"},"canonical":"https:\/\/business.roovi.com\/hu\/felnott-1000-darabos-puzzle-francois-boucher-folyami-tajkep-antik-templommal\/p\/","og_locale":"hu_HU","og_type":"article","og_title":"Feln\u0151tt 1000 darabos puzzle Fran\u00e7ois Boucher - Folyami t\u00e1jk\u00e9p antik templommal","og_description":"Feln\u0151tt 1000 darabos puzzle Fran\u00e7ois Boucher - Folyami t\u00e1jk\u00e9p antik templommal","og_url":"https:\/\/business.roovi.com\/hu\/felnott-1000-darabos-puzzle-francois-boucher-folyami-tajkep-antik-templommal\/p\/","og_site_name":"Roovi B2B","article_publisher":"https:\/\/www.facebook.com\/wwwjucariero","article_modified_time":"2022-07-06T19:29:19+00:00","og_image":[{"width":1200,"height":1200,"url":"https:\/\/business.roovi.com\/wp-content\/uploads\/2018\/04\/72696-BO-02-WEB.jpg","type":"image\/jpeg"}],"twitter_misc":{"Becs\u00fclt olvas\u00e1si id\u0151":"4 perc"},"schema":{"@context":"https:\/\/schema.org","@graph":[{"@type":"WebPage","@id":"https:\/\/business.roovi.com\/hu\/felnott-1000-darabos-puzzle-francois-boucher-folyami-tajkep-antik-templommal\/p\/","url":"https:\/\/business.roovi.com\/hu\/felnott-1000-darabos-puzzle-francois-boucher-folyami-tajkep-antik-templommal\/p\/","name":"Feln\u0151tt 1000 darabos puzzle Fran\u00e7ois Boucher - Folyami t\u00e1jk\u00e9p antik templommal","isPartOf":{"@id":"https:\/\/business.roovi.com\/hu\/#website"},"datePublished":"2018-04-16T10:56:17+00:00","dateModified":"2022-07-06T19:29:19+00:00","description":"Feln\u0151tt 1000 darabos puzzle Fran\u00e7ois Boucher - Folyami t\u00e1jk\u00e9p antik templommal","breadcrumb":{"@id":"https:\/\/business.roovi.com\/hu\/felnott-1000-darabos-puzzle-francois-boucher-folyami-tajkep-antik-templommal\/p\/#breadcrumb"},"inLanguage":"hu","potentialAction":[{"@type":"ReadAction","target":["https:\/\/business.roovi.com\/hu\/felnott-1000-darabos-puzzle-francois-boucher-folyami-tajkep-antik-templommal\/p\/"]}]},{"@type":"BreadcrumbList","@id":"https:\/\/business.roovi.com\/hu\/felnott-1000-darabos-puzzle-francois-boucher-folyami-tajkep-antik-templommal\/p\/#breadcrumb","itemListElement":[{"@type":"ListItem","position":1,"name":"Home","item":"https:\/\/business.roovi.com\/hu\/"},{"@type":"ListItem","position":2,"name":"Shop","item":"https:\/\/business.roovi.com\/hu\/shop\/"},{"@type":"ListItem","position":3,"name":"Feln\u0151tt 1000 darabos puzzle Fran\u00e7ois Boucher &#8211; Folyami t\u00e1jk\u00e9p antik templommal"}]},{"@type":"WebSite","@id":"https:\/\/business.roovi.com\/hu\/#website","url":"https:\/\/business.roovi.com\/hu\/","name":"Roovi B2B","description":"Roovi Business Website","potentialAction":[{"@type":"SearchAction","target":{"@type":"EntryPoint","urlTemplate":"https:\/\/business.roovi.com\/hu\/?s={search_term_string}"},"query-input":"required name=search_term_string"}],"inLanguage":"hu"}]}},"_links":{"self":[{"href":"https:\/\/business.roovi.com\/hu\/wp-json\/wp\/v2\/product\/42419","targetHints":{"allow":["GET"]}}],"collection":[{"href":"https:\/\/business.roovi.com\/hu\/wp-json\/wp\/v2\/product"}],"about":[{"href":"https:\/\/business.roovi.com\/hu\/wp-json\/wp\/v2\/types\/product"}],"version-history":[{"count":0,"href":"https:\/\/business.roovi.com\/hu\/wp-json\/wp\/v2\/product\/42419\/revisions"}],"wp:featuredmedia":[{"embeddable":true,"href":"https:\/\/business.roovi.com\/hu\/wp-json\/wp\/v2\/media\/63297"}],"wp:attachment":[{"href":"https:\/\/business.roovi.com\/hu\/wp-json\/wp\/v2\/media?parent=42419"}],"wp:term":[{"taxonomy":"product_brand","embeddable":true,"href":"https:\/\/business.roovi.com\/hu\/wp-json\/wp\/v2\/product_brand?post=42419"},{"taxonomy":"product_cat","embeddable":true,"href":"https:\/\/business.roovi.com\/hu\/wp-json\/wp\/v2\/product_cat?post=42419"},{"taxonomy":"product_tag","embeddable":true,"href":"https:\/\/business.roovi.com\/hu\/wp-json\/wp\/v2\/product_tag?post=42419"}],"curies":[{"name":"wp","href":"https:\/\/api.w.org\/{rel}","templated":true}]}}