{"id":42423,"date":"2018-04-16T10:56:17","date_gmt":"2018-04-16T10:56:17","guid":{"rendered":"https:\/\/business.roovi.com\/1000-pieces-adult-puzzle-famous-places-prague-astronomical-clock\/p\/"},"modified":"2022-07-06T19:29:29","modified_gmt":"2022-07-06T19:29:29","slug":"1000-darabos-felnott-puzzle-hires-helyek-pragai-csillagaszati-ora","status":"publish","type":"product","link":"https:\/\/business.roovi.com\/hu\/1000-darabos-felnott-puzzle-hires-helyek-pragai-csillagaszati-ora\/p\/","title":{"rendered":"1000 darabos feln\u0151tt puzzle H\u00edres helyek &#8211; Pr\u00e1gai csillag\u00e1szati \u00f3ra"},"content":{"rendered":"<p><strong><em>Szeretn\u00e9l egy igaz\u00e1n klassz kih\u00edv\u00e1st? V\u00e1lasszon 1000 darabos puzzle-t a H\u00edres helyek feln\u0151tt puzzle gy\u0171jtem\u00e9nyb\u0151l, \u00e9s k\u00e9sz\u00edtsen saj\u00e1t, egyedi m\u0171v\u00e9szi k\u00e9psorozatot a vil\u00e1g h\u00edres nevezetess\u00e9geir\u0151l.<\/em><\/strong><\/p>\n<p><span style=\"font-weight: 400\">Az 1000 pr\u00e1gai csillag\u00e1szati \u00f3ra kirak\u00f3s j\u00e1t\u00e9kkal \u00fagy t\u0171nik, mintha meg\u00e1llt volna az id\u0151. Legal\u00e1bbis addig, am\u00edg befejezed az ikonikus turisztikai l\u00e1tv\u00e1nyoss\u00e1g 1000 darabos kirak\u00f3s k\u00e9p\u00e9t.<\/span><\/p>\n<p><span style=\"font-weight: 400\">A cseh f\u0151v\u00e1rosban, a pr\u00e1gai \u00f3v\u00e1rosban, a v\u00e1rosh\u00e1za d\u00e9li homlokzat\u00e1n tal\u00e1lhat\u00f3 csillag\u00e1szati \u00f3ra a vil\u00e1g harmadik legr\u00e9gebbi k\u00f6z\u00e9pkori csillag\u00e1szati \u00f3r\u00e1ja. T\u00f6rt\u00e9nelmi dokumentumok 1410 \u00f3ta eml\u00edtik <\/span><\/p>\n<p><span style=\"font-weight: 400\">Ez a 15. sz\u00e1zadi komplex remekm\u0171 az id\u0151t, a d\u00e1tumot, valamint csillag\u00e1szati \u00e9s \u00e1llat\u00f6vi inform\u00e1ci\u00f3kat mutat. Mechanizmus\u00e1nak teh\u00e1t h\u00e1rom f\u0151 eleme van: a csillag\u00e1szati sz\u00e1mlap, amely a Nap \u00e9s a Hold \u00e1ll\u00e1s\u00e1t jelzi, a k\u00fcl\u00f6nb\u00f6z\u0151 katolikus szentek szobrai \u00e9s az \u00e9v h\u00f3napjait jelz\u0151 napt\u00e1rsz\u00e1mlap.<\/span><\/p>\n<p><span style=\"font-weight: 400\">A Pr\u00e1gai csillag\u00e1szati \u00f3ra feln\u0151tt puzzle lehet\u0151s\u00e9get ad arra, hogy k\u00f6z\u00e9pkori k\u00e9zm\u0171vess\u00e9 v\u00e1lj, \u00e9s 1000 darabb\u00f3l m\u0171v\u00e9szi \u00e9kszert alkoss. A v\u00e9g\u00e9n sok\u00e1ig csod\u00e1lhatja az eur\u00f3pai f\u0151v\u00e1ros ikonikus remekm\u0171v\u00e9t.<\/span><\/p>\n<p><strong>Mi\u00e9rt v\u00e1lassza a puzzle 1000 darab h\u00edres helyek &#8211; Pr\u00e1gai csillag\u00e1szati \u00f3ra?<\/strong><\/p>\n<p><span style=\"font-weight: 400\">Ez egy pihentet\u0151 m\u00f3dja annak, hogy felfedezze Pr\u00e1ga egyik legk\u00fcl\u00f6nlegesebb l\u00e1tnival\u00f3j\u00e1t.<\/span><\/p>\n<p><span style=\"font-weight: 400\">Saj\u00e1t kez\u0171leg k\u00e9sz\u00edthet egy leny\u0171g\u00f6z\u0151, 68 x 47 cm-es k\u00e9pet, amellyel d\u00edsz\u00edtheti otthon\u00e1t.<\/span><\/p>\n<p><span style=\"font-weight: 400\">Mindegyik 1000 darabos puzzle kiv\u00e1l\u00f3 min\u0151s\u00e9g\u0171 kartonb\u00f3l k\u00e9sz\u00fclt, ami a darabokat t\u00f6bbsz\u00f6ri haszn\u00e1lat ut\u00e1n is tart\u00f3ss\u00e1 teszi.<\/span><\/p>\n<p><span style=\"font-weight: 400\">Term\u00e9szetbar\u00e1t, fenntarthat\u00f3 \u00e9s \u00fajrahasznos\u00edthat\u00f3 anyagokb\u00f3l k\u00e9sz\u00fclt.<\/span><\/p>\n<p><span style=\"font-weight: 400\">F\u00e9lf\u00e9nyes fel\u00fclet\u0171, kellemes sz\u00ednekkel rendelkezik, amelyek kiemelik a k\u00e9p tisztas\u00e1g\u00e1t.<\/span><\/p>\n<p><span style=\"font-weight: 400\">A j\u00e1t\u00e9k 14 \u00e9v felettiek sz\u00e1m\u00e1ra is alkalmas, \u00edgy a tizen\u00e9vesek kreativit\u00e1s\u00e1t is kih\u00edv\u00e1s el\u00e9 \u00e1ll\u00edthatod egy remek kirak\u00f3s j\u00e1t\u00e9kkal.<\/span><\/p>\n<p><span style=\"font-weight: 400\">A kirak\u00f3s j\u00e1t\u00e9k kih\u00edv\u00e1st jelent az intellektusodnak, \u00e9s kiv\u00e1l\u00f3 szellemi edz\u00e9s <\/span><\/p>\n<p><span style=\"font-weight: 400\">Seg\u00edt meg\u0151rizni a koordin\u00e1ci\u00f3t \u00e9s a koncentr\u00e1ci\u00f3s k\u00e9pess\u00e9get hossz\u00fa ideig <\/span><\/p>\n<p><span style=\"font-weight: 400\">Seg\u00edt jav\u00edtani a hangulatodat, \u00e9s el\u00e9gedetts\u00e9get ad, hogy el\u00e9rt\u00e9l egy konkr\u00e9t c\u00e9lt.<\/span><\/p>\n<p><strong>Tudtad, hogy&#8230;?<\/strong><\/p>\n<p><span style=\"font-weight: 400\">Azt mondj\u00e1k, hogy ha ez az \u00f3ra nem m\u0171k\u00f6dik, az eg\u00e9sz v\u00e1rost balszerencse fogja k\u00eds\u00e9rteni.<\/span><\/p>\n<p><span style=\"font-weight: 400\">Egy m\u00e1sik legenda szerint annak a mesterembernek, aki ezt a bonyolult szerkezetet k\u00e9sz\u00edtette, kiv\u00e1jt\u00e1k a szem\u00e9t, hogy ne tudjon m\u00e9g egy ilyet k\u00e9sz\u00edteni.<\/span><\/p>\n<p><span style=\"font-weight: 400\">A fels\u0151 r\u00e9szen l\u00e9v\u0151 n\u00e9gy allegorikus alak k\u00fcl\u00f6nleges jelent\u00e9ssel b\u00edr, \u00e9s a hi\u00fas\u00e1got, a kapzsis\u00e1got, az irigys\u00e9get \u00e9s a hal\u00e1lt jelk\u00e9pezi.<\/span><\/p>\n<p><span style=\"font-weight: 400\">Az apostolok nem kezdett\u0151l fogva ott voltak, valamikor 1787 \u00e9s 1791 k\u00f6z\u00f6tt ker\u00fcltek bele.<\/span><\/p>\n<p><strong>1000 darabos puzzle Pr\u00e1gai csillag\u00e1szati \u00f3ra &#8211; a felfedez\u00e9s egyed\u00fcl\u00e1ll\u00f3 m\u00f3dja<\/strong><\/p>\n<p><span style=\"font-weight: 400\">Egy h\u00edres turisztikai l\u00e1tv\u00e1nyoss\u00e1g 1000 darabos kirak\u00f3sb\u00f3l val\u00f3 \u00fajragondol\u00e1sa a felfedez\u00e9s egyed\u00fcl\u00e1ll\u00f3 m\u00f3dja. Ez a pillanat az \u00d6n teljes kikapcsol\u00f3d\u00e1s\u00e1nak \u00e9s pihen\u00e9s\u00e9nek pillanata a sok \u00f3r\u00e1nyi munka \u00e9s stressz ut\u00e1n. R\u00e1ad\u00e1sul ez lehet\u0151s\u00e9get adhat arra is, hogy \u00fajra kapcsolatba l\u00e9pj\u00fcnk szeretteinkkel <\/span><\/p>\n<p><span style=\"font-weight: 400\">Rakd \u00f6ssze ezt a csod\u00e1latos kirak\u00f3s j\u00e1t\u00e9kot a gyerekekkel egy\u00fctt, \u00e9s t\u00f6ltsetek el sok vid\u00e1m \u00e9s pihentet\u0151 \u00f3r\u00e1t. A tizen\u00e9vesek j\u00e1tssz\u00e1k el a val\u00f3di nyomoz\u00f3k szerep\u00e9t, akik nyomokat keresnek, hogy megfejts\u00e9k a csillag\u00e1szati \u00f3ra \u00e1ltal rejtett \u00e9vsz\u00e1zados rejt\u00e9lyt. Ismertesse meg vel\u00fck az \u00f3ra fel\u00e1ll\u00edt\u00e1s\u00e1val kapcsolatos inform\u00e1ci\u00f3kat, valamint a k\u00f6r\u00fcl\u00f6tte kering\u0151 legend\u00e1kat, \u00e9s tanuljanak egy\u00fctt \u00faj dolgokat.<\/span><\/p>\n<p><span style=\"font-weight: 400\">A Prague Astronomical Clock 1000 Piece Puzzle az a kirak\u00f3s j\u00e1t\u00e9k, amely nem hi\u00e1nyozhat otthonodb\u00f3l. Amikor csak van egy kis szabadid\u0151d, haszn\u00e1ld ki a lehet\u0151s\u00e9get, hogy eddzed az elm\u00e9det \u00e9s \u00e9lvezd a lelkedet az \u00f6ssze\u00e1ll\u00edt\u00e1ssal. Ha k\u00fcl\u00f6nleges aj\u00e1nd\u00e9kot szeretne adni, a Pr\u00e1gai csillag\u00e1szati \u00f3ra 1000 darabos puzzle is biztos v\u00e1laszt\u00e1s.<\/span><\/p>\n","protected":false},"excerpt":{"rendered":"<p>Szeretn\u00e9l egy igaz\u00e1n klassz kih\u00edv\u00e1st? V\u00e1lasszon 1000 darabos puzzle-t a H\u00edres helyek feln\u0151tt puzzle gy\u0171jtem\u00e9nyb\u0151l, \u00e9s k\u00e9sz\u00edtsen saj\u00e1t, egyedi m\u0171v\u00e9szi<\/p>\n","protected":false},"featured_media":33910,"template":"","meta":[],"product_brand":[],"product_cat":[1920,1919,1881],"product_tag":[],"class_list":{"0":"post-42423","1":"product","2":"type-product","3":"status-publish","4":"has-post-thumbnail","6":"product_cat-1000-darabos-kirakos-jatek","7":"product_cat-felnott-kirakos-jatekok","8":"product_cat-kirakos-jatekok","10":"first","11":"instock","12":"taxable","13":"shipping-taxable","14":"product-type-simple"},"yoast_head":"<!-- This site is optimized with the Yoast SEO plugin v20.1 - https:\/\/yoast.com\/wordpress\/plugins\/seo\/ -->\n<title>1000 darabos feln\u0151tt puzzle H\u00edres helyek - Pr\u00e1gai csillag\u00e1szati \u00f3ra<\/title>\n<meta name=\"description\" content=\"1000 darabos feln\u0151tt puzzle H\u00edres helyek - Pr\u00e1gai csillag\u00e1szati \u00f3ra\" \/>\n<meta name=\"robots\" content=\"index, follow, max-snippet:-1, max-image-preview:large, max-video-preview:-1\" \/>\n<link rel=\"canonical\" href=\"https:\/\/business.roovi.com\/hu\/1000-darabos-felnott-puzzle-hires-helyek-pragai-csillagaszati-ora\/p\/\" \/>\n<meta property=\"og:locale\" content=\"hu_HU\" \/>\n<meta property=\"og:type\" content=\"article\" \/>\n<meta property=\"og:title\" content=\"1000 darabos feln\u0151tt puzzle H\u00edres helyek - Pr\u00e1gai csillag\u00e1szati \u00f3ra\" \/>\n<meta property=\"og:description\" content=\"1000 darabos feln\u0151tt puzzle H\u00edres helyek - Pr\u00e1gai csillag\u00e1szati \u00f3ra\" \/>\n<meta property=\"og:url\" content=\"https:\/\/business.roovi.com\/hu\/1000-darabos-felnott-puzzle-hires-helyek-pragai-csillagaszati-ora\/p\/\" \/>\n<meta property=\"og:site_name\" content=\"Roovi B2B\" \/>\n<meta property=\"article:publisher\" content=\"https:\/\/www.facebook.com\/wwwjucariero\" \/>\n<meta property=\"article:modified_time\" content=\"2022-07-06T19:29:29+00:00\" \/>\n<meta property=\"og:image\" content=\"https:\/\/business.roovi.com\/wp-content\/uploads\/2018\/04\/1200x1200_72_dpi.png\" \/>\n\t<meta property=\"og:image:width\" content=\"1200\" \/>\n\t<meta property=\"og:image:height\" content=\"1200\" \/>\n\t<meta property=\"og:image:type\" content=\"image\/png\" \/>\n<meta name=\"twitter:label1\" content=\"Becs\u00fclt olvas\u00e1si id\u0151\" \/>\n\t<meta name=\"twitter:data1\" content=\"4 perc\" \/>\n<script type=\"application\/ld+json\" class=\"yoast-schema-graph\">{\"@context\":\"https:\/\/schema.org\",\"@graph\":[{\"@type\":\"WebPage\",\"@id\":\"https:\/\/business.roovi.com\/hu\/1000-darabos-felnott-puzzle-hires-helyek-pragai-csillagaszati-ora\/p\/\",\"url\":\"https:\/\/business.roovi.com\/hu\/1000-darabos-felnott-puzzle-hires-helyek-pragai-csillagaszati-ora\/p\/\",\"name\":\"1000 darabos feln\u0151tt puzzle H\u00edres helyek - Pr\u00e1gai csillag\u00e1szati \u00f3ra\",\"isPartOf\":{\"@id\":\"https:\/\/business.roovi.com\/hu\/#website\"},\"datePublished\":\"2018-04-16T10:56:17+00:00\",\"dateModified\":\"2022-07-06T19:29:29+00:00\",\"description\":\"1000 darabos feln\u0151tt puzzle H\u00edres helyek - Pr\u00e1gai csillag\u00e1szati \u00f3ra\",\"breadcrumb\":{\"@id\":\"https:\/\/business.roovi.com\/hu\/1000-darabos-felnott-puzzle-hires-helyek-pragai-csillagaszati-ora\/p\/#breadcrumb\"},\"inLanguage\":\"hu\",\"potentialAction\":[{\"@type\":\"ReadAction\",\"target\":[\"https:\/\/business.roovi.com\/hu\/1000-darabos-felnott-puzzle-hires-helyek-pragai-csillagaszati-ora\/p\/\"]}]},{\"@type\":\"BreadcrumbList\",\"@id\":\"https:\/\/business.roovi.com\/hu\/1000-darabos-felnott-puzzle-hires-helyek-pragai-csillagaszati-ora\/p\/#breadcrumb\",\"itemListElement\":[{\"@type\":\"ListItem\",\"position\":1,\"name\":\"Home\",\"item\":\"https:\/\/business.roovi.com\/hu\/\"},{\"@type\":\"ListItem\",\"position\":2,\"name\":\"Shop\",\"item\":\"https:\/\/business.roovi.com\/hu\/shop\/\"},{\"@type\":\"ListItem\",\"position\":3,\"name\":\"1000 darabos feln\u0151tt puzzle H\u00edres helyek &#8211; Pr\u00e1gai csillag\u00e1szati \u00f3ra\"}]},{\"@type\":\"WebSite\",\"@id\":\"https:\/\/business.roovi.com\/hu\/#website\",\"url\":\"https:\/\/business.roovi.com\/hu\/\",\"name\":\"Roovi B2B\",\"description\":\"Roovi Business Website\",\"potentialAction\":[{\"@type\":\"SearchAction\",\"target\":{\"@type\":\"EntryPoint\",\"urlTemplate\":\"https:\/\/business.roovi.com\/hu\/?s={search_term_string}\"},\"query-input\":\"required name=search_term_string\"}],\"inLanguage\":\"hu\"}]}<\/script>\n<!-- \/ Yoast SEO plugin. -->","yoast_head_json":{"title":"1000 darabos feln\u0151tt puzzle H\u00edres helyek - Pr\u00e1gai csillag\u00e1szati \u00f3ra","description":"1000 darabos feln\u0151tt puzzle H\u00edres helyek - Pr\u00e1gai csillag\u00e1szati \u00f3ra","robots":{"index":"index","follow":"follow","max-snippet":"max-snippet:-1","max-image-preview":"max-image-preview:large","max-video-preview":"max-video-preview:-1"},"canonical":"https:\/\/business.roovi.com\/hu\/1000-darabos-felnott-puzzle-hires-helyek-pragai-csillagaszati-ora\/p\/","og_locale":"hu_HU","og_type":"article","og_title":"1000 darabos feln\u0151tt puzzle H\u00edres helyek - Pr\u00e1gai csillag\u00e1szati \u00f3ra","og_description":"1000 darabos feln\u0151tt puzzle H\u00edres helyek - Pr\u00e1gai csillag\u00e1szati \u00f3ra","og_url":"https:\/\/business.roovi.com\/hu\/1000-darabos-felnott-puzzle-hires-helyek-pragai-csillagaszati-ora\/p\/","og_site_name":"Roovi B2B","article_publisher":"https:\/\/www.facebook.com\/wwwjucariero","article_modified_time":"2022-07-06T19:29:29+00:00","og_image":[{"width":1200,"height":1200,"url":"https:\/\/business.roovi.com\/wp-content\/uploads\/2018\/04\/1200x1200_72_dpi.png","type":"image\/png"}],"twitter_misc":{"Becs\u00fclt olvas\u00e1si id\u0151":"4 perc"},"schema":{"@context":"https:\/\/schema.org","@graph":[{"@type":"WebPage","@id":"https:\/\/business.roovi.com\/hu\/1000-darabos-felnott-puzzle-hires-helyek-pragai-csillagaszati-ora\/p\/","url":"https:\/\/business.roovi.com\/hu\/1000-darabos-felnott-puzzle-hires-helyek-pragai-csillagaszati-ora\/p\/","name":"1000 darabos feln\u0151tt puzzle H\u00edres helyek - Pr\u00e1gai csillag\u00e1szati \u00f3ra","isPartOf":{"@id":"https:\/\/business.roovi.com\/hu\/#website"},"datePublished":"2018-04-16T10:56:17+00:00","dateModified":"2022-07-06T19:29:29+00:00","description":"1000 darabos feln\u0151tt puzzle H\u00edres helyek - Pr\u00e1gai csillag\u00e1szati \u00f3ra","breadcrumb":{"@id":"https:\/\/business.roovi.com\/hu\/1000-darabos-felnott-puzzle-hires-helyek-pragai-csillagaszati-ora\/p\/#breadcrumb"},"inLanguage":"hu","potentialAction":[{"@type":"ReadAction","target":["https:\/\/business.roovi.com\/hu\/1000-darabos-felnott-puzzle-hires-helyek-pragai-csillagaszati-ora\/p\/"]}]},{"@type":"BreadcrumbList","@id":"https:\/\/business.roovi.com\/hu\/1000-darabos-felnott-puzzle-hires-helyek-pragai-csillagaszati-ora\/p\/#breadcrumb","itemListElement":[{"@type":"ListItem","position":1,"name":"Home","item":"https:\/\/business.roovi.com\/hu\/"},{"@type":"ListItem","position":2,"name":"Shop","item":"https:\/\/business.roovi.com\/hu\/shop\/"},{"@type":"ListItem","position":3,"name":"1000 darabos feln\u0151tt puzzle H\u00edres helyek &#8211; Pr\u00e1gai csillag\u00e1szati \u00f3ra"}]},{"@type":"WebSite","@id":"https:\/\/business.roovi.com\/hu\/#website","url":"https:\/\/business.roovi.com\/hu\/","name":"Roovi B2B","description":"Roovi Business Website","potentialAction":[{"@type":"SearchAction","target":{"@type":"EntryPoint","urlTemplate":"https:\/\/business.roovi.com\/hu\/?s={search_term_string}"},"query-input":"required name=search_term_string"}],"inLanguage":"hu"}]}},"_links":{"self":[{"href":"https:\/\/business.roovi.com\/hu\/wp-json\/wp\/v2\/product\/42423","targetHints":{"allow":["GET"]}}],"collection":[{"href":"https:\/\/business.roovi.com\/hu\/wp-json\/wp\/v2\/product"}],"about":[{"href":"https:\/\/business.roovi.com\/hu\/wp-json\/wp\/v2\/types\/product"}],"version-history":[{"count":0,"href":"https:\/\/business.roovi.com\/hu\/wp-json\/wp\/v2\/product\/42423\/revisions"}],"wp:featuredmedia":[{"embeddable":true,"href":"https:\/\/business.roovi.com\/hu\/wp-json\/wp\/v2\/media\/33910"}],"wp:attachment":[{"href":"https:\/\/business.roovi.com\/hu\/wp-json\/wp\/v2\/media?parent=42423"}],"wp:term":[{"taxonomy":"product_brand","embeddable":true,"href":"https:\/\/business.roovi.com\/hu\/wp-json\/wp\/v2\/product_brand?post=42423"},{"taxonomy":"product_cat","embeddable":true,"href":"https:\/\/business.roovi.com\/hu\/wp-json\/wp\/v2\/product_cat?post=42423"},{"taxonomy":"product_tag","embeddable":true,"href":"https:\/\/business.roovi.com\/hu\/wp-json\/wp\/v2\/product_tag?post=42423"}],"curies":[{"name":"wp","href":"https:\/\/api.w.org\/{rel}","templated":true}]}}