{"id":42543,"date":"2018-04-16T10:56:16","date_gmt":"2018-04-16T10:56:16","guid":{"rendered":"https:\/\/business.roovi.com\/super-puzzle-copii-60-piese-basme-punguta-cu-doi-bani\/p\/"},"modified":"2023-03-01T12:55:12","modified_gmt":"2023-03-01T12:55:12","slug":"super-kids-puzzle-60-darab-a-penzes-taska","status":"publish","type":"product","link":"https:\/\/business.roovi.com\/hu\/super-kids-puzzle-60-darab-a-penzes-taska\/p\/","title":{"rendered":"Super Puzzle Kids 60 darab &#8211; A Twopenny t\u00e1ska"},"content":{"rendered":"<p><strong><em>Cucurigu, ti nagyurak, adj\u00e1tok ide a k\u00e9tbites zs\u00e1kotokat! <\/em><\/strong><\/p>\n<p><span style=\"font-weight: 400;\">Ha te is szereted a klasszikus t\u00f6rt\u00e9neteket, akkor &#8222;A Twopenny Bag&#8221; biztosan a kedvenceid k\u00f6z\u00e9 tartozik. A gyerekek nagyon j\u00f3l sz\u00f3rakoznak, amikor hallj\u00e1k, hogy a kakas \u00e9nekel, \u00e9s visszak\u00e9ri az ersz\u00e9ny\u00e9t, \u00e9s l\u00e9legzetvisszafojtva v\u00e1rj\u00e1k, hogyan siker\u00fcl kiszabadulnia a csapd\u00e1kb\u00f3l, amelyeket a f\u00f6ldes\u00far \u00e1ll\u00edt neki. <\/span><\/p>\n<p><span style=\"font-weight: 400;\">Sz\u00f3rakoztat\u00f3, energikus \u00e9s tanuls\u00e1gos t\u00f6rt\u00e9net, amelyet a kicsik \u00f6r\u00f6mmel fedeznek fel puzzle form\u00e1j\u00e1ban <\/span><\/p>\n<p><span style=\"font-weight: 400;\">A mesegy\u0171jtem\u00e9nyb\u0151l sz\u00e1rmaz\u00f3 kirak\u00f3j\u00e1t\u00e9k olyan sz\u00f3rakoztat\u00f3 m\u00f3dja annak, hogy kapcsolatot teremtsen a kisebb gyerekekkel. A t\u00f6rt\u00e9netet felolvashatj\u00e1tok egy\u00fctt, vagy a gyermek elmondhatja a saj\u00e1t szavaival, mik\u00f6zben egy\u00fctt keresitek a megfelel\u0151 darabokat, hogy \u00f6sszerakj\u00e1tok a puzzle-t. Az id\u0151sebb gyerekek maguk is meg tudj\u00e1k csin\u00e1lni, \u00e9s az er\u0151fesz\u00edt\u00e9s biztosan kifizet\u0151dik.<\/span><\/p>\n<p><span style=\"font-weight: 400;\">Fedezd fel a gondosan megalkotott illusztr\u00e1ci\u00f3kkal \u00e9s gazdag sz\u00ednez\u00e9ssel ell\u00e1tott, minden koroszt\u00e1ly sz\u00e1m\u00e1ra alkalmas puzzle-t. <\/span><\/p>\n<p><span style=\"font-weight: 400;\">R\u00e1ad\u00e1sul egy anim\u00e1ci\u00f3s gyermekrejtv\u00e9ny nem csak egy j\u00e1t\u00e9k. T\u00f6k\u00e9letes alkalom lehet az emberi tulajdons\u00e1gok \u00e9s viselked\u00e9sm\u00f3dok megvitat\u00e1s\u00e1ra, \u00e9s ahogy a k\u00e9p kialakul, a gyerekek k\u00fcl\u00f6nb\u00f6z\u0151 t\u00e1rgyakat vagy t\u00e1jakat fedeznek fel, amelyek kieg\u00e9sz\u00edtik az eg\u00e9sz t\u00f6rt\u00e9net keret\u00e9t.<\/span><\/p>\n<p><span style=\"font-weight: 400;\">Ak\u00e1rhogy is, b\u00e1tor\u00edtsd a k\u00e9pzelet\u00fcket, \u00e9s fedezd fel a puzzle-darabk\u00e1kkal val\u00f3 k\u00f6z\u00f6s j\u00e1t\u00e9k \u00f6r\u00f6m\u00e9t. <\/span><\/p>\n<p><span style=\"font-weight: 400;\">V\u00e1lasszon gyermek\u00e9nek egy vid\u00e1m t\u00f6rt\u00e9nettel ell\u00e1tott kirak\u00f3st, egy j\u00e1t\u00e9kot, amely elk\u00eds\u00e9ri a kakast a f\u00f6ldes\u00far h\u00e1z\u00e1hoz vezet\u0151 \u00faton. <\/span><\/p>\n<h3><strong>Mi\u00e9rt v\u00e1lassza a Super Puzzle Kids with Fairy Tales.<\/strong><\/h3>\n<ul>\n<li><span style=\"font-weight: 400;\">Ez pihentet\u0151 \u00e9s kikapcsol\u00f3.<\/span><\/li>\n<li><span style=\"font-weight: 400;\">Serkenti a kreat\u00edv fejl\u0151d\u00e9st.<\/span><\/li>\n<li><span style=\"font-weight: 400;\">A Puzzle j\u00e1t\u00e9k j\u00f3 mem\u00f3riatr\u00e9ner, mindk\u00e9t agyf\u00e9ltek\u00e9t ig\u00e9nybe veszi.<\/span><\/li>\n<li><span style=\"font-weight: 400;\">Sz\u00f3rakoztat\u00f3 m\u00f3dja annak, hogy felid\u00e9zz\u00fcnk jeleneteket klasszikus t\u00f6rt\u00e9netekb\u0151l, vagy megismerkedj\u00fcnk vel\u00fck.<\/span><\/li>\n<li><span style=\"font-weight: 400;\">Seg\u00edt a k\u00e9szs\u00e9gfejleszt\u00e9sben az egyes darabok egym\u00e1shoz illeszt\u00e9s\u00e9vel.<\/span><\/li>\n<li><span style=\"font-weight: 400;\">Serkenti \u00e9s t\u00e1mogatja a koncentr\u00e1ci\u00f3t \u00e9s a j\u00e1t\u00e9kra val\u00f3 figyelmet.<\/span><\/li>\n<li><span style=\"font-weight: 400;\">Edzi a motoros koordin\u00e1ci\u00f3t \u00e9s a k\u00e9z\u00fcgyess\u00e9get.<\/span><\/li>\n<li><span style=\"font-weight: 400;\">Fejleszti az \u00e9rz\u00e9kszervi koordin\u00e1ci\u00f3t.<\/span><\/li>\n<li><span style=\"font-weight: 400;\">Ez egy j\u00f3 j\u00e1t\u00e9k, amit hosszabb utaz\u00e1sokra is mag\u00e1val vihet, ha valamivel le kell foglalnia mag\u00e1t, hogy ne unatkozzon.<\/span><\/li>\n<li><span style=\"font-weight: 400;\">Sikeresen helyettes\u00edti a digit\u00e1lis j\u00e1t\u00e9kot, \u00e9s sz\u00e1mos extra el\u0151nnyel rendelkezik.<\/span><\/li>\n<\/ul>\n<h3><strong>Fedezz fel egy szuper sz\u00f3rakoztat\u00f3 kirak\u00f3t b\u00e1jos illusztr\u00e1ci\u00f3kkal<\/strong><\/h3>\n<p><span style=\"font-weight: 400;\">Minden egyes puzzle vastag, kiv\u00e1l\u00f3 min\u0151s\u00e9g\u0171 kartonb\u00f3l k\u00e9sz\u00fcl, \u00edgy t\u00f6bbsz\u00f6r is haszn\u00e1lhat\u00f3 an\u00e9lk\u00fcl, hogy a darabok elt\u00f6rn\u00e9nek vagy elvesz\u00edten\u00e9k alakjukat <\/span><\/p>\n<p><span style=\"font-weight: 400;\">A 60 darab gyermekbar\u00e1t m\u00e9ret\u0171 \u00e9s form\u00e1j\u00fa, \u00edgy a kicsik is k\u00f6nnyen felvehetik \u00e9s elhelyezhetik \u0151ket, \u00edgy egy nagyvonal\u00fa, 42 cm x 28,8 cm-es puzzle-t kapunk.<\/span><\/p>\n<p><span style=\"font-weight: 400;\">A gyerekek im\u00e1dnak \u00e9p\u00edteni, \u00e9s biztos, hogy szeretik majd darabr\u00f3l darabra rekonstru\u00e1lni a szeretett t\u00f6rt\u00e9neteket!<\/span><\/p>\n<p><span style=\"font-weight: 400;\">Ha olyan j\u00e1t\u00e9kot keresel, amely egyszerre kreat\u00edv, akt\u00edv, mag\u00e1val ragad\u00f3 \u00e9s sz\u00f3rakoztat\u00f3, v\u00e1lassz egy mes\u00e9k illusztr\u00e1ci\u00f3ival ell\u00e1tott gyermekkirak\u00f3t. <\/span><\/p>\n","protected":false},"excerpt":{"rendered":"<p>Cucurigu, ti nagyurak, adj\u00e1tok ide a k\u00e9tbites zs\u00e1kotokat! Ha te is szereted a klasszikus t\u00f6rt\u00e9neteket, akkor &#8222;A Twopenny Bag&#8221; biztosan<\/p>\n","protected":false},"featured_media":32955,"template":"","meta":[],"product_brand":[],"product_cat":[1965,1882,1881],"product_tag":[],"class_list":{"0":"post-42543","1":"product","2":"type-product","3":"status-publish","4":"has-post-thumbnail","6":"product_cat-50-100-darabos-kirakok","7":"product_cat-gyermek-rejtvenyek","8":"product_cat-kirakos-jatekok","9":"pa_bax-10-hu","10":"pa_brand-d_toys-hu","11":"pa_country_of_manufacture-ro-hu","12":"pa_filter_age-5_7-hu","13":"pa_filter_age-7_9-hu","14":"pa_tip_ambalaj-doboz","15":"pa_tip_puzzle-klasszikus","17":"first","18":"instock","19":"taxable","20":"shipping-taxable","21":"product-type-simple"},"yoast_head":"<!-- This site is optimized with the Yoast SEO plugin v20.1 - https:\/\/yoast.com\/wordpress\/plugins\/seo\/ -->\n<title>Super Kids Puzzle 60 darab - A p\u00e9nzes t\u00e1ska<\/title>\n<meta name=\"description\" content=\"Super Kids Puzzle 60 darab - A p\u00e9nzes t\u00e1ska\" \/>\n<meta name=\"robots\" content=\"index, follow, max-snippet:-1, max-image-preview:large, max-video-preview:-1\" \/>\n<link rel=\"canonical\" href=\"https:\/\/business.roovi.com\/hu\/super-kids-puzzle-60-darab-a-penzes-taska\/p\/\" \/>\n<meta property=\"og:locale\" content=\"hu_HU\" \/>\n<meta property=\"og:type\" content=\"article\" \/>\n<meta property=\"og:title\" content=\"Super Kids Puzzle 60 darab - A p\u00e9nzes t\u00e1ska\" \/>\n<meta property=\"og:description\" content=\"Super Kids Puzzle 60 darab - A p\u00e9nzes t\u00e1ska\" \/>\n<meta property=\"og:url\" content=\"https:\/\/business.roovi.com\/hu\/super-kids-puzzle-60-darab-a-penzes-taska\/p\/\" \/>\n<meta property=\"og:site_name\" content=\"Roovi B2B\" \/>\n<meta property=\"article:publisher\" content=\"https:\/\/www.facebook.com\/wwwjucariero\" \/>\n<meta property=\"article:modified_time\" content=\"2023-03-01T12:55:12+00:00\" \/>\n<meta property=\"og:image\" content=\"https:\/\/business.roovi.com\/wp-content\/uploads\/2018\/04\/60396_05.jpg\" \/>\n\t<meta property=\"og:image:width\" content=\"1200\" \/>\n\t<meta property=\"og:image:height\" content=\"1200\" \/>\n\t<meta property=\"og:image:type\" content=\"image\/jpeg\" \/>\n<meta name=\"twitter:label1\" content=\"Becs\u00fclt olvas\u00e1si id\u0151\" \/>\n\t<meta name=\"twitter:data1\" content=\"3 perc\" \/>\n<script type=\"application\/ld+json\" class=\"yoast-schema-graph\">{\"@context\":\"https:\/\/schema.org\",\"@graph\":[{\"@type\":\"WebPage\",\"@id\":\"https:\/\/business.roovi.com\/hu\/super-kids-puzzle-60-darab-a-penzes-taska\/p\/\",\"url\":\"https:\/\/business.roovi.com\/hu\/super-kids-puzzle-60-darab-a-penzes-taska\/p\/\",\"name\":\"Super Kids Puzzle 60 darab - A p\u00e9nzes t\u00e1ska\",\"isPartOf\":{\"@id\":\"https:\/\/business.roovi.com\/hu\/#website\"},\"datePublished\":\"2018-04-16T10:56:16+00:00\",\"dateModified\":\"2023-03-01T12:55:12+00:00\",\"description\":\"Super Kids Puzzle 60 darab - A p\u00e9nzes t\u00e1ska\",\"breadcrumb\":{\"@id\":\"https:\/\/business.roovi.com\/hu\/super-kids-puzzle-60-darab-a-penzes-taska\/p\/#breadcrumb\"},\"inLanguage\":\"hu\",\"potentialAction\":[{\"@type\":\"ReadAction\",\"target\":[\"https:\/\/business.roovi.com\/hu\/super-kids-puzzle-60-darab-a-penzes-taska\/p\/\"]}]},{\"@type\":\"BreadcrumbList\",\"@id\":\"https:\/\/business.roovi.com\/hu\/super-kids-puzzle-60-darab-a-penzes-taska\/p\/#breadcrumb\",\"itemListElement\":[{\"@type\":\"ListItem\",\"position\":1,\"name\":\"Home\",\"item\":\"https:\/\/business.roovi.com\/hu\/\"},{\"@type\":\"ListItem\",\"position\":2,\"name\":\"Shop\",\"item\":\"https:\/\/business.roovi.com\/hu\/shop\/\"},{\"@type\":\"ListItem\",\"position\":3,\"name\":\"Super Puzzle Kids 60 darab &#8211; A Twopenny t\u00e1ska\"}]},{\"@type\":\"WebSite\",\"@id\":\"https:\/\/business.roovi.com\/hu\/#website\",\"url\":\"https:\/\/business.roovi.com\/hu\/\",\"name\":\"Roovi B2B\",\"description\":\"Roovi Business Website\",\"potentialAction\":[{\"@type\":\"SearchAction\",\"target\":{\"@type\":\"EntryPoint\",\"urlTemplate\":\"https:\/\/business.roovi.com\/hu\/?s={search_term_string}\"},\"query-input\":\"required name=search_term_string\"}],\"inLanguage\":\"hu\"}]}<\/script>\n<!-- \/ Yoast SEO plugin. -->","yoast_head_json":{"title":"Super Kids Puzzle 60 darab - A p\u00e9nzes t\u00e1ska","description":"Super Kids Puzzle 60 darab - A p\u00e9nzes t\u00e1ska","robots":{"index":"index","follow":"follow","max-snippet":"max-snippet:-1","max-image-preview":"max-image-preview:large","max-video-preview":"max-video-preview:-1"},"canonical":"https:\/\/business.roovi.com\/hu\/super-kids-puzzle-60-darab-a-penzes-taska\/p\/","og_locale":"hu_HU","og_type":"article","og_title":"Super Kids Puzzle 60 darab - A p\u00e9nzes t\u00e1ska","og_description":"Super Kids Puzzle 60 darab - A p\u00e9nzes t\u00e1ska","og_url":"https:\/\/business.roovi.com\/hu\/super-kids-puzzle-60-darab-a-penzes-taska\/p\/","og_site_name":"Roovi B2B","article_publisher":"https:\/\/www.facebook.com\/wwwjucariero","article_modified_time":"2023-03-01T12:55:12+00:00","og_image":[{"width":1200,"height":1200,"url":"https:\/\/business.roovi.com\/wp-content\/uploads\/2018\/04\/60396_05.jpg","type":"image\/jpeg"}],"twitter_misc":{"Becs\u00fclt olvas\u00e1si id\u0151":"3 perc"},"schema":{"@context":"https:\/\/schema.org","@graph":[{"@type":"WebPage","@id":"https:\/\/business.roovi.com\/hu\/super-kids-puzzle-60-darab-a-penzes-taska\/p\/","url":"https:\/\/business.roovi.com\/hu\/super-kids-puzzle-60-darab-a-penzes-taska\/p\/","name":"Super Kids Puzzle 60 darab - A p\u00e9nzes t\u00e1ska","isPartOf":{"@id":"https:\/\/business.roovi.com\/hu\/#website"},"datePublished":"2018-04-16T10:56:16+00:00","dateModified":"2023-03-01T12:55:12+00:00","description":"Super Kids Puzzle 60 darab - A p\u00e9nzes t\u00e1ska","breadcrumb":{"@id":"https:\/\/business.roovi.com\/hu\/super-kids-puzzle-60-darab-a-penzes-taska\/p\/#breadcrumb"},"inLanguage":"hu","potentialAction":[{"@type":"ReadAction","target":["https:\/\/business.roovi.com\/hu\/super-kids-puzzle-60-darab-a-penzes-taska\/p\/"]}]},{"@type":"BreadcrumbList","@id":"https:\/\/business.roovi.com\/hu\/super-kids-puzzle-60-darab-a-penzes-taska\/p\/#breadcrumb","itemListElement":[{"@type":"ListItem","position":1,"name":"Home","item":"https:\/\/business.roovi.com\/hu\/"},{"@type":"ListItem","position":2,"name":"Shop","item":"https:\/\/business.roovi.com\/hu\/shop\/"},{"@type":"ListItem","position":3,"name":"Super Puzzle Kids 60 darab &#8211; A Twopenny t\u00e1ska"}]},{"@type":"WebSite","@id":"https:\/\/business.roovi.com\/hu\/#website","url":"https:\/\/business.roovi.com\/hu\/","name":"Roovi B2B","description":"Roovi Business Website","potentialAction":[{"@type":"SearchAction","target":{"@type":"EntryPoint","urlTemplate":"https:\/\/business.roovi.com\/hu\/?s={search_term_string}"},"query-input":"required name=search_term_string"}],"inLanguage":"hu"}]}},"_links":{"self":[{"href":"https:\/\/business.roovi.com\/hu\/wp-json\/wp\/v2\/product\/42543","targetHints":{"allow":["GET"]}}],"collection":[{"href":"https:\/\/business.roovi.com\/hu\/wp-json\/wp\/v2\/product"}],"about":[{"href":"https:\/\/business.roovi.com\/hu\/wp-json\/wp\/v2\/types\/product"}],"version-history":[{"count":0,"href":"https:\/\/business.roovi.com\/hu\/wp-json\/wp\/v2\/product\/42543\/revisions"}],"wp:featuredmedia":[{"embeddable":true,"href":"https:\/\/business.roovi.com\/hu\/wp-json\/wp\/v2\/media\/32955"}],"wp:attachment":[{"href":"https:\/\/business.roovi.com\/hu\/wp-json\/wp\/v2\/media?parent=42543"}],"wp:term":[{"taxonomy":"product_brand","embeddable":true,"href":"https:\/\/business.roovi.com\/hu\/wp-json\/wp\/v2\/product_brand?post=42543"},{"taxonomy":"product_cat","embeddable":true,"href":"https:\/\/business.roovi.com\/hu\/wp-json\/wp\/v2\/product_cat?post=42543"},{"taxonomy":"product_tag","embeddable":true,"href":"https:\/\/business.roovi.com\/hu\/wp-json\/wp\/v2\/product_tag?post=42543"}],"curies":[{"name":"wp","href":"https:\/\/api.w.org\/{rel}","templated":true}]}}