{"id":42591,"date":"2018-04-16T10:56:16","date_gmt":"2018-04-16T10:56:16","guid":{"rendered":"https:\/\/business.roovi.com\/puzzle-adulti-1000-piese-castele-franceze-castel-chambord\/p\/"},"modified":"2022-07-06T19:49:34","modified_gmt":"2022-07-06T19:49:34","slug":"felnott-1000-darabos-francia-kastely-puzzle-chambord-kastely","status":"publish","type":"product","link":"https:\/\/business.roovi.com\/hu\/felnott-1000-darabos-francia-kastely-puzzle-chambord-kastely\/p\/","title":{"rendered":"Feln\u0151tt 1000 darabos francia kast\u00e9ly puzzle &#8211; Chambord kast\u00e9ly"},"content":{"rendered":"<p><strong><em>Induljon el egy leny\u0171g\u00f6z\u0151 utaz\u00e1sra a Loire-v\u00f6lgyben, \u00e9s fedezze fel a k\u00f6rny\u00e9k legh\u00edresebb francia kast\u00e9ly\u00e1t az 1000 darabos Chambord kast\u00e9ly puzzle seg\u00edts\u00e9g\u00e9vel.<\/em><\/strong><span style=\"font-weight: 400\"> <\/span><\/p>\n<p><span style=\"font-weight: 400\">Az Eur\u00f3pa legnagyobb z\u00e1rt erdei parkj\u00e1nak sz\u00edv\u00e9ben \u00e9p\u00fclt Chambord kast\u00e9lyt a k\u00f6z\u00e9pkori francia \u00e9s a klasszikus renesz\u00e1nsz szerkezeteket \u00f6tv\u00f6z\u0151 \u00e9p\u00edt\u00e9szeti strukt\u00fara jellemzi.<\/span><\/p>\n<p><span style=\"font-weight: 400\">A Chambord-i kast\u00e9ly \u00e9p\u00edt\u00e9se 1519-ben kezd\u0151d\u00f6tt I. Ferenc alatt, aki szem\u00e9lyesen fel\u00fcgyelte a munk\u00e1latokat. A kir\u00e1ly az \u00e9p\u00fcletet vad\u00e1szkast\u00e9lynak sz\u00e1nta. A kir\u00e1ly azonban csak 72 napot t\u00f6lt\u00f6tt itt \u00e9lete sor\u00e1n r\u00f6vid vad\u00e1szl\u00e1togat\u00e1sokon. Abban az id\u0151ben nem voltak t\u00e1pl\u00e1l\u00e9kforr\u00e1sok a k\u00f6zelben, az egyetlen k\u00f6zvetlen forr\u00e1s a vad volt <\/span><\/p>\n<p><span style=\"font-weight: 400\">Sok \u00e9v \u00e9s sok kir\u00e1ly telt el, mire az impoz\u00e1ns kast\u00e9ly \u00e9p\u00edt\u00e9se \u00e9s berendez\u00e9se befejez\u0151d\u00f6tt. A leny\u0171g\u00f6z\u0151 m\u00e9rete miatt t\u00falz\u00e1snak sz\u00e1m\u00edt\u00f3 Chambord kast\u00e9ly m\u00e1gnesk\u00e9nt vonzza a turist\u00e1kat a vil\u00e1g minden t\u00e1j\u00e1r\u00f3l, \u00edgy szinte mindenki, aki a Loire-v\u00f6lgybe \u00e9rkezik, \u00e1thalad a kapuin.<\/span><\/p>\n<p><span style=\"font-weight: 400\">Most, hogy m\u00e1r tudod, milyen neh\u00e9z volt a h\u00edres kast\u00e9ly \u00e9p\u00edt\u00e9se, az 1000 kirak\u00f3s darabb\u00f3l val\u00f3 \u00f6sszerak\u00e1sa gyerekj\u00e1t\u00e9knak t\u0171nik. Rakd \u00f6ssze darabr\u00f3l darabra, \u00e9s \u00e9p\u00edtsd fel a kast\u00e9ly minden egyes torny\u00e1t \u00e9s a k\u00f6rnyez\u0151 l\u00e1tv\u00e1nyt, \u00e9s amikor a k\u00e9p elk\u00e9sz\u00fcl, csod\u00e1ld meg a monument\u00e1lis \u00e9p\u00fcletet teljes pomp\u00e1j\u00e1ban <\/span><\/p>\n<p><strong>Mi\u00e9rt v\u00e1lassza az 1000 darabos francia kast\u00e9lyok &#8211; Chambord kast\u00e9ly puzzle-t?<\/strong><\/p>\n<p><span style=\"font-weight: 400\">Egy gy\u00f6ny\u00f6r\u0171 68 x 47 cm-es k\u00e9pet kap a kast\u00e9lyr\u00f3l <\/span><span style=\"font-weight: 400\">Chambord<\/span><span style=\"font-weight: 400\">.<\/span><\/p>\n<p><span style=\"font-weight: 400\">Ezt a festm\u00e9nyt dekor\u00e1ci\u00f3s c\u00e9lokra haszn\u00e1lhatja, hogy otthon\u00e1t d\u00edsz\u00edtse.<\/span><\/p>\n<p><span style=\"font-weight: 400\">F\u00e9lf\u00e9nyes fel\u00fclet\u0171, kellemes sz\u00ednekben, amelyek kiemelik a k\u00e9p tisztas\u00e1g\u00e1t.<\/span><\/p>\n<p><span style=\"font-weight: 400\">Kiv\u00e1l\u00f3 min\u0151s\u00e9g\u0171 k\u00e9k kartonb\u00f3l k\u00e9sz\u00fclt, ami ellen\u00e1ll\u00f3v\u00e1 teszi a t\u00f6bbsz\u00f6ri \u00f6sszeszerel\u00e9ssel szemben.<\/span><\/p>\n<p><span style=\"font-weight: 400\">Az 1000 darabos puzzle k\u00e9sz\u00edt\u00e9s\u00e9hez felhaszn\u00e1lt anyagok fenntarthat\u00f3ak \u00e9s \u00fajrahasznos\u00edthat\u00f3k.<\/span><\/p>\n<p><span style=\"font-weight: 400\">14 \u00e9ven fel\u00fcliek sz\u00e1m\u00e1ra alkalmas &#8211; ok arra, hogy min\u0151s\u00e9gi id\u0151t t\u00f6lts\u00f6n a tin\u00e9dzserekkel.<\/span><\/p>\n<p><span style=\"font-weight: 400\">Az 1000 darabos puzzle egyed\u00fcl\u00e1ll\u00f3 lehet\u0151s\u00e9g arra, hogy felfedezze a vil\u00e1g h\u00edres nevezetess\u00e9geinek egyedis\u00e9g\u00e9t \u00e9s nagys\u00e1g\u00e1t.<\/span><\/p>\n<p><strong>Tudtad, hogy&#8230;?<\/strong><\/p>\n<p><span style=\"font-weight: 400\">B\u00e1r a t\u00f6rt\u00e9nelem nem Leonardo da Vinci nev\u00e9t jegyzi fel a kast\u00e9ly \u00e9p\u00edt\u00e9szek\u00e9nt, sok szak\u00e9rt\u0151 \u00fagy v\u00e9li, hogy a k\u00f6zponti l\u00e9pcs\u0151h\u00e1z \u00e9s az innovat\u00edv szell\u0151z\u0151rendszer egy\u00e9rtelm\u0171en az \u0151 zsenialit\u00e1s\u00e1t hordozza.<\/span><\/p>\n<p><span style=\"font-weight: 400\">A kast\u00e9lypark hatalmas, 5440 hekt\u00e1ros ter\u00fcletet foglal el, \u00e9s 32 kilom\u00e9ter hossz\u00fa fal veszi k\u00f6r\u00fcl.<\/span><\/p>\n<p><span style=\"font-weight: 400\">A szalamandr\u00e1t mintegy 300 alkalommal \u00e1br\u00e1zolj\u00e1k a v\u00e1rfalakon \u00e9s a mennyezeten. Ez a kis k\u00e9t\u00e9lt\u0171 volt I. Ferenc jelk\u00e9pe.<\/span><\/p>\n<p><span style=\"font-weight: 400\">I. Ferenc kir\u00e1ly hal\u00e1la \u00f3ta, csaknem 80 \u00e9ven \u00e1t a v\u00e1r kihaszn\u00e1latlanul \u00e1llt, romhalmazz\u00e1 v\u00e1lt. Csak 1639-ben d\u00f6nt\u00f6tt \u00fagy XIII. Lajos kir\u00e1ly, hogy folytatja a restaur\u00e1l\u00e1si munk\u00e1latokat.<\/span><\/p>\n<p><span style=\"font-weight: 400\">A m\u00e1sodik vil\u00e1gh\u00e1bor\u00fa idej\u00e9n a Louvre M\u00fazeum sz\u00e1mos \u00e9rt\u00e9kes m\u0171t\u00e1rgy\u00e1t, k\u00f6zt\u00fck a Mona Lisa portr\u00e9j\u00e1t is itt helyezt\u00e9k el.<\/span><\/p>\n<p><span style=\"font-weight: 400\">A Chambord Castle 1000 darabos kirak\u00f3s j\u00e1t\u00e9kkal enyh\u00edtheted a stresszt, \u00e9s elvonatkoztathatsz a mindennapi probl\u00e9m\u00e1kt\u00f3l. Emellett sz\u00e1mos fejleszt\u00e9si lehet\u0151s\u00e9get is biztos\u00edt:<\/span><\/p>\n<ul>\n<li><span style=\"font-weight: 400\">Ez egy \u00f6sszetett gyakorlat az agy sz\u00e1m\u00e1ra.<\/span><\/li>\n<li><span style=\"font-weight: 400\">Jav\u00edtja a koordin\u00e1ci\u00f3t \u00e9s a k\u00e9z\u00fcgyess\u00e9get.<\/span><\/li>\n<li><span style=\"font-weight: 400\">\u00c9lesen tartja a mem\u00f3ri\u00e1t.<\/span><\/li>\n<li><span style=\"font-weight: 400\">T\u00fcrelemre \u00e9s kitart\u00e1sra nevel.<\/span><\/li>\n<li><span style=\"font-weight: 400\">\u00c9rtelmet ad a monoton \u00f3r\u00e1knak, amikor nincs mit tenned.<\/span><\/li>\n<\/ul>\n<p><span style=\"font-weight: 400\">V\u00e1lassza az 1000 darabos puzzle-t <\/span><span style=\"font-weight: 400\">Chambord kast\u00e9ly \u00e9s \u00e9lvezze a kirak\u00f3s j\u00e1t\u00e9k minden el\u0151ny\u00e9t. Fedezze fel az 1000 darabos francia kast\u00e9lyok kirak\u00f3s teljes v\u00e1laszt\u00e9k\u00e1t, rakja \u00f6ssze a k\u00e9peket, \u00e9s hozza l\u00e9tre saj\u00e1t k\u00fcl\u00f6nleges gy\u0171jtem\u00e9ny\u00e9t leny\u0171g\u00f6z\u0151 c\u00e9lokkal.<\/span><\/p><\/p>\n","protected":false},"excerpt":{"rendered":"<p>Induljon el egy leny\u0171g\u00f6z\u0151 utaz\u00e1sra a Loire-v\u00f6lgyben, \u00e9s fedezze fel a k\u00f6rny\u00e9k legh\u00edresebb francia kast\u00e9ly\u00e1t az 1000 darabos Chambord kast\u00e9ly<\/p>\n","protected":false},"featured_media":33041,"template":"","meta":[],"product_brand":[],"product_cat":[1881,1919,1920],"product_tag":[],"class_list":{"0":"post-42591","1":"product","2":"type-product","3":"status-publish","4":"has-post-thumbnail","6":"product_cat-kirakos-jatekok","7":"product_cat-felnott-kirakos-jatekok","8":"product_cat-1000-darabos-kirakos-jatek","9":"pa_bax-10-hu","10":"pa_brand-d_toys-hu","11":"pa_country_of_manufacture-ro-hu","12":"pa_filter_age-14-hu","13":"pa_painter-francia-kastelyok","14":"pa_tip_ambalaj-doboz","15":"pa_tip_puzzle-klasszikus","17":"first","18":"instock","19":"taxable","20":"shipping-taxable","21":"product-type-simple"},"yoast_head":"<!-- This site is optimized with the Yoast SEO plugin v20.1 - https:\/\/yoast.com\/wordpress\/plugins\/seo\/ -->\n<title>Feln\u0151tt 1000 darabos francia kast\u00e9ly puzzle - Chambord kast\u00e9ly<\/title>\n<meta name=\"description\" content=\"Feln\u0151tt 1000 darabos francia kast\u00e9ly puzzle - Chambord kast\u00e9ly\" \/>\n<meta name=\"robots\" content=\"index, follow, max-snippet:-1, max-image-preview:large, max-video-preview:-1\" \/>\n<link rel=\"canonical\" href=\"https:\/\/business.roovi.com\/hu\/felnott-1000-darabos-francia-kastely-puzzle-chambord-kastely\/p\/\" \/>\n<meta property=\"og:locale\" content=\"hu_HU\" \/>\n<meta property=\"og:type\" content=\"article\" \/>\n<meta property=\"og:title\" content=\"Feln\u0151tt 1000 darabos francia kast\u00e9ly puzzle - Chambord kast\u00e9ly\" \/>\n<meta property=\"og:description\" content=\"Feln\u0151tt 1000 darabos francia kast\u00e9ly puzzle - Chambord kast\u00e9ly\" \/>\n<meta property=\"og:url\" content=\"https:\/\/business.roovi.com\/hu\/felnott-1000-darabos-francia-kastely-puzzle-chambord-kastely\/p\/\" \/>\n<meta property=\"og:site_name\" content=\"Roovi B2B\" \/>\n<meta property=\"article:publisher\" content=\"https:\/\/www.facebook.com\/wwwjucariero\" \/>\n<meta property=\"article:modified_time\" content=\"2022-07-06T19:49:34+00:00\" \/>\n<meta property=\"og:image\" content=\"https:\/\/business.roovi.com\/wp-content\/uploads\/2018\/04\/67562-01-ansamblu_dimensiuni-cutie-cm_orizontal.png\" \/>\n\t<meta property=\"og:image:width\" content=\"900\" \/>\n\t<meta property=\"og:image:height\" content=\"900\" \/>\n\t<meta property=\"og:image:type\" content=\"image\/png\" \/>\n<meta name=\"twitter:label1\" content=\"Becs\u00fclt olvas\u00e1si id\u0151\" \/>\n\t<meta name=\"twitter:data1\" content=\"4 perc\" \/>\n<script type=\"application\/ld+json\" class=\"yoast-schema-graph\">{\"@context\":\"https:\/\/schema.org\",\"@graph\":[{\"@type\":\"WebPage\",\"@id\":\"https:\/\/business.roovi.com\/hu\/felnott-1000-darabos-francia-kastely-puzzle-chambord-kastely\/p\/\",\"url\":\"https:\/\/business.roovi.com\/hu\/felnott-1000-darabos-francia-kastely-puzzle-chambord-kastely\/p\/\",\"name\":\"Feln\u0151tt 1000 darabos francia kast\u00e9ly puzzle - Chambord kast\u00e9ly\",\"isPartOf\":{\"@id\":\"https:\/\/business.roovi.com\/hu\/#website\"},\"datePublished\":\"2018-04-16T10:56:16+00:00\",\"dateModified\":\"2022-07-06T19:49:34+00:00\",\"description\":\"Feln\u0151tt 1000 darabos francia kast\u00e9ly puzzle - Chambord kast\u00e9ly\",\"breadcrumb\":{\"@id\":\"https:\/\/business.roovi.com\/hu\/felnott-1000-darabos-francia-kastely-puzzle-chambord-kastely\/p\/#breadcrumb\"},\"inLanguage\":\"hu\",\"potentialAction\":[{\"@type\":\"ReadAction\",\"target\":[\"https:\/\/business.roovi.com\/hu\/felnott-1000-darabos-francia-kastely-puzzle-chambord-kastely\/p\/\"]}]},{\"@type\":\"BreadcrumbList\",\"@id\":\"https:\/\/business.roovi.com\/hu\/felnott-1000-darabos-francia-kastely-puzzle-chambord-kastely\/p\/#breadcrumb\",\"itemListElement\":[{\"@type\":\"ListItem\",\"position\":1,\"name\":\"Home\",\"item\":\"https:\/\/business.roovi.com\/hu\/\"},{\"@type\":\"ListItem\",\"position\":2,\"name\":\"Shop\",\"item\":\"https:\/\/business.roovi.com\/hu\/shop\/\"},{\"@type\":\"ListItem\",\"position\":3,\"name\":\"Feln\u0151tt 1000 darabos francia kast\u00e9ly puzzle &#8211; Chambord kast\u00e9ly\"}]},{\"@type\":\"WebSite\",\"@id\":\"https:\/\/business.roovi.com\/hu\/#website\",\"url\":\"https:\/\/business.roovi.com\/hu\/\",\"name\":\"Roovi B2B\",\"description\":\"Roovi Business Website\",\"potentialAction\":[{\"@type\":\"SearchAction\",\"target\":{\"@type\":\"EntryPoint\",\"urlTemplate\":\"https:\/\/business.roovi.com\/hu\/?s={search_term_string}\"},\"query-input\":\"required name=search_term_string\"}],\"inLanguage\":\"hu\"}]}<\/script>\n<!-- \/ Yoast SEO plugin. -->","yoast_head_json":{"title":"Feln\u0151tt 1000 darabos francia kast\u00e9ly puzzle - Chambord kast\u00e9ly","description":"Feln\u0151tt 1000 darabos francia kast\u00e9ly puzzle - Chambord kast\u00e9ly","robots":{"index":"index","follow":"follow","max-snippet":"max-snippet:-1","max-image-preview":"max-image-preview:large","max-video-preview":"max-video-preview:-1"},"canonical":"https:\/\/business.roovi.com\/hu\/felnott-1000-darabos-francia-kastely-puzzle-chambord-kastely\/p\/","og_locale":"hu_HU","og_type":"article","og_title":"Feln\u0151tt 1000 darabos francia kast\u00e9ly puzzle - Chambord kast\u00e9ly","og_description":"Feln\u0151tt 1000 darabos francia kast\u00e9ly puzzle - Chambord kast\u00e9ly","og_url":"https:\/\/business.roovi.com\/hu\/felnott-1000-darabos-francia-kastely-puzzle-chambord-kastely\/p\/","og_site_name":"Roovi B2B","article_publisher":"https:\/\/www.facebook.com\/wwwjucariero","article_modified_time":"2022-07-06T19:49:34+00:00","og_image":[{"width":900,"height":900,"url":"https:\/\/business.roovi.com\/wp-content\/uploads\/2018\/04\/67562-01-ansamblu_dimensiuni-cutie-cm_orizontal.png","type":"image\/png"}],"twitter_misc":{"Becs\u00fclt olvas\u00e1si id\u0151":"4 perc"},"schema":{"@context":"https:\/\/schema.org","@graph":[{"@type":"WebPage","@id":"https:\/\/business.roovi.com\/hu\/felnott-1000-darabos-francia-kastely-puzzle-chambord-kastely\/p\/","url":"https:\/\/business.roovi.com\/hu\/felnott-1000-darabos-francia-kastely-puzzle-chambord-kastely\/p\/","name":"Feln\u0151tt 1000 darabos francia kast\u00e9ly puzzle - Chambord kast\u00e9ly","isPartOf":{"@id":"https:\/\/business.roovi.com\/hu\/#website"},"datePublished":"2018-04-16T10:56:16+00:00","dateModified":"2022-07-06T19:49:34+00:00","description":"Feln\u0151tt 1000 darabos francia kast\u00e9ly puzzle - Chambord kast\u00e9ly","breadcrumb":{"@id":"https:\/\/business.roovi.com\/hu\/felnott-1000-darabos-francia-kastely-puzzle-chambord-kastely\/p\/#breadcrumb"},"inLanguage":"hu","potentialAction":[{"@type":"ReadAction","target":["https:\/\/business.roovi.com\/hu\/felnott-1000-darabos-francia-kastely-puzzle-chambord-kastely\/p\/"]}]},{"@type":"BreadcrumbList","@id":"https:\/\/business.roovi.com\/hu\/felnott-1000-darabos-francia-kastely-puzzle-chambord-kastely\/p\/#breadcrumb","itemListElement":[{"@type":"ListItem","position":1,"name":"Home","item":"https:\/\/business.roovi.com\/hu\/"},{"@type":"ListItem","position":2,"name":"Shop","item":"https:\/\/business.roovi.com\/hu\/shop\/"},{"@type":"ListItem","position":3,"name":"Feln\u0151tt 1000 darabos francia kast\u00e9ly puzzle &#8211; Chambord kast\u00e9ly"}]},{"@type":"WebSite","@id":"https:\/\/business.roovi.com\/hu\/#website","url":"https:\/\/business.roovi.com\/hu\/","name":"Roovi B2B","description":"Roovi Business Website","potentialAction":[{"@type":"SearchAction","target":{"@type":"EntryPoint","urlTemplate":"https:\/\/business.roovi.com\/hu\/?s={search_term_string}"},"query-input":"required name=search_term_string"}],"inLanguage":"hu"}]}},"_links":{"self":[{"href":"https:\/\/business.roovi.com\/hu\/wp-json\/wp\/v2\/product\/42591","targetHints":{"allow":["GET"]}}],"collection":[{"href":"https:\/\/business.roovi.com\/hu\/wp-json\/wp\/v2\/product"}],"about":[{"href":"https:\/\/business.roovi.com\/hu\/wp-json\/wp\/v2\/types\/product"}],"version-history":[{"count":0,"href":"https:\/\/business.roovi.com\/hu\/wp-json\/wp\/v2\/product\/42591\/revisions"}],"wp:featuredmedia":[{"embeddable":true,"href":"https:\/\/business.roovi.com\/hu\/wp-json\/wp\/v2\/media\/33041"}],"wp:attachment":[{"href":"https:\/\/business.roovi.com\/hu\/wp-json\/wp\/v2\/media?parent=42591"}],"wp:term":[{"taxonomy":"product_brand","embeddable":true,"href":"https:\/\/business.roovi.com\/hu\/wp-json\/wp\/v2\/product_brand?post=42591"},{"taxonomy":"product_cat","embeddable":true,"href":"https:\/\/business.roovi.com\/hu\/wp-json\/wp\/v2\/product_cat?post=42591"},{"taxonomy":"product_tag","embeddable":true,"href":"https:\/\/business.roovi.com\/hu\/wp-json\/wp\/v2\/product_tag?post=42591"}],"curies":[{"name":"wp","href":"https:\/\/api.w.org\/{rel}","templated":true}]}}