{"id":42599,"date":"2018-04-16T10:56:16","date_gmt":"2018-04-16T10:56:16","guid":{"rendered":"https:\/\/business.roovi.com\/puzzle-adulti-1000-piese-pierre-auguste-renoir-two-sisters-on-the-terrace\/p\/"},"modified":"2022-07-06T19:49:51","modified_gmt":"2022-07-06T19:49:51","slug":"pierre-auguste-renoir-1000-darabos-felnott-puzzle-ket-nover-a-teraszon","status":"publish","type":"product","link":"https:\/\/business.roovi.com\/hu\/pierre-auguste-renoir-1000-darabos-felnott-puzzle-ket-nover-a-teraszon\/p\/","title":{"rendered":"Pierre-Auguste Renoir 1000 darabos feln\u0151tt puzzle &#8211; K\u00e9t n\u0151v\u00e9r (A teraszon)"},"content":{"rendered":"<p><span style=\"font-weight: 400\">\u00c9rezd \u00e1t a legh\u00edresebb m\u0171alkot\u00e1sok izgalm\u00e1t a m\u0171v\u00e9szeti kirak\u00f3sok gy\u0171jtem\u00e9ny\u00e9b\u0151l sz\u00e1rmaz\u00f3 1000 darabos puzzle seg\u00edts\u00e9g\u00e9vel! \u00c1ll\u00edtsd \u00fajra \u00f6ssze a feln\u0151tt kirak\u00f3sokb\u00f3l sz\u00e1rmaz\u00f3 leny\u0171g\u00f6z\u0151 k\u00e9peket, \u00e9s k\u00e9sz\u00edts egyedi festm\u00e9nyeket, amelyek kifinomult \u00e9s eleg\u00e1ns hangulatot k\u00f6lcs\u00f6n\u00f6znek otthonodnak.<\/span><\/p>\n<p><span style=\"font-weight: 400\">Pierre-Auguste Renoir mester nem hi\u00e1nyozhatott a m\u0171v\u00e9szeti rejtv\u00e9nyek gy\u0171jtem\u00e9ny\u00e9b\u0151l. Az 1000 darabos K\u00e9t n\u0151v\u00e9r (A teraszon) puzzle a fiatals\u00e1g \u00e9s a rem\u00e9ny kifejez\u00e9s\u00e9t \u00f6r\u00f6k\u00edti meg a m\u0171v\u00e9sz h\u00edres festm\u00e9ny\u00e9n. Renoir kiv\u00e9teles \u00fcgyess\u00e9ggel \u00e9s a r\u00e9szletekre val\u00f3 odafigyel\u00e9ssel alkotta meg a sz\u00ednek \u00e9s az egyens\u00faly e remekm\u0171v\u00e9t. Neked is lehet egy, az eredetihez felt\u0171n\u0151en hasonl\u00f3 m\u00e1solatod ezzel a csod\u00e1latos 1000 darabos K\u00e9t n\u0151v\u00e9r a teraszon kirak\u00f3val.<\/span><\/p>\n<p><span style=\"font-weight: 400\">Olvasson t\u00f6bbet a Pierre-Auguste Renoir &#8211; K\u00e9t n\u0151v\u00e9r (A teraszon) m\u0171v\u00e9szeti puzzle jellemz\u0151ir\u0151l az al\u00e1bbiakban:<\/span><\/p>\n<p><strong>Rekonstru\u00e1lt k\u00e9p m\u00e9rete: 50 x 70 cm<\/strong><span style=\"font-weight: 400\">. Egy k\u00f6z\u00f6ns\u00e9ges doh\u00e1nyz\u00f3asztalt is haszn\u00e1lhatsz a festm\u00e9ny \u00fajraalkot\u00e1s\u00e1hoz.<\/span><\/p>\n<p><strong>Puzzle anyag <\/strong><\/p>\n<p><strong>kiv\u00e1l\u00f3 min\u0151s\u00e9g\u0171 k\u00e9k karton<\/strong><\/p>\n<p><strong>fenntarthat\u00f3, \u00fajrahasznos\u00edthat\u00f3 anyagok<\/strong><\/p>\n<p><strong>f\u00e9lf\u00e9nyes kivitel, \u00e9l\u00e9nk sz\u00ednek<\/strong><\/p>\n<p><strong>A kirak\u00f3s darabok sz\u00e1ma: 1000<\/strong><\/p>\n<p><strong>Aj\u00e1nlott \u00e9letkor: 14+<\/strong><\/p>\n<p><strong>Milyen k\u00e9szs\u00e9geket fejlesztenek a feln\u0151tt rejtv\u00e9nyek?<\/strong><\/p>\n<p><span style=\"font-weight: 400\">A kirak\u00f3s j\u00e1t\u00e9kok nagyszer\u0171 m\u00f3dja a sz\u00f3rakoz\u00e1snak, valamint a tanul\u00e1snak \u00e9s a k\u00e9szs\u00e9gek fejleszt\u00e9s\u00e9nek, mint p\u00e9ld\u00e1ul:<\/span><\/p>\n<p><strong>Az \u00faj kih\u00edv\u00e1sok elfogad\u00e1s\u00e1nak k\u00e9pess\u00e9ge<\/strong><span style=\"font-weight: 400\">. Sokan k\u00f6z\u00fcl\u00fcnk vonakodnak a v\u00e1ltoz\u00e1st\u00f3l \u00e9s az \u00faj kih\u00edv\u00e1sokt\u00f3l. A feln\u0151tt rejtv\u00e9nyek pihentet\u0151 m\u00f3don kiz\u00f6kkentik \u00d6nt a komfortz\u00f3n\u00e1j\u00e1b\u00f3l, \u00e9s sosem tudhatja, mikor fogja mag\u00e1t azon kapni, hogy k\u00e9ptelen elengedni. \u00cdgy a kih\u00edv\u00e1sokat term\u00e9szetes m\u00f3don, a kudarct\u00f3l val\u00f3 f\u00e9lelem n\u00e9lk\u00fcl fogadj\u00e1k el. A rejtv\u00e9nyj\u00e1t\u00e9kok abban is seg\u00edthetnek, hogy k\u00f6nnyebben kezelje a neh\u00e9z helyzeteket, \u00e9s k\u00f6nnyebben kezelje a frusztr\u00e1ci\u00f3t.<\/span><\/p>\n<p><strong>Figyelem a r\u00e9szletekre <\/strong><span style=\"font-weight: 400\">Amikor el\u0151sz\u00f6r r\u00e1n\u00e9zel egy 1000 darabos kirak\u00f3s t\u00f6bb sz\u00e1z darabj\u00e1ra, \u00fagy t\u0171nik, mintha semmi sem k\u00fcl\u00f6nb\u00f6ztetn\u00e9 meg \u0151ket. Ahogy egyre t\u00f6bb \u00e9s t\u00f6bb k\u00e9pet dolgozol \u00e1t, ez a r\u00e9szlet\u00e9rz\u00e9k fejl\u0151dik, \u00e9s az 1000 puzzle-darab finomabb sz\u00edn\u00e1rnyalatait vagy form\u00e1it is \u00e9szre fogod venni. Ez a k\u00e9szs\u00e9g sz\u00e1mos mindennapi tev\u00e9kenys\u00e9gben hasznos, \u00e9s ahogy fejleszti ezt a k\u00e9szs\u00e9get, \u00fagy fogja \u00e9lvezni az apr\u00f3 mindennapi sikereket.<\/span><\/p>\n<p><strong>Kitart\u00e1s.<\/strong><span style=\"font-weight: 400\"> Nem k\u00f6nny\u0171 \u00fajraalkotni az 1000 darabos kirak\u00f3sok k\u00e9peit, de ha egyszer elkap a szenved\u00e9ly, nem adod fel, am\u00edg a k\u00e9p el nem k\u00e9sz\u00fcl. Gyakorolni fogod a kitart\u00e1st, \u00e9s ugyanezt fogod tenni m\u00e1s \u00e9lethelyzetekben is.<\/span><\/p>\n<p><strong>Csapatszellem <\/strong><span style=\"font-weight: 400\">A kirak\u00f3s j\u00e1t\u00e9kokat a csal\u00e1ddal vagy a bar\u00e1tokkal lehet j\u00e1tszani. Ahol sokan vannak, ott n\u0151 az er\u0151, \u00e9s egy 1000 darabos kirak\u00f3s j\u00e1t\u00e9k megold\u00e1sa sor\u00e1n min\u00e9l t\u00f6bben vesznek r\u00e9szt, ann\u00e1l nagyobb az es\u00e9lye annak, hogy a kirak\u00f3s j\u00e1t\u00e9k gyorsabban befejez\u0151dik. A csapatos kirak\u00f3s j\u00e1t\u00e9k lehet\u0151v\u00e9 teszi, hogy kommunik\u00e1lj \u00e9s egy\u00fcttm\u0171k\u00f6dj m\u00e1s partnerekkel, \u00e9s a k\u00f6z\u00f6s \u00f6r\u00f6m a v\u00e9g\u00e9n m\u00e9g nagyobb, ha a szeretteiddel osztozol rajta <\/span><\/p>\n<p><strong>Renoirr\u00f3l \u00e9s a <\/strong><strong><em>K\u00e9t n\u0151v\u00e9r <\/em><\/strong><strong>tudtad&#8230;<\/strong><\/p>\n<p><span style=\"font-weight: 400\">A val\u00f3s\u00e1gban a festm\u00e9nyen l\u00e1that\u00f3 k\u00e9t l\u00e1ny nem volt testv\u00e9r.<\/span><\/p>\n<p><span style=\"font-weight: 400\">A festm\u00e9ny nev\u00e9t Renoir keresked\u0151je adta<\/span> <span style=\"font-weight: 400\">aki 1882-ben ki\u00e1ll\u00edtotta a k\u00e9pet az impresszionista ki\u00e1ll\u00edt\u00e1son.<\/span><\/p>\n<p><span style=\"font-weight: 400\">Renoir hossz\u00fa, k\u00f6zel 60 \u00e9ves m\u0171v\u00e9szi karriert futott be, \u00e9s \u00e9lete utols\u00f3 pillanat\u00e1ig festett.<\/span><\/p>\n<p><span style=\"font-weight: 400\">Egyes kritikusok minden id\u0151k legnagyobb portr\u00e9fest\u0151j\u00e9nek tartj\u00e1k <\/span><\/p>\n<p><span style=\"font-weight: 400\">\u0150t h\u00edvt\u00e1k <\/span><em><span style=\"font-weight: 400\">&#8222;<\/span><\/em><em><span style=\"font-weight: 400\">egy olyan hagyom\u00e1ny utols\u00f3 k\u00e9pvisel\u0151je, amely k\u00f6zvetlen\u00fcl Rubens-t\u0151l Watteau-ig terjed<\/span><\/em><em><span style=\"font-weight: 400\">&#8222;.<\/span><\/em><\/p>\n<p><strong>A m\u0171v\u00e9szeti rejtv\u00e9nyek fejlesztik az eszt\u00e9tikai \u00e9rz\u00e9ket<\/strong><\/p>\n<p><span style=\"font-weight: 400\">A m\u0171v\u00e9szi rejtv\u00e9nyek k\u00e9peinek \u00e1tdolgoz\u00e1sa lehet\u0151s\u00e9get ny\u00fajt a kikapcsol\u00f3d\u00e1sra \u00e9s a tanul\u00e1sra is. A m\u0171v\u00e9szeti rejtv\u00e9nyek kaput nyitnak a sz\u00e9ps\u00e9g fel\u00e9, \u00e9s arra \u00f6szt\u00f6n\u00f6znek, hogy t\u00f6bbet tudj meg a m\u0171alkot\u00e1sokr\u00f3l vagy a h\u00edres m\u0171v\u00e9szek \u00e9let\u00e9r\u0151l, akiknek festm\u00e9nyei halhatatlanok maradtak a t\u00f6rt\u00e9nelem sor\u00e1n.<\/span><\/p>\n<p><strong>M\u0171v\u00e9szeti rejtv\u00e9nyek sz\u00e9p\u00edtik otthon\u00e1t<\/strong><\/p>\n<p><span style=\"font-weight: 400\">\u00c1ll\u00edtsd \u00f6ssze a m\u0171v\u00e9szi rejtv\u00e9nyeket, keretezd be a k\u00e9pet, \u00e9s m\u00e1ris egy k\u00fcl\u00f6nleges festm\u00e9nyed lesz, amely eleganci\u00e1t \u00e9s kifinomults\u00e1got k\u00f6lcs\u00f6n\u00f6z otthonodnak. Fedezze fel a m\u0171v\u00e9szeti rejtv\u00e9nyek gy\u0171jtem\u00e9ny\u00e9ben a renesz\u00e1nszt\u00f3l a kort\u00e1rsakig minden korszakb\u00f3l sz\u00e1rmaz\u00f3 h\u00edres festm\u00e9nyek k\u00e9peit, v\u00e1lassza ki kedvenc 1000 darabos rejtv\u00e9ny\u00e9t, \u00e9s hozza l\u00e9tre saj\u00e1t m\u0171v\u00e9szeti gy\u0171jtem\u00e9ny\u00e9t.<\/span><\/p>\n<p><span style=\"font-weight: 400\">V\u00e1s\u00e1rolja meg most a Pierre-Auguste Renoir &#8211; K\u00e9t n\u0151v\u00e9r (A teraszon) 1000 darabos kirak\u00f3s j\u00e1t\u00e9kot, \u00e9s \u00e1ll\u00edtsa \u00f6ssze a sz\u00e9ps\u00e9ggel \u00e9s \u00e9rz\u00e9kis\u00e9ggel teli festm\u00e9nyt. Ez a csod\u00e1latos m\u0171v\u00e9szi puzzle csod\u00e1latos aj\u00e1nd\u00e9k lehet szeretteinek \u00e9vfordul\u00f3k alkalm\u00e1val.<\/span><\/p>\n","protected":false},"excerpt":{"rendered":"<p>\u00c9rezd \u00e1t a legh\u00edresebb m\u0171alkot\u00e1sok izgalm\u00e1t a m\u0171v\u00e9szeti kirak\u00f3sok gy\u0171jtem\u00e9ny\u00e9b\u0151l sz\u00e1rmaz\u00f3 1000 darabos puzzle seg\u00edts\u00e9g\u00e9vel! \u00c1ll\u00edtsd \u00fajra \u00f6ssze a feln\u0151tt<\/p>\n","protected":false},"featured_media":62973,"template":"","meta":[],"product_brand":[],"product_cat":[1920,1919,1881],"product_tag":[],"class_list":{"0":"post-42599","1":"product","2":"type-product","3":"status-publish","4":"has-post-thumbnail","6":"product_cat-1000-darabos-kirakos-jatek","7":"product_cat-felnott-kirakos-jatekok","8":"product_cat-kirakos-jatekok","9":"pa_bax-10-hu","10":"pa_brand-d_toys-hu","11":"pa_country_of_manufacture-ro-hu","12":"pa_filter_age-14-hu","13":"pa_painter-pierreaugusterenoir-hu","14":"pa_tip_ambalaj-doboz","15":"pa_tip_puzzle-klasszikus","17":"first","18":"instock","19":"taxable","20":"shipping-taxable","21":"product-type-simple"},"yoast_head":"<!-- This site is optimized with the Yoast SEO plugin v20.1 - https:\/\/yoast.com\/wordpress\/plugins\/seo\/ -->\n<title>Pierre-Auguste Renoir 1000 darabos feln\u0151tt puzzle - K\u00e9t n\u0151v\u00e9r (A teraszon)<\/title>\n<meta name=\"description\" content=\"Pierre-Auguste Renoir 1000 darabos feln\u0151tt puzzle - K\u00e9t n\u0151v\u00e9r (A teraszon)\" \/>\n<meta name=\"robots\" content=\"index, follow, max-snippet:-1, max-image-preview:large, max-video-preview:-1\" \/>\n<link rel=\"canonical\" href=\"https:\/\/business.roovi.com\/hu\/pierre-auguste-renoir-1000-darabos-felnott-puzzle-ket-nover-a-teraszon\/p\/\" \/>\n<meta property=\"og:locale\" content=\"hu_HU\" \/>\n<meta property=\"og:type\" content=\"article\" \/>\n<meta property=\"og:title\" content=\"Pierre-Auguste Renoir 1000 darabos feln\u0151tt puzzle - K\u00e9t n\u0151v\u00e9r (A teraszon)\" \/>\n<meta property=\"og:description\" content=\"Pierre-Auguste Renoir 1000 darabos feln\u0151tt puzzle - K\u00e9t n\u0151v\u00e9r (A teraszon)\" \/>\n<meta property=\"og:url\" content=\"https:\/\/business.roovi.com\/hu\/pierre-auguste-renoir-1000-darabos-felnott-puzzle-ket-nover-a-teraszon\/p\/\" \/>\n<meta property=\"og:site_name\" content=\"Roovi B2B\" \/>\n<meta property=\"article:publisher\" content=\"https:\/\/www.facebook.com\/wwwjucariero\" \/>\n<meta property=\"article:modified_time\" content=\"2022-07-06T19:49:51+00:00\" \/>\n<meta property=\"og:image\" content=\"https:\/\/business.roovi.com\/wp-content\/uploads\/2018\/04\/66909-01_ansamblu_dimensiuni_cutie_cm_1200x1200.png\" \/>\n\t<meta property=\"og:image:width\" content=\"1200\" \/>\n\t<meta property=\"og:image:height\" content=\"1200\" \/>\n\t<meta property=\"og:image:type\" content=\"image\/png\" \/>\n<meta name=\"twitter:label1\" content=\"Becs\u00fclt olvas\u00e1si id\u0151\" \/>\n\t<meta name=\"twitter:data1\" content=\"5 perc\" \/>\n<script type=\"application\/ld+json\" class=\"yoast-schema-graph\">{\"@context\":\"https:\/\/schema.org\",\"@graph\":[{\"@type\":\"WebPage\",\"@id\":\"https:\/\/business.roovi.com\/hu\/pierre-auguste-renoir-1000-darabos-felnott-puzzle-ket-nover-a-teraszon\/p\/\",\"url\":\"https:\/\/business.roovi.com\/hu\/pierre-auguste-renoir-1000-darabos-felnott-puzzle-ket-nover-a-teraszon\/p\/\",\"name\":\"Pierre-Auguste Renoir 1000 darabos feln\u0151tt puzzle - K\u00e9t n\u0151v\u00e9r (A teraszon)\",\"isPartOf\":{\"@id\":\"https:\/\/business.roovi.com\/hu\/#website\"},\"datePublished\":\"2018-04-16T10:56:16+00:00\",\"dateModified\":\"2022-07-06T19:49:51+00:00\",\"description\":\"Pierre-Auguste Renoir 1000 darabos feln\u0151tt puzzle - K\u00e9t n\u0151v\u00e9r (A teraszon)\",\"breadcrumb\":{\"@id\":\"https:\/\/business.roovi.com\/hu\/pierre-auguste-renoir-1000-darabos-felnott-puzzle-ket-nover-a-teraszon\/p\/#breadcrumb\"},\"inLanguage\":\"hu\",\"potentialAction\":[{\"@type\":\"ReadAction\",\"target\":[\"https:\/\/business.roovi.com\/hu\/pierre-auguste-renoir-1000-darabos-felnott-puzzle-ket-nover-a-teraszon\/p\/\"]}]},{\"@type\":\"BreadcrumbList\",\"@id\":\"https:\/\/business.roovi.com\/hu\/pierre-auguste-renoir-1000-darabos-felnott-puzzle-ket-nover-a-teraszon\/p\/#breadcrumb\",\"itemListElement\":[{\"@type\":\"ListItem\",\"position\":1,\"name\":\"Home\",\"item\":\"https:\/\/business.roovi.com\/hu\/\"},{\"@type\":\"ListItem\",\"position\":2,\"name\":\"Shop\",\"item\":\"https:\/\/business.roovi.com\/hu\/shop\/\"},{\"@type\":\"ListItem\",\"position\":3,\"name\":\"Pierre-Auguste Renoir 1000 darabos feln\u0151tt puzzle &#8211; K\u00e9t n\u0151v\u00e9r (A teraszon)\"}]},{\"@type\":\"WebSite\",\"@id\":\"https:\/\/business.roovi.com\/hu\/#website\",\"url\":\"https:\/\/business.roovi.com\/hu\/\",\"name\":\"Roovi B2B\",\"description\":\"Roovi Business Website\",\"potentialAction\":[{\"@type\":\"SearchAction\",\"target\":{\"@type\":\"EntryPoint\",\"urlTemplate\":\"https:\/\/business.roovi.com\/hu\/?s={search_term_string}\"},\"query-input\":\"required name=search_term_string\"}],\"inLanguage\":\"hu\"}]}<\/script>\n<!-- \/ Yoast SEO plugin. -->","yoast_head_json":{"title":"Pierre-Auguste Renoir 1000 darabos feln\u0151tt puzzle - K\u00e9t n\u0151v\u00e9r (A teraszon)","description":"Pierre-Auguste Renoir 1000 darabos feln\u0151tt puzzle - K\u00e9t n\u0151v\u00e9r (A teraszon)","robots":{"index":"index","follow":"follow","max-snippet":"max-snippet:-1","max-image-preview":"max-image-preview:large","max-video-preview":"max-video-preview:-1"},"canonical":"https:\/\/business.roovi.com\/hu\/pierre-auguste-renoir-1000-darabos-felnott-puzzle-ket-nover-a-teraszon\/p\/","og_locale":"hu_HU","og_type":"article","og_title":"Pierre-Auguste Renoir 1000 darabos feln\u0151tt puzzle - K\u00e9t n\u0151v\u00e9r (A teraszon)","og_description":"Pierre-Auguste Renoir 1000 darabos feln\u0151tt puzzle - K\u00e9t n\u0151v\u00e9r (A teraszon)","og_url":"https:\/\/business.roovi.com\/hu\/pierre-auguste-renoir-1000-darabos-felnott-puzzle-ket-nover-a-teraszon\/p\/","og_site_name":"Roovi B2B","article_publisher":"https:\/\/www.facebook.com\/wwwjucariero","article_modified_time":"2022-07-06T19:49:51+00:00","og_image":[{"width":1200,"height":1200,"url":"https:\/\/business.roovi.com\/wp-content\/uploads\/2018\/04\/66909-01_ansamblu_dimensiuni_cutie_cm_1200x1200.png","type":"image\/png"}],"twitter_misc":{"Becs\u00fclt olvas\u00e1si id\u0151":"5 perc"},"schema":{"@context":"https:\/\/schema.org","@graph":[{"@type":"WebPage","@id":"https:\/\/business.roovi.com\/hu\/pierre-auguste-renoir-1000-darabos-felnott-puzzle-ket-nover-a-teraszon\/p\/","url":"https:\/\/business.roovi.com\/hu\/pierre-auguste-renoir-1000-darabos-felnott-puzzle-ket-nover-a-teraszon\/p\/","name":"Pierre-Auguste Renoir 1000 darabos feln\u0151tt puzzle - K\u00e9t n\u0151v\u00e9r (A teraszon)","isPartOf":{"@id":"https:\/\/business.roovi.com\/hu\/#website"},"datePublished":"2018-04-16T10:56:16+00:00","dateModified":"2022-07-06T19:49:51+00:00","description":"Pierre-Auguste Renoir 1000 darabos feln\u0151tt puzzle - K\u00e9t n\u0151v\u00e9r (A teraszon)","breadcrumb":{"@id":"https:\/\/business.roovi.com\/hu\/pierre-auguste-renoir-1000-darabos-felnott-puzzle-ket-nover-a-teraszon\/p\/#breadcrumb"},"inLanguage":"hu","potentialAction":[{"@type":"ReadAction","target":["https:\/\/business.roovi.com\/hu\/pierre-auguste-renoir-1000-darabos-felnott-puzzle-ket-nover-a-teraszon\/p\/"]}]},{"@type":"BreadcrumbList","@id":"https:\/\/business.roovi.com\/hu\/pierre-auguste-renoir-1000-darabos-felnott-puzzle-ket-nover-a-teraszon\/p\/#breadcrumb","itemListElement":[{"@type":"ListItem","position":1,"name":"Home","item":"https:\/\/business.roovi.com\/hu\/"},{"@type":"ListItem","position":2,"name":"Shop","item":"https:\/\/business.roovi.com\/hu\/shop\/"},{"@type":"ListItem","position":3,"name":"Pierre-Auguste Renoir 1000 darabos feln\u0151tt puzzle &#8211; K\u00e9t n\u0151v\u00e9r (A teraszon)"}]},{"@type":"WebSite","@id":"https:\/\/business.roovi.com\/hu\/#website","url":"https:\/\/business.roovi.com\/hu\/","name":"Roovi B2B","description":"Roovi Business Website","potentialAction":[{"@type":"SearchAction","target":{"@type":"EntryPoint","urlTemplate":"https:\/\/business.roovi.com\/hu\/?s={search_term_string}"},"query-input":"required name=search_term_string"}],"inLanguage":"hu"}]}},"_links":{"self":[{"href":"https:\/\/business.roovi.com\/hu\/wp-json\/wp\/v2\/product\/42599","targetHints":{"allow":["GET"]}}],"collection":[{"href":"https:\/\/business.roovi.com\/hu\/wp-json\/wp\/v2\/product"}],"about":[{"href":"https:\/\/business.roovi.com\/hu\/wp-json\/wp\/v2\/types\/product"}],"version-history":[{"count":0,"href":"https:\/\/business.roovi.com\/hu\/wp-json\/wp\/v2\/product\/42599\/revisions"}],"wp:featuredmedia":[{"embeddable":true,"href":"https:\/\/business.roovi.com\/hu\/wp-json\/wp\/v2\/media\/62973"}],"wp:attachment":[{"href":"https:\/\/business.roovi.com\/hu\/wp-json\/wp\/v2\/media?parent=42599"}],"wp:term":[{"taxonomy":"product_brand","embeddable":true,"href":"https:\/\/business.roovi.com\/hu\/wp-json\/wp\/v2\/product_brand?post=42599"},{"taxonomy":"product_cat","embeddable":true,"href":"https:\/\/business.roovi.com\/hu\/wp-json\/wp\/v2\/product_cat?post=42599"},{"taxonomy":"product_tag","embeddable":true,"href":"https:\/\/business.roovi.com\/hu\/wp-json\/wp\/v2\/product_tag?post=42599"}],"curies":[{"name":"wp","href":"https:\/\/api.w.org\/{rel}","templated":true}]}}