{"id":42611,"date":"2018-04-16T10:56:16","date_gmt":"2018-04-16T10:56:16","guid":{"rendered":"https:\/\/business.roovi.com\/puzzle-adulti-1000-piese-pieter-breughel-cel-tanar-spring-primavara\/p\/"},"modified":"2022-07-06T19:54:17","modified_gmt":"2022-07-06T19:54:17","slug":"felnott-puzzle-1000-darab-pieter-breughel-az-ifjabb-tavasz","status":"publish","type":"product","link":"https:\/\/business.roovi.com\/hu\/felnott-puzzle-1000-darab-pieter-breughel-az-ifjabb-tavasz\/p\/","title":{"rendered":"Feln\u0151tt puzzle 1000 darab Pieter Breughel az ifjabb &#8211; Tavasz"},"content":{"rendered":"<p><span style=\"font-weight: 400\">1000 darabos kirak\u00f3s j\u00e1t\u00e9kokat k\u00edn\u00e1lunk Rembrandt, Leonardo da Vinci \u00e9s sok m\u00e1s h\u00edres m\u0171v\u00e9sz h\u00edres festm\u00e9nyeir\u0151l. A feln\u0151tteknek sz\u00e1nt rejtv\u00e9nyek min\u0151s\u00e9gi anyagokb\u00f3l k\u00e9sz\u00fclnek, \u00e9s az eredeti m\u0171vek legapr\u00f3bb r\u00e9szleteit \u00f6r\u00f6k\u00edtik meg. B\u00f6ng\u00e9ssz a virtu\u00e1lis m\u0171v\u00e9szeti puzzle gy\u0171jtem\u00e9nyben, \u00e9s k\u00e9sz\u00edtsd el saj\u00e1t gy\u0171jtem\u00e9nyedet 1000 darabos puzzle festm\u00e9nyekb\u0151l!<\/span><\/p>\n<p><span style=\"font-weight: 400\">Gy\u0171jtem\u00e9nyedb\u0151l nem hi\u00e1nyozhat Pieter Brueghel the Younger &#8211; Tavasz\/Tavaszi 1000 darabos puzzle. Milyen lenne, ha mindig lenne egy 1000 darabos kirak\u00f3sokb\u00f3l \u00e1ll\u00f3 m\u0171v\u00e9szi rug\u00f3 a szob\u00e1d fal\u00e1n? Minden nap megcsod\u00e1lni a term\u00e9szet sz\u00ednpomp\u00e1j\u00e1t, kifinomults\u00e1g\u00e1t \u00e9s t\u00f6k\u00e9letess\u00e9g\u00e9t, amelyet az ifjabb Pieter Breughel nagyszer\u0171 keze t\u00f6k\u00e9letesen \u00e1br\u00e1zol, csakis gy\u00f6ny\u00f6rk\u00f6dtet\u0151 lehet. Sz\u00f3val l\u00e1ss munk\u00e1hoz, \u00e9s t\u00f6ltsd ki ezt a csod\u00e1latos 1000 darabos puzzle-t! Egy egyszer\u0171 doh\u00e1nyz\u00f3asztalra lesz sz\u00fcks\u00e9ged a munka befejez\u00e9s\u00e9hez, mert a v\u00e9gleges festm\u00e9ny 50 x 70 cm-es.<\/span><\/p>\n<p><span style=\"font-weight: 400\">A Pieter Brueghel the Younger &#8211; Spring 1000 darabos puzzle tov\u00e1bbi r\u00e9szletei \u00e9s jellemz\u0151i:<\/span><\/p>\n<p><span style=\"font-weight: 400\">Puzzle anyag <\/span><\/p>\n<p><strong>kiv\u00e1l\u00f3 min\u0151s\u00e9g\u0171 k\u00e9k karton<\/strong><\/p>\n<p><strong>fenntarthat\u00f3, \u00fajrahasznos\u00edthat\u00f3 anyagok<\/strong><\/p>\n<p><strong>f\u00e9lf\u00e9nyes kivitel, \u00e9l\u00e9nk sz\u00ednek<\/strong><\/p>\n<p><span style=\"font-weight: 400\">A kirak\u00f3s darabok sz\u00e1ma: 1000<\/span><\/p>\n<p><span style=\"font-weight: 400\">Aj\u00e1nlott \u00e9letkor: 14+<\/span><\/p>\n<p><strong>Az 1000 darabos kirak\u00f3s befejez\u00e9s\u00e9nek csod\u00e1latos el\u0151nyei<\/strong><\/p>\n<ul style=\"list-style-type: circle\">\n<li><span style=\"font-weight: 400\">Seg\u00edt jav\u00edtani a mem\u00f3ri\u00e1t<\/span><\/li>\n<li><span style=\"font-weight: 400\">Fejleszti a probl\u00e9m\u00e1k r\u00f6vid id\u0151n bel\u00fcli megold\u00e1s\u00e1nak k\u00e9pess\u00e9g\u00e9t<\/span><\/li>\n<li><span style=\"font-weight: 400\">Seg\u00edt fejleszteni a vizu\u00e1lis-t\u00e9rbeli k\u00e9szs\u00e9geket<\/span><\/li>\n<li><span style=\"font-weight: 400\">Tartsd eg\u00e9szs\u00e9gesen az agyad, mert ezek tartj\u00e1k m\u0171k\u00f6d\u00e9sben<\/span><\/li>\n<li><span style=\"font-weight: 400\">Jobban odafigyel a r\u00e9szletekre.<\/span><\/li>\n<li><span style=\"font-weight: 400\">Jav\u00edtj\u00e1k a hangulatot.<\/span><\/li>\n<\/ul>\n<p><strong>Ki az ifjabb Pieter Breughel?<\/strong><\/p>\n<ul style=\"list-style-type: circle\">\n<li><span style=\"font-weight: 400\">Az Art Puzzle Collection 1000 darabos kirak\u00f3s j\u00e1t\u00e9k\u00e1ban szerepl\u0151 Tavasz c\u00edm\u0171 festm\u00e9ny szerz\u0151je a h\u00edres id\u0151sebb Pieter Breughel fia.<\/span><\/li>\n<li><span style=\"font-weight: 400\">A h\u00edres Breughel-fest\u0151k dinaszti\u00e1j\u00e1nak tagja, akik a mai napig Belgiumban tev\u00e9kenykednek.<\/span><\/li>\n<li><span style=\"font-weight: 400\">\u00c1tvette apja sz\u00e1mos m\u0171v\u00e9t, k\u00f6zt\u00fck a sorozatot  <\/span><em><span style=\"font-weight: 400\">\u00c9vszakok<\/span><\/em><span style=\"font-weight: 400\">  amelyek k\u00f6z\u00fcl a <\/span><em><span style=\"font-weight: 400\">Tavaszi<\/span><\/em><span style=\"font-weight: 400\"> <\/span><\/li>\n<li><span style=\"font-weight: 400\">Szem\u00e9lyes jelleget adott a m\u0171veknek a <\/span><em><span style=\"font-weight: 400\">\u00c9vszakok<\/span><\/em><span style=\"font-weight: 400\">  a k\u00fcl\u00f6nb\u00f6z\u0151 anekdot\u00e1k r\u00e9v\u00e9n, amelyeket festm\u00e9nyeibe \u00e9p\u00edtett be.<\/span><\/li>\n<li><span style=\"font-weight: 400\">Az \u00c9vszakok ciklus az ifjabb Pieter Breughel idej\u00e9n \u00f3ri\u00e1si sikert aratott.<\/span><\/li>\n<\/ul>\n<p><strong>Kir\u00e1ly felfedezni a m\u0171v\u00e9szetet az 1000 darabos kirak\u00f3s j\u00e1t\u00e9kon kereszt\u00fcl!<\/strong><\/p>\n<p><span style=\"font-weight: 400\">&#8230; \u00c9s nem ez az egyetlen el\u0151nye annak, ha egy 1000 darabos kirak\u00f3j\u00e1t\u00e9kot t\u00f6lt ki a m\u0171v\u00e9szi kirak\u00f3s gy\u0171jtem\u00e9nyb\u0151l. Vegye figyelembe a k\u00f6vetkez\u0151 pozit\u00edvumokat is, amikor feln\u0151tt puzzle v\u00e1s\u00e1rl\u00e1s\u00e1n gondolkodik:<\/span><\/p>\n<p><strong>Jav\u00edtj\u00e1k a csapatmunk\u00e1ra val\u00f3 k\u00e9pess\u00e9get <\/strong><span style=\"font-weight: 400\">Egy 1000 darabos puzzle \u00f6ssze\u00e1ll\u00edt\u00e1sa megterhel\u0151 lehet, k\u00fcl\u00f6n\u00f6sen, ha kezd\u0151 vagy. H\u00edvd \u00f6ssze a bar\u00e1ti t\u00e1rsas\u00e1godat, \u00e9s fedezz\u00e9tek fel egy\u00fctt a kirak\u00f3s j\u00e1t\u00e9kok var\u00e1zs\u00e1t! Csapatban dolgozva az 1000 darabos puzzle t\u00e1bla pillanatok alatt elk\u00e9sz\u00fcl <\/span><\/p>\n<p><strong>Egy leny\u0171g\u00f6z\u0151, sz\u00ednekkel teli vil\u00e1gba kalauzol el <\/strong><span style=\"font-weight: 400\">M\u00e1s sz\u00f3val, seg\u00edt kreat\u00edvv\u00e1 v\u00e1lni. Az 1000 darabos puzzle kit\u00f6lt\u00e9s\u00e9vel az elm\u00e9ddel bel\u00e9psz a festm\u00e9ny t\u00f6rt\u00e9net\u00e9be, nem csak mechanikusan kit\u00f6ltesz egy feln\u0151tt puzzle-t.<\/span><\/p>\n<p><strong>N\u00f6veli a termel\u00e9kenys\u00e9get.<\/strong><span style=\"font-weight: 400\"> Tal\u00e1n kicsit fantasztikusan hangzik, de a m\u00f3dszeres, szervezett \u00e9s koncentr\u00e1lt munka egy 1000 darabos kirak\u00f3s j\u00e1t\u00e9kon olyan ment\u00e1lis programot hoz l\u00e9tre, amelyet k\u00e9s\u0151bb az \u00e9let m\u00e1s ter\u00fcletein, p\u00e9ld\u00e1ul a munk\u00e1ban is alkalmazni fog.<\/span><\/p>\n<p><strong>Meditat\u00edv \u00e1llapotba ker\u00fclsz t\u0151le<\/strong><span style=\"font-weight: 400\">. Amikor egy 1000 darabos kirak\u00f3sra koncentr\u00e1lsz, az elm\u00e9d felszabadul minden m\u00e1s gondod al\u00f3l, \u00e9s egyetlen c\u00e9lra \u00f6sszpontos\u00edt: a m\u0171alkot\u00e1s \u00fajraalkot\u00e1s\u00e1ra. Ez az \u00e1llapot hasonl\u00edt a meditat\u00edvhoz, \u00e9s j\u00f3t\u00e9konyan hat a ment\u00e1lis eg\u00e9szs\u00e9gre.<\/span><\/p>\n<p><span style=\"font-weight: 400\">V\u00e1s\u00e1roljon 1000 db Pieter Brueghel the Younger &#8211; Tavasz c\u00edm\u0171 k\u00e9pet \u00e9s k\u00e9sz\u00edtsen saj\u00e1t, kiv\u00e9teles d\u00edszt\u00e1rgyat! Keretezd be a k\u00e9pet, amit ebb\u0151l a csod\u00e1latos feln\u0151tt puzzle-b\u0151l kapsz, \u00e9s \u00e9lvezd a sz\u00ednek var\u00e1zs\u00e1t minden nap.<\/span><\/p>\n<p><span style=\"font-weight: 400\">Ez a kirak\u00f3s j\u00e1t\u00e9k nagyszer\u0171 aj\u00e1nd\u00e9k lehet, ha arra gondolsz, hogy kellemesen meglepsz egy bar\u00e1todat, aki szenved\u00e9lyesen szereti az 1000 darabos kirak\u00f3s j\u00e1t\u00e9kokat, vagy valakit a csal\u00e1dban.<\/span><\/p><\/p>\n","protected":false},"excerpt":{"rendered":"<p>1000 darabos kirak\u00f3s j\u00e1t\u00e9kokat k\u00edn\u00e1lunk Rembrandt, Leonardo da Vinci \u00e9s sok m\u00e1s h\u00edres m\u0171v\u00e9sz h\u00edres festm\u00e9nyeir\u0151l. A feln\u0151tteknek sz\u00e1nt rejtv\u00e9nyek<\/p>\n","protected":false},"featured_media":63147,"template":"","meta":[],"product_brand":[],"product_cat":[1881,1919,1920],"product_tag":[],"class_list":{"0":"post-42611","1":"product","2":"type-product","3":"status-publish","4":"has-post-thumbnail","6":"product_cat-kirakos-jatekok","7":"product_cat-felnott-kirakos-jatekok","8":"product_cat-1000-darabos-kirakos-jatek","9":"pa_bax-10-hu","10":"pa_brand-d_toys-hu","11":"pa_country_of_manufacture-ro-hu","12":"pa_filter_age-14-hu","13":"pa_painter-pieterbreugheltheyounger-hu","14":"pa_tip_ambalaj-doboz","15":"pa_tip_puzzle-klasszikus","17":"first","18":"instock","19":"taxable","20":"shipping-taxable","21":"product-type-simple"},"yoast_head":"<!-- This site is optimized with the Yoast SEO plugin v20.1 - https:\/\/yoast.com\/wordpress\/plugins\/seo\/ -->\n<title>Feln\u0151tt puzzle 1000 darab Pieter Breughel az ifjabb - Tavasz<\/title>\n<meta name=\"description\" content=\"Feln\u0151tt puzzle 1000 darab Pieter Breughel az ifjabb - Tavasz\" \/>\n<meta name=\"robots\" content=\"index, follow, max-snippet:-1, max-image-preview:large, max-video-preview:-1\" \/>\n<link rel=\"canonical\" href=\"https:\/\/business.roovi.com\/hu\/felnott-puzzle-1000-darab-pieter-breughel-az-ifjabb-tavasz\/p\/\" \/>\n<meta property=\"og:locale\" content=\"hu_HU\" \/>\n<meta property=\"og:type\" content=\"article\" \/>\n<meta property=\"og:title\" content=\"Feln\u0151tt puzzle 1000 darab Pieter Breughel az ifjabb - Tavasz\" \/>\n<meta property=\"og:description\" content=\"Feln\u0151tt puzzle 1000 darab Pieter Breughel az ifjabb - Tavasz\" \/>\n<meta property=\"og:url\" content=\"https:\/\/business.roovi.com\/hu\/felnott-puzzle-1000-darab-pieter-breughel-az-ifjabb-tavasz\/p\/\" \/>\n<meta property=\"og:site_name\" content=\"Roovi B2B\" \/>\n<meta property=\"article:publisher\" content=\"https:\/\/www.facebook.com\/wwwjucariero\" \/>\n<meta property=\"article:modified_time\" content=\"2022-07-06T19:54:17+00:00\" \/>\n<meta property=\"og:image\" content=\"https:\/\/business.roovi.com\/wp-content\/uploads\/2018\/04\/66947-01_ansamblu_dimensiuni_cutie_cm_1200x1200.png\" \/>\n\t<meta property=\"og:image:width\" content=\"1200\" \/>\n\t<meta property=\"og:image:height\" content=\"1200\" \/>\n\t<meta property=\"og:image:type\" content=\"image\/png\" \/>\n<meta name=\"twitter:label1\" content=\"Becs\u00fclt olvas\u00e1si id\u0151\" \/>\n\t<meta name=\"twitter:data1\" content=\"4 perc\" \/>\n<script type=\"application\/ld+json\" class=\"yoast-schema-graph\">{\"@context\":\"https:\/\/schema.org\",\"@graph\":[{\"@type\":\"WebPage\",\"@id\":\"https:\/\/business.roovi.com\/hu\/felnott-puzzle-1000-darab-pieter-breughel-az-ifjabb-tavasz\/p\/\",\"url\":\"https:\/\/business.roovi.com\/hu\/felnott-puzzle-1000-darab-pieter-breughel-az-ifjabb-tavasz\/p\/\",\"name\":\"Feln\u0151tt puzzle 1000 darab Pieter Breughel az ifjabb - Tavasz\",\"isPartOf\":{\"@id\":\"https:\/\/business.roovi.com\/hu\/#website\"},\"datePublished\":\"2018-04-16T10:56:16+00:00\",\"dateModified\":\"2022-07-06T19:54:17+00:00\",\"description\":\"Feln\u0151tt puzzle 1000 darab Pieter Breughel az ifjabb - Tavasz\",\"breadcrumb\":{\"@id\":\"https:\/\/business.roovi.com\/hu\/felnott-puzzle-1000-darab-pieter-breughel-az-ifjabb-tavasz\/p\/#breadcrumb\"},\"inLanguage\":\"hu\",\"potentialAction\":[{\"@type\":\"ReadAction\",\"target\":[\"https:\/\/business.roovi.com\/hu\/felnott-puzzle-1000-darab-pieter-breughel-az-ifjabb-tavasz\/p\/\"]}]},{\"@type\":\"BreadcrumbList\",\"@id\":\"https:\/\/business.roovi.com\/hu\/felnott-puzzle-1000-darab-pieter-breughel-az-ifjabb-tavasz\/p\/#breadcrumb\",\"itemListElement\":[{\"@type\":\"ListItem\",\"position\":1,\"name\":\"Home\",\"item\":\"https:\/\/business.roovi.com\/hu\/\"},{\"@type\":\"ListItem\",\"position\":2,\"name\":\"Shop\",\"item\":\"https:\/\/business.roovi.com\/hu\/shop\/\"},{\"@type\":\"ListItem\",\"position\":3,\"name\":\"Feln\u0151tt puzzle 1000 darab Pieter Breughel az ifjabb &#8211; Tavasz\"}]},{\"@type\":\"WebSite\",\"@id\":\"https:\/\/business.roovi.com\/hu\/#website\",\"url\":\"https:\/\/business.roovi.com\/hu\/\",\"name\":\"Roovi B2B\",\"description\":\"Roovi Business Website\",\"potentialAction\":[{\"@type\":\"SearchAction\",\"target\":{\"@type\":\"EntryPoint\",\"urlTemplate\":\"https:\/\/business.roovi.com\/hu\/?s={search_term_string}\"},\"query-input\":\"required name=search_term_string\"}],\"inLanguage\":\"hu\"}]}<\/script>\n<!-- \/ Yoast SEO plugin. -->","yoast_head_json":{"title":"Feln\u0151tt puzzle 1000 darab Pieter Breughel az ifjabb - Tavasz","description":"Feln\u0151tt puzzle 1000 darab Pieter Breughel az ifjabb - Tavasz","robots":{"index":"index","follow":"follow","max-snippet":"max-snippet:-1","max-image-preview":"max-image-preview:large","max-video-preview":"max-video-preview:-1"},"canonical":"https:\/\/business.roovi.com\/hu\/felnott-puzzle-1000-darab-pieter-breughel-az-ifjabb-tavasz\/p\/","og_locale":"hu_HU","og_type":"article","og_title":"Feln\u0151tt puzzle 1000 darab Pieter Breughel az ifjabb - Tavasz","og_description":"Feln\u0151tt puzzle 1000 darab Pieter Breughel az ifjabb - Tavasz","og_url":"https:\/\/business.roovi.com\/hu\/felnott-puzzle-1000-darab-pieter-breughel-az-ifjabb-tavasz\/p\/","og_site_name":"Roovi B2B","article_publisher":"https:\/\/www.facebook.com\/wwwjucariero","article_modified_time":"2022-07-06T19:54:17+00:00","og_image":[{"width":1200,"height":1200,"url":"https:\/\/business.roovi.com\/wp-content\/uploads\/2018\/04\/66947-01_ansamblu_dimensiuni_cutie_cm_1200x1200.png","type":"image\/png"}],"twitter_misc":{"Becs\u00fclt olvas\u00e1si id\u0151":"4 perc"},"schema":{"@context":"https:\/\/schema.org","@graph":[{"@type":"WebPage","@id":"https:\/\/business.roovi.com\/hu\/felnott-puzzle-1000-darab-pieter-breughel-az-ifjabb-tavasz\/p\/","url":"https:\/\/business.roovi.com\/hu\/felnott-puzzle-1000-darab-pieter-breughel-az-ifjabb-tavasz\/p\/","name":"Feln\u0151tt puzzle 1000 darab Pieter Breughel az ifjabb - Tavasz","isPartOf":{"@id":"https:\/\/business.roovi.com\/hu\/#website"},"datePublished":"2018-04-16T10:56:16+00:00","dateModified":"2022-07-06T19:54:17+00:00","description":"Feln\u0151tt puzzle 1000 darab Pieter Breughel az ifjabb - Tavasz","breadcrumb":{"@id":"https:\/\/business.roovi.com\/hu\/felnott-puzzle-1000-darab-pieter-breughel-az-ifjabb-tavasz\/p\/#breadcrumb"},"inLanguage":"hu","potentialAction":[{"@type":"ReadAction","target":["https:\/\/business.roovi.com\/hu\/felnott-puzzle-1000-darab-pieter-breughel-az-ifjabb-tavasz\/p\/"]}]},{"@type":"BreadcrumbList","@id":"https:\/\/business.roovi.com\/hu\/felnott-puzzle-1000-darab-pieter-breughel-az-ifjabb-tavasz\/p\/#breadcrumb","itemListElement":[{"@type":"ListItem","position":1,"name":"Home","item":"https:\/\/business.roovi.com\/hu\/"},{"@type":"ListItem","position":2,"name":"Shop","item":"https:\/\/business.roovi.com\/hu\/shop\/"},{"@type":"ListItem","position":3,"name":"Feln\u0151tt puzzle 1000 darab Pieter Breughel az ifjabb &#8211; Tavasz"}]},{"@type":"WebSite","@id":"https:\/\/business.roovi.com\/hu\/#website","url":"https:\/\/business.roovi.com\/hu\/","name":"Roovi B2B","description":"Roovi Business Website","potentialAction":[{"@type":"SearchAction","target":{"@type":"EntryPoint","urlTemplate":"https:\/\/business.roovi.com\/hu\/?s={search_term_string}"},"query-input":"required name=search_term_string"}],"inLanguage":"hu"}]}},"_links":{"self":[{"href":"https:\/\/business.roovi.com\/hu\/wp-json\/wp\/v2\/product\/42611","targetHints":{"allow":["GET"]}}],"collection":[{"href":"https:\/\/business.roovi.com\/hu\/wp-json\/wp\/v2\/product"}],"about":[{"href":"https:\/\/business.roovi.com\/hu\/wp-json\/wp\/v2\/types\/product"}],"version-history":[{"count":0,"href":"https:\/\/business.roovi.com\/hu\/wp-json\/wp\/v2\/product\/42611\/revisions"}],"wp:featuredmedia":[{"embeddable":true,"href":"https:\/\/business.roovi.com\/hu\/wp-json\/wp\/v2\/media\/63147"}],"wp:attachment":[{"href":"https:\/\/business.roovi.com\/hu\/wp-json\/wp\/v2\/media?parent=42611"}],"wp:term":[{"taxonomy":"product_brand","embeddable":true,"href":"https:\/\/business.roovi.com\/hu\/wp-json\/wp\/v2\/product_brand?post=42611"},{"taxonomy":"product_cat","embeddable":true,"href":"https:\/\/business.roovi.com\/hu\/wp-json\/wp\/v2\/product_cat?post=42611"},{"taxonomy":"product_tag","embeddable":true,"href":"https:\/\/business.roovi.com\/hu\/wp-json\/wp\/v2\/product_tag?post=42611"}],"curies":[{"name":"wp","href":"https:\/\/api.w.org\/{rel}","templated":true}]}}