{"id":42615,"date":"2018-04-16T10:56:16","date_gmt":"2018-04-16T10:56:16","guid":{"rendered":"https:\/\/business.roovi.com\/puzzle-adulti-1000-piese-lady-with-an-erminedama-cu-hermina-1000-piese\/p\/"},"modified":"2022-07-06T19:54:26","modified_gmt":"2022-07-06T19:54:26","slug":"1000-darabos-felnott-puzzle-lady-with-an-hermelin-1000-darab","status":"publish","type":"product","link":"https:\/\/business.roovi.com\/hu\/1000-darabos-felnott-puzzle-lady-with-an-hermelin-1000-darab\/p\/","title":{"rendered":"1000 darabos feln\u0151tt puzzle Lady with an Hermelin &#8211; 1000 darab"},"content":{"rendered":"<p><span style=\"font-weight: 400\">Ha a m\u0171v\u00e9szet a szenved\u00e9lyed, vagy szeretn\u00e9d meglepni egy bar\u00e1todat, aki szereti a h\u00edres festm\u00e9nyeket, akkor a legjobb helyen j\u00e1rsz. Mi rendelkez\u00fcnk a legnagyobb m\u0171v\u00e9szeti rejtv\u00e9nygy\u0171jtem\u00e9nnyel.<\/span><\/p>\n<p><span style=\"font-weight: 400\">Egy 1000 darabos puzzle \u00f6sszerak\u00e1sa pihentet\u0151 tev\u00e9kenys\u00e9g, amely eltereli a figyelm\u00e9t a napi stresszr\u0151l, \u00e9s jav\u00edtja a hangulat\u00e1t. Ahogy \u00f6sszeilleszted a darabokat, \u00e9s a k\u00e9p form\u00e1t \u00f6lt, csod\u00e1latos el\u00e9gedetts\u00e9g\u00e9rz\u00e9ssel t\u00f6lt el, hogy befejezt\u00e9l egy neh\u00e9z feladatot. Ez id\u0151 alatt az agyad dopamint v\u00e1laszt ki, azt a hormont, amely j\u00f3 \u00e9rz\u00e9seket okoz: boldogs\u00e1got, el\u00e9gedetts\u00e9get vagy \u00f6r\u00f6m\u00f6t <\/span><\/p>\n<p><span style=\"font-weight: 400\">Ha szeretn\u00e9l minden nap egy vagy t\u00f6bb \u00f3r\u00e1nyi \u00f6r\u00f6m\u00f6t szerezni, van n\u00e9h\u00e1ny remek aj\u00e1nl\u00e1sunk sz\u00e1modra!<\/span><\/p>\n<p><span style=\"font-weight: 400\">Rakd \u00f6ssze az 1000 darabos puzzle-t a leny\u0171g\u00f6z\u0151 hermelines h\u00f6lgy portr\u00e9j\u00e1val, \u00e9s \u00e9rezd \u00e1t a halhatatlan m\u0171alkot\u00e1s rekonstru\u00e1l\u00e1s\u00e1nak izgalm\u00e1t! Mint a nagy m\u0171v\u00e9sz legt\u00f6bb m\u0171v\u00e9t, a H\u00f6lgy a hermelinnel c\u00edm\u0171t is titok \u00f6vezi. A portr\u00e9 feltehet\u0151en <\/span><span style=\"font-weight: 400\">Cecilia Gallerani, a herceg szeret\u0151je <\/span><span style=\"font-weight: 400\">Ludovico Sforza, <\/span><span style=\"font-weight: 400\">egy fiatal, szer\u00e9ny anyagi helyzet\u0171, de akkoriban intelligenci\u00e1j\u00e1r\u00f3l \u00e9s sz\u00e9ps\u00e9g\u00e9r\u0151l h\u00edres n\u0151 <\/span><\/p>\n<p><span style=\"font-weight: 400\">Megszerzi a h\u00edres festm\u00e9ny h\u0171 m\u00e1solat\u00e1t, amely nagyobb, mint az eredeti. Az 1000 darab \u00f6sszeszerelt puzzle m\u00e9reteit \u00e9s a term\u00e9k jellemz\u0151it l\u00e1sd al\u00e1bb.<\/span><\/p>\n<p><span style=\"font-weight: 400\">\u00d6ssze\u00e1ll\u00edtott puzzle m\u00e9rete: 50&#215;70 cm &#8211; az eredeti festm\u00e9ny m\u00e9rete 53&#215;39 cm. Egy k\u00f6z\u00f6ns\u00e9ges doh\u00e1nyz\u00f3asztal nagyon alkalmas ennek az 1000 darabos kirak\u00f3snak az \u00f6ssze\u00e1ll\u00edt\u00e1s\u00e1hoz.<\/span><\/p>\n<p><span style=\"font-weight: 400\">Puzzle anyag <\/span><\/p>\n<p><strong>kiv\u00e1l\u00f3 min\u0151s\u00e9g\u0171 k\u00e9k karton<\/strong><\/p>\n<p><strong>fenntarthat\u00f3, \u00fajrahasznos\u00edthat\u00f3 anyagok<\/strong><\/p>\n<p><strong>f\u00e9lf\u00e9nyes kivitel, \u00e9l\u00e9nk sz\u00ednek<\/strong><\/p>\n<p><span style=\"font-weight: 400\">A kirak\u00f3s darabok sz\u00e1ma: 1000<\/span><\/p>\n<p><span style=\"font-weight: 400\">Aj\u00e1nlott \u00e9letkor: 14+<\/span><\/p>\n<p><strong>1000 darabos puzzle: milyen k\u00e9szs\u00e9geket fejleszt?<\/strong><\/p>\n<p><strong>Figyelem<\/strong><span style=\"font-weight: 400\"> &#8211; Igazi detekt\u00edv vagy, aki a legapr\u00f3bb r\u00e9szleteket is \u00e9szreveszi, \u00e9s darabr\u00f3l darabra a megfelel\u0151 sorrendbe rakva oldja meg a rejt\u00e9lyt.<\/span><\/p>\n<p><strong>Mem\u00f3ria<\/strong><span style=\"font-weight: 400\"> &#8211; Rakja \u00f6ssze az 1000 darabos puzzle-t napr\u00f3l napra, \u00e9s figyelje meg, hogyan javul a r\u00f6vid t\u00e1v\u00fa mem\u00f3ri\u00e1ja.<\/span><\/p>\n<p><strong>Logika &#8211; <\/strong><span style=\"font-weight: 400\">fedezd fel a kirak\u00f3s j\u00e1t\u00e9k logik\u00e1j\u00e1t \u00fagy, hogy darabr\u00f3l darabra rakod \u00f6ssze a teljes k\u00e9pet.<\/span><\/p>\n<p><strong>K\u00e9pess\u00e9g a tudatos \u00e9letre &#8211; <\/strong><span style=\"font-weight: 400\">Hallott\u00e1l m\u00e1r a koncepci\u00f3r\u00f3l <\/span><span style=\"font-weight: 400\">Mindfulness? Leford\u00edtva azt a k\u00e9pess\u00e9get jelenti, hogy minden gondolatnak, \u00e9rz\u00e9snek, \u00e9rz\u00e9snek a jelenben tudat\u00e1ban legy\u00fcnk, m\u00e1s sz\u00f3val a jelenben \u00e9l\u00e9s m\u0171v\u00e9szet\u00e9t. A rejtv\u00e9ny megfejt\u00e9se teh\u00e1t a mindfulness medit\u00e1ci\u00f3 egy form\u00e1ja.<\/span><\/p>\n<p><strong>Jav\u00edtja az alv\u00e1s min\u0151s\u00e9g\u00e9t &#8211; <\/strong><span style=\"font-weight: 400\">Oldja meg a rejtv\u00e9nyt este lefekv\u00e9s el\u0151tt, \u00e9s szabaduljon meg a m\u00e1snapi gondokt\u00f3l! Az 1000 darabos puzzle \u00f6sszerak\u00e1sa seg\u00edt a stresszold\u00e1sban, \u00edgy az elm\u00e9d kitisztul, \u00e9s az alv\u00e1sod m\u00e9lyebb \u00e9s pihentet\u0151bb lesz.<\/span><\/p>\n<p><strong>Mit nem tudt\u00e1l Leonardo da Vincir\u0151l \u00e9s a H\u00f6lgy a hermelinnel c\u00edm\u0171 m\u0171v\u00e9r\u0151l?<\/strong><\/p>\n<ul style=\"list-style-type: circle\">\n<li><span style=\"font-weight: 400\">A H\u00f6lgy a hermelinnel c\u00edm\u0171 portr\u00e9 a felt\u00e9telez\u00e9sek szerint a herceg kifejezett k\u00e9r\u00e9s\u00e9re k\u00e9sz\u00fclt <\/span><span style=\"font-weight: 400\">Ludovico Sforza <\/span><span style=\"font-weight: 400\">aki a m\u0171v\u00e9sz megrendel\u0151je volt.<\/span><\/li>\n<li><span style=\"font-weight: 400\">Da Vinci t\u00f6k\u00e9letes maximalista volt, aki a legapr\u00f3bb r\u00e9szletekre is \u00fcgyelt. Kider\u00fclt, hogy ez a festm\u00e9ny t\u00f6bb m\u00f3dos\u00edt\u00e1son is \u00e1tesett, miel\u0151tt a most l\u00e1that\u00f3 v\u00e1ltozatot kapta. Az egyik v\u00e1ltozatban nincs hermelin.<\/span><\/li>\n<li><span style=\"font-weight: 400\">A hermelin t\u00f6bb szimb\u00f3lumot is kapott: tal\u00e1n utal\u00e1s a hermelinrendre, amellyel Sforza herceget kit\u00fcntett\u00e9k, a karakter tisztas\u00e1g\u00e1nak kifejez\u00e9se, vagy renesz\u00e1nsz sz\u00f3j\u00e1t\u00e9k a l\u00e1ny vezet\u00e9knev\u00e9re, amely a g\u00f6r\u00f6g galen, azaz hermelin sz\u00f3b\u00f3l sz\u00e1rmazik.<\/span><\/li>\n<li><span style=\"font-weight: 400\">A hermelinos h\u00f6lgy portr\u00e9ja fennmaradt \u00e9s a Czartoryski M\u00fazeumban l\u00e1that\u00f3<\/span><span style=\"font-weight: 400\"> krakk\u00f3ban, Lengyelorsz\u00e1gban.<\/span><\/li>\n<li><span style=\"font-weight: 400\">A H\u00f6lgy hermelinnel c\u00edm\u0171 k\u00e9pet a kritikusok az els\u0151 modern portr\u00e9nak tartj\u00e1k, mivel az \u00e1br\u00e1zolt balra n\u00e9z, teh\u00e1t nem szemb\u0151l vagy profilb\u00f3l festett arcot l\u00e1tunk, mint kor\u00e1bban a portr\u00e9kon.<\/span><\/li>\n<\/ul>\n<p><strong>Milyen el\u0151ny\u00f6kkel j\u00e1r egy 1000 darabos feln\u0151tt puzzle kit\u00f6lt\u00e9se?<\/strong><\/p>\n<ul style=\"list-style-type: circle\">\n<li><span style=\"font-weight: 400\">Ak\u00e1r 30 \u00f3r\u00e1nyi pihentet\u0151 sz\u00f3rakoz\u00e1st biztos\u00edt.<\/span><\/li>\n<li><span style=\"font-weight: 400\">A m\u0171alkot\u00e1st a legapr\u00f3bb r\u00e9szletekben fedezheted fel, amelyeket nem veszel \u00e9szre, amikor egy ki\u00e1ll\u00edt\u00e1son csod\u00e1lod a m\u0171vet.<\/span><\/li>\n<li><span style=\"font-weight: 400\">Jobb m\u0171\u00e9rt\u0151 leszel.<\/span><\/li>\n<li><span style=\"font-weight: 400\">Min\u0151s\u00e9gi id\u0151t t\u00f6ltesz magaddal vagy egy szeretteddel.<\/span><\/li>\n<li><span style=\"font-weight: 400\">K\u00e9sz\u00edts magadnak egy gy\u00f6ny\u00f6r\u0171 d\u00edszt\u00e1rgyat, amelyet ki\u00e1ll\u00edthatsz.<\/span><\/li>\n<\/ul>\n<p><span style=\"font-weight: 400\">Fedezze fel ezt a csod\u00e1latos feln\u0151tt puzzle-t a m\u0171v\u00e9szi puzzle gy\u0171jtem\u00e9nyb\u0151l, amely sok \u00f3r\u00e1nyi igazi sz\u00f3rakoz\u00e1st ny\u00fajt. L\u00e9gy a mester, aki megteremti a m\u0171v\u00e9szeti kirak\u00f3st <\/span><span style=\"font-weight: 400\">\u00e9s szerezzen egy val\u00f3di m\u0171v\u00e9szi m\u00e1solatot a h\u00edres fest\u0151, Leonardo da Vinci H\u00f6lgy hermelinnel c\u00edm\u0171 festm\u00e9ny\u00e9r\u0151l <\/span><\/p>\n<p><span style=\"font-weight: 400\">Az 1000 darabos Lady with an hermelin puzzle nagyszer\u0171 aj\u00e1nd\u00e9k a feln\u0151tt 1000 darabos puzzle-t kedvel\u0151 bar\u00e1tainak. V\u00e1s\u00e1rolja meg ezt a csod\u00e1latos m\u0171v\u00e9szeti puzzle-t most!<\/span><\/p>\n","protected":false},"excerpt":{"rendered":"<p>Ha a m\u0171v\u00e9szet a szenved\u00e9lyed, vagy szeretn\u00e9d meglepni egy bar\u00e1todat, aki szereti a h\u00edres festm\u00e9nyeket, akkor a legjobb helyen j\u00e1rsz.<\/p>\n","protected":false},"featured_media":63291,"template":"","meta":[],"product_brand":[],"product_cat":[1920,1919,1881],"product_tag":[],"class_list":{"0":"post-42615","1":"product","2":"type-product","3":"status-publish","4":"has-post-thumbnail","6":"product_cat-1000-darabos-kirakos-jatek","7":"product_cat-felnott-kirakos-jatekok","8":"product_cat-kirakos-jatekok","9":"pa_bax-10-hu","10":"pa_brand-d_toys-hu","11":"pa_country_of_manufacture-ro-hu","12":"pa_filter_age-14-hu","13":"pa_painter-leonardo-da-vinci-hu","14":"pa_tip_ambalaj-doboz","15":"pa_tip_puzzle-klasszikus","17":"first","18":"instock","19":"taxable","20":"shipping-taxable","21":"product-type-simple"},"yoast_head":"<!-- This site is optimized with the Yoast SEO plugin v20.1 - https:\/\/yoast.com\/wordpress\/plugins\/seo\/ -->\n<title>1000 darabos feln\u0151tt puzzle Lady with an Hermelin - 1000 darab<\/title>\n<meta name=\"description\" content=\"1000 darabos feln\u0151tt puzzle Lady with an Hermelin - 1000 darab\" \/>\n<meta name=\"robots\" content=\"index, follow, max-snippet:-1, max-image-preview:large, max-video-preview:-1\" \/>\n<link rel=\"canonical\" href=\"https:\/\/business.roovi.com\/hu\/1000-darabos-felnott-puzzle-lady-with-an-hermelin-1000-darab\/p\/\" \/>\n<meta property=\"og:locale\" content=\"hu_HU\" \/>\n<meta property=\"og:type\" content=\"article\" \/>\n<meta property=\"og:title\" content=\"1000 darabos feln\u0151tt puzzle Lady with an Hermelin - 1000 darab\" \/>\n<meta property=\"og:description\" content=\"1000 darabos feln\u0151tt puzzle Lady with an Hermelin - 1000 darab\" \/>\n<meta property=\"og:url\" content=\"https:\/\/business.roovi.com\/hu\/1000-darabos-felnott-puzzle-lady-with-an-hermelin-1000-darab\/p\/\" \/>\n<meta property=\"og:site_name\" content=\"Roovi B2B\" \/>\n<meta property=\"article:publisher\" content=\"https:\/\/www.facebook.com\/wwwjucariero\" \/>\n<meta property=\"article:modified_time\" content=\"2022-07-06T19:54:26+00:00\" \/>\n<meta property=\"og:image\" content=\"https:\/\/business.roovi.com\/wp-content\/uploads\/2018\/04\/72689-02_ansamblu_dimensiuni_cutie_cm.png\" \/>\n\t<meta property=\"og:image:width\" content=\"2000\" \/>\n\t<meta property=\"og:image:height\" content=\"2000\" \/>\n\t<meta property=\"og:image:type\" content=\"image\/png\" \/>\n<meta name=\"twitter:label1\" content=\"Becs\u00fclt olvas\u00e1si id\u0151\" \/>\n\t<meta name=\"twitter:data1\" content=\"5 perc\" \/>\n<script type=\"application\/ld+json\" class=\"yoast-schema-graph\">{\"@context\":\"https:\/\/schema.org\",\"@graph\":[{\"@type\":\"WebPage\",\"@id\":\"https:\/\/business.roovi.com\/hu\/1000-darabos-felnott-puzzle-lady-with-an-hermelin-1000-darab\/p\/\",\"url\":\"https:\/\/business.roovi.com\/hu\/1000-darabos-felnott-puzzle-lady-with-an-hermelin-1000-darab\/p\/\",\"name\":\"1000 darabos feln\u0151tt puzzle Lady with an Hermelin - 1000 darab\",\"isPartOf\":{\"@id\":\"https:\/\/business.roovi.com\/hu\/#website\"},\"datePublished\":\"2018-04-16T10:56:16+00:00\",\"dateModified\":\"2022-07-06T19:54:26+00:00\",\"description\":\"1000 darabos feln\u0151tt puzzle Lady with an Hermelin - 1000 darab\",\"breadcrumb\":{\"@id\":\"https:\/\/business.roovi.com\/hu\/1000-darabos-felnott-puzzle-lady-with-an-hermelin-1000-darab\/p\/#breadcrumb\"},\"inLanguage\":\"hu\",\"potentialAction\":[{\"@type\":\"ReadAction\",\"target\":[\"https:\/\/business.roovi.com\/hu\/1000-darabos-felnott-puzzle-lady-with-an-hermelin-1000-darab\/p\/\"]}]},{\"@type\":\"BreadcrumbList\",\"@id\":\"https:\/\/business.roovi.com\/hu\/1000-darabos-felnott-puzzle-lady-with-an-hermelin-1000-darab\/p\/#breadcrumb\",\"itemListElement\":[{\"@type\":\"ListItem\",\"position\":1,\"name\":\"Home\",\"item\":\"https:\/\/business.roovi.com\/hu\/\"},{\"@type\":\"ListItem\",\"position\":2,\"name\":\"Shop\",\"item\":\"https:\/\/business.roovi.com\/hu\/shop\/\"},{\"@type\":\"ListItem\",\"position\":3,\"name\":\"1000 darabos feln\u0151tt puzzle Lady with an Hermelin &#8211; 1000 darab\"}]},{\"@type\":\"WebSite\",\"@id\":\"https:\/\/business.roovi.com\/hu\/#website\",\"url\":\"https:\/\/business.roovi.com\/hu\/\",\"name\":\"Roovi B2B\",\"description\":\"Roovi Business Website\",\"potentialAction\":[{\"@type\":\"SearchAction\",\"target\":{\"@type\":\"EntryPoint\",\"urlTemplate\":\"https:\/\/business.roovi.com\/hu\/?s={search_term_string}\"},\"query-input\":\"required name=search_term_string\"}],\"inLanguage\":\"hu\"}]}<\/script>\n<!-- \/ Yoast SEO plugin. -->","yoast_head_json":{"title":"1000 darabos feln\u0151tt puzzle Lady with an Hermelin - 1000 darab","description":"1000 darabos feln\u0151tt puzzle Lady with an Hermelin - 1000 darab","robots":{"index":"index","follow":"follow","max-snippet":"max-snippet:-1","max-image-preview":"max-image-preview:large","max-video-preview":"max-video-preview:-1"},"canonical":"https:\/\/business.roovi.com\/hu\/1000-darabos-felnott-puzzle-lady-with-an-hermelin-1000-darab\/p\/","og_locale":"hu_HU","og_type":"article","og_title":"1000 darabos feln\u0151tt puzzle Lady with an Hermelin - 1000 darab","og_description":"1000 darabos feln\u0151tt puzzle Lady with an Hermelin - 1000 darab","og_url":"https:\/\/business.roovi.com\/hu\/1000-darabos-felnott-puzzle-lady-with-an-hermelin-1000-darab\/p\/","og_site_name":"Roovi B2B","article_publisher":"https:\/\/www.facebook.com\/wwwjucariero","article_modified_time":"2022-07-06T19:54:26+00:00","og_image":[{"width":2000,"height":2000,"url":"https:\/\/business.roovi.com\/wp-content\/uploads\/2018\/04\/72689-02_ansamblu_dimensiuni_cutie_cm.png","type":"image\/png"}],"twitter_misc":{"Becs\u00fclt olvas\u00e1si id\u0151":"5 perc"},"schema":{"@context":"https:\/\/schema.org","@graph":[{"@type":"WebPage","@id":"https:\/\/business.roovi.com\/hu\/1000-darabos-felnott-puzzle-lady-with-an-hermelin-1000-darab\/p\/","url":"https:\/\/business.roovi.com\/hu\/1000-darabos-felnott-puzzle-lady-with-an-hermelin-1000-darab\/p\/","name":"1000 darabos feln\u0151tt puzzle Lady with an Hermelin - 1000 darab","isPartOf":{"@id":"https:\/\/business.roovi.com\/hu\/#website"},"datePublished":"2018-04-16T10:56:16+00:00","dateModified":"2022-07-06T19:54:26+00:00","description":"1000 darabos feln\u0151tt puzzle Lady with an Hermelin - 1000 darab","breadcrumb":{"@id":"https:\/\/business.roovi.com\/hu\/1000-darabos-felnott-puzzle-lady-with-an-hermelin-1000-darab\/p\/#breadcrumb"},"inLanguage":"hu","potentialAction":[{"@type":"ReadAction","target":["https:\/\/business.roovi.com\/hu\/1000-darabos-felnott-puzzle-lady-with-an-hermelin-1000-darab\/p\/"]}]},{"@type":"BreadcrumbList","@id":"https:\/\/business.roovi.com\/hu\/1000-darabos-felnott-puzzle-lady-with-an-hermelin-1000-darab\/p\/#breadcrumb","itemListElement":[{"@type":"ListItem","position":1,"name":"Home","item":"https:\/\/business.roovi.com\/hu\/"},{"@type":"ListItem","position":2,"name":"Shop","item":"https:\/\/business.roovi.com\/hu\/shop\/"},{"@type":"ListItem","position":3,"name":"1000 darabos feln\u0151tt puzzle Lady with an Hermelin &#8211; 1000 darab"}]},{"@type":"WebSite","@id":"https:\/\/business.roovi.com\/hu\/#website","url":"https:\/\/business.roovi.com\/hu\/","name":"Roovi B2B","description":"Roovi Business Website","potentialAction":[{"@type":"SearchAction","target":{"@type":"EntryPoint","urlTemplate":"https:\/\/business.roovi.com\/hu\/?s={search_term_string}"},"query-input":"required name=search_term_string"}],"inLanguage":"hu"}]}},"_links":{"self":[{"href":"https:\/\/business.roovi.com\/hu\/wp-json\/wp\/v2\/product\/42615","targetHints":{"allow":["GET"]}}],"collection":[{"href":"https:\/\/business.roovi.com\/hu\/wp-json\/wp\/v2\/product"}],"about":[{"href":"https:\/\/business.roovi.com\/hu\/wp-json\/wp\/v2\/types\/product"}],"version-history":[{"count":0,"href":"https:\/\/business.roovi.com\/hu\/wp-json\/wp\/v2\/product\/42615\/revisions"}],"wp:featuredmedia":[{"embeddable":true,"href":"https:\/\/business.roovi.com\/hu\/wp-json\/wp\/v2\/media\/63291"}],"wp:attachment":[{"href":"https:\/\/business.roovi.com\/hu\/wp-json\/wp\/v2\/media?parent=42615"}],"wp:term":[{"taxonomy":"product_brand","embeddable":true,"href":"https:\/\/business.roovi.com\/hu\/wp-json\/wp\/v2\/product_brand?post=42615"},{"taxonomy":"product_cat","embeddable":true,"href":"https:\/\/business.roovi.com\/hu\/wp-json\/wp\/v2\/product_cat?post=42615"},{"taxonomy":"product_tag","embeddable":true,"href":"https:\/\/business.roovi.com\/hu\/wp-json\/wp\/v2\/product_tag?post=42615"}],"curies":[{"name":"wp","href":"https:\/\/api.w.org\/{rel}","templated":true}]}}