{"id":42627,"date":"2018-04-16T10:56:16","date_gmt":"2018-04-16T10:56:16","guid":{"rendered":"https:\/\/business.roovi.com\/puzzle-adulti-1000-piese-cal-alb\/p\/"},"modified":"2022-10-25T10:53:39","modified_gmt":"2022-10-25T10:53:39","slug":"1000-darab-felnott-puzzle-feher-lo","status":"publish","type":"product","link":"https:\/\/business.roovi.com\/hu\/1000-darab-felnott-puzzle-feher-lo\/p\/","title":{"rendered":"1000 darab feln\u0151tt puzzle Feh\u00e9r l\u00f3"},"content":{"rendered":"<p><strong><em>Ha szereted a rejtv\u00e9nyeket \u00e9s a term\u00e9szetet is, \u00e9lvezni fogod, hogy 1000 darabb\u00f3l \u00fajraalkothatod ezt a gy\u00f6ny\u00f6r\u0171 k\u00e9pet, amelyen egy feh\u00e9r l\u00f3 szabadon szaladg\u00e1l a term\u00e9szetben.<\/em><\/strong><\/p>\n<p><span style=\"font-weight: 400;\">A l\u00f3 nemes \u00e1llat, a kecsess\u00e9g \u00e9s a b\u00e1tors\u00e1g szimb\u00f3luma, az egyik legintelligensebb \u00e1llat, amely felt\u00e9tel n\u00e9lk\u00fcli h\u0171s\u00e9get \u00e9s bar\u00e1ts\u00e1got ny\u00fajt az embernek. Ha leny\u0171g\u00f6z ez a csod\u00e1latos \u00e1llat, akkor m\u00e9g ink\u00e1bb \u00e9rt\u00e9kelni fogja az 1000 darabos puzzle k\u00e9pek k\u00fcl\u00f6nleges min\u0151s\u00e9g\u00e9t &#8211; Feh\u00e9r l\u00f3.<\/span><\/p>\n<p><span style=\"font-weight: 400;\">A szerel\u00e9si tev\u00e9kenys\u00e9g interakt\u00edvabb \u00e9s sz\u00f3rakoztat\u00f3bb lehet a szerettei t\u00e1rsas\u00e1g\u00e1ban. Vonja be a gyerekeket is a kirak\u00f3s j\u00e1t\u00e9kba, im\u00e1dni fogj\u00e1k a t\u00f6bb sz\u00e1z darab k\u00f6z\u00f6tt keresni a megfelel\u0151 r\u00e9szleteket, \u00e9s \u00d6nnel egy\u00fctt kit\u00f6lteni a k\u00e9pet.<\/span><\/p>\n<p><span style=\"font-weight: 400;\">A v\u00e9g\u00e9n meg\u00fcnnepelhetitek a csapatmunk\u00e1t, ha a k\u00e9pet a keretbe helyezitek. Ez egy mindenki \u00e1ltal nagyra \u00e9rt\u00e9kelt d\u00edszt\u00e1rgy lesz, \u00e9s az egy\u00fctt t\u00f6lt\u00f6tt id\u0151 eml\u00e9k\u00e9t \u0151rzi majd.<\/span><\/p>\n<p><strong>Mi\u00e9rt v\u00e1lassza az 1000 darabos puzzle-t &#8211; Feh\u00e9r l\u00f3?<\/strong><\/p>\n<p><span style=\"font-weight: 400;\">Sz\u00f3rakoztat\u00f3 \u00e9s kreat\u00edv m\u00f3dja a szabadid\u0151 elt\u00f6lt\u00e9s\u00e9nek.<\/span><\/p>\n<p><span style=\"font-weight: 400;\">Egy 68 x 47 cm-es t\u00e1bl\u00e1t kapsz, amely nagyszer\u0171 dekor\u00e1ci\u00f3s darabk\u00e1v\u00e1 v\u00e1lik.<\/span><\/p>\n<p><span style=\"font-weight: 400;\">A darabok kiv\u00e1l\u00f3 min\u0151s\u00e9g\u0171, 2 mm vastag k\u00e9k kartonb\u00f3l k\u00e9sz\u00fcltek, \u00edgy a k\u00e9pet t\u00f6bbsz\u00f6r is \u00fajra elk\u00e9sz\u00edtheted an\u00e9lk\u00fcl, hogy romlana.<\/span><\/p>\n<p><span style=\"font-weight: 400;\">K\u00f6rnyezetbar\u00e1t, mivel \u00fajrahasznos\u00edthat\u00f3 \u00e9s fenntarthat\u00f3 anyagokb\u00f3l k\u00e9sz\u00fcl.<\/span><\/p>\n<p><span style=\"font-weight: 400;\">A fel\u00fclet f\u00e9lig f\u00e9nyes, kellemes sz\u00ednekben, amelyek kiemelik a k\u00e9p tisztas\u00e1g\u00e1t.<\/span><\/p>\n<p><span style=\"font-weight: 400;\">A 14 \u00e9ven fel\u00fcliek sz\u00e1m\u00e1ra alkalmas, egy lehet\u0151s\u00e9g a szabadid\u0151 elt\u00f6lt\u00e9s\u00e9re a tin\u00e9dzserekkel.<\/span><\/p>\n<p><span style=\"font-weight: 400;\">A kirak\u00f3s j\u00e1t\u00e9kok \u00f6sszerak\u00e1sa t\u00f6bbf\u00e9le k\u00e9szs\u00e9get fejleszt, amelyek seg\u00edtik a mindennapi tev\u00e9kenys\u00e9geket:<\/span><\/p>\n<ul>\n<li><span style=\"font-weight: 400;\">Ez fejleszti a t\u00fcrelm\u00e9t, \u00e9s sikeres \u00e9lm\u00e9nyt ny\u00fajt.<\/span><\/li>\n<li><span style=\"font-weight: 400;\">Fejleszti a kreativit\u00e1sodat \u00e9s a k\u00edv\u00e1ncsis\u00e1godat &#8211; olyan vagy, mint egy igazi nyomoz\u00f3, aki nyomokat keres egy neh\u00e9z \u00fcgy megold\u00e1s\u00e1hoz.<\/span><\/li>\n<li><span style=\"font-weight: 400;\">Fejleszti a logikus gondolkod\u00e1st az\u00e1ltal, hogy hasonl\u00f3an kin\u00e9z\u0151 darabokat t\u00e1rs\u00edt.<\/span><\/li>\n<li><span style=\"font-weight: 400;\">Megtan\u00edt arra, hogy ne add fel akkor sem, amikor minden rem\u00e9nytelennek t\u0171nik.<\/span><\/li>\n<li><span style=\"font-weight: 400;\">Ez egy nagyszer\u0171 gyakorlat az agy sz\u00e1m\u00e1ra, mindk\u00e9t agyf\u00e9ltek\u00e9t ig\u00e9nybe veszi, \u00e9s fejleszti a k\u00e9pzeletet \u00e9s a mem\u00f3ri\u00e1t.<\/span><\/li>\n<\/ul>\n<p><strong>Tudtad, hogy&#8230;?<\/strong><\/p>\n<p><span style=\"font-weight: 400;\">A l\u00f3 legr\u00e9gebbi \u0151se t\u00f6bb mint 50 milli\u00f3 \u00e9vvel ezel\u0151tt \u00e9lt.<\/span><\/p>\n<p><span style=\"font-weight: 400;\">A lovak h\u00e1zias\u00edt\u00e1sa k\u00f6r\u00fclbel\u00fcl 6000 \u00e9vvel ezel\u0151tt t\u00f6rt\u00e9nt <\/span><\/p>\n<p><span style=\"font-weight: 400;\">A lovaknak 10 f\u00e9le izomzat van a f\u00fcl\u00fckben, \u00edgy 180 fokban el tudj\u00e1k ford\u00edtani \u0151ket.<\/span><\/p>\n<p><span style=\"font-weight: 400;\">Nagyon sz\u00e9les, 360 fokos l\u00e1t\u00f3mez\u0151vel rendelkeznek.<\/span><\/p>\n<p><span style=\"font-weight: 400;\">A lovak nem tudnak a sz\u00e1jukon kereszt\u00fcl l\u00e9legezni, csak az orrukon kereszt\u00fcl.<\/span><\/p>\n<p><span style=\"font-weight: 400;\">A csik\u00f3 m\u00e1r \u00f3r\u00e1kkal a sz\u00fclet\u00e9se ut\u00e1n k\u00e9pes futni <\/span><\/p>\n<p><strong>1000 darabos puzzle Feh\u00e9r l\u00f3 &#8211; v\u00e9gtelen kreat\u00edv szabads\u00e1g<\/strong><\/p>\n<p><span style=\"font-weight: 400;\">Az 1000 darabos puzzle feh\u00e9r lov\u00e1nak k\u00e9pe a szabads\u00e1g \u00e9rzet\u00e9t kelti. Ez\u00e9rt a k\u00e9p \u00fajrak\u00e9sz\u00edt\u00e9se a kikapcsol\u00f3d\u00e1s pillanata, \u00e9s egy lehet\u0151s\u00e9g arra, hogy sok pozit\u00edv energi\u00e1val t\u00f6ltsd fel magad <\/span><\/p>\n<p><span style=\"font-weight: 400;\">\u00c9lvezd a jelen pillanatot, tiszt\u00edtsd meg elm\u00e9det a negat\u00edv gondolatokt\u00f3l, \u00e9s csod\u00e1latos kreat\u00edv \u00e9lm\u00e9nyben lesz r\u00e9szed. Ez a te pillanatod \u00f6nmagaddal. \u00c9lje \u00e1t a legteljesebb m\u00e9rt\u00e9kben, \u00e9s kapcsol\u00f3djon a nagyszer\u0171 kirak\u00f3s j\u00e1t\u00e9k \u00e1ltal inspir\u00e1lt csod\u00e1latos energi\u00e1hoz.<\/span><\/p>\n<p><span style=\"font-weight: 400;\">Az 1000 Piece Puzzle &#8211; White Horse egy leny\u0171g\u00f6z\u0151 kirak\u00f3s j\u00e1t\u00e9k, amelyet otthon tarthatsz, hogy egyed\u00fcl vagy szeretteiddel egy\u00fctt \u00e1t\u00e9lhesd a kikapcsol\u00f3d\u00e1s \u00e9s az elvonatkoztat\u00e1s pillanatait. Nagyszer\u0171 aj\u00e1nd\u00e9k is lehet, ha egy feln\u0151tt puzzle-rajong\u00f3t szeretne kellemesen meglepni.<\/span><\/p>\n","protected":false},"excerpt":{"rendered":"<p>Ha szereted a rejtv\u00e9nyeket \u00e9s a term\u00e9szetet is, \u00e9lvezni fogod, hogy 1000 darabb\u00f3l \u00fajraalkothatod ezt a gy\u00f6ny\u00f6r\u0171 k\u00e9pet, amelyen egy<\/p>\n","protected":false},"featured_media":59949,"template":"","meta":[],"product_brand":[],"product_cat":[1920,1919,1881],"product_tag":[],"class_list":{"0":"post-42627","1":"product","2":"type-product","3":"status-publish","4":"has-post-thumbnail","6":"product_cat-1000-darabos-kirakos-jatek","7":"product_cat-felnott-kirakos-jatekok","8":"product_cat-kirakos-jatekok","9":"pa_bax-10-hu","10":"pa_brand-d_toys-hu","11":"pa_country_of_manufacture-ro-hu","12":"pa_filter_age-14-hu","13":"pa_painter-lovak","14":"pa_tip_ambalaj-doboz","15":"pa_tip_puzzle-klasszikus","17":"first","18":"instock","19":"taxable","20":"shipping-taxable","21":"product-type-simple"},"yoast_head":"<!-- This site is optimized with the Yoast SEO plugin v20.1 - https:\/\/yoast.com\/wordpress\/plugins\/seo\/ -->\n<title>1000 darab feln\u0151tt puzzle Feh\u00e9r l\u00f3<\/title>\n<meta name=\"description\" content=\"1000 darab feln\u0151tt puzzle Feh\u00e9r l\u00f3\" \/>\n<meta name=\"robots\" content=\"index, follow, max-snippet:-1, max-image-preview:large, max-video-preview:-1\" \/>\n<link rel=\"canonical\" href=\"https:\/\/business.roovi.com\/hu\/1000-darab-felnott-puzzle-feher-lo\/p\/\" \/>\n<meta property=\"og:locale\" content=\"hu_HU\" \/>\n<meta property=\"og:type\" content=\"article\" \/>\n<meta property=\"og:title\" content=\"1000 darab feln\u0151tt puzzle Feh\u00e9r l\u00f3\" \/>\n<meta property=\"og:description\" content=\"1000 darab feln\u0151tt puzzle Feh\u00e9r l\u00f3\" \/>\n<meta property=\"og:url\" content=\"https:\/\/business.roovi.com\/hu\/1000-darab-felnott-puzzle-feher-lo\/p\/\" \/>\n<meta property=\"og:site_name\" content=\"Roovi B2B\" \/>\n<meta property=\"article:publisher\" content=\"https:\/\/www.facebook.com\/wwwjucariero\" \/>\n<meta property=\"article:modified_time\" content=\"2022-10-25T10:53:39+00:00\" \/>\n<meta property=\"og:image\" content=\"https:\/\/business.roovi.com\/wp-content\/uploads\/2018\/04\/65988-01-Ansamblu_dimensiuni-cutie-cm_vertical-3.png\" \/>\n\t<meta property=\"og:image:width\" content=\"1200\" \/>\n\t<meta property=\"og:image:height\" content=\"1200\" \/>\n\t<meta property=\"og:image:type\" content=\"image\/png\" \/>\n<meta name=\"twitter:label1\" content=\"Becs\u00fclt olvas\u00e1si id\u0151\" \/>\n\t<meta name=\"twitter:data1\" content=\"3 perc\" \/>\n<script type=\"application\/ld+json\" class=\"yoast-schema-graph\">{\"@context\":\"https:\/\/schema.org\",\"@graph\":[{\"@type\":\"WebPage\",\"@id\":\"https:\/\/business.roovi.com\/hu\/1000-darab-felnott-puzzle-feher-lo\/p\/\",\"url\":\"https:\/\/business.roovi.com\/hu\/1000-darab-felnott-puzzle-feher-lo\/p\/\",\"name\":\"1000 darab feln\u0151tt puzzle Feh\u00e9r l\u00f3\",\"isPartOf\":{\"@id\":\"https:\/\/business.roovi.com\/hu\/#website\"},\"datePublished\":\"2018-04-16T10:56:16+00:00\",\"dateModified\":\"2022-10-25T10:53:39+00:00\",\"description\":\"1000 darab feln\u0151tt puzzle Feh\u00e9r l\u00f3\",\"breadcrumb\":{\"@id\":\"https:\/\/business.roovi.com\/hu\/1000-darab-felnott-puzzle-feher-lo\/p\/#breadcrumb\"},\"inLanguage\":\"hu\",\"potentialAction\":[{\"@type\":\"ReadAction\",\"target\":[\"https:\/\/business.roovi.com\/hu\/1000-darab-felnott-puzzle-feher-lo\/p\/\"]}]},{\"@type\":\"BreadcrumbList\",\"@id\":\"https:\/\/business.roovi.com\/hu\/1000-darab-felnott-puzzle-feher-lo\/p\/#breadcrumb\",\"itemListElement\":[{\"@type\":\"ListItem\",\"position\":1,\"name\":\"Home\",\"item\":\"https:\/\/business.roovi.com\/hu\/\"},{\"@type\":\"ListItem\",\"position\":2,\"name\":\"Shop\",\"item\":\"https:\/\/business.roovi.com\/hu\/shop\/\"},{\"@type\":\"ListItem\",\"position\":3,\"name\":\"1000 darab feln\u0151tt puzzle Feh\u00e9r l\u00f3\"}]},{\"@type\":\"WebSite\",\"@id\":\"https:\/\/business.roovi.com\/hu\/#website\",\"url\":\"https:\/\/business.roovi.com\/hu\/\",\"name\":\"Roovi B2B\",\"description\":\"Roovi Business Website\",\"potentialAction\":[{\"@type\":\"SearchAction\",\"target\":{\"@type\":\"EntryPoint\",\"urlTemplate\":\"https:\/\/business.roovi.com\/hu\/?s={search_term_string}\"},\"query-input\":\"required name=search_term_string\"}],\"inLanguage\":\"hu\"}]}<\/script>\n<!-- \/ Yoast SEO plugin. -->","yoast_head_json":{"title":"1000 darab feln\u0151tt puzzle Feh\u00e9r l\u00f3","description":"1000 darab feln\u0151tt puzzle Feh\u00e9r l\u00f3","robots":{"index":"index","follow":"follow","max-snippet":"max-snippet:-1","max-image-preview":"max-image-preview:large","max-video-preview":"max-video-preview:-1"},"canonical":"https:\/\/business.roovi.com\/hu\/1000-darab-felnott-puzzle-feher-lo\/p\/","og_locale":"hu_HU","og_type":"article","og_title":"1000 darab feln\u0151tt puzzle Feh\u00e9r l\u00f3","og_description":"1000 darab feln\u0151tt puzzle Feh\u00e9r l\u00f3","og_url":"https:\/\/business.roovi.com\/hu\/1000-darab-felnott-puzzle-feher-lo\/p\/","og_site_name":"Roovi B2B","article_publisher":"https:\/\/www.facebook.com\/wwwjucariero","article_modified_time":"2022-10-25T10:53:39+00:00","og_image":[{"width":1200,"height":1200,"url":"https:\/\/business.roovi.com\/wp-content\/uploads\/2018\/04\/65988-01-Ansamblu_dimensiuni-cutie-cm_vertical-3.png","type":"image\/png"}],"twitter_misc":{"Becs\u00fclt olvas\u00e1si id\u0151":"3 perc"},"schema":{"@context":"https:\/\/schema.org","@graph":[{"@type":"WebPage","@id":"https:\/\/business.roovi.com\/hu\/1000-darab-felnott-puzzle-feher-lo\/p\/","url":"https:\/\/business.roovi.com\/hu\/1000-darab-felnott-puzzle-feher-lo\/p\/","name":"1000 darab feln\u0151tt puzzle Feh\u00e9r l\u00f3","isPartOf":{"@id":"https:\/\/business.roovi.com\/hu\/#website"},"datePublished":"2018-04-16T10:56:16+00:00","dateModified":"2022-10-25T10:53:39+00:00","description":"1000 darab feln\u0151tt puzzle Feh\u00e9r l\u00f3","breadcrumb":{"@id":"https:\/\/business.roovi.com\/hu\/1000-darab-felnott-puzzle-feher-lo\/p\/#breadcrumb"},"inLanguage":"hu","potentialAction":[{"@type":"ReadAction","target":["https:\/\/business.roovi.com\/hu\/1000-darab-felnott-puzzle-feher-lo\/p\/"]}]},{"@type":"BreadcrumbList","@id":"https:\/\/business.roovi.com\/hu\/1000-darab-felnott-puzzle-feher-lo\/p\/#breadcrumb","itemListElement":[{"@type":"ListItem","position":1,"name":"Home","item":"https:\/\/business.roovi.com\/hu\/"},{"@type":"ListItem","position":2,"name":"Shop","item":"https:\/\/business.roovi.com\/hu\/shop\/"},{"@type":"ListItem","position":3,"name":"1000 darab feln\u0151tt puzzle Feh\u00e9r l\u00f3"}]},{"@type":"WebSite","@id":"https:\/\/business.roovi.com\/hu\/#website","url":"https:\/\/business.roovi.com\/hu\/","name":"Roovi B2B","description":"Roovi Business Website","potentialAction":[{"@type":"SearchAction","target":{"@type":"EntryPoint","urlTemplate":"https:\/\/business.roovi.com\/hu\/?s={search_term_string}"},"query-input":"required name=search_term_string"}],"inLanguage":"hu"}]}},"_links":{"self":[{"href":"https:\/\/business.roovi.com\/hu\/wp-json\/wp\/v2\/product\/42627","targetHints":{"allow":["GET"]}}],"collection":[{"href":"https:\/\/business.roovi.com\/hu\/wp-json\/wp\/v2\/product"}],"about":[{"href":"https:\/\/business.roovi.com\/hu\/wp-json\/wp\/v2\/types\/product"}],"version-history":[{"count":0,"href":"https:\/\/business.roovi.com\/hu\/wp-json\/wp\/v2\/product\/42627\/revisions"}],"wp:featuredmedia":[{"embeddable":true,"href":"https:\/\/business.roovi.com\/hu\/wp-json\/wp\/v2\/media\/59949"}],"wp:attachment":[{"href":"https:\/\/business.roovi.com\/hu\/wp-json\/wp\/v2\/media?parent=42627"}],"wp:term":[{"taxonomy":"product_brand","embeddable":true,"href":"https:\/\/business.roovi.com\/hu\/wp-json\/wp\/v2\/product_brand?post=42627"},{"taxonomy":"product_cat","embeddable":true,"href":"https:\/\/business.roovi.com\/hu\/wp-json\/wp\/v2\/product_cat?post=42627"},{"taxonomy":"product_tag","embeddable":true,"href":"https:\/\/business.roovi.com\/hu\/wp-json\/wp\/v2\/product_tag?post=42627"}],"curies":[{"name":"wp","href":"https:\/\/api.w.org\/{rel}","templated":true}]}}