{"id":42631,"date":"2018-04-16T10:56:16","date_gmt":"2018-04-16T10:56:16","guid":{"rendered":"https:\/\/business.roovi.com\/puzzle-adulti-1000-piese-locuri-celebre-bruxelles\/p\/"},"modified":"2022-07-06T19:54:59","modified_gmt":"2022-07-06T19:54:59","slug":"1000-darabos-felnott-puzzle-hires-helyek-brusszel","status":"publish","type":"product","link":"https:\/\/business.roovi.com\/hu\/1000-darabos-felnott-puzzle-hires-helyek-brusszel\/p\/","title":{"rendered":"1000 darabos feln\u0151tt puzzle H\u00edres helyek &#8211; Br\u00fcsszel"},"content":{"rendered":"<p><strong><em>Sz\u00f3rakoztat\u00f3 h\u00e9tv\u00e9gi programot keresel? Fedezd fel az 1000 darabos feln\u0151tt puzzle gy\u0171jtem\u00e9nyt &#8211; H\u00edres helyek, \u00e9s t\u00f6ltsd el szabadid\u0151d sz\u00f3rakoztat\u00f3an a vil\u00e1g minden t\u00e1j\u00e1r\u00f3l sz\u00e1rmaz\u00f3 \u00e1lomk\u00e9pek kit\u00f6lt\u00e9s\u00e9vel.<\/em><\/strong><\/p>\n<p><span style=\"font-weight: 400\">Br\u00fcsszel gazdag t\u00f6rt\u00e9nelemmel \u00e9s nagyszer\u0171 \u00e9p\u00edt\u00e9szettel rendelkez\u0151 v\u00e1ros, amely a vil\u00e1gt\u00e9rk\u00e9pen reprezentat\u00edv eur\u00f3pai multikultur\u00e1lis k\u00f6zpontk\u00e9nt szerepel. A t\u00f6rt\u00e9nelem sor\u00e1n sz\u00e1mos koron\u00e1s fejnek volt a rezidenci\u00e1ja, valamint fontos kereskedelmi epicentrum.<\/span><\/p>\n<p><span style=\"font-weight: 400\">A kozmopolita v\u00e1ros, amelynek lakoss\u00e1g\u00e1nak 27%-a k\u00fclf\u00f6ldi, Br\u00fcsszel az Eur\u00f3pai Uni\u00f3 f\u0151v\u00e1ros\u00e1nak sz\u00e1m\u00edt, \u00e9s itt tal\u00e1lhat\u00f3ak a legreprezentat\u00edvabb int\u00e9zm\u00e9nyek, p\u00e9ld\u00e1ul az Eur\u00f3pai Parlament \u00e9s az Eur\u00f3pai Uni\u00f3 Tan\u00e1csa.<\/span><\/p>\n<p><span style=\"font-weight: 400\">Az 1000 darabos br\u00fcsszeli puzzle seg\u00edts\u00e9g\u00e9vel \u00fajraalkothatja a r\u00e9gi v\u00e1rosk\u00f6zpont k\u00e9p\u00e9t, amely leny\u0171g\u00f6z\u0151 helysz\u00edn, ahonnan megcsod\u00e1lhatja a k\u00f6rny\u00e9k impoz\u00e1ns \u00e9p\u00fcleteit. Ha szereti felfedezni az eur\u00f3pai v\u00e1rosok pezsg\u0151 hangulat\u00e1t, ez a k\u00e9p biztosan megragadja a figyelm\u00e9t <\/span><\/p>\n<p><strong>Mi\u00e9rt v\u00e1lasszon egy 1000 darabos puzzle-t a H\u00edres helyek gy\u0171jtem\u00e9nyb\u0151l?<\/strong><\/p>\n<p><span style=\"font-weight: 400\">Egy kirak\u00f3s j\u00e1t\u00e9k egy turisztikai l\u00e1tv\u00e1nyoss\u00e1g k\u00e9p\u00e9vel lehet\u0151s\u00e9get ny\u00fajt a kikapcsol\u00f3d\u00e1sra \u00e9s a mindennapi \u00e9letb\u0151l val\u00f3 kikapcsol\u00f3d\u00e1sra.<\/span><\/p>\n<p><span style=\"font-weight: 400\">Egy 68 x 47 cm-es k\u00e9pet kapsz, amely szem\u00e9lyis\u00e9get k\u00f6lcs\u00f6n\u00f6z otthonod b\u00e1rmely unalmas hely\u00e9nek.<\/span><\/p>\n<p><span style=\"font-weight: 400\">Kiv\u00e1l\u00f3 min\u0151s\u00e9g\u0171 kartonb\u00f3l k\u00e9sz\u00fclt, ami t\u00f6bbsz\u00f6ri haszn\u00e1lat ut\u00e1n is tart\u00f3ss\u00e1got biztos\u00edt a daraboknak.<\/span><\/p>\n<p><span style=\"font-weight: 400\">Minden feln\u0151tt puzzle k\u00f6rnyezetbar\u00e1t, fenntarthat\u00f3 \u00e9s \u00fajrahasznos\u00edthat\u00f3 anyagokb\u00f3l k\u00e9sz\u00fclt.<\/span><\/p>\n<p><span style=\"font-weight: 400\">F\u00e9lf\u00e9nyes kivitel\u0171, kellemes sz\u00ednekkel rendelkezik, amelyek kiemelik a k\u00e9p sz\u00e9ps\u00e9g\u00e9t.<\/span><\/p>\n<p><span style=\"font-weight: 400\">14 \u00e9v felettiek sz\u00e1m\u00e1ra alkalmas, remek ok arra, hogy min\u0151s\u00e9gi id\u0151t t\u00f6lts\u00f6n a tin\u00e9dzserekkel.<\/span><\/p>\n<p><span style=\"font-weight: 400\">A kirak\u00f3s j\u00e1t\u00e9k nagyszer\u0171 agytorna, mindk\u00e9t agyf\u00e9ltek\u00e9t megdolgoztatja, seg\u00edt a mem\u00f3ria fejleszt\u00e9s\u00e9ben.<\/span><\/p>\n<p><span style=\"font-weight: 400\">Fenntartja a koordin\u00e1ci\u00f3t, a finom mozg\u00e9konys\u00e1got \u00e9s a k\u00e9z\u00fcgyess\u00e9get <\/span><\/p>\n<p><strong>Tudtad, hogy&#8230;?<\/strong><\/p>\n<p><span style=\"font-weight: 400\">Br\u00fcsszelben mintegy 80 m\u00fazeum tal\u00e1lhat\u00f3 <\/span><\/p>\n<p><span style=\"font-weight: 400\">A br\u00fcsszeli Igazs\u00e1g\u00fcgyi Palota a vil\u00e1g legnagyobb ilyen jelleg\u0171 \u00e9p\u00fclete, amely 26 000 n\u00e9gyzetm\u00e9teren ter\u00fcl el.<\/span><\/p>\n<p><span style=\"font-weight: 400\">A csokol\u00e1d\u00e9pralin\u00e9t 1912-ben tal\u00e1lta fel Br\u00fcsszelben a belga Jean Neuhaus II.<\/span><\/p>\n<p><span style=\"font-weight: 400\">A br\u00fcsszeli nemzetk\u00f6zi rep\u00fcl\u0151t\u00e9r adja el a vil\u00e1g legnagyobb mennyis\u00e9g\u0171 csokol\u00e1d\u00e9j\u00e1t.<\/span><\/p>\n<p><span style=\"font-weight: 400\">A vil\u00e1gon m\u00e9g 2 m\u00e1sik v\u00e1ros neve Br\u00fcsszel, egy az Egyes\u00fclt \u00c1llamokban \u00e9s egy Kanad\u00e1ban.<\/span><\/p>\n<p><strong>Az 1000 darabos kirak\u00f3sok \u00f6sszehozz\u00e1k a csal\u00e1dot \u00e9s a bar\u00e1tokat <\/strong><\/p>\n<p><span style=\"font-weight: 400\">Fontolja meg, hogy 1000 darabos puzzle-t rak \u00f6ssze a vil\u00e1g egy h\u00edres hely\u00e9nek k\u00e9p\u00e9vel, ami szuper sz\u00f3rakoztat\u00f3 tev\u00e9kenys\u00e9g az eg\u00e9sz csal\u00e1d vagy a bar\u00e1ti t\u00e1rsas\u00e1g sz\u00e1m\u00e1ra <\/span><\/p>\n<p><span style=\"font-weight: 400\">A gyerekek szuper izgatottan fogj\u00e1k t\u00f6lteni az id\u0151t azzal, hogy egy\u00fctt rakj\u00e1k \u00f6ssze a gy\u00f6ny\u00f6r\u0171 1000 darabos puzzle k\u00e9peket. \u00cdgy er\u0151s\u00edtheted a csal\u00e1di kapcsolatokat, \u00e9s seg\u00edthetsz a tizen\u00e9veseknek \u00f6nbizalmat szerezni.<\/span><\/p>\n<p><span style=\"font-weight: 400\">Fedezze fel az 1000 darabos br\u00fcsszeli puzzle-t a H\u00edres helyek puzzle kollekci\u00f3b\u00f3l, \u00e9s kapcsol\u00f3djon be az eur\u00f3pai v\u00e1ros kozmopolita szellem\u00e9be. V\u00e1laszd ezt a gy\u00f6ny\u00f6r\u0171en r\u00e9szletezett kirak\u00f3s j\u00e1t\u00e9kot, hogy b\u00e1rmikor \u00e1tdolgozd, amikor \u00fagy \u00e9rzed, hogy sz\u00fcks\u00e9ged van egy kreat\u00edv kih\u00edv\u00e1sra <\/span><\/p><\/p>\n","protected":false},"excerpt":{"rendered":"<p>Sz\u00f3rakoztat\u00f3 h\u00e9tv\u00e9gi programot keresel? Fedezd fel az 1000 darabos feln\u0151tt puzzle gy\u0171jtem\u00e9nyt &#8211; H\u00edres helyek, \u00e9s t\u00f6ltsd el szabadid\u0151d sz\u00f3rakoztat\u00f3an<\/p>\n","protected":false},"featured_media":33159,"template":"","meta":[],"product_brand":[],"product_cat":[1920,1919,1881],"product_tag":[],"class_list":{"0":"post-42631","1":"product","2":"type-product","3":"status-publish","4":"has-post-thumbnail","6":"product_cat-1000-darabos-kirakos-jatek","7":"product_cat-felnott-kirakos-jatekok","8":"product_cat-kirakos-jatekok","9":"pa_bax-10-hu","10":"pa_brand-d_toys-hu","11":"pa_country_of_manufacture-ro-hu","12":"pa_filter_age-14-hu","13":"pa_painter-hires-helyek","14":"pa_tip_ambalaj-doboz","15":"pa_tip_puzzle-klasszikus","17":"first","18":"instock","19":"taxable","20":"shipping-taxable","21":"product-type-simple"},"yoast_head":"<!-- This site is optimized with the Yoast SEO plugin v20.1 - https:\/\/yoast.com\/wordpress\/plugins\/seo\/ -->\n<title>1000 darabos feln\u0151tt puzzle H\u00edres helyek - Br\u00fcsszel<\/title>\n<meta name=\"description\" content=\"1000 darabos feln\u0151tt puzzle H\u00edres helyek - Br\u00fcsszel\" \/>\n<meta name=\"robots\" content=\"index, follow, max-snippet:-1, max-image-preview:large, max-video-preview:-1\" \/>\n<link rel=\"canonical\" href=\"https:\/\/business.roovi.com\/hu\/1000-darabos-felnott-puzzle-hires-helyek-brusszel\/p\/\" \/>\n<meta property=\"og:locale\" content=\"hu_HU\" \/>\n<meta property=\"og:type\" content=\"article\" \/>\n<meta property=\"og:title\" content=\"1000 darabos feln\u0151tt puzzle H\u00edres helyek - Br\u00fcsszel\" \/>\n<meta property=\"og:description\" content=\"1000 darabos feln\u0151tt puzzle H\u00edres helyek - Br\u00fcsszel\" \/>\n<meta property=\"og:url\" content=\"https:\/\/business.roovi.com\/hu\/1000-darabos-felnott-puzzle-hires-helyek-brusszel\/p\/\" \/>\n<meta property=\"og:site_name\" content=\"Roovi B2B\" \/>\n<meta property=\"article:publisher\" content=\"https:\/\/www.facebook.com\/wwwjucariero\" \/>\n<meta property=\"article:modified_time\" content=\"2022-07-06T19:54:59+00:00\" \/>\n<meta property=\"og:image\" content=\"https:\/\/business.roovi.com\/wp-content\/uploads\/2018\/04\/64288-01_ansamblu_dimensiuni_cutie_cm_orizontal.png\" \/>\n\t<meta property=\"og:image:width\" content=\"2000\" \/>\n\t<meta property=\"og:image:height\" content=\"2000\" \/>\n\t<meta property=\"og:image:type\" content=\"image\/png\" \/>\n<meta name=\"twitter:label1\" content=\"Becs\u00fclt olvas\u00e1si id\u0151\" \/>\n\t<meta name=\"twitter:data1\" content=\"3 perc\" \/>\n<script type=\"application\/ld+json\" class=\"yoast-schema-graph\">{\"@context\":\"https:\/\/schema.org\",\"@graph\":[{\"@type\":\"WebPage\",\"@id\":\"https:\/\/business.roovi.com\/hu\/1000-darabos-felnott-puzzle-hires-helyek-brusszel\/p\/\",\"url\":\"https:\/\/business.roovi.com\/hu\/1000-darabos-felnott-puzzle-hires-helyek-brusszel\/p\/\",\"name\":\"1000 darabos feln\u0151tt puzzle H\u00edres helyek - Br\u00fcsszel\",\"isPartOf\":{\"@id\":\"https:\/\/business.roovi.com\/hu\/#website\"},\"datePublished\":\"2018-04-16T10:56:16+00:00\",\"dateModified\":\"2022-07-06T19:54:59+00:00\",\"description\":\"1000 darabos feln\u0151tt puzzle H\u00edres helyek - Br\u00fcsszel\",\"breadcrumb\":{\"@id\":\"https:\/\/business.roovi.com\/hu\/1000-darabos-felnott-puzzle-hires-helyek-brusszel\/p\/#breadcrumb\"},\"inLanguage\":\"hu\",\"potentialAction\":[{\"@type\":\"ReadAction\",\"target\":[\"https:\/\/business.roovi.com\/hu\/1000-darabos-felnott-puzzle-hires-helyek-brusszel\/p\/\"]}]},{\"@type\":\"BreadcrumbList\",\"@id\":\"https:\/\/business.roovi.com\/hu\/1000-darabos-felnott-puzzle-hires-helyek-brusszel\/p\/#breadcrumb\",\"itemListElement\":[{\"@type\":\"ListItem\",\"position\":1,\"name\":\"Home\",\"item\":\"https:\/\/business.roovi.com\/hu\/\"},{\"@type\":\"ListItem\",\"position\":2,\"name\":\"Shop\",\"item\":\"https:\/\/business.roovi.com\/hu\/shop\/\"},{\"@type\":\"ListItem\",\"position\":3,\"name\":\"1000 darabos feln\u0151tt puzzle H\u00edres helyek &#8211; Br\u00fcsszel\"}]},{\"@type\":\"WebSite\",\"@id\":\"https:\/\/business.roovi.com\/hu\/#website\",\"url\":\"https:\/\/business.roovi.com\/hu\/\",\"name\":\"Roovi B2B\",\"description\":\"Roovi Business Website\",\"potentialAction\":[{\"@type\":\"SearchAction\",\"target\":{\"@type\":\"EntryPoint\",\"urlTemplate\":\"https:\/\/business.roovi.com\/hu\/?s={search_term_string}\"},\"query-input\":\"required name=search_term_string\"}],\"inLanguage\":\"hu\"}]}<\/script>\n<!-- \/ Yoast SEO plugin. -->","yoast_head_json":{"title":"1000 darabos feln\u0151tt puzzle H\u00edres helyek - Br\u00fcsszel","description":"1000 darabos feln\u0151tt puzzle H\u00edres helyek - Br\u00fcsszel","robots":{"index":"index","follow":"follow","max-snippet":"max-snippet:-1","max-image-preview":"max-image-preview:large","max-video-preview":"max-video-preview:-1"},"canonical":"https:\/\/business.roovi.com\/hu\/1000-darabos-felnott-puzzle-hires-helyek-brusszel\/p\/","og_locale":"hu_HU","og_type":"article","og_title":"1000 darabos feln\u0151tt puzzle H\u00edres helyek - Br\u00fcsszel","og_description":"1000 darabos feln\u0151tt puzzle H\u00edres helyek - Br\u00fcsszel","og_url":"https:\/\/business.roovi.com\/hu\/1000-darabos-felnott-puzzle-hires-helyek-brusszel\/p\/","og_site_name":"Roovi B2B","article_publisher":"https:\/\/www.facebook.com\/wwwjucariero","article_modified_time":"2022-07-06T19:54:59+00:00","og_image":[{"width":2000,"height":2000,"url":"https:\/\/business.roovi.com\/wp-content\/uploads\/2018\/04\/64288-01_ansamblu_dimensiuni_cutie_cm_orizontal.png","type":"image\/png"}],"twitter_misc":{"Becs\u00fclt olvas\u00e1si id\u0151":"3 perc"},"schema":{"@context":"https:\/\/schema.org","@graph":[{"@type":"WebPage","@id":"https:\/\/business.roovi.com\/hu\/1000-darabos-felnott-puzzle-hires-helyek-brusszel\/p\/","url":"https:\/\/business.roovi.com\/hu\/1000-darabos-felnott-puzzle-hires-helyek-brusszel\/p\/","name":"1000 darabos feln\u0151tt puzzle H\u00edres helyek - Br\u00fcsszel","isPartOf":{"@id":"https:\/\/business.roovi.com\/hu\/#website"},"datePublished":"2018-04-16T10:56:16+00:00","dateModified":"2022-07-06T19:54:59+00:00","description":"1000 darabos feln\u0151tt puzzle H\u00edres helyek - Br\u00fcsszel","breadcrumb":{"@id":"https:\/\/business.roovi.com\/hu\/1000-darabos-felnott-puzzle-hires-helyek-brusszel\/p\/#breadcrumb"},"inLanguage":"hu","potentialAction":[{"@type":"ReadAction","target":["https:\/\/business.roovi.com\/hu\/1000-darabos-felnott-puzzle-hires-helyek-brusszel\/p\/"]}]},{"@type":"BreadcrumbList","@id":"https:\/\/business.roovi.com\/hu\/1000-darabos-felnott-puzzle-hires-helyek-brusszel\/p\/#breadcrumb","itemListElement":[{"@type":"ListItem","position":1,"name":"Home","item":"https:\/\/business.roovi.com\/hu\/"},{"@type":"ListItem","position":2,"name":"Shop","item":"https:\/\/business.roovi.com\/hu\/shop\/"},{"@type":"ListItem","position":3,"name":"1000 darabos feln\u0151tt puzzle H\u00edres helyek &#8211; Br\u00fcsszel"}]},{"@type":"WebSite","@id":"https:\/\/business.roovi.com\/hu\/#website","url":"https:\/\/business.roovi.com\/hu\/","name":"Roovi B2B","description":"Roovi Business Website","potentialAction":[{"@type":"SearchAction","target":{"@type":"EntryPoint","urlTemplate":"https:\/\/business.roovi.com\/hu\/?s={search_term_string}"},"query-input":"required name=search_term_string"}],"inLanguage":"hu"}]}},"_links":{"self":[{"href":"https:\/\/business.roovi.com\/hu\/wp-json\/wp\/v2\/product\/42631","targetHints":{"allow":["GET"]}}],"collection":[{"href":"https:\/\/business.roovi.com\/hu\/wp-json\/wp\/v2\/product"}],"about":[{"href":"https:\/\/business.roovi.com\/hu\/wp-json\/wp\/v2\/types\/product"}],"version-history":[{"count":0,"href":"https:\/\/business.roovi.com\/hu\/wp-json\/wp\/v2\/product\/42631\/revisions"}],"wp:featuredmedia":[{"embeddable":true,"href":"https:\/\/business.roovi.com\/hu\/wp-json\/wp\/v2\/media\/33159"}],"wp:attachment":[{"href":"https:\/\/business.roovi.com\/hu\/wp-json\/wp\/v2\/media?parent=42631"}],"wp:term":[{"taxonomy":"product_brand","embeddable":true,"href":"https:\/\/business.roovi.com\/hu\/wp-json\/wp\/v2\/product_brand?post=42631"},{"taxonomy":"product_cat","embeddable":true,"href":"https:\/\/business.roovi.com\/hu\/wp-json\/wp\/v2\/product_cat?post=42631"},{"taxonomy":"product_tag","embeddable":true,"href":"https:\/\/business.roovi.com\/hu\/wp-json\/wp\/v2\/product_tag?post=42631"}],"curies":[{"name":"wp","href":"https:\/\/api.w.org\/{rel}","templated":true}]}}