{"id":42639,"date":"2018-04-16T10:56:16","date_gmt":"2018-04-16T10:56:16","guid":{"rendered":"https:\/\/business.roovi.com\/puzzle-1000-piese-imagini-din-romania-manastirea-voronet\/p\/"},"modified":"2022-07-06T19:59:21","modified_gmt":"2022-07-06T19:59:21","slug":"puzzle-1000-darab-kepek-romaniabol-voronet-kolostor","status":"publish","type":"product","link":"https:\/\/business.roovi.com\/hu\/puzzle-1000-darab-kepek-romaniabol-voronet-kolostor\/p\/","title":{"rendered":"Puzzle 1000 darab &#8211; K\u00e9pek Rom\u00e1ni\u00e1b\u00f3l &#8211; Vorone\u021b kolostor"},"content":{"rendered":"<p><span style=\"font-weight: 400\">A Vorone\u021b-kolostor az egyik emblematikus k\u00e9p, amely esz\u00fcnkbe jut, ha Bukovin\u00e1r\u00f3l besz\u00e9l\u00fcnk.<\/span><\/p>\n<p><span style=\"font-weight: 400\">Egy pomp\u00e1s remekm\u0171, amely az \u00f6sszes t\u00f6bbi kolostort\u00f3l k\u00fcl\u00f6nb\u00f6zik a term\u00e9szetes pigmentek felhaszn\u00e1l\u00e1s\u00e1val \u00e9s az id\u0151k k\u00f6d\u00e9be veszett fest\u00e9si technik\u00e1kkal el\u00e9rt leny\u0171g\u00f6z\u0151 sz\u00edneivel, amelyeknek k\u00f6sz\u00f6nhet\u0151en a falfestm\u00e9nyek a nem \u00e9ppen kedvez\u0151 \u00e9ghajlati viszonyok ellen\u00e9re is ellen\u00e1lltak az id\u0151 m\u00fal\u00e1s\u00e1val <\/span><\/p>\n<p><span style=\"font-weight: 400\">A Vorone\u021b-kolostor k\u00fcl\u00f6n\u00f6sen figyelemre m\u00e9lt\u00f3 a k\u00fcls\u0151 falfestm\u00e9nye miatt, amely az alapt\u00f3l a tet\u0151ig teljesen bebor\u00edtja a falat, de k\u00fcl\u00f6n\u00f6sen a k\u00e9k egyedi \u00e1rnyalata miatt, amely a &#8222;Vorone\u021b-k\u00e9k&#8221; nevet kapta.<\/span><\/p>\n<p><span style=\"font-weight: 400\">\u00cdgy megh\u00edvjuk \u00d6nt egy k\u00e9pzeletbeli utaz\u00e1sra Bucovin\u00e1n kereszt\u00fcl, hogy felfedezze a moldvai fest\u0151k \u00e1ltal a moldvai kolostorok festm\u00e9nyeiben elrejtett finom r\u00e9szleteket, \u00e9s \u00e9lvezze a t\u00e1jat meg\u00faj\u00edt\u00f3 minden egyes darabot egy 1000 darabos puzzle seg\u00edts\u00e9g\u00e9vel, amely h\u0171en reproduk\u00e1lja a h\u00edres kolostorok k\u00e9peit.<\/span><\/p>\n<h2><span style=\"font-weight: 400\">Mi\u00e9rt v\u00e1lasszon egy feln\u0151tt 1000 darabos puzzle-t Rom\u00e1nia k\u00e9pei<\/span><\/h2>\n<ul>\n<li><span style=\"font-weight: 400\">A kirak\u00f3s j\u00e1t\u00e9k pihentet\u0151 m\u00f3dja annak, hogy felfedezz\u00fck a vil\u00e1g minden t\u00e1j\u00e1n kedvelt l\u00e1tnival\u00f3k sz\u00e9ps\u00e9g\u00e9t \u00e9s egyedis\u00e9g\u00e9t.<\/span><\/li>\n<li><span style=\"font-weight: 400\">A v\u00e9g\u00e9n kap egy k\u00e9pet a Voroneti kolostorr\u00f3l, amelyet k\u00f6nnyen bekeretezhet.<\/span><\/li>\n<li><span style=\"font-weight: 400\">A kirak\u00f3s m\u00e9rete 68 x 47 cm, el\u00e9g nagy ahhoz, hogy dekorat\u00edv asztald\u00edsz legyen.<\/span><\/li>\n<li><span style=\"font-weight: 400\">A darabok er\u0151s, kiv\u00e1l\u00f3 min\u0151s\u00e9g\u0171 kartonb\u00f3l k\u00e9sz\u00fcltek, \u00edgy a k\u00e9p t\u00f6bbsz\u00f6r is \u00f6sszerakhat\u00f3 an\u00e9lk\u00fcl, hogy a darabok megs\u00e9r\u00fcln\u00e9nek.<\/span><\/li>\n<li><span style=\"font-weight: 400\">Minden egyes puzzle elk\u00e9sz\u00edt\u00e9s\u00e9hez \u00fajrahasznos\u00edthat\u00f3 \u00e9s fenntarthat\u00f3 anyagokat haszn\u00e1lunk.<\/span><\/li>\n<li><span style=\"font-weight: 400\">A kellemes, f\u00e9lf\u00e9nyes fel\u00fclet kiemeli a k\u00e9p \u00e9l\u00e9nk sz\u00edneit.<\/span><\/li>\n<li><span style=\"font-weight: 400\">A kirak\u00f3s j\u00e1t\u00e9k \u00e9rt\u00e9kes szellemi tr\u00e9ning, mindk\u00e9t agyf\u00e9ltek\u00e9t kih\u00edv\u00e1s el\u00e9 \u00e1ll\u00edtja, \u00e9s jav\u00edtja a mem\u00f3ri\u00e1t.<\/span><\/li>\n<li><span style=\"font-weight: 400\">\u00c9lvezetes m\u00f3dja a koordin\u00e1ci\u00f3, a motoros k\u00e9szs\u00e9gek \u00e9s a k\u00e9z\u00fcgyess\u00e9g edz\u00e9s\u00e9nek \u00e9s fenntart\u00e1s\u00e1nak b\u00e1rmely \u00e9letkorban.<\/span><\/li>\n<li><span style=\"font-weight: 400\">N\u00f6veli a r\u00e9szletekre val\u00f3 figyelmet \u00e9s a koncentr\u00e1ci\u00f3t.<\/span><\/li>\n<li><span style=\"font-weight: 400\">A j\u00e1t\u00e9k 14 \u00e9ves kort\u00f3l alkalmas, k\u00f6zepes bonyolults\u00e1gi fok\u00fa <\/span><\/li>\n<\/ul>\n<h2><span style=\"font-weight: 400\">Tudtad<\/span><\/h2>\n<p><span style=\"font-weight: 400\">A Vorone\u021b kolostortemplomot leny\u0171g\u00f6z\u0151 \u00e9s j\u00f3l meg\u0151rz\u00f6tt falfestm\u00e9nyei miatt a &#8222;Kelet Sixtus-k\u00e1poln\u00e1j\u00e1nak&#8221; is nevezik, \u00e9s minden bukovinai \u00fatvonalon szerepl\u0151 turisztikai l\u00e1tv\u00e1nyoss\u00e1g.<\/span><\/p>\n<p><span style=\"font-weight: 400\">Ez Nagy Istv\u00e1n egyik legfontosabb alap\u00edtv\u00e1nya, amelyet 1488-ban mind\u00f6ssze 3 h\u00f3nap \u00e9s 3 h\u00e9t alatt \u00e9p\u00edtettek fel &#8211; az akkori lehet\u0151s\u00e9geket tekintve igen leny\u0171g\u00f6z\u0151 <\/span><\/p>\n<p><span style=\"font-weight: 400\">1918-ban t\u00f6rt\u00e9nelmi m\u0171eml\u00e9kk\u00e9 nyilv\u00e1n\u00edtott\u00e1k, 1993 \u00f3ta pedig a Vorone\u021b kolostor temploma az UNESCO Vil\u00e1g\u00f6r\u00f6ks\u00e9gi List\u00e1j\u00e1n szerepel, m\u00e1s \u00e9szak-moldvai kolostorokkal egy\u00fctt, felbecs\u00fclhetetlen \u00e9rt\u00e9k\u0171 kultur\u00e1lis szimb\u00f3lumk\u00e9nt <\/span><\/p>\n<p><span style=\"font-weight: 400\">A templom falain \u00e1br\u00e1zolt vall\u00e1si szimb\u00f3lumok k\u00f6z\u00fcl a 12 \u00e1llat\u00f6vi jelet a Megv\u00e1lt\u00f3 k\u00f6zvetlen k\u00f6zel\u00e9ben festett\u00e9k meg &#8211; ami vall\u00e1si festm\u00e9nyek eset\u00e9ben igen szokatlan <\/span><\/p>\n<p><span style=\"font-weight: 400\">A Vorone\u021b-kolostor tev\u00e9kenys\u00e9ge csak 1991-ben indult \u00fajra, miut\u00e1n 1785-ben, Bukovina Habsburg Birodalomhoz val\u00f3 csatol\u00e1sakor megsz\u0171nt.<\/span><\/p>\n<h2><span style=\"font-weight: 400\">1000 darabos feln\u0151tt puzzle &#8211; kikapcsol\u00f3d\u00e1s az \u00e9let gyors temp\u00f3j\u00e1b\u00f3l<\/span><\/h2>\n<p><span style=\"font-weight: 400\">Fedezze fel Rom\u00e1ni\u00e1t k\u00e9pekben egy kirak\u00f3s seg\u00edts\u00e9g\u00e9vel, \u00e9s rakja \u00f6ssze darabr\u00f3l darabra a Vorone\u021b-i kolostortemplom k\u00e9p\u00e9t, amely mind fel\u00e9p\u00edt\u00e9s\u00e9ben, mind sz\u00edneiben leny\u0171g\u00f6z\u0151.<\/span><\/p>\n<p><span style=\"font-weight: 400\">\u00cdme, mennyi, legal\u00e1bbis \u00e9rdekes okod van most arra, hogy felfedezd a Vorone\u021b kolostor pomp\u00e1s \u00e9s leny\u0171g\u00f6z\u0151 templom\u00e1t, egy 1000 darabos puzzle form\u00e1j\u00e1ban, amelyet egyed\u00fcl vagy szeretteiddel egy\u00fctt rakhatsz \u00f6ssze, t\u00f6bb id\u0151t t\u00f6ltve egy\u00fctt <\/span><\/p>\n<p><span style=\"font-weight: 400\">R\u00e1ad\u00e1sul a rom\u00e1niai k\u00e9peket tartalmaz\u00f3 kirak\u00f3s kirak\u00e1sa nagyon kellemes tev\u00e9kenys\u00e9g, amely \u00f6sszek\u00f6t \u00f6nmagunkkal \u00e9s a sz\u00e1rmaz\u00e1sunkkal. Olyan tev\u00e9kenys\u00e9g, amely sor\u00e1n elgondolkodhat \u00e9s egyetlen cselekv\u00e9sre \u00f6sszpontos\u00edthat. Ily m\u00f3don elszakadsz a rohan\u00f3 \u00e9lettemp\u00f3t\u00f3l, \u00e9s n\u00e9h\u00e1ny \u00f3r\u00e1t csendesedsz, ami tiszt\u00e1bb\u00e1 teszi a gondolkod\u00e1sodat.  <\/span><\/p>\n<p><span style=\"font-weight: 400\"> <\/span><\/p>\n","protected":false},"excerpt":{"rendered":"<p>A Vorone\u021b-kolostor az egyik emblematikus k\u00e9p, amely esz\u00fcnkbe jut, ha Bukovin\u00e1r\u00f3l besz\u00e9l\u00fcnk. Egy pomp\u00e1s remekm\u0171, amely az \u00f6sszes t\u00f6bbi kolostort\u00f3l<\/p>\n","protected":false},"featured_media":33187,"template":"","meta":[],"product_brand":[],"product_cat":[1920,1919,1881],"product_tag":[],"class_list":{"0":"post-42639","1":"product","2":"type-product","3":"status-publish","4":"has-post-thumbnail","6":"product_cat-1000-darabos-kirakos-jatek","7":"product_cat-felnott-kirakos-jatekok","8":"product_cat-kirakos-jatekok","9":"pa_bax-10-hu","10":"pa_brand-d_toys-hu","11":"pa_country_of_manufacture-ro-hu","12":"pa_filter_age-14-hu","13":"pa_painter-romania-hu","14":"pa_tip_ambalaj-doboz","15":"pa_tip_puzzle-klasszikus","17":"first","18":"instock","19":"taxable","20":"shipping-taxable","21":"product-type-simple"},"yoast_head":"<!-- This site is optimized with the Yoast SEO plugin v20.1 - https:\/\/yoast.com\/wordpress\/plugins\/seo\/ -->\n<title>Puzzle 1000 darab - K\u00e9pek Rom\u00e1ni\u00e1b\u00f3l - Vorone\u021b kolostor<\/title>\n<meta name=\"description\" content=\"Puzzle 1000 darab - K\u00e9pek Rom\u00e1ni\u00e1b\u00f3l - Vorone\u021b kolostor\" \/>\n<meta name=\"robots\" content=\"index, follow, max-snippet:-1, max-image-preview:large, max-video-preview:-1\" \/>\n<link rel=\"canonical\" href=\"https:\/\/business.roovi.com\/hu\/puzzle-1000-darab-kepek-romaniabol-voronet-kolostor\/p\/\" \/>\n<meta property=\"og:locale\" content=\"hu_HU\" \/>\n<meta property=\"og:type\" content=\"article\" \/>\n<meta property=\"og:title\" content=\"Puzzle 1000 darab - K\u00e9pek Rom\u00e1ni\u00e1b\u00f3l - Vorone\u021b kolostor\" \/>\n<meta property=\"og:description\" content=\"Puzzle 1000 darab - K\u00e9pek Rom\u00e1ni\u00e1b\u00f3l - Vorone\u021b kolostor\" \/>\n<meta property=\"og:url\" content=\"https:\/\/business.roovi.com\/hu\/puzzle-1000-darab-kepek-romaniabol-voronet-kolostor\/p\/\" \/>\n<meta property=\"og:site_name\" content=\"Roovi B2B\" \/>\n<meta property=\"article:publisher\" content=\"https:\/\/www.facebook.com\/wwwjucariero\" \/>\n<meta property=\"article:modified_time\" content=\"2022-07-06T19:59:21+00:00\" \/>\n<meta property=\"og:image\" content=\"https:\/\/business.roovi.com\/wp-content\/uploads\/2018\/04\/63038_02.jpg\" \/>\n\t<meta property=\"og:image:width\" content=\"1200\" \/>\n\t<meta property=\"og:image:height\" content=\"1200\" \/>\n\t<meta property=\"og:image:type\" content=\"image\/jpeg\" \/>\n<meta name=\"twitter:label1\" content=\"Becs\u00fclt olvas\u00e1si id\u0151\" \/>\n\t<meta name=\"twitter:data1\" content=\"4 perc\" \/>\n<script type=\"application\/ld+json\" class=\"yoast-schema-graph\">{\"@context\":\"https:\/\/schema.org\",\"@graph\":[{\"@type\":\"WebPage\",\"@id\":\"https:\/\/business.roovi.com\/hu\/puzzle-1000-darab-kepek-romaniabol-voronet-kolostor\/p\/\",\"url\":\"https:\/\/business.roovi.com\/hu\/puzzle-1000-darab-kepek-romaniabol-voronet-kolostor\/p\/\",\"name\":\"Puzzle 1000 darab - K\u00e9pek Rom\u00e1ni\u00e1b\u00f3l - Vorone\u021b kolostor\",\"isPartOf\":{\"@id\":\"https:\/\/business.roovi.com\/hu\/#website\"},\"datePublished\":\"2018-04-16T10:56:16+00:00\",\"dateModified\":\"2022-07-06T19:59:21+00:00\",\"description\":\"Puzzle 1000 darab - K\u00e9pek Rom\u00e1ni\u00e1b\u00f3l - Vorone\u021b kolostor\",\"breadcrumb\":{\"@id\":\"https:\/\/business.roovi.com\/hu\/puzzle-1000-darab-kepek-romaniabol-voronet-kolostor\/p\/#breadcrumb\"},\"inLanguage\":\"hu\",\"potentialAction\":[{\"@type\":\"ReadAction\",\"target\":[\"https:\/\/business.roovi.com\/hu\/puzzle-1000-darab-kepek-romaniabol-voronet-kolostor\/p\/\"]}]},{\"@type\":\"BreadcrumbList\",\"@id\":\"https:\/\/business.roovi.com\/hu\/puzzle-1000-darab-kepek-romaniabol-voronet-kolostor\/p\/#breadcrumb\",\"itemListElement\":[{\"@type\":\"ListItem\",\"position\":1,\"name\":\"Home\",\"item\":\"https:\/\/business.roovi.com\/hu\/\"},{\"@type\":\"ListItem\",\"position\":2,\"name\":\"Shop\",\"item\":\"https:\/\/business.roovi.com\/hu\/shop\/\"},{\"@type\":\"ListItem\",\"position\":3,\"name\":\"Puzzle 1000 darab &#8211; K\u00e9pek Rom\u00e1ni\u00e1b\u00f3l &#8211; Vorone\u021b kolostor\"}]},{\"@type\":\"WebSite\",\"@id\":\"https:\/\/business.roovi.com\/hu\/#website\",\"url\":\"https:\/\/business.roovi.com\/hu\/\",\"name\":\"Roovi B2B\",\"description\":\"Roovi Business Website\",\"potentialAction\":[{\"@type\":\"SearchAction\",\"target\":{\"@type\":\"EntryPoint\",\"urlTemplate\":\"https:\/\/business.roovi.com\/hu\/?s={search_term_string}\"},\"query-input\":\"required name=search_term_string\"}],\"inLanguage\":\"hu\"}]}<\/script>\n<!-- \/ Yoast SEO plugin. -->","yoast_head_json":{"title":"Puzzle 1000 darab - K\u00e9pek Rom\u00e1ni\u00e1b\u00f3l - Vorone\u021b kolostor","description":"Puzzle 1000 darab - K\u00e9pek Rom\u00e1ni\u00e1b\u00f3l - Vorone\u021b kolostor","robots":{"index":"index","follow":"follow","max-snippet":"max-snippet:-1","max-image-preview":"max-image-preview:large","max-video-preview":"max-video-preview:-1"},"canonical":"https:\/\/business.roovi.com\/hu\/puzzle-1000-darab-kepek-romaniabol-voronet-kolostor\/p\/","og_locale":"hu_HU","og_type":"article","og_title":"Puzzle 1000 darab - K\u00e9pek Rom\u00e1ni\u00e1b\u00f3l - Vorone\u021b kolostor","og_description":"Puzzle 1000 darab - K\u00e9pek Rom\u00e1ni\u00e1b\u00f3l - Vorone\u021b kolostor","og_url":"https:\/\/business.roovi.com\/hu\/puzzle-1000-darab-kepek-romaniabol-voronet-kolostor\/p\/","og_site_name":"Roovi B2B","article_publisher":"https:\/\/www.facebook.com\/wwwjucariero","article_modified_time":"2022-07-06T19:59:21+00:00","og_image":[{"width":1200,"height":1200,"url":"https:\/\/business.roovi.com\/wp-content\/uploads\/2018\/04\/63038_02.jpg","type":"image\/jpeg"}],"twitter_misc":{"Becs\u00fclt olvas\u00e1si id\u0151":"4 perc"},"schema":{"@context":"https:\/\/schema.org","@graph":[{"@type":"WebPage","@id":"https:\/\/business.roovi.com\/hu\/puzzle-1000-darab-kepek-romaniabol-voronet-kolostor\/p\/","url":"https:\/\/business.roovi.com\/hu\/puzzle-1000-darab-kepek-romaniabol-voronet-kolostor\/p\/","name":"Puzzle 1000 darab - K\u00e9pek Rom\u00e1ni\u00e1b\u00f3l - Vorone\u021b kolostor","isPartOf":{"@id":"https:\/\/business.roovi.com\/hu\/#website"},"datePublished":"2018-04-16T10:56:16+00:00","dateModified":"2022-07-06T19:59:21+00:00","description":"Puzzle 1000 darab - K\u00e9pek Rom\u00e1ni\u00e1b\u00f3l - Vorone\u021b kolostor","breadcrumb":{"@id":"https:\/\/business.roovi.com\/hu\/puzzle-1000-darab-kepek-romaniabol-voronet-kolostor\/p\/#breadcrumb"},"inLanguage":"hu","potentialAction":[{"@type":"ReadAction","target":["https:\/\/business.roovi.com\/hu\/puzzle-1000-darab-kepek-romaniabol-voronet-kolostor\/p\/"]}]},{"@type":"BreadcrumbList","@id":"https:\/\/business.roovi.com\/hu\/puzzle-1000-darab-kepek-romaniabol-voronet-kolostor\/p\/#breadcrumb","itemListElement":[{"@type":"ListItem","position":1,"name":"Home","item":"https:\/\/business.roovi.com\/hu\/"},{"@type":"ListItem","position":2,"name":"Shop","item":"https:\/\/business.roovi.com\/hu\/shop\/"},{"@type":"ListItem","position":3,"name":"Puzzle 1000 darab &#8211; K\u00e9pek Rom\u00e1ni\u00e1b\u00f3l &#8211; Vorone\u021b kolostor"}]},{"@type":"WebSite","@id":"https:\/\/business.roovi.com\/hu\/#website","url":"https:\/\/business.roovi.com\/hu\/","name":"Roovi B2B","description":"Roovi Business Website","potentialAction":[{"@type":"SearchAction","target":{"@type":"EntryPoint","urlTemplate":"https:\/\/business.roovi.com\/hu\/?s={search_term_string}"},"query-input":"required name=search_term_string"}],"inLanguage":"hu"}]}},"_links":{"self":[{"href":"https:\/\/business.roovi.com\/hu\/wp-json\/wp\/v2\/product\/42639","targetHints":{"allow":["GET"]}}],"collection":[{"href":"https:\/\/business.roovi.com\/hu\/wp-json\/wp\/v2\/product"}],"about":[{"href":"https:\/\/business.roovi.com\/hu\/wp-json\/wp\/v2\/types\/product"}],"version-history":[{"count":0,"href":"https:\/\/business.roovi.com\/hu\/wp-json\/wp\/v2\/product\/42639\/revisions"}],"wp:featuredmedia":[{"embeddable":true,"href":"https:\/\/business.roovi.com\/hu\/wp-json\/wp\/v2\/media\/33187"}],"wp:attachment":[{"href":"https:\/\/business.roovi.com\/hu\/wp-json\/wp\/v2\/media?parent=42639"}],"wp:term":[{"taxonomy":"product_brand","embeddable":true,"href":"https:\/\/business.roovi.com\/hu\/wp-json\/wp\/v2\/product_brand?post=42639"},{"taxonomy":"product_cat","embeddable":true,"href":"https:\/\/business.roovi.com\/hu\/wp-json\/wp\/v2\/product_cat?post=42639"},{"taxonomy":"product_tag","embeddable":true,"href":"https:\/\/business.roovi.com\/hu\/wp-json\/wp\/v2\/product_tag?post=42639"}],"curies":[{"name":"wp","href":"https:\/\/api.w.org\/{rel}","templated":true}]}}