{"id":42643,"date":"2018-04-16T10:56:16","date_gmt":"2018-04-16T10:56:16","guid":{"rendered":"https:\/\/business.roovi.com\/puzzle-adulti-1000-piese-cartoon-collection-turnul-din-pisa\/p\/"},"modified":"2022-07-06T19:59:28","modified_gmt":"2022-07-06T19:59:28","slug":"pisai-torony-puzzle-felnott-puzzle-1000-darab-cartoon-collection","status":"publish","type":"product","link":"https:\/\/business.roovi.com\/hu\/pisai-torony-puzzle-felnott-puzzle-1000-darab-cartoon-collection\/p\/","title":{"rendered":"Pisai torony puzzle &#8211; Feln\u0151tt puzzle 1000 darab &#8211; Cartoon Collection"},"content":{"rendered":"<p><span style=\"font-weight: 400\">K\u00e9szen \u00e1llsz egy nagyszer\u0171 sz\u00f3rakoz\u00e1sra \u00e9s sok-sok \u00f3r\u00e1nyi kikapcsol\u00f3d\u00e1sra? A Cartoon puzzles kollekci\u00f3 1000 darabos kirak\u00f3ival otthonodba is elhozhatod a sz\u00f3rakoz\u00e1st <\/span><\/p>\n<p><span style=\"font-weight: 400\">Ha hagyod, hogy a bels\u0151 gyermeked szabadon sz\u00e1rnyaljon, a k\u00e9pzelet nem ismer hat\u00e1rokat. Biro Donat m\u0171v\u00e9sz \u00edgy csin\u00e1lta, \u00e9s a keze al\u00f3l kiker\u00fclt feln\u0151tteknek sz\u00f3l\u00f3 Cartoon puzzle gy\u0171jtem\u00e9ny egy remekm\u0171 <\/span><\/p>\n<p><span style=\"font-weight: 400\">A Cartoon Collection 1000 Piece Puzzle &#8211; Pisai torony egy anim\u00e1lt illusztr\u00e1ci\u00f3, tele sz\u00ednekkel \u00e9s leny\u0171g\u00f6z\u0151 r\u00e9szletekkel, amely \u00f3r\u00e1kig lek\u00f6ti a figyelmedet. Rengeteg szerethet\u0151 figura dolgozik kem\u00e9nyen a h\u00edres pisai tornyon, hogy rendbe hozza azt. Minden karakter egyedi \u00e9s pontos feladatot l\u00e1t el. Egy\u00fctt rem\u00e9lik, hogy megmenthetik a h\u00edres tornyot az \u00f6sszeoml\u00e1st\u00f3l <\/span><\/p>\n<p><span style=\"font-weight: 400\">Csatlakozz a t\u00f6rt\u00e9net\u00fckh\u00f6z, rakd darabr\u00f3l darabra, \u00e9s n\u00e9zd meg, mi j\u00f6n ki bel\u0151le! Csod\u00e1latos festm\u00e9ny, amely sz\u00ednt \u00e9s egy kis gyermeki optimizmust k\u00f6lcs\u00f6n\u00f6z a h\u00e1z b\u00e1rmelyik szob\u00e1j\u00e1nak, ahol ki\u00e1ll\u00edtja.<\/span><\/p>\n<p><strong>Mi\u00e9rt v\u00e1lassza a Cartoon collection &#8211; Pisai torony 1000 darabos puzzle-t?<\/strong><\/p>\n<p><span style=\"font-weight: 400\">Egyedi, 50 x 70 cm-es festm\u00e9nyt k\u00e9sz\u00edtesz, amely megsz\u00e9p\u00edti otthonodat.<\/span><\/p>\n<p><span style=\"font-weight: 400\">Kiv\u00e1l\u00f3 min\u0151s\u00e9g\u0171 k\u00e9k kartonb\u00f3l k\u00e9sz\u00fclt, ami k\u00fcl\u00f6n\u00f6sen er\u0151ss\u00e9 teszi.<\/span><\/p>\n<p><span style=\"font-weight: 400\">Az 1000 puzzle-darabot prec\u00edzen v\u00e1gt\u00e1k ki, \u00e9s t\u00f6k\u00e9letesen illeszkedik egym\u00e1shoz, \u00edgy az \u00f6ssze\u00e1ll\u00edtott k\u00e9p hib\u00e1tlanul n\u00e9z ki.<\/span><\/p>\n<p><span style=\"font-weight: 400\">A fel\u00fclet f\u00e9lig f\u00e9nyes, kellemes sz\u00ednekben, amelyek kiemelik az illusztr\u00e1ci\u00f3 sz\u00e9ps\u00e9g\u00e9t.<\/span><\/p>\n<p><span style=\"font-weight: 400\">\u00dajrahasznos\u00edthat\u00f3 \u00e9s fenntarthat\u00f3 anyagokb\u00f3l k\u00e9sz\u00fcl.<\/span><\/p>\n<p><span style=\"font-weight: 400\">14 \u00e9v felettiek sz\u00e1m\u00e1ra alkalmas &#8211; t\u00f6k\u00e9letes lehet\u0151s\u00e9g a maxim\u00e1lis sz\u00f3rakoz\u00e1sra a tizen\u00e9ves gyermekekkel.<\/span><\/p>\n<p><span style=\"font-weight: 400\">Az 1000 darabos rejtv\u00e9nyek t\u00f6bbsz\u00f6r\u00f6s el\u0151ny\u00f6kkel j\u00e1rnak, amelyek t\u00f6bb szinten is megjelennek:<\/span><\/p>\n<ul>\n<li><span style=\"font-weight: 400\">Ezek kiv\u00e1l\u00f3 ment\u00e1lis tr\u00e9ningek.<\/span><\/li>\n<li><span style=\"font-weight: 400\">Seg\u00edtenek \u00e9lesben tartani a mem\u00f3ri\u00e1t.<\/span><\/li>\n<li><span style=\"font-weight: 400\">Jav\u00edtj\u00e1k a r\u00e9szletekre val\u00f3 figyelmet.<\/span><\/li>\n<li><span style=\"font-weight: 400\">Seg\u00edtenek \u00e9lesben tartani a koordin\u00e1ci\u00f3t \u00e9s a finommotoros k\u00e9szs\u00e9geket.<\/span><\/li>\n<li><span style=\"font-weight: 400\">Gyakorolj\u00e1k a k\u00e9z\u00fcgyess\u00e9get.<\/span><\/li>\n<li><span style=\"font-weight: 400\">Ezek nagyszer\u0171 t\u00fcrelemgyakorlatok.<\/span><\/li>\n<\/ul>\n<p><strong>Tudtad, hogy..<\/strong><\/p>\n<p><span style=\"font-weight: 400\">A pisai torony nem kevesebb, mint 14 500 tonn\u00e1t nyom, \u00e9s puha, instabil talajra \u00e9p\u00fclt.<\/span><\/p>\n<p><span style=\"font-weight: 400\">Azzal a c\u00e9llal tervezt\u00e9k, hogy a vil\u00e1g legmagasabb harangtornya legyen. A templomban 7 harang tal\u00e1lhat\u00f3, amelyek mindegyike egy-egy zenei hangot sz\u00f3laltat meg.<\/span><\/p>\n<p><span style=\"font-weight: 400\">A toronyban l\u00e9v\u0151 harangok soha nem sz\u00f3laltak meg, mert a kibocs\u00e1tott rezg\u00e9sek tov\u00e1bb billenhetn\u00e9nek.<\/span><\/p>\n<p><span style=\"font-weight: 400\">Benito Mussolini egyenesbe akarta hozni a tornyot, mert \u00fagy \u00e9rezte, hogy az \u00e9p\u00edt\u00e9szet rontja Olaszorsz\u00e1g meg\u00edt\u00e9l\u00e9s\u00e9t a vil\u00e1gban <\/span><\/p>\n<p><span style=\"font-weight: 400\">A m\u00e1sodik vil\u00e1gh\u00e1bor\u00fa idej\u00e9n az amerikaiak le akart\u00e1k rombolni a tornyot, mert mesterl\u00f6v\u00e9sz-bar\u00e1t hely volt. De az \u00e9p\u00edt\u00e9szet leny\u0171g\u00f6zte \u0151ket, ez\u00e9rt \u00e1llva hagyt\u00e1k.<\/span><\/p>\n<p><strong>Rajzfilm 1000 darabos puzzle &#8211; Pisai torony &#8211; epikus csal\u00e1di sz\u00f3rakoz\u00e1s<\/strong><\/p>\n<p><span style=\"font-weight: 400\">Ha eml\u00e9kezetes est\u00e9ket szeretne \u00e1t\u00e9lni szeretteivel a csal\u00e1dban, a Cartoon puzzle kollekci\u00f3 1000 darabos Pisai torony puzzle-ja t\u00f6k\u00e9letes v\u00e1laszt\u00e1s. A tucatnyi aranyos figura felfedez\u00e9se \u00e9s a j\u00e1t\u00e9kukba val\u00f3 bekapcsol\u00f3d\u00e1s, hogy helyre\u00e1ll\u00edtsuk a torony egyens\u00faly\u00e1t, minden otthonban monot\u00f3nia-elt\u00f6r\u0151 tev\u00e9kenys\u00e9g.<\/span><\/p>\n<p><span style=\"font-weight: 400\">Gyermekei \u00f6r\u00f6mmel fogj\u00e1k felfedezni ezeket a pontos \u00e9s sz\u00ednes illusztr\u00e1ci\u00f3kat, \u00e9s a k\u00e9p \u00fajrateremt\u00e9se kellemes kih\u00edv\u00e1s lesz f\u00fcrge elm\u00e9j\u00fck sz\u00e1m\u00e1ra. V\u00e1lassza ki a darabokat \u00e1rnyalatonk\u00e9nt, ossza ki a pontos feladatokat minden egyes kirak\u00f3s r\u00e9sztvev\u0151nek, \u00e9s alkossanak egy\u00fctt egy mesek\u00e9pet. Var\u00e1zslatos pillanatokat fogtok egy\u00fctt \u00e1t\u00e9lni, \u00e9s felejthetetlen eml\u00e9keket fogtok l\u00e9trehozni, amelyek gazdag\u00edtani fogj\u00e1k a lelketeket.<\/span><\/p>\n<p><span style=\"font-weight: 400\">Ak\u00e1r az\u00e9rt v\u00e1lasztja az 1000 darabos rajzfilmes puzzle-t &#8211; Pisa tornya, hogy \u00fajraalkossa a csal\u00e1dj\u00e1val, ak\u00e1r a kirak\u00f3s j\u00e1t\u00e9kok szerelmese, aki ki akar kapcsol\u00f3dni a mindennapokb\u00f3l, ez az 1000 darabos puzzle fel\u00e9breszti a bels\u0151 gyermek\u00e9t, \u00e9s sok mosolyt csal az arc\u00e1ra <\/span><\/p>\n<p><span style=\"font-weight: 400\">\u00dcnnepi alkalmakkor is megfelel\u0151 aj\u00e1nd\u00e9k lehet a kirak\u00f3s j\u00e1t\u00e9kok kedvel\u0151inek, vagy olyan bar\u00e1toknak, akiknek kreat\u00edv meglepet\u00e9st szeretne okozni.<\/span><\/p><\/p>\n","protected":false},"excerpt":{"rendered":"<p>K\u00e9szen \u00e1llsz egy nagyszer\u0171 sz\u00f3rakoz\u00e1sra \u00e9s sok-sok \u00f3r\u00e1nyi kikapcsol\u00f3d\u00e1sra? A Cartoon puzzles kollekci\u00f3 1000 darabos kirak\u00f3ival otthonodba is elhozhatod a<\/p>\n","protected":false},"featured_media":33191,"template":"","meta":[],"product_brand":[],"product_cat":[1920,1919,1881],"product_tag":[],"class_list":{"0":"post-42643","1":"product","2":"type-product","3":"status-publish","4":"has-post-thumbnail","6":"product_cat-1000-darabos-kirakos-jatek","7":"product_cat-felnott-kirakos-jatekok","8":"product_cat-kirakos-jatekok","9":"pa_bax-10-hu","10":"pa_brand-d_toys-hu","11":"pa_country_of_manufacture-ro-hu","12":"pa_filter_age-14-hu","13":"pa_painter-cartooncollection-hu","14":"pa_tip_ambalaj-doboz","15":"pa_tip_puzzle-klasszikus","17":"first","18":"instock","19":"taxable","20":"shipping-taxable","21":"product-type-simple"},"yoast_head":"<!-- This site is optimized with the Yoast SEO plugin v20.1 - https:\/\/yoast.com\/wordpress\/plugins\/seo\/ -->\n<title>Pisai torony puzzle - Feln\u0151tt puzzle 1000 darab - Cartoon Collection<\/title>\n<meta name=\"description\" content=\"Pisai torony puzzle - Feln\u0151tt puzzle 1000 darab - Cartoon Collection\" \/>\n<meta name=\"robots\" content=\"index, follow, max-snippet:-1, max-image-preview:large, max-video-preview:-1\" \/>\n<link rel=\"canonical\" href=\"https:\/\/business.roovi.com\/hu\/pisai-torony-puzzle-felnott-puzzle-1000-darab-cartoon-collection\/p\/\" \/>\n<meta property=\"og:locale\" content=\"hu_HU\" \/>\n<meta property=\"og:type\" content=\"article\" \/>\n<meta property=\"og:title\" content=\"Pisai torony puzzle - Feln\u0151tt puzzle 1000 darab - Cartoon Collection\" \/>\n<meta property=\"og:description\" content=\"Pisai torony puzzle - Feln\u0151tt puzzle 1000 darab - Cartoon Collection\" \/>\n<meta property=\"og:url\" content=\"https:\/\/business.roovi.com\/hu\/pisai-torony-puzzle-felnott-puzzle-1000-darab-cartoon-collection\/p\/\" \/>\n<meta property=\"og:site_name\" content=\"Roovi B2B\" \/>\n<meta property=\"article:publisher\" content=\"https:\/\/www.facebook.com\/wwwjucariero\" \/>\n<meta property=\"article:modified_time\" content=\"2022-07-06T19:59:28+00:00\" \/>\n<meta property=\"og:image\" content=\"https:\/\/business.roovi.com\/wp-content\/uploads\/2018\/04\/61218-01_ansamblu_dimensiuni_cutie_cm_1200x1200.png\" \/>\n\t<meta property=\"og:image:width\" content=\"1200\" \/>\n\t<meta property=\"og:image:height\" content=\"1200\" \/>\n\t<meta property=\"og:image:type\" content=\"image\/png\" \/>\n<meta name=\"twitter:label1\" content=\"Becs\u00fclt olvas\u00e1si id\u0151\" \/>\n\t<meta name=\"twitter:data1\" content=\"4 perc\" \/>\n<script type=\"application\/ld+json\" class=\"yoast-schema-graph\">{\"@context\":\"https:\/\/schema.org\",\"@graph\":[{\"@type\":\"WebPage\",\"@id\":\"https:\/\/business.roovi.com\/hu\/pisai-torony-puzzle-felnott-puzzle-1000-darab-cartoon-collection\/p\/\",\"url\":\"https:\/\/business.roovi.com\/hu\/pisai-torony-puzzle-felnott-puzzle-1000-darab-cartoon-collection\/p\/\",\"name\":\"Pisai torony puzzle - Feln\u0151tt puzzle 1000 darab - Cartoon Collection\",\"isPartOf\":{\"@id\":\"https:\/\/business.roovi.com\/hu\/#website\"},\"datePublished\":\"2018-04-16T10:56:16+00:00\",\"dateModified\":\"2022-07-06T19:59:28+00:00\",\"description\":\"Pisai torony puzzle - Feln\u0151tt puzzle 1000 darab - Cartoon Collection\",\"breadcrumb\":{\"@id\":\"https:\/\/business.roovi.com\/hu\/pisai-torony-puzzle-felnott-puzzle-1000-darab-cartoon-collection\/p\/#breadcrumb\"},\"inLanguage\":\"hu\",\"potentialAction\":[{\"@type\":\"ReadAction\",\"target\":[\"https:\/\/business.roovi.com\/hu\/pisai-torony-puzzle-felnott-puzzle-1000-darab-cartoon-collection\/p\/\"]}]},{\"@type\":\"BreadcrumbList\",\"@id\":\"https:\/\/business.roovi.com\/hu\/pisai-torony-puzzle-felnott-puzzle-1000-darab-cartoon-collection\/p\/#breadcrumb\",\"itemListElement\":[{\"@type\":\"ListItem\",\"position\":1,\"name\":\"Home\",\"item\":\"https:\/\/business.roovi.com\/hu\/\"},{\"@type\":\"ListItem\",\"position\":2,\"name\":\"Shop\",\"item\":\"https:\/\/business.roovi.com\/hu\/shop\/\"},{\"@type\":\"ListItem\",\"position\":3,\"name\":\"Pisai torony puzzle &#8211; Feln\u0151tt puzzle 1000 darab &#8211; Cartoon Collection\"}]},{\"@type\":\"WebSite\",\"@id\":\"https:\/\/business.roovi.com\/hu\/#website\",\"url\":\"https:\/\/business.roovi.com\/hu\/\",\"name\":\"Roovi B2B\",\"description\":\"Roovi Business Website\",\"potentialAction\":[{\"@type\":\"SearchAction\",\"target\":{\"@type\":\"EntryPoint\",\"urlTemplate\":\"https:\/\/business.roovi.com\/hu\/?s={search_term_string}\"},\"query-input\":\"required name=search_term_string\"}],\"inLanguage\":\"hu\"}]}<\/script>\n<!-- \/ Yoast SEO plugin. -->","yoast_head_json":{"title":"Pisai torony puzzle - Feln\u0151tt puzzle 1000 darab - Cartoon Collection","description":"Pisai torony puzzle - Feln\u0151tt puzzle 1000 darab - Cartoon Collection","robots":{"index":"index","follow":"follow","max-snippet":"max-snippet:-1","max-image-preview":"max-image-preview:large","max-video-preview":"max-video-preview:-1"},"canonical":"https:\/\/business.roovi.com\/hu\/pisai-torony-puzzle-felnott-puzzle-1000-darab-cartoon-collection\/p\/","og_locale":"hu_HU","og_type":"article","og_title":"Pisai torony puzzle - Feln\u0151tt puzzle 1000 darab - Cartoon Collection","og_description":"Pisai torony puzzle - Feln\u0151tt puzzle 1000 darab - Cartoon Collection","og_url":"https:\/\/business.roovi.com\/hu\/pisai-torony-puzzle-felnott-puzzle-1000-darab-cartoon-collection\/p\/","og_site_name":"Roovi B2B","article_publisher":"https:\/\/www.facebook.com\/wwwjucariero","article_modified_time":"2022-07-06T19:59:28+00:00","og_image":[{"width":1200,"height":1200,"url":"https:\/\/business.roovi.com\/wp-content\/uploads\/2018\/04\/61218-01_ansamblu_dimensiuni_cutie_cm_1200x1200.png","type":"image\/png"}],"twitter_misc":{"Becs\u00fclt olvas\u00e1si id\u0151":"4 perc"},"schema":{"@context":"https:\/\/schema.org","@graph":[{"@type":"WebPage","@id":"https:\/\/business.roovi.com\/hu\/pisai-torony-puzzle-felnott-puzzle-1000-darab-cartoon-collection\/p\/","url":"https:\/\/business.roovi.com\/hu\/pisai-torony-puzzle-felnott-puzzle-1000-darab-cartoon-collection\/p\/","name":"Pisai torony puzzle - Feln\u0151tt puzzle 1000 darab - Cartoon Collection","isPartOf":{"@id":"https:\/\/business.roovi.com\/hu\/#website"},"datePublished":"2018-04-16T10:56:16+00:00","dateModified":"2022-07-06T19:59:28+00:00","description":"Pisai torony puzzle - Feln\u0151tt puzzle 1000 darab - Cartoon Collection","breadcrumb":{"@id":"https:\/\/business.roovi.com\/hu\/pisai-torony-puzzle-felnott-puzzle-1000-darab-cartoon-collection\/p\/#breadcrumb"},"inLanguage":"hu","potentialAction":[{"@type":"ReadAction","target":["https:\/\/business.roovi.com\/hu\/pisai-torony-puzzle-felnott-puzzle-1000-darab-cartoon-collection\/p\/"]}]},{"@type":"BreadcrumbList","@id":"https:\/\/business.roovi.com\/hu\/pisai-torony-puzzle-felnott-puzzle-1000-darab-cartoon-collection\/p\/#breadcrumb","itemListElement":[{"@type":"ListItem","position":1,"name":"Home","item":"https:\/\/business.roovi.com\/hu\/"},{"@type":"ListItem","position":2,"name":"Shop","item":"https:\/\/business.roovi.com\/hu\/shop\/"},{"@type":"ListItem","position":3,"name":"Pisai torony puzzle &#8211; Feln\u0151tt puzzle 1000 darab &#8211; Cartoon Collection"}]},{"@type":"WebSite","@id":"https:\/\/business.roovi.com\/hu\/#website","url":"https:\/\/business.roovi.com\/hu\/","name":"Roovi B2B","description":"Roovi Business Website","potentialAction":[{"@type":"SearchAction","target":{"@type":"EntryPoint","urlTemplate":"https:\/\/business.roovi.com\/hu\/?s={search_term_string}"},"query-input":"required name=search_term_string"}],"inLanguage":"hu"}]}},"_links":{"self":[{"href":"https:\/\/business.roovi.com\/hu\/wp-json\/wp\/v2\/product\/42643","targetHints":{"allow":["GET"]}}],"collection":[{"href":"https:\/\/business.roovi.com\/hu\/wp-json\/wp\/v2\/product"}],"about":[{"href":"https:\/\/business.roovi.com\/hu\/wp-json\/wp\/v2\/types\/product"}],"version-history":[{"count":0,"href":"https:\/\/business.roovi.com\/hu\/wp-json\/wp\/v2\/product\/42643\/revisions"}],"wp:featuredmedia":[{"embeddable":true,"href":"https:\/\/business.roovi.com\/hu\/wp-json\/wp\/v2\/media\/33191"}],"wp:attachment":[{"href":"https:\/\/business.roovi.com\/hu\/wp-json\/wp\/v2\/media?parent=42643"}],"wp:term":[{"taxonomy":"product_brand","embeddable":true,"href":"https:\/\/business.roovi.com\/hu\/wp-json\/wp\/v2\/product_brand?post=42643"},{"taxonomy":"product_cat","embeddable":true,"href":"https:\/\/business.roovi.com\/hu\/wp-json\/wp\/v2\/product_cat?post=42643"},{"taxonomy":"product_tag","embeddable":true,"href":"https:\/\/business.roovi.com\/hu\/wp-json\/wp\/v2\/product_tag?post=42643"}],"curies":[{"name":"wp","href":"https:\/\/api.w.org\/{rel}","templated":true}]}}