{"id":42695,"date":"2018-04-16T10:56:16","date_gmt":"2018-04-16T10:56:16","guid":{"rendered":"https:\/\/business.roovi.com\/puzzle-special-photo-3-in-1-fara-rama\/p\/"},"modified":"2022-07-06T20:04:33","modified_gmt":"2022-07-06T20:04:33","slug":"kulonleges-3-az-1-ben-fotopuzzle-keret-nelkul-1218-es-35-darabos","status":"publish","type":"product","link":"https:\/\/business.roovi.com\/hu\/kulonleges-3-az-1-ben-fotopuzzle-keret-nelkul-1218-es-35-darabos\/p\/","title":{"rendered":"K\u00fcl\u00f6nleges 3 az 1-ben fot\u00f3puzzle keret n\u00e9lk\u00fcl &#8211; 12,18 \u00e9s 35 darabos"},"content":{"rendered":"<p>Ezzel a k\u00e9szlettel 3 szem\u00e9lyre szabott, keret n\u00e9lk\u00fcli kirak\u00f3s j\u00e1t\u00e9kot k\u00e9sz\u00edthetsz saj\u00e1t fot\u00f3iddal, 12 \u00e9s 18 darabb\u00f3l (A5 m\u00e9retben) \u00e9s 35 darabb\u00f3l (A4 m\u00e9retben). Fontos: Tintasugaras nyomtat\u00f3ra lesz sz\u00fcks\u00e9ge.<\/p>\n","protected":false},"excerpt":{"rendered":"<p>Ezzel a k\u00e9szlettel 3 szem\u00e9lyre szabott, keret n\u00e9lk\u00fcli kirak\u00f3s j\u00e1t\u00e9kot k\u00e9sz\u00edthetsz saj\u00e1t fot\u00f3iddal, 12 \u00e9s 18 darabb\u00f3l (A5 m\u00e9retben) \u00e9s<\/p>\n","protected":false},"featured_media":33239,"template":"","meta":[],"product_brand":[],"product_cat":[1882,1981,1881],"product_tag":[],"class_list":{"0":"post-42695","1":"product","2":"type-product","3":"status-publish","4":"has-post-thumbnail","6":"product_cat-gyermek-rejtvenyek","7":"product_cat-kirakos-jatek","8":"product_cat-kirakos-jatekok","9":"pa_bax-10-hu","10":"pa_brand-d_toys-hu","11":"pa_filter_age-14-hu","12":"pa_filter_age-7_9-hu","13":"pa_filter_age-9_14-hu","14":"pa_tip_ambalaj-doboz","15":"pa_tip_puzzle-kulonleges-rejtveny-hu","17":"first","18":"instock","19":"taxable","20":"shipping-taxable","21":"product-type-simple"},"yoast_head":"<!-- This site is optimized with the Yoast SEO plugin v20.1 - https:\/\/yoast.com\/wordpress\/plugins\/seo\/ -->\n<title>K\u00fcl\u00f6nleges 3 az 1-ben fot\u00f3puzzle keret n\u00e9lk\u00fcl - 12,18 \u00e9s 35 darabos<\/title>\n<meta name=\"description\" content=\"K\u00fcl\u00f6nleges 3 az 1-ben fot\u00f3puzzle keret n\u00e9lk\u00fcl - 12,18 \u00e9s 35 darabos\" \/>\n<meta name=\"robots\" content=\"index, follow, max-snippet:-1, max-image-preview:large, max-video-preview:-1\" \/>\n<link rel=\"canonical\" href=\"https:\/\/business.roovi.com\/hu\/kulonleges-3-az-1-ben-fotopuzzle-keret-nelkul-1218-es-35-darabos\/p\/\" \/>\n<meta property=\"og:locale\" content=\"hu_HU\" \/>\n<meta property=\"og:type\" content=\"article\" \/>\n<meta property=\"og:title\" content=\"K\u00fcl\u00f6nleges 3 az 1-ben fot\u00f3puzzle keret n\u00e9lk\u00fcl - 12,18 \u00e9s 35 darabos\" \/>\n<meta property=\"og:description\" content=\"K\u00fcl\u00f6nleges 3 az 1-ben fot\u00f3puzzle keret n\u00e9lk\u00fcl - 12,18 \u00e9s 35 darabos\" \/>\n<meta property=\"og:url\" content=\"https:\/\/business.roovi.com\/hu\/kulonleges-3-az-1-ben-fotopuzzle-keret-nelkul-1218-es-35-darabos\/p\/\" \/>\n<meta property=\"og:site_name\" content=\"Roovi B2B\" \/>\n<meta property=\"article:publisher\" content=\"https:\/\/www.facebook.com\/wwwjucariero\" \/>\n<meta property=\"article:modified_time\" content=\"2022-07-06T20:04:33+00:00\" \/>\n<meta property=\"og:image\" content=\"https:\/\/business.roovi.com\/wp-content\/uploads\/2018\/04\/68798_01_elo_1.jpg\" \/>\n\t<meta property=\"og:image:width\" content=\"1200\" \/>\n\t<meta property=\"og:image:height\" content=\"1200\" \/>\n\t<meta property=\"og:image:type\" content=\"image\/jpeg\" \/>\n<script type=\"application\/ld+json\" class=\"yoast-schema-graph\">{\"@context\":\"https:\/\/schema.org\",\"@graph\":[{\"@type\":\"WebPage\",\"@id\":\"https:\/\/business.roovi.com\/hu\/kulonleges-3-az-1-ben-fotopuzzle-keret-nelkul-1218-es-35-darabos\/p\/\",\"url\":\"https:\/\/business.roovi.com\/hu\/kulonleges-3-az-1-ben-fotopuzzle-keret-nelkul-1218-es-35-darabos\/p\/\",\"name\":\"K\u00fcl\u00f6nleges 3 az 1-ben fot\u00f3puzzle keret n\u00e9lk\u00fcl - 12,18 \u00e9s 35 darabos\",\"isPartOf\":{\"@id\":\"https:\/\/business.roovi.com\/hu\/#website\"},\"datePublished\":\"2018-04-16T10:56:16+00:00\",\"dateModified\":\"2022-07-06T20:04:33+00:00\",\"description\":\"K\u00fcl\u00f6nleges 3 az 1-ben fot\u00f3puzzle keret n\u00e9lk\u00fcl - 12,18 \u00e9s 35 darabos\",\"breadcrumb\":{\"@id\":\"https:\/\/business.roovi.com\/hu\/kulonleges-3-az-1-ben-fotopuzzle-keret-nelkul-1218-es-35-darabos\/p\/#breadcrumb\"},\"inLanguage\":\"hu\",\"potentialAction\":[{\"@type\":\"ReadAction\",\"target\":[\"https:\/\/business.roovi.com\/hu\/kulonleges-3-az-1-ben-fotopuzzle-keret-nelkul-1218-es-35-darabos\/p\/\"]}]},{\"@type\":\"BreadcrumbList\",\"@id\":\"https:\/\/business.roovi.com\/hu\/kulonleges-3-az-1-ben-fotopuzzle-keret-nelkul-1218-es-35-darabos\/p\/#breadcrumb\",\"itemListElement\":[{\"@type\":\"ListItem\",\"position\":1,\"name\":\"Home\",\"item\":\"https:\/\/business.roovi.com\/hu\/\"},{\"@type\":\"ListItem\",\"position\":2,\"name\":\"Shop\",\"item\":\"https:\/\/business.roovi.com\/hu\/shop\/\"},{\"@type\":\"ListItem\",\"position\":3,\"name\":\"K\u00fcl\u00f6nleges 3 az 1-ben fot\u00f3puzzle keret n\u00e9lk\u00fcl &#8211; 12,18 \u00e9s 35 darabos\"}]},{\"@type\":\"WebSite\",\"@id\":\"https:\/\/business.roovi.com\/hu\/#website\",\"url\":\"https:\/\/business.roovi.com\/hu\/\",\"name\":\"Roovi B2B\",\"description\":\"Roovi Business Website\",\"potentialAction\":[{\"@type\":\"SearchAction\",\"target\":{\"@type\":\"EntryPoint\",\"urlTemplate\":\"https:\/\/business.roovi.com\/hu\/?s={search_term_string}\"},\"query-input\":\"required name=search_term_string\"}],\"inLanguage\":\"hu\"}]}<\/script>\n<!-- \/ Yoast SEO plugin. -->","yoast_head_json":{"title":"K\u00fcl\u00f6nleges 3 az 1-ben fot\u00f3puzzle keret n\u00e9lk\u00fcl - 12,18 \u00e9s 35 darabos","description":"K\u00fcl\u00f6nleges 3 az 1-ben fot\u00f3puzzle keret n\u00e9lk\u00fcl - 12,18 \u00e9s 35 darabos","robots":{"index":"index","follow":"follow","max-snippet":"max-snippet:-1","max-image-preview":"max-image-preview:large","max-video-preview":"max-video-preview:-1"},"canonical":"https:\/\/business.roovi.com\/hu\/kulonleges-3-az-1-ben-fotopuzzle-keret-nelkul-1218-es-35-darabos\/p\/","og_locale":"hu_HU","og_type":"article","og_title":"K\u00fcl\u00f6nleges 3 az 1-ben fot\u00f3puzzle keret n\u00e9lk\u00fcl - 12,18 \u00e9s 35 darabos","og_description":"K\u00fcl\u00f6nleges 3 az 1-ben fot\u00f3puzzle keret n\u00e9lk\u00fcl - 12,18 \u00e9s 35 darabos","og_url":"https:\/\/business.roovi.com\/hu\/kulonleges-3-az-1-ben-fotopuzzle-keret-nelkul-1218-es-35-darabos\/p\/","og_site_name":"Roovi B2B","article_publisher":"https:\/\/www.facebook.com\/wwwjucariero","article_modified_time":"2022-07-06T20:04:33+00:00","og_image":[{"width":1200,"height":1200,"url":"https:\/\/business.roovi.com\/wp-content\/uploads\/2018\/04\/68798_01_elo_1.jpg","type":"image\/jpeg"}],"schema":{"@context":"https:\/\/schema.org","@graph":[{"@type":"WebPage","@id":"https:\/\/business.roovi.com\/hu\/kulonleges-3-az-1-ben-fotopuzzle-keret-nelkul-1218-es-35-darabos\/p\/","url":"https:\/\/business.roovi.com\/hu\/kulonleges-3-az-1-ben-fotopuzzle-keret-nelkul-1218-es-35-darabos\/p\/","name":"K\u00fcl\u00f6nleges 3 az 1-ben fot\u00f3puzzle keret n\u00e9lk\u00fcl - 12,18 \u00e9s 35 darabos","isPartOf":{"@id":"https:\/\/business.roovi.com\/hu\/#website"},"datePublished":"2018-04-16T10:56:16+00:00","dateModified":"2022-07-06T20:04:33+00:00","description":"K\u00fcl\u00f6nleges 3 az 1-ben fot\u00f3puzzle keret n\u00e9lk\u00fcl - 12,18 \u00e9s 35 darabos","breadcrumb":{"@id":"https:\/\/business.roovi.com\/hu\/kulonleges-3-az-1-ben-fotopuzzle-keret-nelkul-1218-es-35-darabos\/p\/#breadcrumb"},"inLanguage":"hu","potentialAction":[{"@type":"ReadAction","target":["https:\/\/business.roovi.com\/hu\/kulonleges-3-az-1-ben-fotopuzzle-keret-nelkul-1218-es-35-darabos\/p\/"]}]},{"@type":"BreadcrumbList","@id":"https:\/\/business.roovi.com\/hu\/kulonleges-3-az-1-ben-fotopuzzle-keret-nelkul-1218-es-35-darabos\/p\/#breadcrumb","itemListElement":[{"@type":"ListItem","position":1,"name":"Home","item":"https:\/\/business.roovi.com\/hu\/"},{"@type":"ListItem","position":2,"name":"Shop","item":"https:\/\/business.roovi.com\/hu\/shop\/"},{"@type":"ListItem","position":3,"name":"K\u00fcl\u00f6nleges 3 az 1-ben fot\u00f3puzzle keret n\u00e9lk\u00fcl &#8211; 12,18 \u00e9s 35 darabos"}]},{"@type":"WebSite","@id":"https:\/\/business.roovi.com\/hu\/#website","url":"https:\/\/business.roovi.com\/hu\/","name":"Roovi B2B","description":"Roovi Business Website","potentialAction":[{"@type":"SearchAction","target":{"@type":"EntryPoint","urlTemplate":"https:\/\/business.roovi.com\/hu\/?s={search_term_string}"},"query-input":"required name=search_term_string"}],"inLanguage":"hu"}]}},"_links":{"self":[{"href":"https:\/\/business.roovi.com\/hu\/wp-json\/wp\/v2\/product\/42695","targetHints":{"allow":["GET"]}}],"collection":[{"href":"https:\/\/business.roovi.com\/hu\/wp-json\/wp\/v2\/product"}],"about":[{"href":"https:\/\/business.roovi.com\/hu\/wp-json\/wp\/v2\/types\/product"}],"version-history":[{"count":0,"href":"https:\/\/business.roovi.com\/hu\/wp-json\/wp\/v2\/product\/42695\/revisions"}],"wp:featuredmedia":[{"embeddable":true,"href":"https:\/\/business.roovi.com\/hu\/wp-json\/wp\/v2\/media\/33239"}],"wp:attachment":[{"href":"https:\/\/business.roovi.com\/hu\/wp-json\/wp\/v2\/media?parent=42695"}],"wp:term":[{"taxonomy":"product_brand","embeddable":true,"href":"https:\/\/business.roovi.com\/hu\/wp-json\/wp\/v2\/product_brand?post=42695"},{"taxonomy":"product_cat","embeddable":true,"href":"https:\/\/business.roovi.com\/hu\/wp-json\/wp\/v2\/product_cat?post=42695"},{"taxonomy":"product_tag","embeddable":true,"href":"https:\/\/business.roovi.com\/hu\/wp-json\/wp\/v2\/product_tag?post=42695"}],"curies":[{"name":"wp","href":"https:\/\/api.w.org\/{rel}","templated":true}]}}