{"id":42975,"date":"2018-04-16T10:56:16","date_gmt":"2018-04-16T10:56:16","guid":{"rendered":"https:\/\/business.roovi.com\/puzzle-1000-piese-imagini-din-romania-manastirea-sucevita\/p\/"},"modified":"2018-04-16T10:56:16","modified_gmt":"2018-04-16T10:56:16","slug":"puzzle-1000-piese-imagini-din-romania-manastirea-sucevita","status":"publish","type":"product","link":"https:\/\/business.roovi.com\/hu\/puzzle-1000-piese-imagini-din-romania-manastirea-sucevita\/p\/","title":{"rendered":"Puzzle adul\u021bi 1000 piese &#8211; Imagini din Rom\u00e2nia &#8211; M\u0103n\u0103stirea Sucevi\u021ba"},"content":{"rendered":"<p><span style=\"font-weight: 400\">M\u0103n\u0103stirea Sucevi\u021ba este un simbol valoros al Bucovinei, una dintre zonele cele mai frumoase ale Rom\u00e2niei, unde timpul pare c\u0103 se opre\u0219te uneori \u00een loc.<\/span><\/p>\n<p><span style=\"font-weight: 400\">Al\u0103turi de celelalte biserici pictate din Nordul Moldovei, Sucevi\u021ba se remarc\u0103 prin frescele excep\u021bionale ce au tendin\u021b\u0103 narativ\u0103, \u00eenf\u0103\u021bi\u0219\u00e2nd vie\u021bile unor sfin\u021bi ca Sf. Mucenic Gheorghe sau Sf. Ierarh Nicolae. Fascinat de picturile murale ale m\u0103n\u0103stirii, cercet\u0103torul francez Paul Henry afirma despre frescele de la Sucevi\u021ba c\u0103 reprezint\u0103 \u201ctestamentul artei clasice moldovene\u0219ti\u201d, confirm\u00e2nd \u00eenc\u0103 o dat\u0103 valoarea lor cultural\u0103 inestimabil\u0103.<\/span><\/p>\n<p><span style=\"font-weight: 400\">M\u0103n\u0103stirea Sucevi\u021ba este ultima biseric\u0103 cu pere\u021bii picta\u021bi din lan\u021bul bisericilor bucovinene \u0219i vine ca un liant \u00eentre stilul tradi\u021bional statornicit de c\u0103tre domnitorii Moldovei \u0219i noul stil ce ia na\u0219tere \u00een secolul al XVI-lea.\u00a0<\/span><\/p>\n<p><span style=\"font-weight: 400\">Astfel, biserica m\u0103n\u0103stirii este construit\u0103 \u00een stilul deja consacrat, \u00eembin\u00e2nd elemente specifice artei bizantine \u0219i gotice, \u00eens\u0103 este \u00eenconjurat\u0103 de ziduri \u00eenalte \u0219i groase, cu turnuri de ap\u0103rare, similare unor cet\u0103\u021bi medievale.\u00a0<\/span><\/p>\n<p><span style=\"font-weight: 400\">Fiecare dintre m\u0103n\u0103stirile din Nordul Moldovei are o culoare specific\u0103 ce iese \u00een eviden\u021b\u0103 \u00een cadrul picturilor murale, iar dac\u0103 la Vorone\u021b \u00eent\u00e2lnim albastrul fascinant, electrizant, la Sucevi\u021ba impresioneaz\u0103 culoarea ro\u0219ie care hipnotizeaz\u0103 \u0219i captiveaz\u0103 privirea.\u00a0<\/span><\/p>\n<p><span style=\"font-weight: 400\">Te invit\u0103m, astfel, la o c\u0103l\u0103torie imaginar\u0103 prin Bucovina, s\u0103 descoperi detaliile fine pe care pictorii moldoveni, Ioan Zugravul \u0219i fratele s\u0103u, Sofronie, le-au ascuns \u00een picturile M\u0103n\u0103stirii Sucevi\u021ba \u0219i s\u0103 te bucuri de fiecare pies\u0103 ce re\u00eentrege\u0219te peisajul, prin intermediul unui puzzle 1000 piese ce reproduce fidel imaginea emblematic\u0103.<\/span><\/p>\n<h2><span style=\"font-weight: 400\">De ce s\u0103 alegi un puzzle adul\u021bi 1000 piese Imagini din Rom\u00e2nia<\/span><\/h2>\n<ul>\n<li><span style=\"font-weight: 400\">Un puzzle este o modalitate relaxant\u0103 de a descoperi frumuse\u021bea \u0219i unicitatea unor obiective turistice apreciate \u00een \u00eentreaga lume.<\/span><\/li>\n<li><span style=\"font-weight: 400\">La final, vei ob\u021bine un tablou al M\u0103n\u0103stirii Sucevi\u021ba pe care \u00eel po\u021bi \u00eenr\u0103ma cu u\u0219urin\u021b\u0103.<\/span><\/li>\n<li><span style=\"font-weight: 400\">Dimensiunea acestui puzzle este de 68 x 47 cm, suficient de mare pentru a deveni o pies\u0103 central\u0103 de decor.<\/span><\/li>\n<li><span style=\"font-weight: 400\">Piesele sunt realizate din carton rezistent, de foarte bun\u0103 calitate, astfel c\u0103 imaginea poate fi asamblat\u0103 de mai multe ori, f\u0103r\u0103 ca piesele sa fie deteriorate.<\/span><\/li>\n<li><span style=\"font-weight: 400\">Folosim materiale reciclabile \u0219i sustenabile pentru realizarea fiec\u0103rui puzzle.<\/span><\/li>\n<li><span style=\"font-weight: 400\">Finisajul pl\u0103cut, semi lucios, eviden\u021biaz\u0103 culorile vibrante ale imaginii.<\/span><\/li>\n<li><span style=\"font-weight: 400\">Jocul de puzzle este un antrenament mental pre\u021bios, solicitand ambele emisfere cerebrale, \u00eembun\u0103t\u0103\u021bind astfel memoria.<\/span><\/li>\n<li><span style=\"font-weight: 400\">Este o form\u0103 pl\u0103cut\u0103 de a antrena \u0219i men\u021bine coordonarea, motricitatea \u0219i dexteritatea, la orice v\u00e2rst\u0103.<\/span><\/li>\n<li><span style=\"font-weight: 400\">Spore\u0219te aten\u021bia la detalii \u0219i concentrarea.<\/span><\/li>\n<li><span style=\"font-weight: 400\">Este un joc de puzzle potrivit de la 14 ani, cu un grad de complexitate mediu.\u00a0<\/span><\/li>\n<\/ul>\n<h2><span style=\"font-weight: 400\">\u0218tiai c\u0103\u2026<\/span><\/h2>\n<p><span style=\"font-weight: 400\">Biserica M\u0103n\u0103stirii Sucevi\u021ba este singurul l\u0103ca\u0219 de cult pictat, ce nu a fost ctitorit de un prin\u021b conduc\u0103tor, de\u0219i familia Movil\u0103 a urcat ulterior pe tronul Moldovei \u0219i al \u021a\u0103rii Rom\u00e2ne\u0219ti. \u00cen plus, al\u0103turi de celelalte biserici pictate, este un obiectiv turistic inclus \u00een toate itinerariile ce cuprind Bucovina.<\/span><\/p>\n<p><span style=\"font-weight: 400\">Zidurile ce \u00eemprejmuiesc biserica au aproape 100 de metri lungime, peste 3 metri grosime \u0219i dep\u0103\u0219esc pe alocuri 6 metri \u00een\u0103l\u021bime, \u00een timp ce fiecare dintre cele 5 turnuri este ridicat \u00eentr-un plan arhitectural unic, av\u00e2nd forme geometrice diferite.\u00a0<\/span><\/p>\n<p><span style=\"font-weight: 400\">\u00cen anul 2010, Biserica M\u0103n\u0103stirii Sucevi\u021ba a fost inclus\u0103 pe lista Patrimoniului Mondial UNESCO, al\u0103turi de alte m\u0103n\u0103stiri din Nordul Moldovei, fiind considerate un simbol cultural nepre\u021buit.\u00a0<\/span><\/p>\n<h2><span style=\"font-weight: 400\">Puzzle adul\u021bi 1000 piese &#8211; relaxare \u0219i reconectare cu Sinele<\/span><\/h2>\n<p><span style=\"font-weight: 400\">Alege s\u0103 descoperi Rom\u00e2nia \u00een imagini cu ajutorul unui puzzle \u0219i recompune pies\u0103 cu pies\u0103 imaginea Bisericii M\u0103n\u0103stirii Sucevi\u021ba, impresionant\u0103 at\u00e2t prin construc\u021bie c\u00e2t \u0219i prin frescele ce impodobesc fa\u021bada.<\/span><\/p>\n<p><span style=\"font-weight: 400\">Iat\u0103 c\u00e2te motive, cel pu\u021bin interesante, ai acum, pentru a descoperi fascinanta Biseric\u0103 a M\u0103n\u0103stirii Sucevi\u021ba, sub forma unui puzzle 1000 piese, pe care \u00eel po\u021bi asambla \u00een lini\u0219te, aloc\u00e2ndu-\u021bi c\u00e2teva ore pentru tine, pentru a te relaxa \u00een voie.\u00a0<\/span><\/p>\n<p><span style=\"font-weight: 400\">\u00cen plus, asamblarea unui puzzle cu imagini din Rom\u00e2nia este o activitate foarte pl\u0103cut\u0103, de reconectare cu tine \u00eensu\u021bi \u0219i cu originile. O activitate \u00een timpul c\u0103reia po\u021bi reflecta \u0219i te po\u021bi concentra asupra unei singure ac\u021biuni. In felul acesta, te deconectezi de la ritmul rapid al vie\u021bii \u0219i pui pauz\u0103 tumultului de g\u00e2nduri \u0219i idei ce te cuprind \u00een fiecare zi.<\/span><\/p><\/p>\n","protected":false},"excerpt":{"rendered":"<p>M\u0103n\u0103stirea Sucevi\u021ba este un simbol valoros al Bucovinei, una dintre zonele cele mai frumoase ale Rom\u00e2niei, unde timpul pare c\u0103<\/p>\n","protected":false},"featured_media":33654,"template":"","meta":[],"product_brand":[],"product_cat":[1881,1919,1920],"product_tag":[],"class_list":{"0":"post-42975","1":"product","2":"type-product","3":"status-publish","4":"has-post-thumbnail","6":"product_cat-kirakos-jatekok","7":"product_cat-felnott-kirakos-jatekok","8":"product_cat-1000-darabos-kirakos-jatek","9":"pa_bax-10-hu","10":"pa_brand-d_toys-hu","11":"pa_country_of_manufacture-ro-hu","12":"pa_filter_age-14-hu","13":"pa_painter-romania-hu","14":"pa_tip_ambalaj-doboz","15":"pa_tip_puzzle-klasszikus","17":"first","18":"instock","19":"taxable","20":"shipping-taxable","21":"product-type-simple"},"yoast_head":"<!-- This site is optimized with the Yoast SEO plugin v20.1 - https:\/\/yoast.com\/wordpress\/plugins\/seo\/ -->\n<title>Puzzle adul\u021bi 1000 piese - Imagini din Rom\u00e2nia - M\u0103n\u0103stirea Sucevi\u021ba - Roovi B2B<\/title>\n<meta name=\"robots\" content=\"index, follow, max-snippet:-1, max-image-preview:large, max-video-preview:-1\" \/>\n<link rel=\"canonical\" href=\"https:\/\/business.roovi.com\/hu\/puzzle-1000-piese-imagini-din-romania-manastirea-sucevita\/p\/\" \/>\n<meta property=\"og:locale\" content=\"hu_HU\" \/>\n<meta property=\"og:type\" content=\"article\" \/>\n<meta property=\"og:title\" content=\"Puzzle adul\u021bi 1000 piese - Imagini din Rom\u00e2nia - M\u0103n\u0103stirea Sucevi\u021ba - Roovi B2B\" \/>\n<meta property=\"og:description\" content=\"M\u0103n\u0103stirea Sucevi\u021ba este un simbol valoros al Bucovinei, una dintre zonele cele mai frumoase ale Rom\u00e2niei, unde timpul pare c\u0103\" \/>\n<meta property=\"og:url\" content=\"https:\/\/business.roovi.com\/hu\/puzzle-1000-piese-imagini-din-romania-manastirea-sucevita\/p\/\" \/>\n<meta property=\"og:site_name\" content=\"Roovi B2B\" \/>\n<meta property=\"article:publisher\" content=\"https:\/\/www.facebook.com\/wwwjucariero\" \/>\n<meta property=\"og:image\" content=\"https:\/\/business.roovi.com\/wp-content\/uploads\/2018\/04\/63038_03.jpg\" \/>\n\t<meta property=\"og:image:width\" content=\"1200\" \/>\n\t<meta property=\"og:image:height\" content=\"1200\" \/>\n\t<meta property=\"og:image:type\" content=\"image\/jpeg\" \/>\n<meta name=\"twitter:label1\" content=\"Becs\u00fclt olvas\u00e1si id\u0151\" \/>\n\t<meta name=\"twitter:data1\" content=\"4 perc\" \/>\n<script type=\"application\/ld+json\" class=\"yoast-schema-graph\">{\"@context\":\"https:\/\/schema.org\",\"@graph\":[{\"@type\":\"WebPage\",\"@id\":\"https:\/\/business.roovi.com\/hu\/puzzle-1000-piese-imagini-din-romania-manastirea-sucevita\/p\/\",\"url\":\"https:\/\/business.roovi.com\/hu\/puzzle-1000-piese-imagini-din-romania-manastirea-sucevita\/p\/\",\"name\":\"Puzzle adul\u021bi 1000 piese - Imagini din Rom\u00e2nia - M\u0103n\u0103stirea Sucevi\u021ba - Roovi B2B\",\"isPartOf\":{\"@id\":\"https:\/\/business.roovi.com\/hu\/#website\"},\"datePublished\":\"2018-04-16T10:56:16+00:00\",\"dateModified\":\"2018-04-16T10:56:16+00:00\",\"breadcrumb\":{\"@id\":\"https:\/\/business.roovi.com\/hu\/puzzle-1000-piese-imagini-din-romania-manastirea-sucevita\/p\/#breadcrumb\"},\"inLanguage\":\"hu\",\"potentialAction\":[{\"@type\":\"ReadAction\",\"target\":[\"https:\/\/business.roovi.com\/hu\/puzzle-1000-piese-imagini-din-romania-manastirea-sucevita\/p\/\"]}]},{\"@type\":\"BreadcrumbList\",\"@id\":\"https:\/\/business.roovi.com\/hu\/puzzle-1000-piese-imagini-din-romania-manastirea-sucevita\/p\/#breadcrumb\",\"itemListElement\":[{\"@type\":\"ListItem\",\"position\":1,\"name\":\"Home\",\"item\":\"https:\/\/business.roovi.com\/hu\/\"},{\"@type\":\"ListItem\",\"position\":2,\"name\":\"Shop\",\"item\":\"https:\/\/business.roovi.com\/hu\/shop\/\"},{\"@type\":\"ListItem\",\"position\":3,\"name\":\"Puzzle adul\u021bi 1000 piese &#8211; Imagini din Rom\u00e2nia &#8211; M\u0103n\u0103stirea Sucevi\u021ba\"}]},{\"@type\":\"WebSite\",\"@id\":\"https:\/\/business.roovi.com\/hu\/#website\",\"url\":\"https:\/\/business.roovi.com\/hu\/\",\"name\":\"Roovi B2B\",\"description\":\"Roovi Business Website\",\"potentialAction\":[{\"@type\":\"SearchAction\",\"target\":{\"@type\":\"EntryPoint\",\"urlTemplate\":\"https:\/\/business.roovi.com\/hu\/?s={search_term_string}\"},\"query-input\":\"required name=search_term_string\"}],\"inLanguage\":\"hu\"}]}<\/script>\n<!-- \/ Yoast SEO plugin. -->","yoast_head_json":{"title":"Puzzle adul\u021bi 1000 piese - Imagini din Rom\u00e2nia - M\u0103n\u0103stirea Sucevi\u021ba - Roovi B2B","robots":{"index":"index","follow":"follow","max-snippet":"max-snippet:-1","max-image-preview":"max-image-preview:large","max-video-preview":"max-video-preview:-1"},"canonical":"https:\/\/business.roovi.com\/hu\/puzzle-1000-piese-imagini-din-romania-manastirea-sucevita\/p\/","og_locale":"hu_HU","og_type":"article","og_title":"Puzzle adul\u021bi 1000 piese - Imagini din Rom\u00e2nia - M\u0103n\u0103stirea Sucevi\u021ba - Roovi B2B","og_description":"M\u0103n\u0103stirea Sucevi\u021ba este un simbol valoros al Bucovinei, una dintre zonele cele mai frumoase ale Rom\u00e2niei, unde timpul pare c\u0103","og_url":"https:\/\/business.roovi.com\/hu\/puzzle-1000-piese-imagini-din-romania-manastirea-sucevita\/p\/","og_site_name":"Roovi B2B","article_publisher":"https:\/\/www.facebook.com\/wwwjucariero","og_image":[{"width":1200,"height":1200,"url":"https:\/\/business.roovi.com\/wp-content\/uploads\/2018\/04\/63038_03.jpg","type":"image\/jpeg"}],"twitter_misc":{"Becs\u00fclt olvas\u00e1si id\u0151":"4 perc"},"schema":{"@context":"https:\/\/schema.org","@graph":[{"@type":"WebPage","@id":"https:\/\/business.roovi.com\/hu\/puzzle-1000-piese-imagini-din-romania-manastirea-sucevita\/p\/","url":"https:\/\/business.roovi.com\/hu\/puzzle-1000-piese-imagini-din-romania-manastirea-sucevita\/p\/","name":"Puzzle adul\u021bi 1000 piese - Imagini din Rom\u00e2nia - M\u0103n\u0103stirea Sucevi\u021ba - Roovi B2B","isPartOf":{"@id":"https:\/\/business.roovi.com\/hu\/#website"},"datePublished":"2018-04-16T10:56:16+00:00","dateModified":"2018-04-16T10:56:16+00:00","breadcrumb":{"@id":"https:\/\/business.roovi.com\/hu\/puzzle-1000-piese-imagini-din-romania-manastirea-sucevita\/p\/#breadcrumb"},"inLanguage":"hu","potentialAction":[{"@type":"ReadAction","target":["https:\/\/business.roovi.com\/hu\/puzzle-1000-piese-imagini-din-romania-manastirea-sucevita\/p\/"]}]},{"@type":"BreadcrumbList","@id":"https:\/\/business.roovi.com\/hu\/puzzle-1000-piese-imagini-din-romania-manastirea-sucevita\/p\/#breadcrumb","itemListElement":[{"@type":"ListItem","position":1,"name":"Home","item":"https:\/\/business.roovi.com\/hu\/"},{"@type":"ListItem","position":2,"name":"Shop","item":"https:\/\/business.roovi.com\/hu\/shop\/"},{"@type":"ListItem","position":3,"name":"Puzzle adul\u021bi 1000 piese &#8211; Imagini din Rom\u00e2nia &#8211; M\u0103n\u0103stirea Sucevi\u021ba"}]},{"@type":"WebSite","@id":"https:\/\/business.roovi.com\/hu\/#website","url":"https:\/\/business.roovi.com\/hu\/","name":"Roovi B2B","description":"Roovi Business Website","potentialAction":[{"@type":"SearchAction","target":{"@type":"EntryPoint","urlTemplate":"https:\/\/business.roovi.com\/hu\/?s={search_term_string}"},"query-input":"required name=search_term_string"}],"inLanguage":"hu"}]}},"_links":{"self":[{"href":"https:\/\/business.roovi.com\/hu\/wp-json\/wp\/v2\/product\/42975","targetHints":{"allow":["GET"]}}],"collection":[{"href":"https:\/\/business.roovi.com\/hu\/wp-json\/wp\/v2\/product"}],"about":[{"href":"https:\/\/business.roovi.com\/hu\/wp-json\/wp\/v2\/types\/product"}],"version-history":[{"count":0,"href":"https:\/\/business.roovi.com\/hu\/wp-json\/wp\/v2\/product\/42975\/revisions"}],"wp:featuredmedia":[{"embeddable":true,"href":"https:\/\/business.roovi.com\/hu\/wp-json\/wp\/v2\/media\/33654"}],"wp:attachment":[{"href":"https:\/\/business.roovi.com\/hu\/wp-json\/wp\/v2\/media?parent=42975"}],"wp:term":[{"taxonomy":"product_brand","embeddable":true,"href":"https:\/\/business.roovi.com\/hu\/wp-json\/wp\/v2\/product_brand?post=42975"},{"taxonomy":"product_cat","embeddable":true,"href":"https:\/\/business.roovi.com\/hu\/wp-json\/wp\/v2\/product_cat?post=42975"},{"taxonomy":"product_tag","embeddable":true,"href":"https:\/\/business.roovi.com\/hu\/wp-json\/wp\/v2\/product_tag?post=42975"}],"curies":[{"name":"wp","href":"https:\/\/api.w.org\/{rel}","templated":true}]}}