{"id":42979,"date":"2018-04-16T10:56:16","date_gmt":"2018-04-16T10:56:16","guid":{"rendered":"https:\/\/business.roovi.com\/puzzle-1000-piese-imagini-din-romania-castelul-bran-ziua\/p\/"},"modified":"2018-04-16T10:56:16","modified_gmt":"2018-04-16T10:56:16","slug":"puzzle-1000-piese-imagini-din-romania-castelul-bran-ziua","status":"publish","type":"product","link":"https:\/\/business.roovi.com\/hu\/puzzle-1000-piese-imagini-din-romania-castelul-bran-ziua\/p\/","title":{"rendered":"Puzzle adul\u021bi 1000 piese &#8211; Imagini din Rom\u00e2nia &#8211; Castelul Bran ziua"},"content":{"rendered":"<p><span style=\"font-weight: 400\">Castelul Bran este unul dintre cele mai cunoscute monumente \u0219i obiective turistice din Rom\u00e2nia, at\u00e2t pe plan national, c\u00e2t \u0219i interna\u021bional. Datorit\u0103 importan\u021bei sale cov\u00e2r\u0219itoare pe plan economic, militar \u0219i ulterior cultural, dar \u0219i datorit\u0103 amplas\u0103rii sale strategice la grani\u021ba de sud a Transilvaniei, a avut de-a lungul timpului rol de vam\u0103, de cetate de ap\u0103rare sau re\u0219edin\u021b\u0103 regal\u0103.<\/span><\/p>\n<p><span style=\"font-weight: 400\">O construc\u021bie masiv\u0103 din piatr\u0103, cu ziduri albe \u0219i acoperi\u0219 c\u0103r\u0103miziu, cu turnuri \u0219i ziduri groase ce se z\u0103resc din dep\u0103rtare, a fost \u00een\u0103l\u021bat pe un deal, \u00eentre M\u0103gura \u0219i Dealul Cet\u0103\u021bii, la doar 30 de km de Bra\u0219ov.<\/span><\/p>\n<p><span style=\"font-weight: 400\">Cunoscut pretutindeni drept Castelul lui Dracula, Castelul Bran, al\u0103turi de legenda lui Vlad \u021aepe\u0219, i-au servit drept inspira\u021bie scriitorului Bram Stoker pentru a contura povestea vampirului \u00eensetat de s\u00e2nge din celebrul roman \u201cDracula\u201d.<\/span><\/p>\n<p><span style=\"font-weight: 400\">Ulterior, castelul Bran a devenit locul de suflet al Reginei Maria a Rom\u00e2niei, care l-a transformat \u00eentr-o re\u0219edin\u021b\u0103 intim\u0103, \u00een care \u00ee\u0219i c\u0103uta adesea lini\u0219tea \u0219i pacea sufleteasc\u0103, aproape de \u021b\u0103ranii din zona Branului, \u00eembr\u0103c\u00e2nd cu m\u00e2ndrie straie populare.<\/span><\/p>\n<p><span style=\"font-weight: 400\">Te invit\u0103m, astfel, la o c\u0103l\u0103torie imaginar\u0103 prin trec\u0103toarea Bran, la grani\u021ba Transilvaniei, pentru a descoperi o construc\u021bie ce impresioneaz\u0103 prin structura \u0219i aspectul impun\u0103tor, dar care este totodat\u0103 intim\u0103 \u0219i primitoare, decorat\u0103 minimal, dar cu foarte mult bun gust.\u00a0 Pies\u0103 cu pies\u0103 vei putea recrea o imagine emblematic\u0103 a castelului de pe st\u00e2nc\u0103, prin intermediul unui puzzle 1000 piese.<\/span><\/p>\n<h2><span style=\"font-weight: 400\">De ce s\u0103 alegi un puzzle adul\u021bi 1000 piese Imagini din Rom\u00e2nia<\/span><\/h2>\n<ul>\n<li><span style=\"font-weight: 400\">Un puzzle este o modalitate relaxant\u0103 de a descoperi frumuse\u021bea \u0219i unicitatea unor obiective turistice apreciate \u00een \u00eentreaga lume, de care se leag\u0103 legende renumite.<\/span><\/li>\n<li><span style=\"font-weight: 400\">La final, vei ob\u021bine un tablou al Castelului Bran, ce poate deveni un punct de atrac\u021bie \u00een orice \u00eenc\u0103pere.<\/span><\/li>\n<li><span style=\"font-weight: 400\">Dimensiunea acestui puzzle este de 68 x 47 cm, suficient de mare pentru a deveni o pies\u0103 central\u0103 de decor \u0219i pentru a scoate din anonimat un spa\u021biu anost.<\/span><\/li>\n<li><span style=\"font-weight: 400\">Folosim materiale reciclabile \u0219i sustenabile pentru realizarea fiec\u0103rui puzzle.<\/span><\/li>\n<li><span style=\"font-weight: 400\">Piesele sunt realizate din carton rezistent, de foarte bun\u0103 calitate, astfel c\u0103 imaginea poate fi asamblat\u0103 de mai multe ori, f\u0103r\u0103 ca piesele sa fie deteriorate.<\/span><\/li>\n<li><span style=\"font-weight: 400\">Finisajul pl\u0103cut, semi lucios, eviden\u021biaz\u0103 culorile vii \u0219i confer\u0103 claritate imaginii.<\/span><\/li>\n<li><span style=\"font-weight: 400\">Jocul de puzzle este un antrenament mental pre\u021bios, solicitand ambele emisfere cerebrale, ajut\u00e2nd astfel la \u00eembun\u0103t\u0103\u021birea memoriei.<\/span><\/li>\n<li><span style=\"font-weight: 400\">Este o form\u0103 pl\u0103cut\u0103 de a antrena \u0219i men\u021bine coordonarea, motricitatea \u0219i dexteritatea, la orice v\u00e2rst\u0103.<\/span><\/li>\n<li><span style=\"font-weight: 400\">Spore\u0219te aten\u021bia la detalii \u0219i concentrarea.<\/span><\/li>\n<li><span style=\"font-weight: 400\">Este un joc potrivit de la 14 ani, cu un grad de complexitate mediu.\u00a0<\/span><\/li>\n<\/ul>\n<h2><span style=\"font-weight: 400\">\u0218tiai c\u0103\u2026<\/span><\/h2>\n<p><span style=\"font-weight: 400\">Prima atestare documentar\u0103 a Castelului Bran dateaz\u0103 din anul 1377, de\u0219i originile sale se pare c\u0103 sunt mult mai vechi, puternic conectate cu sosirea Cavalerilor Teutoni \u00een zona Transilvaniei.<\/span><\/p>\n<p><span style=\"font-weight: 400\">Pentru o scurt\u0103 perioad\u0103 de timp, la Castelul Bran a fost \u00eengropat\u0103 inima Reginei Maria, \u00eenainte de a fi mutat\u0103 la Balcic.<\/span><\/p>\n<p><span style=\"font-weight: 400\">Castelul apar\u021bine \u00een prezent unui urma\u0219 al familiei regale, Dominic de Habsburg.<\/span><\/p>\n<p><span style=\"font-weight: 400\">Castelul este conectat printr-un tunel secret cu capela din piatr\u0103, situat\u0103 \u00een afara zidurilor sale, unde Regina Maria se retr\u0103gea adesea pentru rug\u0103ciune.<\/span><\/p>\n<h2><span style=\"font-weight: 400\">Puzzle adul\u021bi 1000 piese &#8211; pentru pasiona\u021bii de frumos<\/span><\/h2>\n<p><span style=\"font-weight: 400\">Alege s\u0103 descoperi Rom\u00e2nia \u00eentr-un mod inedit, cu ajutorul unui puzzle, \u0219i recompune pies\u0103 cu pies\u0103 imaginea Castelului Bran, ce se ridic\u0103 at\u00e2t de impun\u0103tor pe o st\u00e2nc\u0103.\u00a0<\/span><\/p>\n<p><span style=\"font-weight: 400\">Iat\u0103 c\u00e2te motive ai acum pentru a explora fascinanta zon\u0103 a Branului \u0219i faimosul Castel-cetate, sub forma unui puzzle 1000 piese, pe care \u00eel po\u021bi asambla singur sau \u00eempreun\u0103 cu persoanele dragi.\u00a0<\/span><\/p>\n<p><span style=\"font-weight: 400\">Poate fi, de asemenea, \u0219i o bun\u0103 ocazie s\u0103 povesti\u021bi despre istorie, tradi\u021bie \u0219i vechile zone istorice ale \u021b\u0103rii noastre.<\/span><\/p>\n<p><span style=\"font-weight: 400\">\u00cen plus, asamblarea unui puzzle cu imagini din Rom\u00e2nia este o activitate foarte pl\u0103cut\u0103, de reconectare cu originile, descoperind detalii \u0219i monumente impresionante, \u00een timp ce te destinzi \u0219i te deconectezi de la agita\u021bia cotidian\u0103.<\/span><\/p>\n<p>\u00a0<\/p>\n","protected":false},"excerpt":{"rendered":"<p>Castelul Bran este unul dintre cele mai cunoscute monumente \u0219i obiective turistice din Rom\u00e2nia, at\u00e2t pe plan national, c\u00e2t \u0219i<\/p>\n","protected":false},"featured_media":33662,"template":"","meta":[],"product_brand":[],"product_cat":[1881,1919,1920],"product_tag":[],"class_list":{"0":"post-42979","1":"product","2":"type-product","3":"status-publish","4":"has-post-thumbnail","6":"product_cat-kirakos-jatekok","7":"product_cat-felnott-kirakos-jatekok","8":"product_cat-1000-darabos-kirakos-jatek","9":"pa_bax-10-hu","10":"pa_brand-d_toys-hu","11":"pa_country_of_manufacture-ro-hu","12":"pa_filter_age-14-hu","13":"pa_painter-romania-hu","14":"pa_tip_ambalaj-doboz","15":"pa_tip_puzzle-klasszikus","17":"first","18":"instock","19":"taxable","20":"shipping-taxable","21":"product-type-simple"},"yoast_head":"<!-- This site is optimized with the Yoast SEO plugin v20.1 - https:\/\/yoast.com\/wordpress\/plugins\/seo\/ -->\n<title>Puzzle adul\u021bi 1000 piese - Imagini din Rom\u00e2nia - Castelul Bran ziua - Roovi B2B<\/title>\n<meta name=\"robots\" content=\"index, follow, max-snippet:-1, max-image-preview:large, max-video-preview:-1\" \/>\n<link rel=\"canonical\" href=\"https:\/\/business.roovi.com\/hu\/puzzle-1000-piese-imagini-din-romania-castelul-bran-ziua\/p\/\" \/>\n<meta property=\"og:locale\" content=\"hu_HU\" \/>\n<meta property=\"og:type\" content=\"article\" \/>\n<meta property=\"og:title\" content=\"Puzzle adul\u021bi 1000 piese - Imagini din Rom\u00e2nia - Castelul Bran ziua - Roovi B2B\" \/>\n<meta property=\"og:description\" content=\"Castelul Bran este unul dintre cele mai cunoscute monumente \u0219i obiective turistice din Rom\u00e2nia, at\u00e2t pe plan national, c\u00e2t \u0219i\" \/>\n<meta property=\"og:url\" content=\"https:\/\/business.roovi.com\/hu\/puzzle-1000-piese-imagini-din-romania-castelul-bran-ziua\/p\/\" \/>\n<meta property=\"og:site_name\" content=\"Roovi B2B\" \/>\n<meta property=\"article:publisher\" content=\"https:\/\/www.facebook.com\/wwwjucariero\" \/>\n<meta property=\"og:image\" content=\"https:\/\/business.roovi.com\/wp-content\/uploads\/2018\/04\/63038-06_ansamblu_dimensiuni_cutie_cm.png\" \/>\n\t<meta property=\"og:image:width\" content=\"2000\" \/>\n\t<meta property=\"og:image:height\" content=\"2000\" \/>\n\t<meta property=\"og:image:type\" content=\"image\/png\" \/>\n<meta name=\"twitter:label1\" content=\"Becs\u00fclt olvas\u00e1si id\u0151\" \/>\n\t<meta name=\"twitter:data1\" content=\"3 perc\" \/>\n<script type=\"application\/ld+json\" class=\"yoast-schema-graph\">{\"@context\":\"https:\/\/schema.org\",\"@graph\":[{\"@type\":\"WebPage\",\"@id\":\"https:\/\/business.roovi.com\/hu\/puzzle-1000-piese-imagini-din-romania-castelul-bran-ziua\/p\/\",\"url\":\"https:\/\/business.roovi.com\/hu\/puzzle-1000-piese-imagini-din-romania-castelul-bran-ziua\/p\/\",\"name\":\"Puzzle adul\u021bi 1000 piese - Imagini din Rom\u00e2nia - Castelul Bran ziua - Roovi B2B\",\"isPartOf\":{\"@id\":\"https:\/\/business.roovi.com\/hu\/#website\"},\"datePublished\":\"2018-04-16T10:56:16+00:00\",\"dateModified\":\"2018-04-16T10:56:16+00:00\",\"breadcrumb\":{\"@id\":\"https:\/\/business.roovi.com\/hu\/puzzle-1000-piese-imagini-din-romania-castelul-bran-ziua\/p\/#breadcrumb\"},\"inLanguage\":\"hu\",\"potentialAction\":[{\"@type\":\"ReadAction\",\"target\":[\"https:\/\/business.roovi.com\/hu\/puzzle-1000-piese-imagini-din-romania-castelul-bran-ziua\/p\/\"]}]},{\"@type\":\"BreadcrumbList\",\"@id\":\"https:\/\/business.roovi.com\/hu\/puzzle-1000-piese-imagini-din-romania-castelul-bran-ziua\/p\/#breadcrumb\",\"itemListElement\":[{\"@type\":\"ListItem\",\"position\":1,\"name\":\"Home\",\"item\":\"https:\/\/business.roovi.com\/hu\/\"},{\"@type\":\"ListItem\",\"position\":2,\"name\":\"Shop\",\"item\":\"https:\/\/business.roovi.com\/hu\/shop\/\"},{\"@type\":\"ListItem\",\"position\":3,\"name\":\"Puzzle adul\u021bi 1000 piese &#8211; Imagini din Rom\u00e2nia &#8211; Castelul Bran ziua\"}]},{\"@type\":\"WebSite\",\"@id\":\"https:\/\/business.roovi.com\/hu\/#website\",\"url\":\"https:\/\/business.roovi.com\/hu\/\",\"name\":\"Roovi B2B\",\"description\":\"Roovi Business Website\",\"potentialAction\":[{\"@type\":\"SearchAction\",\"target\":{\"@type\":\"EntryPoint\",\"urlTemplate\":\"https:\/\/business.roovi.com\/hu\/?s={search_term_string}\"},\"query-input\":\"required name=search_term_string\"}],\"inLanguage\":\"hu\"}]}<\/script>\n<!-- \/ Yoast SEO plugin. -->","yoast_head_json":{"title":"Puzzle adul\u021bi 1000 piese - Imagini din Rom\u00e2nia - Castelul Bran ziua - Roovi B2B","robots":{"index":"index","follow":"follow","max-snippet":"max-snippet:-1","max-image-preview":"max-image-preview:large","max-video-preview":"max-video-preview:-1"},"canonical":"https:\/\/business.roovi.com\/hu\/puzzle-1000-piese-imagini-din-romania-castelul-bran-ziua\/p\/","og_locale":"hu_HU","og_type":"article","og_title":"Puzzle adul\u021bi 1000 piese - Imagini din Rom\u00e2nia - Castelul Bran ziua - Roovi B2B","og_description":"Castelul Bran este unul dintre cele mai cunoscute monumente \u0219i obiective turistice din Rom\u00e2nia, at\u00e2t pe plan national, c\u00e2t \u0219i","og_url":"https:\/\/business.roovi.com\/hu\/puzzle-1000-piese-imagini-din-romania-castelul-bran-ziua\/p\/","og_site_name":"Roovi B2B","article_publisher":"https:\/\/www.facebook.com\/wwwjucariero","og_image":[{"width":2000,"height":2000,"url":"https:\/\/business.roovi.com\/wp-content\/uploads\/2018\/04\/63038-06_ansamblu_dimensiuni_cutie_cm.png","type":"image\/png"}],"twitter_misc":{"Becs\u00fclt olvas\u00e1si id\u0151":"3 perc"},"schema":{"@context":"https:\/\/schema.org","@graph":[{"@type":"WebPage","@id":"https:\/\/business.roovi.com\/hu\/puzzle-1000-piese-imagini-din-romania-castelul-bran-ziua\/p\/","url":"https:\/\/business.roovi.com\/hu\/puzzle-1000-piese-imagini-din-romania-castelul-bran-ziua\/p\/","name":"Puzzle adul\u021bi 1000 piese - Imagini din Rom\u00e2nia - Castelul Bran ziua - Roovi B2B","isPartOf":{"@id":"https:\/\/business.roovi.com\/hu\/#website"},"datePublished":"2018-04-16T10:56:16+00:00","dateModified":"2018-04-16T10:56:16+00:00","breadcrumb":{"@id":"https:\/\/business.roovi.com\/hu\/puzzle-1000-piese-imagini-din-romania-castelul-bran-ziua\/p\/#breadcrumb"},"inLanguage":"hu","potentialAction":[{"@type":"ReadAction","target":["https:\/\/business.roovi.com\/hu\/puzzle-1000-piese-imagini-din-romania-castelul-bran-ziua\/p\/"]}]},{"@type":"BreadcrumbList","@id":"https:\/\/business.roovi.com\/hu\/puzzle-1000-piese-imagini-din-romania-castelul-bran-ziua\/p\/#breadcrumb","itemListElement":[{"@type":"ListItem","position":1,"name":"Home","item":"https:\/\/business.roovi.com\/hu\/"},{"@type":"ListItem","position":2,"name":"Shop","item":"https:\/\/business.roovi.com\/hu\/shop\/"},{"@type":"ListItem","position":3,"name":"Puzzle adul\u021bi 1000 piese &#8211; Imagini din Rom\u00e2nia &#8211; Castelul Bran ziua"}]},{"@type":"WebSite","@id":"https:\/\/business.roovi.com\/hu\/#website","url":"https:\/\/business.roovi.com\/hu\/","name":"Roovi B2B","description":"Roovi Business Website","potentialAction":[{"@type":"SearchAction","target":{"@type":"EntryPoint","urlTemplate":"https:\/\/business.roovi.com\/hu\/?s={search_term_string}"},"query-input":"required name=search_term_string"}],"inLanguage":"hu"}]}},"_links":{"self":[{"href":"https:\/\/business.roovi.com\/hu\/wp-json\/wp\/v2\/product\/42979","targetHints":{"allow":["GET"]}}],"collection":[{"href":"https:\/\/business.roovi.com\/hu\/wp-json\/wp\/v2\/product"}],"about":[{"href":"https:\/\/business.roovi.com\/hu\/wp-json\/wp\/v2\/types\/product"}],"version-history":[{"count":0,"href":"https:\/\/business.roovi.com\/hu\/wp-json\/wp\/v2\/product\/42979\/revisions"}],"wp:featuredmedia":[{"embeddable":true,"href":"https:\/\/business.roovi.com\/hu\/wp-json\/wp\/v2\/media\/33662"}],"wp:attachment":[{"href":"https:\/\/business.roovi.com\/hu\/wp-json\/wp\/v2\/media?parent=42979"}],"wp:term":[{"taxonomy":"product_brand","embeddable":true,"href":"https:\/\/business.roovi.com\/hu\/wp-json\/wp\/v2\/product_brand?post=42979"},{"taxonomy":"product_cat","embeddable":true,"href":"https:\/\/business.roovi.com\/hu\/wp-json\/wp\/v2\/product_cat?post=42979"},{"taxonomy":"product_tag","embeddable":true,"href":"https:\/\/business.roovi.com\/hu\/wp-json\/wp\/v2\/product_tag?post=42979"}],"curies":[{"name":"wp","href":"https:\/\/api.w.org\/{rel}","templated":true}]}}