{"id":42983,"date":"2018-04-16T10:56:16","date_gmt":"2018-04-16T10:56:16","guid":{"rendered":"https:\/\/business.roovi.com\/puzzle-1000-piese-imagini-din-romania-castelul-peles-ziua\/p\/"},"modified":"2018-04-16T10:56:16","modified_gmt":"2018-04-16T10:56:16","slug":"puzzle-1000-piese-imagini-din-romania-castelul-peles-ziua","status":"publish","type":"product","link":"https:\/\/business.roovi.com\/hu\/puzzle-1000-piese-imagini-din-romania-castelul-peles-ziua\/p\/","title":{"rendered":"Puzzle adul\u021bi 1000 piese &#8211; Imagini din Rom\u00e2nia &#8211; Castelul Pele\u0219 ziua"},"content":{"rendered":"<p><span style=\"font-weight: 400\">Descoper\u0103 un castel cum nu este altul \u00een lume, ascuns \u00een intimitatea muntelui \u0219i a p\u0103durii, a\u0219ezat \u00eentr-un cadru feeric, ferit de tumultul vie\u021bii de zi cu zi.\u00a0<\/span><\/p>\n<p><span style=\"font-weight: 400\">Castelul Pele\u0219 este \u00eentruchiparea bunului gust \u0219i a elegan\u021bei arhitecturale, \u00eembin\u00e2nd cu delicate\u021be romantismul stilului neo-renascentist, cu fermitatea \u0219i rigoarea stilului neo-gotic. Aceea\u0219i al\u0103turare interesant\u0103 de stiluri poate fi observat\u0103 \u0219i la Schloss Neuschwanstein din Bavaria, care este deopotriv\u0103 romantic \u0219i pe alocuri chiar brutal.<\/span><\/p>\n<p><span style=\"font-weight: 400\">Fiecare pies\u0103 de puzzle te poart\u0103 \u00eentr-o c\u0103l\u0103torie regal\u0103, pe parcursul c\u0103reia po\u021bi observa cum prinde form\u0103 unul dintre cele mai frumoase \u0219i elegante castele ale Europei. Descoper\u0103 detaliile fine ce \u00eempodobesc fa\u021bada Pele\u0219ului \u0219i cadrul natural de o frumuse\u021be rar\u0103 ce \u00eel \u00eenconjoar\u0103, prin intermediul unui puzzle 1000 piese ce reproduce fidel imaginea binecunoscut\u0103 a emblematicului Castel.<\/span><\/p>\n<h2><span style=\"font-weight: 400\">De ce s\u0103 alegi un puzzle adul\u021bi 1000 piese Imagini din Rom\u00e2nia<\/span><\/h2>\n<ul>\n<li><span style=\"font-weight: 400\">Un puzzle este o modalitate relaxant\u0103 de a descoperi frumuse\u021bea \u0219i unicitatea unor obiective turistice apreciate \u00een \u00eentreaga lume.<\/span><\/li>\n<li><span style=\"font-weight: 400\">La final, vei ob\u021bine un fascinant tablou al Castelului Pele\u0219, pe care \u00eel po\u021bi \u00eenr\u0103ma cu u\u0219urin\u021b\u0103.<\/span><\/li>\n<li><span style=\"font-weight: 400\">Dimensiunea acestui puzzle este de 68 x 47 cm, suficient de mare pentru a deveni o pies\u0103 central\u0103 \u00een orice decor.<\/span><\/li>\n<li><span style=\"font-weight: 400\">Piesele sunt realizate din carton rezistent, de foarte bun\u0103 calitate, astfel c\u0103 imaginea poate fi asamblat\u0103 de mai multe ori, f\u0103r\u0103 ca piesele sa fie deteriorate.<\/span><\/li>\n<li><span style=\"font-weight: 400\">Finisajul pl\u0103cut, semi lucios, eviden\u021biaz\u0103 culorile vii ale imaginii.<\/span><\/li>\n<li><span style=\"font-weight: 400\">Folosim materiale reciclabile \u0219i sustenabile pentru realizarea fiec\u0103rui puzzle.<\/span><\/li>\n<li><span style=\"font-weight: 400\">Este un joc potrivit de la 14 ani, cu un grad de complexitate mediu.<\/span><\/li>\n<li><span style=\"font-weight: 400\">Spore\u0219te aten\u021bia la detalii \u0219i concentrarea.<\/span><\/li>\n<li><span style=\"font-weight: 400\">Jocul de puzzle este un antrenament mental pre\u021bios, solicitand ambele emisfere cerebrale, \u00eembun\u0103t\u0103\u021bind astfel memoria.<\/span><\/li>\n<li><span style=\"font-weight: 400\">Este o form\u0103 pl\u0103cut\u0103 de a antrena \u0219i men\u021bine coordonarea, motricitatea \u0219i dexteritatea, la orice v\u00e2rst\u0103.<\/span><\/li>\n<\/ul>\n<h2><span style=\"font-weight: 400\">\u0218tiai c\u0103\u2026<\/span><\/h2>\n<p><span style=\"font-weight: 400\">Castelul Pele\u0219 a fost primul castel complet electrificat din Europa, datorit\u0103 faptului c\u0103 de\u021bine propria uzin\u0103 electric\u0103 ce \u00eei asigura electricitatea necesar\u0103.<\/span><\/p>\n<p><span style=\"font-weight: 400\">De asemenea, Pele\u0219ul se bucura de dot\u0103ri foarte moderne pentru vremurile \u00een care a fost construit, av\u00e2nd un sistem centralizat de vacuum pentru cur\u0103\u021benie, sistem centralizat de \u00eenc\u0103lzire \u00een pere\u021bi \u0219i chiar \u0219i un ascensor electric. Mai mult, plafonul de sticl\u0103 al holului de onoare este mobil \u0219i poate fi ac\u021bionat cu ajutorul unui motor electric.<\/span><\/p>\n<p><span style=\"font-weight: 400\">Carol al II-lea a fost primul rege n\u0103scut pe p\u0103m\u00e2nt rom\u00e2nesc \u0219i primul rege botezat \u00een religia ortodox\u0103, \u0219i totodat\u0103 singurul rege care nu a de\u021binut proprietatea Castelului Pele\u0219, acesta trec\u00e2nd direct \u00een posesia fiului s\u0103u, Regele Mihai I.\u00a0<\/span><\/p>\n<p><span style=\"font-weight: 400\">Pentru c\u0103 regele Carol I \u0219i-a dorit un castel unic, elegant \u0219i totu\u0219i nu foarte costisitor, a refuzat categoric primele 3 proiecte ale Pele\u0219ului, care erau mai mult copii lipsite de originalitate ale altor palate din vestul Europei. \u00cen plus, construc\u021bia Pele\u0219ului a fost finan\u021bat\u0103 integral din banii personali ai regelui, care a v\u00e2ndut o proprietate \u00een Germania pentru a duce la bun sf\u00e2r\u0219it construc\u021bia.\u00a0<\/span><\/p>\n<h2><span style=\"font-weight: 400\">Puzzle adul\u021bi 1000 piese &#8211; descoper\u0103 pl\u0103cerea relax\u0103rii active<\/span><\/h2>\n<p><span style=\"font-weight: 400\">Alege s\u0103 descoperi Rom\u00e2nia \u00een imagini, prin intermediul unor puzzle-uri de 1000 de piese, ce reprezint\u0103 capturi emblematice ale celor mai cunoscute \u0219i \u00eendr\u0103gite obiective turistice din \u021bara noastr\u0103. Astfel, cu ajutorul unui puzzle, po\u021bi recompune pies\u0103 cu pies\u0103 imaginea Castelului Pele\u0219, impresionant prin elegan\u021b\u0103 \u0219i somptuozitate, \u0219i po\u021bi descoperi detalii ascunse pe care nu le-ai observat p\u00e2n\u0103 acum.\u00a0<\/span><\/p>\n<p><span style=\"font-weight: 400\">Iat\u0103 c\u00e2te motive, cel pu\u021bin interesante, ai acum, pentru a descoperi grandiosul Castel Pele\u0219, sub forma unui puzzle 1000 piese.\u00a0\u00a0<\/span><\/p>\n<p><span style=\"font-weight: 400\">\u00cen plus, asamblarea unui puzzle cu imagini din Rom\u00e2nia este o activitate foarte relaxant\u0103 \u0219i creativ\u0103, ce \u00ee\u021bi ofer\u0103 un sentiment pl\u0103cut de apartenen\u021b\u0103 \u0219i de reconectare cu originile tale.\u00a0<\/span><\/p>\n<p>\u00a0<\/p>\n","protected":false},"excerpt":{"rendered":"<p>Descoper\u0103 un castel cum nu este altul \u00een lume, ascuns \u00een intimitatea muntelui \u0219i a p\u0103durii, a\u0219ezat \u00eentr-un cadru feeric,<\/p>\n","protected":false},"featured_media":33680,"template":"","meta":[],"product_brand":[],"product_cat":[1881,1919,1920],"product_tag":[],"class_list":{"0":"post-42983","1":"product","2":"type-product","3":"status-publish","4":"has-post-thumbnail","6":"product_cat-kirakos-jatekok","7":"product_cat-felnott-kirakos-jatekok","8":"product_cat-1000-darabos-kirakos-jatek","9":"pa_bax-10-hu","10":"pa_brand-d_toys-hu","11":"pa_country_of_manufacture-ro-hu","12":"pa_filter_age-14-hu","13":"pa_painter-romania-hu","14":"pa_tip_ambalaj-doboz","15":"pa_tip_puzzle-klasszikus","17":"first","18":"instock","19":"taxable","20":"shipping-taxable","21":"product-type-simple"},"yoast_head":"<!-- This site is optimized with the Yoast SEO plugin v20.1 - https:\/\/yoast.com\/wordpress\/plugins\/seo\/ -->\n<title>Puzzle adul\u021bi 1000 piese - Imagini din Rom\u00e2nia - Castelul Pele\u0219 ziua - Roovi B2B<\/title>\n<meta name=\"robots\" content=\"index, follow, max-snippet:-1, max-image-preview:large, max-video-preview:-1\" \/>\n<link rel=\"canonical\" href=\"https:\/\/business.roovi.com\/hu\/puzzle-1000-piese-imagini-din-romania-castelul-peles-ziua\/p\/\" \/>\n<meta property=\"og:locale\" content=\"hu_HU\" \/>\n<meta property=\"og:type\" content=\"article\" \/>\n<meta property=\"og:title\" content=\"Puzzle adul\u021bi 1000 piese - Imagini din Rom\u00e2nia - Castelul Pele\u0219 ziua - Roovi B2B\" \/>\n<meta property=\"og:description\" content=\"Descoper\u0103 un castel cum nu este altul \u00een lume, ascuns \u00een intimitatea muntelui \u0219i a p\u0103durii, a\u0219ezat \u00eentr-un cadru feeric,\" \/>\n<meta property=\"og:url\" content=\"https:\/\/business.roovi.com\/hu\/puzzle-1000-piese-imagini-din-romania-castelul-peles-ziua\/p\/\" \/>\n<meta property=\"og:site_name\" content=\"Roovi B2B\" \/>\n<meta property=\"article:publisher\" content=\"https:\/\/www.facebook.com\/wwwjucariero\" \/>\n<meta property=\"og:image\" content=\"https:\/\/business.roovi.com\/wp-content\/uploads\/2018\/04\/63038_08.jpg\" \/>\n\t<meta property=\"og:image:width\" content=\"1200\" \/>\n\t<meta property=\"og:image:height\" content=\"1200\" \/>\n\t<meta property=\"og:image:type\" content=\"image\/jpeg\" \/>\n<meta name=\"twitter:label1\" content=\"Becs\u00fclt olvas\u00e1si id\u0151\" \/>\n\t<meta name=\"twitter:data1\" content=\"3 perc\" \/>\n<script type=\"application\/ld+json\" class=\"yoast-schema-graph\">{\"@context\":\"https:\/\/schema.org\",\"@graph\":[{\"@type\":\"WebPage\",\"@id\":\"https:\/\/business.roovi.com\/hu\/puzzle-1000-piese-imagini-din-romania-castelul-peles-ziua\/p\/\",\"url\":\"https:\/\/business.roovi.com\/hu\/puzzle-1000-piese-imagini-din-romania-castelul-peles-ziua\/p\/\",\"name\":\"Puzzle adul\u021bi 1000 piese - Imagini din Rom\u00e2nia - Castelul Pele\u0219 ziua - Roovi B2B\",\"isPartOf\":{\"@id\":\"https:\/\/business.roovi.com\/hu\/#website\"},\"datePublished\":\"2018-04-16T10:56:16+00:00\",\"dateModified\":\"2018-04-16T10:56:16+00:00\",\"breadcrumb\":{\"@id\":\"https:\/\/business.roovi.com\/hu\/puzzle-1000-piese-imagini-din-romania-castelul-peles-ziua\/p\/#breadcrumb\"},\"inLanguage\":\"hu\",\"potentialAction\":[{\"@type\":\"ReadAction\",\"target\":[\"https:\/\/business.roovi.com\/hu\/puzzle-1000-piese-imagini-din-romania-castelul-peles-ziua\/p\/\"]}]},{\"@type\":\"BreadcrumbList\",\"@id\":\"https:\/\/business.roovi.com\/hu\/puzzle-1000-piese-imagini-din-romania-castelul-peles-ziua\/p\/#breadcrumb\",\"itemListElement\":[{\"@type\":\"ListItem\",\"position\":1,\"name\":\"Home\",\"item\":\"https:\/\/business.roovi.com\/hu\/\"},{\"@type\":\"ListItem\",\"position\":2,\"name\":\"Shop\",\"item\":\"https:\/\/business.roovi.com\/hu\/shop\/\"},{\"@type\":\"ListItem\",\"position\":3,\"name\":\"Puzzle adul\u021bi 1000 piese &#8211; Imagini din Rom\u00e2nia &#8211; Castelul Pele\u0219 ziua\"}]},{\"@type\":\"WebSite\",\"@id\":\"https:\/\/business.roovi.com\/hu\/#website\",\"url\":\"https:\/\/business.roovi.com\/hu\/\",\"name\":\"Roovi B2B\",\"description\":\"Roovi Business Website\",\"potentialAction\":[{\"@type\":\"SearchAction\",\"target\":{\"@type\":\"EntryPoint\",\"urlTemplate\":\"https:\/\/business.roovi.com\/hu\/?s={search_term_string}\"},\"query-input\":\"required name=search_term_string\"}],\"inLanguage\":\"hu\"}]}<\/script>\n<!-- \/ Yoast SEO plugin. -->","yoast_head_json":{"title":"Puzzle adul\u021bi 1000 piese - Imagini din Rom\u00e2nia - Castelul Pele\u0219 ziua - Roovi B2B","robots":{"index":"index","follow":"follow","max-snippet":"max-snippet:-1","max-image-preview":"max-image-preview:large","max-video-preview":"max-video-preview:-1"},"canonical":"https:\/\/business.roovi.com\/hu\/puzzle-1000-piese-imagini-din-romania-castelul-peles-ziua\/p\/","og_locale":"hu_HU","og_type":"article","og_title":"Puzzle adul\u021bi 1000 piese - Imagini din Rom\u00e2nia - Castelul Pele\u0219 ziua - Roovi B2B","og_description":"Descoper\u0103 un castel cum nu este altul \u00een lume, ascuns \u00een intimitatea muntelui \u0219i a p\u0103durii, a\u0219ezat \u00eentr-un cadru feeric,","og_url":"https:\/\/business.roovi.com\/hu\/puzzle-1000-piese-imagini-din-romania-castelul-peles-ziua\/p\/","og_site_name":"Roovi B2B","article_publisher":"https:\/\/www.facebook.com\/wwwjucariero","og_image":[{"width":1200,"height":1200,"url":"https:\/\/business.roovi.com\/wp-content\/uploads\/2018\/04\/63038_08.jpg","type":"image\/jpeg"}],"twitter_misc":{"Becs\u00fclt olvas\u00e1si id\u0151":"3 perc"},"schema":{"@context":"https:\/\/schema.org","@graph":[{"@type":"WebPage","@id":"https:\/\/business.roovi.com\/hu\/puzzle-1000-piese-imagini-din-romania-castelul-peles-ziua\/p\/","url":"https:\/\/business.roovi.com\/hu\/puzzle-1000-piese-imagini-din-romania-castelul-peles-ziua\/p\/","name":"Puzzle adul\u021bi 1000 piese - Imagini din Rom\u00e2nia - Castelul Pele\u0219 ziua - Roovi B2B","isPartOf":{"@id":"https:\/\/business.roovi.com\/hu\/#website"},"datePublished":"2018-04-16T10:56:16+00:00","dateModified":"2018-04-16T10:56:16+00:00","breadcrumb":{"@id":"https:\/\/business.roovi.com\/hu\/puzzle-1000-piese-imagini-din-romania-castelul-peles-ziua\/p\/#breadcrumb"},"inLanguage":"hu","potentialAction":[{"@type":"ReadAction","target":["https:\/\/business.roovi.com\/hu\/puzzle-1000-piese-imagini-din-romania-castelul-peles-ziua\/p\/"]}]},{"@type":"BreadcrumbList","@id":"https:\/\/business.roovi.com\/hu\/puzzle-1000-piese-imagini-din-romania-castelul-peles-ziua\/p\/#breadcrumb","itemListElement":[{"@type":"ListItem","position":1,"name":"Home","item":"https:\/\/business.roovi.com\/hu\/"},{"@type":"ListItem","position":2,"name":"Shop","item":"https:\/\/business.roovi.com\/hu\/shop\/"},{"@type":"ListItem","position":3,"name":"Puzzle adul\u021bi 1000 piese &#8211; Imagini din Rom\u00e2nia &#8211; Castelul Pele\u0219 ziua"}]},{"@type":"WebSite","@id":"https:\/\/business.roovi.com\/hu\/#website","url":"https:\/\/business.roovi.com\/hu\/","name":"Roovi B2B","description":"Roovi Business Website","potentialAction":[{"@type":"SearchAction","target":{"@type":"EntryPoint","urlTemplate":"https:\/\/business.roovi.com\/hu\/?s={search_term_string}"},"query-input":"required name=search_term_string"}],"inLanguage":"hu"}]}},"_links":{"self":[{"href":"https:\/\/business.roovi.com\/hu\/wp-json\/wp\/v2\/product\/42983","targetHints":{"allow":["GET"]}}],"collection":[{"href":"https:\/\/business.roovi.com\/hu\/wp-json\/wp\/v2\/product"}],"about":[{"href":"https:\/\/business.roovi.com\/hu\/wp-json\/wp\/v2\/types\/product"}],"version-history":[{"count":0,"href":"https:\/\/business.roovi.com\/hu\/wp-json\/wp\/v2\/product\/42983\/revisions"}],"wp:featuredmedia":[{"embeddable":true,"href":"https:\/\/business.roovi.com\/hu\/wp-json\/wp\/v2\/media\/33680"}],"wp:attachment":[{"href":"https:\/\/business.roovi.com\/hu\/wp-json\/wp\/v2\/media?parent=42983"}],"wp:term":[{"taxonomy":"product_brand","embeddable":true,"href":"https:\/\/business.roovi.com\/hu\/wp-json\/wp\/v2\/product_brand?post=42983"},{"taxonomy":"product_cat","embeddable":true,"href":"https:\/\/business.roovi.com\/hu\/wp-json\/wp\/v2\/product_cat?post=42983"},{"taxonomy":"product_tag","embeddable":true,"href":"https:\/\/business.roovi.com\/hu\/wp-json\/wp\/v2\/product_tag?post=42983"}],"curies":[{"name":"wp","href":"https:\/\/api.w.org\/{rel}","templated":true}]}}