{"id":42987,"date":"2018-04-16T10:56:16","date_gmt":"2018-04-16T10:56:16","guid":{"rendered":"https:\/\/business.roovi.com\/puzzle-1000-piese-imagini-din-romania-sighisoara-noaptea\/p\/"},"modified":"2018-04-16T10:56:16","modified_gmt":"2018-04-16T10:56:16","slug":"puzzle-1000-piese-imagini-din-romania-sighisoara-noaptea","status":"publish","type":"product","link":"https:\/\/business.roovi.com\/hu\/puzzle-1000-piese-imagini-din-romania-sighisoara-noaptea\/p\/","title":{"rendered":"Puzzle adul\u021bi 1000 piese &#8211; Imagini din Rom\u00e2nia &#8211; Sighi\u0219oara noaptea"},"content":{"rendered":"<p><span style=\"font-weight: 400\">Sighi\u0219oara este, f\u0103r\u0103 niciun dubiu, cel mai colorat ora\u0219 al Rom\u00e2niei. Un ora\u0219 medieval hipnotizant, cu str\u0103du\u021be pietruite \u0219i case cu pere\u021bi multicolori, ce p\u0103streaz\u0103 neschimbat\u0103 atmosfera de odinioar\u0103.\u00a0<\/span><\/p>\n<p><span style=\"font-weight: 400\">O scurt\u0103 plimbare pe str\u0103du\u021bele din centrul istoric al ora\u0219ului Sighi\u0219oara, admir\u00e2nd construc\u021biile vechi sau turnurile breslelor de me\u0219te\u0219ugari, te transpune \u00een aceea\u0219i atmosfer\u0103 pl\u0103cut\u0103 pe care o po\u021bi reg\u0103si \u0219i \u00een ora\u0219ul vechi din Praga sau Viena.\u00a0<\/span><\/p>\n<p><span style=\"font-weight: 400\">Dac\u0103 te nimere\u0219ti pe str\u0103zile \u00eenguste ale centrului istoric la finalul lunii iulie, ai toate \u0219ansele s\u0103 \u00eent\u00e2lne\u0219ti cavaleri \u0219i domni\u021be, s\u0103 ascul\u021bi menestrelii c\u00e2nt\u00e2nd sau s\u0103 asi\u0219ti la luptele cu spade \u0219i suli\u021be ale cavalerilor medievali. \u0218i nu te speria, nu te-ai \u00eentors \u00een Evul Mediu, ci doar ai nimerit la deja celebrul Festival Medieval de la Sighi\u0219oara.\u00a0\u00a0<\/span><\/p>\n<p><span style=\"font-weight: 400\">Dar dincolo de aerul medieval \u0219i atmosfera fascinant\u0103, rupt\u0103 din alte timpuri, Sighi\u0219oara este \u0219i un ora\u0219 al legendelor, vizitat\u0103 anual de turi\u0219tii afla\u021bi pe urmele lui Dracula, pentru c\u0103 aici se afl\u0103 casa \u00een care s-a n\u0103scut Vlad \u021aepes, supranumit \u0219i Vlad Dracul.\u00a0\u00a0<\/span><\/p>\n<p><span style=\"font-weight: 400\">P\u0103\u0219e\u0219te \u00een inima Transilvaniei, \u00een Sighi\u0219oara, \u0219i descoper\u0103 un ora\u0219 de poveste, pe care \u00eel po\u021bi recrea \u00een toat\u0103 splendoarea sa prin intermediul unui puzzle 1000 piese.\u00a0\u00a0<\/span><\/p>\n<h2><span style=\"font-weight: 400\">De ce s\u0103 alegi un puzzle adul\u021bi 1000 piese Imagini din Rom\u00e2nia<\/span><\/h2>\n<ul>\n<li><span style=\"font-weight: 400\">Un puzzle este o modalitate relaxant\u0103 de a descoperi frumuse\u021bea \u0219i unicitatea unor obiective turistice apreciate \u00een \u00eentreaga lume, de care se leag\u0103 legende renumite.<\/span><\/li>\n<li><span style=\"font-weight: 400\">La final, vei ob\u021bine un tablou fascinant al unei str\u0103du\u021be pietruite din Sighi\u0219oara, unde pe fundal se \u00eenal\u021b\u0103 seme\u021b Turnul cu Ceas.\u00a0<\/span><\/li>\n<li><span style=\"font-weight: 400\">Dimensiunea acestui puzzle este de 68 x 47 cm, suficient de mare pentru a deveni o pies\u0103 central\u0103 de decor ce scoate din anonimat orice \u00eenc\u0103pere, dac\u0103 alegi s\u0103 \u00eel transformi \u00een tablou.<\/span><\/li>\n<li><span style=\"font-weight: 400\">Este un joc potrivit de la 14 ani, cu un grad de complexitate mediu.\u00a0<\/span><\/li>\n<li><span style=\"font-weight: 400\">Folosim materiale reciclabile \u0219i sustenabile pentru realizarea fiec\u0103rui puzzle.<\/span><\/li>\n<li><span style=\"font-weight: 400\">Piesele sunt realizate din carton rezistent, de foarte bun\u0103 calitate, astfel c\u0103 imaginea poate fi asamblat\u0103 de mai multe ori, f\u0103r\u0103 ca piesele sa fie deteriorate.<\/span><\/li>\n<li><span style=\"font-weight: 400\">Finisajul pl\u0103cut, semi lucios, eviden\u021biaz\u0103 culorile vii \u0219i confer\u0103 claritate imaginii.<\/span><\/li>\n<li><span style=\"font-weight: 400\">Jocul de puzzle este un antrenament mental pre\u021bios, solicitand ambele emisfere cerebrale, ajut\u00e2nd astfel la \u00eembun\u0103t\u0103\u021birea memoriei.<\/span><\/li>\n<li><span style=\"font-weight: 400\">Este o form\u0103 pl\u0103cut\u0103 de a antrena \u0219i men\u021bine coordonarea, motricitatea \u0219i dexteritatea, la orice v\u00e2rst\u0103.<\/span><\/li>\n<li><span style=\"font-weight: 400\">Spore\u0219te aten\u021bia la detalii \u0219i concentrarea.<\/span><\/li>\n<\/ul>\n<h2><span style=\"font-weight: 400\">\u0218tiai c\u0103\u2026<\/span><\/h2>\n<p><span style=\"font-weight: 400\">Sighi\u0219oara este cea mai mare Cetate Medieval\u0103 din Europa ce a fost locuit\u0103 ne\u00eentrerupt, iar originile sale se pot identifica \u00een timp \u00eenc\u0103 din vremea Dacilor.<\/span><\/p>\n<p><span style=\"font-weight: 400\">Din anul 1999 Cetatea Medieval\u0103 Sighi\u0219oara a fost inclus\u0103 pe lista Patrimoniului Mondial UNESCO, apreciat\u0103 ca un simbol de mare valoare al culturii mondiale.<\/span><\/p>\n<p><span style=\"font-weight: 400\">Cetatea Sighi\u0219oara, sau Schassburg &#8211; dup\u0103 numele german, este \u00eenconjurat\u0103 de un zid fortificat ce avea ini\u021bial 14 turnuri, corespunz\u0103toare tuturor breslelor de me\u0219te\u0219ugari, \u0219i 5 bastioane de ap\u0103rare. Dintre acestea, doar 9 turnuri \u0219i 2 bastioane au supravie\u021buit trecerii vremii \u0219i pot fi admirate \u00een timpul unei vizite \u00een cetate.<\/span><\/p>\n<p><span style=\"font-weight: 400\">O vizit\u0103 \u00een Cetate nu este complet\u0103 f\u0103r\u0103 o vizit\u0103 la Scoala din Deal, urc\u00e2nd cele 175 de trepte din lemn ale Pasajului Sc\u0103rilor, p\u00e2n\u0103 la superbul edificiu cu o istorie \u00eendelungat\u0103.\u00a0<\/span><\/p>\n<h2><span style=\"font-weight: 400\">Puzzle adul\u021bi 1000 piese &#8211; ore \u00eentregi de relaxare \u0219i deconectare<\/span><\/h2>\n<p><span style=\"font-weight: 400\">Alege s\u0103 descoperi Rom\u00e2nia \u00eentr-un mod inedit, cu ajutorul unui puzzle, \u0219i recompune pies\u0103 cu pies\u0103 un cadru surprins \u00een frumoasa Cetate Medieval\u0103 a Sighi\u0219oarei.\u00a0<\/span><\/p>\n<p><span style=\"font-weight: 400\">Descoper\u0103 Turnul cu Ceas \u0219i cl\u0103dirile istorice cu ajutorul unui puzzle 1000 piese, pe care s\u0103 \u00eel asamblezi \u00een voie. Acord\u0103-\u021bi c\u00e2teva ore binemeritate de lini\u0219te \u0219i relaxare, pe care orice pasionat de puzzle \u0219i le dore\u0219te din c\u00e2nd \u00een c\u00e2nd.\u00a0<\/span><\/p>\n<p><span style=\"font-weight: 400\">\u00cen plus, asamblarea unui puzzle cu imagini din Rom\u00e2nia este o activitate foarte pl\u0103cut\u0103, de reconectare cu originile, descoperind detalii \u0219i monumente impresionante, \u00een timp ce te destinzi \u0219i te deconectezi de la agita\u021bia cotidian\u0103.<\/span><\/p>\n<p>\u00a0<\/p>\n","protected":false},"excerpt":{"rendered":"<p>Sighi\u0219oara este, f\u0103r\u0103 niciun dubiu, cel mai colorat ora\u0219 al Rom\u00e2niei. Un ora\u0219 medieval hipnotizant, cu str\u0103du\u021be pietruite \u0219i case<\/p>\n","protected":false},"featured_media":33688,"template":"","meta":[],"product_brand":[],"product_cat":[1881,1919,1920],"product_tag":[],"class_list":{"0":"post-42987","1":"product","2":"type-product","3":"status-publish","4":"has-post-thumbnail","6":"product_cat-kirakos-jatekok","7":"product_cat-felnott-kirakos-jatekok","8":"product_cat-1000-darabos-kirakos-jatek","9":"pa_bax-10-hu","10":"pa_brand-d_toys-hu","11":"pa_country_of_manufacture-ro-hu","12":"pa_filter_age-14-hu","13":"pa_painter-romania-hu","14":"pa_tip_ambalaj-doboz","15":"pa_tip_puzzle-klasszikus","17":"first","18":"instock","19":"taxable","20":"shipping-taxable","21":"product-type-simple"},"yoast_head":"<!-- This site is optimized with the Yoast SEO plugin v20.1 - https:\/\/yoast.com\/wordpress\/plugins\/seo\/ -->\n<title>Puzzle adul\u021bi 1000 piese - Imagini din Rom\u00e2nia - Sighi\u0219oara noaptea - Roovi B2B<\/title>\n<meta name=\"robots\" content=\"index, follow, max-snippet:-1, max-image-preview:large, max-video-preview:-1\" \/>\n<link rel=\"canonical\" href=\"https:\/\/business.roovi.com\/hu\/puzzle-1000-piese-imagini-din-romania-sighisoara-noaptea\/p\/\" \/>\n<meta property=\"og:locale\" content=\"hu_HU\" \/>\n<meta property=\"og:type\" content=\"article\" \/>\n<meta property=\"og:title\" content=\"Puzzle adul\u021bi 1000 piese - Imagini din Rom\u00e2nia - Sighi\u0219oara noaptea - Roovi B2B\" \/>\n<meta property=\"og:description\" content=\"Sighi\u0219oara este, f\u0103r\u0103 niciun dubiu, cel mai colorat ora\u0219 al Rom\u00e2niei. Un ora\u0219 medieval hipnotizant, cu str\u0103du\u021be pietruite \u0219i case\" \/>\n<meta property=\"og:url\" content=\"https:\/\/business.roovi.com\/hu\/puzzle-1000-piese-imagini-din-romania-sighisoara-noaptea\/p\/\" \/>\n<meta property=\"og:site_name\" content=\"Roovi B2B\" \/>\n<meta property=\"article:publisher\" content=\"https:\/\/www.facebook.com\/wwwjucariero\" \/>\n<meta property=\"og:image\" content=\"https:\/\/business.roovi.com\/wp-content\/uploads\/2018\/04\/63038_10.jpg\" \/>\n\t<meta property=\"og:image:width\" content=\"1200\" \/>\n\t<meta property=\"og:image:height\" content=\"1200\" \/>\n\t<meta property=\"og:image:type\" content=\"image\/jpeg\" \/>\n<meta name=\"twitter:label1\" content=\"Becs\u00fclt olvas\u00e1si id\u0151\" \/>\n\t<meta name=\"twitter:data1\" content=\"4 perc\" \/>\n<script type=\"application\/ld+json\" class=\"yoast-schema-graph\">{\"@context\":\"https:\/\/schema.org\",\"@graph\":[{\"@type\":\"WebPage\",\"@id\":\"https:\/\/business.roovi.com\/hu\/puzzle-1000-piese-imagini-din-romania-sighisoara-noaptea\/p\/\",\"url\":\"https:\/\/business.roovi.com\/hu\/puzzle-1000-piese-imagini-din-romania-sighisoara-noaptea\/p\/\",\"name\":\"Puzzle adul\u021bi 1000 piese - Imagini din Rom\u00e2nia - Sighi\u0219oara noaptea - Roovi B2B\",\"isPartOf\":{\"@id\":\"https:\/\/business.roovi.com\/hu\/#website\"},\"datePublished\":\"2018-04-16T10:56:16+00:00\",\"dateModified\":\"2018-04-16T10:56:16+00:00\",\"breadcrumb\":{\"@id\":\"https:\/\/business.roovi.com\/hu\/puzzle-1000-piese-imagini-din-romania-sighisoara-noaptea\/p\/#breadcrumb\"},\"inLanguage\":\"hu\",\"potentialAction\":[{\"@type\":\"ReadAction\",\"target\":[\"https:\/\/business.roovi.com\/hu\/puzzle-1000-piese-imagini-din-romania-sighisoara-noaptea\/p\/\"]}]},{\"@type\":\"BreadcrumbList\",\"@id\":\"https:\/\/business.roovi.com\/hu\/puzzle-1000-piese-imagini-din-romania-sighisoara-noaptea\/p\/#breadcrumb\",\"itemListElement\":[{\"@type\":\"ListItem\",\"position\":1,\"name\":\"Home\",\"item\":\"https:\/\/business.roovi.com\/hu\/\"},{\"@type\":\"ListItem\",\"position\":2,\"name\":\"Shop\",\"item\":\"https:\/\/business.roovi.com\/hu\/shop\/\"},{\"@type\":\"ListItem\",\"position\":3,\"name\":\"Puzzle adul\u021bi 1000 piese &#8211; Imagini din Rom\u00e2nia &#8211; Sighi\u0219oara noaptea\"}]},{\"@type\":\"WebSite\",\"@id\":\"https:\/\/business.roovi.com\/hu\/#website\",\"url\":\"https:\/\/business.roovi.com\/hu\/\",\"name\":\"Roovi B2B\",\"description\":\"Roovi Business Website\",\"potentialAction\":[{\"@type\":\"SearchAction\",\"target\":{\"@type\":\"EntryPoint\",\"urlTemplate\":\"https:\/\/business.roovi.com\/hu\/?s={search_term_string}\"},\"query-input\":\"required name=search_term_string\"}],\"inLanguage\":\"hu\"}]}<\/script>\n<!-- \/ Yoast SEO plugin. -->","yoast_head_json":{"title":"Puzzle adul\u021bi 1000 piese - Imagini din Rom\u00e2nia - Sighi\u0219oara noaptea - Roovi B2B","robots":{"index":"index","follow":"follow","max-snippet":"max-snippet:-1","max-image-preview":"max-image-preview:large","max-video-preview":"max-video-preview:-1"},"canonical":"https:\/\/business.roovi.com\/hu\/puzzle-1000-piese-imagini-din-romania-sighisoara-noaptea\/p\/","og_locale":"hu_HU","og_type":"article","og_title":"Puzzle adul\u021bi 1000 piese - Imagini din Rom\u00e2nia - Sighi\u0219oara noaptea - Roovi B2B","og_description":"Sighi\u0219oara este, f\u0103r\u0103 niciun dubiu, cel mai colorat ora\u0219 al Rom\u00e2niei. Un ora\u0219 medieval hipnotizant, cu str\u0103du\u021be pietruite \u0219i case","og_url":"https:\/\/business.roovi.com\/hu\/puzzle-1000-piese-imagini-din-romania-sighisoara-noaptea\/p\/","og_site_name":"Roovi B2B","article_publisher":"https:\/\/www.facebook.com\/wwwjucariero","og_image":[{"width":1200,"height":1200,"url":"https:\/\/business.roovi.com\/wp-content\/uploads\/2018\/04\/63038_10.jpg","type":"image\/jpeg"}],"twitter_misc":{"Becs\u00fclt olvas\u00e1si id\u0151":"4 perc"},"schema":{"@context":"https:\/\/schema.org","@graph":[{"@type":"WebPage","@id":"https:\/\/business.roovi.com\/hu\/puzzle-1000-piese-imagini-din-romania-sighisoara-noaptea\/p\/","url":"https:\/\/business.roovi.com\/hu\/puzzle-1000-piese-imagini-din-romania-sighisoara-noaptea\/p\/","name":"Puzzle adul\u021bi 1000 piese - Imagini din Rom\u00e2nia - Sighi\u0219oara noaptea - Roovi B2B","isPartOf":{"@id":"https:\/\/business.roovi.com\/hu\/#website"},"datePublished":"2018-04-16T10:56:16+00:00","dateModified":"2018-04-16T10:56:16+00:00","breadcrumb":{"@id":"https:\/\/business.roovi.com\/hu\/puzzle-1000-piese-imagini-din-romania-sighisoara-noaptea\/p\/#breadcrumb"},"inLanguage":"hu","potentialAction":[{"@type":"ReadAction","target":["https:\/\/business.roovi.com\/hu\/puzzle-1000-piese-imagini-din-romania-sighisoara-noaptea\/p\/"]}]},{"@type":"BreadcrumbList","@id":"https:\/\/business.roovi.com\/hu\/puzzle-1000-piese-imagini-din-romania-sighisoara-noaptea\/p\/#breadcrumb","itemListElement":[{"@type":"ListItem","position":1,"name":"Home","item":"https:\/\/business.roovi.com\/hu\/"},{"@type":"ListItem","position":2,"name":"Shop","item":"https:\/\/business.roovi.com\/hu\/shop\/"},{"@type":"ListItem","position":3,"name":"Puzzle adul\u021bi 1000 piese &#8211; Imagini din Rom\u00e2nia &#8211; Sighi\u0219oara noaptea"}]},{"@type":"WebSite","@id":"https:\/\/business.roovi.com\/hu\/#website","url":"https:\/\/business.roovi.com\/hu\/","name":"Roovi B2B","description":"Roovi Business Website","potentialAction":[{"@type":"SearchAction","target":{"@type":"EntryPoint","urlTemplate":"https:\/\/business.roovi.com\/hu\/?s={search_term_string}"},"query-input":"required name=search_term_string"}],"inLanguage":"hu"}]}},"_links":{"self":[{"href":"https:\/\/business.roovi.com\/hu\/wp-json\/wp\/v2\/product\/42987","targetHints":{"allow":["GET"]}}],"collection":[{"href":"https:\/\/business.roovi.com\/hu\/wp-json\/wp\/v2\/product"}],"about":[{"href":"https:\/\/business.roovi.com\/hu\/wp-json\/wp\/v2\/types\/product"}],"version-history":[{"count":0,"href":"https:\/\/business.roovi.com\/hu\/wp-json\/wp\/v2\/product\/42987\/revisions"}],"wp:featuredmedia":[{"embeddable":true,"href":"https:\/\/business.roovi.com\/hu\/wp-json\/wp\/v2\/media\/33688"}],"wp:attachment":[{"href":"https:\/\/business.roovi.com\/hu\/wp-json\/wp\/v2\/media?parent=42987"}],"wp:term":[{"taxonomy":"product_brand","embeddable":true,"href":"https:\/\/business.roovi.com\/hu\/wp-json\/wp\/v2\/product_brand?post=42987"},{"taxonomy":"product_cat","embeddable":true,"href":"https:\/\/business.roovi.com\/hu\/wp-json\/wp\/v2\/product_cat?post=42987"},{"taxonomy":"product_tag","embeddable":true,"href":"https:\/\/business.roovi.com\/hu\/wp-json\/wp\/v2\/product_tag?post=42987"}],"curies":[{"name":"wp","href":"https:\/\/api.w.org\/{rel}","templated":true}]}}