{"id":43105,"date":"2018-04-16T10:56:09","date_gmt":"2018-04-16T10:56:09","guid":{"rendered":"https:\/\/business.roovi.com\/carti-de-joc-poker-carton\/p\/"},"modified":"2023-03-01T15:21:12","modified_gmt":"2023-03-01T15:21:12","slug":"carti-de-joc-poker-carton","status":"publish","type":"product","link":"https:\/\/business.roovi.com\/hu\/carti-de-joc-poker-carton\/p\/","title":{"rendered":"Profi j\u00e1t\u00e9kk\u00e1rty\u00e1k &#8211; p\u00f3ker &#8211; kartonpap\u00edr"},"content":{"rendered":"<p>Tudtad, hogy b\u00e1r bizonytalan eredet\u0171, \u00e1ll\u00edt\u00f3lag \u00c1zsi\u00e1b\u00f3l sz\u00e1rmaz\u00f3 k\u00e1rtyaj\u00e1t\u00e9kok a 14. sz\u00e1zad v\u00e9ge fel\u00e9 ker\u00fcltek Eur\u00f3p\u00e1ba?<\/p>\n<p>Az\u00f3ta a j\u00e1t\u00e9kk\u00e1rty\u00e1k a kir\u00e1lyi udvarok, a f\u00e9ny\u0171z\u0151 partik \u00e9s a k\u00f6zemberek otthonainak \u00e1lland\u00f3 szerepl\u0151i.<\/p>\n<p>Val\u00f3j\u00e1ban egy pakli j\u00e1t\u00e9kk\u00e1rtya a legpraktikusabb m\u00f3dja annak, hogy egy bar\u00e1ti \u00f6sszej\u00f6vetelen fenntartsuk a hangulatot \u00e9s beind\u00edtsuk a m\u00f3k\u00e1t.<\/p>\n<p>Mire v\u00e1rsz m\u00e9g? Vegyen egy pakli karton p\u00f3kerk\u00e1rty\u00e1t, \u00e9s kezdje el a m\u00f3k\u00e1t otthon\u00e1ban.<\/p>\n<h2>Mi\u00e9rt v\u00e1lassza a p\u00f3ker j\u00e1t\u00e9kk\u00e1rty\u00e1kat<\/h2>\n<p>Megfizethet\u0151, olcs\u00f3 m\u00f3dja annak, hogy feldobj egy partit, vagy sz\u00f3rakozz a gyerekekkel vagy a bar\u00e1tokkal, amikor valami sz\u00f3rakoztat\u00f3, de nem bonyolult dologra v\u00e1gysz.<\/p>\n<p>R\u00e1ad\u00e1sul egy egyszer\u0171 k\u00e1rtyapaklival rengeteg j\u00e1t\u00e9kot j\u00e1tszhatsz, a p\u00f3kert\u0151l kezdve a Maka\u00f3ig, a H\u00e1bor\u00faig, a Szkeptikusig, a Tociig, a Maciupiciuig stb.<\/p>\n<p>Gyerekek \u00e9s feln\u0151ttek sz\u00e1m\u00e1ra egyar\u00e1nt sz\u00f3rakoztat\u00f3ak, \u00e9s serkentik a figyelmet, a mem\u00f3ri\u00e1t, a koordin\u00e1ci\u00f3t \u00e9s a csapatmunk\u00e1t. Fontos leck\u00e9t adnak a szab\u00e1lyokr\u00f3l \u00e9s a szab\u00e1lyok betart\u00e1s\u00e1nak fontoss\u00e1g\u00e1r\u00f3l.<\/p>\n<p>Egyszer\u0171 \u00e9s hat\u00e9kony m\u00f3dja annak is, hogy a gyerekeket megtan\u00edts\u00e1k a t\u00fcrelemre, a veres\u00e9g elfogad\u00e1s\u00e1ra \u00e9s a siker \u00f6r\u00f6m\u00e9re.<\/p>\n<p>A fiatal kalandorok sz\u00e1m\u00e1ra pedig a j\u00e1t\u00e9kk\u00e1rty\u00e1kb\u00f3l v\u00e1rat \u00e9p\u00edteni olyan kih\u00edv\u00e1s lehet, amely hossz\u00fa ideig lek\u00f6ti a figyelm\u00fcket.<\/p>\n<p>B\u00e1rmilyen j\u00e1t\u00e9kot is v\u00e1lasztasz, ak\u00e1r a bar\u00e1taiddal, ak\u00e1r a gyerekekkel j\u00e1tszol, egy pakli j\u00e1t\u00e9kk\u00e1rtya elengedhetetlen.<\/p>\n<p>Kell-e eml\u00edtenem, hogy kartonb\u00f3l k\u00e9sz\u00fclnek, ellen\u00e1llnak a kop\u00e1snak, \u00e9s t\u00f6bb sz\u00e1z \u00f3r\u00e1nyi sz\u00f3rakoz\u00e1st ny\u00fajtanak? R\u00e1ad\u00e1sul pont megfelel\u0151 m\u00e9ret\u0171ek ahhoz, hogy b\u00e1rmelyik zsebben, t\u00e1sk\u00e1ban vagy h\u00e1tizs\u00e1kban elf\u00e9rjenek, \u00e9s b\u00e1rhov\u00e1 magaddal viheted \u0151ket.<\/p>\n<p>Ki gondolta volna, hogy egy pakli k\u00e1rtya ennyi el\u0151nnyel j\u00e1rhat, igaz? Szerezd be a csomagodat most azonnal, \u00e9s k\u00e9sz\u00edtsd el a k\u00e1rty\u00e1idat!<\/p>\n<p>Ut\u00f3irat: A j\u00e1t\u00e9kk\u00e1rty\u00e1k m\u0171anyag v\u00e1ltozatban is kaphat\u00f3k.<\/p>\n","protected":false},"excerpt":{"rendered":"<p>Tudtad, hogy b\u00e1r bizonytalan eredet\u0171, \u00e1ll\u00edt\u00f3lag \u00c1zsi\u00e1b\u00f3l sz\u00e1rmaz\u00f3 k\u00e1rtyaj\u00e1t\u00e9kok a 14. sz\u00e1zad v\u00e9ge fel\u00e9 ker\u00fcltek Eur\u00f3p\u00e1ba? Az\u00f3ta a j\u00e1t\u00e9kk\u00e1rty\u00e1k a<\/p>\n","protected":false},"featured_media":68862,"template":"","meta":[],"product_brand":[],"product_cat":[1574,1594],"product_tag":[],"class_list":{"0":"post-43105","1":"product","2":"type-product","3":"status-publish","4":"has-post-thumbnail","6":"product_cat-board-games","7":"product_cat-playing-cards","8":"pa_brand-deico-en","9":"pa_country_of_manufacture-ro-en","10":"pa_filter_age-14-en","11":"pa_tip_ambalaj-box","13":"first","14":"instock","15":"taxable","16":"shipping-taxable","17":"product-type-simple"},"yoast_head":"<!-- This site is optimized with the Yoast SEO plugin v20.1 - https:\/\/yoast.com\/wordpress\/plugins\/seo\/ -->\n<title>Profi j\u00e1t\u00e9kk\u00e1rty\u00e1k - p\u00f3ker - kartonpap\u00edr - Roovi B2B<\/title>\n<meta name=\"robots\" content=\"index, follow, max-snippet:-1, max-image-preview:large, max-video-preview:-1\" \/>\n<link rel=\"canonical\" href=\"https:\/\/business.roovi.com\/hu\/carti-de-joc-poker-carton\/p\/\" \/>\n<meta property=\"og:locale\" content=\"hu_HU\" \/>\n<meta property=\"og:type\" content=\"article\" \/>\n<meta property=\"og:title\" content=\"Profi j\u00e1t\u00e9kk\u00e1rty\u00e1k - p\u00f3ker - kartonpap\u00edr - Roovi B2B\" \/>\n<meta property=\"og:description\" content=\"Tudtad, hogy b\u00e1r bizonytalan eredet\u0171, \u00e1ll\u00edt\u00f3lag \u00c1zsi\u00e1b\u00f3l sz\u00e1rmaz\u00f3 k\u00e1rtyaj\u00e1t\u00e9kok a 14. sz\u00e1zad v\u00e9ge fel\u00e9 ker\u00fcltek Eur\u00f3p\u00e1ba? Az\u00f3ta a j\u00e1t\u00e9kk\u00e1rty\u00e1k a\" \/>\n<meta property=\"og:url\" content=\"https:\/\/business.roovi.com\/hu\/carti-de-joc-poker-carton\/p\/\" \/>\n<meta property=\"og:site_name\" content=\"Roovi B2B\" \/>\n<meta property=\"article:publisher\" content=\"https:\/\/www.facebook.com\/wwwjucariero\" \/>\n<meta property=\"article:modified_time\" content=\"2023-03-01T15:21:12+00:00\" \/>\n<meta property=\"og:image\" content=\"https:\/\/business.roovi.com\/wp-content\/uploads\/2018\/04\/Poker-02.jpg\" \/>\n\t<meta property=\"og:image:width\" content=\"1200\" \/>\n\t<meta property=\"og:image:height\" content=\"1200\" \/>\n\t<meta property=\"og:image:type\" content=\"image\/jpeg\" \/>\n<meta name=\"twitter:label1\" content=\"Becs\u00fclt olvas\u00e1si id\u0151\" \/>\n\t<meta name=\"twitter:data1\" content=\"2 perc\" \/>\n<script type=\"application\/ld+json\" class=\"yoast-schema-graph\">{\"@context\":\"https:\/\/schema.org\",\"@graph\":[{\"@type\":\"WebPage\",\"@id\":\"https:\/\/business.roovi.com\/hu\/carti-de-joc-poker-carton\/p\/\",\"url\":\"https:\/\/business.roovi.com\/hu\/carti-de-joc-poker-carton\/p\/\",\"name\":\"Profi j\u00e1t\u00e9kk\u00e1rty\u00e1k - p\u00f3ker - kartonpap\u00edr - Roovi B2B\",\"isPartOf\":{\"@id\":\"https:\/\/business.roovi.com\/hu\/#website\"},\"datePublished\":\"2018-04-16T10:56:09+00:00\",\"dateModified\":\"2023-03-01T15:21:12+00:00\",\"breadcrumb\":{\"@id\":\"https:\/\/business.roovi.com\/hu\/carti-de-joc-poker-carton\/p\/#breadcrumb\"},\"inLanguage\":\"hu\",\"potentialAction\":[{\"@type\":\"ReadAction\",\"target\":[\"https:\/\/business.roovi.com\/hu\/carti-de-joc-poker-carton\/p\/\"]}]},{\"@type\":\"BreadcrumbList\",\"@id\":\"https:\/\/business.roovi.com\/hu\/carti-de-joc-poker-carton\/p\/#breadcrumb\",\"itemListElement\":[{\"@type\":\"ListItem\",\"position\":1,\"name\":\"Home\",\"item\":\"https:\/\/business.roovi.com\/hu\/\"},{\"@type\":\"ListItem\",\"position\":2,\"name\":\"Shop\",\"item\":\"https:\/\/business.roovi.com\/hu\/shop\/\"},{\"@type\":\"ListItem\",\"position\":3,\"name\":\"Profi j\u00e1t\u00e9kk\u00e1rty\u00e1k &#8211; p\u00f3ker &#8211; kartonpap\u00edr\"}]},{\"@type\":\"WebSite\",\"@id\":\"https:\/\/business.roovi.com\/hu\/#website\",\"url\":\"https:\/\/business.roovi.com\/hu\/\",\"name\":\"Roovi B2B\",\"description\":\"Roovi Business Website\",\"potentialAction\":[{\"@type\":\"SearchAction\",\"target\":{\"@type\":\"EntryPoint\",\"urlTemplate\":\"https:\/\/business.roovi.com\/hu\/?s={search_term_string}\"},\"query-input\":\"required name=search_term_string\"}],\"inLanguage\":\"hu\"}]}<\/script>\n<!-- \/ Yoast SEO plugin. -->","yoast_head_json":{"title":"Profi j\u00e1t\u00e9kk\u00e1rty\u00e1k - p\u00f3ker - kartonpap\u00edr - Roovi B2B","robots":{"index":"index","follow":"follow","max-snippet":"max-snippet:-1","max-image-preview":"max-image-preview:large","max-video-preview":"max-video-preview:-1"},"canonical":"https:\/\/business.roovi.com\/hu\/carti-de-joc-poker-carton\/p\/","og_locale":"hu_HU","og_type":"article","og_title":"Profi j\u00e1t\u00e9kk\u00e1rty\u00e1k - p\u00f3ker - kartonpap\u00edr - Roovi B2B","og_description":"Tudtad, hogy b\u00e1r bizonytalan eredet\u0171, \u00e1ll\u00edt\u00f3lag \u00c1zsi\u00e1b\u00f3l sz\u00e1rmaz\u00f3 k\u00e1rtyaj\u00e1t\u00e9kok a 14. sz\u00e1zad v\u00e9ge fel\u00e9 ker\u00fcltek Eur\u00f3p\u00e1ba? Az\u00f3ta a j\u00e1t\u00e9kk\u00e1rty\u00e1k a","og_url":"https:\/\/business.roovi.com\/hu\/carti-de-joc-poker-carton\/p\/","og_site_name":"Roovi B2B","article_publisher":"https:\/\/www.facebook.com\/wwwjucariero","article_modified_time":"2023-03-01T15:21:12+00:00","og_image":[{"width":1200,"height":1200,"url":"https:\/\/business.roovi.com\/wp-content\/uploads\/2018\/04\/Poker-02.jpg","type":"image\/jpeg"}],"twitter_misc":{"Becs\u00fclt olvas\u00e1si id\u0151":"2 perc"},"schema":{"@context":"https:\/\/schema.org","@graph":[{"@type":"WebPage","@id":"https:\/\/business.roovi.com\/hu\/carti-de-joc-poker-carton\/p\/","url":"https:\/\/business.roovi.com\/hu\/carti-de-joc-poker-carton\/p\/","name":"Profi j\u00e1t\u00e9kk\u00e1rty\u00e1k - p\u00f3ker - kartonpap\u00edr - Roovi B2B","isPartOf":{"@id":"https:\/\/business.roovi.com\/hu\/#website"},"datePublished":"2018-04-16T10:56:09+00:00","dateModified":"2023-03-01T15:21:12+00:00","breadcrumb":{"@id":"https:\/\/business.roovi.com\/hu\/carti-de-joc-poker-carton\/p\/#breadcrumb"},"inLanguage":"hu","potentialAction":[{"@type":"ReadAction","target":["https:\/\/business.roovi.com\/hu\/carti-de-joc-poker-carton\/p\/"]}]},{"@type":"BreadcrumbList","@id":"https:\/\/business.roovi.com\/hu\/carti-de-joc-poker-carton\/p\/#breadcrumb","itemListElement":[{"@type":"ListItem","position":1,"name":"Home","item":"https:\/\/business.roovi.com\/hu\/"},{"@type":"ListItem","position":2,"name":"Shop","item":"https:\/\/business.roovi.com\/hu\/shop\/"},{"@type":"ListItem","position":3,"name":"Profi j\u00e1t\u00e9kk\u00e1rty\u00e1k &#8211; p\u00f3ker &#8211; kartonpap\u00edr"}]},{"@type":"WebSite","@id":"https:\/\/business.roovi.com\/hu\/#website","url":"https:\/\/business.roovi.com\/hu\/","name":"Roovi B2B","description":"Roovi Business Website","potentialAction":[{"@type":"SearchAction","target":{"@type":"EntryPoint","urlTemplate":"https:\/\/business.roovi.com\/hu\/?s={search_term_string}"},"query-input":"required name=search_term_string"}],"inLanguage":"hu"}]}},"_links":{"self":[{"href":"https:\/\/business.roovi.com\/hu\/wp-json\/wp\/v2\/product\/43105","targetHints":{"allow":["GET"]}}],"collection":[{"href":"https:\/\/business.roovi.com\/hu\/wp-json\/wp\/v2\/product"}],"about":[{"href":"https:\/\/business.roovi.com\/hu\/wp-json\/wp\/v2\/types\/product"}],"version-history":[{"count":0,"href":"https:\/\/business.roovi.com\/hu\/wp-json\/wp\/v2\/product\/43105\/revisions"}],"wp:featuredmedia":[{"embeddable":true,"href":"https:\/\/business.roovi.com\/hu\/wp-json\/wp\/v2\/media\/68862"}],"wp:attachment":[{"href":"https:\/\/business.roovi.com\/hu\/wp-json\/wp\/v2\/media?parent=43105"}],"wp:term":[{"taxonomy":"product_brand","embeddable":true,"href":"https:\/\/business.roovi.com\/hu\/wp-json\/wp\/v2\/product_brand?post=43105"},{"taxonomy":"product_cat","embeddable":true,"href":"https:\/\/business.roovi.com\/hu\/wp-json\/wp\/v2\/product_cat?post=43105"},{"taxonomy":"product_tag","embeddable":true,"href":"https:\/\/business.roovi.com\/hu\/wp-json\/wp\/v2\/product_tag?post=43105"}],"curies":[{"name":"wp","href":"https:\/\/api.w.org\/{rel}","templated":true}]}}