{"id":43112,"date":"2018-04-16T10:56:09","date_gmt":"2018-04-16T10:56:09","guid":{"rendered":"https:\/\/business.roovi.com\/carti-de-joc-bridgecanasta-carton\/p\/"},"modified":"2023-03-01T15:28:59","modified_gmt":"2023-03-01T15:28:59","slug":"carti-de-joc-bridgecanasta-carton","status":"publish","type":"product","link":"https:\/\/business.roovi.com\/hu\/carti-de-joc-bridgecanasta-carton\/p\/","title":{"rendered":"J\u00e1t\u00e9kk\u00e1rtya k\u00e9szlet &#8211; Bridge\/Canasta &#8211; kartonpap\u00edr"},"content":{"rendered":"<p>Ez a feln\u0151tt k\u00e9szlet k\u00e9t pakli kiv\u00e1l\u00f3 min\u0151s\u00e9g\u0171 pap\u00edr j\u00e1t\u00e9kk\u00e1rty\u00e1t tartalmaz (2&#215;55 j\u00e1t\u00e9kk\u00e1rtya), ide\u00e1lis bridzshez, kanaszt\u00e1hoz, r\u00f6miz\u00e9shez, p\u00f3kerhez \u00e9s sok m\u00e1s j\u00e1t\u00e9khoz. Az egyik pakli h\u00e1tlapja piros, a m\u00e1sik k\u00e9k mint\u00e1s.<\/p>\n","protected":false},"excerpt":{"rendered":"<p>Ez a feln\u0151tt k\u00e9szlet k\u00e9t pakli kiv\u00e1l\u00f3 min\u0151s\u00e9g\u0171 pap\u00edr j\u00e1t\u00e9kk\u00e1rty\u00e1t tartalmaz (2&#215;55 j\u00e1t\u00e9kk\u00e1rtya), ide\u00e1lis bridzshez, kanaszt\u00e1hoz, r\u00f6miz\u00e9shez, p\u00f3kerhez \u00e9s sok<\/p>\n","protected":false},"featured_media":68867,"template":"","meta":[],"product_brand":[],"product_cat":[1944,1858],"product_tag":[],"class_list":{"0":"post-43112","1":"product","2":"type-product","3":"status-publish","4":"has-post-thumbnail","6":"product_cat-jatekkartyak","7":"product_cat-tarsasjatekok","8":"pa_brand-deico-hu","9":"pa_country_of_manufacture-ro-hu","10":"pa_filter_age-14-hu","11":"pa_tip_ambalaj-doboz","13":"first","14":"instock","15":"taxable","16":"shipping-taxable","17":"product-type-simple"},"yoast_head":"<!-- This site is optimized with the Yoast SEO plugin v20.1 - https:\/\/yoast.com\/wordpress\/plugins\/seo\/ -->\n<title>J\u00e1t\u00e9kk\u00e1rtya k\u00e9szlet - Bridge\/Canasta - kartonpap\u00edr - Roovi B2B<\/title>\n<meta name=\"robots\" content=\"index, follow, max-snippet:-1, max-image-preview:large, max-video-preview:-1\" \/>\n<link rel=\"canonical\" href=\"https:\/\/business.roovi.com\/hu\/carti-de-joc-bridgecanasta-carton\/p\/\" \/>\n<meta property=\"og:locale\" content=\"hu_HU\" \/>\n<meta property=\"og:type\" content=\"article\" \/>\n<meta property=\"og:title\" content=\"J\u00e1t\u00e9kk\u00e1rtya k\u00e9szlet - Bridge\/Canasta - kartonpap\u00edr - Roovi B2B\" \/>\n<meta property=\"og:description\" content=\"Ez a feln\u0151tt k\u00e9szlet k\u00e9t pakli kiv\u00e1l\u00f3 min\u0151s\u00e9g\u0171 pap\u00edr j\u00e1t\u00e9kk\u00e1rty\u00e1t tartalmaz (2&#215;55 j\u00e1t\u00e9kk\u00e1rtya), ide\u00e1lis bridzshez, kanaszt\u00e1hoz, r\u00f6miz\u00e9shez, p\u00f3kerhez \u00e9s sok\" \/>\n<meta property=\"og:url\" content=\"https:\/\/business.roovi.com\/hu\/carti-de-joc-bridgecanasta-carton\/p\/\" \/>\n<meta property=\"og:site_name\" content=\"Roovi B2B\" \/>\n<meta property=\"article:publisher\" content=\"https:\/\/www.facebook.com\/wwwjucariero\" \/>\n<meta property=\"article:modified_time\" content=\"2023-03-01T15:28:59+00:00\" \/>\n<meta property=\"og:image\" content=\"https:\/\/business.roovi.com\/wp-content\/uploads\/2018\/04\/poker_szett.jpg\" \/>\n\t<meta property=\"og:image:width\" content=\"1200\" \/>\n\t<meta property=\"og:image:height\" content=\"1200\" \/>\n\t<meta property=\"og:image:type\" content=\"image\/jpeg\" \/>\n<meta name=\"twitter:label1\" content=\"Becs\u00fclt olvas\u00e1si id\u0151\" \/>\n\t<meta name=\"twitter:data1\" content=\"1 perc\" \/>\n<script type=\"application\/ld+json\" class=\"yoast-schema-graph\">{\"@context\":\"https:\/\/schema.org\",\"@graph\":[{\"@type\":\"WebPage\",\"@id\":\"https:\/\/business.roovi.com\/hu\/carti-de-joc-bridgecanasta-carton\/p\/\",\"url\":\"https:\/\/business.roovi.com\/hu\/carti-de-joc-bridgecanasta-carton\/p\/\",\"name\":\"J\u00e1t\u00e9kk\u00e1rtya k\u00e9szlet - Bridge\/Canasta - kartonpap\u00edr - Roovi B2B\",\"isPartOf\":{\"@id\":\"https:\/\/business.roovi.com\/hu\/#website\"},\"datePublished\":\"2018-04-16T10:56:09+00:00\",\"dateModified\":\"2023-03-01T15:28:59+00:00\",\"breadcrumb\":{\"@id\":\"https:\/\/business.roovi.com\/hu\/carti-de-joc-bridgecanasta-carton\/p\/#breadcrumb\"},\"inLanguage\":\"hu\",\"potentialAction\":[{\"@type\":\"ReadAction\",\"target\":[\"https:\/\/business.roovi.com\/hu\/carti-de-joc-bridgecanasta-carton\/p\/\"]}]},{\"@type\":\"BreadcrumbList\",\"@id\":\"https:\/\/business.roovi.com\/hu\/carti-de-joc-bridgecanasta-carton\/p\/#breadcrumb\",\"itemListElement\":[{\"@type\":\"ListItem\",\"position\":1,\"name\":\"Home\",\"item\":\"https:\/\/business.roovi.com\/hu\/\"},{\"@type\":\"ListItem\",\"position\":2,\"name\":\"Shop\",\"item\":\"https:\/\/business.roovi.com\/hu\/shop\/\"},{\"@type\":\"ListItem\",\"position\":3,\"name\":\"J\u00e1t\u00e9kk\u00e1rtya k\u00e9szlet &#8211; Bridge\/Canasta &#8211; kartonpap\u00edr\"}]},{\"@type\":\"WebSite\",\"@id\":\"https:\/\/business.roovi.com\/hu\/#website\",\"url\":\"https:\/\/business.roovi.com\/hu\/\",\"name\":\"Roovi B2B\",\"description\":\"Roovi Business Website\",\"potentialAction\":[{\"@type\":\"SearchAction\",\"target\":{\"@type\":\"EntryPoint\",\"urlTemplate\":\"https:\/\/business.roovi.com\/hu\/?s={search_term_string}\"},\"query-input\":\"required name=search_term_string\"}],\"inLanguage\":\"hu\"}]}<\/script>\n<!-- \/ Yoast SEO plugin. -->","yoast_head_json":{"title":"J\u00e1t\u00e9kk\u00e1rtya k\u00e9szlet - Bridge\/Canasta - kartonpap\u00edr - Roovi B2B","robots":{"index":"index","follow":"follow","max-snippet":"max-snippet:-1","max-image-preview":"max-image-preview:large","max-video-preview":"max-video-preview:-1"},"canonical":"https:\/\/business.roovi.com\/hu\/carti-de-joc-bridgecanasta-carton\/p\/","og_locale":"hu_HU","og_type":"article","og_title":"J\u00e1t\u00e9kk\u00e1rtya k\u00e9szlet - Bridge\/Canasta - kartonpap\u00edr - Roovi B2B","og_description":"Ez a feln\u0151tt k\u00e9szlet k\u00e9t pakli kiv\u00e1l\u00f3 min\u0151s\u00e9g\u0171 pap\u00edr j\u00e1t\u00e9kk\u00e1rty\u00e1t tartalmaz (2&#215;55 j\u00e1t\u00e9kk\u00e1rtya), ide\u00e1lis bridzshez, kanaszt\u00e1hoz, r\u00f6miz\u00e9shez, p\u00f3kerhez \u00e9s sok","og_url":"https:\/\/business.roovi.com\/hu\/carti-de-joc-bridgecanasta-carton\/p\/","og_site_name":"Roovi B2B","article_publisher":"https:\/\/www.facebook.com\/wwwjucariero","article_modified_time":"2023-03-01T15:28:59+00:00","og_image":[{"width":1200,"height":1200,"url":"https:\/\/business.roovi.com\/wp-content\/uploads\/2018\/04\/poker_szett.jpg","type":"image\/jpeg"}],"twitter_misc":{"Becs\u00fclt olvas\u00e1si id\u0151":"1 perc"},"schema":{"@context":"https:\/\/schema.org","@graph":[{"@type":"WebPage","@id":"https:\/\/business.roovi.com\/hu\/carti-de-joc-bridgecanasta-carton\/p\/","url":"https:\/\/business.roovi.com\/hu\/carti-de-joc-bridgecanasta-carton\/p\/","name":"J\u00e1t\u00e9kk\u00e1rtya k\u00e9szlet - Bridge\/Canasta - kartonpap\u00edr - Roovi B2B","isPartOf":{"@id":"https:\/\/business.roovi.com\/hu\/#website"},"datePublished":"2018-04-16T10:56:09+00:00","dateModified":"2023-03-01T15:28:59+00:00","breadcrumb":{"@id":"https:\/\/business.roovi.com\/hu\/carti-de-joc-bridgecanasta-carton\/p\/#breadcrumb"},"inLanguage":"hu","potentialAction":[{"@type":"ReadAction","target":["https:\/\/business.roovi.com\/hu\/carti-de-joc-bridgecanasta-carton\/p\/"]}]},{"@type":"BreadcrumbList","@id":"https:\/\/business.roovi.com\/hu\/carti-de-joc-bridgecanasta-carton\/p\/#breadcrumb","itemListElement":[{"@type":"ListItem","position":1,"name":"Home","item":"https:\/\/business.roovi.com\/hu\/"},{"@type":"ListItem","position":2,"name":"Shop","item":"https:\/\/business.roovi.com\/hu\/shop\/"},{"@type":"ListItem","position":3,"name":"J\u00e1t\u00e9kk\u00e1rtya k\u00e9szlet &#8211; Bridge\/Canasta &#8211; kartonpap\u00edr"}]},{"@type":"WebSite","@id":"https:\/\/business.roovi.com\/hu\/#website","url":"https:\/\/business.roovi.com\/hu\/","name":"Roovi B2B","description":"Roovi Business Website","potentialAction":[{"@type":"SearchAction","target":{"@type":"EntryPoint","urlTemplate":"https:\/\/business.roovi.com\/hu\/?s={search_term_string}"},"query-input":"required name=search_term_string"}],"inLanguage":"hu"}]}},"_links":{"self":[{"href":"https:\/\/business.roovi.com\/hu\/wp-json\/wp\/v2\/product\/43112","targetHints":{"allow":["GET"]}}],"collection":[{"href":"https:\/\/business.roovi.com\/hu\/wp-json\/wp\/v2\/product"}],"about":[{"href":"https:\/\/business.roovi.com\/hu\/wp-json\/wp\/v2\/types\/product"}],"version-history":[{"count":0,"href":"https:\/\/business.roovi.com\/hu\/wp-json\/wp\/v2\/product\/43112\/revisions"}],"wp:featuredmedia":[{"embeddable":true,"href":"https:\/\/business.roovi.com\/hu\/wp-json\/wp\/v2\/media\/68867"}],"wp:attachment":[{"href":"https:\/\/business.roovi.com\/hu\/wp-json\/wp\/v2\/media?parent=43112"}],"wp:term":[{"taxonomy":"product_brand","embeddable":true,"href":"https:\/\/business.roovi.com\/hu\/wp-json\/wp\/v2\/product_brand?post=43112"},{"taxonomy":"product_cat","embeddable":true,"href":"https:\/\/business.roovi.com\/hu\/wp-json\/wp\/v2\/product_cat?post=43112"},{"taxonomy":"product_tag","embeddable":true,"href":"https:\/\/business.roovi.com\/hu\/wp-json\/wp\/v2\/product_tag?post=43112"}],"curies":[{"name":"wp","href":"https:\/\/api.w.org\/{rel}","templated":true}]}}