{"id":43475,"date":"2018-04-16T10:56:08","date_gmt":"2018-04-16T10:56:08","guid":{"rendered":"https:\/\/business.roovi.com\/joc-globe-whizz-animale\/p\/"},"modified":"2018-04-16T10:56:08","modified_gmt":"2018-04-16T10:56:08","slug":"joc-globe-whizz-animale","status":"publish","type":"product","link":"https:\/\/business.roovi.com\/hu\/joc-globe-whizz-animale\/p\/","title":{"rendered":"Joc de societate educativ &#8211; Globe Whizz Animale"},"content":{"rendered":"<p><span style=\"font-weight: 400\">\u0218tiai c\u0103 exist\u0103 o specie de pinguini tropicali? \u0218tii care animal nu-\u0219i are locul \u00een list\u0103: jder, nurc\u0103, veveri\u021b\u0103, nev\u0103stuic\u0103, viezure, dihor, vidr\u0103? Po\u021bi spune 6 specii de p\u0103s\u0103ri din Delta Dun\u0103rii?<\/span><\/p>\n<p><span style=\"font-weight: 400\">Dac\u0103 ai stat pu\u021bin s\u0103 te g\u00e2nde\u0219ti \u0219i nu ai g\u0103sit u\u0219or r\u0103spunsul, \u00eel vei afla juc\u00e2nd unul dintre cele mai \u00eendr\u0103gite jocuri, potrivit \u0219i pentru oameni mari \u0219i pentru cei mai mici: Globe Whizz Animale, o incursiune fantastic\u0103 \u00een lumea uimitoare a necuv\u00e2nt\u0103toarelor.\u00a0<\/span><\/p>\n<p><span style=\"font-weight: 400\">Cu noul joc Animal Globe Whizz po\u021bi naviga \u00een jurul lumii s\u0103 descoperi cele mai interesante locuri de pe globul p\u0103m\u00e2ntesc \u0219i vie\u021buitoarele acestora, \u00een cele peste 330 de \u00eentreb\u0103ri tip quiz alese cu grij\u0103 \u0219i pricepere, al\u0103turi de r\u0103spunsuri \u0219i explica\u021bii.\u00a0<\/span><\/p>\n<h2><span style=\"font-weight: 400\">\u0218tiai c\u0103 jocul Globe Whizz Animale\u2026<\/span><\/h2>\n<ul>\n<li><span style=\"font-weight: 400\">Stimuleaz\u0103 \u00eenv\u0103\u021barea activ\u0103.<\/span><\/li>\n<li><span style=\"font-weight: 400\">Este un mijloc excelent de dezvoltare a culturii generale.<\/span><\/li>\n<li><span style=\"font-weight: 400\">Este \u00eendr\u0103git at\u00e2t de copii c\u00e2t \u0219i de adul\u021bi, oferind informa\u021bii bogate despre lumea animalelor.<\/span><\/li>\n<li><span style=\"font-weight: 400\">Stimuleaz\u0103 g\u00e2ndirea asociativ\u0103.<\/span><\/li>\n<li><span style=\"font-weight: 400\">Poate fi un joc perfect pentru o petrecere sau o sear\u0103 distractiv\u0103 \u00eentre prieteni.<\/span><\/li>\n<li><span style=\"font-weight: 400\">Este plin de provoc\u0103ri amuzante ce te \u021bin conectat la joc.<\/span><\/li>\n<li><span style=\"font-weight: 400\">Este acel joc de care pur \u0219i simplu nu te plictise\u0219ti!<\/span><\/li>\n<\/ul>\n<h2><span style=\"font-weight: 400\">De ce s\u0103 alegi un Joc Globe Whizz Animale<\/span><\/h2>\n<p><span style=\"font-weight: 400\">Cele 128 c\u0103r\u021bi de joc Globe Whizz Animale con\u021bin peste 330 de \u00eentreb\u0103ri tip quiz alese cu grij\u0103 \u0219i pricepere, al\u0103turi de r\u0103spunsuri \u0219i explica\u021bii.\u00a0<\/span><\/p>\n<p><span style=\"font-weight: 400\">Mai mult, \u00eentreb\u0103rile sunt grupate \u00een 6 tipuri de provoc\u0103ri diferite: adev\u0103rat sau fals?, alege r\u0103spunsul corect din 3 variante, completeaz\u0103 r\u0103spunsul dat par\u021bial, r\u0103spunde, activit\u0103\u021bi surpriz\u0103 \u0219i c\u00e2te \u0219tii?.\u00a0<\/span><\/p>\n<p><span style=\"font-weight: 400\">Cele mai multe activit\u0103\u021bi Globe Whizz Animale prezint\u0103 o provocare chiar \u0219i pentru adul\u021bi. Am ales un grad mai ridicat de dificultate pentru c\u0103 prin joac\u0103 putem \u00eenv\u0103\u021ba cel mai mult \u0219i astfel jocul r\u0103m\u00e2ne captivant chiar \u0219i dup\u0103 o utilizare \u00eendelungat\u0103.<\/span><\/p>\n<p><span style=\"font-weight: 400\">Dac\u0103 \u00ee\u021bi plac jocurile de tip Globe Whizz Animale, iar curiozitatea \u00ee\u021bi este o caracteristic\u0103 \u00eenn\u0103scut\u0103, cu siguran\u021b\u0103 vei fi super \u00eenc\u00e2ntat\u0103 s\u0103 descoperi \u0219i Jocul Globe Whizz Original, ce ofer\u0103 informa\u021bii de Cultur\u0103 General\u0103, din domenii diverse.\u00a0<\/span><\/p>\n<p><span style=\"font-weight: 400\">Pentru cine recomand\u0103m jocurile Globe Whizz Animale \u0219i Globe Whizz?\u00a0<\/span><\/p>\n<p><span style=\"font-weight: 400\">Pentru \u00eentreaga familie, pentru cei aventuro\u0219i care iubesc provoc\u0103rile \u0219i to\u021bi cei care doresc s\u0103 petreac\u0103 ore \u00eentregi de distrac\u021bie educativ\u0103 \u0219i inteligent\u0103.\u00a0<\/span><\/p>\n<p><span style=\"font-weight: 400\">V\u00e2rst\u0103 recomandat\u0103: 10+<\/span><\/p>\n<p><span style=\"font-weight: 400\">Juc\u0103tori: 2 &#8211; 6 persoane<\/span><\/p>\n<p><span style=\"font-weight: 400\">Cutia con\u021bine: <\/span><span style=\"font-weight: 400\">1 glob p\u0103m\u00e2ntesc, 1 tabl\u0103 de joc, 128 de c\u0103r\u021bi de joc cu peste 330 de \u00eentreb\u0103ri despre animale, 1 hart\u0103 a lumii, 6 exploratori, 1 zar. Harta lumii Globe Whizz Animale este harta renumitului joc Animale din Continente, creat \u0219i ilustrat de I. Nicolau<\/span><\/p>\n<p><span style=\"font-weight: 400\">Joc nerecomandat copiilor sub 3 ani. Contine piese mici ce pot fi inghitite.<\/span><\/p>\n<p>\u00a0<\/p>\n","protected":false},"excerpt":{"rendered":"<p>\u0218tiai c\u0103 exist\u0103 o specie de pinguini tropicali? \u0218tii care animal nu-\u0219i are locul \u00een list\u0103: jder, nurc\u0103, veveri\u021b\u0103, nev\u0103stuic\u0103,<\/p>\n","protected":false},"featured_media":31344,"template":"","meta":[],"product_brand":[],"product_cat":[1861,1858],"product_tag":[],"class_list":{"0":"post-43475","1":"product","2":"type-product","3":"status-publish","4":"has-post-thumbnail","6":"product_cat-edukativ-es-kvizjatekok","7":"product_cat-tarsasjatekok","8":"pa_bax-7-hu","9":"pa_brand-d_toys-hu","10":"pa_country_of_manufacture-ro-hu","11":"pa_filter_age-14-hu","12":"pa_filter_age-9_14-hu","13":"pa_tip_ambalaj-doboz","15":"first","16":"instock","17":"taxable","18":"shipping-taxable","19":"product-type-simple"},"yoast_head":"<!-- This site is optimized with the Yoast SEO plugin v20.1 - https:\/\/yoast.com\/wordpress\/plugins\/seo\/ -->\n<title>Joc de societate educativ - Globe Whizz Animale - Roovi B2B<\/title>\n<meta name=\"robots\" content=\"index, follow, max-snippet:-1, max-image-preview:large, max-video-preview:-1\" \/>\n<link rel=\"canonical\" href=\"https:\/\/business.roovi.com\/hu\/joc-globe-whizz-animale\/p\/\" \/>\n<meta property=\"og:locale\" content=\"hu_HU\" \/>\n<meta property=\"og:type\" content=\"article\" \/>\n<meta property=\"og:title\" content=\"Joc de societate educativ - Globe Whizz Animale - Roovi B2B\" \/>\n<meta property=\"og:description\" content=\"\u0218tiai c\u0103 exist\u0103 o specie de pinguini tropicali? \u0218tii care animal nu-\u0219i are locul \u00een list\u0103: jder, nurc\u0103, veveri\u021b\u0103, nev\u0103stuic\u0103,\" \/>\n<meta property=\"og:url\" content=\"https:\/\/business.roovi.com\/hu\/joc-globe-whizz-animale\/p\/\" \/>\n<meta property=\"og:site_name\" content=\"Roovi B2B\" \/>\n<meta property=\"article:publisher\" content=\"https:\/\/www.facebook.com\/wwwjucariero\" \/>\n<meta property=\"og:image\" content=\"https:\/\/business.roovi.com\/wp-content\/uploads\/2018\/04\/73426_elo_animal_globe_whizz_1.jpg\" \/>\n\t<meta property=\"og:image:width\" content=\"1200\" \/>\n\t<meta property=\"og:image:height\" content=\"1200\" \/>\n\t<meta property=\"og:image:type\" content=\"image\/jpeg\" \/>\n<meta name=\"twitter:label1\" content=\"Becs\u00fclt olvas\u00e1si id\u0151\" \/>\n\t<meta name=\"twitter:data1\" content=\"2 perc\" \/>\n<script type=\"application\/ld+json\" class=\"yoast-schema-graph\">{\"@context\":\"https:\/\/schema.org\",\"@graph\":[{\"@type\":\"WebPage\",\"@id\":\"https:\/\/business.roovi.com\/hu\/joc-globe-whizz-animale\/p\/\",\"url\":\"https:\/\/business.roovi.com\/hu\/joc-globe-whizz-animale\/p\/\",\"name\":\"Joc de societate educativ - Globe Whizz Animale - Roovi B2B\",\"isPartOf\":{\"@id\":\"https:\/\/business.roovi.com\/hu\/#website\"},\"datePublished\":\"2018-04-16T10:56:08+00:00\",\"dateModified\":\"2018-04-16T10:56:08+00:00\",\"breadcrumb\":{\"@id\":\"https:\/\/business.roovi.com\/hu\/joc-globe-whizz-animale\/p\/#breadcrumb\"},\"inLanguage\":\"hu\",\"potentialAction\":[{\"@type\":\"ReadAction\",\"target\":[\"https:\/\/business.roovi.com\/hu\/joc-globe-whizz-animale\/p\/\"]}]},{\"@type\":\"BreadcrumbList\",\"@id\":\"https:\/\/business.roovi.com\/hu\/joc-globe-whizz-animale\/p\/#breadcrumb\",\"itemListElement\":[{\"@type\":\"ListItem\",\"position\":1,\"name\":\"Home\",\"item\":\"https:\/\/business.roovi.com\/hu\/\"},{\"@type\":\"ListItem\",\"position\":2,\"name\":\"Shop\",\"item\":\"https:\/\/business.roovi.com\/hu\/shop\/\"},{\"@type\":\"ListItem\",\"position\":3,\"name\":\"Joc de societate educativ &#8211; Globe Whizz Animale\"}]},{\"@type\":\"WebSite\",\"@id\":\"https:\/\/business.roovi.com\/hu\/#website\",\"url\":\"https:\/\/business.roovi.com\/hu\/\",\"name\":\"Roovi B2B\",\"description\":\"Roovi Business Website\",\"potentialAction\":[{\"@type\":\"SearchAction\",\"target\":{\"@type\":\"EntryPoint\",\"urlTemplate\":\"https:\/\/business.roovi.com\/hu\/?s={search_term_string}\"},\"query-input\":\"required name=search_term_string\"}],\"inLanguage\":\"hu\"}]}<\/script>\n<!-- \/ Yoast SEO plugin. -->","yoast_head_json":{"title":"Joc de societate educativ - Globe Whizz Animale - Roovi B2B","robots":{"index":"index","follow":"follow","max-snippet":"max-snippet:-1","max-image-preview":"max-image-preview:large","max-video-preview":"max-video-preview:-1"},"canonical":"https:\/\/business.roovi.com\/hu\/joc-globe-whizz-animale\/p\/","og_locale":"hu_HU","og_type":"article","og_title":"Joc de societate educativ - Globe Whizz Animale - Roovi B2B","og_description":"\u0218tiai c\u0103 exist\u0103 o specie de pinguini tropicali? \u0218tii care animal nu-\u0219i are locul \u00een list\u0103: jder, nurc\u0103, veveri\u021b\u0103, nev\u0103stuic\u0103,","og_url":"https:\/\/business.roovi.com\/hu\/joc-globe-whizz-animale\/p\/","og_site_name":"Roovi B2B","article_publisher":"https:\/\/www.facebook.com\/wwwjucariero","og_image":[{"width":1200,"height":1200,"url":"https:\/\/business.roovi.com\/wp-content\/uploads\/2018\/04\/73426_elo_animal_globe_whizz_1.jpg","type":"image\/jpeg"}],"twitter_misc":{"Becs\u00fclt olvas\u00e1si id\u0151":"2 perc"},"schema":{"@context":"https:\/\/schema.org","@graph":[{"@type":"WebPage","@id":"https:\/\/business.roovi.com\/hu\/joc-globe-whizz-animale\/p\/","url":"https:\/\/business.roovi.com\/hu\/joc-globe-whizz-animale\/p\/","name":"Joc de societate educativ - Globe Whizz Animale - Roovi B2B","isPartOf":{"@id":"https:\/\/business.roovi.com\/hu\/#website"},"datePublished":"2018-04-16T10:56:08+00:00","dateModified":"2018-04-16T10:56:08+00:00","breadcrumb":{"@id":"https:\/\/business.roovi.com\/hu\/joc-globe-whizz-animale\/p\/#breadcrumb"},"inLanguage":"hu","potentialAction":[{"@type":"ReadAction","target":["https:\/\/business.roovi.com\/hu\/joc-globe-whizz-animale\/p\/"]}]},{"@type":"BreadcrumbList","@id":"https:\/\/business.roovi.com\/hu\/joc-globe-whizz-animale\/p\/#breadcrumb","itemListElement":[{"@type":"ListItem","position":1,"name":"Home","item":"https:\/\/business.roovi.com\/hu\/"},{"@type":"ListItem","position":2,"name":"Shop","item":"https:\/\/business.roovi.com\/hu\/shop\/"},{"@type":"ListItem","position":3,"name":"Joc de societate educativ &#8211; Globe Whizz Animale"}]},{"@type":"WebSite","@id":"https:\/\/business.roovi.com\/hu\/#website","url":"https:\/\/business.roovi.com\/hu\/","name":"Roovi B2B","description":"Roovi Business Website","potentialAction":[{"@type":"SearchAction","target":{"@type":"EntryPoint","urlTemplate":"https:\/\/business.roovi.com\/hu\/?s={search_term_string}"},"query-input":"required name=search_term_string"}],"inLanguage":"hu"}]}},"_links":{"self":[{"href":"https:\/\/business.roovi.com\/hu\/wp-json\/wp\/v2\/product\/43475","targetHints":{"allow":["GET"]}}],"collection":[{"href":"https:\/\/business.roovi.com\/hu\/wp-json\/wp\/v2\/product"}],"about":[{"href":"https:\/\/business.roovi.com\/hu\/wp-json\/wp\/v2\/types\/product"}],"version-history":[{"count":0,"href":"https:\/\/business.roovi.com\/hu\/wp-json\/wp\/v2\/product\/43475\/revisions"}],"wp:featuredmedia":[{"embeddable":true,"href":"https:\/\/business.roovi.com\/hu\/wp-json\/wp\/v2\/media\/31344"}],"wp:attachment":[{"href":"https:\/\/business.roovi.com\/hu\/wp-json\/wp\/v2\/media?parent=43475"}],"wp:term":[{"taxonomy":"product_brand","embeddable":true,"href":"https:\/\/business.roovi.com\/hu\/wp-json\/wp\/v2\/product_brand?post=43475"},{"taxonomy":"product_cat","embeddable":true,"href":"https:\/\/business.roovi.com\/hu\/wp-json\/wp\/v2\/product_cat?post=43475"},{"taxonomy":"product_tag","embeddable":true,"href":"https:\/\/business.roovi.com\/hu\/wp-json\/wp\/v2\/product_tag?post=43475"}],"curies":[{"name":"wp","href":"https:\/\/api.w.org\/{rel}","templated":true}]}}