{"id":43479,"date":"2018-04-16T10:56:08","date_gmt":"2018-04-16T10:56:08","guid":{"rendered":"https:\/\/business.roovi.com\/joc-creativ-margele-magice-rama-photo-bufnita\/p\/"},"modified":"2018-04-16T10:56:08","modified_gmt":"2018-04-16T10:56:08","slug":"joc-creativ-margele-magice-rama-photo-bufnita","status":"publish","type":"product","link":"https:\/\/business.roovi.com\/hu\/joc-creativ-margele-magice-rama-photo-bufnita\/p\/","title":{"rendered":"Joc Creativ &#8211; M\u0103rgele Magice &#8211; Ram\u0103 Photo cu Bufni\u021b\u0103"},"content":{"rendered":"<p>Set creativ cu 85+ de m\u0103rgele colorate mari pentru decorarea unei rame foto \u00een form\u0103 de bufni\u021b\u0103. Copiii plaseaz\u0103 m\u0103rgelele pe ram\u0103 conform imaginii de pe cutie, apoi pulverizeaz\u0103 doar ap\u0103 pentru a lipi m\u0103rgelele \u00eempreun\u0103 \u0219i a le fixa pe ram\u0103. Nu necesit\u0103 c\u0103lcare, lipici sau c\u0103ldur\u0103. \u00cen ram\u0103 se poate pune o poz\u0103 de 3,7&#215;6 cm.<\/p>\n","protected":false},"excerpt":{"rendered":"<p>Set creativ cu 85+ de m\u0103rgele colorate mari pentru decorarea unei rame foto \u00een form\u0103 de bufni\u021b\u0103. Copiii plaseaz\u0103 m\u0103rgelele<\/p>\n","protected":false},"featured_media":31356,"template":"","meta":[],"product_brand":[],"product_cat":[1901,1997],"product_tag":[],"class_list":{"0":"post-43479","1":"product","2":"type-product","3":"status-publish","4":"has-post-thumbnail","6":"product_cat-kreativ-jatekok","7":"product_cat-szines-gyongyok","8":"pa_bax-24-hu","9":"pa_brand-d_toys-hu","10":"pa_country_of_manufacture-ro-hu","11":"pa_filter_age-5_7-hu","12":"pa_filter_age-7_9-hu","13":"pa_filter_age-9_14-hu","14":"pa_tip_ambalaj-doboz","16":"first","17":"instock","18":"taxable","19":"shipping-taxable","20":"product-type-simple"},"yoast_head":"<!-- This site is optimized with the Yoast SEO plugin v20.1 - https:\/\/yoast.com\/wordpress\/plugins\/seo\/ -->\n<title>Joc Creativ - M\u0103rgele Magice - Ram\u0103 Photo cu Bufni\u021b\u0103 - Roovi B2B<\/title>\n<meta name=\"robots\" content=\"index, follow, max-snippet:-1, max-image-preview:large, max-video-preview:-1\" \/>\n<link rel=\"canonical\" href=\"https:\/\/business.roovi.com\/hu\/joc-creativ-margele-magice-rama-photo-bufnita\/p\/\" \/>\n<meta property=\"og:locale\" content=\"hu_HU\" \/>\n<meta property=\"og:type\" content=\"article\" \/>\n<meta property=\"og:title\" content=\"Joc Creativ - M\u0103rgele Magice - Ram\u0103 Photo cu Bufni\u021b\u0103 - Roovi B2B\" \/>\n<meta property=\"og:description\" content=\"Set creativ cu 85+ de m\u0103rgele colorate mari pentru decorarea unei rame foto \u00een form\u0103 de bufni\u021b\u0103. Copiii plaseaz\u0103 m\u0103rgelele\" \/>\n<meta property=\"og:url\" content=\"https:\/\/business.roovi.com\/hu\/joc-creativ-margele-magice-rama-photo-bufnita\/p\/\" \/>\n<meta property=\"og:site_name\" content=\"Roovi B2B\" \/>\n<meta property=\"article:publisher\" content=\"https:\/\/www.facebook.com\/wwwjucariero\" \/>\n<meta property=\"og:image\" content=\"https:\/\/business.roovi.com\/wp-content\/uploads\/2018\/04\/73600-03_elo.jpg\" \/>\n\t<meta property=\"og:image:width\" content=\"1200\" \/>\n\t<meta property=\"og:image:height\" content=\"1200\" \/>\n\t<meta property=\"og:image:type\" content=\"image\/jpeg\" \/>\n<script type=\"application\/ld+json\" class=\"yoast-schema-graph\">{\"@context\":\"https:\/\/schema.org\",\"@graph\":[{\"@type\":\"WebPage\",\"@id\":\"https:\/\/business.roovi.com\/hu\/joc-creativ-margele-magice-rama-photo-bufnita\/p\/\",\"url\":\"https:\/\/business.roovi.com\/hu\/joc-creativ-margele-magice-rama-photo-bufnita\/p\/\",\"name\":\"Joc Creativ - M\u0103rgele Magice - Ram\u0103 Photo cu Bufni\u021b\u0103 - Roovi B2B\",\"isPartOf\":{\"@id\":\"https:\/\/business.roovi.com\/hu\/#website\"},\"datePublished\":\"2018-04-16T10:56:08+00:00\",\"dateModified\":\"2018-04-16T10:56:08+00:00\",\"breadcrumb\":{\"@id\":\"https:\/\/business.roovi.com\/hu\/joc-creativ-margele-magice-rama-photo-bufnita\/p\/#breadcrumb\"},\"inLanguage\":\"hu\",\"potentialAction\":[{\"@type\":\"ReadAction\",\"target\":[\"https:\/\/business.roovi.com\/hu\/joc-creativ-margele-magice-rama-photo-bufnita\/p\/\"]}]},{\"@type\":\"BreadcrumbList\",\"@id\":\"https:\/\/business.roovi.com\/hu\/joc-creativ-margele-magice-rama-photo-bufnita\/p\/#breadcrumb\",\"itemListElement\":[{\"@type\":\"ListItem\",\"position\":1,\"name\":\"Home\",\"item\":\"https:\/\/business.roovi.com\/hu\/\"},{\"@type\":\"ListItem\",\"position\":2,\"name\":\"Shop\",\"item\":\"https:\/\/business.roovi.com\/hu\/shop\/\"},{\"@type\":\"ListItem\",\"position\":3,\"name\":\"Joc Creativ &#8211; M\u0103rgele Magice &#8211; Ram\u0103 Photo cu Bufni\u021b\u0103\"}]},{\"@type\":\"WebSite\",\"@id\":\"https:\/\/business.roovi.com\/hu\/#website\",\"url\":\"https:\/\/business.roovi.com\/hu\/\",\"name\":\"Roovi B2B\",\"description\":\"Roovi Business Website\",\"potentialAction\":[{\"@type\":\"SearchAction\",\"target\":{\"@type\":\"EntryPoint\",\"urlTemplate\":\"https:\/\/business.roovi.com\/hu\/?s={search_term_string}\"},\"query-input\":\"required name=search_term_string\"}],\"inLanguage\":\"hu\"}]}<\/script>\n<!-- \/ Yoast SEO plugin. -->","yoast_head_json":{"title":"Joc Creativ - M\u0103rgele Magice - Ram\u0103 Photo cu Bufni\u021b\u0103 - Roovi B2B","robots":{"index":"index","follow":"follow","max-snippet":"max-snippet:-1","max-image-preview":"max-image-preview:large","max-video-preview":"max-video-preview:-1"},"canonical":"https:\/\/business.roovi.com\/hu\/joc-creativ-margele-magice-rama-photo-bufnita\/p\/","og_locale":"hu_HU","og_type":"article","og_title":"Joc Creativ - M\u0103rgele Magice - Ram\u0103 Photo cu Bufni\u021b\u0103 - Roovi B2B","og_description":"Set creativ cu 85+ de m\u0103rgele colorate mari pentru decorarea unei rame foto \u00een form\u0103 de bufni\u021b\u0103. Copiii plaseaz\u0103 m\u0103rgelele","og_url":"https:\/\/business.roovi.com\/hu\/joc-creativ-margele-magice-rama-photo-bufnita\/p\/","og_site_name":"Roovi B2B","article_publisher":"https:\/\/www.facebook.com\/wwwjucariero","og_image":[{"width":1200,"height":1200,"url":"https:\/\/business.roovi.com\/wp-content\/uploads\/2018\/04\/73600-03_elo.jpg","type":"image\/jpeg"}],"schema":{"@context":"https:\/\/schema.org","@graph":[{"@type":"WebPage","@id":"https:\/\/business.roovi.com\/hu\/joc-creativ-margele-magice-rama-photo-bufnita\/p\/","url":"https:\/\/business.roovi.com\/hu\/joc-creativ-margele-magice-rama-photo-bufnita\/p\/","name":"Joc Creativ - M\u0103rgele Magice - Ram\u0103 Photo cu Bufni\u021b\u0103 - Roovi B2B","isPartOf":{"@id":"https:\/\/business.roovi.com\/hu\/#website"},"datePublished":"2018-04-16T10:56:08+00:00","dateModified":"2018-04-16T10:56:08+00:00","breadcrumb":{"@id":"https:\/\/business.roovi.com\/hu\/joc-creativ-margele-magice-rama-photo-bufnita\/p\/#breadcrumb"},"inLanguage":"hu","potentialAction":[{"@type":"ReadAction","target":["https:\/\/business.roovi.com\/hu\/joc-creativ-margele-magice-rama-photo-bufnita\/p\/"]}]},{"@type":"BreadcrumbList","@id":"https:\/\/business.roovi.com\/hu\/joc-creativ-margele-magice-rama-photo-bufnita\/p\/#breadcrumb","itemListElement":[{"@type":"ListItem","position":1,"name":"Home","item":"https:\/\/business.roovi.com\/hu\/"},{"@type":"ListItem","position":2,"name":"Shop","item":"https:\/\/business.roovi.com\/hu\/shop\/"},{"@type":"ListItem","position":3,"name":"Joc Creativ &#8211; M\u0103rgele Magice &#8211; Ram\u0103 Photo cu Bufni\u021b\u0103"}]},{"@type":"WebSite","@id":"https:\/\/business.roovi.com\/hu\/#website","url":"https:\/\/business.roovi.com\/hu\/","name":"Roovi B2B","description":"Roovi Business Website","potentialAction":[{"@type":"SearchAction","target":{"@type":"EntryPoint","urlTemplate":"https:\/\/business.roovi.com\/hu\/?s={search_term_string}"},"query-input":"required name=search_term_string"}],"inLanguage":"hu"}]}},"_links":{"self":[{"href":"https:\/\/business.roovi.com\/hu\/wp-json\/wp\/v2\/product\/43479","targetHints":{"allow":["GET"]}}],"collection":[{"href":"https:\/\/business.roovi.com\/hu\/wp-json\/wp\/v2\/product"}],"about":[{"href":"https:\/\/business.roovi.com\/hu\/wp-json\/wp\/v2\/types\/product"}],"version-history":[{"count":0,"href":"https:\/\/business.roovi.com\/hu\/wp-json\/wp\/v2\/product\/43479\/revisions"}],"wp:featuredmedia":[{"embeddable":true,"href":"https:\/\/business.roovi.com\/hu\/wp-json\/wp\/v2\/media\/31356"}],"wp:attachment":[{"href":"https:\/\/business.roovi.com\/hu\/wp-json\/wp\/v2\/media?parent=43479"}],"wp:term":[{"taxonomy":"product_brand","embeddable":true,"href":"https:\/\/business.roovi.com\/hu\/wp-json\/wp\/v2\/product_brand?post=43479"},{"taxonomy":"product_cat","embeddable":true,"href":"https:\/\/business.roovi.com\/hu\/wp-json\/wp\/v2\/product_cat?post=43479"},{"taxonomy":"product_tag","embeddable":true,"href":"https:\/\/business.roovi.com\/hu\/wp-json\/wp\/v2\/product_tag?post=43479"}],"curies":[{"name":"wp","href":"https:\/\/api.w.org\/{rel}","templated":true}]}}