{"id":43495,"date":"2018-04-16T10:56:08","date_gmt":"2018-04-16T10:56:08","guid":{"rendered":"https:\/\/business.roovi.com\/joc-de-%c5%9fah\/p\/"},"modified":"2018-04-16T10:56:08","modified_gmt":"2018-04-16T10:56:08","slug":"joc-de-%c5%9fah","status":"publish","type":"product","link":"https:\/\/business.roovi.com\/hu\/joc-de-%c5%9fah\/p\/","title":{"rendered":"Joc de \u0218ah"},"content":{"rendered":"<p><span style=\"font-weight: 400\">\u0218tiai c\u0103 \u0219ahul este unul dintre cele mai vechi jocuri ce au reu\u0219it s\u0103 str\u0103bat\u0103 timpul p\u00e2n\u0103 \u00een zilele noastre? Se presupune c\u0103 \u0219ahul \u00ee\u0219i are originile \u00een \u00eendep\u0103rtata Indie, de\u0219i Persia \u0219i China sunt \u0219i ele men\u021bionate de istorici.<\/span><\/p>\n<p><span style=\"font-weight: 400\">Ce este \u0219ahul? \u0218ahul este un sport \u0219i un joc al min\u021bii. Este acel joc care \u00eembin\u0103 cu succes g\u00e2ndirea strategic\u0103, logica \u0219i anticiparea, planific\u00e2nd minu\u021bios fiecare mi\u0219care \u00een func\u021bie de cea a adversarului.\u00a0<\/span><\/p>\n<p><span style=\"font-weight: 400\">\u00centr-un joc de \u0219ah, singurul efort fizic pe care \u00eel face juc\u0103torul este cel de a muta piesa pe tabl\u0103. \u00cen plus, este un joc dominat de lini\u0219te \u0219i concentrare, ce urmeaz\u0103 reguli bine definite.<\/span><\/p>\n<h2><span style=\"font-weight: 400\">\u0218tiai c\u0103 Jocul de \u0218ah\u2026<\/span><\/h2>\n<ul>\n<li><span style=\"font-weight: 400\">Sus\u021bine dezvoltarea g\u00e2ndirii strategice.<\/span><\/li>\n<li><span style=\"font-weight: 400\">Este un exerci\u021biu minunat pentru dezvoltarea g\u00e2ndirii logice \u0219i anticipative, \u00eencerc\u00e2nd s\u0103 \u201cvezi\u201d urm\u0103toarele mut\u0103ri ale adversarului.<\/span><\/li>\n<li><span style=\"font-weight: 400\">Ajut\u0103 la dezvoltarea spiritului competitiv.<\/span><\/li>\n<li><span style=\"font-weight: 400\">Creeaz\u0103 o disciplin\u0103 care se reflect\u0103 \u00een mod benefic \u00een toate aspectele vie\u021bii.<\/span><\/li>\n<li><span style=\"font-weight: 400\">Este un joc al deconect\u0103rii \u0219i al concentr\u0103rii asupra unui singur obiectiv.<\/span><\/li>\n<li><span style=\"font-weight: 400\">Copiii care \u00eencep s\u0103 practice jocul de \u0219ah vor observa o \u00eembun\u0103t\u0103\u021bire a memoriei, usurin\u021ba \u00een\u021belegerii materiei, dar \u0219i rezultate \u0219colare \u00eembun\u0103t\u0103\u021bite.<\/span><\/li>\n<\/ul>\n<h2><span style=\"font-weight: 400\">De ce s\u0103 alegi Joc de \u0218ah<\/span><\/h2>\n<p><span style=\"font-weight: 400\">Piesele acestui joc de \u0219ah au dimensiuni oficiale pentru concurs.<\/span><\/p>\n<p><span style=\"font-weight: 400\">Jocul de \u0218ah are o form\u0103 compact\u0103, u\u0219or de transportat pentru a te putea antrena oriunde, chiar \u0219i \u00een vacan\u021b\u0103. Piesele sunt din plastic, iar tabla de joc este din carton.<\/span><\/p>\n<p><span style=\"font-weight: 400\">\u0218ahul este un joc de strategie abstract\u0103 \u0219i o form\u0103 foarte apreciat\u0103 de relaxare.<\/span><\/p>\n<p><span style=\"font-weight: 400\">V\u00e2rst\u0103 recomandat\u0103: 14+<\/span><\/p>\n<p><span style=\"font-weight: 400\">Juc\u0103tori: 2 persoane<\/span><\/p>\n<p><span style=\"font-weight: 400\">Cutia con\u021bine: 32 piese de \u0219ah din plastic, 1 tabl\u0103 de \u0219ah din carton.<\/span><\/p>\n<p><span style=\"font-weight: 400\">Joc nerecomandat copiilor sub 3 ani.<\/span><\/p>\n<p>\u00a0<\/p>\n","protected":false},"excerpt":{"rendered":"<p>\u0218tiai c\u0103 \u0219ahul este unul dintre cele mai vechi jocuri ce au reu\u0219it s\u0103 str\u0103bat\u0103 timpul p\u00e2n\u0103 \u00een zilele noastre?<\/p>\n","protected":false},"featured_media":63933,"template":"","meta":[],"product_brand":[],"product_cat":[1991,1858],"product_tag":[],"class_list":{"0":"post-43495","1":"product","2":"type-product","3":"status-publish","4":"has-post-thumbnail","6":"product_cat-hires-tarsasjatekok","7":"product_cat-tarsasjatekok","8":"pa_brand-deico-hu","9":"pa_country_of_manufacture-ro-hu","10":"pa_filter_age-14-hu","11":"pa_tip_ambalaj-doboz","13":"first","14":"instock","15":"taxable","16":"shipping-taxable","17":"product-type-simple"},"yoast_head":"<!-- This site is optimized with the Yoast SEO plugin v20.1 - https:\/\/yoast.com\/wordpress\/plugins\/seo\/ -->\n<title>Joc de \u0218ah - Roovi B2B<\/title>\n<meta name=\"robots\" content=\"index, follow, max-snippet:-1, max-image-preview:large, max-video-preview:-1\" \/>\n<link rel=\"canonical\" href=\"https:\/\/business.roovi.com\/hu\/joc-de-%c5%9fah\/p\/\" \/>\n<meta property=\"og:locale\" content=\"hu_HU\" \/>\n<meta property=\"og:type\" content=\"article\" \/>\n<meta property=\"og:title\" content=\"Joc de \u0218ah - Roovi B2B\" \/>\n<meta property=\"og:description\" content=\"\u0218tiai c\u0103 \u0219ahul este unul dintre cele mai vechi jocuri ce au reu\u0219it s\u0103 str\u0103bat\u0103 timpul p\u00e2n\u0103 \u00een zilele noastre?\" \/>\n<meta property=\"og:url\" content=\"https:\/\/business.roovi.com\/hu\/joc-de-%c5%9fah\/p\/\" \/>\n<meta property=\"og:site_name\" content=\"Roovi B2B\" \/>\n<meta property=\"article:publisher\" content=\"https:\/\/www.facebook.com\/wwwjucariero\" \/>\n<meta property=\"og:image\" content=\"https:\/\/business.roovi.com\/wp-content\/uploads\/2018\/04\/73655_elo_sah_1.jpg\" \/>\n\t<meta property=\"og:image:width\" content=\"1200\" \/>\n\t<meta property=\"og:image:height\" content=\"1200\" \/>\n\t<meta property=\"og:image:type\" content=\"image\/jpeg\" \/>\n<meta name=\"twitter:label1\" content=\"Becs\u00fclt olvas\u00e1si id\u0151\" \/>\n\t<meta name=\"twitter:data1\" content=\"2 perc\" \/>\n<script type=\"application\/ld+json\" class=\"yoast-schema-graph\">{\"@context\":\"https:\/\/schema.org\",\"@graph\":[{\"@type\":\"WebPage\",\"@id\":\"https:\/\/business.roovi.com\/hu\/joc-de-%c5%9fah\/p\/\",\"url\":\"https:\/\/business.roovi.com\/hu\/joc-de-%c5%9fah\/p\/\",\"name\":\"Joc de \u0218ah - Roovi B2B\",\"isPartOf\":{\"@id\":\"https:\/\/business.roovi.com\/hu\/#website\"},\"datePublished\":\"2018-04-16T10:56:08+00:00\",\"dateModified\":\"2018-04-16T10:56:08+00:00\",\"breadcrumb\":{\"@id\":\"https:\/\/business.roovi.com\/hu\/joc-de-%c5%9fah\/p\/#breadcrumb\"},\"inLanguage\":\"hu\",\"potentialAction\":[{\"@type\":\"ReadAction\",\"target\":[\"https:\/\/business.roovi.com\/hu\/joc-de-%c5%9fah\/p\/\"]}]},{\"@type\":\"BreadcrumbList\",\"@id\":\"https:\/\/business.roovi.com\/hu\/joc-de-%c5%9fah\/p\/#breadcrumb\",\"itemListElement\":[{\"@type\":\"ListItem\",\"position\":1,\"name\":\"Home\",\"item\":\"https:\/\/business.roovi.com\/hu\/\"},{\"@type\":\"ListItem\",\"position\":2,\"name\":\"Shop\",\"item\":\"https:\/\/business.roovi.com\/hu\/shop\/\"},{\"@type\":\"ListItem\",\"position\":3,\"name\":\"Joc de \u0218ah\"}]},{\"@type\":\"WebSite\",\"@id\":\"https:\/\/business.roovi.com\/hu\/#website\",\"url\":\"https:\/\/business.roovi.com\/hu\/\",\"name\":\"Roovi B2B\",\"description\":\"Roovi Business Website\",\"potentialAction\":[{\"@type\":\"SearchAction\",\"target\":{\"@type\":\"EntryPoint\",\"urlTemplate\":\"https:\/\/business.roovi.com\/hu\/?s={search_term_string}\"},\"query-input\":\"required name=search_term_string\"}],\"inLanguage\":\"hu\"}]}<\/script>\n<!-- \/ Yoast SEO plugin. -->","yoast_head_json":{"title":"Joc de \u0218ah - Roovi B2B","robots":{"index":"index","follow":"follow","max-snippet":"max-snippet:-1","max-image-preview":"max-image-preview:large","max-video-preview":"max-video-preview:-1"},"canonical":"https:\/\/business.roovi.com\/hu\/joc-de-%c5%9fah\/p\/","og_locale":"hu_HU","og_type":"article","og_title":"Joc de \u0218ah - Roovi B2B","og_description":"\u0218tiai c\u0103 \u0219ahul este unul dintre cele mai vechi jocuri ce au reu\u0219it s\u0103 str\u0103bat\u0103 timpul p\u00e2n\u0103 \u00een zilele noastre?","og_url":"https:\/\/business.roovi.com\/hu\/joc-de-%c5%9fah\/p\/","og_site_name":"Roovi B2B","article_publisher":"https:\/\/www.facebook.com\/wwwjucariero","og_image":[{"width":1200,"height":1200,"url":"https:\/\/business.roovi.com\/wp-content\/uploads\/2018\/04\/73655_elo_sah_1.jpg","type":"image\/jpeg"}],"twitter_misc":{"Becs\u00fclt olvas\u00e1si id\u0151":"2 perc"},"schema":{"@context":"https:\/\/schema.org","@graph":[{"@type":"WebPage","@id":"https:\/\/business.roovi.com\/hu\/joc-de-%c5%9fah\/p\/","url":"https:\/\/business.roovi.com\/hu\/joc-de-%c5%9fah\/p\/","name":"Joc de \u0218ah - Roovi B2B","isPartOf":{"@id":"https:\/\/business.roovi.com\/hu\/#website"},"datePublished":"2018-04-16T10:56:08+00:00","dateModified":"2018-04-16T10:56:08+00:00","breadcrumb":{"@id":"https:\/\/business.roovi.com\/hu\/joc-de-%c5%9fah\/p\/#breadcrumb"},"inLanguage":"hu","potentialAction":[{"@type":"ReadAction","target":["https:\/\/business.roovi.com\/hu\/joc-de-%c5%9fah\/p\/"]}]},{"@type":"BreadcrumbList","@id":"https:\/\/business.roovi.com\/hu\/joc-de-%c5%9fah\/p\/#breadcrumb","itemListElement":[{"@type":"ListItem","position":1,"name":"Home","item":"https:\/\/business.roovi.com\/hu\/"},{"@type":"ListItem","position":2,"name":"Shop","item":"https:\/\/business.roovi.com\/hu\/shop\/"},{"@type":"ListItem","position":3,"name":"Joc de \u0218ah"}]},{"@type":"WebSite","@id":"https:\/\/business.roovi.com\/hu\/#website","url":"https:\/\/business.roovi.com\/hu\/","name":"Roovi B2B","description":"Roovi Business Website","potentialAction":[{"@type":"SearchAction","target":{"@type":"EntryPoint","urlTemplate":"https:\/\/business.roovi.com\/hu\/?s={search_term_string}"},"query-input":"required name=search_term_string"}],"inLanguage":"hu"}]}},"_links":{"self":[{"href":"https:\/\/business.roovi.com\/hu\/wp-json\/wp\/v2\/product\/43495","targetHints":{"allow":["GET"]}}],"collection":[{"href":"https:\/\/business.roovi.com\/hu\/wp-json\/wp\/v2\/product"}],"about":[{"href":"https:\/\/business.roovi.com\/hu\/wp-json\/wp\/v2\/types\/product"}],"version-history":[{"count":0,"href":"https:\/\/business.roovi.com\/hu\/wp-json\/wp\/v2\/product\/43495\/revisions"}],"wp:featuredmedia":[{"embeddable":true,"href":"https:\/\/business.roovi.com\/hu\/wp-json\/wp\/v2\/media\/63933"}],"wp:attachment":[{"href":"https:\/\/business.roovi.com\/hu\/wp-json\/wp\/v2\/media?parent=43495"}],"wp:term":[{"taxonomy":"product_brand","embeddable":true,"href":"https:\/\/business.roovi.com\/hu\/wp-json\/wp\/v2\/product_brand?post=43495"},{"taxonomy":"product_cat","embeddable":true,"href":"https:\/\/business.roovi.com\/hu\/wp-json\/wp\/v2\/product_cat?post=43495"},{"taxonomy":"product_tag","embeddable":true,"href":"https:\/\/business.roovi.com\/hu\/wp-json\/wp\/v2\/product_tag?post=43495"}],"curies":[{"name":"wp","href":"https:\/\/api.w.org\/{rel}","templated":true}]}}