{"id":43545,"date":"2018-04-16T10:56:08","date_gmt":"2018-04-16T10:56:08","guid":{"rendered":"https:\/\/business.roovi.com\/jocul-umbrelor\/p\/"},"modified":"2018-04-16T10:56:08","modified_gmt":"2018-04-16T10:56:08","slug":"jocul-umbrelor","status":"publish","type":"product","link":"https:\/\/business.roovi.com\/hu\/jocul-umbrelor\/p\/","title":{"rendered":"Joc de perspicacitate &#8211; Jocul Umbrelor"},"content":{"rendered":"<p>Jocul umbrelor, un joc plin de suspiciune pentru juc\u0103tori \u00eenzestra\u021bi cu min\u021bi agere. E\u0219ti capabil s\u0103 surprinzi ceea ce scap\u0103 majorit\u0103\u021bii? Gangsterul \u0219i ho\u021bul comploteaz\u0103 \u00eempotriva primarului \u0219i poli\u021bistului. Dac\u0103 ai spiritul de observa\u021bie bine dezvoltat, cerceteaz\u0103 s\u0103 descoperi identitatea celorlal\u021bi juc\u0103tori! Cravat\u0103, trabuc, costum, bani, pantofi, p\u0103l\u0103rie, bretele, lantern\u0103, pistol, po\u0219et\u0103, e\u0219arf\u0103, serviet\u0103, batic&#8230; Oare la cine apar\u021bin? Antreneaz\u0103-\u021bi perspicacitatea, r\u0103bdarea \u0219i capacitatea de analiz\u0103 cu Jocul umbrelor! <\/p>\n<p>G\u0103se\u0219te accesoriile pierdute ale lui Bill O&#8217;Brian, Dave Pickett, Cody, The Kid \u0219i Big Butch! Femeia enigmatic\u0103, Spicy Belle, a p\u0103r\u0103sit \u0219i ea c\u00e2teva accesorii ca s\u0103-\u021bi complice misiunea. Discre\u021bie! Apeleaz\u0103 la talentul t\u0103u actoricesc \u0219i la abilit\u0103\u021bile strategice pentru a-\u021bi camufla identitatea! Jocul umbrelor are o variant\u0103 de joc \u0219i pentru echipe. Componente: 1 tabl\u0103 de joc special\u0103 cu o pies\u0103 rotativ\u0103, 32 c\u0103r\u021bi de joc, 49 jetoane, 4 pioni, 1 zar, regulament de joc. Recomandat copiilor mai mari de 9 ani, pentru 2-4 juc\u0103tori.<\/p>\n","protected":false},"excerpt":{"rendered":"<p>Jocul umbrelor, un joc plin de suspiciune pentru juc\u0103tori \u00eenzestra\u021bi cu min\u021bi agere. E\u0219ti capabil s\u0103 surprinzi ceea ce scap\u0103<\/p>\n","protected":false},"featured_media":31450,"template":"","meta":[],"product_brand":[],"product_cat":[1860,1858],"product_tag":[],"class_list":{"0":"post-43545","1":"product","2":"type-product","3":"status-publish","4":"has-post-thumbnail","6":"product_cat-csaladi-jatekok","7":"product_cat-tarsasjatekok","8":"pa_brand-d_toys-hu","9":"pa_country_of_manufacture-ro-hu","10":"pa_filter_age-14-hu","11":"pa_filter_age-9_14-hu","12":"pa_tip_ambalaj-doboz","14":"first","15":"instock","16":"taxable","17":"shipping-taxable","18":"product-type-simple"},"yoast_head":"<!-- This site is optimized with the Yoast SEO plugin v20.1 - https:\/\/yoast.com\/wordpress\/plugins\/seo\/ -->\n<title>Joc de perspicacitate - Jocul Umbrelor - Roovi B2B<\/title>\n<meta name=\"robots\" content=\"index, follow, max-snippet:-1, max-image-preview:large, max-video-preview:-1\" \/>\n<link rel=\"canonical\" href=\"https:\/\/business.roovi.com\/hu\/jocul-umbrelor\/p\/\" \/>\n<meta property=\"og:locale\" content=\"hu_HU\" \/>\n<meta property=\"og:type\" content=\"article\" \/>\n<meta property=\"og:title\" content=\"Joc de perspicacitate - Jocul Umbrelor - Roovi B2B\" \/>\n<meta property=\"og:description\" content=\"Jocul umbrelor, un joc plin de suspiciune pentru juc\u0103tori \u00eenzestra\u021bi cu min\u021bi agere. E\u0219ti capabil s\u0103 surprinzi ceea ce scap\u0103\" \/>\n<meta property=\"og:url\" content=\"https:\/\/business.roovi.com\/hu\/jocul-umbrelor\/p\/\" \/>\n<meta property=\"og:site_name\" content=\"Roovi B2B\" \/>\n<meta property=\"article:publisher\" content=\"https:\/\/www.facebook.com\/wwwjucariero\" \/>\n<meta property=\"og:image\" content=\"https:\/\/business.roovi.com\/wp-content\/uploads\/2018\/04\/73723_elo_jocul_umbrelor_1.jpg\" \/>\n\t<meta property=\"og:image:width\" content=\"1200\" \/>\n\t<meta property=\"og:image:height\" content=\"1200\" \/>\n\t<meta property=\"og:image:type\" content=\"image\/jpeg\" \/>\n<meta name=\"twitter:label1\" content=\"Becs\u00fclt olvas\u00e1si id\u0151\" \/>\n\t<meta name=\"twitter:data1\" content=\"1 perc\" \/>\n<script type=\"application\/ld+json\" class=\"yoast-schema-graph\">{\"@context\":\"https:\/\/schema.org\",\"@graph\":[{\"@type\":\"WebPage\",\"@id\":\"https:\/\/business.roovi.com\/hu\/jocul-umbrelor\/p\/\",\"url\":\"https:\/\/business.roovi.com\/hu\/jocul-umbrelor\/p\/\",\"name\":\"Joc de perspicacitate - Jocul Umbrelor - Roovi B2B\",\"isPartOf\":{\"@id\":\"https:\/\/business.roovi.com\/hu\/#website\"},\"datePublished\":\"2018-04-16T10:56:08+00:00\",\"dateModified\":\"2018-04-16T10:56:08+00:00\",\"breadcrumb\":{\"@id\":\"https:\/\/business.roovi.com\/hu\/jocul-umbrelor\/p\/#breadcrumb\"},\"inLanguage\":\"hu\",\"potentialAction\":[{\"@type\":\"ReadAction\",\"target\":[\"https:\/\/business.roovi.com\/hu\/jocul-umbrelor\/p\/\"]}]},{\"@type\":\"BreadcrumbList\",\"@id\":\"https:\/\/business.roovi.com\/hu\/jocul-umbrelor\/p\/#breadcrumb\",\"itemListElement\":[{\"@type\":\"ListItem\",\"position\":1,\"name\":\"Home\",\"item\":\"https:\/\/business.roovi.com\/hu\/\"},{\"@type\":\"ListItem\",\"position\":2,\"name\":\"Shop\",\"item\":\"https:\/\/business.roovi.com\/hu\/shop\/\"},{\"@type\":\"ListItem\",\"position\":3,\"name\":\"Joc de perspicacitate &#8211; Jocul Umbrelor\"}]},{\"@type\":\"WebSite\",\"@id\":\"https:\/\/business.roovi.com\/hu\/#website\",\"url\":\"https:\/\/business.roovi.com\/hu\/\",\"name\":\"Roovi B2B\",\"description\":\"Roovi Business Website\",\"potentialAction\":[{\"@type\":\"SearchAction\",\"target\":{\"@type\":\"EntryPoint\",\"urlTemplate\":\"https:\/\/business.roovi.com\/hu\/?s={search_term_string}\"},\"query-input\":\"required name=search_term_string\"}],\"inLanguage\":\"hu\"}]}<\/script>\n<!-- \/ Yoast SEO plugin. -->","yoast_head_json":{"title":"Joc de perspicacitate - Jocul Umbrelor - Roovi B2B","robots":{"index":"index","follow":"follow","max-snippet":"max-snippet:-1","max-image-preview":"max-image-preview:large","max-video-preview":"max-video-preview:-1"},"canonical":"https:\/\/business.roovi.com\/hu\/jocul-umbrelor\/p\/","og_locale":"hu_HU","og_type":"article","og_title":"Joc de perspicacitate - Jocul Umbrelor - Roovi B2B","og_description":"Jocul umbrelor, un joc plin de suspiciune pentru juc\u0103tori \u00eenzestra\u021bi cu min\u021bi agere. E\u0219ti capabil s\u0103 surprinzi ceea ce scap\u0103","og_url":"https:\/\/business.roovi.com\/hu\/jocul-umbrelor\/p\/","og_site_name":"Roovi B2B","article_publisher":"https:\/\/www.facebook.com\/wwwjucariero","og_image":[{"width":1200,"height":1200,"url":"https:\/\/business.roovi.com\/wp-content\/uploads\/2018\/04\/73723_elo_jocul_umbrelor_1.jpg","type":"image\/jpeg"}],"twitter_misc":{"Becs\u00fclt olvas\u00e1si id\u0151":"1 perc"},"schema":{"@context":"https:\/\/schema.org","@graph":[{"@type":"WebPage","@id":"https:\/\/business.roovi.com\/hu\/jocul-umbrelor\/p\/","url":"https:\/\/business.roovi.com\/hu\/jocul-umbrelor\/p\/","name":"Joc de perspicacitate - Jocul Umbrelor - Roovi B2B","isPartOf":{"@id":"https:\/\/business.roovi.com\/hu\/#website"},"datePublished":"2018-04-16T10:56:08+00:00","dateModified":"2018-04-16T10:56:08+00:00","breadcrumb":{"@id":"https:\/\/business.roovi.com\/hu\/jocul-umbrelor\/p\/#breadcrumb"},"inLanguage":"hu","potentialAction":[{"@type":"ReadAction","target":["https:\/\/business.roovi.com\/hu\/jocul-umbrelor\/p\/"]}]},{"@type":"BreadcrumbList","@id":"https:\/\/business.roovi.com\/hu\/jocul-umbrelor\/p\/#breadcrumb","itemListElement":[{"@type":"ListItem","position":1,"name":"Home","item":"https:\/\/business.roovi.com\/hu\/"},{"@type":"ListItem","position":2,"name":"Shop","item":"https:\/\/business.roovi.com\/hu\/shop\/"},{"@type":"ListItem","position":3,"name":"Joc de perspicacitate &#8211; Jocul Umbrelor"}]},{"@type":"WebSite","@id":"https:\/\/business.roovi.com\/hu\/#website","url":"https:\/\/business.roovi.com\/hu\/","name":"Roovi B2B","description":"Roovi Business Website","potentialAction":[{"@type":"SearchAction","target":{"@type":"EntryPoint","urlTemplate":"https:\/\/business.roovi.com\/hu\/?s={search_term_string}"},"query-input":"required name=search_term_string"}],"inLanguage":"hu"}]}},"_links":{"self":[{"href":"https:\/\/business.roovi.com\/hu\/wp-json\/wp\/v2\/product\/43545","targetHints":{"allow":["GET"]}}],"collection":[{"href":"https:\/\/business.roovi.com\/hu\/wp-json\/wp\/v2\/product"}],"about":[{"href":"https:\/\/business.roovi.com\/hu\/wp-json\/wp\/v2\/types\/product"}],"version-history":[{"count":0,"href":"https:\/\/business.roovi.com\/hu\/wp-json\/wp\/v2\/product\/43545\/revisions"}],"wp:featuredmedia":[{"embeddable":true,"href":"https:\/\/business.roovi.com\/hu\/wp-json\/wp\/v2\/media\/31450"}],"wp:attachment":[{"href":"https:\/\/business.roovi.com\/hu\/wp-json\/wp\/v2\/media?parent=43545"}],"wp:term":[{"taxonomy":"product_brand","embeddable":true,"href":"https:\/\/business.roovi.com\/hu\/wp-json\/wp\/v2\/product_brand?post=43545"},{"taxonomy":"product_cat","embeddable":true,"href":"https:\/\/business.roovi.com\/hu\/wp-json\/wp\/v2\/product_cat?post=43545"},{"taxonomy":"product_tag","embeddable":true,"href":"https:\/\/business.roovi.com\/hu\/wp-json\/wp\/v2\/product_tag?post=43545"}],"curies":[{"name":"wp","href":"https:\/\/api.w.org\/{rel}","templated":true}]}}