{"id":43729,"date":"2018-04-16T10:56:07","date_gmt":"2018-04-16T10:56:07","guid":{"rendered":"https:\/\/business.roovi.com\/joc-brosquito\/p\/"},"modified":"2018-04-16T10:56:07","modified_gmt":"2018-04-16T10:56:07","slug":"joc-brosquito","status":"publish","type":"product","link":"https:\/\/business.roovi.com\/hu\/joc-brosquito\/p\/","title":{"rendered":"Brosquito &#8211; Joc de societate \u0219i \u00eendem\u00e2nare"},"content":{"rendered":"<p>Broscu\u021bele colorate sunt pline de energie! \u0218i-au \u00eenc\u0103lzit mu\u0219chii iar acum sunt gata de concurs! Oare cine poate s\u0103ri cel mai departe \u00een jocul Brosquito? Uime\u0219te pe celelalte broscu\u021be cu agilitatea ta \u0219i flexibilitatea \u201cmu\u0219chilor tale\u201d! A\u0219eaz\u0103 broscu\u021ba ta pe tabla de joc \u0219i apas-o pe spate astfel \u00eenc\u00e2t s\u0103 sar\u0103 peste gard, \u00een lacul fermecat! Pe locuri, fi\u021bi gata, saaaalt! Jocul Brosquito include: 1 tabl\u0103 de joc cu accesorii, 10 broscu\u021be s\u0103lt\u0103re\u021be, 6 pioni, 1 zar, regulament de joc. Joc de \u00eendem\u00e2nare dinamic, super amuzant cu broscu\u021be vioi pentru 2-6 juc\u0103tori. Recomandat copiilor cu v\u00e2rsta peste 3 ani.<\/p>\n","protected":false},"excerpt":{"rendered":"<p>Broscu\u021bele colorate sunt pline de energie! \u0218i-au \u00eenc\u0103lzit mu\u0219chii iar acum sunt gata de concurs! Oare cine poate s\u0103ri cel<\/p>\n","protected":false},"featured_media":72364,"template":"","meta":[],"product_brand":[],"product_cat":[1858,1993],"product_tag":[],"class_list":{"0":"post-43729","1":"product","2":"type-product","3":"status-publish","4":"has-post-thumbnail","6":"product_cat-tarsasjatekok","7":"product_cat-ugyessegi-jatekok","8":"pa_brand-d_toys-hu","9":"pa_country_of_manufacture-ro-hu","10":"pa_filter_age-3_5-hu","11":"pa_filter_age-5_7-hu","12":"pa_filter_age-7_9-hu","13":"pa_tip_ambalaj-doboz","15":"first","16":"instock","17":"taxable","18":"shipping-taxable","19":"product-type-simple"},"yoast_head":"<!-- This site is optimized with the Yoast SEO plugin v20.1 - https:\/\/yoast.com\/wordpress\/plugins\/seo\/ -->\n<title>Brosquito - Joc de societate \u0219i \u00eendem\u00e2nare - Roovi B2B<\/title>\n<meta name=\"robots\" content=\"index, follow, max-snippet:-1, max-image-preview:large, max-video-preview:-1\" \/>\n<link rel=\"canonical\" href=\"https:\/\/business.roovi.com\/hu\/joc-brosquito\/p\/\" \/>\n<meta property=\"og:locale\" content=\"hu_HU\" \/>\n<meta property=\"og:type\" content=\"article\" \/>\n<meta property=\"og:title\" content=\"Brosquito - Joc de societate \u0219i \u00eendem\u00e2nare - Roovi B2B\" \/>\n<meta property=\"og:description\" content=\"Broscu\u021bele colorate sunt pline de energie! \u0218i-au \u00eenc\u0103lzit mu\u0219chii iar acum sunt gata de concurs! Oare cine poate s\u0103ri cel\" \/>\n<meta property=\"og:url\" content=\"https:\/\/business.roovi.com\/hu\/joc-brosquito\/p\/\" \/>\n<meta property=\"og:site_name\" content=\"Roovi B2B\" \/>\n<meta property=\"article:publisher\" content=\"https:\/\/www.facebook.com\/wwwjucariero\" \/>\n<meta property=\"og:image\" content=\"https:\/\/business.roovi.com\/wp-content\/uploads\/2018\/04\/68903_elo_1.jpg\" \/>\n\t<meta property=\"og:image:width\" content=\"1200\" \/>\n\t<meta property=\"og:image:height\" content=\"1200\" \/>\n\t<meta property=\"og:image:type\" content=\"image\/jpeg\" \/>\n<meta name=\"twitter:label1\" content=\"Becs\u00fclt olvas\u00e1si id\u0151\" \/>\n\t<meta name=\"twitter:data1\" content=\"1 perc\" \/>\n<script type=\"application\/ld+json\" class=\"yoast-schema-graph\">{\"@context\":\"https:\/\/schema.org\",\"@graph\":[{\"@type\":\"WebPage\",\"@id\":\"https:\/\/business.roovi.com\/hu\/joc-brosquito\/p\/\",\"url\":\"https:\/\/business.roovi.com\/hu\/joc-brosquito\/p\/\",\"name\":\"Brosquito - Joc de societate \u0219i \u00eendem\u00e2nare - Roovi B2B\",\"isPartOf\":{\"@id\":\"https:\/\/business.roovi.com\/hu\/#website\"},\"datePublished\":\"2018-04-16T10:56:07+00:00\",\"dateModified\":\"2018-04-16T10:56:07+00:00\",\"breadcrumb\":{\"@id\":\"https:\/\/business.roovi.com\/hu\/joc-brosquito\/p\/#breadcrumb\"},\"inLanguage\":\"hu\",\"potentialAction\":[{\"@type\":\"ReadAction\",\"target\":[\"https:\/\/business.roovi.com\/hu\/joc-brosquito\/p\/\"]}]},{\"@type\":\"BreadcrumbList\",\"@id\":\"https:\/\/business.roovi.com\/hu\/joc-brosquito\/p\/#breadcrumb\",\"itemListElement\":[{\"@type\":\"ListItem\",\"position\":1,\"name\":\"Home\",\"item\":\"https:\/\/business.roovi.com\/hu\/\"},{\"@type\":\"ListItem\",\"position\":2,\"name\":\"Shop\",\"item\":\"https:\/\/business.roovi.com\/hu\/shop\/\"},{\"@type\":\"ListItem\",\"position\":3,\"name\":\"Brosquito &#8211; Joc de societate \u0219i \u00eendem\u00e2nare\"}]},{\"@type\":\"WebSite\",\"@id\":\"https:\/\/business.roovi.com\/hu\/#website\",\"url\":\"https:\/\/business.roovi.com\/hu\/\",\"name\":\"Roovi B2B\",\"description\":\"Roovi Business Website\",\"potentialAction\":[{\"@type\":\"SearchAction\",\"target\":{\"@type\":\"EntryPoint\",\"urlTemplate\":\"https:\/\/business.roovi.com\/hu\/?s={search_term_string}\"},\"query-input\":\"required name=search_term_string\"}],\"inLanguage\":\"hu\"}]}<\/script>\n<!-- \/ Yoast SEO plugin. -->","yoast_head_json":{"title":"Brosquito - Joc de societate \u0219i \u00eendem\u00e2nare - Roovi B2B","robots":{"index":"index","follow":"follow","max-snippet":"max-snippet:-1","max-image-preview":"max-image-preview:large","max-video-preview":"max-video-preview:-1"},"canonical":"https:\/\/business.roovi.com\/hu\/joc-brosquito\/p\/","og_locale":"hu_HU","og_type":"article","og_title":"Brosquito - Joc de societate \u0219i \u00eendem\u00e2nare - Roovi B2B","og_description":"Broscu\u021bele colorate sunt pline de energie! \u0218i-au \u00eenc\u0103lzit mu\u0219chii iar acum sunt gata de concurs! Oare cine poate s\u0103ri cel","og_url":"https:\/\/business.roovi.com\/hu\/joc-brosquito\/p\/","og_site_name":"Roovi B2B","article_publisher":"https:\/\/www.facebook.com\/wwwjucariero","og_image":[{"width":1200,"height":1200,"url":"https:\/\/business.roovi.com\/wp-content\/uploads\/2018\/04\/68903_elo_1.jpg","type":"image\/jpeg"}],"twitter_misc":{"Becs\u00fclt olvas\u00e1si id\u0151":"1 perc"},"schema":{"@context":"https:\/\/schema.org","@graph":[{"@type":"WebPage","@id":"https:\/\/business.roovi.com\/hu\/joc-brosquito\/p\/","url":"https:\/\/business.roovi.com\/hu\/joc-brosquito\/p\/","name":"Brosquito - Joc de societate \u0219i \u00eendem\u00e2nare - Roovi B2B","isPartOf":{"@id":"https:\/\/business.roovi.com\/hu\/#website"},"datePublished":"2018-04-16T10:56:07+00:00","dateModified":"2018-04-16T10:56:07+00:00","breadcrumb":{"@id":"https:\/\/business.roovi.com\/hu\/joc-brosquito\/p\/#breadcrumb"},"inLanguage":"hu","potentialAction":[{"@type":"ReadAction","target":["https:\/\/business.roovi.com\/hu\/joc-brosquito\/p\/"]}]},{"@type":"BreadcrumbList","@id":"https:\/\/business.roovi.com\/hu\/joc-brosquito\/p\/#breadcrumb","itemListElement":[{"@type":"ListItem","position":1,"name":"Home","item":"https:\/\/business.roovi.com\/hu\/"},{"@type":"ListItem","position":2,"name":"Shop","item":"https:\/\/business.roovi.com\/hu\/shop\/"},{"@type":"ListItem","position":3,"name":"Brosquito &#8211; Joc de societate \u0219i \u00eendem\u00e2nare"}]},{"@type":"WebSite","@id":"https:\/\/business.roovi.com\/hu\/#website","url":"https:\/\/business.roovi.com\/hu\/","name":"Roovi B2B","description":"Roovi Business Website","potentialAction":[{"@type":"SearchAction","target":{"@type":"EntryPoint","urlTemplate":"https:\/\/business.roovi.com\/hu\/?s={search_term_string}"},"query-input":"required name=search_term_string"}],"inLanguage":"hu"}]}},"_links":{"self":[{"href":"https:\/\/business.roovi.com\/hu\/wp-json\/wp\/v2\/product\/43729","targetHints":{"allow":["GET"]}}],"collection":[{"href":"https:\/\/business.roovi.com\/hu\/wp-json\/wp\/v2\/product"}],"about":[{"href":"https:\/\/business.roovi.com\/hu\/wp-json\/wp\/v2\/types\/product"}],"version-history":[{"count":0,"href":"https:\/\/business.roovi.com\/hu\/wp-json\/wp\/v2\/product\/43729\/revisions"}],"wp:featuredmedia":[{"embeddable":true,"href":"https:\/\/business.roovi.com\/hu\/wp-json\/wp\/v2\/media\/72364"}],"wp:attachment":[{"href":"https:\/\/business.roovi.com\/hu\/wp-json\/wp\/v2\/media?parent=43729"}],"wp:term":[{"taxonomy":"product_brand","embeddable":true,"href":"https:\/\/business.roovi.com\/hu\/wp-json\/wp\/v2\/product_brand?post=43729"},{"taxonomy":"product_cat","embeddable":true,"href":"https:\/\/business.roovi.com\/hu\/wp-json\/wp\/v2\/product_cat?post=43729"},{"taxonomy":"product_tag","embeddable":true,"href":"https:\/\/business.roovi.com\/hu\/wp-json\/wp\/v2\/product_tag?post=43729"}],"curies":[{"name":"wp","href":"https:\/\/api.w.org\/{rel}","templated":true}]}}