{"id":43926,"date":"2021-03-09T09:14:25","date_gmt":"2021-03-09T09:14:25","guid":{"rendered":"https:\/\/business.roovi.com\/puzzle-adulti-carl-bloch-in-a-roman-osteriaintr-o-osterie-romana-1000-piese\/p\/"},"modified":"2023-02-24T12:10:35","modified_gmt":"2023-02-24T12:10:35","slug":"puzzle-adulti-carl-bloch-in-a-roman-osteriaintr-o-osterie-romana-1000-piese","status":"publish","type":"product","link":"https:\/\/business.roovi.com\/hu\/puzzle-adulti-carl-bloch-in-a-roman-osteriaintr-o-osterie-romana-1000-piese\/p\/","title":{"rendered":"Carl Bloch Puzzle &#8211; Feln\u0151tt puzzle 1000 darab &#8211; Egy r\u00f3mai \u00e9ttermi \u00e9tteremben"},"content":{"rendered":"<p>1000 darabos kirak\u00f3s j\u00e1t\u00e9kunkban a renesz\u00e1nszt\u00f3l napjainkig minden id\u0151k h\u00edres festm\u00e9nyeinek k\u00e9peit v\u00e1logattuk \u00f6ssze. Tegyen egy virtu\u00e1lis s\u00e9t\u00e1t m\u0171v\u00e9szeti gal\u00e9ri\u00e1nkban, \u00e9s v\u00e1lasszon 1000 puzzle-t, hogy fel\u00e9p\u00edtse saj\u00e1t m\u0171v\u00e9szeti gy\u0171jtem\u00e9ny\u00e9t.<\/p>\n<p>Fedezze fel a leny\u0171g\u00f6z\u0151 d\u00e1n festm\u00e9nyt az 1000 darabos Carl Bloch &#8211; In a Roman Osteria \/ Egy r\u00f3mai \u00e9ttermi \u00e9tteremben c\u00edm\u0171 kirak\u00f3s j\u00e1t\u00e9kon kereszt\u00fcl, amely t\u00f6k\u00e9letes r\u00e9szletess\u00e9ggel adja vissza a n\u00e9vad\u00f3 m\u0171vet.<\/p>\n<p>K\u00e9t n\u0151 f\u00e9l\u00e9nken n\u00e9z ki a festm\u00e9nyb\u0151l, t\u00e1rsuk h\u00e1tat ford\u00edt nekik, \u00e9s \u00e9les pillant\u00e1st vet r\u00e1juk. Ez maga a fest\u0151, a m\u0171 szerz\u0151je. H\u00e1tul, egy m\u00e1sik asztaln\u00e1l h\u00e1rom m\u00e1sik \u00far besz\u00e9lget. Egyik\u00fck az a f\u00e9rfi, aki a festm\u00e9nyt megrendelte. Egy r\u00f3mai kocsm\u00e1ban egy tipikus Bloch-jelenetet \u00e1br\u00e1zol, amelyen a m\u0171v\u00e9sz megmutatja b\u00e1mulatos k\u00e9pess\u00e9g\u00e9t a t\u00e1rgyak, emberek \u00e9s egy\u00e9b r\u00e9szletek leny\u0171g\u00f6z\u0151 realizmussal val\u00f3 \u00e1br\u00e1zol\u00e1s\u00e1ra.<\/p>\n<p>K\u00e9sz\u00edtse el saj\u00e1t, kiv\u00e9teles d\u00edszt\u00e1rgy\u00e1t ebb\u0151l a csod\u00e1latos, 1000 darabos Carl Bloch &#8211; Egy r\u00f3mai Osteri\u00e1ban c\u00edm\u0171 kirak\u00f3sb\u00f3l. A festm\u00e9nyed 50 x 70 cm-es lesz, \u00e9s egy k\u00f6z\u00f6ns\u00e9ges doh\u00e1nyz\u00f3asztal seg\u00edts\u00e9g\u00e9vel \u00fajraalkothatod.<\/p>\n<p>A m\u0171v\u00e9szi puzzle tov\u00e1bbi jellemz\u0151i:<\/p>\n<p><strong>Puzzle anyag:<\/strong><\/p>\n<p><strong>k\u00e9k karton: kiv\u00e1l\u00f3 min\u0151s\u00e9g\u0171 k\u00e9k karton<\/strong><\/p>\n<p><strong>fenntarthat\u00f3, \u00fajrahasznos\u00edthat\u00f3 anyagok<\/strong><\/p>\n<p><strong>f\u00e9lf\u00e9nyes kivitel, \u00e9l\u00e9nk sz\u00ednek<\/strong><\/p>\n<p><strong>A kirak\u00f3s darabok sz\u00e1ma: 1000<\/strong><\/p>\n<p><strong>Aj\u00e1nlott \u00e9letkor: 14+<\/strong><\/p>\n<h3>Laz\u00edtsd el az elm\u00e9d \u00e9s a tested az 1000 darabos kirak\u00f3sok \u00f6sszerak\u00e1s\u00e1val minden nap!<\/h3>\n<p>Amikor az 1000 puzzle t\u00f6bb sz\u00e1z darabja el\u0151tt koncentr\u00e1lsz, az elm\u00e9d elvonatkoztat a mindennapi gondokt\u00f3l. Az elm\u00e9ddel egy\u00fctt a tested is ellazul, egyens\u00falyt teremtve a bels\u0151 \u00e9s a fizikai \u00e1llapotod k\u00f6z\u00f6tt. Ez az \u00e1ltal\u00e1nos j\u00f3 k\u00f6z\u00e9rzet optimist\u00e1bb\u00e1 tesz, \u00e9s arra k\u00e9sztet, hogy nagyobb t\u00e1vols\u00e1gtart\u00e1ssal tekints a mindennapi probl\u00e9m\u00e1kra.<\/p>\n<h3>1000 darabos puzzle &#8211; egy j\u00f3 szem\u00e9lyes agytr\u00e9ner<\/h3>\n<p>Nemcsak a testet kell edzeni a j\u00f3 m\u0171k\u00f6d\u00e9shez, hanem az agyat is. A kirak\u00f3s j\u00e1t\u00e9kok egyar\u00e1nt ig\u00e9nybe veszik a bal agyf\u00e9ltek\u00e9t, amely a logik\u00e1\u00e9rt \u00e9s az analitikus gondolkod\u00e1s\u00e9rt felel\u0151s, \u00e9s a jobb agyf\u00e9ltek\u00e9t, amely a kreativit\u00e1s\u00e9rt \u00e9s minden fant\u00e1ziad\u00fas dolog\u00e9rt felel\u0151s. \u00cdgy az 1000 darabos puzzle igazi edz\u0151v\u00e9 v\u00e1lik, amely munk\u00e1ra k\u00e9szteti az agyat, \u00e9s eg\u00e9szs\u00e9gesen tartja azt.<\/p>\n<h3>Ki volt Carl Bloch?<\/h3>\n<ul>\n<li>Egy d\u00e1n fest\u0151, aki a 19. sz\u00e1zadban \u00e9lt.<\/li>\n<li>Korai m\u0171vei a vid\u00e9ki d\u00e1n \u00e9let jeleneteit \u00e1br\u00e1zolj\u00e1k, de ahogy m\u0171v\u00e9szk\u00e9nt fejl\u0151d\u00f6tt, t\u00e9m\u00e1i egyre v\u00e1ltozatosabb\u00e1 \u00e9s \u00f6sszetettebb\u00e9 v\u00e1ltak.<\/li>\n<li>Rembrandt csod\u00e1l\u00f3ja volt, \u00e9s a m\u0171vei ir\u00e1nti szenved\u00e9lye nagy hat\u00e1ssal volt m\u0171v\u00e9szi fejl\u0151d\u00e9s\u00e9re.<\/li>\n<li>Sz\u00fclei a haditenger\u00e9szeti p\u00e1lya fel\u00e9 akart\u00e1k terelni, de a m\u0171v\u00e9szet ir\u00e1nti szenved\u00e9lye gy\u0151z\u00f6tt.<\/li>\n<li>Megb\u00edzt\u00e1k, hogy k\u00e9sz\u00edtsen 23 festm\u00e9nyt a Frederiksborg-palota k\u00e1poln\u00e1ja sz\u00e1m\u00e1ra. Az eredetiek ma is a palot\u00e1ban vannak.<\/li>\n<li>Egyes kritikusok Carl Blochot a Krisztus \u00e9let\u00e9t \u00e9s hal\u00e1l\u00e1t valaha \u00e1br\u00e1zol\u00f3 legnagyobb m\u0171v\u00e9sznek tartj\u00e1k.<\/li>\n<\/ul>\n<h3>3 egy\u00e9b el\u0151nye a kirak\u00f3s j\u00e1t\u00e9koknak<\/h3>\n<p>A puzzle-j\u00e1t\u00e9kok elk\u00e9peszt\u0151en sz\u00f3rakoztat\u00f3ak, k\u00fcl\u00f6n\u00f6sen, ha a gyerekekkel vagy a bar\u00e1taiddal egy\u00fctt \u00fajraalkotod a k\u00e9peket.<\/p>\n<p>Seg\u00edtenek elszakadni a k\u00e9perny\u0151kt\u0151l \u00e9s pozit\u00edv energi\u00e1val felt\u00f6lt\u0151dni.<\/p>\n<p>Egy igazi detekt\u00edv b\u0151r\u00e9be b\u00fajhatsz, aki a t\u00f6bb sz\u00e1z 1000 puzzle-darab k\u00f6z\u00f6tt nyomokat keres, \u00e9s egy bonyolult \u00fcgy megold\u00e1s\u00e1t tal\u00e1lja meg a kirak\u00f3s j\u00e1t\u00e9kban.<\/p>\n<p>Most, hogy m\u00e1r ismered a kirak\u00f3s j\u00e1t\u00e9kok csod\u00e1latos el\u0151nyeit, ne gondolkozz k\u00e9tszer! V\u00e1s\u00e1rolja meg a Carl Bloch &#8211; In a Roman Osteria puzzle-t \u00e9s l\u00e1sson munk\u00e1hoz. Nagyszer\u0171 \u00e9lm\u00e9nyben \u00e9s egy kiv\u00e9teles m\u0171v\u00e9szi festm\u00e9nyben lesz r\u00e9sze!<\/p>\n<p>Ha aj\u00e1nd\u00e9k\u00f6tleteket keres, az 1000 darabos In a Roman Osteria puzzle t\u00f6k\u00e9letes megold\u00e1st k\u00edn\u00e1l. Rendelje meg most!<\/p>\n","protected":false},"excerpt":{"rendered":"<p><span style=\"font-weight: 400;\">Colec\u021bia de puzzle-uri de art\u0103 \u00ee\u021bi duce pasiunea pentru jocuri puzzle \u00eentr-o lume plin\u0103 de fantezie \u0219i culoare. <\/span><\/p>\n","protected":false},"featured_media":64207,"template":"","meta":[],"product_brand":[],"product_cat":[1920,1919,1881],"product_tag":[],"class_list":{"0":"post-43926","1":"product","2":"type-product","3":"status-publish","4":"has-post-thumbnail","6":"product_cat-1000-darabos-kirakos-jatek","7":"product_cat-felnott-kirakos-jatekok","8":"product_cat-kirakos-jatekok","9":"pa_bax-10-hu","10":"pa_brand-d_toys-hu","11":"pa_country_of_manufacture-ro-hu","12":"pa_filter_age-14-hu","13":"pa_painter-johnwilliamwaterhouse-hu","14":"pa_tip_ambalaj-doboz","15":"pa_tip_puzzle-klasszikus","17":"first","18":"instock","19":"taxable","20":"shipping-taxable","21":"product-type-simple"},"yoast_head":"<!-- This site is optimized with the Yoast SEO plugin v20.1 - https:\/\/yoast.com\/wordpress\/plugins\/seo\/ -->\n<title>Carl Bloch Puzzle - Feln\u0151tt puzzle 1000 darab - Egy r\u00f3mai \u00e9ttermi \u00e9tteremben - Roovi B2B<\/title>\n<meta name=\"robots\" content=\"index, follow, max-snippet:-1, max-image-preview:large, max-video-preview:-1\" \/>\n<link rel=\"canonical\" href=\"https:\/\/business.roovi.com\/hu\/puzzle-adulti-carl-bloch-in-a-roman-osteriaintr-o-osterie-romana-1000-piese\/p\/\" \/>\n<meta property=\"og:locale\" content=\"hu_HU\" \/>\n<meta property=\"og:type\" content=\"article\" \/>\n<meta property=\"og:title\" content=\"Carl Bloch Puzzle - Feln\u0151tt puzzle 1000 darab - Egy r\u00f3mai \u00e9ttermi \u00e9tteremben - Roovi B2B\" \/>\n<meta property=\"og:description\" content=\"Colec\u021bia de puzzle-uri de art\u0103 \u00ee\u021bi duce pasiunea pentru jocuri puzzle \u00eentr-o lume plin\u0103 de fantezie \u0219i culoare.\" \/>\n<meta property=\"og:url\" content=\"https:\/\/business.roovi.com\/hu\/puzzle-adulti-carl-bloch-in-a-roman-osteriaintr-o-osterie-romana-1000-piese\/p\/\" \/>\n<meta property=\"og:site_name\" content=\"Roovi B2B\" \/>\n<meta property=\"article:publisher\" content=\"https:\/\/www.facebook.com\/wwwjucariero\" \/>\n<meta property=\"article:modified_time\" content=\"2023-02-24T12:10:35+00:00\" \/>\n<meta property=\"og:image\" content=\"https:\/\/business.roovi.com\/wp-content\/uploads\/2021\/03\/77363-BL-01-WEB.jpg\" \/>\n\t<meta property=\"og:image:width\" content=\"1200\" \/>\n\t<meta property=\"og:image:height\" content=\"1200\" \/>\n\t<meta property=\"og:image:type\" content=\"image\/jpeg\" \/>\n<meta name=\"twitter:label1\" content=\"Becs\u00fclt olvas\u00e1si id\u0151\" \/>\n\t<meta name=\"twitter:data1\" content=\"3 perc\" \/>\n<script type=\"application\/ld+json\" class=\"yoast-schema-graph\">{\"@context\":\"https:\/\/schema.org\",\"@graph\":[{\"@type\":\"WebPage\",\"@id\":\"https:\/\/business.roovi.com\/hu\/puzzle-adulti-carl-bloch-in-a-roman-osteriaintr-o-osterie-romana-1000-piese\/p\/\",\"url\":\"https:\/\/business.roovi.com\/hu\/puzzle-adulti-carl-bloch-in-a-roman-osteriaintr-o-osterie-romana-1000-piese\/p\/\",\"name\":\"Carl Bloch Puzzle - Feln\u0151tt puzzle 1000 darab - Egy r\u00f3mai \u00e9ttermi \u00e9tteremben - Roovi B2B\",\"isPartOf\":{\"@id\":\"https:\/\/business.roovi.com\/hu\/#website\"},\"datePublished\":\"2021-03-09T09:14:25+00:00\",\"dateModified\":\"2023-02-24T12:10:35+00:00\",\"breadcrumb\":{\"@id\":\"https:\/\/business.roovi.com\/hu\/puzzle-adulti-carl-bloch-in-a-roman-osteriaintr-o-osterie-romana-1000-piese\/p\/#breadcrumb\"},\"inLanguage\":\"hu\",\"potentialAction\":[{\"@type\":\"ReadAction\",\"target\":[\"https:\/\/business.roovi.com\/hu\/puzzle-adulti-carl-bloch-in-a-roman-osteriaintr-o-osterie-romana-1000-piese\/p\/\"]}]},{\"@type\":\"BreadcrumbList\",\"@id\":\"https:\/\/business.roovi.com\/hu\/puzzle-adulti-carl-bloch-in-a-roman-osteriaintr-o-osterie-romana-1000-piese\/p\/#breadcrumb\",\"itemListElement\":[{\"@type\":\"ListItem\",\"position\":1,\"name\":\"Home\",\"item\":\"https:\/\/business.roovi.com\/hu\/\"},{\"@type\":\"ListItem\",\"position\":2,\"name\":\"Shop\",\"item\":\"https:\/\/business.roovi.com\/hu\/shop\/\"},{\"@type\":\"ListItem\",\"position\":3,\"name\":\"Carl Bloch Puzzle &#8211; Feln\u0151tt puzzle 1000 darab &#8211; Egy r\u00f3mai \u00e9ttermi \u00e9tteremben\"}]},{\"@type\":\"WebSite\",\"@id\":\"https:\/\/business.roovi.com\/hu\/#website\",\"url\":\"https:\/\/business.roovi.com\/hu\/\",\"name\":\"Roovi B2B\",\"description\":\"Roovi Business Website\",\"potentialAction\":[{\"@type\":\"SearchAction\",\"target\":{\"@type\":\"EntryPoint\",\"urlTemplate\":\"https:\/\/business.roovi.com\/hu\/?s={search_term_string}\"},\"query-input\":\"required name=search_term_string\"}],\"inLanguage\":\"hu\"}]}<\/script>\n<!-- \/ Yoast SEO plugin. -->","yoast_head_json":{"title":"Carl Bloch Puzzle - Feln\u0151tt puzzle 1000 darab - Egy r\u00f3mai \u00e9ttermi \u00e9tteremben - Roovi B2B","robots":{"index":"index","follow":"follow","max-snippet":"max-snippet:-1","max-image-preview":"max-image-preview:large","max-video-preview":"max-video-preview:-1"},"canonical":"https:\/\/business.roovi.com\/hu\/puzzle-adulti-carl-bloch-in-a-roman-osteriaintr-o-osterie-romana-1000-piese\/p\/","og_locale":"hu_HU","og_type":"article","og_title":"Carl Bloch Puzzle - Feln\u0151tt puzzle 1000 darab - Egy r\u00f3mai \u00e9ttermi \u00e9tteremben - Roovi B2B","og_description":"Colec\u021bia de puzzle-uri de art\u0103 \u00ee\u021bi duce pasiunea pentru jocuri puzzle \u00eentr-o lume plin\u0103 de fantezie \u0219i culoare.","og_url":"https:\/\/business.roovi.com\/hu\/puzzle-adulti-carl-bloch-in-a-roman-osteriaintr-o-osterie-romana-1000-piese\/p\/","og_site_name":"Roovi B2B","article_publisher":"https:\/\/www.facebook.com\/wwwjucariero","article_modified_time":"2023-02-24T12:10:35+00:00","og_image":[{"width":1200,"height":1200,"url":"https:\/\/business.roovi.com\/wp-content\/uploads\/2021\/03\/77363-BL-01-WEB.jpg","type":"image\/jpeg"}],"twitter_misc":{"Becs\u00fclt olvas\u00e1si id\u0151":"3 perc"},"schema":{"@context":"https:\/\/schema.org","@graph":[{"@type":"WebPage","@id":"https:\/\/business.roovi.com\/hu\/puzzle-adulti-carl-bloch-in-a-roman-osteriaintr-o-osterie-romana-1000-piese\/p\/","url":"https:\/\/business.roovi.com\/hu\/puzzle-adulti-carl-bloch-in-a-roman-osteriaintr-o-osterie-romana-1000-piese\/p\/","name":"Carl Bloch Puzzle - Feln\u0151tt puzzle 1000 darab - Egy r\u00f3mai \u00e9ttermi \u00e9tteremben - Roovi B2B","isPartOf":{"@id":"https:\/\/business.roovi.com\/hu\/#website"},"datePublished":"2021-03-09T09:14:25+00:00","dateModified":"2023-02-24T12:10:35+00:00","breadcrumb":{"@id":"https:\/\/business.roovi.com\/hu\/puzzle-adulti-carl-bloch-in-a-roman-osteriaintr-o-osterie-romana-1000-piese\/p\/#breadcrumb"},"inLanguage":"hu","potentialAction":[{"@type":"ReadAction","target":["https:\/\/business.roovi.com\/hu\/puzzle-adulti-carl-bloch-in-a-roman-osteriaintr-o-osterie-romana-1000-piese\/p\/"]}]},{"@type":"BreadcrumbList","@id":"https:\/\/business.roovi.com\/hu\/puzzle-adulti-carl-bloch-in-a-roman-osteriaintr-o-osterie-romana-1000-piese\/p\/#breadcrumb","itemListElement":[{"@type":"ListItem","position":1,"name":"Home","item":"https:\/\/business.roovi.com\/hu\/"},{"@type":"ListItem","position":2,"name":"Shop","item":"https:\/\/business.roovi.com\/hu\/shop\/"},{"@type":"ListItem","position":3,"name":"Carl Bloch Puzzle &#8211; Feln\u0151tt puzzle 1000 darab &#8211; Egy r\u00f3mai \u00e9ttermi \u00e9tteremben"}]},{"@type":"WebSite","@id":"https:\/\/business.roovi.com\/hu\/#website","url":"https:\/\/business.roovi.com\/hu\/","name":"Roovi B2B","description":"Roovi Business Website","potentialAction":[{"@type":"SearchAction","target":{"@type":"EntryPoint","urlTemplate":"https:\/\/business.roovi.com\/hu\/?s={search_term_string}"},"query-input":"required name=search_term_string"}],"inLanguage":"hu"}]}},"_links":{"self":[{"href":"https:\/\/business.roovi.com\/hu\/wp-json\/wp\/v2\/product\/43926","targetHints":{"allow":["GET"]}}],"collection":[{"href":"https:\/\/business.roovi.com\/hu\/wp-json\/wp\/v2\/product"}],"about":[{"href":"https:\/\/business.roovi.com\/hu\/wp-json\/wp\/v2\/types\/product"}],"version-history":[{"count":0,"href":"https:\/\/business.roovi.com\/hu\/wp-json\/wp\/v2\/product\/43926\/revisions"}],"wp:featuredmedia":[{"embeddable":true,"href":"https:\/\/business.roovi.com\/hu\/wp-json\/wp\/v2\/media\/64207"}],"wp:attachment":[{"href":"https:\/\/business.roovi.com\/hu\/wp-json\/wp\/v2\/media?parent=43926"}],"wp:term":[{"taxonomy":"product_brand","embeddable":true,"href":"https:\/\/business.roovi.com\/hu\/wp-json\/wp\/v2\/product_brand?post=43926"},{"taxonomy":"product_cat","embeddable":true,"href":"https:\/\/business.roovi.com\/hu\/wp-json\/wp\/v2\/product_cat?post=43926"},{"taxonomy":"product_tag","embeddable":true,"href":"https:\/\/business.roovi.com\/hu\/wp-json\/wp\/v2\/product_tag?post=43926"}],"curies":[{"name":"wp","href":"https:\/\/api.w.org\/{rel}","templated":true}]}}