{"id":43933,"date":"2021-03-09T08:47:44","date_gmt":"2021-03-09T08:47:44","guid":{"rendered":"https:\/\/business.roovi.com\/puzzle-adulti-peder-mork-monsted-an-old-woman-watering-the-flowers-behind-the-thached-farmhouse-1000-piese\/p\/"},"modified":"2021-03-09T08:47:44","modified_gmt":"2021-03-09T08:47:44","slug":"puzzle-adulti-peder-mork-monsted-an-old-woman-watering-the-flowers-behind-the-thached-farmhouse-1000-piese","status":"publish","type":"product","link":"https:\/\/business.roovi.com\/hu\/puzzle-adulti-peder-mork-monsted-an-old-woman-watering-the-flowers-behind-the-thached-farmhouse-1000-piese\/p\/","title":{"rendered":"Puzzle adulti Peder M\u00f8rk M\u00f8nsted &#8211; An Old Woman Watering the Flowers Behind the Thached Farmhouse &#8211; 1000 Piese"},"content":{"rendered":"<p><span style=\"font-weight: 400\">Vrei s\u0103-\u021bi \u00eembog\u0103\u021be\u0219ti lumea interioar\u0103 printr-o activitate relaxant\u0103? Asambleaz\u0103 puzzle-uri de 1000 piese din colec\u021bia puzzle-uri de art\u0103 \u0219i descoper\u0103 o lume nou\u0103, plin\u0103 de culoare \u0219i rafinament. La final, vei fi r\u0103spl\u0103tit cu tablouri de excep\u021bie, uimitoare obiecte decorative care \u00ee\u021bi vor \u00eenfrumuse\u021ba locuin\u021ba.<\/span><\/p>\n<p><span style=\"font-weight: 400\"><strong>Puzzle 1000 piese Peder M\u00f8rk M\u00f8nsted &#8211; An Old Woman Watering the Flowers Behind the Thatched Farmhouse<\/strong> red\u0103 imaginea tabloului omonim al renumitului pictor danez. C\u00e2nd refaci imaginea ai senza\u021bia c\u0103 o prive\u0219ti pe bunica de la \u021bar\u0103 ud\u00e2nd florile \u00een gr\u0103dina din spatele casei. Vei sim\u021bi lini\u0219te, nostalgie \u0219i un sentiment de u\u0219oar\u0103 melancolie. Las\u0103-te a\u0219adar purtat \u00eenapoi \u00een timp \u0219i experimenteaz\u0103 lini\u0219tea \u0219i armonia culorilor. Puzzle 1000 piese Peder M\u00f8rk M\u00f8nsted &#8211; An Old Woman Watering the Flowers Behind the Thatched Farmhouse este un puzzle de art\u0103 confec\u021bionat din materiale de calitate premium care \u00eei confer\u0103 rezisten\u021b\u0103 \u0219i durabilitate \u00een timp. Astfel, po\u021bi reface puzzle-ul de 1000 piese de c\u00e2te ori dore\u0219ti, iar calitatea tabloului va fi de fiecare dat\u0103 impecabil\u0103.<\/span><\/p>\n<p><span style=\"font-weight: 400\">Alte detalii despre puzzle de art\u0103 Peder M\u00f8rk M\u00f8nsted &#8211; An Old Woman Watering the Flowers Behind the Thatched Farmhouse\/B\u0103tr\u00e2n\u0103 ud\u00e2nd florile \u00een spatele fermei cu acoperi\u0219 de paie :<\/span><\/p>\n<p><strong>Dimensiuni tablou reconstituit: 50 x 70 cm. Pentru asamblare, po\u021bi folosi o m\u0103su\u021b\u0103 obi\u0219nuit\u0103 de cafea.<\/strong><\/p>\n<p><strong>Material puzzle:\u00a0<\/strong><\/p>\n<p><strong>carton albastru de o calitate superioar\u0103<\/strong><\/p>\n<p><strong>materiale sustenabile, reciclabile<\/strong><\/p>\n<p><strong>finisaj semi-lucios, culori vii<\/strong><\/p>\n<p><strong>Num\u0103rul pieselor de puzzle: 1000<\/strong><\/p>\n<p><strong>V\u00e2rsta recomandat\u0103: 14+<\/strong><\/p>\n<p><strong>Asamblarea jocurilor puzzle aduce multiple beneficii<\/strong><\/p>\n<p><span style=\"font-weight: 400\">Rezolvarea puzzle-urilor pentru adul\u021bi are un num\u0103r mare de beneficii pentru s\u0103n\u0103tate. Poate fi doar un hobby care te destreseaz\u0103 \u0219i te deconeteaz\u0103 de la rutina zilnic\u0103. Poate fi acea activitate care te ajut\u0103 s\u0103-\u021bi \u00eembun\u0103t\u0103\u021be\u0219ti memoria, aten\u021bia, concentrarea sau perseveren\u021ba. Sau te poate ajuta s\u0103 \u00ee\u021bi men\u021bii g\u00e2ndirea s\u0103n\u0103toas\u0103 \u0219i starea de spirit optimist\u0103 \u0219i fericit\u0103. Sau te po\u021bo bucura de toate acestea \u0219i multe altele la un loc! Accept\u0103 provocarea de a asambla puzzle 1000 piese zilnic \u0219i vei avea parte de experien\u021be uimitoare!<\/span><\/p>\n<p><strong>5 afirma\u021bii despre Peder M\u00f8rk M\u00f8nsted <\/strong><\/p>\n<p><span style=\"font-weight: 400\">Este cel mai de seam\u0103 peisagist danez.<\/span><\/p>\n<p><span style=\"font-weight: 400\">\u00cen operele lui, artistul eviden\u021biaz\u0103 aspectul monumental al peisajelor.<\/span><\/p>\n<p><span style=\"font-weight: 400\">A fost pasionat \u00een special de peisaje de iarn\u0103 cu mult\u0103 z\u0103pad\u0103, ape lini\u0219tite \u0219i p\u0103duri.<\/span><\/p>\n<p><span style=\"font-weight: 400\">Aproape un an de zile (1893) a realizat picturi \u00eenf\u0103\u021bi\u0219\u00e2nd ora\u0219ul Atena \u0219i alte peisaje din Grecia.<\/span><\/p>\n<p><span style=\"font-weight: 400\">\u00cen c\u0103l\u0103toriile sale prin Europa \u0219i Africa de Nord a surprins \u00een tablouri peisaje uimitoare \u0219i a realizat mai multe portrete \u0219i picturi figurative.<\/span><\/p>\n<p><span style=\"font-weight: 400\">E\u0219ti \u00een c\u0103utarea unei activit\u0103\u021bi clasice care s\u0103 te \u021bin\u0103 departe de ecranul telefonului sau al televizorului?\u00a0 Puzzle-urile adul\u021bi sunt ideale pentru tine, iar puzzle-urile de art\u0103 sunt un must have al acestor vremuri agitate. C\u00e2nd stai relaxat \u00een fa\u021ba a sute de piese de puzzle 1000 te deconectezi de la toate g\u00e2ndurile \u0219i grijile care \u00ee\u021bi trec prin minte. E\u0219ti doar tu \u0219i opera de art\u0103. E at\u00e2t de mult\u0103 lini\u0219te \u0219i culoare \u0219i tr\u0103ie\u0219ti un sentiment at\u00e2t de frumos \u00eenc\u00e2t nici nu-\u021bi dai seama c\u00e2nd trec orele.<\/span><\/p>\n<p><span style=\"font-weight: 400\"><strong>Puzzle-ul de art\u0103 Peder M\u00f8rk M\u00f8nsted &#8211; An Old Woman Watering the Flowers Behind the Thatched Farmhouse<\/strong> poate fi al t\u0103u cu doar c\u00e2teva click-uri! Comand\u0103-l acum \u0219i \u00eentrege\u0219te-\u021bi colec\u021bia de opere de art\u0103 din puzzle 1000 piese.<\/span><\/p>\n<p><span style=\"font-weight: 400\">Ini\u021biaz\u0103-\u021bi un prieten \u00een lumea minunat\u0103 a operelor de art\u0103 oferindu-i \u00een dar acest uimitor puzzle de art\u0103!<\/span><\/p><\/p>\n","protected":false},"excerpt":{"rendered":"<p>Vrei s\u0103-\u021bi \u00eembog\u0103\u021be\u0219ti lumea interioar\u0103 printr-o activitate relaxant\u0103? Asambleaz\u0103 puzzle-uri de 1000 piese din colec\u021bia puzzle-uri de art\u0103 \u0219i descoper\u0103<\/p>\n","protected":false},"featured_media":64238,"template":"","meta":[],"product_brand":[],"product_cat":[1881,1919,1920],"product_tag":[],"class_list":{"0":"post-43933","1":"product","2":"type-product","3":"status-publish","4":"has-post-thumbnail","6":"product_cat-kirakos-jatekok","7":"product_cat-felnott-kirakos-jatekok","8":"product_cat-1000-darabos-kirakos-jatek","9":"pa_brand-d_toys-hu","10":"pa_country_of_manufacture-ro-hu","11":"pa_filter_age-14-hu","12":"pa_painter-gustavklimt-hu","13":"pa_tip_ambalaj-doboz","14":"pa_tip_puzzle-klasszikus","16":"first","17":"instock","18":"taxable","19":"shipping-taxable","20":"product-type-simple"},"yoast_head":"<!-- This site is optimized with the Yoast SEO plugin v20.1 - https:\/\/yoast.com\/wordpress\/plugins\/seo\/ -->\n<title>Puzzle adulti Peder M\u00f8rk M\u00f8nsted - An Old Woman Watering the Flowers Behind the Thached Farmhouse - 1000 Piese - Roovi B2B<\/title>\n<meta name=\"robots\" content=\"index, follow, max-snippet:-1, max-image-preview:large, max-video-preview:-1\" \/>\n<link rel=\"canonical\" href=\"https:\/\/business.roovi.com\/hu\/puzzle-adulti-peder-mork-monsted-an-old-woman-watering-the-flowers-behind-the-thached-farmhouse-1000-piese\/p\/\" \/>\n<meta property=\"og:locale\" content=\"hu_HU\" \/>\n<meta property=\"og:type\" content=\"article\" \/>\n<meta property=\"og:title\" content=\"Puzzle adulti Peder M\u00f8rk M\u00f8nsted - An Old Woman Watering the Flowers Behind the Thached Farmhouse - 1000 Piese - Roovi B2B\" \/>\n<meta property=\"og:description\" content=\"Vrei s\u0103-\u021bi \u00eembog\u0103\u021be\u0219ti lumea interioar\u0103 printr-o activitate relaxant\u0103? Asambleaz\u0103 puzzle-uri de 1000 piese din colec\u021bia puzzle-uri de art\u0103 \u0219i descoper\u0103\" \/>\n<meta property=\"og:url\" content=\"https:\/\/business.roovi.com\/hu\/puzzle-adulti-peder-mork-monsted-an-old-woman-watering-the-flowers-behind-the-thached-farmhouse-1000-piese\/p\/\" \/>\n<meta property=\"og:site_name\" content=\"Roovi B2B\" \/>\n<meta property=\"article:publisher\" content=\"https:\/\/www.facebook.com\/wwwjucariero\" \/>\n<meta property=\"og:image\" content=\"https:\/\/business.roovi.com\/wp-content\/uploads\/2021\/03\/77417-04_ansamblu_dimensiuni_cutie_cm-800x800.png\" \/>\n\t<meta property=\"og:image:width\" content=\"800\" \/>\n\t<meta property=\"og:image:height\" content=\"800\" \/>\n\t<meta property=\"og:image:type\" content=\"image\/png\" \/>\n<meta name=\"twitter:label1\" content=\"Becs\u00fclt olvas\u00e1si id\u0151\" \/>\n\t<meta name=\"twitter:data1\" content=\"3 perc\" \/>\n<script type=\"application\/ld+json\" class=\"yoast-schema-graph\">{\"@context\":\"https:\/\/schema.org\",\"@graph\":[{\"@type\":\"WebPage\",\"@id\":\"https:\/\/business.roovi.com\/hu\/puzzle-adulti-peder-mork-monsted-an-old-woman-watering-the-flowers-behind-the-thached-farmhouse-1000-piese\/p\/\",\"url\":\"https:\/\/business.roovi.com\/hu\/puzzle-adulti-peder-mork-monsted-an-old-woman-watering-the-flowers-behind-the-thached-farmhouse-1000-piese\/p\/\",\"name\":\"Puzzle adulti Peder M\u00f8rk M\u00f8nsted - An Old Woman Watering the Flowers Behind the Thached Farmhouse - 1000 Piese - Roovi B2B\",\"isPartOf\":{\"@id\":\"https:\/\/business.roovi.com\/hu\/#website\"},\"datePublished\":\"2021-03-09T08:47:44+00:00\",\"dateModified\":\"2021-03-09T08:47:44+00:00\",\"breadcrumb\":{\"@id\":\"https:\/\/business.roovi.com\/hu\/puzzle-adulti-peder-mork-monsted-an-old-woman-watering-the-flowers-behind-the-thached-farmhouse-1000-piese\/p\/#breadcrumb\"},\"inLanguage\":\"hu\",\"potentialAction\":[{\"@type\":\"ReadAction\",\"target\":[\"https:\/\/business.roovi.com\/hu\/puzzle-adulti-peder-mork-monsted-an-old-woman-watering-the-flowers-behind-the-thached-farmhouse-1000-piese\/p\/\"]}]},{\"@type\":\"BreadcrumbList\",\"@id\":\"https:\/\/business.roovi.com\/hu\/puzzle-adulti-peder-mork-monsted-an-old-woman-watering-the-flowers-behind-the-thached-farmhouse-1000-piese\/p\/#breadcrumb\",\"itemListElement\":[{\"@type\":\"ListItem\",\"position\":1,\"name\":\"Home\",\"item\":\"https:\/\/business.roovi.com\/hu\/\"},{\"@type\":\"ListItem\",\"position\":2,\"name\":\"Shop\",\"item\":\"https:\/\/business.roovi.com\/hu\/shop\/\"},{\"@type\":\"ListItem\",\"position\":3,\"name\":\"Puzzle adulti Peder M\u00f8rk M\u00f8nsted &#8211; An Old Woman Watering the Flowers Behind the Thached Farmhouse &#8211; 1000 Piese\"}]},{\"@type\":\"WebSite\",\"@id\":\"https:\/\/business.roovi.com\/hu\/#website\",\"url\":\"https:\/\/business.roovi.com\/hu\/\",\"name\":\"Roovi B2B\",\"description\":\"Roovi Business Website\",\"potentialAction\":[{\"@type\":\"SearchAction\",\"target\":{\"@type\":\"EntryPoint\",\"urlTemplate\":\"https:\/\/business.roovi.com\/hu\/?s={search_term_string}\"},\"query-input\":\"required name=search_term_string\"}],\"inLanguage\":\"hu\"}]}<\/script>\n<!-- \/ Yoast SEO plugin. -->","yoast_head_json":{"title":"Puzzle adulti Peder M\u00f8rk M\u00f8nsted - An Old Woman Watering the Flowers Behind the Thached Farmhouse - 1000 Piese - Roovi B2B","robots":{"index":"index","follow":"follow","max-snippet":"max-snippet:-1","max-image-preview":"max-image-preview:large","max-video-preview":"max-video-preview:-1"},"canonical":"https:\/\/business.roovi.com\/hu\/puzzle-adulti-peder-mork-monsted-an-old-woman-watering-the-flowers-behind-the-thached-farmhouse-1000-piese\/p\/","og_locale":"hu_HU","og_type":"article","og_title":"Puzzle adulti Peder M\u00f8rk M\u00f8nsted - An Old Woman Watering the Flowers Behind the Thached Farmhouse - 1000 Piese - Roovi B2B","og_description":"Vrei s\u0103-\u021bi \u00eembog\u0103\u021be\u0219ti lumea interioar\u0103 printr-o activitate relaxant\u0103? Asambleaz\u0103 puzzle-uri de 1000 piese din colec\u021bia puzzle-uri de art\u0103 \u0219i descoper\u0103","og_url":"https:\/\/business.roovi.com\/hu\/puzzle-adulti-peder-mork-monsted-an-old-woman-watering-the-flowers-behind-the-thached-farmhouse-1000-piese\/p\/","og_site_name":"Roovi B2B","article_publisher":"https:\/\/www.facebook.com\/wwwjucariero","og_image":[{"width":800,"height":800,"url":"https:\/\/business.roovi.com\/wp-content\/uploads\/2021\/03\/77417-04_ansamblu_dimensiuni_cutie_cm-800x800.png","type":"image\/png"}],"twitter_misc":{"Becs\u00fclt olvas\u00e1si id\u0151":"3 perc"},"schema":{"@context":"https:\/\/schema.org","@graph":[{"@type":"WebPage","@id":"https:\/\/business.roovi.com\/hu\/puzzle-adulti-peder-mork-monsted-an-old-woman-watering-the-flowers-behind-the-thached-farmhouse-1000-piese\/p\/","url":"https:\/\/business.roovi.com\/hu\/puzzle-adulti-peder-mork-monsted-an-old-woman-watering-the-flowers-behind-the-thached-farmhouse-1000-piese\/p\/","name":"Puzzle adulti Peder M\u00f8rk M\u00f8nsted - An Old Woman Watering the Flowers Behind the Thached Farmhouse - 1000 Piese - Roovi B2B","isPartOf":{"@id":"https:\/\/business.roovi.com\/hu\/#website"},"datePublished":"2021-03-09T08:47:44+00:00","dateModified":"2021-03-09T08:47:44+00:00","breadcrumb":{"@id":"https:\/\/business.roovi.com\/hu\/puzzle-adulti-peder-mork-monsted-an-old-woman-watering-the-flowers-behind-the-thached-farmhouse-1000-piese\/p\/#breadcrumb"},"inLanguage":"hu","potentialAction":[{"@type":"ReadAction","target":["https:\/\/business.roovi.com\/hu\/puzzle-adulti-peder-mork-monsted-an-old-woman-watering-the-flowers-behind-the-thached-farmhouse-1000-piese\/p\/"]}]},{"@type":"BreadcrumbList","@id":"https:\/\/business.roovi.com\/hu\/puzzle-adulti-peder-mork-monsted-an-old-woman-watering-the-flowers-behind-the-thached-farmhouse-1000-piese\/p\/#breadcrumb","itemListElement":[{"@type":"ListItem","position":1,"name":"Home","item":"https:\/\/business.roovi.com\/hu\/"},{"@type":"ListItem","position":2,"name":"Shop","item":"https:\/\/business.roovi.com\/hu\/shop\/"},{"@type":"ListItem","position":3,"name":"Puzzle adulti Peder M\u00f8rk M\u00f8nsted &#8211; An Old Woman Watering the Flowers Behind the Thached Farmhouse &#8211; 1000 Piese"}]},{"@type":"WebSite","@id":"https:\/\/business.roovi.com\/hu\/#website","url":"https:\/\/business.roovi.com\/hu\/","name":"Roovi B2B","description":"Roovi Business Website","potentialAction":[{"@type":"SearchAction","target":{"@type":"EntryPoint","urlTemplate":"https:\/\/business.roovi.com\/hu\/?s={search_term_string}"},"query-input":"required name=search_term_string"}],"inLanguage":"hu"}]}},"_links":{"self":[{"href":"https:\/\/business.roovi.com\/hu\/wp-json\/wp\/v2\/product\/43933","targetHints":{"allow":["GET"]}}],"collection":[{"href":"https:\/\/business.roovi.com\/hu\/wp-json\/wp\/v2\/product"}],"about":[{"href":"https:\/\/business.roovi.com\/hu\/wp-json\/wp\/v2\/types\/product"}],"version-history":[{"count":0,"href":"https:\/\/business.roovi.com\/hu\/wp-json\/wp\/v2\/product\/43933\/revisions"}],"wp:featuredmedia":[{"embeddable":true,"href":"https:\/\/business.roovi.com\/hu\/wp-json\/wp\/v2\/media\/64238"}],"wp:attachment":[{"href":"https:\/\/business.roovi.com\/hu\/wp-json\/wp\/v2\/media?parent=43933"}],"wp:term":[{"taxonomy":"product_brand","embeddable":true,"href":"https:\/\/business.roovi.com\/hu\/wp-json\/wp\/v2\/product_brand?post=43933"},{"taxonomy":"product_cat","embeddable":true,"href":"https:\/\/business.roovi.com\/hu\/wp-json\/wp\/v2\/product_cat?post=43933"},{"taxonomy":"product_tag","embeddable":true,"href":"https:\/\/business.roovi.com\/hu\/wp-json\/wp\/v2\/product_tag?post=43933"}],"curies":[{"name":"wp","href":"https:\/\/api.w.org\/{rel}","templated":true}]}}