{"id":56385,"date":"2022-06-14T14:47:25","date_gmt":"2022-06-14T14:47:25","guid":{"rendered":"https:\/\/business.roovi.com\/puzzle-adulti-1000-piese-colourful-kiev\/p\/"},"modified":"2022-08-29T08:56:49","modified_gmt":"2022-08-29T08:56:49","slug":"szines-kijev-puzzle-felnott-puzzle-1000-darab","status":"publish","type":"product","link":"https:\/\/business.roovi.com\/hu\/szines-kijev-puzzle-felnott-puzzle-1000-darab\/p\/","title":{"rendered":"Sz\u00ednes Kijev puzzle &#8211; Feln\u0151tt puzzle 1000 darab"},"content":{"rendered":"<h4><em>Szeretne egy kih\u00edv\u00e1st jelent\u0151 \u00f6sszeszerel\u00e9si \u00e9lm\u00e9nyt? Az 1000 darabos puzzle &#8211; Sz\u00ednes Kijev seg\u00edts\u00e9g\u00e9vel darabr\u00f3l darabra fel\u00e9p\u00edtheted Kijev legsz\u00ednesebb ker\u00fclet\u00e9t <\/em><\/h4>\n<p>A r\u00e9gi, szer\u00e9ny \u00e9p\u00fcletek meleg sz\u00ednekkel val\u00f3 fest\u00e9s\u00e9re ir\u00e1nyul\u00f3 egyed\u00fcl\u00e1ll\u00f3 projekt 11 \u00e9vig tartott. Az alkot\u00f3 3 tervez\u0151 munk\u00e1j\u00e1t nemzetk\u00f6zileg is elismert\u00e9k, a Comfort Town projektet a 2019-es \u00c9p\u00edt\u00e9szeti Vil\u00e1gfesztiv\u00e1l gy\u0151ztes\u00e9nek v\u00e1lasztott\u00e1k.<\/p>\n<p>Az \u00f6sszetett \u00e9s dinamikus k\u00e9pi vil\u00e1g t\u00f6k\u00e9letes kreat\u00edv kih\u00edv\u00e1s lehet egy csal\u00e1di sz\u00f3rakoz\u00e1shoz a gyerekekkel. Az 1000 Piece Puzzle &#8211; Sz\u00ednes Kijev egy pihentet\u0151 \u00e9s tanuls\u00e1gos j\u00e1t\u00e9kban vesz r\u00e9szt, amely hossz\u00fa id\u0151re t\u00e1vol tart mindenkit a k\u00e9perny\u0151t\u0151l.<\/p>\n<p>Ez az egyedi tervez\u00e9s\u0171 \u00e9s innovat\u00edv kirak\u00f3s j\u00e1t\u00e9k eleg\u00e1ns dobozban van csomagolva, \u00e9s t\u00f6k\u00e9letes aj\u00e1nd\u00e9k lehet k\u00fcl\u00f6nb\u00f6z\u0151 alkalmakra, a kar\u00e1csonyi \u00fcnnepekt\u0151l a sz\u00fclet\u00e9snapokig.<\/p>\n","protected":false},"excerpt":{"rendered":"<p>Szeretne egy kih\u00edv\u00e1st jelent\u0151 \u00f6sszeszerel\u00e9si \u00e9lm\u00e9nyt? Az 1000 darabos puzzle &#8211; Sz\u00ednes Kijev seg\u00edts\u00e9g\u00e9vel darabr\u00f3l darabra fel\u00e9p\u00edtheted Kijev legsz\u00ednesebb ker\u00fclet\u00e9t<\/p>\n","protected":false},"featured_media":56165,"template":"","meta":[],"product_brand":[],"product_cat":[1920,1919,1881],"product_tag":[],"class_list":{"0":"post-56385","1":"product","2":"type-product","3":"status-publish","4":"has-post-thumbnail","6":"product_cat-1000-darabos-kirakos-jatek","7":"product_cat-felnott-kirakos-jatekok","8":"product_cat-kirakos-jatekok","9":"pa_brand-d_toys-hu","10":"pa_country_of_manufacture-ro-hu","11":"pa_filter_age-14-2-hu","12":"pa_painter-hires-helyek","13":"pa_tip_ambalaj-doboz","14":"pa_tip_puzzle-klasszikus","16":"first","17":"instock","18":"taxable","19":"shipping-taxable","20":"product-type-simple"},"yoast_head":"<!-- This site is optimized with the Yoast SEO plugin v20.1 - https:\/\/yoast.com\/wordpress\/plugins\/seo\/ -->\n<title>Sz\u00ednes Kijev puzzle - Feln\u0151tt puzzle 1000 darab<\/title>\n<meta name=\"description\" content=\"Sz\u00ednes Kijev puzzle - Feln\u0151tt puzzle 1000 darab\" \/>\n<meta name=\"robots\" content=\"index, follow, max-snippet:-1, max-image-preview:large, max-video-preview:-1\" \/>\n<link rel=\"canonical\" href=\"https:\/\/business.roovi.com\/hu\/szines-kijev-puzzle-felnott-puzzle-1000-darab\/p\/\" \/>\n<meta property=\"og:locale\" content=\"hu_HU\" \/>\n<meta property=\"og:type\" content=\"article\" \/>\n<meta property=\"og:title\" content=\"Sz\u00ednes Kijev puzzle - Feln\u0151tt puzzle 1000 darab\" \/>\n<meta property=\"og:description\" content=\"Sz\u00ednes Kijev puzzle - Feln\u0151tt puzzle 1000 darab\" \/>\n<meta property=\"og:url\" content=\"https:\/\/business.roovi.com\/hu\/szines-kijev-puzzle-felnott-puzzle-1000-darab\/p\/\" \/>\n<meta property=\"og:site_name\" content=\"Roovi B2B\" \/>\n<meta property=\"article:publisher\" content=\"https:\/\/www.facebook.com\/wwwjucariero\" \/>\n<meta property=\"article:modified_time\" content=\"2022-08-29T08:56:49+00:00\" \/>\n<meta property=\"og:image\" content=\"https:\/\/business.roovi.com\/wp-content\/uploads\/2022\/08\/01_MAIN-16.jpg\" \/>\n\t<meta property=\"og:image:width\" content=\"1200\" \/>\n\t<meta property=\"og:image:height\" content=\"1200\" \/>\n\t<meta property=\"og:image:type\" content=\"image\/jpeg\" \/>\n<meta name=\"twitter:label1\" content=\"Becs\u00fclt olvas\u00e1si id\u0151\" \/>\n\t<meta name=\"twitter:data1\" content=\"1 perc\" \/>\n<script type=\"application\/ld+json\" class=\"yoast-schema-graph\">{\"@context\":\"https:\/\/schema.org\",\"@graph\":[{\"@type\":\"WebPage\",\"@id\":\"https:\/\/business.roovi.com\/hu\/szines-kijev-puzzle-felnott-puzzle-1000-darab\/p\/\",\"url\":\"https:\/\/business.roovi.com\/hu\/szines-kijev-puzzle-felnott-puzzle-1000-darab\/p\/\",\"name\":\"Sz\u00ednes Kijev puzzle - Feln\u0151tt puzzle 1000 darab\",\"isPartOf\":{\"@id\":\"https:\/\/business.roovi.com\/hu\/#website\"},\"datePublished\":\"2022-06-14T14:47:25+00:00\",\"dateModified\":\"2022-08-29T08:56:49+00:00\",\"description\":\"Sz\u00ednes Kijev puzzle - Feln\u0151tt puzzle 1000 darab\",\"breadcrumb\":{\"@id\":\"https:\/\/business.roovi.com\/hu\/szines-kijev-puzzle-felnott-puzzle-1000-darab\/p\/#breadcrumb\"},\"inLanguage\":\"hu\",\"potentialAction\":[{\"@type\":\"ReadAction\",\"target\":[\"https:\/\/business.roovi.com\/hu\/szines-kijev-puzzle-felnott-puzzle-1000-darab\/p\/\"]}]},{\"@type\":\"BreadcrumbList\",\"@id\":\"https:\/\/business.roovi.com\/hu\/szines-kijev-puzzle-felnott-puzzle-1000-darab\/p\/#breadcrumb\",\"itemListElement\":[{\"@type\":\"ListItem\",\"position\":1,\"name\":\"Home\",\"item\":\"https:\/\/business.roovi.com\/hu\/\"},{\"@type\":\"ListItem\",\"position\":2,\"name\":\"Shop\",\"item\":\"https:\/\/business.roovi.com\/hu\/shop\/\"},{\"@type\":\"ListItem\",\"position\":3,\"name\":\"Sz\u00ednes Kijev puzzle &#8211; Feln\u0151tt puzzle 1000 darab\"}]},{\"@type\":\"WebSite\",\"@id\":\"https:\/\/business.roovi.com\/hu\/#website\",\"url\":\"https:\/\/business.roovi.com\/hu\/\",\"name\":\"Roovi B2B\",\"description\":\"Roovi Business Website\",\"potentialAction\":[{\"@type\":\"SearchAction\",\"target\":{\"@type\":\"EntryPoint\",\"urlTemplate\":\"https:\/\/business.roovi.com\/hu\/?s={search_term_string}\"},\"query-input\":\"required name=search_term_string\"}],\"inLanguage\":\"hu\"}]}<\/script>\n<!-- \/ Yoast SEO plugin. -->","yoast_head_json":{"title":"Sz\u00ednes Kijev puzzle - Feln\u0151tt puzzle 1000 darab","description":"Sz\u00ednes Kijev puzzle - Feln\u0151tt puzzle 1000 darab","robots":{"index":"index","follow":"follow","max-snippet":"max-snippet:-1","max-image-preview":"max-image-preview:large","max-video-preview":"max-video-preview:-1"},"canonical":"https:\/\/business.roovi.com\/hu\/szines-kijev-puzzle-felnott-puzzle-1000-darab\/p\/","og_locale":"hu_HU","og_type":"article","og_title":"Sz\u00ednes Kijev puzzle - Feln\u0151tt puzzle 1000 darab","og_description":"Sz\u00ednes Kijev puzzle - Feln\u0151tt puzzle 1000 darab","og_url":"https:\/\/business.roovi.com\/hu\/szines-kijev-puzzle-felnott-puzzle-1000-darab\/p\/","og_site_name":"Roovi B2B","article_publisher":"https:\/\/www.facebook.com\/wwwjucariero","article_modified_time":"2022-08-29T08:56:49+00:00","og_image":[{"width":1200,"height":1200,"url":"https:\/\/business.roovi.com\/wp-content\/uploads\/2022\/08\/01_MAIN-16.jpg","type":"image\/jpeg"}],"twitter_misc":{"Becs\u00fclt olvas\u00e1si id\u0151":"1 perc"},"schema":{"@context":"https:\/\/schema.org","@graph":[{"@type":"WebPage","@id":"https:\/\/business.roovi.com\/hu\/szines-kijev-puzzle-felnott-puzzle-1000-darab\/p\/","url":"https:\/\/business.roovi.com\/hu\/szines-kijev-puzzle-felnott-puzzle-1000-darab\/p\/","name":"Sz\u00ednes Kijev puzzle - Feln\u0151tt puzzle 1000 darab","isPartOf":{"@id":"https:\/\/business.roovi.com\/hu\/#website"},"datePublished":"2022-06-14T14:47:25+00:00","dateModified":"2022-08-29T08:56:49+00:00","description":"Sz\u00ednes Kijev puzzle - Feln\u0151tt puzzle 1000 darab","breadcrumb":{"@id":"https:\/\/business.roovi.com\/hu\/szines-kijev-puzzle-felnott-puzzle-1000-darab\/p\/#breadcrumb"},"inLanguage":"hu","potentialAction":[{"@type":"ReadAction","target":["https:\/\/business.roovi.com\/hu\/szines-kijev-puzzle-felnott-puzzle-1000-darab\/p\/"]}]},{"@type":"BreadcrumbList","@id":"https:\/\/business.roovi.com\/hu\/szines-kijev-puzzle-felnott-puzzle-1000-darab\/p\/#breadcrumb","itemListElement":[{"@type":"ListItem","position":1,"name":"Home","item":"https:\/\/business.roovi.com\/hu\/"},{"@type":"ListItem","position":2,"name":"Shop","item":"https:\/\/business.roovi.com\/hu\/shop\/"},{"@type":"ListItem","position":3,"name":"Sz\u00ednes Kijev puzzle &#8211; Feln\u0151tt puzzle 1000 darab"}]},{"@type":"WebSite","@id":"https:\/\/business.roovi.com\/hu\/#website","url":"https:\/\/business.roovi.com\/hu\/","name":"Roovi B2B","description":"Roovi Business Website","potentialAction":[{"@type":"SearchAction","target":{"@type":"EntryPoint","urlTemplate":"https:\/\/business.roovi.com\/hu\/?s={search_term_string}"},"query-input":"required name=search_term_string"}],"inLanguage":"hu"}]}},"_links":{"self":[{"href":"https:\/\/business.roovi.com\/hu\/wp-json\/wp\/v2\/product\/56385","targetHints":{"allow":["GET"]}}],"collection":[{"href":"https:\/\/business.roovi.com\/hu\/wp-json\/wp\/v2\/product"}],"about":[{"href":"https:\/\/business.roovi.com\/hu\/wp-json\/wp\/v2\/types\/product"}],"version-history":[{"count":0,"href":"https:\/\/business.roovi.com\/hu\/wp-json\/wp\/v2\/product\/56385\/revisions"}],"wp:featuredmedia":[{"embeddable":true,"href":"https:\/\/business.roovi.com\/hu\/wp-json\/wp\/v2\/media\/56165"}],"wp:attachment":[{"href":"https:\/\/business.roovi.com\/hu\/wp-json\/wp\/v2\/media?parent=56385"}],"wp:term":[{"taxonomy":"product_brand","embeddable":true,"href":"https:\/\/business.roovi.com\/hu\/wp-json\/wp\/v2\/product_brand?post=56385"},{"taxonomy":"product_cat","embeddable":true,"href":"https:\/\/business.roovi.com\/hu\/wp-json\/wp\/v2\/product_cat?post=56385"},{"taxonomy":"product_tag","embeddable":true,"href":"https:\/\/business.roovi.com\/hu\/wp-json\/wp\/v2\/product_tag?post=56385"}],"curies":[{"name":"wp","href":"https:\/\/api.w.org\/{rel}","templated":true}]}}