{"id":56409,"date":"2022-06-14T14:44:06","date_gmt":"2022-06-14T14:44:06","guid":{"rendered":"https:\/\/business.roovi.com\/puzzle-adulti-1000-piese-brazil\/p\/"},"modified":"2022-08-29T08:56:40","modified_gmt":"2022-08-29T08:56:40","slug":"rio-de-janeiro-puzzle-felnott-puzzle-1000-darab","status":"publish","type":"product","link":"https:\/\/business.roovi.com\/hu\/rio-de-janeiro-puzzle-felnott-puzzle-1000-darab\/p\/","title":{"rendered":"Rio de Janeiro Puzzle &#8211; Feln\u0151tt puzzle 1000 darab"},"content":{"rendered":"<h4><em>1000 darabos feln\u0151tt puzzle &#8211; <\/em><em>Rio de Janeiro <\/em><em>csod\u00e1lja meg k\u00f6zelr\u0151l a h\u00edres brazil karnev\u00e1l egzotikus t\u00e1ncosn\u0151j\u00e9t <\/em><\/h4>\n<p>Az 1000 darabos feln\u0151tt puzzle &#8211; Rio de Janeiro meg\u00f6r\u00f6k\u00edti a tiszta \u00f6r\u00f6m\u00f6t \u00e9s a n\u0151i jelmez leny\u0171g\u00f6z\u0151 r\u00e9szleteit, ahogyan a karnev\u00e1l var\u00e1zs\u00e1t \u00e9li. Boldogs\u00e1ga rag\u00e1lyos, \u00e1ll\u00edtsd \u00f6ssze a k\u00e9pet \u00e9s meg fogsz gy\u0151z\u0151dni r\u00f3la!<\/p>\n<p>A v\u00e9gleges festm\u00e9ny m\u00e9rete 68 x 47 cm, ami egy leny\u0171g\u00f6z\u0151 dekor\u00e1ci\u00f3hoz elegend\u0151. De ha szereted a kreat\u00edv kih\u00edv\u00e1sokat, b\u00e1rmikor sz\u00e9tszedheted a darabokat, \u00e9s \u00fajra\u00e9p\u00edtheted a k\u00e9pet.<\/p>\n<p>A ROOVI rejtv\u00e9nyek gy\u00e1rt\u00e1s\u00e1hoz a legmagasabb min\u0151s\u00e9g\u0171 anyagokat haszn\u00e1ljuk, \u00edgy az \u00f6sszeszerel\u00e9s \u00e9lm\u00e9nye minden alkalommal nagyszer\u0171. A k\u00e9pet \u00fajra \u00e9s \u00fajra l\u00e9trehozhatja, az \u00fajra l\u00e9trehozott k\u00e9p mindig hib\u00e1tlan.<\/p>\n","protected":false},"excerpt":{"rendered":"<p>1000 darabos feln\u0151tt puzzle &#8211; Rio de Janeiro csod\u00e1lja meg k\u00f6zelr\u0151l a h\u00edres brazil karnev\u00e1l egzotikus t\u00e1ncosn\u0151j\u00e9t Az 1000 darabos<\/p>\n","protected":false},"featured_media":56276,"template":"","meta":[],"product_brand":[],"product_cat":[1920,1919,1881],"product_tag":[],"class_list":{"0":"post-56409","1":"product","2":"type-product","3":"status-publish","4":"has-post-thumbnail","6":"product_cat-1000-darabos-kirakos-jatek","7":"product_cat-felnott-kirakos-jatekok","8":"product_cat-kirakos-jatekok","9":"pa_brand-d_toys-hu","10":"pa_country_of_manufacture-ro-hu","11":"pa_filter_age-14-2-hu","12":"pa_painter-hires-helyek","13":"pa_tip_ambalaj-doboz","14":"pa_tip_puzzle-klasszikus","16":"first","17":"instock","18":"taxable","19":"shipping-taxable","20":"product-type-simple"},"yoast_head":"<!-- This site is optimized with the Yoast SEO plugin v20.1 - https:\/\/yoast.com\/wordpress\/plugins\/seo\/ -->\n<title>Rio de Janeiro Puzzle - Feln\u0151tt puzzle 1000 darab<\/title>\n<meta name=\"description\" content=\"Rio de Janeiro Puzzle - Feln\u0151tt puzzle 1000 darab\" \/>\n<meta name=\"robots\" content=\"index, follow, max-snippet:-1, max-image-preview:large, max-video-preview:-1\" \/>\n<link rel=\"canonical\" href=\"https:\/\/business.roovi.com\/hu\/rio-de-janeiro-puzzle-felnott-puzzle-1000-darab\/p\/\" \/>\n<meta property=\"og:locale\" content=\"hu_HU\" \/>\n<meta property=\"og:type\" content=\"article\" \/>\n<meta property=\"og:title\" content=\"Rio de Janeiro Puzzle - Feln\u0151tt puzzle 1000 darab\" \/>\n<meta property=\"og:description\" content=\"Rio de Janeiro Puzzle - Feln\u0151tt puzzle 1000 darab\" \/>\n<meta property=\"og:url\" content=\"https:\/\/business.roovi.com\/hu\/rio-de-janeiro-puzzle-felnott-puzzle-1000-darab\/p\/\" \/>\n<meta property=\"og:site_name\" content=\"Roovi B2B\" \/>\n<meta property=\"article:publisher\" content=\"https:\/\/www.facebook.com\/wwwjucariero\" \/>\n<meta property=\"article:modified_time\" content=\"2022-08-29T08:56:40+00:00\" \/>\n<meta property=\"og:image\" content=\"https:\/\/business.roovi.com\/wp-content\/uploads\/2022\/08\/01_MAIN-20.jpg\" \/>\n\t<meta property=\"og:image:width\" content=\"1200\" \/>\n\t<meta property=\"og:image:height\" content=\"1200\" \/>\n\t<meta property=\"og:image:type\" content=\"image\/jpeg\" \/>\n<meta name=\"twitter:label1\" content=\"Becs\u00fclt olvas\u00e1si id\u0151\" \/>\n\t<meta name=\"twitter:data1\" content=\"1 perc\" \/>\n<script type=\"application\/ld+json\" class=\"yoast-schema-graph\">{\"@context\":\"https:\/\/schema.org\",\"@graph\":[{\"@type\":\"WebPage\",\"@id\":\"https:\/\/business.roovi.com\/hu\/rio-de-janeiro-puzzle-felnott-puzzle-1000-darab\/p\/\",\"url\":\"https:\/\/business.roovi.com\/hu\/rio-de-janeiro-puzzle-felnott-puzzle-1000-darab\/p\/\",\"name\":\"Rio de Janeiro Puzzle - Feln\u0151tt puzzle 1000 darab\",\"isPartOf\":{\"@id\":\"https:\/\/business.roovi.com\/hu\/#website\"},\"datePublished\":\"2022-06-14T14:44:06+00:00\",\"dateModified\":\"2022-08-29T08:56:40+00:00\",\"description\":\"Rio de Janeiro Puzzle - Feln\u0151tt puzzle 1000 darab\",\"breadcrumb\":{\"@id\":\"https:\/\/business.roovi.com\/hu\/rio-de-janeiro-puzzle-felnott-puzzle-1000-darab\/p\/#breadcrumb\"},\"inLanguage\":\"hu\",\"potentialAction\":[{\"@type\":\"ReadAction\",\"target\":[\"https:\/\/business.roovi.com\/hu\/rio-de-janeiro-puzzle-felnott-puzzle-1000-darab\/p\/\"]}]},{\"@type\":\"BreadcrumbList\",\"@id\":\"https:\/\/business.roovi.com\/hu\/rio-de-janeiro-puzzle-felnott-puzzle-1000-darab\/p\/#breadcrumb\",\"itemListElement\":[{\"@type\":\"ListItem\",\"position\":1,\"name\":\"Home\",\"item\":\"https:\/\/business.roovi.com\/hu\/\"},{\"@type\":\"ListItem\",\"position\":2,\"name\":\"Shop\",\"item\":\"https:\/\/business.roovi.com\/hu\/shop\/\"},{\"@type\":\"ListItem\",\"position\":3,\"name\":\"Rio de Janeiro Puzzle &#8211; Feln\u0151tt puzzle 1000 darab\"}]},{\"@type\":\"WebSite\",\"@id\":\"https:\/\/business.roovi.com\/hu\/#website\",\"url\":\"https:\/\/business.roovi.com\/hu\/\",\"name\":\"Roovi B2B\",\"description\":\"Roovi Business Website\",\"potentialAction\":[{\"@type\":\"SearchAction\",\"target\":{\"@type\":\"EntryPoint\",\"urlTemplate\":\"https:\/\/business.roovi.com\/hu\/?s={search_term_string}\"},\"query-input\":\"required name=search_term_string\"}],\"inLanguage\":\"hu\"}]}<\/script>\n<!-- \/ Yoast SEO plugin. -->","yoast_head_json":{"title":"Rio de Janeiro Puzzle - Feln\u0151tt puzzle 1000 darab","description":"Rio de Janeiro Puzzle - Feln\u0151tt puzzle 1000 darab","robots":{"index":"index","follow":"follow","max-snippet":"max-snippet:-1","max-image-preview":"max-image-preview:large","max-video-preview":"max-video-preview:-1"},"canonical":"https:\/\/business.roovi.com\/hu\/rio-de-janeiro-puzzle-felnott-puzzle-1000-darab\/p\/","og_locale":"hu_HU","og_type":"article","og_title":"Rio de Janeiro Puzzle - Feln\u0151tt puzzle 1000 darab","og_description":"Rio de Janeiro Puzzle - Feln\u0151tt puzzle 1000 darab","og_url":"https:\/\/business.roovi.com\/hu\/rio-de-janeiro-puzzle-felnott-puzzle-1000-darab\/p\/","og_site_name":"Roovi B2B","article_publisher":"https:\/\/www.facebook.com\/wwwjucariero","article_modified_time":"2022-08-29T08:56:40+00:00","og_image":[{"width":1200,"height":1200,"url":"https:\/\/business.roovi.com\/wp-content\/uploads\/2022\/08\/01_MAIN-20.jpg","type":"image\/jpeg"}],"twitter_misc":{"Becs\u00fclt olvas\u00e1si id\u0151":"1 perc"},"schema":{"@context":"https:\/\/schema.org","@graph":[{"@type":"WebPage","@id":"https:\/\/business.roovi.com\/hu\/rio-de-janeiro-puzzle-felnott-puzzle-1000-darab\/p\/","url":"https:\/\/business.roovi.com\/hu\/rio-de-janeiro-puzzle-felnott-puzzle-1000-darab\/p\/","name":"Rio de Janeiro Puzzle - Feln\u0151tt puzzle 1000 darab","isPartOf":{"@id":"https:\/\/business.roovi.com\/hu\/#website"},"datePublished":"2022-06-14T14:44:06+00:00","dateModified":"2022-08-29T08:56:40+00:00","description":"Rio de Janeiro Puzzle - Feln\u0151tt puzzle 1000 darab","breadcrumb":{"@id":"https:\/\/business.roovi.com\/hu\/rio-de-janeiro-puzzle-felnott-puzzle-1000-darab\/p\/#breadcrumb"},"inLanguage":"hu","potentialAction":[{"@type":"ReadAction","target":["https:\/\/business.roovi.com\/hu\/rio-de-janeiro-puzzle-felnott-puzzle-1000-darab\/p\/"]}]},{"@type":"BreadcrumbList","@id":"https:\/\/business.roovi.com\/hu\/rio-de-janeiro-puzzle-felnott-puzzle-1000-darab\/p\/#breadcrumb","itemListElement":[{"@type":"ListItem","position":1,"name":"Home","item":"https:\/\/business.roovi.com\/hu\/"},{"@type":"ListItem","position":2,"name":"Shop","item":"https:\/\/business.roovi.com\/hu\/shop\/"},{"@type":"ListItem","position":3,"name":"Rio de Janeiro Puzzle &#8211; Feln\u0151tt puzzle 1000 darab"}]},{"@type":"WebSite","@id":"https:\/\/business.roovi.com\/hu\/#website","url":"https:\/\/business.roovi.com\/hu\/","name":"Roovi B2B","description":"Roovi Business Website","potentialAction":[{"@type":"SearchAction","target":{"@type":"EntryPoint","urlTemplate":"https:\/\/business.roovi.com\/hu\/?s={search_term_string}"},"query-input":"required name=search_term_string"}],"inLanguage":"hu"}]}},"_links":{"self":[{"href":"https:\/\/business.roovi.com\/hu\/wp-json\/wp\/v2\/product\/56409","targetHints":{"allow":["GET"]}}],"collection":[{"href":"https:\/\/business.roovi.com\/hu\/wp-json\/wp\/v2\/product"}],"about":[{"href":"https:\/\/business.roovi.com\/hu\/wp-json\/wp\/v2\/types\/product"}],"version-history":[{"count":0,"href":"https:\/\/business.roovi.com\/hu\/wp-json\/wp\/v2\/product\/56409\/revisions"}],"wp:featuredmedia":[{"embeddable":true,"href":"https:\/\/business.roovi.com\/hu\/wp-json\/wp\/v2\/media\/56276"}],"wp:attachment":[{"href":"https:\/\/business.roovi.com\/hu\/wp-json\/wp\/v2\/media?parent=56409"}],"wp:term":[{"taxonomy":"product_brand","embeddable":true,"href":"https:\/\/business.roovi.com\/hu\/wp-json\/wp\/v2\/product_brand?post=56409"},{"taxonomy":"product_cat","embeddable":true,"href":"https:\/\/business.roovi.com\/hu\/wp-json\/wp\/v2\/product_cat?post=56409"},{"taxonomy":"product_tag","embeddable":true,"href":"https:\/\/business.roovi.com\/hu\/wp-json\/wp\/v2\/product_tag?post=56409"}],"curies":[{"name":"wp","href":"https:\/\/api.w.org\/{rel}","templated":true}]}}