{"id":56417,"date":"2022-06-14T14:42:46","date_gmt":"2022-06-14T14:42:46","guid":{"rendered":"https:\/\/business.roovi.com\/puzzle-adulti-1000-piese-cappadocia\/p\/"},"modified":"2022-08-29T08:56:37","modified_gmt":"2022-08-29T08:56:37","slug":"cappadocia-puzzle-felnott-puzzle-1000-darabos-puzzle","status":"publish","type":"product","link":"https:\/\/business.roovi.com\/hu\/cappadocia-puzzle-felnott-puzzle-1000-darabos-puzzle\/p\/","title":{"rendered":"Cappadocia Puzzle &#8211; Feln\u0151tt puzzle 1000 darabos puzzle"},"content":{"rendered":"<h4><em>\u0170zd el a siv\u00e1r napok monotonit\u00e1s\u00e1t az 1000 darabos feln\u0151tt puzzle &#8211; Kappad\u00f3kia kirak\u00f3j\u00e1t\u00e9kkal!<\/em><\/h4>\n<p>Ez a k\u00fcl\u00f6nleges kirak\u00f3s j\u00e1t\u00e9k egy vibr\u00e1l\u00f3 k\u00e9pet \u00e1br\u00e1zol, amely elvisz t\u00e9ged egy nyaral\u00e1sra t\u00f6bb tucat sz\u00ednes l\u00e9gg\u00f6mb k\u00f6z\u00f6tt, amelyek alig v\u00e1rj\u00e1k, hogy kir\u00e1ndulj a felh\u0151k\u00f6n kereszt\u00fcl.<\/p>\n<p>Az 1000 darabos puzzle &#8211; Cappadocia kir\u00e1nt a mindennapi rutinb\u00f3l \u00e9s a komfortz\u00f3n\u00e1b\u00f3l. Szellemileg kih\u00edv\u00e1st jelent, \u00e9s darabr\u00f3l darabra a b\u00e9ke \u00e9s a pihen\u00e9s \u00e9rzet\u00e9t kelti benned.<\/p>\n<p>Az 1000 darabos puzzle &#8211; Kappad\u00f3kia kiv\u00e1l\u00f3 min\u0151s\u00e9g\u0171 anyagokb\u00f3l k\u00e9sz\u00fclt, a darabok t\u00f6k\u00e9letesen illeszkednek egym\u00e1shoz, \u00e9s az \u00f6sszeszerel\u00e9s \u00e9lm\u00e9nye nagyon kellemes. Mivel eleg\u00e1nsan kialak\u00edtott dobozba csomagolt\u00e1k, b\u00e1rmilyen alkalomra aj\u00e1nd\u00e9kba adhat\u00f3 szeretteinek.<\/p>\n","protected":false},"excerpt":{"rendered":"<p>\u0170zd el a siv\u00e1r napok monotonit\u00e1s\u00e1t az 1000 darabos feln\u0151tt puzzle &#8211; Kappad\u00f3kia kirak\u00f3j\u00e1t\u00e9kkal! Ez a k\u00fcl\u00f6nleges kirak\u00f3s j\u00e1t\u00e9k egy<\/p>\n","protected":false},"featured_media":56313,"template":"","meta":[],"product_brand":[],"product_cat":[1920,1919,1881],"product_tag":[],"class_list":{"0":"post-56417","1":"product","2":"type-product","3":"status-publish","4":"has-post-thumbnail","6":"product_cat-1000-darabos-kirakos-jatek","7":"product_cat-felnott-kirakos-jatekok","8":"product_cat-kirakos-jatekok","9":"pa_brand-d_toys-hu","10":"pa_country_of_manufacture-ro-hu","11":"pa_filter_age-14-2-hu","12":"pa_painter-hires-helyek","13":"pa_tip_ambalaj-doboz","14":"pa_tip_puzzle-klasszikus","16":"first","17":"instock","18":"taxable","19":"shipping-taxable","20":"product-type-simple"},"yoast_head":"<!-- This site is optimized with the Yoast SEO plugin v20.1 - https:\/\/yoast.com\/wordpress\/plugins\/seo\/ -->\n<title>Cappadocia Puzzle - Feln\u0151tt puzzle 1000 darabos puzzle<\/title>\n<meta name=\"description\" content=\"Cappadocia Puzzle - Feln\u0151tt puzzle 1000 darabos puzzle\" \/>\n<meta name=\"robots\" content=\"index, follow, max-snippet:-1, max-image-preview:large, max-video-preview:-1\" \/>\n<link rel=\"canonical\" href=\"https:\/\/business.roovi.com\/hu\/cappadocia-puzzle-felnott-puzzle-1000-darabos-puzzle\/p\/\" \/>\n<meta property=\"og:locale\" content=\"hu_HU\" \/>\n<meta property=\"og:type\" content=\"article\" \/>\n<meta property=\"og:title\" content=\"Cappadocia Puzzle - Feln\u0151tt puzzle 1000 darabos puzzle\" \/>\n<meta property=\"og:description\" content=\"Cappadocia Puzzle - Feln\u0151tt puzzle 1000 darabos puzzle\" \/>\n<meta property=\"og:url\" content=\"https:\/\/business.roovi.com\/hu\/cappadocia-puzzle-felnott-puzzle-1000-darabos-puzzle\/p\/\" \/>\n<meta property=\"og:site_name\" content=\"Roovi B2B\" \/>\n<meta property=\"article:publisher\" content=\"https:\/\/www.facebook.com\/wwwjucariero\" \/>\n<meta property=\"article:modified_time\" content=\"2022-08-29T08:56:37+00:00\" \/>\n<meta property=\"og:image\" content=\"https:\/\/business.roovi.com\/wp-content\/uploads\/2022\/08\/01_MAIN-19.jpg\" \/>\n\t<meta property=\"og:image:width\" content=\"1200\" \/>\n\t<meta property=\"og:image:height\" content=\"1200\" \/>\n\t<meta property=\"og:image:type\" content=\"image\/jpeg\" \/>\n<meta name=\"twitter:label1\" content=\"Becs\u00fclt olvas\u00e1si id\u0151\" \/>\n\t<meta name=\"twitter:data1\" content=\"1 perc\" \/>\n<script type=\"application\/ld+json\" class=\"yoast-schema-graph\">{\"@context\":\"https:\/\/schema.org\",\"@graph\":[{\"@type\":\"WebPage\",\"@id\":\"https:\/\/business.roovi.com\/hu\/cappadocia-puzzle-felnott-puzzle-1000-darabos-puzzle\/p\/\",\"url\":\"https:\/\/business.roovi.com\/hu\/cappadocia-puzzle-felnott-puzzle-1000-darabos-puzzle\/p\/\",\"name\":\"Cappadocia Puzzle - Feln\u0151tt puzzle 1000 darabos puzzle\",\"isPartOf\":{\"@id\":\"https:\/\/business.roovi.com\/hu\/#website\"},\"datePublished\":\"2022-06-14T14:42:46+00:00\",\"dateModified\":\"2022-08-29T08:56:37+00:00\",\"description\":\"Cappadocia Puzzle - Feln\u0151tt puzzle 1000 darabos puzzle\",\"breadcrumb\":{\"@id\":\"https:\/\/business.roovi.com\/hu\/cappadocia-puzzle-felnott-puzzle-1000-darabos-puzzle\/p\/#breadcrumb\"},\"inLanguage\":\"hu\",\"potentialAction\":[{\"@type\":\"ReadAction\",\"target\":[\"https:\/\/business.roovi.com\/hu\/cappadocia-puzzle-felnott-puzzle-1000-darabos-puzzle\/p\/\"]}]},{\"@type\":\"BreadcrumbList\",\"@id\":\"https:\/\/business.roovi.com\/hu\/cappadocia-puzzle-felnott-puzzle-1000-darabos-puzzle\/p\/#breadcrumb\",\"itemListElement\":[{\"@type\":\"ListItem\",\"position\":1,\"name\":\"Home\",\"item\":\"https:\/\/business.roovi.com\/hu\/\"},{\"@type\":\"ListItem\",\"position\":2,\"name\":\"Shop\",\"item\":\"https:\/\/business.roovi.com\/hu\/shop\/\"},{\"@type\":\"ListItem\",\"position\":3,\"name\":\"Cappadocia Puzzle &#8211; Feln\u0151tt puzzle 1000 darabos puzzle\"}]},{\"@type\":\"WebSite\",\"@id\":\"https:\/\/business.roovi.com\/hu\/#website\",\"url\":\"https:\/\/business.roovi.com\/hu\/\",\"name\":\"Roovi B2B\",\"description\":\"Roovi Business Website\",\"potentialAction\":[{\"@type\":\"SearchAction\",\"target\":{\"@type\":\"EntryPoint\",\"urlTemplate\":\"https:\/\/business.roovi.com\/hu\/?s={search_term_string}\"},\"query-input\":\"required name=search_term_string\"}],\"inLanguage\":\"hu\"}]}<\/script>\n<!-- \/ Yoast SEO plugin. -->","yoast_head_json":{"title":"Cappadocia Puzzle - Feln\u0151tt puzzle 1000 darabos puzzle","description":"Cappadocia Puzzle - Feln\u0151tt puzzle 1000 darabos puzzle","robots":{"index":"index","follow":"follow","max-snippet":"max-snippet:-1","max-image-preview":"max-image-preview:large","max-video-preview":"max-video-preview:-1"},"canonical":"https:\/\/business.roovi.com\/hu\/cappadocia-puzzle-felnott-puzzle-1000-darabos-puzzle\/p\/","og_locale":"hu_HU","og_type":"article","og_title":"Cappadocia Puzzle - Feln\u0151tt puzzle 1000 darabos puzzle","og_description":"Cappadocia Puzzle - Feln\u0151tt puzzle 1000 darabos puzzle","og_url":"https:\/\/business.roovi.com\/hu\/cappadocia-puzzle-felnott-puzzle-1000-darabos-puzzle\/p\/","og_site_name":"Roovi B2B","article_publisher":"https:\/\/www.facebook.com\/wwwjucariero","article_modified_time":"2022-08-29T08:56:37+00:00","og_image":[{"width":1200,"height":1200,"url":"https:\/\/business.roovi.com\/wp-content\/uploads\/2022\/08\/01_MAIN-19.jpg","type":"image\/jpeg"}],"twitter_misc":{"Becs\u00fclt olvas\u00e1si id\u0151":"1 perc"},"schema":{"@context":"https:\/\/schema.org","@graph":[{"@type":"WebPage","@id":"https:\/\/business.roovi.com\/hu\/cappadocia-puzzle-felnott-puzzle-1000-darabos-puzzle\/p\/","url":"https:\/\/business.roovi.com\/hu\/cappadocia-puzzle-felnott-puzzle-1000-darabos-puzzle\/p\/","name":"Cappadocia Puzzle - Feln\u0151tt puzzle 1000 darabos puzzle","isPartOf":{"@id":"https:\/\/business.roovi.com\/hu\/#website"},"datePublished":"2022-06-14T14:42:46+00:00","dateModified":"2022-08-29T08:56:37+00:00","description":"Cappadocia Puzzle - Feln\u0151tt puzzle 1000 darabos puzzle","breadcrumb":{"@id":"https:\/\/business.roovi.com\/hu\/cappadocia-puzzle-felnott-puzzle-1000-darabos-puzzle\/p\/#breadcrumb"},"inLanguage":"hu","potentialAction":[{"@type":"ReadAction","target":["https:\/\/business.roovi.com\/hu\/cappadocia-puzzle-felnott-puzzle-1000-darabos-puzzle\/p\/"]}]},{"@type":"BreadcrumbList","@id":"https:\/\/business.roovi.com\/hu\/cappadocia-puzzle-felnott-puzzle-1000-darabos-puzzle\/p\/#breadcrumb","itemListElement":[{"@type":"ListItem","position":1,"name":"Home","item":"https:\/\/business.roovi.com\/hu\/"},{"@type":"ListItem","position":2,"name":"Shop","item":"https:\/\/business.roovi.com\/hu\/shop\/"},{"@type":"ListItem","position":3,"name":"Cappadocia Puzzle &#8211; Feln\u0151tt puzzle 1000 darabos puzzle"}]},{"@type":"WebSite","@id":"https:\/\/business.roovi.com\/hu\/#website","url":"https:\/\/business.roovi.com\/hu\/","name":"Roovi B2B","description":"Roovi Business Website","potentialAction":[{"@type":"SearchAction","target":{"@type":"EntryPoint","urlTemplate":"https:\/\/business.roovi.com\/hu\/?s={search_term_string}"},"query-input":"required name=search_term_string"}],"inLanguage":"hu"}]}},"_links":{"self":[{"href":"https:\/\/business.roovi.com\/hu\/wp-json\/wp\/v2\/product\/56417","targetHints":{"allow":["GET"]}}],"collection":[{"href":"https:\/\/business.roovi.com\/hu\/wp-json\/wp\/v2\/product"}],"about":[{"href":"https:\/\/business.roovi.com\/hu\/wp-json\/wp\/v2\/types\/product"}],"version-history":[{"count":0,"href":"https:\/\/business.roovi.com\/hu\/wp-json\/wp\/v2\/product\/56417\/revisions"}],"wp:featuredmedia":[{"embeddable":true,"href":"https:\/\/business.roovi.com\/hu\/wp-json\/wp\/v2\/media\/56313"}],"wp:attachment":[{"href":"https:\/\/business.roovi.com\/hu\/wp-json\/wp\/v2\/media?parent=56417"}],"wp:term":[{"taxonomy":"product_brand","embeddable":true,"href":"https:\/\/business.roovi.com\/hu\/wp-json\/wp\/v2\/product_brand?post=56417"},{"taxonomy":"product_cat","embeddable":true,"href":"https:\/\/business.roovi.com\/hu\/wp-json\/wp\/v2\/product_cat?post=56417"},{"taxonomy":"product_tag","embeddable":true,"href":"https:\/\/business.roovi.com\/hu\/wp-json\/wp\/v2\/product_tag?post=56417"}],"curies":[{"name":"wp","href":"https:\/\/api.w.org\/{rel}","templated":true}]}}