{"id":56425,"date":"2022-06-14T14:41:29","date_gmt":"2022-06-14T14:41:29","guid":{"rendered":"https:\/\/business.roovi.com\/puzzle-adulti-1000-piese-mount-fuji\/p\/"},"modified":"2022-08-29T08:56:34","modified_gmt":"2022-08-29T08:56:34","slug":"mount-fuji-puzzle-felnott-puzzle-1000-darab","status":"publish","type":"product","link":"https:\/\/business.roovi.com\/hu\/mount-fuji-puzzle-felnott-puzzle-1000-darab\/p\/","title":{"rendered":"Mount Fuji Puzzle &#8211; Feln\u0151tt puzzle 1000 darab"},"content":{"rendered":"<h4><em>Tudta, hogy a m\u00faltban a n\u0151knek tilos volt megm\u00e1szni a Fudzsi-hegyet? Vagy hogy a jap\u00e1nok szent helynek tartj\u00e1k, amellyel az orsz\u00e1got meg\u00e1ldotta az istens\u00e9g? <\/em><\/h4>\n<p>Az 1000 darabos puzzle &#8211; Mount Fuji \u00f6sszehozza a csal\u00e1dot \u00e9s a bar\u00e1tokat, \u00e9s a pihen\u00e9s \u00e9s a mes\u00e9l\u00e9s pillanatait k\u00edn\u00e1lja.<\/p>\n<p>A szeretteinkkel val\u00f3 kapcsolat pillanatai felbecs\u00fclhetetlenek. Azok a pillanatok, amikor egy\u00fctt keresitek a megfelel\u0151 darabokat, a k\u00e9p fokozatos \u00fajrateremt\u00e9se, \u00f6sszefon\u00f3dva a hely var\u00e1zslat\u00e1nak t\u00f6rt\u00e9net\u00e9vel, val\u00f3j\u00e1ban azok, amelyek \u00f6sszek\u00f6tik \u00e9s meger\u0151s\u00edtik a kapcsolatotokat.<\/p>\n<p>V\u00e1lassza teh\u00e1t az 1000 darabos puzzle-t &#8211; Mount Fuji \u00e9s \u00e9p\u00edtsen felejthetetlen eml\u00e9keket szeretteivel.<\/p>\n<p>Ez a nagy odafigyel\u00e9ssel k\u00e9sz\u00edtett, egyedi, prec\u00edzi\u00f3s v\u00e1g\u00e1s\u00fa, t\u00f6k\u00e9letesen illeszked\u0151 darabokkal ell\u00e1tott kirak\u00f3s j\u00e1t\u00e9k t\u00f6k\u00e9letes aj\u00e1nd\u00e9k lehet k\u00fcl\u00f6nb\u00f6z\u0151 \u00fcnnepi alkalmakra.<\/p>\n","protected":false},"excerpt":{"rendered":"<p>Tudta, hogy a m\u00faltban a n\u0151knek tilos volt megm\u00e1szni a Fudzsi-hegyet? Vagy hogy a jap\u00e1nok szent helynek tartj\u00e1k, amellyel az<\/p>\n","protected":false},"featured_media":56350,"template":"","meta":[],"product_brand":[],"product_cat":[1920,1919,1881],"product_tag":[],"class_list":{"0":"post-56425","1":"product","2":"type-product","3":"status-publish","4":"has-post-thumbnail","6":"product_cat-1000-darabos-kirakos-jatek","7":"product_cat-felnott-kirakos-jatekok","8":"product_cat-kirakos-jatekok","9":"pa_brand-d_toys-hu","10":"pa_country_of_manufacture-ro-hu","11":"pa_filter_age-14-2-hu","12":"pa_painter-hires-helyek","13":"pa_tip_ambalaj-doboz","14":"pa_tip_puzzle-klasszikus","16":"first","17":"instock","18":"taxable","19":"shipping-taxable","20":"product-type-simple"},"yoast_head":"<!-- This site is optimized with the Yoast SEO plugin v20.1 - https:\/\/yoast.com\/wordpress\/plugins\/seo\/ -->\n<title>Mount Fuji Puzzle - Feln\u0151tt puzzle 1000 darab<\/title>\n<meta name=\"description\" content=\"Mount Fuji Puzzle - Feln\u0151tt puzzle 1000 darab\" \/>\n<meta name=\"robots\" content=\"index, follow, max-snippet:-1, max-image-preview:large, max-video-preview:-1\" \/>\n<link rel=\"canonical\" href=\"https:\/\/business.roovi.com\/hu\/mount-fuji-puzzle-felnott-puzzle-1000-darab\/p\/\" \/>\n<meta property=\"og:locale\" content=\"hu_HU\" \/>\n<meta property=\"og:type\" content=\"article\" \/>\n<meta property=\"og:title\" content=\"Mount Fuji Puzzle - Feln\u0151tt puzzle 1000 darab\" \/>\n<meta property=\"og:description\" content=\"Mount Fuji Puzzle - Feln\u0151tt puzzle 1000 darab\" \/>\n<meta property=\"og:url\" content=\"https:\/\/business.roovi.com\/hu\/mount-fuji-puzzle-felnott-puzzle-1000-darab\/p\/\" \/>\n<meta property=\"og:site_name\" content=\"Roovi B2B\" \/>\n<meta property=\"article:publisher\" content=\"https:\/\/www.facebook.com\/wwwjucariero\" \/>\n<meta property=\"article:modified_time\" content=\"2022-08-29T08:56:34+00:00\" \/>\n<meta property=\"og:image\" content=\"https:\/\/business.roovi.com\/wp-content\/uploads\/2022\/08\/01_MAIN-18.jpg\" \/>\n\t<meta property=\"og:image:width\" content=\"1200\" \/>\n\t<meta property=\"og:image:height\" content=\"1200\" \/>\n\t<meta property=\"og:image:type\" content=\"image\/jpeg\" \/>\n<meta name=\"twitter:label1\" content=\"Becs\u00fclt olvas\u00e1si id\u0151\" \/>\n\t<meta name=\"twitter:data1\" content=\"1 perc\" \/>\n<script type=\"application\/ld+json\" class=\"yoast-schema-graph\">{\"@context\":\"https:\/\/schema.org\",\"@graph\":[{\"@type\":\"WebPage\",\"@id\":\"https:\/\/business.roovi.com\/hu\/mount-fuji-puzzle-felnott-puzzle-1000-darab\/p\/\",\"url\":\"https:\/\/business.roovi.com\/hu\/mount-fuji-puzzle-felnott-puzzle-1000-darab\/p\/\",\"name\":\"Mount Fuji Puzzle - Feln\u0151tt puzzle 1000 darab\",\"isPartOf\":{\"@id\":\"https:\/\/business.roovi.com\/hu\/#website\"},\"datePublished\":\"2022-06-14T14:41:29+00:00\",\"dateModified\":\"2022-08-29T08:56:34+00:00\",\"description\":\"Mount Fuji Puzzle - Feln\u0151tt puzzle 1000 darab\",\"breadcrumb\":{\"@id\":\"https:\/\/business.roovi.com\/hu\/mount-fuji-puzzle-felnott-puzzle-1000-darab\/p\/#breadcrumb\"},\"inLanguage\":\"hu\",\"potentialAction\":[{\"@type\":\"ReadAction\",\"target\":[\"https:\/\/business.roovi.com\/hu\/mount-fuji-puzzle-felnott-puzzle-1000-darab\/p\/\"]}]},{\"@type\":\"BreadcrumbList\",\"@id\":\"https:\/\/business.roovi.com\/hu\/mount-fuji-puzzle-felnott-puzzle-1000-darab\/p\/#breadcrumb\",\"itemListElement\":[{\"@type\":\"ListItem\",\"position\":1,\"name\":\"Home\",\"item\":\"https:\/\/business.roovi.com\/hu\/\"},{\"@type\":\"ListItem\",\"position\":2,\"name\":\"Shop\",\"item\":\"https:\/\/business.roovi.com\/hu\/shop\/\"},{\"@type\":\"ListItem\",\"position\":3,\"name\":\"Mount Fuji Puzzle &#8211; Feln\u0151tt puzzle 1000 darab\"}]},{\"@type\":\"WebSite\",\"@id\":\"https:\/\/business.roovi.com\/hu\/#website\",\"url\":\"https:\/\/business.roovi.com\/hu\/\",\"name\":\"Roovi B2B\",\"description\":\"Roovi Business Website\",\"potentialAction\":[{\"@type\":\"SearchAction\",\"target\":{\"@type\":\"EntryPoint\",\"urlTemplate\":\"https:\/\/business.roovi.com\/hu\/?s={search_term_string}\"},\"query-input\":\"required name=search_term_string\"}],\"inLanguage\":\"hu\"}]}<\/script>\n<!-- \/ Yoast SEO plugin. -->","yoast_head_json":{"title":"Mount Fuji Puzzle - Feln\u0151tt puzzle 1000 darab","description":"Mount Fuji Puzzle - Feln\u0151tt puzzle 1000 darab","robots":{"index":"index","follow":"follow","max-snippet":"max-snippet:-1","max-image-preview":"max-image-preview:large","max-video-preview":"max-video-preview:-1"},"canonical":"https:\/\/business.roovi.com\/hu\/mount-fuji-puzzle-felnott-puzzle-1000-darab\/p\/","og_locale":"hu_HU","og_type":"article","og_title":"Mount Fuji Puzzle - Feln\u0151tt puzzle 1000 darab","og_description":"Mount Fuji Puzzle - Feln\u0151tt puzzle 1000 darab","og_url":"https:\/\/business.roovi.com\/hu\/mount-fuji-puzzle-felnott-puzzle-1000-darab\/p\/","og_site_name":"Roovi B2B","article_publisher":"https:\/\/www.facebook.com\/wwwjucariero","article_modified_time":"2022-08-29T08:56:34+00:00","og_image":[{"width":1200,"height":1200,"url":"https:\/\/business.roovi.com\/wp-content\/uploads\/2022\/08\/01_MAIN-18.jpg","type":"image\/jpeg"}],"twitter_misc":{"Becs\u00fclt olvas\u00e1si id\u0151":"1 perc"},"schema":{"@context":"https:\/\/schema.org","@graph":[{"@type":"WebPage","@id":"https:\/\/business.roovi.com\/hu\/mount-fuji-puzzle-felnott-puzzle-1000-darab\/p\/","url":"https:\/\/business.roovi.com\/hu\/mount-fuji-puzzle-felnott-puzzle-1000-darab\/p\/","name":"Mount Fuji Puzzle - Feln\u0151tt puzzle 1000 darab","isPartOf":{"@id":"https:\/\/business.roovi.com\/hu\/#website"},"datePublished":"2022-06-14T14:41:29+00:00","dateModified":"2022-08-29T08:56:34+00:00","description":"Mount Fuji Puzzle - Feln\u0151tt puzzle 1000 darab","breadcrumb":{"@id":"https:\/\/business.roovi.com\/hu\/mount-fuji-puzzle-felnott-puzzle-1000-darab\/p\/#breadcrumb"},"inLanguage":"hu","potentialAction":[{"@type":"ReadAction","target":["https:\/\/business.roovi.com\/hu\/mount-fuji-puzzle-felnott-puzzle-1000-darab\/p\/"]}]},{"@type":"BreadcrumbList","@id":"https:\/\/business.roovi.com\/hu\/mount-fuji-puzzle-felnott-puzzle-1000-darab\/p\/#breadcrumb","itemListElement":[{"@type":"ListItem","position":1,"name":"Home","item":"https:\/\/business.roovi.com\/hu\/"},{"@type":"ListItem","position":2,"name":"Shop","item":"https:\/\/business.roovi.com\/hu\/shop\/"},{"@type":"ListItem","position":3,"name":"Mount Fuji Puzzle &#8211; Feln\u0151tt puzzle 1000 darab"}]},{"@type":"WebSite","@id":"https:\/\/business.roovi.com\/hu\/#website","url":"https:\/\/business.roovi.com\/hu\/","name":"Roovi B2B","description":"Roovi Business Website","potentialAction":[{"@type":"SearchAction","target":{"@type":"EntryPoint","urlTemplate":"https:\/\/business.roovi.com\/hu\/?s={search_term_string}"},"query-input":"required name=search_term_string"}],"inLanguage":"hu"}]}},"_links":{"self":[{"href":"https:\/\/business.roovi.com\/hu\/wp-json\/wp\/v2\/product\/56425","targetHints":{"allow":["GET"]}}],"collection":[{"href":"https:\/\/business.roovi.com\/hu\/wp-json\/wp\/v2\/product"}],"about":[{"href":"https:\/\/business.roovi.com\/hu\/wp-json\/wp\/v2\/types\/product"}],"version-history":[{"count":0,"href":"https:\/\/business.roovi.com\/hu\/wp-json\/wp\/v2\/product\/56425\/revisions"}],"wp:featuredmedia":[{"embeddable":true,"href":"https:\/\/business.roovi.com\/hu\/wp-json\/wp\/v2\/media\/56350"}],"wp:attachment":[{"href":"https:\/\/business.roovi.com\/hu\/wp-json\/wp\/v2\/media?parent=56425"}],"wp:term":[{"taxonomy":"product_brand","embeddable":true,"href":"https:\/\/business.roovi.com\/hu\/wp-json\/wp\/v2\/product_brand?post=56425"},{"taxonomy":"product_cat","embeddable":true,"href":"https:\/\/business.roovi.com\/hu\/wp-json\/wp\/v2\/product_cat?post=56425"},{"taxonomy":"product_tag","embeddable":true,"href":"https:\/\/business.roovi.com\/hu\/wp-json\/wp\/v2\/product_tag?post=56425"}],"curies":[{"name":"wp","href":"https:\/\/api.w.org\/{rel}","templated":true}]}}