{"id":56836,"date":"2022-06-14T15:03:06","date_gmt":"2022-06-14T15:03:06","guid":{"rendered":"https:\/\/business.roovi.com\/puzzle-adulti-1000-piese-glamorous\/p\/"},"modified":"2022-08-25T10:55:50","modified_gmt":"2022-08-25T10:55:50","slug":"glamorous-puzzle-felnottek-1000-darab","status":"publish","type":"product","link":"https:\/\/business.roovi.com\/hu\/glamorous-puzzle-felnottek-1000-darab\/p\/","title":{"rendered":"Glamorous Puzzle &#8211; Feln\u0151ttek 1000 darab"},"content":{"rendered":"<h4><em>1000 darabos puzzle &#8211; A Glamorous a n\u0151iess\u00e9get, az eleganci\u00e1t \u00e9s a n\u0151i energi\u00e1t \u00fcnnepli.<\/em><\/h4>\n<p>Sz\u00e1njon n\u00e9h\u00e1ny \u00f3r\u00e1t mag\u00e1ra, \u00e9s \u00e9lvezze a test\u00e9t \u00e9s elm\u00e9j\u00e9t pihentet\u0151 szabadid\u0151s tev\u00e9kenys\u00e9get. Vagy haszn\u00e1lja ki ezt a csillog\u00f3 kirak\u00f3st, \u00e9s t\u00f6lts\u00f6n el n\u00e9h\u00e1ny vid\u00e1m \u00f3r\u00e1t a bar\u00e1tn\u0151ivel.<\/p>\n<p>A ROOVI minden egyes puzzle kiv\u00e1l\u00f3 min\u0151s\u00e9g\u0171 anyagokb\u00f3l k\u00e9sz\u00fcl, a darabok t\u00f6k\u00e9letesen illeszkednek egym\u00e1shoz \u00e9s t\u00f6bbsz\u00f6ri haszn\u00e1latot is kib\u00edrnak. \u00cdgy bekeretezheti a Glamorous Puzzle 1000 darabot, \u00e9s b\u00e1jos d\u00edszt\u00e1rgyat hozhat l\u00e9tre. Vagy visszateheted a darabokat a dobozba, \u00e9s b\u00e1rmikor visszat\u00e9rhetsz hozz\u00e1juk, amikor \u00fagy \u00e9rzed, hogy kreat\u00edv kih\u00edv\u00e1st szeretn\u00e9l.<\/p>\n<p>Az 1000 darabos puzzle &#8211; Glamorous egy er\u0151s, kiv\u00e1l\u00f3 min\u0151s\u00e9g\u0171 kartondobozban van csomagolva, \u00e9s t\u00f6k\u00e9letes aj\u00e1nd\u00e9k lehet egy tizen\u00e9ves l\u00e1nynak vagy b\u00e1rmelyik puzzle-rajong\u00f3nak.<\/p>\n","protected":false},"excerpt":{"rendered":"<p>1000 darabos puzzle &#8211; A Glamorous a n\u0151iess\u00e9get, az eleganci\u00e1t \u00e9s a n\u0151i energi\u00e1t \u00fcnnepli. Sz\u00e1njon n\u00e9h\u00e1ny \u00f3r\u00e1t mag\u00e1ra, \u00e9s<\/p>\n","protected":false},"featured_media":56490,"template":"","meta":[],"product_brand":[],"product_cat":[1920,1919,1881],"product_tag":[],"class_list":{"0":"post-56836","1":"product","2":"type-product","3":"status-publish","4":"has-post-thumbnail","6":"product_cat-1000-darabos-kirakos-jatek","7":"product_cat-felnott-kirakos-jatekok","8":"product_cat-kirakos-jatekok","9":"pa_brand-d_toys-hu","10":"pa_country_of_manufacture-ro-hu","11":"pa_filter_age-14-2-hu","12":"pa_painter-high-difficulty-hu","13":"pa_tip_ambalaj-doboz","14":"pa_tip_puzzle-klasszikus","16":"first","17":"instock","18":"taxable","19":"shipping-taxable","20":"product-type-simple"},"yoast_head":"<!-- This site is optimized with the Yoast SEO plugin v20.1 - https:\/\/yoast.com\/wordpress\/plugins\/seo\/ -->\n<title>Glamorous Puzzle - Feln\u0151ttek 1000 darab<\/title>\n<meta name=\"description\" content=\"Glamorous Puzzle - Feln\u0151ttek 1000 darab\" \/>\n<meta name=\"robots\" content=\"index, follow, max-snippet:-1, max-image-preview:large, max-video-preview:-1\" \/>\n<link rel=\"canonical\" href=\"https:\/\/business.roovi.com\/hu\/glamorous-puzzle-felnottek-1000-darab\/p\/\" \/>\n<meta property=\"og:locale\" content=\"hu_HU\" \/>\n<meta property=\"og:type\" content=\"article\" \/>\n<meta property=\"og:title\" content=\"Glamorous Puzzle - Feln\u0151ttek 1000 darab\" \/>\n<meta property=\"og:description\" content=\"Glamorous Puzzle - Feln\u0151ttek 1000 darab\" \/>\n<meta property=\"og:url\" content=\"https:\/\/business.roovi.com\/hu\/glamorous-puzzle-felnottek-1000-darab\/p\/\" \/>\n<meta property=\"og:site_name\" content=\"Roovi B2B\" \/>\n<meta property=\"article:publisher\" content=\"https:\/\/www.facebook.com\/wwwjucariero\" \/>\n<meta property=\"article:modified_time\" content=\"2022-08-25T10:55:50+00:00\" \/>\n<meta property=\"og:image\" content=\"https:\/\/business.roovi.com\/wp-content\/uploads\/2022\/08\/01_MAIN-17.jpg\" \/>\n\t<meta property=\"og:image:width\" content=\"1200\" \/>\n\t<meta property=\"og:image:height\" content=\"1200\" \/>\n\t<meta property=\"og:image:type\" content=\"image\/jpeg\" \/>\n<meta name=\"twitter:label1\" content=\"Becs\u00fclt olvas\u00e1si id\u0151\" \/>\n\t<meta name=\"twitter:data1\" content=\"1 perc\" \/>\n<script type=\"application\/ld+json\" class=\"yoast-schema-graph\">{\"@context\":\"https:\/\/schema.org\",\"@graph\":[{\"@type\":\"WebPage\",\"@id\":\"https:\/\/business.roovi.com\/hu\/glamorous-puzzle-felnottek-1000-darab\/p\/\",\"url\":\"https:\/\/business.roovi.com\/hu\/glamorous-puzzle-felnottek-1000-darab\/p\/\",\"name\":\"Glamorous Puzzle - Feln\u0151ttek 1000 darab\",\"isPartOf\":{\"@id\":\"https:\/\/business.roovi.com\/hu\/#website\"},\"datePublished\":\"2022-06-14T15:03:06+00:00\",\"dateModified\":\"2022-08-25T10:55:50+00:00\",\"description\":\"Glamorous Puzzle - Feln\u0151ttek 1000 darab\",\"breadcrumb\":{\"@id\":\"https:\/\/business.roovi.com\/hu\/glamorous-puzzle-felnottek-1000-darab\/p\/#breadcrumb\"},\"inLanguage\":\"hu\",\"potentialAction\":[{\"@type\":\"ReadAction\",\"target\":[\"https:\/\/business.roovi.com\/hu\/glamorous-puzzle-felnottek-1000-darab\/p\/\"]}]},{\"@type\":\"BreadcrumbList\",\"@id\":\"https:\/\/business.roovi.com\/hu\/glamorous-puzzle-felnottek-1000-darab\/p\/#breadcrumb\",\"itemListElement\":[{\"@type\":\"ListItem\",\"position\":1,\"name\":\"Home\",\"item\":\"https:\/\/business.roovi.com\/hu\/\"},{\"@type\":\"ListItem\",\"position\":2,\"name\":\"Shop\",\"item\":\"https:\/\/business.roovi.com\/hu\/shop\/\"},{\"@type\":\"ListItem\",\"position\":3,\"name\":\"Glamorous Puzzle &#8211; Feln\u0151ttek 1000 darab\"}]},{\"@type\":\"WebSite\",\"@id\":\"https:\/\/business.roovi.com\/hu\/#website\",\"url\":\"https:\/\/business.roovi.com\/hu\/\",\"name\":\"Roovi B2B\",\"description\":\"Roovi Business Website\",\"potentialAction\":[{\"@type\":\"SearchAction\",\"target\":{\"@type\":\"EntryPoint\",\"urlTemplate\":\"https:\/\/business.roovi.com\/hu\/?s={search_term_string}\"},\"query-input\":\"required name=search_term_string\"}],\"inLanguage\":\"hu\"}]}<\/script>\n<!-- \/ Yoast SEO plugin. -->","yoast_head_json":{"title":"Glamorous Puzzle - Feln\u0151ttek 1000 darab","description":"Glamorous Puzzle - Feln\u0151ttek 1000 darab","robots":{"index":"index","follow":"follow","max-snippet":"max-snippet:-1","max-image-preview":"max-image-preview:large","max-video-preview":"max-video-preview:-1"},"canonical":"https:\/\/business.roovi.com\/hu\/glamorous-puzzle-felnottek-1000-darab\/p\/","og_locale":"hu_HU","og_type":"article","og_title":"Glamorous Puzzle - Feln\u0151ttek 1000 darab","og_description":"Glamorous Puzzle - Feln\u0151ttek 1000 darab","og_url":"https:\/\/business.roovi.com\/hu\/glamorous-puzzle-felnottek-1000-darab\/p\/","og_site_name":"Roovi B2B","article_publisher":"https:\/\/www.facebook.com\/wwwjucariero","article_modified_time":"2022-08-25T10:55:50+00:00","og_image":[{"width":1200,"height":1200,"url":"https:\/\/business.roovi.com\/wp-content\/uploads\/2022\/08\/01_MAIN-17.jpg","type":"image\/jpeg"}],"twitter_misc":{"Becs\u00fclt olvas\u00e1si id\u0151":"1 perc"},"schema":{"@context":"https:\/\/schema.org","@graph":[{"@type":"WebPage","@id":"https:\/\/business.roovi.com\/hu\/glamorous-puzzle-felnottek-1000-darab\/p\/","url":"https:\/\/business.roovi.com\/hu\/glamorous-puzzle-felnottek-1000-darab\/p\/","name":"Glamorous Puzzle - Feln\u0151ttek 1000 darab","isPartOf":{"@id":"https:\/\/business.roovi.com\/hu\/#website"},"datePublished":"2022-06-14T15:03:06+00:00","dateModified":"2022-08-25T10:55:50+00:00","description":"Glamorous Puzzle - Feln\u0151ttek 1000 darab","breadcrumb":{"@id":"https:\/\/business.roovi.com\/hu\/glamorous-puzzle-felnottek-1000-darab\/p\/#breadcrumb"},"inLanguage":"hu","potentialAction":[{"@type":"ReadAction","target":["https:\/\/business.roovi.com\/hu\/glamorous-puzzle-felnottek-1000-darab\/p\/"]}]},{"@type":"BreadcrumbList","@id":"https:\/\/business.roovi.com\/hu\/glamorous-puzzle-felnottek-1000-darab\/p\/#breadcrumb","itemListElement":[{"@type":"ListItem","position":1,"name":"Home","item":"https:\/\/business.roovi.com\/hu\/"},{"@type":"ListItem","position":2,"name":"Shop","item":"https:\/\/business.roovi.com\/hu\/shop\/"},{"@type":"ListItem","position":3,"name":"Glamorous Puzzle &#8211; Feln\u0151ttek 1000 darab"}]},{"@type":"WebSite","@id":"https:\/\/business.roovi.com\/hu\/#website","url":"https:\/\/business.roovi.com\/hu\/","name":"Roovi B2B","description":"Roovi Business Website","potentialAction":[{"@type":"SearchAction","target":{"@type":"EntryPoint","urlTemplate":"https:\/\/business.roovi.com\/hu\/?s={search_term_string}"},"query-input":"required name=search_term_string"}],"inLanguage":"hu"}]}},"_links":{"self":[{"href":"https:\/\/business.roovi.com\/hu\/wp-json\/wp\/v2\/product\/56836","targetHints":{"allow":["GET"]}}],"collection":[{"href":"https:\/\/business.roovi.com\/hu\/wp-json\/wp\/v2\/product"}],"about":[{"href":"https:\/\/business.roovi.com\/hu\/wp-json\/wp\/v2\/types\/product"}],"version-history":[{"count":0,"href":"https:\/\/business.roovi.com\/hu\/wp-json\/wp\/v2\/product\/56836\/revisions"}],"wp:featuredmedia":[{"embeddable":true,"href":"https:\/\/business.roovi.com\/hu\/wp-json\/wp\/v2\/media\/56490"}],"wp:attachment":[{"href":"https:\/\/business.roovi.com\/hu\/wp-json\/wp\/v2\/media?parent=56836"}],"wp:term":[{"taxonomy":"product_brand","embeddable":true,"href":"https:\/\/business.roovi.com\/hu\/wp-json\/wp\/v2\/product_brand?post=56836"},{"taxonomy":"product_cat","embeddable":true,"href":"https:\/\/business.roovi.com\/hu\/wp-json\/wp\/v2\/product_cat?post=56836"},{"taxonomy":"product_tag","embeddable":true,"href":"https:\/\/business.roovi.com\/hu\/wp-json\/wp\/v2\/product_tag?post=56836"}],"curies":[{"name":"wp","href":"https:\/\/api.w.org\/{rel}","templated":true}]}}